{"id":39,"date":"2022-08-25T02:35:43","date_gmt":"2022-08-24T18:35:43","guid":{"rendered":"https:\/\/bestpeanutmachine.com\/?post_type=product&#038;p=39"},"modified":"2025-11-05T17:15:59","modified_gmt":"2025-11-05T09:15:59","slug":"peanut-shelling-machine","status":"publish","type":"product","link":"https:\/\/bestpeanutmachine.com\/fr\/product\/peanut-shelling-machine\/","title":{"rendered":"Machine \u00e0 d\u00e9cortiquer les arachides"},"content":{"rendered":"<p class=\"translation-block\">Notre <strong>Machine de D\u00e9corticage de Cacahu\u00e8tes<\/strong> offre un traitement \u00e0 haute efficacit\u00e9 de 200 \u00e0 800 kg par heure, garantissant un d\u00e9pelliculage de cacahu\u00e8tes fiable et automatis\u00e9. Fabriqu\u00e9e en acier inoxydable, elle assure durabilit\u00e9, r\u00e9sistance \u00e0 la corrosion et fonctionnement stable.<\/p>    <p>Adapt\u00e9e \u00e0 la production \u00e0 petite et grande \u00e9chelle, elle peut fonctionner de mani\u00e8re autonome ou s'int\u00e9grer dans des lignes de fabrication de beurre de cacahu\u00e8te et de torr\u00e9faction.<\/p>    <p>La machine maintient une haute int\u00e9grit\u00e9 du noyau, rendant les cacahu\u00e8tes id\u00e9ales pour la fabrication de beurre, de bonbons, d'huile et de p\u00e2tisserie, tandis que les coquilles peuvent \u00eatre r\u00e9utilis\u00e9es comme combustible biomasse, soutenant une \u00e9conomie z\u00e9ro d\u00e9chet.<\/p>    <p>Choisissez-nous pour l'efficacit\u00e9, la fiabilit\u00e9 et la durabilit\u00e9 !<\/p>    <figure class=\"wp-block-embed is-type-video is-provider-youtube wp-block-embed-youtube wp-embed-aspect-16-9 wp-has-aspect-ratio\"><div class=\"wp-block-embed__wrapper\"> <iframe loading=\"lazy\" title=\"Rationalisez votre processus : Comment utiliser la machine \u00e0 d\u00e9cortiquer les cacahu\u00e8tes #agriculture #farming #peanut #groundnut\" width=\"500\" height=\"281\" src=\"https:\/\/www.youtube.com\/embed\/3OmrrTGSkqc?start=2&#038;feature=oembed\" frameborder=\"0\" allow=\"accelerometer; autoplay; clipboard-write; encrypted-media; gyroscope; picture-in-picture; web-share\" referrerpolicy=\"strict-origin-when-cross-origin\" allowfullscreen><\/iframe> <\/div><figcaption class=\"wp-element-caption\">Vid\u00e9o de travail de la machine \u00e0 bardeaux d'arachide<\/figcaption><\/figure>    <h2 class=\"wp-block-heading\">Machine de bombardement d'arachide \u00e0 vendre<\/h2>    <p>La s\u00e9rie de d\u00e9cortiqueuses d'arachides comprend quatre mod\u00e8les\u00a0: TBH200, TBH400, TBH800 et 6BHD-800D. Chaque mod\u00e8le est compatible avec les moteurs \u00e9lectriques, \u00e0 essence ou diesel, garantissant ainsi son ad\u00e9quation aux exploitations agricoles de toutes tailles.<\/p>    <h3 class=\"wp-block-heading\"><strong>TBH200: Siceller d'arachide d'entr\u00e9e de gamme efficace<\/strong><\/h3>    <div class=\"wp-block-media-text is-stacked-on-mobile\"><figure class=\"wp-block-media-text__media\"><img loading=\"lazy\" decoding=\"async\" width=\"720\" height=\"540\" src=\"https:\/\/bestpeanutmachine.com\/wp-content\/uploads\/2022\/08\/TBH200-peanut-shelling-machine.webp\" alt=\"D\u00e9cortiqueuse d&#039;arachides TBH200\" class=\"wp-image-215 size-full\" srcset=\"https:\/\/bestpeanutmachine.com\/wp-content\/uploads\/2022\/08\/TBH200-peanut-shelling-machine.webp 720w, https:\/\/bestpeanutmachine.com\/wp-content\/uploads\/2022\/08\/TBH200-peanut-shelling-machine-300x225.webp 300w, https:\/\/bestpeanutmachine.com\/wp-content\/uploads\/2022\/08\/TBH200-peanut-shelling-machine-16x12.webp 16w\" sizes=\"auto, (max-width: 720px) 100vw, 720px\" \/><\/figure><div class=\"wp-block-media-text__content\"> <ul class=\"wp-block-list\"> <li><strong>Mod\u00e8le d'entr\u00e9e de gamme TBH200.<\/strong> Con\u00e7u pour une \u00e9limination efficace des coquilles d'arachide. <\/li>    <li><strong>Productivit\u00e9 am\u00e9lior\u00e9e.<\/strong> Am\u00e9liore l'efficacit\u00e9 op\u00e9rationnelle. <\/li>    <li><strong>Id\u00e9al pour les fermes petites et moyennes.<\/strong> Fournit une solution de bombardement fiable et facile \u00e0 utiliser.<\/li> <\/ul> <\/div><\/div>    <h3 class=\"wp-block-heading\"><strong>TBH400: Siceller d'arachide de milieu de milieu efficace<\/strong><\/h3>    <div class=\"wp-block-media-text has-media-on-the-right is-stacked-on-mobile\"><div class=\"wp-block-media-text__content\"> <ul class=\"wp-block-list\"> <li><strong>Mod\u00e8le de milieu de gamme TBH400.<\/strong> Mise \u00e0 niveau de TBH200 avec des fonctionnalit\u00e9s am\u00e9lior\u00e9es. <\/li>    <li><strong>\u00c9cran suppl\u00e9mentaire.<\/strong> Am\u00e9liore la capacit\u00e9 de tamisage pour une meilleure efficacit\u00e9 de bombardement. <\/li>    <li><strong>Performances fiables.<\/strong> Assure des op\u00e9rations de bombardements efficaces et coh\u00e9rentes.<\/li> <\/ul> <\/div><figure class=\"wp-block-media-text__media\"><img loading=\"lazy\" decoding=\"async\" width=\"720\" height=\"540\" src=\"https:\/\/bestpeanutmachine.com\/wp-content\/uploads\/2022\/08\/TBH400-groundnut-sheller.webp\" alt=\"D\u00e9cortiqueuse d&#039;arachides TBH400\" class=\"wp-image-216 size-full\" srcset=\"https:\/\/bestpeanutmachine.com\/wp-content\/uploads\/2022\/08\/TBH400-groundnut-sheller.webp 720w, https:\/\/bestpeanutmachine.com\/wp-content\/uploads\/2022\/08\/TBH400-groundnut-sheller-300x225.webp 300w, https:\/\/bestpeanutmachine.com\/wp-content\/uploads\/2022\/08\/TBH400-groundnut-sheller-16x12.webp 16w\" sizes=\"auto, (max-width: 720px) 100vw, 720px\" \/><\/figure><\/div>    <h3 class=\"wp-block-heading\"><strong>TBH800: Sheller d'arachide haute performance pour la production \u00e0 grande \u00e9chelle<\/strong><\/h3>    <div class=\"wp-block-media-text is-stacked-on-mobile\"><figure class=\"wp-block-media-text__media\"><img loading=\"lazy\" decoding=\"async\" width=\"720\" height=\"540\" src=\"https:\/\/bestpeanutmachine.com\/wp-content\/uploads\/2022\/08\/TBH800-peanut-shelling-machine.webp\" alt=\"D\u00e9cortiqueuse d&#039;arachide TBH800\" class=\"wp-image-217 size-full\" srcset=\"https:\/\/bestpeanutmachine.com\/wp-content\/uploads\/2022\/08\/TBH800-peanut-shelling-machine.webp 720w, https:\/\/bestpeanutmachine.com\/wp-content\/uploads\/2022\/08\/TBH800-peanut-shelling-machine-300x225.webp 300w, https:\/\/bestpeanutmachine.com\/wp-content\/uploads\/2022\/08\/TBH800-peanut-shelling-machine-16x12.webp 16w\" sizes=\"auto, (max-width: 720px) 100vw, 720px\" \/><\/figure><div class=\"wp-block-media-text__content\"> <ul class=\"wp-block-list\"> <li><strong>Mod\u00e8le haut de gamme TBH800.<\/strong> Le sheller d'arachide le plus avanc\u00e9 de notre s\u00e9rie. <\/li>    <li><strong>Fonction de bombardement secondaire.<\/strong> Am\u00e9liore l'efficacit\u00e9 et la sortie du bombardement. <\/li>    <li><strong>Double \u00e9crans et bacs d'alimentation.<\/strong> Am\u00e9liore la capacit\u00e9 de traitement et la pr\u00e9cision. <\/li>    <li><strong>Id\u00e9al pour les fermes et industries \u00e0 grande \u00e9chelle.<\/strong> Con\u00e7u pour le traitement des arachides \u00e0 volume \u00e9lev\u00e9. <\/li>    <li><strong>Performance sup\u00e9rieure.<\/strong> Assure une efficacit\u00e9 maximale pour les op\u00e9rations \u00e9tendues.<\/li> <\/ul> <\/div><\/div>    <h3 class=\"wp-block-heading\"><strong>6 ch-800D: Siceller d'arachide polyvalent et efficace<\/strong><\/h3>    <div class=\"wp-block-media-text has-media-on-the-right is-stacked-on-mobile\"><div class=\"wp-block-media-text__content\"> <ul class=\"wp-block-list\"> <li><strong>Mod\u00e8le multifonctionnel 6 ch-800D.<\/strong> Sheller d'arachide polyvalente avec des capacit\u00e9s am\u00e9lior\u00e9es. <\/li>    <li><strong>Conception modable.<\/strong> Peut \u00eatre \u00e9quip\u00e9 d'un cadre et de gros pneus pour une meilleure stabilit\u00e9 et mobilit\u00e9. <\/li>    <li><strong>Adaptable pour diverses applications.<\/strong> Convient \u00e0 diff\u00e9rents sc\u00e9narios de bombardement. <\/li>    <li><strong>Performance efficace.<\/strong> Offre une solution de bombardement fiable et \u00e0 haut d\u00e9bit.<\/li> <\/ul> <\/div><figure class=\"wp-block-media-text__media\"><img loading=\"lazy\" decoding=\"async\" width=\"720\" height=\"540\" src=\"https:\/\/bestpeanutmachine.com\/wp-content\/uploads\/2022\/08\/groudnut-shell-removing-machine.webp\" alt=\"machine \u00e0 enlever les coquilles d&#039;arachide\" class=\"wp-image-218 size-full\" srcset=\"https:\/\/bestpeanutmachine.com\/wp-content\/uploads\/2022\/08\/groudnut-shell-removing-machine.webp 720w, https:\/\/bestpeanutmachine.com\/wp-content\/uploads\/2022\/08\/groudnut-shell-removing-machine-300x225.webp 300w, https:\/\/bestpeanutmachine.com\/wp-content\/uploads\/2022\/08\/groudnut-shell-removing-machine-16x12.webp 16w\" sizes=\"auto, (max-width: 720px) 100vw, 720px\" \/><\/figure><\/div>    <h2 class=\"wp-block-heading\" id=\"h-how-does-peanut-shelling-machine-work\">Comment fonctionne la d\u00e9cortiqueuse de cacahu\u00e8tes\u00a0?<\/h2>    <p class=\"translation-block\">La machine \u00e0 d\u00e9cortiquer les cacahu\u00e8tes fonctionne \u00e0 travers un <strong>processus automatis\u00e9 en quatre \u00e9tapes<\/strong> con\u00e7u pour maximiser l'efficacit\u00e9 et la pr\u00e9cision du d\u00e9corticage tout en minimisant les dommages aux graines. Voici une r\u00e9partition \u00e9tape par \u00e9tape :<\/p>    <div class=\"wp-block-media-text is-stacked-on-mobile\"><figure class=\"wp-block-media-text__media\"><img loading=\"lazy\" decoding=\"async\" width=\"720\" height=\"540\" src=\"https:\/\/bestpeanutmachine.com\/wp-content\/uploads\/2022\/08\/groundnut-sheller-factory.jpg\" alt=\"usine de d\u00e9corticage d&#039;arachides\" class=\"wp-image-69 size-full\" srcset=\"https:\/\/bestpeanutmachine.com\/wp-content\/uploads\/2022\/08\/groundnut-sheller-factory.jpg 720w, https:\/\/bestpeanutmachine.com\/wp-content\/uploads\/2022\/08\/groundnut-sheller-factory-300x225.jpg 300w\" sizes=\"auto, (max-width: 720px) 100vw, 720px\" \/><\/figure><div class=\"wp-block-media-text__content\"> <p class=\"translation-block\"><strong>D\u00e9corticage avec tambour \u00e0 grille grossi\u00e8re-fine<\/strong><\/p>    <ul class=\"wp-block-list\"> <li>Les arachides sont introduites dans le tambour rotatif \u00e9quip\u00e9 de<strong>Bars de classement grossi\u00e8res<\/strong>&nbsp;et un<strong>Surface intaglio fixe<\/strong>.<\/li>    <li>Le frottement roulant entre les barres et la surface \u00e9clate les coquilles sans \u00e9craser les noyaux.<\/li> <\/ul>    <p class=\"translation-block\"><strong>S\u00e9paration coque-grain par flux d'air<\/strong><\/p>    <ul class=\"wp-block-list\"> <li>Le m\u00e9lange fissur\u00e9 de coquilles et de noyaux tombe \u00e0 travers la grille du tambour dans un conduit.<\/li>    <li>Un<strong>ventilateur \u00e0 grande vitesse<\/strong>&nbsp;Blows Shells Lightweight Outward pour la collection, tandis que les grains plus lourds passent \u00e0 l'\u00e9tape suivante.<\/li> <\/ul> <\/div><\/div>    <div class=\"wp-block-media-text has-media-on-the-right is-stacked-on-mobile\"><div class=\"wp-block-media-text__content\"> <p class=\"translation-block\"><strong>Purification par gravit\u00e9<\/strong><\/p>    <ul class=\"wp-block-list\"> <li>Le m\u00e9lange restant entre un<strong>s\u00e9parateur de gravit\u00e9<\/strong>.<\/li>    <li>\u200b<strong>Noyaux complets<\/strong>&nbsp;(plus dense) sont soulev\u00e9s vers le haut jusqu'\u00e0 la sortie de d\u00e9charge pour un emballage imm\u00e9diat ou un traitement ult\u00e9rieur.<\/li>    <li>\u200b<strong>Peanu\u00e8tes non coch\u00e9es ou partiellement d\u00e9cortiqu\u00e9es<\/strong>&nbsp;(plus l\u00e9ger) tombe vers le bas dans un ascenseur pour le retour.<\/li> <\/ul>    <p class=\"translation-block\"><strong>Re-d\u00e9corticage en boucle ferm\u00e9e<\/strong><\/p>    <ul class=\"wp-block-list\"> <li>L'ascenseur transporte des arachides sous-correct\u00e9es vers le<strong>tambour de grille fin<\/strong>&nbsp;pour une ronde secondaire de d\u00e9hulling.<\/li>    <li>Ce cycle se r\u00e9p\u00e8te jusqu'\u00e0<strong>98% + Efficacit\u00e9 de bombardement<\/strong>&nbsp;est atteint, assurant des d\u00e9chets minimaux.<\/li> <\/ul> <\/div><figure class=\"wp-block-media-text__media\"><img loading=\"lazy\" decoding=\"async\" width=\"720\" height=\"540\" src=\"https:\/\/bestpeanutmachine.com\/wp-content\/uploads\/2022\/08\/peanut-skin-remover.webp\" alt=\"dissolvant de peau d&#039;arachide\" class=\"wp-image-220 size-full\" srcset=\"https:\/\/bestpeanutmachine.com\/wp-content\/uploads\/2022\/08\/peanut-skin-remover.webp 720w, https:\/\/bestpeanutmachine.com\/wp-content\/uploads\/2022\/08\/peanut-skin-remover-300x225.webp 300w, https:\/\/bestpeanutmachine.com\/wp-content\/uploads\/2022\/08\/peanut-skin-remover-16x12.webp 16w\" sizes=\"auto, (max-width: 720px) 100vw, 720px\" \/><\/figure><\/div>    <p>Id\u00e9al pour les fermes commerciales et les usines de transformation, cette machine transforme les arachides brutes en noyaux de haute qualit\u00e9 avec une vitesse et une fiabilit\u00e9 in\u00e9gal\u00e9es.<\/p>    <h2 class=\"wp-block-heading\" id=\"h-features-of-peanut-sheller-machine\">Caract\u00e9ristiques de la machine \u00e0 d\u00e9cortiquer les cacahu\u00e8tes<\/h2>    <div class=\"wp-block-media-text is-stacked-on-mobile\"><figure class=\"wp-block-media-text__media\"><img loading=\"lazy\" decoding=\"async\" width=\"720\" height=\"540\" src=\"https:\/\/bestpeanutmachine.com\/wp-content\/uploads\/2022\/08\/peanut-sheller-machine.jpg\" alt=\"d\u00e9cortiqueuse d&#039;arachide\" class=\"wp-image-68 size-full\" srcset=\"https:\/\/bestpeanutmachine.com\/wp-content\/uploads\/2022\/08\/peanut-sheller-machine.jpg 720w, https:\/\/bestpeanutmachine.com\/wp-content\/uploads\/2022\/08\/peanut-sheller-machine-300x225.jpg 300w\" sizes=\"auto, (max-width: 720px) 100vw, 720px\" \/><\/figure><div class=\"wp-block-media-text__content\"> <ul class=\"wp-block-list\"> <li><strong>Rentable et haute performance.<\/strong> Le sheller d'arachide combine l'abordabilit\u00e9 avec une excellente qualit\u00e9 et une efficacit\u00e9 exceptionnelle, garantissant une grande valeur pour votre investissement. <\/li>    <li><strong>Conception conviviale.<\/strong> Avec sa structure simple et sa conception bien pens\u00e9e, la machine est facile \u00e0 utiliser et \u00e0 maintenir, ce qui le rend id\u00e9al pour les d\u00e9butants et les utilisateurs exp\u00e9riment\u00e9s. <\/li>    <li><strong>Compact et \u00e9conomique d'espace.<\/strong> La petite taille de la machine lui permet de s'adapter dans des espaces serr\u00e9s, parfaits pour une utilisation domestique et des configurations de production plus petites.<\/li> <\/ul> <\/div><\/div>    <div class=\"wp-block-media-text has-media-on-the-right is-stacked-on-mobile\"><div class=\"wp-block-media-text__content\"> <ul class=\"wp-block-list\"> <li><strong>Efficacit\u00e9 de coque exceptionnelle.<\/strong> Avec un taux de d\u00e9clenchement d\u00e9passant 98%, cette machine garantit des r\u00e9sultats de haute qualit\u00e9 et une sortie maximis\u00e9e. <\/li>    <li><strong>Plusieurs options d'alimentation.<\/strong> Que vous pr\u00e9f\u00e9riez un moteur \u00e9lectrique, un moteur diesel ou un moteur \u00e0 essence, nous proposons une gamme d'options d'alimentation en fonction de vos besoins op\u00e9rationnels. <\/li>    <li><strong>Personnalisation disponible.<\/strong> Nous offrons des services de personnalisation robustes pour adapter la machine \u00e0 vos besoins sp\u00e9cifiques, garantissant des performances optimales pour vos exigences de production uniques.<\/li> <\/ul> <\/div><figure class=\"wp-block-media-text__media\"><img loading=\"lazy\" decoding=\"async\" width=\"720\" height=\"540\" src=\"https:\/\/bestpeanutmachine.com\/wp-content\/uploads\/2022\/08\/groundnut-shell-removing-machine.webp\" alt=\"machine \u00e0 enlever les coques d&#039;arachide\" class=\"wp-image-219 size-full\" srcset=\"https:\/\/bestpeanutmachine.com\/wp-content\/uploads\/2022\/08\/groundnut-shell-removing-machine.webp 720w, https:\/\/bestpeanutmachine.com\/wp-content\/uploads\/2022\/08\/groundnut-shell-removing-machine-300x225.webp 300w, https:\/\/bestpeanutmachine.com\/wp-content\/uploads\/2022\/08\/groundnut-shell-removing-machine-16x12.webp 16w\" sizes=\"auto, (max-width: 720px) 100vw, 720px\" \/><\/figure><\/div>    <h2 class=\"wp-block-heading\" id=\"h-parameters-of-taizy-peanut-shelling-machine\">Param\u00e8tres de la barbe \u00e0 arachide<\/h2>    <figure class=\"wp-block-table\"><table><tbody><tr><td>Mod\u00e8le<\/td><td>Capacit\u00e9<\/td><td>Pouvoir<\/td><td>Poids<\/td><td>Taille<\/td><\/tr><tr><td>TBH-200<\/td><td>200kg\/h<\/td><td>Moteur 2,2 kW, moteur essence 170F, moteur diesel 6 ch<\/td><td>40 kg<\/td><td>650*560*1000mm<\/td><\/tr><tr><td>TBH-400<\/td><td>300-400kg\/heure<\/td><td>Moteur 3kW, moteur essence 170F, moteur diesel 8hp<\/td><td>\/<\/td><td>\/<\/td><\/tr><tr><td>TBH-800<\/td><td>600-800 kg\/heure<\/td><td>Moteur 3kW OU moteur essence 170F, moteur diesel 8hp<\/td><td>160 kg<\/td><td>1330*750*1570mm<\/td><\/tr><tr><td>6BHD-800B<\/td><td>600-800 kg\/heure<\/td><td>Moteur 2,2-3,0 kW<\/td><td>160 kg<\/td><td>1330*750*1570mm<\/td><\/tr><\/tbody><\/table><figcaption class=\"wp-element-caption\">param\u00e8tres de la machine \u00e0 d\u00e9cortiquer les arachides<\/figcaption><\/figure>    <h2 class=\"wp-block-heading\" id=\"h-what-is-the-best-way-to-shell-peanuts\">Structure de la machine \u00e0 enlever les coquilles d'arachide<\/h2>    <figure class=\"wp-block-image size-full\"><img loading=\"lazy\" decoding=\"async\" width=\"720\" height=\"540\" src=\"https:\/\/bestpeanutmachine.com\/wp-content\/uploads\/2022\/08\/peanut-sheller-machine-structure.webp\" alt=\"structure de la machine \u00e0 d\u00e9cortiquer les arachides\" class=\"wp-image-221\" srcset=\"https:\/\/bestpeanutmachine.com\/wp-content\/uploads\/2022\/08\/peanut-sheller-machine-structure.webp 720w, https:\/\/bestpeanutmachine.com\/wp-content\/uploads\/2022\/08\/peanut-sheller-machine-structure-300x225.webp 300w, https:\/\/bestpeanutmachine.com\/wp-content\/uploads\/2022\/08\/peanut-sheller-machine-structure-16x12.webp 16w\" sizes=\"auto, (max-width: 720px) 100vw, 720px\" \/><figcaption class=\"wp-element-caption\">structure de la machine \u00e0 d\u00e9cortiquer les arachides<\/figcaption><\/figure>    <h2 class=\"wp-block-heading\">Contactez-nous<\/h2>    <p class=\"translation-block\">Notre <strong>machine \u00e0 d\u00e9cortiquer les cacahu\u00e8tes<\/strong> garantit une haute efficacit\u00e9, un taux de d\u00e9corticage \u00e9lev\u00e9 et des dommages minimaux aux graines, ce qui en fait un excellent choix pour les entreprises de <a href=\"https:\/\/en.wikipedia.org\/wiki\/Peanut\" data-type=\"link\" data-id=\"https:\/\/en.wikipedia.org\/wiki\/Peanut\" target=\"_blank\" rel=\"noopener\">traitement des cacahu\u00e8tes<\/a>. Con\u00e7ue pour la durabilit\u00e9 et la facilit\u00e9 d'utilisation, cette machine am\u00e9liore la productivit\u00e9 tout en maintenant la qualit\u00e9 des cacahu\u00e8tes d\u00e9cortiqu\u00e9es. <\/p>    <p class=\"translation-block\">En plus des d\u00e9cortiqueuses de cacahu\u00e8tes, nous proposons \u00e9galement une large gamme de <strong>machines de traitement des cacahu\u00e8tes<\/strong>, y compris des <a href=\"https:\/\/bestpeanutmachine.com\/fr\/product\/peanut-butter-production-line\/\" data-type=\"link\" data-id=\"https:\/\/bestpeanutmachine.com\/product\/peanut-butter-production-line\/\">machines \u00e0 beurre de cacahu\u00e8te<\/a>, des <a href=\"https:\/\/bestpeanutmachine.com\/fr\/product\/peanut-roasting-machine\/\" data-type=\"link\" data-id=\"https:\/\/bestpeanutmachine.com\/product\/peanut-roasting-machine\/\">machines \u00e0 torr\u00e9fier les cacahu\u00e8tes<\/a>, et des <a href=\"https:\/\/bestpeanutmachine.com\/fr\/product\/peanut-oil-extraction-machine\/\" data-type=\"link\" data-id=\"https:\/\/bestpeanutmachine.com\/product\/peanut-oil-extraction-machine\/\">machines \u00e0 presser l'huile de cacahu\u00e8te<\/a>. Contactez-nous aujourd'hui pour plus de d\u00e9tails et un devis personnalis\u00e9 !<\/p>","protected":false},"excerpt":{"rendered":"<p>Notre machine \u00e0 bardeaux d'arachide offre un traitement \u00e0 haute efficacit\u00e9 de 200 \u00e0 800 kg par heure, assurant un d\u00e9hulling aux arachides fiable et automatis\u00e9.<\/p>","protected":false},"author":1,"featured_media":67,"parent":0,"template":"","tags":[8],"product-type":[6,69],"class_list":["post-39","product","type-product","status-publish","has-post-thumbnail","hentry","tag-peanut-processing-machine","product-type-product","product-type-peanut-machine"],"_links":{"self":[{"href":"https:\/\/bestpeanutmachine.com\/fr\/wp-json\/wp\/v2\/product\/39","targetHints":{"allow":["GET"]}}],"collection":[{"href":"https:\/\/bestpeanutmachine.com\/fr\/wp-json\/wp\/v2\/product"}],"about":[{"href":"https:\/\/bestpeanutmachine.com\/fr\/wp-json\/wp\/v2\/types\/product"}],"author":[{"embeddable":true,"href":"https:\/\/bestpeanutmachine.com\/fr\/wp-json\/wp\/v2\/users\/1"}],"wp:featuredmedia":[{"embeddable":true,"href":"https:\/\/bestpeanutmachine.com\/fr\/wp-json\/wp\/v2\/media\/67"}],"wp:attachment":[{"href":"https:\/\/bestpeanutmachine.com\/fr\/wp-json\/wp\/v2\/media?parent=39"}],"wp:term":[{"taxonomy":"post_tag","embeddable":true,"href":"https:\/\/bestpeanutmachine.com\/fr\/wp-json\/wp\/v2\/tags?post=39"},{"taxonomy":"product-type","embeddable":true,"href":"https:\/\/bestpeanutmachine.com\/fr\/wp-json\/wp\/v2\/product-type?post=39"}],"curies":[{"name":"wp","href":"https:\/\/api.w.org\/{rel}","templated":true}]}}