{"id":403,"date":"2025-09-12T11:59:57","date_gmt":"2025-09-12T03:59:57","guid":{"rendered":"https:\/\/bestpeanutmachine.com\/?post_type=product&#038;p=403"},"modified":"2026-01-14T16:24:59","modified_gmt":"2026-01-14T08:24:59","slug":"peanut-butter-grinder-machine","status":"publish","type":"product","link":"https:\/\/bestpeanutmachine.com\/fr\/product\/peanut-butter-grinder-machine\/","title":{"rendered":"Machine \u00e0 moudre le beurre d'arachide"},"content":{"rendered":"<p class=\"translation-block\">La machine <strong>Taizy de broyage de beurre de cacahu\u00e8te<\/strong> est sp\u00e9cialement con\u00e7ue pour moudre les cacahu\u00e8tes, graines de s\u00e9same, amandes, noix de cajou et autres noix en sauces fines. Elle est \u00e9quip\u00e9e d\u2019une t\u00eate de broyage en acier inoxydable 9Cr18, ce qui permet au produit final d'avoir une texture lisse et d\u00e9licate, r\u00e9pondant parfaitement aux exigences de fabrication alimentaire de haute qualit\u00e9.<\/p>    <p>Nous proposons diff\u00e9rents mod\u00e8les avec des capacit\u00e9s de production allant de 10 \u00e0 5000 kg\/h. Que vous souhaitiez d\u00e9marrer votre propre petit atelier ou augmenter la production, nous pouvons parfaitement r\u00e9pondre \u00e0 vos besoins. La machine \u00e0 beurre de cacahu\u00e8te a \u00e9t\u00e9 vendue dans le monde entier et a contribu\u00e9 au d\u00e9veloppement de la transformation alimentaire aux Philippines, au Kenya, au Zimbabwe, en Inde et dans d\u2019autres pays.<\/p>    <figure class=\"wp-block-embed is-type-video is-provider-youtube wp-block-embed-youtube wp-embed-aspect-16-9 wp-has-aspect-ratio\"><div class=\"wp-block-embed__wrapper\"> <iframe loading=\"lazy\" title=\"\ud83e\udd5c\ud83c\udf36Machine \u00e0 Moudre des Cacahu\u00e8tes et Piments | \u00c9quipement de Mouture de Noix et \u00c9pices \u00e0 Haute Efficacit\u00e9\" width=\"500\" height=\"281\" src=\"https:\/\/www.youtube.com\/embed\/ND0DQ5Vnre0?feature=oembed\" frameborder=\"0\" allow=\"accelerometer; autoplay; clipboard-write; encrypted-media; gyroscope; picture-in-picture; web-share\" referrerpolicy=\"strict-origin-when-cross-origin\" allowfullscreen><\/iframe> <\/div><figcaption class=\"wp-element-caption\">vid\u00e9o de fonctionnement de la machine \u00e0 moudre le beurre de cacahu\u00e8te<\/figcaption><\/figure>    <h2 class=\"wp-block-heading\"><strong>Avantages de la machine \u00e0 moudre le beurre de cacahu\u00e8te<\/strong><\/h2>    <ul class=\"wp-block-list\"> <li>Nous utilisons des t\u00eates de broyage en acier inoxydable 9Cr18 avec des qualit\u00e9s de duret\u00e9 \u00e9lev\u00e9es, ce qui permet de conserver les t\u00eates tranchantes, rendant le produit plus d\u00e9licat et lisse, et facilitant un usage \u00e0 long terme et un nettoyage facile.<\/li>    <li>Les autres parties de la machine sont \u00e9galement fabriqu\u00e9es en acier inoxydable afin d\u2019\u00e9viter efficacement la rouille caus\u00e9e par l\u2019humidit\u00e9 lors du broyage, garantissant ainsi la s\u00e9curit\u00e9 alimentaire.<\/li>    <li>La conception sp\u00e9ciale de Taizy et l'utilisation de mat\u00e9riaux am\u00e9liorent la pr\u00e9cision de l'ensemble de la production, rendant l'\u00e9cart de broyage de la t\u00eate de broyage plus uniforme. Le beurre de cacahu\u00e8te produit a des particules plus fines et un meilleur go\u00fbt.<\/li>    <li>Notre machine \u00e0 grinder de beurre de cacahu\u00e8te a une large gamme d'applications. En plus de broyer des noix ordinaires, elle peut \u00e9galement produire de la sauce chili, de la confiture, de la sauce \u00e0 la viande et du lait de coco, etc.<\/li> <\/ul>   <div class=\"wp-block-image\"> <figure class=\"aligncenter size-full\"><img loading=\"lazy\" decoding=\"async\" width=\"720\" height=\"540\" src=\"https:\/\/bestpeanutmachine.com\/wp-content\/uploads\/2025\/09\/commercial-peanut-butter-machine-1.webp\" alt=\"machine \u00e0 beurre d\u2019arachide commerciale\" class=\"wp-image-828\" srcset=\"https:\/\/bestpeanutmachine.com\/wp-content\/uploads\/2025\/09\/commercial-peanut-butter-machine-1.webp 720w, https:\/\/bestpeanutmachine.com\/wp-content\/uploads\/2025\/09\/commercial-peanut-butter-machine-1-300x225.webp 300w, https:\/\/bestpeanutmachine.com\/wp-content\/uploads\/2025\/09\/commercial-peanut-butter-machine-1-16x12.webp 16w\" sizes=\"auto, (max-width: 720px) 100vw, 720px\" \/><figcaption class=\"wp-element-caption\">machine \u00e0 beurre d\u2019arachide commerciale<\/figcaption><\/figure> <\/div>   <h2 class=\"wp-block-heading\"><strong>Structure de la machine \u00e0 fabriquer le beurre de cacahu\u00e8te<\/strong><\/h2>    <p>Notre machine \u00e0 moudre le beurre de cacahu\u00e8te est un broyeur de type moulin collo\u00efdal. Ses principaux principes de fonctionnement sont le cisaillement, la vibration haute fr\u00e9quence et les forces de friction pour transformer la mati\u00e8re en p\u00e2te. Elle se compose principalement de la tr\u00e9mie, du stator et rotor(t\u00eate de broyage), du moteur et de la transmission, de la sortie de d\u00e9charge, du ch\u00e2ssis de la machine et de la coque ext\u00e9rieure.<\/p>    <ul class=\"wp-block-list\"> <li>L\u2019entonnoir est con\u00e7u en forme d'entonnoir pour un chargement plus facile. Il emp\u00eache \u00e9galement efficacement le d\u00e9versement important de mati\u00e8res pendant les op\u00e9rations.<\/li>    <li>Son composant central, la t\u00eate de broyage, est fabriqu\u00e9 en acier inoxydable haute duret\u00e9, et l\u2019\u00e9cart entre le stator et le rotor est r\u00e9glable pour contr\u00f4ler la finesse du beurre de cacahu\u00e8te.<\/li>    <li>La puissance pour entra\u00eener la t\u00eate de broyage est g\u00e9n\u00e9ralement triphas\u00e9e 380V, 50Hz. Nous proposons diff\u00e9rents mod\u00e8les avec diverses puissances de moteur, allant d'un petit mod\u00e8le de 1,5 kW \u00e0 un mod\u00e8le industriel de 90 kW.<\/li>    <li>Le bec de sortie peut \u00eatre con\u00e7u pour se connecter directement \u00e0 un r\u00e9servoir de collecte, un conteneur de stockage ou un syst\u00e8me de remplissage. Si vous avez d\u2019autre besoins personnalis\u00e9s, vous pouvez \u00e9galement nous les communiquer.<\/li>    <li>Le cadre de la machine est g\u00e9n\u00e9ralement construit en acier inoxydable 201 ou de qualit\u00e9 sup\u00e9rieure pour la durabilit\u00e9 et la s\u00e9curit\u00e9 alimentaire.<\/li> <\/ul>    <figure class=\"wp-block-gallery has-nested-images columns-2 is-cropped wp-block-gallery-2 is-layout-flex wp-block-gallery-is-layout-flex\"> <figure class=\"wp-block-image size-full\"><img loading=\"lazy\" decoding=\"async\" width=\"720\" height=\"540\" data-id=\"419\" src=\"https:\/\/bestpeanutmachine.com\/wp-content\/uploads\/2025\/09\/hooper-of-peanut-butter-machine.webp\" alt=\"entonnoir de la machine \u00e0 beurre de cacahu\u00e8te\" class=\"wp-image-419\" srcset=\"https:\/\/bestpeanutmachine.com\/wp-content\/uploads\/2025\/09\/hooper-of-peanut-butter-machine.webp 720w, https:\/\/bestpeanutmachine.com\/wp-content\/uploads\/2025\/09\/hooper-of-peanut-butter-machine-300x225.webp 300w, https:\/\/bestpeanutmachine.com\/wp-content\/uploads\/2025\/09\/hooper-of-peanut-butter-machine-16x12.webp 16w\" sizes=\"auto, (max-width: 720px) 100vw, 720px\" \/><figcaption class=\"wp-element-caption\">entonnoir de la machine \u00e0 beurre de cacahu\u00e8te<\/figcaption><\/figure>    <figure class=\"wp-block-image size-full\"><img loading=\"lazy\" decoding=\"async\" width=\"720\" height=\"540\" data-id=\"420\" src=\"https:\/\/bestpeanutmachine.com\/wp-content\/uploads\/2025\/09\/interior-structure-of-peanut-butter-grinding-machine.webp\" alt=\"structure interne de la machine \u00e0 beurre de cacahu\u00e8te\" class=\"wp-image-420\" srcset=\"https:\/\/bestpeanutmachine.com\/wp-content\/uploads\/2025\/09\/interior-structure-of-peanut-butter-grinding-machine.webp 720w, https:\/\/bestpeanutmachine.com\/wp-content\/uploads\/2025\/09\/interior-structure-of-peanut-butter-grinding-machine-300x225.webp 300w, https:\/\/bestpeanutmachine.com\/wp-content\/uploads\/2025\/09\/interior-structure-of-peanut-butter-grinding-machine-16x12.webp 16w\" sizes=\"auto, (max-width: 720px) 100vw, 720px\" \/><figcaption class=\"wp-element-caption\">structure interne de la machine \u00e0 beurre de cacahu\u00e8te<\/figcaption><\/figure>    <figure class=\"wp-block-image size-full\"><img loading=\"lazy\" decoding=\"async\" width=\"720\" height=\"540\" data-id=\"421\" src=\"https:\/\/bestpeanutmachine.com\/wp-content\/uploads\/2025\/09\/electric-motor-of-nut-butter-machine.webp\" alt=\"moteur \u00e9lectrique de la machine \u00e0 beurre de noix\" class=\"wp-image-421\" srcset=\"https:\/\/bestpeanutmachine.com\/wp-content\/uploads\/2025\/09\/electric-motor-of-nut-butter-machine.webp 720w, https:\/\/bestpeanutmachine.com\/wp-content\/uploads\/2025\/09\/electric-motor-of-nut-butter-machine-300x225.webp 300w, https:\/\/bestpeanutmachine.com\/wp-content\/uploads\/2025\/09\/electric-motor-of-nut-butter-machine-16x12.webp 16w\" sizes=\"auto, (max-width: 720px) 100vw, 720px\" \/><figcaption class=\"wp-element-caption\">moteur \u00e9lectrique de la machine \u00e0 beurre de noix<\/figcaption><\/figure>    <figure class=\"wp-block-image size-full\"><img loading=\"lazy\" decoding=\"async\" width=\"720\" height=\"540\" data-id=\"422\" src=\"https:\/\/bestpeanutmachine.com\/wp-content\/uploads\/2025\/09\/peanut-butter-making-machine-1.webp\" alt=\"machine de fabrication de beurre de cacahu\u00e8te\" class=\"wp-image-422\" srcset=\"https:\/\/bestpeanutmachine.com\/wp-content\/uploads\/2025\/09\/peanut-butter-making-machine-1.webp 720w, https:\/\/bestpeanutmachine.com\/wp-content\/uploads\/2025\/09\/peanut-butter-making-machine-1-300x225.webp 300w, https:\/\/bestpeanutmachine.com\/wp-content\/uploads\/2025\/09\/peanut-butter-making-machine-1-16x12.webp 16w\" sizes=\"auto, (max-width: 720px) 100vw, 720px\" \/><figcaption class=\"wp-element-caption\">machine de fabrication de beurre de cacahu\u00e8te<\/figcaption><\/figure> <\/figure>    <h2 class=\"wp-block-heading\"><strong>Param\u00e8tres d\u00e9taill\u00e9s de la machine \u00e0 fabriquer le beurre de cacahu\u00e8te<\/strong><\/h2>    <p>Nous proposons une vari\u00e9t\u00e9 de mod\u00e8les parmi lesquels choisir, et si vous avez des exigences particuli\u00e8res, nous pouvons \u00e9galement fournir un service de personnalisation.<\/p>    <figure class=\"wp-block-table\"><table><tbody><tr><td>Mod\u00e8le<\/td><td class=\"has-text-align-center\" data-align=\"center\">Tension<\/td><td class=\"has-text-align-center\" data-align=\"center\">Pouvoir<\/td><td class=\"has-text-align-center\" data-align=\"center\">Capacit\u00e9<\/td><td class=\"has-text-align-center\" data-align=\"center\">Poids<\/td><td class=\"has-text-align-center\" data-align=\"center\">Dimension<\/td><\/tr><tr><td>TZ-50<\/td><td class=\"has-text-align-center\" data-align=\"center\">380V\/50Hz<\/td><td class=\"has-text-align-center\" data-align=\"center\">1.5KW<\/td><td class=\"has-text-align-center\" data-align=\"center\">10\u201330Kg\/h<\/td><td class=\"has-text-align-center\" data-align=\"center\">65kg<\/td><td class=\"has-text-align-center\" data-align=\"center\">610*400*700mm<\/td><\/tr><tr><td>TZ-80<\/td><td class=\"has-text-align-center\" data-align=\"center\">380V\/50Hz<\/td><td class=\"has-text-align-center\" data-align=\"center\">4KW<\/td><td class=\"has-text-align-center\" data-align=\"center\">50\u2013100Kg\/h<\/td><td class=\"has-text-align-center\" data-align=\"center\">170kg<\/td><td class=\"has-text-align-center\" data-align=\"center\">850*450*930mm<\/td><\/tr><tr><td>TZ-110<\/td><td class=\"has-text-align-center\" data-align=\"center\">380V\/50Hz<\/td><td class=\"has-text-align-center\" data-align=\"center\">7.5KW<\/td><td class=\"has-text-align-center\" data-align=\"center\">100\u2013200Kg\/h<\/td><td class=\"has-text-align-center\" data-align=\"center\">220 kg<\/td><td class=\"has-text-align-center\" data-align=\"center\">850*450*1050mm<\/td><\/tr><tr><td>TZ-130<\/td><td class=\"has-text-align-center\" data-align=\"center\">380V\/50Hz<\/td><td class=\"has-text-align-center\" data-align=\"center\">11KW<\/td><td class=\"has-text-align-center\" data-align=\"center\">200\u2013300Kg\/h<\/td><td class=\"has-text-align-center\" data-align=\"center\">350kg<\/td><td class=\"has-text-align-center\" data-align=\"center\">100*500*1100mm<\/td><\/tr><tr><td>TZ-180<\/td><td class=\"has-text-align-center\" data-align=\"center\">380V\/50Hz<\/td><td class=\"has-text-align-center\" data-align=\"center\">18.5KW<\/td><td class=\"has-text-align-center\" data-align=\"center\">500\u2013800Kg\/h<\/td><td class=\"has-text-align-center\" data-align=\"center\">440kg<\/td><td class=\"has-text-align-center\" data-align=\"center\">610*400*700mm<\/td><\/tr><tr><td>TZ-220<\/td><td class=\"has-text-align-center\" data-align=\"center\">380V\/50Hz<\/td><td class=\"has-text-align-center\" data-align=\"center\">30KW<\/td><td class=\"has-text-align-center\" data-align=\"center\">600\u2013900Kg\/h<\/td><td class=\"has-text-align-center\" data-align=\"center\">580kg<\/td><td class=\"has-text-align-center\" data-align=\"center\">610*400*700mm<\/td><\/tr><tr><td>TZ-240<\/td><td class=\"has-text-align-center\" data-align=\"center\">380V\/50Hz<\/td><td class=\"has-text-align-center\" data-align=\"center\">37\/45KW<\/td><td class=\"has-text-align-center\" data-align=\"center\">1000-1500Kg\/h<\/td><td class=\"has-text-align-center\" data-align=\"center\">800kg<\/td><td class=\"has-text-align-center\" data-align=\"center\">610*400*700mm<\/td><\/tr><tr><td>TZ-300<\/td><td class=\"has-text-align-center\" data-align=\"center\">380V\/50Hz<\/td><td class=\"has-text-align-center\" data-align=\"center\">75\/90KW<\/td><td class=\"has-text-align-center\" data-align=\"center\">3000\u20135000Kg\/h<\/td><td class=\"has-text-align-center\" data-align=\"center\">1200kg<\/td><td class=\"has-text-align-center\" data-align=\"center\">610*400*700mm<\/td><\/tr><\/tbody><\/table><figcaption class=\"wp-element-caption\">param\u00e8tres de la machine \u00e0 broyer le beurre de cacahu\u00e8te<\/figcaption><\/figure>   <div class=\"wp-block-image\"> <figure class=\"aligncenter size-full\"><img loading=\"lazy\" decoding=\"async\" width=\"720\" height=\"540\" src=\"https:\/\/bestpeanutmachine.com\/wp-content\/uploads\/2025\/09\/industrial-peanut-butter-making-machine.webp\" alt=\"machine de fabrication de beurre de cacahu\u00e8te\" class=\"wp-image-423\" srcset=\"https:\/\/bestpeanutmachine.com\/wp-content\/uploads\/2025\/09\/industrial-peanut-butter-making-machine.webp 720w, https:\/\/bestpeanutmachine.com\/wp-content\/uploads\/2025\/09\/industrial-peanut-butter-making-machine-300x225.webp 300w, https:\/\/bestpeanutmachine.com\/wp-content\/uploads\/2025\/09\/industrial-peanut-butter-making-machine-16x12.webp 16w\" sizes=\"auto, (max-width: 720px) 100vw, 720px\" \/><figcaption class=\"wp-element-caption\">machine de fabrication de beurre de cacahu\u00e8te<\/figcaption><\/figure> <\/div>   <h2 class=\"wp-block-heading\"><strong>Application de la machine \u00e0 moudre le beurre de noix<\/strong><\/h2>    <p>La machine Taizy de broyage de beurre de cacahu\u00e8te est largement utilis\u00e9e dans les usines alimentaires. La machine commerciale \u00e0 beurre de cacahu\u00e8te est la plus utilis\u00e9e dans la production de beurres de noix\u00a0: beurre de cacahu\u00e8te, beurre d\u2019amande, beurre de cajou, beurre de noisette et beurre de pistache.<\/p>    <p>Cependant, certaines usines de fabrication de confitures l'utilisent pour moudre du ketchup et d'autres confitures de fruits. Nous avons \u00e9galement des clients poss\u00e9dant une entreprise d'assaisonnement, utilisant ces machines pour moudre de la pur\u00e9e d'avocat, pur\u00e9e d\u2019oignon, p\u00e2te de piment, p\u00e2te d'ail, p\u00e2te de gingembre et p\u00e2te de moutarde.<\/p>   <div class=\"wp-block-image\"> <figure class=\"aligncenter size-full\"><img loading=\"lazy\" decoding=\"async\" width=\"720\" height=\"540\" src=\"https:\/\/bestpeanutmachine.com\/wp-content\/uploads\/2025\/09\/applications-of-peanut-butter-grinding-machine.webp\" alt=\"applications de la machine \u00e0 beurre de cacahu\u00e8te\" class=\"wp-image-424\" srcset=\"https:\/\/bestpeanutmachine.com\/wp-content\/uploads\/2025\/09\/applications-of-peanut-butter-grinding-machine.webp 720w, https:\/\/bestpeanutmachine.com\/wp-content\/uploads\/2025\/09\/applications-of-peanut-butter-grinding-machine-300x225.webp 300w, https:\/\/bestpeanutmachine.com\/wp-content\/uploads\/2025\/09\/applications-of-peanut-butter-grinding-machine-16x12.webp 16w\" sizes=\"auto, (max-width: 720px) 100vw, 720px\" \/><figcaption class=\"wp-element-caption\">applications de la machine \u00e0 beurre de cacahu\u00e8te<\/figcaption><\/figure> <\/div>   <h2 class=\"wp-block-heading\"><strong>Prix de la machine \u00e0 beurre de cacahu\u00e8te<\/strong><\/h2>    <p>Le prix des broyeurs \u00e0 beurre de cacahu\u00e8te fluctue consid\u00e9rablement, avec de petits mod\u00e8les co\u00fbtant seulement quelques centaines de dollars, tandis que les mod\u00e8les industriels peuvent co\u00fbter des milliers de dollars. Le prix indiqu\u00e9 ici inclut les frais d'emballage et d'exp\u00e9dition. Si vous avez besoin d'accessoires suppl\u00e9mentaires, ils doivent \u00eatre personnalis\u00e9s par l'usine et entra\u00eeneront un co\u00fbt suppl\u00e9mentaire.<\/p>    <p>Voici quelques raisons qui influenceront le prix\u00a0:<\/p>    <ol class=\"wp-block-list\"> <li>La capacit\u00e9 d\u00e9terminera principalement le prix de la machine. Plus la production horaire est \u00e9lev\u00e9e, plus le prix est \u00e9lev\u00e9.<\/li>    <li>Acier inoxydable, composants de haute qualit\u00e9, roulements durables, joints de qualit\u00e9, etc. Ceux-ci d\u00e9termineront la qualit\u00e9 de la machine. Si vous trouvez deux broyeurs de noix avec des prix similaires, mais que leurs prix varient consid\u00e9rablement, la structure interne de cette machine peut \u00eatre diff\u00e9rente.<\/li>    <li>Les marques connues et un excellent service co\u00fbtent g\u00e9n\u00e9ralement plus cher mais offrent en g\u00e9n\u00e9ral une meilleure valeur \u00e0 long terme. C'est un investissement stable pour votre entreprise. <\/li> <\/ol>    <p>Certains de nos clients ont \u00e9t\u00e9 mal servis par des usines \u00e0 bas prix qui fournissaient des produits d'une qualit\u00e9 inacceptable. Apr\u00e8s cela, ils nous ont choisis comme partenaire commercial \u00e0 long terme pour garantir la qualit\u00e9 des machines. Pour eux, la qualit\u00e9 est plus importante que le prix. <\/p>   <div class=\"wp-block-image\"> <figure class=\"aligncenter size-full\"><img loading=\"lazy\" decoding=\"async\" width=\"720\" height=\"540\" src=\"https:\/\/bestpeanutmachine.com\/wp-content\/uploads\/2025\/09\/peanut-butter-machine-1.webp\" alt=\"machine \u00e0 beurre de cacahu\u00e8te\" class=\"wp-image-425\" srcset=\"https:\/\/bestpeanutmachine.com\/wp-content\/uploads\/2025\/09\/peanut-butter-machine-1.webp 720w, https:\/\/bestpeanutmachine.com\/wp-content\/uploads\/2025\/09\/peanut-butter-machine-1-300x225.webp 300w, https:\/\/bestpeanutmachine.com\/wp-content\/uploads\/2025\/09\/peanut-butter-machine-1-16x12.webp 16w\" sizes=\"auto, (max-width: 720px) 100vw, 720px\" \/><figcaption class=\"wp-element-caption\">machine \u00e0 beurre de cacahu\u00e8te<\/figcaption><\/figure> <\/div>   <h2 class=\"wp-block-heading\"><strong>Pourquoi choisir Taizy comme fournisseur de vos produits\u00a0?<\/strong><\/h2>    <ul class=\"wp-block-list\"> <li>Nous avons notre propre usine et le prix que nous proposons est tr\u00e8s comp\u00e9titif.<\/li>    <li>Nous nous concentrons sur la qualit\u00e9. Un processus de production enti\u00e8rement transparent et un service apr\u00e8s-vente \u00e0 long terme nous permettent de fid\u00e9liser de nombreux clients.<\/li>    <li>Nous sommes une marque d'exportation bien connue d'un fournisseur chinois de machines de transformation alimentaire, avec des services complets et matures d'emballage et de fret.<\/li> <\/ul>    <p class=\"translation-block\">Contactez-nous pour conna\u00eetre le devis gratuit de la machine \u00e0 beurre de cacahu\u00e8te qui vous int\u00e9resse. Pour une usine alimentaire industrielle, nous fournissons \u00e9galement une ligne de production compl\u00e8te pour la fabrication de beurre de cacahu\u00e8te. Si vous souhaitez en savoir plus, cliquez sur le lien ici\u00a0: <a href=\"https:\/\/bestpeanutmachine.com\/fr\/product\/peanut-butter-production-line\/\">Ligne de production de beurre de cacahu\u00e8te<\/a>.<\/p>    <figure class=\"wp-block-gallery has-nested-images columns-default is-cropped wp-block-gallery-3 is-layout-flex wp-block-gallery-is-layout-flex\"> <figure class=\"wp-block-image size-large\"><img loading=\"lazy\" decoding=\"async\" width=\"720\" height=\"540\" data-id=\"826\" src=\"https:\/\/bestpeanutmachine.com\/wp-content\/uploads\/2025\/09\/best-peanut-butter-machine-factory.webp\" alt=\"Meilleure usine de machines \u00e0 beurre de cacahu\u00e8te\" class=\"wp-image-826\" srcset=\"https:\/\/bestpeanutmachine.com\/wp-content\/uploads\/2025\/09\/best-peanut-butter-machine-factory.webp 720w, https:\/\/bestpeanutmachine.com\/wp-content\/uploads\/2025\/09\/best-peanut-butter-machine-factory-300x225.webp 300w, https:\/\/bestpeanutmachine.com\/wp-content\/uploads\/2025\/09\/best-peanut-butter-machine-factory-16x12.webp 16w\" sizes=\"auto, (max-width: 720px) 100vw, 720px\" \/><figcaption class=\"wp-element-caption\">Meilleure usine de machines \u00e0 beurre de cacahu\u00e8te<\/figcaption><\/figure>    <figure class=\"wp-block-image size-large\"><img loading=\"lazy\" decoding=\"async\" width=\"720\" height=\"540\" data-id=\"827\" src=\"https:\/\/bestpeanutmachine.com\/wp-content\/uploads\/2025\/09\/peanut-butter-making-machine-in-stock.webp\" alt=\"Machine \u00e0 faire du beurre de cacahu\u00e8te en stock\" class=\"wp-image-827\" srcset=\"https:\/\/bestpeanutmachine.com\/wp-content\/uploads\/2025\/09\/peanut-butter-making-machine-in-stock.webp 720w, https:\/\/bestpeanutmachine.com\/wp-content\/uploads\/2025\/09\/peanut-butter-making-machine-in-stock-300x225.webp 300w, https:\/\/bestpeanutmachine.com\/wp-content\/uploads\/2025\/09\/peanut-butter-making-machine-in-stock-16x12.webp 16w\" sizes=\"auto, (max-width: 720px) 100vw, 720px\" \/><figcaption class=\"wp-element-caption\">Machine \u00e0 faire du beurre de cacahu\u00e8te en stock<\/figcaption><\/figure> <\/figure>","protected":false},"excerpt":{"rendered":"<p>Ce broyeur \u00e0 beurre de cacahu\u00e8te est con\u00e7u pour fabriquer du beurre de cacahu\u00e8te, des sauces piquantes et des confitures. Il broie les mati\u00e8res premi\u00e8res en une p\u00e2te avec une capacit\u00e9 de production allant de 10 kg\/heure \u00e0 5000 kg\/heure, r\u00e9pondant aux besoins des usines alimentaires de toutes tailles.<\/p>","protected":false},"author":1,"featured_media":417,"parent":0,"template":"","tags":[11,75],"product-type":[69,6],"class_list":["post-403","product","type-product","status-publish","has-post-thumbnail","hentry","tag-peanut","tag-peanut-butter","product-type-peanut-machine","product-type-product"],"_links":{"self":[{"href":"https:\/\/bestpeanutmachine.com\/fr\/wp-json\/wp\/v2\/product\/403","targetHints":{"allow":["GET"]}}],"collection":[{"href":"https:\/\/bestpeanutmachine.com\/fr\/wp-json\/wp\/v2\/product"}],"about":[{"href":"https:\/\/bestpeanutmachine.com\/fr\/wp-json\/wp\/v2\/types\/product"}],"author":[{"embeddable":true,"href":"https:\/\/bestpeanutmachine.com\/fr\/wp-json\/wp\/v2\/users\/1"}],"wp:featuredmedia":[{"embeddable":true,"href":"https:\/\/bestpeanutmachine.com\/fr\/wp-json\/wp\/v2\/media\/417"}],"wp:attachment":[{"href":"https:\/\/bestpeanutmachine.com\/fr\/wp-json\/wp\/v2\/media?parent=403"}],"wp:term":[{"taxonomy":"post_tag","embeddable":true,"href":"https:\/\/bestpeanutmachine.com\/fr\/wp-json\/wp\/v2\/tags?post=403"},{"taxonomy":"product-type","embeddable":true,"href":"https:\/\/bestpeanutmachine.com\/fr\/wp-json\/wp\/v2\/product-type?post=403"}],"curies":[{"name":"wp","href":"https:\/\/api.w.org\/{rel}","templated":true}]}}