{"id":432,"date":"2025-09-16T15:43:11","date_gmt":"2025-09-16T07:43:11","guid":{"rendered":"https:\/\/bestpeanutmachine.com\/?post_type=product&#038;p=432"},"modified":"2025-09-16T15:44:27","modified_gmt":"2025-09-16T07:44:27","slug":"almond-slicer-machine","status":"publish","type":"product","link":"https:\/\/bestpeanutmachine.com\/fr\/product\/almond-slicer-machine\/","title":{"rendered":"Machine trancheuse d'amandes pour fruits \u00e0 coque - tranchage d'arachides"},"content":{"rendered":"<p class=\"translation-block\">La machine \u00e0 trancher les amandes Taizy est adapt\u00e9e pour trancher les cacahu\u00e8tes, amandes, noisettes et autres noix. L'\u00e9paisseur des tranches de noix peut \u00eatre ajust\u00e9e entre 0,3 mm et 2 mm selon les besoins sp\u00e9cifiques.<\/p>    <p>Elle peut atteindre une production de 50 \u00e0 300 kg\/h pour r\u00e9pondre aux besoins de la plupart des entreprises dans le monde. Elle a \u00e9t\u00e9 export\u00e9e aux \u00c9tats-Unis, au Canada, en Italie, en Allemagne et dans d'autres pays.<\/p>    <p>Nos lames pour cette machine \u00e0 fabriquer des tranches de cacahu\u00e8tes sont fabriqu\u00e9es en acier rapide de haute qualit\u00e9, garantissant un tranchant aff\u00fbt\u00e9 et une longue dur\u00e9e de vie. Le capot ext\u00e9rieur est fabriqu\u00e9 en acier inoxydable, r\u00e9pondant aux normes d'hygi\u00e8ne alimentaire.<\/p>    <h2 class=\"wp-block-heading\"><strong>Avantages de la trancheuse automatique d'amandes<\/strong><\/h2>    <ul class=\"wp-block-list\"> <li>Avec une capacit\u00e9 de 50 \u00e0 200 kg par heure, une vitesse r\u00e9glable (100 \u00e0 700 tr\/min) et une pression pneumatique fiable (0,3 \u00e0 0,4 MPa), cette machine \u00e0 trancher les noix assure un fonctionnement stable pour une production continue, ce qui peut r\u00e9pondre aux besoins de production commerciale.<\/li>    <li>La machine Taziy pour fabriquer des tranches de noix est \u00e9quip\u00e9e d'un dispositif d'alimentation pneumatique et d'une partie de tranchage. La partie alimentation pneumatique peut presser les noix dans le disque \u00e0 lame en douceur, garantissant une production efficace et stable et r\u00e9duisant le gaspillage de mati\u00e8re.<\/li>    <li>L'ensemble du corps de la machine \u00e0 trancher les amandes est fabriqu\u00e9 en acier inoxydable, respectant enti\u00e8rement les normes d'hygi\u00e8ne et de s\u00e9curit\u00e9 alimentaire, et est facile \u00e0 nettoyer et \u00e0 entretenir.<\/li>    <li>Cette machine \u00e0 trancher les cacahu\u00e8tes a une vari\u00e9t\u00e9 d'applications pour les amandes, les noix de macadamia, les noix de cajou et les noix, et elle est largement utilis\u00e9e dans l'industrie de la transformation alimentaire.<\/li>    <li>L'\u00e9paisseur des tranches peut \u00eatre facilement ajust\u00e9e entre 0,3 mm et 2 mm, garantissant ainsi un tranchage uniforme pour une vari\u00e9t\u00e9 de besoins de production, de la boulangerie \u00e0 la fabrication de snacks.<\/li> <\/ul>   <div class=\"wp-block-image\"> <figure class=\"aligncenter size-full\"><img loading=\"lazy\" decoding=\"async\" width=\"720\" height=\"540\" src=\"https:\/\/bestpeanutmachine.com\/wp-content\/uploads\/2025\/09\/peanut-slicing-machine.webp\" alt=\"machine \u00e0 trancher les cacahu\u00e8tes\" class=\"wp-image-436\" srcset=\"https:\/\/bestpeanutmachine.com\/wp-content\/uploads\/2025\/09\/peanut-slicing-machine.webp 720w, https:\/\/bestpeanutmachine.com\/wp-content\/uploads\/2025\/09\/peanut-slicing-machine-300x225.webp 300w, https:\/\/bestpeanutmachine.com\/wp-content\/uploads\/2025\/09\/peanut-slicing-machine-16x12.webp 16w\" sizes=\"auto, (max-width: 720px) 100vw, 720px\" \/><figcaption class=\"wp-element-caption\">machine \u00e0 trancher les cacahu\u00e8tes<\/figcaption><\/figure> <\/div>   <h2 class=\"wp-block-heading\"><strong>Param\u00e8tres techniques de la trancheuse commerciale d'amandes<\/strong><\/h2>    <figure class=\"wp-block-table\"><table class=\"has-fixed-layout\"><tbody><tr><td>Mod\u00e8le<\/td><td class=\"has-text-align-center\" data-align=\"center\">TZ-2<\/td><td class=\"has-text-align-center\" data-align=\"center\">TZ-3<\/td><\/tr><tr><td>Pouvoir<\/td><td class=\"has-text-align-center\" data-align=\"center\">1,5 kW<\/td><td class=\"has-text-align-center\" data-align=\"center\">2,2 kW<\/td><\/tr><tr><td>Vitesse de la lame<\/td><td class=\"has-text-align-center\" data-align=\"center\">100-700tr\/min<\/td><td class=\"has-text-align-center\" data-align=\"center\">0-600tr\/min<\/td><\/tr><tr><td>Pression d\u2019air<\/td><td class=\"has-text-align-center\" data-align=\"center\">0,3-0,4Mpa<\/td><td class=\"has-text-align-center\" data-align=\"center\">\/<\/td><\/tr><tr><td>Capacit\u00e9<\/td><td class=\"has-text-align-center\" data-align=\"center\">50-200kg\/h<\/td><td class=\"has-text-align-center\" data-align=\"center\">200-300kg\/h<\/td><\/tr><tr><td>\u00c9paisseur de tranche<\/td><td class=\"has-text-align-center\" data-align=\"center\">0,3-2mm \u00a0<\/td><td class=\"has-text-align-center\" data-align=\"center\">0,5-1,2mm<\/td><\/tr><tr><td>Dimension<\/td><td class=\"has-text-align-center\" data-align=\"center\">1000*550*1500mm<\/td><td class=\"has-text-align-center\" data-align=\"center\">650*600*1100mm<\/td><\/tr><tr><td>Poids<\/td><td class=\"has-text-align-center\" data-align=\"center\">150kg<\/td><td class=\"has-text-align-center\" data-align=\"center\">170kg \u00a0<\/td><\/tr><\/tbody><\/table><figcaption class=\"wp-element-caption\">param\u00e8tres de la machine automatique \u00e0 trancher les amandes<\/figcaption><\/figure>   <div class=\"wp-block-image\"> <figure class=\"aligncenter size-full\"><img loading=\"lazy\" decoding=\"async\" width=\"720\" height=\"540\" src=\"https:\/\/bestpeanutmachine.com\/wp-content\/uploads\/2025\/09\/nut-slicer-machine.webp\" alt=\"machine \u00e0 trancher les noix\" class=\"wp-image-438\" srcset=\"https:\/\/bestpeanutmachine.com\/wp-content\/uploads\/2025\/09\/nut-slicer-machine.webp 720w, https:\/\/bestpeanutmachine.com\/wp-content\/uploads\/2025\/09\/nut-slicer-machine-300x225.webp 300w, https:\/\/bestpeanutmachine.com\/wp-content\/uploads\/2025\/09\/nut-slicer-machine-16x12.webp 16w\" sizes=\"auto, (max-width: 720px) 100vw, 720px\" \/><figcaption class=\"wp-element-caption\">machine \u00e0 trancher les noix<\/figcaption><\/figure> <\/div>   <h2 class=\"wp-block-heading\"><strong>Principe de fonctionnement et caract\u00e9ristiques structurelles de la trancheuse badam<\/strong><\/h2>    <p>La trancheuse \u00e0 noix de cajou fonctionne principalement gr\u00e2ce \u00e0 un syst\u00e8me d\u2019alimentation pneumatique et \u00e0 des lames de coupe rotatives. L'ensemble du processus est simple et efficace : <\/p>    <p>Alimentation des noix\u2192Pression pneumatique\u2192Tranchage \u00e0 la lame\u2192Sortie du produit<\/p>    <ol class=\"wp-block-list\"> <li>La tr\u00e9mie d'alimentation est con\u00e7ue en forme d'entonnoir effil\u00e9, avec une large ouverture en haut et une sortie \u00e9troite en bas, permettant de charger facilement une grande quantit\u00e9 de noix tout en garantissant qu'elles sont guid\u00e9es de mani\u00e8re contr\u00f4l\u00e9e et stable.<\/li>    <li>Le syst\u00e8me pneumatique de cette machine \u00e0 trancher les amandes applique une pression d'air uniforme pour pousser les mati\u00e8res vers le couteau rotatif. Cela \u00e9vite une alimentation in\u00e9gale et garantit un fonctionnement fluide.<\/li>    <li>La lame de coupe est fabriqu\u00e9e en acier rapide de qualit\u00e9 sup\u00e9rieure, garantissant des bords tranchants et une longue dur\u00e9e de vie. Cela permet \u00e0 la machine de couper facilement les noix dures comme les noix de macadamia et les noix de cajou sans d\u00e9formation.<\/li>    <li>Notre orifice de d\u00e9charge est con\u00e7u avec une grande ouverture et une surface lisse, ce qui assure que les tranches de noix s\u2019\u00e9coulent rapidement sans se boucher ni coller. De plus, son design bas permet aux op\u00e9rateurs de placer facilement un plateau, un r\u00e9cipient ou un convoyeur sous la sortie, rendant la collecte rapide et efficace.<\/li> <\/ol>    <figure class=\"wp-block-gallery has-nested-images columns-default is-cropped wp-block-gallery-2 is-layout-flex wp-block-gallery-is-layout-flex\"> <figure class=\"wp-block-image size-large\"><img loading=\"lazy\" decoding=\"async\" width=\"720\" height=\"540\" data-id=\"439\" src=\"https:\/\/bestpeanutmachine.com\/wp-content\/uploads\/2025\/09\/discharge-port.webp\" alt=\"orifice de d\u00e9charge de la trancheuse \u00e0 amandes\" class=\"wp-image-439\" srcset=\"https:\/\/bestpeanutmachine.com\/wp-content\/uploads\/2025\/09\/discharge-port.webp 720w, https:\/\/bestpeanutmachine.com\/wp-content\/uploads\/2025\/09\/discharge-port-300x225.webp 300w, https:\/\/bestpeanutmachine.com\/wp-content\/uploads\/2025\/09\/discharge-port-16x12.webp 16w\" sizes=\"auto, (max-width: 720px) 100vw, 720px\" \/><figcaption class=\"wp-element-caption\">orifice de d\u00e9charge de la trancheuse \u00e0 amandes <\/figcaption><\/figure>    <figure class=\"wp-block-image size-large\"><img loading=\"lazy\" decoding=\"async\" width=\"720\" height=\"540\" data-id=\"440\" src=\"https:\/\/bestpeanutmachine.com\/wp-content\/uploads\/2025\/09\/processed-peanut-slice.webp\" alt=\"tranche de cacahu\u00e8te transform\u00e9e\" class=\"wp-image-440\" srcset=\"https:\/\/bestpeanutmachine.com\/wp-content\/uploads\/2025\/09\/processed-peanut-slice.webp 720w, https:\/\/bestpeanutmachine.com\/wp-content\/uploads\/2025\/09\/processed-peanut-slice-300x225.webp 300w, https:\/\/bestpeanutmachine.com\/wp-content\/uploads\/2025\/09\/processed-peanut-slice-16x12.webp 16w\" sizes=\"auto, (max-width: 720px) 100vw, 720px\" \/><figcaption class=\"wp-element-caption\">tranche de cacahu\u00e8te transform\u00e9e<\/figcaption><\/figure> <\/figure>    <h2 class=\"wp-block-heading\"><strong>Cashew slice cutting machine&#8217;s application<\/strong><\/h2>    <p class=\"translation-block\">La machine \u00e0 trancher les amandes peut facilement couper les noix de macadamia, amandes, cacahu\u00e8tes, pignons de pin, noix, etc., en tranches fines et uniformes. Les tranches de <a href=\"https:\/\/en.wikipedia.org\/wiki\/Nut_(fruit)\" target=\"_blank\" rel=\"noopener\">noix<\/a> trait\u00e9es seront utilis\u00e9es pour fabriquer du pain ou des biscuits, ce qui rendra les produits de boulangerie plus savoureux. C'est pourquoi certaines boulangeries choisissent ces machines pour traiter des noix fra\u00eeches pour des desserts et p\u00e2tisseries afin d'obtenir une qualit\u00e9 optimale.<\/p>    <p>De plus, de nombreuses usines de transformation de noix ach\u00e8tent \u00e9galement des machines de grande capacit\u00e9 pour effectuer le traitement des aliments. Apr\u00e8s tranchage, s\u00e9chage et assaisonnement, les tranches de noix sont emball\u00e9es et vendues dans les supermarch\u00e9s ou les magasins de d\u00e9tail, devenant ainsi un aliment riche en prot\u00e9ines populaire dans les zones de restauration rapide.<\/p>    <figure class=\"wp-block-gallery has-nested-images columns-default is-cropped wp-block-gallery-3 is-layout-flex wp-block-gallery-is-layout-flex\"> <figure class=\"wp-block-image size-large\"><img loading=\"lazy\" decoding=\"async\" width=\"720\" height=\"540\" data-id=\"435\" src=\"https:\/\/bestpeanutmachine.com\/wp-content\/uploads\/2025\/09\/toasted-almond-slices-for-baking.webp\" alt=\"tranches d&#039;amandes grill\u00e9es pour la p\u00e2tisserie\" class=\"wp-image-435\" srcset=\"https:\/\/bestpeanutmachine.com\/wp-content\/uploads\/2025\/09\/toasted-almond-slices-for-baking.webp 720w, https:\/\/bestpeanutmachine.com\/wp-content\/uploads\/2025\/09\/toasted-almond-slices-for-baking-300x225.webp 300w, https:\/\/bestpeanutmachine.com\/wp-content\/uploads\/2025\/09\/toasted-almond-slices-for-baking-16x12.webp 16w\" sizes=\"auto, (max-width: 720px) 100vw, 720px\" \/><figcaption class=\"wp-element-caption\">tranches d'amandes grill\u00e9es pour la p\u00e2tisserie<\/figcaption><\/figure>    <figure class=\"wp-block-image size-large\"><img loading=\"lazy\" decoding=\"async\" width=\"720\" height=\"540\" data-id=\"434\" src=\"https:\/\/bestpeanutmachine.com\/wp-content\/uploads\/2025\/09\/almond-slice-cake.webp\" alt=\"g\u00e2teau aux tranches d&#039;amandes\" class=\"wp-image-434\" srcset=\"https:\/\/bestpeanutmachine.com\/wp-content\/uploads\/2025\/09\/almond-slice-cake.webp 720w, https:\/\/bestpeanutmachine.com\/wp-content\/uploads\/2025\/09\/almond-slice-cake-300x225.webp 300w, https:\/\/bestpeanutmachine.com\/wp-content\/uploads\/2025\/09\/almond-slice-cake-16x12.webp 16w\" sizes=\"auto, (max-width: 720px) 100vw, 720px\" \/><figcaption class=\"wp-element-caption\">g\u00e2teau aux tranches d'amandes<\/figcaption><\/figure> <\/figure>    <h2 class=\"wp-block-heading\"><strong>Pr\u00e9cautions pour la trancheuse de cacahu\u00e8tes<\/strong><\/h2>    <ol class=\"wp-block-list\"> <li>Les noix \u00e0 trancher doivent contenir une certaine quantit\u00e9 d'humidit\u00e9. Si les noyaux sont trop secs, ils doivent \u00eatre tremp\u00e9s puis s\u00e9ch\u00e9s \u00e0 l'air avant le tranchage. Si les noyaux sont trop secs, les tranches se casseront facilement. <\/li>    <li>Les mati\u00e8res doivent \u00eatre soigneusement tri\u00e9es. Si elles contiennent des d\u00e9bris tels que du sable et des pierres, cela pourrait \u00e9br\u00e9cher le bord de la lame.<\/li>    <li>La pression de fonctionnement du cylindre de la machine \u00e0 trancher les amandes ne doit pas \u00eatre r\u00e9gl\u00e9e trop haut. La pression d'air id\u00e9ale se situe entre 0,3 et 0,4 MPa. Si elle est trop basse, les tranches se casseront et les produits seront incomplets. Si elle est trop \u00e9lev\u00e9e, la lame vibrera, entra\u00eenant une \u00e9paisseur de tranche irr\u00e9guli\u00e8re.<\/li> <\/ol>    <h2 class=\"wp-block-heading\"><strong>FAQ de la machine \u00e0 trancher les noix<\/strong><\/h2>   <div id=\"rank-math-faq\" class=\"rank-math-block\"> <div class=\"rank-math-list\"> <div id=\"faq-question-1758003177036\" class=\"rank-math-list-item\"> <h3 class=\"rank-math-question\">Comment r\u00e9gler l'\u00e9paisseur des tranches\u00a0?<\/h3> <div class=\"rank-math-answer\">  <p>Nous avons install\u00e9 un \u00e9crou de verrouillage sur la machine. Vous pouvez tourner la poign\u00e9e dans le sens des aiguilles d'une montre pour augmenter l'\u00e9paisseur finale et inversement. L'\u00e9paisseur augmente ou diminue d'environ 1,5 mm par rotation.<\/p>  <\/div> <\/div> <div id=\"faq-question-1758003429183\" class=\"rank-math-list-item\"> <h3 class=\"rank-math-question\">Puis-je traiter d'autres mati\u00e8res que les amandes et les cacahu\u00e8tes\u00a0?<\/h3> <div class=\"rank-math-answer\">  <p>Bien s\u00fbr, presque tous les produits \u00e0 base de noix peuvent \u00eatre trait\u00e9s avec cette machine \u00e0 trancher les amandes.<\/p>  <\/div> <\/div> <div id=\"faq-question-1758003595946\" class=\"rank-math-list-item\"> <h3 class=\"rank-math-question\">Puis-je utiliser des noix s\u00e8ches pour le tranchage\u00a0?<\/h3> <div class=\"rank-math-answer\">  <p>Nous ne recommandons pas de faire cela. Il est pr\u00e9f\u00e9rable que la mati\u00e8re ait une certaine quantit\u00e9 d'humidit\u00e9, ce qui non seulement am\u00e9liorera le produit fini, mais usera aussi moins la lame.<\/p>  <\/div> <\/div> <div id=\"faq-question-1758003733160\" class=\"rank-math-list-item\"> <h3 class=\"rank-math-question\">Quel est le processus d'achat du produit\u00a0?<\/h3> <div class=\"rank-math-answer\">  <p>Si vous \u00eates int\u00e9ress\u00e9 par nos produits, vous pouvez contacter directement notre service client\u00e8le, et elle vous mettra en relation avec le service commercial pour recommander le type de machine qui r\u00e9pond le mieux \u00e0 vos besoins.<\/p>  <\/div> <\/div> <div id=\"faq-question-1758003862192\" class=\"rank-math-list-item\"> <h3 class=\"rank-math-question\">Quel est le prix de cette machine \u00e0 trancher les amandes\u00a0?<\/h3> <div class=\"rank-math-answer\">  <p>Le prix moyen de cette machine est de plusieurs milliers de dollars. En raison de l'incertitude concernant les m\u00e9thodes d'exp\u00e9dition et d'\u00e9ventuels besoins de personnalisation, il n'y a pas de prix pr\u00e9cis.<\/p>  <\/div> <\/div> <\/div> <\/div>  <div class=\"wp-block-image\"> <figure class=\"aligncenter size-full\"><img loading=\"lazy\" decoding=\"async\" width=\"720\" height=\"540\" src=\"https:\/\/bestpeanutmachine.com\/wp-content\/uploads\/2025\/09\/almond-slicing-machine.webp\" alt=\"machine \u00e0 trancher les amandes\" class=\"wp-image-441\" srcset=\"https:\/\/bestpeanutmachine.com\/wp-content\/uploads\/2025\/09\/almond-slicing-machine.webp 720w, https:\/\/bestpeanutmachine.com\/wp-content\/uploads\/2025\/09\/almond-slicing-machine-300x225.webp 300w, https:\/\/bestpeanutmachine.com\/wp-content\/uploads\/2025\/09\/almond-slicing-machine-16x12.webp 16w\" sizes=\"auto, (max-width: 720px) 100vw, 720px\" \/><figcaption class=\"wp-element-caption\">machine \u00e0 trancher les amandes<\/figcaption><\/figure> <\/div>   <p>Si vous souhaitez vous renseigner sur le prix pr\u00e9cis, vous pouvez contacter notre service client\u00e8le. Ils vous fourniront une liste compl\u00e8te des prix.<\/p>    <p>Autres machines\u00a0:<\/p>    <ul class=\"wp-block-list\"> <li><a href=\"https:\/\/bestpeanutmachine.com\/fr\/product\/peanut-powder-machine\/\">Machine \u00e0 poudre de cacahu\u00e8tes<\/a><\/li>    <li><a href=\"https:\/\/bestpeanutmachine.com\/fr\/product\/peanut-butter-grinder-machine\/\">Machine \u00e0 moudre le beurre d'arachide<\/a><\/li>    <li><a href=\"https:\/\/bestpeanutmachine.com\/fr\/product\/peanut-coating-machine\/\">Machine de rev\u00eatement d'arachide<\/a><\/li> <\/ul>    <p><\/p>","protected":false},"excerpt":{"rendered":"<p>La machine \u00e0 trancher les amandes est l'un des \u00e9quipements les plus utiles, capable de trancher les amandes, cacahu\u00e8tes, noix et autres fruits \u00e0 coque en fines tranches, utilis\u00e9e par de nombreuses usines de transformation de noix dans le monde entier.<\/p>","protected":false},"author":1,"featured_media":447,"parent":0,"template":"","tags":[77,11,78],"product-type":[76,6],"class_list":["post-432","product","type-product","status-publish","has-post-thumbnail","hentry","tag-almond","tag-peanut","tag-slice","product-type-other-nuts-machine","product-type-product"],"_links":{"self":[{"href":"https:\/\/bestpeanutmachine.com\/fr\/wp-json\/wp\/v2\/product\/432","targetHints":{"allow":["GET"]}}],"collection":[{"href":"https:\/\/bestpeanutmachine.com\/fr\/wp-json\/wp\/v2\/product"}],"about":[{"href":"https:\/\/bestpeanutmachine.com\/fr\/wp-json\/wp\/v2\/types\/product"}],"author":[{"embeddable":true,"href":"https:\/\/bestpeanutmachine.com\/fr\/wp-json\/wp\/v2\/users\/1"}],"wp:featuredmedia":[{"embeddable":true,"href":"https:\/\/bestpeanutmachine.com\/fr\/wp-json\/wp\/v2\/media\/447"}],"wp:attachment":[{"href":"https:\/\/bestpeanutmachine.com\/fr\/wp-json\/wp\/v2\/media?parent=432"}],"wp:term":[{"taxonomy":"post_tag","embeddable":true,"href":"https:\/\/bestpeanutmachine.com\/fr\/wp-json\/wp\/v2\/tags?post=432"},{"taxonomy":"product-type","embeddable":true,"href":"https:\/\/bestpeanutmachine.com\/fr\/wp-json\/wp\/v2\/product-type?post=432"}],"curies":[{"name":"wp","href":"https:\/\/api.w.org\/{rel}","templated":true}]}}