{"id":456,"date":"2025-09-26T16:59:59","date_gmt":"2025-09-26T08:59:59","guid":{"rendered":"https:\/\/bestpeanutmachine.com\/?post_type=product&#038;p=456"},"modified":"2025-10-11T09:10:02","modified_gmt":"2025-10-11T01:10:02","slug":"2t-cocoa-paste-production-line","status":"publish","type":"product","link":"https:\/\/bestpeanutmachine.com\/fr\/product\/2t-cocoa-paste-production-line\/","title":{"rendered":"Ligne de production de p\u00e2te de cacao 2t"},"content":{"rendered":"<p class=\"translation-block\">Taizy est d\u00e9sormais en mesure de produire une <strong>ligne de production de p\u00e2te de cacao<\/strong> de qualit\u00e9 industrielle pour l\u2019usine de traitement de f\u00e8ves de cacao de haute qualit\u00e9. Le processus complet comprend la torr\u00e9faction, le pelage, le concassage, le broyage et le m\u00e9lange.<\/p>    <p>Notre ligne de production est fabriqu\u00e9e en acier inoxydable de haute qualit\u00e9 et a un rendement pouvant atteindre 2000 kg\/h. Si vous avez des exigences \u00e9lev\u00e9es pour la qualit\u00e9 de la masse de cacao, notre ligne de production peut fabriquer des produits avec une finesse normale de 100 \u00e0 200 mailles.<\/p>    <p>Nos machines sont export\u00e9es vers d\u2019autres r\u00e9gions, notamment l\u2019Europe du Nord, l\u2019Asie et l\u2019Am\u00e9rique du Nord. Certaines usines de chocolat artisanal haut de gamme l\u2019utilisent souvent pour le traitement \u00e0 grande \u00e9chelle de la p\u00e2te de cacao. Si vous avez d\u2019autres exigences sp\u00e9ciales, veuillez nous contacter.<\/p>    <h2 class=\"wp-block-heading\"><strong>Points forts de la ligne de production enti\u00e8rement automatique de p\u00e2te de cacao<\/strong><\/h2>    <ul class=\"wp-block-list\"> <li>La ligne de production de p\u00e2te de cacao Taizy comprend le flux complet de traitement, y compris l\u2019alimentation, la torr\u00e9faction, le pelage, le broyage, le d\u00e9gazage sous vide, le m\u00e9lange et le stockage. L\u2019ensemble du processus est enti\u00e8rement automatis\u00e9 avec un centre de contr\u00f4le d\u00e9di\u00e9 pour une op\u00e9ration facile.<\/li>    <li>Les machines de notre ligne de production sont fabriqu\u00e9es en acier inoxydable de qualit\u00e9 alimentaire, offrant durabilit\u00e9 et longue dur\u00e9e de vie, permettant un traitement continu et une production stable. Nos machines poss\u00e8dent les certifications CE et SONCAP pour garantir leur qualit\u00e9.<\/li>    <li>Notre usine est sp\u00e9cialis\u00e9e depuis des d\u00e9cennies dans la technologie de broyage de noix, et nos machines produisent une p\u00e2te de cacao uniforme et fine avec une finesse allant jusqu\u2019\u00e0 200 mailles. Si vous avez un niveau de qualit\u00e9 sup\u00e9rieur, vous pouvez \u00e9galement nous contacter pour obtenir vos solutions de production id\u00e9ales.<\/li> <\/ul>    <h2 class=\"wp-block-heading\"><strong>Machines principales de la ligne de production de masse de cacao<\/strong><\/h2>    <p class=\"translation-block\">Notre ligne de production de p\u00e2te de cacao 2t<strong> <\/strong>comprend des machines indispensables telles que des silos d\u2019alimentation en acier inoxydable, des \u00e9l\u00e9vateurs, une machine de torr\u00e9faction et de refroidissement, des broyeurs de f\u00e8ves de cacao, un homog\u00e9n\u00e9isateur, des r\u00e9servoirs de m\u00e9lange, des r\u00e9servoirs de d\u00e9gazage sous vide et des r\u00e9servoirs de stockage.<\/p>   <div class=\"wp-block-image\"> <figure class=\"aligncenter size-full\"><img loading=\"lazy\" decoding=\"async\" width=\"720\" height=\"540\" src=\"https:\/\/bestpeanutmachine.com\/wp-content\/uploads\/2025\/09\/cocoa-mass-production-line-diagram.webp\" alt=\"sch\u00e9ma de la ligne de production de masse de cacao\" class=\"wp-image-492\" srcset=\"https:\/\/bestpeanutmachine.com\/wp-content\/uploads\/2025\/09\/cocoa-mass-production-line-diagram.webp 720w, https:\/\/bestpeanutmachine.com\/wp-content\/uploads\/2025\/09\/cocoa-mass-production-line-diagram-300x225.webp 300w, https:\/\/bestpeanutmachine.com\/wp-content\/uploads\/2025\/09\/cocoa-mass-production-line-diagram-16x12.webp 16w\" sizes=\"auto, (max-width: 720px) 100vw, 720px\" \/><figcaption class=\"wp-element-caption\">sch\u00e9ma de la ligne de production de masse de cacao<\/figcaption><\/figure> <\/div>   <p>Voici une introduction d\u00e9taill\u00e9e de certaines machines cl\u00e9s :<\/p>    <h3 class=\"wp-block-heading\"><strong>1. Machine de torr\u00e9faction et de refroidissement<\/strong><\/h3>    <p>Ce torr\u00e9facteur est un nouveau type de machine multifonctionnelle de torr\u00e9faction (s\u00e9chage) pour le cacao, les c\u00e9r\u00e9ales, les noix, etc. La temp\u00e9rature est automatiquement ajust\u00e9e avec plusieurs choix de source de chaleur, tels que l\u2019\u00e9lectricit\u00e9, le gaz et d\u2019autres m\u00e9thodes de chauffage.<\/p>    <p>Son principe de fonctionnement est d\u2019utiliser un ventilateur circulant pour \u00e9changer la chaleur, r\u00e9aliser une cuisson par flux d\u2019air puissant et am\u00e9liorer l\u2019efficacit\u00e9 de la cuisson. \u00c0 l\u2019arri\u00e8re de l\u2019\u00e9quipement, une zone de refroidissement est am\u00e9nag\u00e9e pour assurer un refroidissement rapide.<\/p>    <figure class=\"wp-block-table\"><table class=\"has-fixed-layout\"><tbody><tr><td>Puissance de transmission<\/td><td class=\"has-text-align-center\" data-align=\"center\">80KW<\/td><\/tr><tr><td>Puissance de chauffage<\/td><td class=\"has-text-align-center\" data-align=\"center\">1150KW<\/td><\/tr><tr><td>Consommation de gaz<\/td><td class=\"has-text-align-center\" data-align=\"center\">100-120kg\/h<\/td><\/tr><tr><td>\u00c9paisseur du mat\u00e9riau<\/td><td class=\"has-text-align-center\" data-align=\"center\">50-60mm<\/td><\/tr><tr><td>Capacit\u00e9 du produit<\/td><td class=\"has-text-align-center\" data-align=\"center\">5t\/h<\/td><\/tr><tr><td>Dimensions<\/td><td class=\"has-text-align-center\" data-align=\"center\">40000mm*3000mm*2600mm<\/td><\/tr><\/tbody><\/table><figcaption class=\"wp-element-caption\">sp\u00e9cifications de la machine de torr\u00e9faction de cacao<\/figcaption><\/figure>    <figure class=\"wp-block-gallery has-nested-images columns-default is-cropped wp-block-gallery-2 is-layout-flex wp-block-gallery-is-layout-flex\"> <figure class=\"wp-block-image size-large\"><img loading=\"lazy\" decoding=\"async\" width=\"720\" height=\"540\" data-id=\"493\" src=\"https:\/\/bestpeanutmachine.com\/wp-content\/uploads\/2025\/09\/roasting-and-cooling-machine.webp\" alt=\"machine de torr\u00e9faction et de refroidissement\" class=\"wp-image-493\" srcset=\"https:\/\/bestpeanutmachine.com\/wp-content\/uploads\/2025\/09\/roasting-and-cooling-machine.webp 720w, https:\/\/bestpeanutmachine.com\/wp-content\/uploads\/2025\/09\/roasting-and-cooling-machine-300x225.webp 300w, https:\/\/bestpeanutmachine.com\/wp-content\/uploads\/2025\/09\/roasting-and-cooling-machine-16x12.webp 16w\" sizes=\"auto, (max-width: 720px) 100vw, 720px\" \/><figcaption class=\"wp-element-caption\">machine de torr\u00e9faction et de refroidissement<\/figcaption><\/figure>    <figure class=\"wp-block-image size-large\"><img loading=\"lazy\" decoding=\"async\" width=\"720\" height=\"540\" data-id=\"494\" src=\"https:\/\/bestpeanutmachine.com\/wp-content\/uploads\/2025\/09\/structure-of-roasting-machine.webp\" alt=\"structure de la machine de torr\u00e9faction\" class=\"wp-image-494\" srcset=\"https:\/\/bestpeanutmachine.com\/wp-content\/uploads\/2025\/09\/structure-of-roasting-machine.webp 720w, https:\/\/bestpeanutmachine.com\/wp-content\/uploads\/2025\/09\/structure-of-roasting-machine-300x225.webp 300w, https:\/\/bestpeanutmachine.com\/wp-content\/uploads\/2025\/09\/structure-of-roasting-machine-16x12.webp 16w\" sizes=\"auto, (max-width: 720px) 100vw, 720px\" \/><figcaption class=\"wp-element-caption\">structure de la machine de torr\u00e9faction<\/figcaption><\/figure> <\/figure>    <h3 class=\"wp-block-heading\"><strong>2. Machine de pelage de f\u00e8ves de cacao<\/strong><\/h3>    <p>Cette machine \u00e0 peler est compos\u00e9e d\u2019un rouleau de pelage, d\u2019un ventilateur et d\u2019une partie de tri gravitationnel. La partie de tri gravitationnel est \u00e9quip\u00e9e de trois couches de tamis, qui peuvent efficacement tamiser et enlever la peau, avec un taux d\u2019\u00e9limination pouvant atteindre &gt;99%.<\/p>    <p>Les peaux r\u00e9siduelles sont ensuite collect\u00e9es par un s\u00e9parateur cyclonique, ce qui non seulement prot\u00e8ge l'environnement de travail, mais garantit \u00e9galement des mat\u00e9riaux plus propres.<\/p>    <figure class=\"wp-block-table\"><table class=\"has-fixed-layout\"><tbody><tr><td>Mod\u00e8le<\/td><td class=\"has-text-align-center\" data-align=\"center\">HB-2<\/td><\/tr><tr><td>Capacit\u00e9<\/td><td class=\"has-text-align-center\" data-align=\"center\">1t\/h<\/td><\/tr><tr><td>Puissance du moteur<\/td><td class=\"has-text-align-center\" data-align=\"center\">4.4KW<\/td><\/tr><tr><td>Puissance du ventilateur<\/td><td class=\"has-text-align-center\" data-align=\"center\">2.2KW<\/td><\/tr><tr><td>Tension<\/td><td class=\"has-text-align-center\" data-align=\"center\">380V 50HZ<\/td><\/tr><tr><td>Taux d\u2019\u00e9limination<\/td><td class=\"has-text-align-center\" data-align=\"center\">&gt;99%<\/td><\/tr><tr><td>Taille<\/td><td class=\"has-text-align-center\" data-align=\"center\">1900mm*1000mm*1400mm<\/td><\/tr><tr><td>Poids<\/td><td class=\"has-text-align-center\" data-align=\"center\">300kg<\/td><\/tr><\/tbody><\/table><figcaption class=\"wp-element-caption\">param\u00e8tres de la machine de pelage de f\u00e8ves de cacao<\/figcaption><\/figure>    <figure class=\"wp-block-gallery has-nested-images columns-default is-cropped wp-block-gallery-3 is-layout-flex wp-block-gallery-is-layout-flex\"> <figure class=\"wp-block-image size-large\"><img loading=\"lazy\" decoding=\"async\" width=\"720\" height=\"540\" data-id=\"495\" src=\"https:\/\/bestpeanutmachine.com\/wp-content\/uploads\/2025\/09\/cocoa-bean-peeling-machine.webp\" alt=\"machine de pelage de f\u00e8ves de cacao\" class=\"wp-image-495\" srcset=\"https:\/\/bestpeanutmachine.com\/wp-content\/uploads\/2025\/09\/cocoa-bean-peeling-machine.webp 720w, https:\/\/bestpeanutmachine.com\/wp-content\/uploads\/2025\/09\/cocoa-bean-peeling-machine-300x225.webp 300w, https:\/\/bestpeanutmachine.com\/wp-content\/uploads\/2025\/09\/cocoa-bean-peeling-machine-16x12.webp 16w\" sizes=\"auto, (max-width: 720px) 100vw, 720px\" \/><figcaption class=\"wp-element-caption\">machine de pelage de f\u00e8ves de cacao<\/figcaption><\/figure>    <figure class=\"wp-block-image size-large\"><img loading=\"lazy\" decoding=\"async\" width=\"720\" height=\"540\" data-id=\"496\" src=\"https:\/\/bestpeanutmachine.com\/wp-content\/uploads\/2025\/09\/interior-of-peeler-machine.webp\" alt=\"int\u00e9rieur de la machine \u00e0 peler\" class=\"wp-image-496\" srcset=\"https:\/\/bestpeanutmachine.com\/wp-content\/uploads\/2025\/09\/interior-of-peeler-machine.webp 720w, https:\/\/bestpeanutmachine.com\/wp-content\/uploads\/2025\/09\/interior-of-peeler-machine-300x225.webp 300w, https:\/\/bestpeanutmachine.com\/wp-content\/uploads\/2025\/09\/interior-of-peeler-machine-16x12.webp 16w\" sizes=\"auto, (max-width: 720px) 100vw, 720px\" \/><figcaption class=\"wp-element-caption\">int\u00e9rieur de la machine \u00e0 peler<\/figcaption><\/figure> <\/figure>    <h3 class=\"wp-block-heading\"><strong>3. Broyeur de p\u00e2te de cacao<\/strong><\/h3>    <p class=\"translation-block\">La t\u00eate de broyage de notre <a href=\"https:\/\/bestpeanutmachine.com\/fr\/product\/peanut-butter-grinder-machine\/\">machine \u00e0 broyer<\/a> est en acier inoxydable 9Cr18, et la coque de la machine est en acier inoxydable 201. La machine a une tr\u00e8s haute efficacit\u00e9 de travail, et pour les grandes lignes de production, elle peut g\u00e9n\u00e9ralement atteindre 3t-5t\/h.<\/p>    <figure class=\"wp-block-table\"><table class=\"has-fixed-layout\"><tbody><tr><td>Mod\u00e8le<\/td><td class=\"has-text-align-center\" data-align=\"center\">TZ-220<\/td><\/tr><tr><td>Tension<\/td><td class=\"has-text-align-center\" data-align=\"center\">380V\/50HZ<\/td><\/tr><tr><td>Pouvoir<\/td><td class=\"has-text-align-center\" data-align=\"center\">30KW<\/td><\/tr><tr><td>Capacit\u00e9<\/td><td class=\"has-text-align-center\" data-align=\"center\">600-900kg\/h<\/td><\/tr><tr><td>Poids<\/td><td class=\"has-text-align-center\" data-align=\"center\">580kg<\/td><\/tr><tr><td>Taille<\/td><td class=\"has-text-align-center\" data-align=\"center\">1080mm*600mm*1350mm<\/td><\/tr><\/tbody><\/table><figcaption class=\"wp-element-caption\">sp\u00e9cifications de la machine de broyage du cacao<\/figcaption><\/figure>    <figure class=\"wp-block-gallery has-nested-images columns-default is-cropped wp-block-gallery-4 is-layout-flex wp-block-gallery-is-layout-flex\"> <figure class=\"wp-block-image size-large\"><img loading=\"lazy\" decoding=\"async\" width=\"720\" height=\"540\" data-id=\"497\" src=\"https:\/\/bestpeanutmachine.com\/wp-content\/uploads\/2025\/09\/cocoa-paste-grinder.webp\" alt=\"broyeur de p\u00e2te de cacao\" class=\"wp-image-497\" srcset=\"https:\/\/bestpeanutmachine.com\/wp-content\/uploads\/2025\/09\/cocoa-paste-grinder.webp 720w, https:\/\/bestpeanutmachine.com\/wp-content\/uploads\/2025\/09\/cocoa-paste-grinder-300x225.webp 300w, https:\/\/bestpeanutmachine.com\/wp-content\/uploads\/2025\/09\/cocoa-paste-grinder-16x12.webp 16w\" sizes=\"auto, (max-width: 720px) 100vw, 720px\" \/><figcaption class=\"wp-element-caption\">broyeur de p\u00e2te de cacao<\/figcaption><\/figure>    <figure class=\"wp-block-image size-large\"><img loading=\"lazy\" decoding=\"async\" width=\"720\" height=\"540\" data-id=\"498\" src=\"https:\/\/bestpeanutmachine.com\/wp-content\/uploads\/2025\/09\/cocoa-mass-grinder.webp\" alt=\"broyeur de masse de cacao\" class=\"wp-image-498\" srcset=\"https:\/\/bestpeanutmachine.com\/wp-content\/uploads\/2025\/09\/cocoa-mass-grinder.webp 720w, https:\/\/bestpeanutmachine.com\/wp-content\/uploads\/2025\/09\/cocoa-mass-grinder-300x225.webp 300w, https:\/\/bestpeanutmachine.com\/wp-content\/uploads\/2025\/09\/cocoa-mass-grinder-16x12.webp 16w\" sizes=\"auto, (max-width: 720px) 100vw, 720px\" \/><figcaption class=\"wp-element-caption\">broyeur de masse de cacao<\/figcaption><\/figure> <\/figure>    <h3 class=\"wp-block-heading\"><strong>4. Homog\u00e9n\u00e9isateur de masse de cacao<\/strong><\/h3>    <p>L'homog\u00e9n\u00e9isateur de p\u00e2te de cacao peut totalement r\u00e9duire les particules de la p\u00e2te de cacao et les disperser uniform\u00e9ment, rendant le produit plus d\u00e9licat et onctueux au go\u00fbt, et am\u00e9liorant m\u00eame la couleur et la brillance.<\/p>    <p>De plus, le processus d\u2019homog\u00e9n\u00e9isation maintient le beurre de cacao et les particules uniform\u00e9ment m\u00e9lang\u00e9s, emp\u00eachant la s\u00e9paration ou la s\u00e9dimentation, ce qui aide les produits \u00e0 rester frais plus longtemps.<\/p>    <figure class=\"wp-block-table\"><table class=\"has-fixed-layout\"><tbody><tr><td>Mod\u00e8le<\/td><td class=\"has-text-align-center\" data-align=\"center\">JJ-2\/80<\/td><\/tr><tr><td>Pouvoir<\/td><td class=\"has-text-align-center\" data-align=\"center\">37KW 380V<\/td><\/tr><tr><td>D\u00e9bit nominal<\/td><td class=\"has-text-align-center\" data-align=\"center\">2000L\/h<\/td><\/tr><tr><td>Tension nominale<\/td><td class=\"has-text-align-center\" data-align=\"center\">80Mpa<\/td><\/tr><tr><td>Tension utilis\u00e9e <\/td><td class=\"has-text-align-center\" data-align=\"center\">65Mpa<\/td><\/tr><tr><td>Taille<\/td><td class=\"has-text-align-center\" data-align=\"center\">1350mm*1200mm*1520mm<\/td><\/tr><\/tbody><\/table><figcaption class=\"wp-element-caption\">param\u00e8tres de l\u2019homog\u00e9n\u00e9isateur de masse de cacao<\/figcaption><\/figure>    <figure class=\"wp-block-gallery has-nested-images columns-default is-cropped wp-block-gallery-5 is-layout-flex wp-block-gallery-is-layout-flex\"> <figure class=\"wp-block-image size-large\"><img loading=\"lazy\" decoding=\"async\" width=\"720\" height=\"540\" data-id=\"499\" src=\"https:\/\/bestpeanutmachine.com\/wp-content\/uploads\/2025\/09\/cocoa-mass-homogenizer.webp\" alt=\"homog\u00e9n\u00e9isateur de masse de cacao\" class=\"wp-image-499\" srcset=\"https:\/\/bestpeanutmachine.com\/wp-content\/uploads\/2025\/09\/cocoa-mass-homogenizer.webp 720w, https:\/\/bestpeanutmachine.com\/wp-content\/uploads\/2025\/09\/cocoa-mass-homogenizer-300x225.webp 300w, https:\/\/bestpeanutmachine.com\/wp-content\/uploads\/2025\/09\/cocoa-mass-homogenizer-16x12.webp 16w\" sizes=\"auto, (max-width: 720px) 100vw, 720px\" \/><figcaption class=\"wp-element-caption\">homog\u00e9n\u00e9isateur de masse de cacao<\/figcaption><\/figure>    <figure class=\"wp-block-image size-large\"><img loading=\"lazy\" decoding=\"async\" width=\"720\" height=\"540\" data-id=\"500\" src=\"https:\/\/bestpeanutmachine.com\/wp-content\/uploads\/2025\/09\/cocoa-paste-homogenizer.webp\" alt=\"homog\u00e9n\u00e9isateur de p\u00e2te de cacao\" class=\"wp-image-500\" srcset=\"https:\/\/bestpeanutmachine.com\/wp-content\/uploads\/2025\/09\/cocoa-paste-homogenizer.webp 720w, https:\/\/bestpeanutmachine.com\/wp-content\/uploads\/2025\/09\/cocoa-paste-homogenizer-300x225.webp 300w, https:\/\/bestpeanutmachine.com\/wp-content\/uploads\/2025\/09\/cocoa-paste-homogenizer-16x12.webp 16w\" sizes=\"auto, (max-width: 720px) 100vw, 720px\" \/><figcaption class=\"wp-element-caption\">homog\u00e9n\u00e9isateur de p\u00e2te de cacao<\/figcaption><\/figure> <\/figure>    <h2 class=\"wp-block-heading\"><strong>Processus complet de fabrication de p\u00e2te de cacao<\/strong><\/h2>    <p>Le processus complet de production de p\u00e2te de cacao est : torr\u00e9faction\u2192refroidissement\u2192d\u00e9corticage\u2192broyage\u2192homog\u00e9n\u00e9isation\u2192m\u00e9lange\u2192stockage. Si vous avez besoin de services suppl\u00e9mentaires, tels qu'une ligne de remplissage de p\u00e2te de cacao ou le d\u00e9corticage des cabosses de cacao, nous fournissons les machines correspondantes.<\/p>    <p>Remarque : Pendant le m\u00e9lange, diff\u00e9rents mat\u00e9riaux peuvent \u00eatre ajout\u00e9s et agit\u00e9s, ce qui est l\u2019\u00e9tape cl\u00e9 pour produire diff\u00e9rents types de p\u00e2te de cacao ou p\u00e2te \u00e0 chocolat.<\/p>   <div class=\"wp-block-image\"> <figure class=\"aligncenter size-full\"><img loading=\"lazy\" decoding=\"async\" width=\"720\" height=\"540\" src=\"https:\/\/bestpeanutmachine.com\/wp-content\/uploads\/2025\/09\/cocoa-mass-making-machine.webp\" alt=\"machine de fabrication de masse de cacao\" class=\"wp-image-503\" srcset=\"https:\/\/bestpeanutmachine.com\/wp-content\/uploads\/2025\/09\/cocoa-mass-making-machine.webp 720w, https:\/\/bestpeanutmachine.com\/wp-content\/uploads\/2025\/09\/cocoa-mass-making-machine-300x225.webp 300w, https:\/\/bestpeanutmachine.com\/wp-content\/uploads\/2025\/09\/cocoa-mass-making-machine-16x12.webp 16w\" sizes=\"auto, (max-width: 720px) 100vw, 720px\" \/><figcaption class=\"wp-element-caption\">machine de fabrication de masse de cacao<\/figcaption><\/figure> <\/div>   <h2 class=\"wp-block-heading\"><strong>Applications de la ligne de production de liqueur de cacao<\/strong><\/h2>    <p>Cette ligne de production de p\u00e2te de cacao est largement utilis\u00e9e dans l'industrie du cacao et du chocolat, garantissant un approvisionnement stable en grandes quantit\u00e9s de liqueur de cacao fine et uniforme aux chocolateries.<\/p>    <p>De plus, la liqueur de cacao produite peut \u00e9galement \u00eatre utilis\u00e9e pour fabriquer du beurre de cacao et de la poudre de cacao. La masse de cacao peut \u00eatre press\u00e9e dans une presse \u00e0 huile pour s\u00e9parer le beurre de cacao et le g\u00e2teau de cacao, qui est la base de la fabrication de la poudre de cacao.<\/p>    <p>Ces produits finis ont un large march\u00e9 dans le monde entier et fournissent un support de mati\u00e8re premi\u00e8re pour une large gamme d\u2019industries telles que la confiserie, la boulangerie, les boissons, les produits laitiers, les cosm\u00e9tiques et les produits pharmaceutiques.<\/p>    <figure class=\"wp-block-gallery has-nested-images columns-default is-cropped wp-block-gallery-6 is-layout-flex wp-block-gallery-is-layout-flex\"> <figure class=\"wp-block-image size-full\"><img loading=\"lazy\" decoding=\"async\" width=\"720\" height=\"540\" data-id=\"502\" src=\"https:\/\/bestpeanutmachine.com\/wp-content\/uploads\/2025\/09\/chocolate-food.webp\" alt=\"produit chocolat\u00e9\" class=\"wp-image-502\" srcset=\"https:\/\/bestpeanutmachine.com\/wp-content\/uploads\/2025\/09\/chocolate-food.webp 720w, https:\/\/bestpeanutmachine.com\/wp-content\/uploads\/2025\/09\/chocolate-food-300x225.webp 300w, https:\/\/bestpeanutmachine.com\/wp-content\/uploads\/2025\/09\/chocolate-food-16x12.webp 16w\" sizes=\"auto, (max-width: 720px) 100vw, 720px\" \/><figcaption class=\"wp-element-caption\">produit chocolat\u00e9<\/figcaption><\/figure>    <figure class=\"wp-block-image size-large\"><img loading=\"lazy\" decoding=\"async\" width=\"720\" height=\"540\" data-id=\"501\" src=\"https:\/\/bestpeanutmachine.com\/wp-content\/uploads\/2025\/09\/cocoa-powder.webp\" alt=\"poudre de cacao\" class=\"wp-image-501\" srcset=\"https:\/\/bestpeanutmachine.com\/wp-content\/uploads\/2025\/09\/cocoa-powder.webp 720w, https:\/\/bestpeanutmachine.com\/wp-content\/uploads\/2025\/09\/cocoa-powder-300x225.webp 300w, https:\/\/bestpeanutmachine.com\/wp-content\/uploads\/2025\/09\/cocoa-powder-16x12.webp 16w\" sizes=\"auto, (max-width: 720px) 100vw, 720px\" \/><figcaption class=\"wp-element-caption\"><a href=\"https:\/\/en.wikipedia.org\/wiki\/Cocoa_solids\" target=\"_blank\" rel=\"noopener\">poudre de cacao<\/a><\/figcaption><\/figure> <\/figure>    <h2 class=\"wp-block-heading\"><strong>Cas r\u00e9ussi de projet de ligne de production de p\u00e2te de cacao<\/strong><\/h2>    <p>Un client de Turquie recherchait une ligne de production de masse de cacao enti\u00e8rement automatique pour moderniser son usine de chocolat et confiserie. En raison de la forte demande de production et des exigences \u00e9lev\u00e9es pour la machine, nous avons fourni cette ligne de production de 2t\/h.<\/p>    <p>Le plan initial n'a pas \u00e9t\u00e9 fluide. Notre client a remis en question la capacit\u00e9 de notre ligne de production \u00e0 r\u00e9pondre \u00e0 ses exigences de finesse, il souhaitait donc ajouter une machine de tamisage pour le contr\u00f4le qualit\u00e9. Apr\u00e8s un cycle de test, nous avons constat\u00e9 que la finesse r\u00e9pondait aux exigences de production, mais que la machine de tamisage affectait en r\u00e9alit\u00e9 l\u2019efficacit\u00e9 de production.<\/p>    <p>Apr\u00e8s plusieurs r\u00e9visions du plan, notre client a finalement d\u00e9termin\u00e9 l'investissement dans l'\u00e9quipement principal.<\/p>    <figure class=\"wp-block-table\"><table class=\"has-fixed-layout\"><tbody><tr><td>Machine<\/td><td class=\"has-text-align-center\" data-align=\"center\">Pouvoir<\/td><td class=\"has-text-align-center\" data-align=\"center\">Quantit\u00e9<\/td><\/tr><tr><td>\u00c9l\u00e9vateur<\/td><td class=\"has-text-align-center\" data-align=\"center\">0,75 kW<\/td><td class=\"has-text-align-center\" data-align=\"center\">3<\/td><\/tr><tr><td>Torr\u00e9facteur<\/td><td class=\"has-text-align-center\" data-align=\"center\">\/<\/td><td class=\"has-text-align-center\" data-align=\"center\">1<\/td><\/tr><tr><td>Tamis de d\u00e9charge<\/td><td class=\"has-text-align-center\" data-align=\"center\">1,1 kW<\/td><td class=\"has-text-align-center\" data-align=\"center\">1<\/td><\/tr><tr><td>D\u00e9cortiqueuse de fruits \u00e0 coque<\/td><td class=\"has-text-align-center\" data-align=\"center\">4.4kw<\/td><td class=\"has-text-align-center\" data-align=\"center\">2<\/td><\/tr><tr><td>Collecteur de poussi\u00e8re<\/td><td class=\"has-text-align-center\" data-align=\"center\">\/<\/td><td class=\"has-text-align-center\" data-align=\"center\">1<\/td><\/tr><tr><td>Convoyeur \u00e0 bande<\/td><td class=\"has-text-align-center\" data-align=\"center\">0.37kw<\/td><td class=\"has-text-align-center\" data-align=\"center\">1<\/td><\/tr><tr><td>R\u00e9servoir de stockage<\/td><td class=\"has-text-align-center\" data-align=\"center\">24kw+100kw<\/td><td class=\"has-text-align-center\" data-align=\"center\">3<\/td><\/tr><tr><td>Broyeur de fruits \u00e0 coque<\/td><td class=\"has-text-align-center\" data-align=\"center\">30kw<\/td><td class=\"has-text-align-center\" data-align=\"center\">6<\/td><\/tr><tr><td>Cuve de stockage<\/td><td class=\"has-text-align-center\" data-align=\"center\">\/<\/td><td class=\"has-text-align-center\" data-align=\"center\">1<\/td><\/tr><tr><td>Pompe \u00e0 rotor<\/td><td class=\"has-text-align-center\" data-align=\"center\">4kw + 7.5kw<\/td><td class=\"has-text-align-center\" data-align=\"center\">4<\/td><\/tr><tr><td>R\u00e9servoir de m\u00e9lange<\/td><td class=\"has-text-align-center\" data-align=\"center\">7.5 + 24kw<\/td><td class=\"has-text-align-center\" data-align=\"center\">3<\/td><\/tr><tr><td>R\u00e9servoir sous vide<\/td><td class=\"has-text-align-center\" data-align=\"center\">10 + 24kw<\/td><td class=\"has-text-align-center\" data-align=\"center\">1<\/td><\/tr><\/tbody><\/table><figcaption class=\"wp-element-caption\">liste finale des machines de la ligne de production de p\u00e2te de cacao<\/figcaption><\/figure>    <p>Cette ligne de production est maintenant en fonctionnement depuis six mois, et nos clients nous ont donn\u00e9 de bons retours. Ils pr\u00e9voient d\u2019ajouter quelques machines d\u2019emballage suppl\u00e9mentaires pour am\u00e9liorer les capacit\u00e9s globales d\u2019automatisation de l\u2019usine.<\/p>    <p>Taizy est un fabricant professionnel de machines de transformation de noix et de lignes de production. Nous concevrons la solution la plus adapt\u00e9e pour votre entreprise. Si vous avez des exigences ou souhaitez poser d\u2019autres questions, veuillez nous contacter. <\/p>    <p><\/p>","protected":false},"excerpt":{"rendered":"<p>Taizy fournit une ligne de production de p\u00e2te de cacao 2 t\/h pour les usines de transformation du cacao. Elle comprend la torr\u00e9faction, le d\u00e9corticage et le broyage des f\u00e8ves de cacao jusqu'\u00e0 la masse de cacao. Nous personnaliserons \u00e9galement les solutions les plus adapt\u00e9es \u00e0 votre entreprise et \u00e0 vos besoins.<\/p>","protected":false},"author":1,"featured_media":491,"parent":0,"template":"","tags":[80,79],"product-type":[60],"class_list":["post-456","product","type-product","status-publish","has-post-thumbnail","hentry","tag-cocoa","tag-cocoa-paste","product-type-production-line"],"_links":{"self":[{"href":"https:\/\/bestpeanutmachine.com\/fr\/wp-json\/wp\/v2\/product\/456","targetHints":{"allow":["GET"]}}],"collection":[{"href":"https:\/\/bestpeanutmachine.com\/fr\/wp-json\/wp\/v2\/product"}],"about":[{"href":"https:\/\/bestpeanutmachine.com\/fr\/wp-json\/wp\/v2\/types\/product"}],"author":[{"embeddable":true,"href":"https:\/\/bestpeanutmachine.com\/fr\/wp-json\/wp\/v2\/users\/1"}],"wp:featuredmedia":[{"embeddable":true,"href":"https:\/\/bestpeanutmachine.com\/fr\/wp-json\/wp\/v2\/media\/491"}],"wp:attachment":[{"href":"https:\/\/bestpeanutmachine.com\/fr\/wp-json\/wp\/v2\/media?parent=456"}],"wp:term":[{"taxonomy":"post_tag","embeddable":true,"href":"https:\/\/bestpeanutmachine.com\/fr\/wp-json\/wp\/v2\/tags?post=456"},{"taxonomy":"product-type","embeddable":true,"href":"https:\/\/bestpeanutmachine.com\/fr\/wp-json\/wp\/v2\/product-type?post=456"}],"curies":[{"name":"wp","href":"https:\/\/api.w.org\/{rel}","templated":true}]}}