{"id":514,"date":"2025-10-09T16:18:03","date_gmt":"2025-10-09T08:18:03","guid":{"rendered":"https:\/\/bestpeanutmachine.com\/?post_type=product&#038;p=514"},"modified":"2025-10-09T16:18:03","modified_gmt":"2025-10-09T08:18:03","slug":"cocoa-bean-peeling-machine","status":"publish","type":"product","link":"https:\/\/bestpeanutmachine.com\/fr\/product\/cocoa-bean-peeling-machine\/","title":{"rendered":"Machine d\u2019\u00e9pluchage de f\u00e8ves de cacao"},"content":{"rendered":"<p class=\"translation-block\">La <strong>machine de pelage des f\u00e8ves de cacao Taizy<\/strong> est utilis\u00e9e pour pelder les f\u00e8ves de cacao torr\u00e9fi\u00e9es. Son produit final est des \u00e9clats de cacao propres sans peau. Cette machine a un taux de pelage tr\u00e8s \u00e9lev\u00e9, atteignant jusqu'\u00e0 99%, avec une large plage de capacit\u00e9s de production de 50 \u00e0 1000 kg\/h.<\/p>    <p>Notre machine de nettoyage de f\u00e8ves de cacao est principalement en acier inoxydable, ce qui en fait une machine indispensable pour les usines de traitement du cacao et les fabriques de chocolat. Les usines de traitement du cacao au Ghana, au P\u00e9rou, en Indon\u00e9sie et dans de nombreux autres pays ont coop\u00e9r\u00e9 avec nous.<\/p>    <h2 class=\"wp-block-heading\"><strong>Points forts de la machine de pelage des f\u00e8ves de cacao<\/strong><\/h2>    <ol class=\"wp-block-list\"> <li>La production de la machine pelant les f\u00e8ves de cacao varie de 50 \u00e0 1000kg\/h en raison de ses diff\u00e9rents mod\u00e8les. Elle peut donc \u00eatre utilis\u00e9e dans toutes les situations, non seulement dans les petites usines, mais aussi dans les grandes lignes de production continue de p\u00e2te de cacao.<\/li>    <li>Son taux d\u2019\u00e9limination atteint jusqu\u2019\u00e0 99%. Certains mod\u00e8les ont ajout\u00e9 une fonction de criblage, ce qui peut r\u00e9duire la teneur en \u00e9clats dans la peau pour \u00e9viter le gaspillage des produits finaux.<\/li>    <li>Les parties sup\u00e9rieures et inf\u00e9rieures, le bo\u00eetier de la machine, les rouleaux et autres pi\u00e8ces en contact avec le mat\u00e9riau sont toutes en acier inoxydable de haute qualit\u00e9, assurant une longue dur\u00e9e d\u2019utilisation.<\/li>    <li> Toutes nos machines disposent d\u2019une certification CE et d\u2019autres certificats internationaux d\u2019exportation. Les machines de pelage des f\u00e8ves de cacao produites par notre usine sont contr\u00f4l\u00e9es rigoureusement en mati\u00e8re de qualit\u00e9 et les prix sont transparents. <\/li> <\/ol>   <div class=\"wp-block-image\"> <figure class=\"aligncenter size-full\"><img loading=\"lazy\" decoding=\"async\" width=\"720\" height=\"540\" src=\"https:\/\/bestpeanutmachine.com\/wp-content\/uploads\/2025\/10\/automatic-cocoa-bean-peeler-machine.webp\" alt=\"machine pelant les f\u00e8ves de cacao automatique\" class=\"wp-image-525\" srcset=\"https:\/\/bestpeanutmachine.com\/wp-content\/uploads\/2025\/10\/automatic-cocoa-bean-peeler-machine.webp 720w, https:\/\/bestpeanutmachine.com\/wp-content\/uploads\/2025\/10\/automatic-cocoa-bean-peeler-machine-300x225.webp 300w, https:\/\/bestpeanutmachine.com\/wp-content\/uploads\/2025\/10\/automatic-cocoa-bean-peeler-machine-16x12.webp 16w\" sizes=\"auto, (max-width: 720px) 100vw, 720px\" \/><figcaption class=\"wp-element-caption\">machine pelant les f\u00e8ves de cacao automatique<\/figcaption><\/figure> <\/div>   <h2 class=\"wp-block-heading\"><strong>Structure de la machine de d\u00e9barrassage des f\u00e8ves de cacao<\/strong><\/h2>    <p>La machine pelant les f\u00e8ves de cacao Taizy se compose principalement d\u2019une goulotte d\u2019alimentation, d\u2019un dispositif de cassage \u00e0 rouleaux, d\u2019un syst\u00e8me de s\u00e9paration par air, d\u2019un collecteur cyclone, d\u2019un syst\u00e8me de sortie et d\u2019un moteur &amp; syst\u00e8me de contr\u00f4le.<\/p>    <p>En m\u00eame temps, alors que notre \u00e9quipe technique poursuit ses recherches et am\u00e9liore la machine de d\u00e9barrassage des f\u00e8ves de cacao, le type nouvellement lanc\u00e9 comprend un dispositif de criblage sp\u00e9cial, qui peut rendre le produit plus propre.<\/p>    <figure class=\"wp-block-gallery has-nested-images columns-default is-cropped wp-block-gallery-2 is-layout-flex wp-block-gallery-is-layout-flex\"> <figure class=\"wp-block-image size-large\"><img loading=\"lazy\" decoding=\"async\" width=\"720\" height=\"540\" data-id=\"531\" src=\"https:\/\/bestpeanutmachine.com\/wp-content\/uploads\/2025\/10\/winnowing-cocoa-beans-machine.webp\" alt=\"machine de d\u00e9barrassage des f\u00e8ves de cacao et de s\u00e9paration\" class=\"wp-image-531\" srcset=\"https:\/\/bestpeanutmachine.com\/wp-content\/uploads\/2025\/10\/winnowing-cocoa-beans-machine.webp 720w, https:\/\/bestpeanutmachine.com\/wp-content\/uploads\/2025\/10\/winnowing-cocoa-beans-machine-300x225.webp 300w, https:\/\/bestpeanutmachine.com\/wp-content\/uploads\/2025\/10\/winnowing-cocoa-beans-machine-16x12.webp 16w\" sizes=\"auto, (max-width: 720px) 100vw, 720px\" \/><figcaption class=\"wp-element-caption\">machine de d\u00e9barrassage des f\u00e8ves de cacao et de s\u00e9paration<\/figcaption><\/figure>    <figure class=\"wp-block-image size-large\"><img loading=\"lazy\" decoding=\"async\" width=\"720\" height=\"540\" data-id=\"527\" src=\"https:\/\/bestpeanutmachine.com\/wp-content\/uploads\/2025\/10\/feeding-hopper.webp\" alt=\"Goulotte d\u2019alimentation de la machine pelant les f\u00e8ves de cacao\" class=\"wp-image-527\" srcset=\"https:\/\/bestpeanutmachine.com\/wp-content\/uploads\/2025\/10\/feeding-hopper.webp 720w, https:\/\/bestpeanutmachine.com\/wp-content\/uploads\/2025\/10\/feeding-hopper-300x225.webp 300w, https:\/\/bestpeanutmachine.com\/wp-content\/uploads\/2025\/10\/feeding-hopper-16x12.webp 16w\" sizes=\"auto, (max-width: 720px) 100vw, 720px\" \/><figcaption class=\"wp-element-caption\">Goulotte d'alimentation<\/figcaption><\/figure>    <figure class=\"wp-block-image size-large\"><img loading=\"lazy\" decoding=\"async\" width=\"720\" height=\"540\" data-id=\"529\" src=\"https:\/\/bestpeanutmachine.com\/wp-content\/uploads\/2025\/10\/roller-device.webp\" alt=\"dispositif \u00e0 rouleaux de la machine pelant les f\u00e8ves de cacao\" class=\"wp-image-529\" srcset=\"https:\/\/bestpeanutmachine.com\/wp-content\/uploads\/2025\/10\/roller-device.webp 720w, https:\/\/bestpeanutmachine.com\/wp-content\/uploads\/2025\/10\/roller-device-300x225.webp 300w, https:\/\/bestpeanutmachine.com\/wp-content\/uploads\/2025\/10\/roller-device-16x12.webp 16w\" sizes=\"auto, (max-width: 720px) 100vw, 720px\" \/><figcaption class=\"wp-element-caption\">dispositif \u00e0 rouleaux<\/figcaption><\/figure>    <figure class=\"wp-block-image size-large\"><img loading=\"lazy\" decoding=\"async\" width=\"720\" height=\"540\" data-id=\"530\" src=\"https:\/\/bestpeanutmachine.com\/wp-content\/uploads\/2025\/10\/vibrating-screen.webp\" alt=\"\u00e9cran vibrant de la pelure des f\u00e8ves de cacao\" class=\"wp-image-530\" srcset=\"https:\/\/bestpeanutmachine.com\/wp-content\/uploads\/2025\/10\/vibrating-screen.webp 720w, https:\/\/bestpeanutmachine.com\/wp-content\/uploads\/2025\/10\/vibrating-screen-300x225.webp 300w, https:\/\/bestpeanutmachine.com\/wp-content\/uploads\/2025\/10\/vibrating-screen-16x12.webp 16w\" sizes=\"auto, (max-width: 720px) 100vw, 720px\" \/><figcaption class=\"wp-element-caption\">\u00e9cran vibrant<\/figcaption><\/figure>    <figure class=\"wp-block-image size-large\"><img loading=\"lazy\" decoding=\"async\" width=\"720\" height=\"540\" data-id=\"532\" src=\"https:\/\/bestpeanutmachine.com\/wp-content\/uploads\/2025\/10\/fans-and-pipes.webp\" alt=\"ventilateurs et tuyaux de la machine pelant les f\u00e8ves de cacao\" class=\"wp-image-532\" srcset=\"https:\/\/bestpeanutmachine.com\/wp-content\/uploads\/2025\/10\/fans-and-pipes.webp 720w, https:\/\/bestpeanutmachine.com\/wp-content\/uploads\/2025\/10\/fans-and-pipes-300x225.webp 300w, https:\/\/bestpeanutmachine.com\/wp-content\/uploads\/2025\/10\/fans-and-pipes-16x12.webp 16w\" sizes=\"auto, (max-width: 720px) 100vw, 720px\" \/><figcaption class=\"wp-element-caption\">ventilateurs et tuyaux<\/figcaption><\/figure>    <figure class=\"wp-block-image size-large\"><img loading=\"lazy\" decoding=\"async\" width=\"720\" height=\"540\" data-id=\"528\" src=\"https:\/\/bestpeanutmachine.com\/wp-content\/uploads\/2025\/10\/outlet.webp\" alt=\"sortie de la machine de pelage des f\u00e8ves de cacao\" class=\"wp-image-528\" srcset=\"https:\/\/bestpeanutmachine.com\/wp-content\/uploads\/2025\/10\/outlet.webp 720w, https:\/\/bestpeanutmachine.com\/wp-content\/uploads\/2025\/10\/outlet-300x225.webp 300w, https:\/\/bestpeanutmachine.com\/wp-content\/uploads\/2025\/10\/outlet-16x12.webp 16w\" sizes=\"auto, (max-width: 720px) 100vw, 720px\" \/><figcaption class=\"wp-element-caption\">sortie<\/figcaption><\/figure> <\/figure>    <h2 class=\"wp-block-heading\"><strong>Principe de fonctionnement de la machine pelant les f\u00e8ves de cacao<\/strong><\/h2>    <p>Le principe de fonctionnement de notre machine de d\u00e9barrassage des f\u00e8ves de cacao est simple mais tr\u00e8s efficace.<\/p>    <ul class=\"wp-block-list\"> <li>Tout d\u2019abord, les f\u00e8ves de cacao sont distribu\u00e9es uniform\u00e9ment dans la goulotte. Si la machine de pelage des f\u00e8ves de cacao fait partie d\u2019une ligne de production, la goulotte se connectera \u00e0 l\u2019\u00e9l\u00e9vateur.<\/li>    <li>Ensuite, les f\u00e8ves sont pel\u00e9es par l\u2019action roulante et frictionnelle des rouleaux de pelage, ce qui assouplit et s\u00e9pare la peau.<\/li>    <li>Apr\u00e8s cela, le m\u00e9lange tombe sur un \u00e9cran vibrant, qui classe le mat\u00e9riau en diff\u00e9rentes parties selon leur poids.<\/li>    <li>En m\u00eame temps, les ventilateurs utilisent un flux d\u2019air pour attirer les peaux s\u00e9par\u00e9es des f\u00e8ves de cacao dans un collecteur cyclone pour le stockage.<\/li>    <li>Enfin, les \u00e9clats propres de cacao sont rejet\u00e9s par la sortie. <\/li> <\/ul>    <h2 class=\"wp-block-heading\"><strong>3 types de machine pelant les f\u00e8ves de cacao Taizy<\/strong><\/h2>    <h3 class=\"wp-block-heading\"><strong>Type 1 : machine de pelage et de cassage des f\u00e8ves de cacao<\/strong><\/h3>    <p>Ce type a une petite capacit\u00e9 allant de 50-200kg\/h. Il peut \u00eatre personnalis\u00e9 avec le collecteur de poussi\u00e8re et l\u2019\u00e9quipement de roue, qui conviennent davantage aux petites installations de traitement avec des budgets limit\u00e9s qui veulent simplement traiter les f\u00e8ves de cacao.<\/p>    <figure class=\"wp-block-table\"><table class=\"has-fixed-layout\"><tbody><tr><td>Mod\u00e8le<\/td><td class=\"has-text-align-center\" data-align=\"center\">TZ-1<\/td><td class=\"has-text-align-center\" data-align=\"center\">TZ-2<\/td><\/tr><tr><td>Capacit\u00e9<\/td><td class=\"has-text-align-center\" data-align=\"center\">50-100kg\/h<\/td><td class=\"has-text-align-center\" data-align=\"center\">200kg\/h<\/td><\/tr><tr><td>Tension<\/td><td class=\"has-text-align-center\" data-align=\"center\">380V50HZ<\/td><td class=\"has-text-align-center\" data-align=\"center\">380V<\/td><\/tr><tr><td>Puissance de la machine<\/td><td class=\"has-text-align-center\" data-align=\"center\">0,4KW<\/td><td class=\"has-text-align-center\" data-align=\"center\">0,75KW<\/td><\/tr><tr><td>Puissance du cyclone<\/td><td class=\"has-text-align-center\" data-align=\"center\">0,37KW<\/td><td class=\"has-text-align-center\" data-align=\"center\">0,55KW<\/td><\/tr><tr><td>Taille<\/td><td class=\"has-text-align-center\" data-align=\"center\">1000mm*1000mm*1300mm<\/td><td class=\"has-text-align-center\" data-align=\"center\">1200mm*1100mm*1200mm<\/td><\/tr><tr><td>Taux de pelage<\/td><td class=\"has-text-align-center\" data-align=\"center\">&gt;98%<\/td><td class=\"has-text-align-center\" data-align=\"center\">&gt;98%<\/td><\/tr><\/tbody><\/table><figcaption class=\"wp-element-caption\">Sp\u00e9cifications de la machine de pelage et de cassage des f\u00e8ves de cacao<\/figcaption><\/figure>    <figure class=\"wp-block-gallery has-nested-images columns-default is-cropped wp-block-gallery-3 is-layout-flex wp-block-gallery-is-layout-flex\"> <figure class=\"wp-block-image size-large\"><img loading=\"lazy\" decoding=\"async\" width=\"720\" height=\"540\" data-id=\"516\" src=\"https:\/\/bestpeanutmachine.com\/wp-content\/uploads\/2025\/10\/cocoa-bean-peeler-and-cracker.webp\" alt=\"pelatrice et casseuse de f\u00e8ves de cacao\" class=\"wp-image-516\" srcset=\"https:\/\/bestpeanutmachine.com\/wp-content\/uploads\/2025\/10\/cocoa-bean-peeler-and-cracker.webp 720w, https:\/\/bestpeanutmachine.com\/wp-content\/uploads\/2025\/10\/cocoa-bean-peeler-and-cracker-300x225.webp 300w, https:\/\/bestpeanutmachine.com\/wp-content\/uploads\/2025\/10\/cocoa-bean-peeler-and-cracker-16x12.webp 16w\" sizes=\"auto, (max-width: 720px) 100vw, 720px\" \/><figcaption class=\"wp-element-caption\">pelatrice et casseuse de f\u00e8ves de cacao<\/figcaption><\/figure>    <figure class=\"wp-block-image size-large\"><img loading=\"lazy\" decoding=\"async\" width=\"720\" height=\"540\" data-id=\"517\" src=\"https:\/\/bestpeanutmachine.com\/wp-content\/uploads\/2025\/10\/cocoa-bean-peeling-and-cracking-machine.webp\" alt=\"machine de pelage et de cassage des f\u00e8ves de cacao\" class=\"wp-image-517\" srcset=\"https:\/\/bestpeanutmachine.com\/wp-content\/uploads\/2025\/10\/cocoa-bean-peeling-and-cracking-machine.webp 720w, https:\/\/bestpeanutmachine.com\/wp-content\/uploads\/2025\/10\/cocoa-bean-peeling-and-cracking-machine-300x225.webp 300w, https:\/\/bestpeanutmachine.com\/wp-content\/uploads\/2025\/10\/cocoa-bean-peeling-and-cracking-machine-16x12.webp 16w\" sizes=\"auto, (max-width: 720px) 100vw, 720px\" \/><figcaption class=\"wp-element-caption\">machine de pelage et de cassage des f\u00e8ves de cacao<\/figcaption><\/figure> <\/figure>    <h3 class=\"wp-block-heading\"><strong>Type 2 : s\u00e9parateur d\u2019\u00e9clats de f\u00e8ves de cacao<\/strong><\/h3>    <p>Cette machine de pelage des f\u00e8ves de cacao est \u00e9quip\u00e9e d\u2019un tamis vibrant \u00e0 trois couches, qui peut ajuster la vitesse du vent et la taille des interstices de pelage pour s\u00e9parer compl\u00e8tement la peau et le c\u0153ur. Elle est habituellement mise en \u0153uvre dans une ligne de production.<\/p>    <figure class=\"wp-block-table\"><table class=\"has-fixed-layout\"><tbody><tr><td>Mod\u00e8le<\/td><td class=\"has-text-align-center\" data-align=\"center\">Kt-1<\/td><td class=\"has-text-align-center\" data-align=\"center\">Kt-2<\/td><td class=\"has-text-align-center\" data-align=\"center\">Kt-3<\/td><\/tr><tr><td>Capacit\u00e9<\/td><td class=\"has-text-align-center\" data-align=\"center\">100kg\/h<\/td><td class=\"has-text-align-center\" data-align=\"center\">300kg\/h<\/td><td class=\"has-text-align-center\" data-align=\"center\">400-500kg\/h<\/td><\/tr><tr><td>Tension<\/td><td class=\"has-text-align-center\" data-align=\"center\">380V<\/td><td class=\"has-text-align-center\" data-align=\"center\">380V<\/td><td class=\"has-text-align-center\" data-align=\"center\">380V<\/td><\/tr><tr><td>Puissance de la machine<\/td><td class=\"has-text-align-center\" data-align=\"center\">0,75KW<\/td><td class=\"has-text-align-center\" data-align=\"center\">0,75KW<\/td><td class=\"has-text-align-center\" data-align=\"center\">1,1KW<\/td><\/tr><tr><td>Puissance du cyclone<\/td><td class=\"has-text-align-center\" data-align=\"center\">1,1KW<\/td><td class=\"has-text-align-center\" data-align=\"center\">1.5KW<\/td><td class=\"has-text-align-center\" data-align=\"center\">2.2KW<\/td><\/tr><tr><td>Puissance du tamis vibrant<\/td><td class=\"has-text-align-center\" data-align=\"center\">0,18KW<\/td><td class=\"has-text-align-center\" data-align=\"center\">0,18KW<\/td><td class=\"has-text-align-center\" data-align=\"center\">0,18KW<\/td><\/tr><tr><td>Taux de pelage<\/td><td class=\"has-text-align-center\" data-align=\"center\">&gt;99%<\/td><td class=\"has-text-align-center\" data-align=\"center\">&gt;99%<\/td><td class=\"has-text-align-center\" data-align=\"center\">&gt;99%<\/td><\/tr><tr><td>Taille<\/td><td class=\"has-text-align-center\" data-align=\"center\">1400mm*600mm*1300mm<\/td><td class=\"has-text-align-center\" data-align=\"center\">1600mm*700mm*1400mm<\/td><td class=\"has-text-align-center\" data-align=\"center\">1600mm*1000mm*1400mm<\/td><\/tr><tr><td>Poids<\/td><td class=\"has-text-align-center\" data-align=\"center\">150kg<\/td><td class=\"has-text-align-center\" data-align=\"center\">200 kg<\/td><td class=\"has-text-align-center\" data-align=\"center\">280 kg<\/td><\/tr><\/tbody><\/table><figcaption class=\"wp-element-caption\">param\u00e8tres d\u00e9taill\u00e9s du s\u00e9parateur d\u2019\u00e9clats de f\u00e8ves de cacao<\/figcaption><\/figure>    <figure class=\"wp-block-gallery has-nested-images columns-default is-cropped wp-block-gallery-4 is-layout-flex wp-block-gallery-is-layout-flex\"> <figure class=\"wp-block-image size-large\"><img loading=\"lazy\" decoding=\"async\" width=\"720\" height=\"540\" data-id=\"518\" src=\"https:\/\/bestpeanutmachine.com\/wp-content\/uploads\/2025\/10\/cocoa-bean-nibs-separating-machine.webp\" alt=\"machine de s\u00e9paration des \u00e9clats de f\u00e8ves de cacao\" class=\"wp-image-518\" srcset=\"https:\/\/bestpeanutmachine.com\/wp-content\/uploads\/2025\/10\/cocoa-bean-nibs-separating-machine.webp 720w, https:\/\/bestpeanutmachine.com\/wp-content\/uploads\/2025\/10\/cocoa-bean-nibs-separating-machine-300x225.webp 300w, https:\/\/bestpeanutmachine.com\/wp-content\/uploads\/2025\/10\/cocoa-bean-nibs-separating-machine-16x12.webp 16w\" sizes=\"auto, (max-width: 720px) 100vw, 720px\" \/><figcaption class=\"wp-element-caption\">machine de s\u00e9paration des \u00e9clats de f\u00e8ves de cacao<\/figcaption><\/figure>    <figure class=\"wp-block-image size-large\"><img loading=\"lazy\" decoding=\"async\" width=\"720\" height=\"540\" data-id=\"519\" src=\"https:\/\/bestpeanutmachine.com\/wp-content\/uploads\/2025\/10\/cocoa-bean-nibs-separator.webp\" alt=\"s\u00e9parateur des \u00e9clats de f\u00e8ves de cacao\" class=\"wp-image-519\" srcset=\"https:\/\/bestpeanutmachine.com\/wp-content\/uploads\/2025\/10\/cocoa-bean-nibs-separator.webp 720w, https:\/\/bestpeanutmachine.com\/wp-content\/uploads\/2025\/10\/cocoa-bean-nibs-separator-300x225.webp 300w, https:\/\/bestpeanutmachine.com\/wp-content\/uploads\/2025\/10\/cocoa-bean-nibs-separator-16x12.webp 16w\" sizes=\"auto, (max-width: 720px) 100vw, 720px\" \/><figcaption class=\"wp-element-caption\">s\u00e9parateur des \u00e9clats de f\u00e8ves de cacao<\/figcaption><\/figure> <\/figure>    <h3 class=\"wp-block-heading\"><strong>Type 3 : machine de d\u00e9barrassage des f\u00e8ves de cacao<\/strong><\/h3>    <p>Ce type de machine de pelage des f\u00e8ves de cacao n\u2019a qu\u2019une seule couche de grille, mais est \u00e9quip\u00e9e d\u2019un tuyau d\u2019aspiration et d\u2019un dispositif de collecte\/stockage par cyclone. Elle a la plus grande capacit\u00e9 de production, pouvant atteindre 1000kg\/h.<\/p>    <figure class=\"wp-block-table\"><table class=\"has-fixed-layout\"><tbody><tr><td>Mod\u00e8le<\/td><td class=\"has-text-align-center\" data-align=\"center\">HB-2<\/td><\/tr><tr><td>Capacit\u00e9<\/td><td class=\"has-text-align-center\" data-align=\"center\">1000kg\/h<\/td><\/tr><tr><td>Tension<\/td><td class=\"has-text-align-center\" data-align=\"center\">4.4KW<\/td><\/tr><tr><td>Puissance de la machine<\/td><td class=\"has-text-align-center\" data-align=\"center\">2.2KW<\/td><\/tr><tr><td>Puissance du cyclone<\/td><td class=\"has-text-align-center\" data-align=\"center\">380V50Hz<\/td><\/tr><tr><td>Taille<\/td><td class=\"has-text-align-center\" data-align=\"center\">1900mm*1000mm*1400mm<\/td><\/tr><tr><td>Poids<\/td><td class=\"has-text-align-center\" data-align=\"center\">300kg<\/td><\/tr><\/tbody><\/table><figcaption class=\"wp-element-caption\">Param\u00e8tres de la machine de d\u00e9barrassage des f\u00e8ves de cacao<\/figcaption><\/figure>    <figure class=\"wp-block-gallery has-nested-images columns-default is-cropped wp-block-gallery-5 is-layout-flex wp-block-gallery-is-layout-flex\"> <figure class=\"wp-block-image size-large\"><img loading=\"lazy\" decoding=\"async\" width=\"720\" height=\"540\" data-id=\"520\" src=\"https:\/\/bestpeanutmachine.com\/wp-content\/uploads\/2025\/10\/cocoa-bean-winnower-machine.webp\" alt=\"machine de mad\u00e9rage des f\u00e8ves de cacao\" class=\"wp-image-520\" srcset=\"https:\/\/bestpeanutmachine.com\/wp-content\/uploads\/2025\/10\/cocoa-bean-winnower-machine.webp 720w, https:\/\/bestpeanutmachine.com\/wp-content\/uploads\/2025\/10\/cocoa-bean-winnower-machine-300x225.webp 300w, https:\/\/bestpeanutmachine.com\/wp-content\/uploads\/2025\/10\/cocoa-bean-winnower-machine-16x12.webp 16w\" sizes=\"auto, (max-width: 720px) 100vw, 720px\" \/><figcaption class=\"wp-element-caption\">machine de mad\u00e9rage des f\u00e8ves de cacao<\/figcaption><\/figure>    <figure class=\"wp-block-image size-large\"><img loading=\"lazy\" decoding=\"async\" width=\"720\" height=\"540\" data-id=\"521\" src=\"https:\/\/bestpeanutmachine.com\/wp-content\/uploads\/2025\/10\/cocoa-bean-winnowing-machine.webp\" alt=\"machine de d\u00e9barrassage des f\u00e8ves de cacao\" class=\"wp-image-521\" srcset=\"https:\/\/bestpeanutmachine.com\/wp-content\/uploads\/2025\/10\/cocoa-bean-winnowing-machine.webp 720w, https:\/\/bestpeanutmachine.com\/wp-content\/uploads\/2025\/10\/cocoa-bean-winnowing-machine-300x225.webp 300w, https:\/\/bestpeanutmachine.com\/wp-content\/uploads\/2025\/10\/cocoa-bean-winnowing-machine-16x12.webp 16w\" sizes=\"auto, (max-width: 720px) 100vw, 720px\" \/><figcaption class=\"wp-element-caption\">machine de d\u00e9barrassage des f\u00e8ves de cacao<\/figcaption><\/figure> <\/figure>    <p>Si vous ne savez pas quel type convient le mieux \u00e0 votre activit\u00e9, il serait advantageous de nous consulter. Nous avons une \u00e9quipe professionnelle qui peut vous donner les meilleurs conseils.<\/p>    <h2 class=\"wp-block-heading\"><strong>Application de la machine de pelage des f\u00e8ves de cacao<\/strong><\/h2>    <p class=\"translation-block\">La machine de pelage des f\u00e8ves de cacao est largement utilis\u00e9e dans les industries de traitement du cacao et du chocolat. Elle peut retirer efficacement les peaux des f\u00e8ves de cacao torr\u00e9fi\u00e9es ou s\u00e9ch\u00e9es, produisant des \u00e9clats propres pour le traitement suivant. Ces \u00e9clats constituent la mati\u00e8re premi\u00e8re pour la <a href=\"https:\/\/en.wikipedia.org\/wiki\/Chocolate_liquor\" target=\"_blank\" rel=\"noopener\">masse de cacao<\/a>, la poudre de cacao et les produits chocolat\u00e9s.<\/p>    <p>Ainsi, ce type de machine convient aux usines alimentaires, lignes de production de chocolat, moulins de poudre de cacao, et m\u00eame petites et moyennes installations de traitement dans les zones de production de f\u00e8ves de cacao pour aider les industries \u00e0 am\u00e9liorer la qualit\u00e9 des produits, r\u00e9duire le travail manuel et augmenter la capacit\u00e9 de production.<\/p>    <figure class=\"wp-block-gallery has-nested-images columns-default is-cropped wp-block-gallery-6 is-layout-flex wp-block-gallery-is-layout-flex\"> <figure class=\"wp-block-image size-large\"><img loading=\"lazy\" decoding=\"async\" width=\"720\" height=\"540\" data-id=\"522\" src=\"https:\/\/bestpeanutmachine.com\/wp-content\/uploads\/2025\/10\/chocolate-food-processing-factory.webp\" alt=\"usine de transformation d\u2019aliments au chocolat\" class=\"wp-image-522\" srcset=\"https:\/\/bestpeanutmachine.com\/wp-content\/uploads\/2025\/10\/chocolate-food-processing-factory.webp 720w, https:\/\/bestpeanutmachine.com\/wp-content\/uploads\/2025\/10\/chocolate-food-processing-factory-300x225.webp 300w, https:\/\/bestpeanutmachine.com\/wp-content\/uploads\/2025\/10\/chocolate-food-processing-factory-16x12.webp 16w\" sizes=\"auto, (max-width: 720px) 100vw, 720px\" \/><figcaption class=\"wp-element-caption\">usine de transformation d\u2019aliments au chocolat<\/figcaption><\/figure>    <figure class=\"wp-block-image size-large\"><img loading=\"lazy\" decoding=\"async\" width=\"720\" height=\"540\" data-id=\"523\" src=\"https:\/\/bestpeanutmachine.com\/wp-content\/uploads\/2025\/10\/cocoa-bean-origin-factory.webp\" alt=\"usine d\u2019origine des f\u00e8ves de cacao\" class=\"wp-image-523\" srcset=\"https:\/\/bestpeanutmachine.com\/wp-content\/uploads\/2025\/10\/cocoa-bean-origin-factory.webp 720w, https:\/\/bestpeanutmachine.com\/wp-content\/uploads\/2025\/10\/cocoa-bean-origin-factory-300x225.webp 300w, https:\/\/bestpeanutmachine.com\/wp-content\/uploads\/2025\/10\/cocoa-bean-origin-factory-16x12.webp 16w\" sizes=\"auto, (max-width: 720px) 100vw, 720px\" \/><figcaption class=\"wp-element-caption\">usine d\u2019origine des f\u00e8ves de cacao<\/figcaption><\/figure> <\/figure>    <p>Si vous \u00eates int\u00e9ress\u00e9 par cette machine de pelage des f\u00e8ves de cacao, veuillez nous contacter.<\/p>    <p class=\"translation-block\">Nous fournissons \u00e9galement la ligne de production de p\u00e2te de cacao et d\u2019autres types de machines de traitement des noix. Pour en savoir plus, cliquez ici pour obtenir : <a href=\"https:\/\/bestpeanutmachine.com\/fr\/product\/2t-cocoa-paste-production-line\/\">Ligne de production de p\u00e2te de cacao 2t<\/a>.<\/p>","protected":false},"excerpt":{"rendered":"<p>En tant que machine n\u00e9cessaire dans chaque usine de production de cacao, la machine de d\u00e9corticage des f\u00e8ves de cacao peut efficacement casser les f\u00e8ves de cacao torr\u00e9fi\u00e9es ou s\u00e8ches et s\u00e9parer les pelures et les morceaux avec un taux de &gt;99% et une capacit\u00e9 de 50-1000 kg\/h.<\/p>","protected":false},"author":1,"featured_media":515,"parent":0,"template":"","tags":[80,81],"product-type":[76,6],"class_list":["post-514","product","type-product","status-publish","has-post-thumbnail","hentry","tag-cocoa","tag-cocoa-bean","product-type-other-nuts-machine","product-type-product"],"_links":{"self":[{"href":"https:\/\/bestpeanutmachine.com\/fr\/wp-json\/wp\/v2\/product\/514","targetHints":{"allow":["GET"]}}],"collection":[{"href":"https:\/\/bestpeanutmachine.com\/fr\/wp-json\/wp\/v2\/product"}],"about":[{"href":"https:\/\/bestpeanutmachine.com\/fr\/wp-json\/wp\/v2\/types\/product"}],"author":[{"embeddable":true,"href":"https:\/\/bestpeanutmachine.com\/fr\/wp-json\/wp\/v2\/users\/1"}],"wp:featuredmedia":[{"embeddable":true,"href":"https:\/\/bestpeanutmachine.com\/fr\/wp-json\/wp\/v2\/media\/515"}],"wp:attachment":[{"href":"https:\/\/bestpeanutmachine.com\/fr\/wp-json\/wp\/v2\/media?parent=514"}],"wp:term":[{"taxonomy":"post_tag","embeddable":true,"href":"https:\/\/bestpeanutmachine.com\/fr\/wp-json\/wp\/v2\/tags?post=514"},{"taxonomy":"product-type","embeddable":true,"href":"https:\/\/bestpeanutmachine.com\/fr\/wp-json\/wp\/v2\/product-type?post=514"}],"curies":[{"name":"wp","href":"https:\/\/api.w.org\/{rel}","templated":true}]}}