{"id":53,"date":"2022-08-26T07:10:37","date_gmt":"2022-08-25T23:10:37","guid":{"rendered":"https:\/\/bestpeanutmachine.com\/?post_type=product&#038;p=53"},"modified":"2026-03-31T10:19:42","modified_gmt":"2026-03-31T02:19:42","slug":"peanut-butter-production-line","status":"publish","type":"product","link":"https:\/\/bestpeanutmachine.com\/fr\/product\/peanut-butter-production-line\/","title":{"rendered":"Ligne de production de beurre de cacahu\u00e8te 300 kg\/h"},"content":{"rendered":"<p class=\"translation-block\">Taizy<strong> ligne de production de beurre de cacahu\u00e8te<\/strong> est une s\u00e9rie d'\u00e9quipements utilis\u00e9s pour fabriquer du beurre de cacahu\u00e8te, englobant le processus complet de torr\u00e9faction, s\u00e9lection, refroidissement, \u00e9pluchage, broyage, m\u00e9lange, d\u00e9gazage et remplissage. Sa capacit\u00e9 de production peut atteindre 300kg\/h.<\/p>    <p>Toutes nos machines sont en acier inoxydable de qualit\u00e9 alimentaire, ce qui les rend durables et performantes. De plus, la ligne de transformation du beurre de cacahu\u00e8te offre un haut niveau d'automatisation, une exploitation facile et une excellente efficacit\u00e9. <\/p>    <p>Si vous n'\u00eates pas s\u00fbr que la ligne de production convienne \u00e0 votre configuration d'usine, n'h\u00e9sitez pas \u00e0 nous contacter. Taizy sera ravi de vous fournir la solution la plus adapt\u00e9e et le co\u00fbt-efficacit\u00e9.<\/p>    <figure class=\"wp-block-embed aligncenter is-type-video is-provider-youtube wp-block-embed-youtube wp-embed-aspect-16-9 wp-has-aspect-ratio\"><div class=\"wp-block-embed__wrapper\"> <iframe loading=\"lazy\" title=\"\ud83e\udd5c300 kg\/h Ligne de production de beurre de cacahu\u00e8te - essai de fonctionnement | D\u00e9monstration du processus complet et de la machine de remplissage\uff01\" width=\"500\" height=\"281\" src=\"https:\/\/www.youtube.com\/embed\/ZE7tNtGVjuc?feature=oembed\" frameborder=\"0\" allow=\"accelerometer; autoplay; clipboard-write; encrypted-media; gyroscope; picture-in-picture; web-share\" referrerpolicy=\"strict-origin-when-cross-origin\" allowfullscreen><\/iframe> <\/div><figcaption class=\"wp-element-caption\">Vid\u00e9o de test de la ligne de production de p\u00e2te d'arachide 300 kg\/h<\/figcaption><\/figure>    <h2 class=\"wp-block-heading\" id=\"h-features-of-taizy-peanut-butter-production-line\"><strong>Caract\u00e9ristiques de la ligne de production de beurre de cacahu\u00e8te Taizy<\/strong><\/h2>    <ul class=\"wp-block-list\"> <li>La ligne de production de beurre de cacahu\u00e8te adopte une technologie internationale avanc\u00e9e et se compose d\u2019un \u00e9l\u00e9vateur d\u2019alimentation, d\u2019un torr\u00e9facteur de cacahu\u00e8tes, d\u2019un convoyeur, d\u2019un refroidisseur, d\u2019une machine d\u2019\u00e9pluchage, d\u2019une machine \u00e0 beurre de cacahu\u00e8te, d\u2019une pompe \u00e0 beurre et d\u2019une machine de remplissage.<\/li>    <li>La ligne de production peut produire jusqu'\u00e0 300kg\/h, et le beurre de cacahu\u00e8te fini est d\u00e9licat. Le processus de production complet est en acier inoxydable de qualit\u00e9 alimentaire, ce qui garantit non seulement la dur\u00e9e de vie des machines mais aussi respecte les normes internationales d\u2019hygi\u00e8ne alimentaire.<\/li>    <li>Nos solutions de probl\u00e8mes de la ligne de production sont tr\u00e8s flexibles. Nous avons des techniciens professionnels qui peuvent vous proposer le plan de production le plus adapt\u00e9. Si vous avez d\u2019autres exigences, nous pouvons \u00e9galement personnaliser vos exigences exclusives.<\/li> <\/ul>   <div class=\"wp-block-image\"> <figure class=\"aligncenter size-full\"><img loading=\"lazy\" decoding=\"async\" width=\"720\" height=\"540\" src=\"https:\/\/bestpeanutmachine.com\/wp-content\/uploads\/2022\/08\/peanut-butter-making-production-line.webp\" alt=\"ligne de production de beurre de cacahu\u00e8te\" class=\"wp-image-471\" srcset=\"https:\/\/bestpeanutmachine.com\/wp-content\/uploads\/2022\/08\/peanut-butter-making-production-line.webp 720w, https:\/\/bestpeanutmachine.com\/wp-content\/uploads\/2022\/08\/peanut-butter-making-production-line-300x225.webp 300w, https:\/\/bestpeanutmachine.com\/wp-content\/uploads\/2022\/08\/peanut-butter-making-production-line-16x12.webp 16w\" sizes=\"auto, (max-width: 720px) 100vw, 720px\" \/><figcaption class=\"wp-element-caption\">ligne de production de beurre de cacahu\u00e8te<\/figcaption><\/figure> <\/div>   <h2 class=\"wp-block-heading\" id=\"h-what-is-the-production-process-of-peanut-butter\"><strong>Quel est le processus de production du beurre de cacahu\u00e8te ?<\/strong><\/h2>    <p>Cette ligne compl\u00e8te de production de beurre d\u2019arachide se compose d\u2019un ascenseur, d\u2019une machine de torr\u00e9faction des arachides, d\u2019une machine de refroidissement, d\u2019une machine d\u2019\u00e9pluchage des arachides, d\u2019une machine de broyage des arachides, d\u2019un r\u00e9servoir de m\u00e9lange, d\u2019un r\u00e9servoir sous vide, d\u2019un r\u00e9servoir de stockage et d\u2019une machine de remplissage du beurre d\u2019arachide. Chaque machine a ses fonctions importantes.<\/p>    <p>L'ensemble du processus de production de la ligne de fabrication de beurre de cacahu\u00e8te Taizy est le suivant\u00a0:<\/p>    <p class=\"translation-block\"><strong>R\u00f4tissage cru des arachides \u2192 s\u00e9lection \u2192 d\u00e9corticage \u2192 refroidissement \u2192 mouture \u2192 m\u00e9lange \u2192 d\u00e9gazage \u2192 remplissage du beurre d\u2019arachide.<\/strong><\/p>    <figure class=\"wp-block-image size-full\"><img loading=\"lazy\" decoding=\"async\" width=\"720\" height=\"540\" src=\"https:\/\/bestpeanutmachine.com\/wp-content\/uploads\/2022\/08\/complete-peanut-butter-production-line.jpg\" alt=\"ligne compl\u00e8te de production de beurre de cacahu\u00e8te\" class=\"wp-image-58\" srcset=\"https:\/\/bestpeanutmachine.com\/wp-content\/uploads\/2022\/08\/complete-peanut-butter-production-line.jpg 720w, https:\/\/bestpeanutmachine.com\/wp-content\/uploads\/2022\/08\/complete-peanut-butter-production-line-300x225.jpg 300w\" sizes=\"auto, (max-width: 720px) 100vw, 720px\" \/><figcaption class=\"wp-element-caption\">ligne compl\u00e8te de production de beurre de cacahu\u00e8te<\/figcaption><\/figure>    <h2 class=\"wp-block-heading\" id=\"h-technical-data-of-peanut-butter-making-line\"><strong>Technical data and main machines&#8217; functions of this peanut butter making line<\/strong><\/h2>    <p>Voici les param\u00e8tres simples des machines principales de la ligne de production et leurs fonctions d\u00e9taill\u00e9es lors du processus de beurre de cacahu\u00e8te.<\/p>    <figure class=\"wp-block-table\"><table><tbody><tr><td>Nom<\/td><td>Capacit\u00e9 (kg\/h)<\/td><td>Taille<\/td><td>Pouvoir<\/td><\/tr><tr><td>Torr\u00e9facteur de cacahu\u00e8tes<\/td><td>200kg\/h<\/td><td>1800*2200*1700mm<\/td><td>2,2 kW<\/td><\/tr><tr><td>Ceinture de livraison<\/td><td>200kg\/h<\/td><td>5000*900*850mm<\/td><td>1,1 kW<\/td><\/tr><tr><td>Machine \u00e0 \u00e9plucher les cacahu\u00e8tes<\/td><td>200kg\/h<\/td><td>1900*800*1400mm<\/td><td>1,85 kW<\/td><\/tr><tr><td>Machine \u00e0 beurre de cacahu\u00e8te<\/td><td>200kg\/h<\/td><td>1100*750*1300mm<\/td><td>29,5 kW<\/td><\/tr><tr><td>Pompe \u00e0 p\u00e2te<\/td><td>50kg\/h*3<\/td><td>1500*250*250mm<\/td><td>1,5 kW<\/td><\/tr><tr><td>Machine de refroidissement des arachides<\/td><td>200kg\/h<\/td><td>1000*1000*1700mm<\/td><td>2,2 kW<\/td><\/tr><tr><td>Machine de remplissage d'arachide<\/td><td>100-400 canettes\/h<\/td><td>400*400*1400mm<\/td><td>1,1 kW<\/td><\/tr><\/tbody><\/table><figcaption class=\"wp-element-caption\">param\u00e8tres des machines principales de la ligne de production de p\u00e2te d'arachide<\/figcaption><\/figure>    <h3 class=\"wp-block-heading\"><strong>Torr\u00e9facteur de cacahu\u00e8tes<\/strong><\/h3>    <div class=\"wp-block-media-text is-stacked-on-mobile\"><figure class=\"wp-block-media-text__media\"><img loading=\"lazy\" decoding=\"async\" width=\"720\" height=\"540\" src=\"https:\/\/bestpeanutmachine.com\/wp-content\/uploads\/2022\/08\/peanut-roaster.webp\" alt=\"torr\u00e9facteur de cacahu\u00e8tes dans la ligne de production de beurre de cacahu\u00e8te\" class=\"wp-image-461 size-full\" srcset=\"https:\/\/bestpeanutmachine.com\/wp-content\/uploads\/2022\/08\/peanut-roaster.webp 720w, https:\/\/bestpeanutmachine.com\/wp-content\/uploads\/2022\/08\/peanut-roaster-300x225.webp 300w, https:\/\/bestpeanutmachine.com\/wp-content\/uploads\/2022\/08\/peanut-roaster-16x12.webp 16w\" sizes=\"auto, (max-width: 720px) 100vw, 720px\" \/><\/figure><div class=\"wp-block-media-text__content\"> <p>Le torr\u00e9facteur de cacahu\u00e8tes utilise de l'air chaud ou un chauffage \u00e9lectrique pour chauffer uniform\u00e9ment les cacahu\u00e8tes, les d\u00e9pouillant, \u00e9liminant l'humidit\u00e9 et am\u00e9liorant leur saveur. Vous pouvez choisir le chauffage \u00e9lectrique, l'huile, le gaz ou le charbon comme source de chaleur, avec une capacit\u00e9 de production allant de 30 \u00e0 650 kg\/h.<\/p> <\/div><\/div>    <h3 class=\"wp-block-heading\"><strong>Machine de refroidissement des arachides<\/strong><\/h3>    <div class=\"wp-block-media-text is-stacked-on-mobile\"><figure class=\"wp-block-media-text__media\"><img loading=\"lazy\" decoding=\"async\" width=\"720\" height=\"540\" src=\"https:\/\/bestpeanutmachine.com\/wp-content\/uploads\/2022\/08\/peanut-cooling-machine.webp\" alt=\"machine de refroidissement des cacahu\u00e8tes dans la ligne de production de beurre de cacahu\u00e8te.\" class=\"wp-image-462 size-full\" srcset=\"https:\/\/bestpeanutmachine.com\/wp-content\/uploads\/2022\/08\/peanut-cooling-machine.webp 720w, https:\/\/bestpeanutmachine.com\/wp-content\/uploads\/2022\/08\/peanut-cooling-machine-300x225.webp 300w, https:\/\/bestpeanutmachine.com\/wp-content\/uploads\/2022\/08\/peanut-cooling-machine-16x12.webp 16w\" sizes=\"auto, (max-width: 720px) 100vw, 720px\" \/><\/figure><div class=\"wp-block-media-text__content\"> <p>Le refroidissement rapide des cacahu\u00e8tes torr\u00e9fi\u00e9es les emp\u00eache de perdre leur go\u00fbt et leur ar\u00f4me d'origine. Nos machines de refroidissement utilisent des ventilateurs pour extraire l'air chaud afin d'obtenir un refroidissement rapide, ce qui les rend id\u00e9ales pour les lignes de production.<\/p> <\/div><\/div>    <h3 class=\"wp-block-heading\"><strong>Machine \u00e0 \u00e9plucher les cacahu\u00e8tes<\/strong><\/h3>    <div class=\"wp-block-media-text is-stacked-on-mobile\"><figure class=\"wp-block-media-text__media\"><img loading=\"lazy\" decoding=\"async\" width=\"720\" height=\"540\" src=\"https:\/\/bestpeanutmachine.com\/wp-content\/uploads\/2022\/08\/peanut-peeling-machine-1.webp\" alt=\"machine d\u2019\u00e9pluchage des cacahu\u00e8tes dans la ligne de production de beurre de cacahu\u00e8te\" class=\"wp-image-463 size-full\" srcset=\"https:\/\/bestpeanutmachine.com\/wp-content\/uploads\/2022\/08\/peanut-peeling-machine-1.webp 720w, https:\/\/bestpeanutmachine.com\/wp-content\/uploads\/2022\/08\/peanut-peeling-machine-1-300x225.webp 300w, https:\/\/bestpeanutmachine.com\/wp-content\/uploads\/2022\/08\/peanut-peeling-machine-1-16x12.webp 16w\" sizes=\"auto, (max-width: 720px) 100vw, 720px\" \/><\/figure><div class=\"wp-block-media-text__content\"> <p>La machine d'\u00e9pluchage d'arachide Tiazy utilise le principe de frottement par rouleau en caoutchouc ou de frottement par tambour pour enlever rapidement et efficacement la peau rouge des arachides. Son taux de battage peut atteindre 98% avec une production de 200-1000 kg\/h.<\/p> <\/div><\/div>    <h3 class=\"wp-block-heading\"><strong>Machine \u00e0 beurre de cacahu\u00e8te<\/strong><\/h3>    <div class=\"wp-block-media-text is-stacked-on-mobile\"><figure class=\"wp-block-media-text__media\"><img loading=\"lazy\" decoding=\"async\" width=\"720\" height=\"540\" src=\"https:\/\/bestpeanutmachine.com\/wp-content\/uploads\/2022\/08\/peanut-butter-grinding-machine.webp\" alt=\"machine de broyage du beurre de cacahu\u00e8te dans la ligne de production de beurre de cacahu\u00e8te\" class=\"wp-image-464 size-full\" srcset=\"https:\/\/bestpeanutmachine.com\/wp-content\/uploads\/2022\/08\/peanut-butter-grinding-machine.webp 720w, https:\/\/bestpeanutmachine.com\/wp-content\/uploads\/2022\/08\/peanut-butter-grinding-machine-300x225.webp 300w, https:\/\/bestpeanutmachine.com\/wp-content\/uploads\/2022\/08\/peanut-butter-grinding-machine-16x12.webp 16w\" sizes=\"auto, (max-width: 720px) 100vw, 720px\" \/><\/figure><div class=\"wp-block-media-text__content\"> <p>Nous proposons diff\u00e9rents mod\u00e8les de machines \u00e0 beurre de cacahu\u00e8te avec des plages de production allant de 200 \u00e0 5000 kg\/h. Le produit fini est d\u00e9pourvu de particules fines et a un go\u00fbt lisse et d\u00e9licat. La machine est en acier inoxydable de qualit\u00e9 alimentaire qui peut r\u00e9pondre \u00e0 la plupart des exigences de production.<\/p> <\/div><\/div>    <p>En plus de ces machines, des r\u00e9servoirs de m\u00e9lange, des machines de d\u00e9gazage sous vide et des machines de remplissage de p\u00e2te d'arachide sont \u00e9galement des composants importants. Ils compl\u00e8tent le processus de la cha\u00eene de production et offrent vraiment une production compl\u00e8te des mati\u00e8res premi\u00e8res jusqu'aux produits.<\/p>    <p>De plus, nous proposons deux types de machines de remplissage : la machine de remplissage enti\u00e8rement automatique et la machine de remplissage semi- automatique.<\/p>    <ul class=\"wp-block-list\"> <li>La machine de remplissage automatique compl\u00e8te de p\u00e2te de cacahu\u00e8te comprend l\u2019ensemble du processus de remplissage, de capsule, d\u2019\u00e9tiquetage sous vide, etc., ce qui peut r\u00e9aliser une automatisation compl\u00e8te de la ligne de production et \u00e9conomiser des ressources humaines, mais son prix sera \u00e9lev\u00e9.<\/li>    <li>Le remplissage semi-automatique de p\u00e2te d'arachide offre g\u00e9n\u00e9ralement une fonction de remplissage uniquement, mais il n\u00e9cessite la manipulation manuelle des contenants. Et absolument, l'\u00e9quipement semi-automatique co\u00fbte moins cher.<\/li> <\/ul>    <figure class=\"wp-block-gallery has-nested-images columns-default is-cropped wp-block-gallery-2 is-layout-flex wp-block-gallery-is-layout-flex\"> <figure class=\"wp-block-image size-large\"><img loading=\"lazy\" decoding=\"async\" width=\"720\" height=\"540\" data-id=\"474\" src=\"https:\/\/bestpeanutmachine.com\/wp-content\/uploads\/2022\/08\/peanut-butter-filling-and-sealing-part.webp\" alt=\"partie de remplissage et de scellement du beurre de cacahu\u00e8te\" class=\"wp-image-474\" srcset=\"https:\/\/bestpeanutmachine.com\/wp-content\/uploads\/2022\/08\/peanut-butter-filling-and-sealing-part.webp 720w, https:\/\/bestpeanutmachine.com\/wp-content\/uploads\/2022\/08\/peanut-butter-filling-and-sealing-part-300x225.webp 300w, https:\/\/bestpeanutmachine.com\/wp-content\/uploads\/2022\/08\/peanut-butter-filling-and-sealing-part-16x12.webp 16w\" sizes=\"auto, (max-width: 720px) 100vw, 720px\" \/><figcaption class=\"wp-element-caption\">partie de remplissage et de scellement du beurre de cacahu\u00e8te<\/figcaption><\/figure>    <figure class=\"wp-block-image size-large\"><img loading=\"lazy\" decoding=\"async\" width=\"720\" height=\"540\" data-id=\"480\" src=\"https:\/\/bestpeanutmachine.com\/wp-content\/uploads\/2022\/08\/semi-auto-filling-machine.webp\" alt=\"machine de remplissage semi-automatique\" class=\"wp-image-480\" srcset=\"https:\/\/bestpeanutmachine.com\/wp-content\/uploads\/2022\/08\/semi-auto-filling-machine.webp 720w, https:\/\/bestpeanutmachine.com\/wp-content\/uploads\/2022\/08\/semi-auto-filling-machine-300x225.webp 300w, https:\/\/bestpeanutmachine.com\/wp-content\/uploads\/2022\/08\/semi-auto-filling-machine-16x12.webp 16w\" sizes=\"auto, (max-width: 720px) 100vw, 720px\" \/><figcaption class=\"wp-element-caption\">machine de remplissage semi-automatique<\/figcaption><\/figure> <\/figure>    <h2 class=\"wp-block-heading\" id=\"h-main-parts-of-the-peanut-butter-production-line\"><strong>Cas r\u00e9ussi de ligne de production de beurre de cacahu\u00e8te<\/strong><\/h2>    <p>Un client de Santania a personnalis\u00e9 notre ligne semi-automatique de p\u00e2te d'arachide qui comprend un moulin \u00e0 p\u00e2te d'arachide, un r\u00e9servoir de m\u00e9lange de p\u00e2te d'arachide, un r\u00e9servoir de stockage de p\u00e2te d'arachide et une machine de remplissage automatique de p\u00e2te d'arachide.<\/p>    <p>Ils forment une coop\u00e9rative agricole de taille moyenne qui se concentre sur la production de cacahu\u00e8tes et le traitement des produits \u00e0 base de cacahu\u00e8tes \u00e0 vendre. En raison du manque d'espace, ils ont consult\u00e9 nos avis sur l'achat de machines et ont r\u00e9alis\u00e9 d'importants investissements dans les machines uniques cl\u00e9s.<\/p>    <p>En raison des bons r\u00e9sultats de ventes, ils ont d\u00e9cid\u00e9 d'\u00e9largir la production et de moderniser la ligne de production vers un syst\u00e8me de remplissage enti\u00e8rement automatique. Maintenant leur marque est tr\u00e8s populaire localement, et est entr\u00e9e dans les supermarch\u00e9s et magasins, et le volume des commandes a \u00e9galement augment\u00e9 sensiblement.<\/p>    <p>\u00ab C'est beaucoup plus facile maintenant qu'avant. Nous sommes tr\u00e8s satisfaits de notre investissement dans la production de machines, et l'efficacit\u00e9 de production est incroyable. \u00bb<\/p>    <figure class=\"wp-block-gallery has-nested-images columns-2 is-cropped wp-block-gallery-3 is-layout-flex wp-block-gallery-is-layout-flex\"> <figure class=\"wp-block-image size-large\"><img loading=\"lazy\" decoding=\"async\" width=\"720\" height=\"540\" data-id=\"472\" src=\"https:\/\/bestpeanutmachine.com\/wp-content\/uploads\/2022\/08\/small-storage-tank.webp\" alt=\"petit r\u00e9servoir de stockage\" class=\"wp-image-472\" srcset=\"https:\/\/bestpeanutmachine.com\/wp-content\/uploads\/2022\/08\/small-storage-tank.webp 720w, https:\/\/bestpeanutmachine.com\/wp-content\/uploads\/2022\/08\/small-storage-tank-300x225.webp 300w, https:\/\/bestpeanutmachine.com\/wp-content\/uploads\/2022\/08\/small-storage-tank-16x12.webp 16w\" sizes=\"auto, (max-width: 720px) 100vw, 720px\" \/><figcaption class=\"wp-element-caption\">petit r\u00e9servoir de stockage<\/figcaption><\/figure>    <figure class=\"wp-block-image size-large\"><img loading=\"lazy\" decoding=\"async\" width=\"720\" height=\"540\" data-id=\"473\" src=\"https:\/\/bestpeanutmachine.com\/wp-content\/uploads\/2022\/08\/double-peanut-grinding-part.webp\" alt=\"double partie de broyage des cacahu\u00e8tes\" class=\"wp-image-473\" srcset=\"https:\/\/bestpeanutmachine.com\/wp-content\/uploads\/2022\/08\/double-peanut-grinding-part.webp 720w, https:\/\/bestpeanutmachine.com\/wp-content\/uploads\/2022\/08\/double-peanut-grinding-part-300x225.webp 300w, https:\/\/bestpeanutmachine.com\/wp-content\/uploads\/2022\/08\/double-peanut-grinding-part-16x12.webp 16w\" sizes=\"auto, (max-width: 720px) 100vw, 720px\" \/><figcaption class=\"wp-element-caption\">double partie de broyage des cacahu\u00e8tes<\/figcaption><\/figure>    <figure class=\"wp-block-image size-large\"><img loading=\"lazy\" decoding=\"async\" width=\"720\" height=\"540\" data-id=\"475\" src=\"https:\/\/bestpeanutmachine.com\/wp-content\/uploads\/2022\/08\/packaging-and-shipping-of-the-production-line.webp\" alt=\"emballage et exp\u00e9dition de la ligne de production\" class=\"wp-image-475\" srcset=\"https:\/\/bestpeanutmachine.com\/wp-content\/uploads\/2022\/08\/packaging-and-shipping-of-the-production-line.webp 720w, https:\/\/bestpeanutmachine.com\/wp-content\/uploads\/2022\/08\/packaging-and-shipping-of-the-production-line-300x225.webp 300w, https:\/\/bestpeanutmachine.com\/wp-content\/uploads\/2022\/08\/packaging-and-shipping-of-the-production-line-16x12.webp 16w\" sizes=\"auto, (max-width: 720px) 100vw, 720px\" \/><figcaption class=\"wp-element-caption\">emballage et exp\u00e9dition de la ligne de production<\/figcaption><\/figure>    <figure class=\"wp-block-image size-large\"><img loading=\"lazy\" decoding=\"async\" width=\"720\" height=\"540\" data-id=\"449\" src=\"https:\/\/bestpeanutmachine.com\/wp-content\/uploads\/2025\/09\/clientss-feedback-of-peanut-butter-machine.webp\" alt=\"feedback des clients sur la machine \u00e0 beurre de cacahu\u00e8te\" class=\"wp-image-449\" srcset=\"https:\/\/bestpeanutmachine.com\/wp-content\/uploads\/2025\/09\/clientss-feedback-of-peanut-butter-machine.webp 720w, https:\/\/bestpeanutmachine.com\/wp-content\/uploads\/2025\/09\/clientss-feedback-of-peanut-butter-machine-300x225.webp 300w, https:\/\/bestpeanutmachine.com\/wp-content\/uploads\/2025\/09\/clientss-feedback-of-peanut-butter-machine-16x12.webp 16w\" sizes=\"auto, (max-width: 720px) 100vw, 720px\" \/><figcaption class=\"wp-element-caption\">retours des clients sur la machine \u00e0 beurre de cacahu\u00e8te<\/figcaption><\/figure> <\/figure>    <p>Taizy est un fabricant professionnel de machines de traitement des arachides. Si vous avez des probl\u00e8mes ou souhaitez personnaliser votre ligne de production. Veuillez nous consulter pour obtenir le quota.<\/p>","protected":false},"excerpt":{"rendered":"<p>Si vous cherchez une ligne de production id\u00e9ale de p\u00e2te d'arachide, Taizy pr\u00e9sente cette solution, qui peut \u00eatre personnalis\u00e9e pour r\u00e9pondre \u00e0 vos besoins r\u00e9els pour votre activit\u00e9 alimentaire \u00e0 base d'arachide.<\/p>","protected":false},"author":1,"featured_media":58,"parent":0,"template":"","tags":[11,8],"product-type":[60],"class_list":["post-53","product","type-product","status-publish","has-post-thumbnail","hentry","tag-peanut","tag-peanut-processing-machine","product-type-production-line"],"_links":{"self":[{"href":"https:\/\/bestpeanutmachine.com\/fr\/wp-json\/wp\/v2\/product\/53","targetHints":{"allow":["GET"]}}],"collection":[{"href":"https:\/\/bestpeanutmachine.com\/fr\/wp-json\/wp\/v2\/product"}],"about":[{"href":"https:\/\/bestpeanutmachine.com\/fr\/wp-json\/wp\/v2\/types\/product"}],"author":[{"embeddable":true,"href":"https:\/\/bestpeanutmachine.com\/fr\/wp-json\/wp\/v2\/users\/1"}],"wp:featuredmedia":[{"embeddable":true,"href":"https:\/\/bestpeanutmachine.com\/fr\/wp-json\/wp\/v2\/media\/58"}],"wp:attachment":[{"href":"https:\/\/bestpeanutmachine.com\/fr\/wp-json\/wp\/v2\/media?parent=53"}],"wp:term":[{"taxonomy":"post_tag","embeddable":true,"href":"https:\/\/bestpeanutmachine.com\/fr\/wp-json\/wp\/v2\/tags?post=53"},{"taxonomy":"product-type","embeddable":true,"href":"https:\/\/bestpeanutmachine.com\/fr\/wp-json\/wp\/v2\/product-type?post=53"}],"curies":[{"name":"wp","href":"https:\/\/api.w.org\/{rel}","templated":true}]}}