{"id":543,"date":"2025-10-16T16:53:56","date_gmt":"2025-10-16T08:53:56","guid":{"rendered":"https:\/\/bestpeanutmachine.com\/?post_type=product&#038;p=543"},"modified":"2026-01-20T14:08:32","modified_gmt":"2026-01-20T06:08:32","slug":"coated-peanut-production-line","status":"publish","type":"product","link":"https:\/\/bestpeanutmachine.com\/fr\/product\/coated-peanut-production-line\/","title":{"rendered":"Ligne de production de cacahu\u00e8tes enrob\u00e9es"},"content":{"rendered":"<p class=\"translation-block\">Une <strong>ligne de production d\u2019enrobage de cacahu\u00e8tes<\/strong> est principalement utilis\u00e9e pour enrober des cacahu\u00e8tes r\u00f4ties, des f\u00e8ves, des amandes et d\u2019autres noix avec du sucre, de la farine ou des assaisonnements, cr\u00e9ant une vari\u00e9t\u00e9 de snacks croustillants \u00e0 base de cacahu\u00e8tes.<\/p>    <p>Cette ligne de production peut produire des cacahu\u00e8tes dans une vari\u00e9t\u00e9 de saveurs, y compris cacahu\u00e8tes au miel, cacahu\u00e8tes au chocolat, cacahu\u00e8tes \u00e0 la moutarde et cacahu\u00e8tes en poudre. Id\u00e9ale pour le traitement des collations dans les petites et moyennes usines ou les entreprises en d\u00e9marrage.<\/p>    <h2 class=\"wp-block-heading\"><strong>Principales caract\u00e9ristiques de la ligne Taizy de production de cacahu\u00e8tes enrob\u00e9es<\/strong><\/h2>    <ul class=\"wp-block-list\"> <li>Taizy&#8217;s entire peanut coating line is <strong>en acier inoxydable<\/strong>, ce qui donne un enrobage lisse et uniforme, facilitant le nettoyage et respectant les normes d'hygi\u00e8ne alimentaire, tout en \u00e9tant durable et offrant une longue dur\u00e9e de vie.<\/li>    <li>La machine principale de toute la ligne de production est la machine de rev\u00eatement de cacahu\u00e8tes, qui utilise un <strong>structure de disque tournant inclin\u00e9<\/strong>, permettant aux arachides de rouler et de tournoyer. La vitesse de rotation et l'angle du disque sont r\u00e9glables pour contr\u00f4ler l'\u00e9paisseur du rev\u00eatement.<\/li>    <li>Toute notre ligne de production <strong>peut \u00eatre personnalis\u00e9 selon diff\u00e9rents besoins<\/strong> et les conditions de l'usine, avec du personnel technique professionnel vous guidant pour cr\u00e9er le plan de production le plus adapt\u00e9 \u00e0 votre entreprise.<\/li>    <li>Cette ligne de rev\u00eatement de cacahu\u00e8tes peut traiter non seulement des cacahu\u00e8tes, mais aussi un <strong>large gamme d'autres snacks<\/strong>: amandes, noix de cajou, haricots verts, pois chiches, soja et f\u00e8ves. Il peut \u00e9galement produire des noix enrob\u00e9es de chocolat ou de sucre, des arachides en poudre \u00e0 la japonaise, des noix m\u00e9lang\u00e9es sal\u00e9es et \u00e9pic\u00e9es, et plus encore.<\/li> <\/ul>    <h2 class=\"wp-block-heading\"><strong>Aper\u00e7u des machines de la ligne compl\u00e8te de production de cacahu\u00e8tes enrob\u00e9es<\/strong><\/h2>    <p>Une ligne typique compl\u00e8te d\u2019enrobage de cacahu\u00e8tes comprend les \u00e9tapes suivantes :<\/p>    <h3 class=\"wp-block-heading\"><strong>1. Torr\u00e9facteur de cacahu\u00e8tes<\/strong><\/h3>    <p>Cette \u00e9tape est une pr\u00e9-pr\u00e9paration des mati\u00e8res premi\u00e8res, utilis\u00e9e pour s\u00e9cher et r\u00f4tir les cacahu\u00e8tes crues jusqu\u2019\u00e0 la croustillance souhait\u00e9e.<\/p>   <div class=\"wp-block-image\"> <figure class=\"aligncenter size-full\"><img loading=\"lazy\" decoding=\"async\" width=\"720\" height=\"540\" src=\"https:\/\/bestpeanutmachine.com\/wp-content\/uploads\/2025\/10\/roasting-machine.webp\" alt=\"machine \u00e0 r\u00f4tir les cacahu\u00e8tes\" class=\"wp-image-545\" srcset=\"https:\/\/bestpeanutmachine.com\/wp-content\/uploads\/2025\/10\/roasting-machine.webp 720w, https:\/\/bestpeanutmachine.com\/wp-content\/uploads\/2025\/10\/roasting-machine-300x225.webp 300w, https:\/\/bestpeanutmachine.com\/wp-content\/uploads\/2025\/10\/roasting-machine-16x12.webp 16w\" sizes=\"auto, (max-width: 720px) 100vw, 720px\" \/><figcaption class=\"wp-element-caption\">machine \u00e0 r\u00f4tir les cacahu\u00e8tes<\/figcaption><\/figure> <\/div>   <figure class=\"wp-block-table is-style-regular\"><table><tbody><tr><td>Mod\u00e8le<\/td><td>Capacit\u00e9<\/td><td>Puissance du moteur<\/td><td>Puissance de chauffage \u00e9lectrique<\/td><td>Consommation de gaz pour le chauffage au gaz<\/td><td>Taille<\/td><\/tr><tr><td>TZ-1<\/td><td>80-120kg\/heure<\/td><td>1,1 kW<\/td><td>22kW<\/td><td>2-3kg<\/td><td>3000mm*1200mm*1700mm<\/td><\/tr><tr><td>TZ-2<\/td><td>180-250kg\/h<\/td><td>2,2 kW<\/td><td>35kW<\/td><td>3-6kg<\/td><td>3000mm*2200mm*1700mm<\/td><\/tr><tr><td>TZ-3<\/td><td>280-350kg\/h<\/td><td>3,3kW<\/td><td>45kW<\/td><td>6-9kg<\/td><td>3000mm*3300mm*1700mm<\/td><\/tr><tr><td>TZ-4<\/td><td>380-450kg\/h<\/td><td>4.4kw<\/td><td>60kW<\/td><td>9-12kg<\/td><td>3000mm*4400mm*1700mm<\/td><\/tr><tr><td>TZ-5<\/td><td>500-650kg\/h<\/td><td>5,5kW<\/td><td>75kW<\/td><td>12-15kg<\/td><td>3000mm*5500mm*1700mm<\/td><\/tr><\/tbody><\/table><figcaption class=\"wp-element-caption\">param\u00e8tres du torr\u00e9facteur de cacahu\u00e8tes<\/figcaption><\/figure>    <h3 class=\"wp-block-heading\"><strong>2. \u00c9plucheur de cacahu\u00e8tes<\/strong><\/h3>    <p>Cette machine utilise un proc\u00e9d\u00e9 de pelage \u00e0 sec pour s\u00e9parer les peaux de cacahu\u00e8tes des noyaux, am\u00e9liorant la qualit\u00e9 et le go\u00fbt du traitement des snacks qui suivent.<\/p>   <div class=\"wp-block-image\"> <figure class=\"aligncenter size-full\"><img loading=\"lazy\" decoding=\"async\" width=\"720\" height=\"540\" src=\"https:\/\/bestpeanutmachine.com\/wp-content\/uploads\/2025\/10\/peanut-peeler.webp\" alt=\"\u00e9plucheur de cacahu\u00e8tes\" class=\"wp-image-546\" srcset=\"https:\/\/bestpeanutmachine.com\/wp-content\/uploads\/2025\/10\/peanut-peeler.webp 720w, https:\/\/bestpeanutmachine.com\/wp-content\/uploads\/2025\/10\/peanut-peeler-300x225.webp 300w, https:\/\/bestpeanutmachine.com\/wp-content\/uploads\/2025\/10\/peanut-peeler-16x12.webp 16w\" sizes=\"auto, (max-width: 720px) 100vw, 720px\" \/><figcaption class=\"wp-element-caption\">\u00e9plucheur de cacahu\u00e8tes<\/figcaption><\/figure> <\/div>   <figure class=\"wp-block-table\"><table><tbody><tr><td>Mod\u00e8le<\/td><td>Capacit\u00e9<\/td><td>Puissance du moteur<\/td><td>Puissance du ventilateur<\/td><td>Taille<\/td><td>Poids<\/td><\/tr><tr><td>HT-1<\/td><td>200-250kg\/h<\/td><td>\uff10,37kW(0,55kW\/220V)<\/td><td>0,55 kW<\/td><td>1200mm*500mm*1200mm<\/td><td>110kg<\/td><\/tr><tr><td>HT-2<\/td><td>400-500kg\/h<\/td><td>\uff10,37kW(0,55kW\/220V)<\/td><td>0,75 kW<\/td><td>1200mm*750mm*1200mm<\/td><td>200 kg<\/td><\/tr><tr><td>HT-3<\/td><td>600-750kg\/h<\/td><td>\uff10,37kW(0,55kW\/220V)<\/td><td>1,1 kW<\/td><td>1200mm*1050mm*1200mm<\/td><td>280 kg<\/td><\/tr><tr><td>HT-4<\/td><td>800-1000kg\/heure<\/td><td>\uff10,37kW(0,55kW\/220V)<\/td><td>1,5 kW<\/td><td>1200mm*1400mm*1200mm<\/td><td>360kg<\/td><\/tr><\/tbody><\/table><figcaption class=\"wp-element-caption\">sp\u00e9cification de l\u2019\u00e9plucheur de cacahu\u00e8tes<\/figcaption><\/figure>    <h3 class=\"wp-block-heading\"><strong>3. Machine d'enrobage des cacahu\u00e8tes<\/strong><\/h3>    <p>Il s\u2019agit d\u2019un \u00e9quipement cl\u00e9 pour enrober uniform\u00e9ment les cacahu\u00e8tes avec de la farine, de la p\u00e2te au chocolat, du sirop ou des assaisonnements.<\/p>   <div class=\"wp-block-image\"> <figure class=\"aligncenter size-full\"><img loading=\"lazy\" decoding=\"async\" width=\"720\" height=\"540\" src=\"https:\/\/bestpeanutmachine.com\/wp-content\/uploads\/2025\/10\/peanut-coating-machine.webp\" alt=\"machine d&#039;enrobage d&#039;arachide\" class=\"wp-image-547\" srcset=\"https:\/\/bestpeanutmachine.com\/wp-content\/uploads\/2025\/10\/peanut-coating-machine.webp 720w, https:\/\/bestpeanutmachine.com\/wp-content\/uploads\/2025\/10\/peanut-coating-machine-300x225.webp 300w, https:\/\/bestpeanutmachine.com\/wp-content\/uploads\/2025\/10\/peanut-coating-machine-16x12.webp 16w\" sizes=\"auto, (max-width: 720px) 100vw, 720px\" \/><figcaption class=\"wp-element-caption\">machine d'enrobage d'arachide<\/figcaption><\/figure> <\/div>   <figure class=\"wp-block-table\"><table><tbody><tr><td>Mod\u00e8le<\/td><td>Vitesse de rotation<\/td><td>Puissance moteur<\/td><td>Puissance du ventilateur<\/td><td>Puissance de chauffage<\/td><td>Puissance de chauffage \u00e0 air chaud<\/td><td>Capacit\u00e9<\/td><td>Taille<\/td><\/tr><tr><td>TZ-400<\/td><td>28tours\/min<\/td><td>0.37kw<\/td><td>180kW<\/td><td>1kW<\/td><td>1kW<\/td><td>2-5kg\/lot<\/td><td>900mm*500mm*1450mm<\/td><\/tr><tr><td>TZ-600<\/td><td>28tours\/min<\/td><td>0,75 kW<\/td><td>180kW<\/td><td>1kW<\/td><td>1kW<\/td><td>2-5kg\/lot<\/td><td>900mm*600mm*1450mm<\/td><\/tr><tr><td>TZ-800<\/td><td>28tours\/min<\/td><td>0,75 kW<\/td><td>250kW<\/td><td>1kW<\/td><td>2kW<\/td><td>2-5kg\/lot<\/td><td>1000mm*800mm*1500mm<\/td><\/tr><tr><td>TZ-1000<\/td><td>28tours\/min<\/td><td>0,75 kW<\/td><td>250kW<\/td><td>2kW<\/td><td>2kW<\/td><td>2-5kg\/lot<\/td><td>1200mm*1000mm*1700mm<\/td><\/tr><tr><td>TZ-1200<\/td><td>22 tours\/min (r\u00e9glable par variateur)<\/td><td>1,1 kW<\/td><td>250kW<\/td><td>2kW<\/td><td>2kW<\/td><td>2-5kg\/lot<\/td><td>1300mm*1200mm*1800mm<\/td><\/tr><tr><td>TZ-1400<\/td><td>22 tours\/min (r\u00e9glable par variateur)<\/td><td>1,5 kW<\/td><td>250kW<\/td><td>3kw<\/td><td>3kw<\/td><td>2-5kg\/lot<\/td><td>1550mm*1400mm*1850mm<\/td><\/tr><\/tbody><\/table><figcaption class=\"wp-element-caption\">param\u00e8tres de la machine d\u2019enrobage de cacahu\u00e8tes Taizy<\/figcaption><\/figure>    <h3 class=\"wp-block-heading\"><strong>4. Machine d'assaisonnement des cacahu\u00e8tes <\/strong><\/h3>    <p>Il m\u00e9lange divers assaisonnements, sucre ou sel pour enrober uniform\u00e9ment les cacahu\u00e8tes et am\u00e9liorer leur saveur.<\/p>   <div class=\"wp-block-image\"> <figure class=\"aligncenter size-full\"><img loading=\"lazy\" decoding=\"async\" width=\"720\" height=\"540\" src=\"https:\/\/bestpeanutmachine.com\/wp-content\/uploads\/2025\/10\/seasoning-mixer.webp\" alt=\"m\u00e9langeur d\u2019assaisonnement\" class=\"wp-image-548\" srcset=\"https:\/\/bestpeanutmachine.com\/wp-content\/uploads\/2025\/10\/seasoning-mixer.webp 720w, https:\/\/bestpeanutmachine.com\/wp-content\/uploads\/2025\/10\/seasoning-mixer-300x225.webp 300w, https:\/\/bestpeanutmachine.com\/wp-content\/uploads\/2025\/10\/seasoning-mixer-16x12.webp 16w\" sizes=\"auto, (max-width: 720px) 100vw, 720px\" \/><figcaption class=\"wp-element-caption\">m\u00e9langeur d\u2019assaisonnement<\/figcaption><\/figure> <\/div>   <figure class=\"wp-block-table\"><table><tbody><tr><td>Mod\u00e8le<\/td><td>TZ-80<\/td><td>TZ-100<\/td><\/tr><tr><td>Pouvoir<\/td><td>1,5kW\/2,2kW<\/td><td>1,5kW\/2,2kW<\/td><\/tr><tr><td>Volume<\/td><td>1,1 m\u00b3\/100 kg<\/td><td>1,5m\u00b3\/120kg<\/td><\/tr><tr><td>Vitesse de rotation<\/td><td>27tours\/min<\/td><td>27tours\/min<\/td><\/tr><tr><td>Tension<\/td><td>220V\/380V<\/td><td>220V\/380V<\/td><\/tr><tr><td>Capacit\u00e9<\/td><td>0-35kg par lot<\/td><td>0-50kg par lot<\/td><\/tr><tr><td>Taille<\/td><td>1400mm*1200mm*1750mm<\/td><td>1400mm*1400mm*1850mm<\/td><\/tr><\/tbody><\/table><figcaption class=\"wp-element-caption\">param\u00e8tres de la machine d\u2019assaisonnement<\/figcaption><\/figure>    <h3 class=\"wp-block-heading\"><strong>5. Pulv\u00e9risateur d'huile<\/strong><\/h3>    <p>Cette machine applique uniform\u00e9ment de l\u2019huile de cuisson sur les cacahu\u00e8tes, am\u00e9liorant leur brillance et les rendant plus faciles \u00e0 r\u00f4tir.<\/p>   <div class=\"wp-block-image\"> <figure class=\"aligncenter size-full\"><img loading=\"lazy\" decoding=\"async\" width=\"720\" height=\"540\" src=\"https:\/\/bestpeanutmachine.com\/wp-content\/uploads\/2025\/10\/oil-sprayer.webp\" alt=\"pulv\u00e9risateur d\u2019huile\" class=\"wp-image-549\" srcset=\"https:\/\/bestpeanutmachine.com\/wp-content\/uploads\/2025\/10\/oil-sprayer.webp 720w, https:\/\/bestpeanutmachine.com\/wp-content\/uploads\/2025\/10\/oil-sprayer-300x225.webp 300w, https:\/\/bestpeanutmachine.com\/wp-content\/uploads\/2025\/10\/oil-sprayer-16x12.webp 16w\" sizes=\"auto, (max-width: 720px) 100vw, 720px\" \/><figcaption class=\"wp-element-caption\">pulv\u00e9risateur d\u2019huile<\/figcaption><\/figure> <\/div>   <h3 class=\"wp-block-heading\"><strong>6. Four de torr\u00e9faction de cacahu\u00e8tes<\/strong><\/h3>    <p>Il effectue une torr\u00e9faction secondaire des cacahu\u00e8tes enrob\u00e9es, am\u00e9liorant leur croustissement et donnant une surface plus pleine.<\/p>   <div class=\"wp-block-image\"> <figure class=\"aligncenter size-full\"><img loading=\"lazy\" decoding=\"async\" width=\"720\" height=\"540\" src=\"https:\/\/bestpeanutmachine.com\/wp-content\/uploads\/2025\/10\/roaster-oven.webp\" alt=\"r\u00f4tissoire au four\" class=\"wp-image-550\" srcset=\"https:\/\/bestpeanutmachine.com\/wp-content\/uploads\/2025\/10\/roaster-oven.webp 720w, https:\/\/bestpeanutmachine.com\/wp-content\/uploads\/2025\/10\/roaster-oven-300x225.webp 300w, https:\/\/bestpeanutmachine.com\/wp-content\/uploads\/2025\/10\/roaster-oven-16x12.webp 16w\" sizes=\"auto, (max-width: 720px) 100vw, 720px\" \/><figcaption class=\"wp-element-caption\">r\u00f4tissoire au four<\/figcaption><\/figure> <\/div>   <figure class=\"wp-block-table\"><table><tbody><tr><td>Mod\u00e8le<\/td><td class=\"has-text-align-center\" data-align=\"center\">TZ-1<\/td><td class=\"has-text-align-center\" data-align=\"center\">TZ-2<\/td><td class=\"has-text-align-center\" data-align=\"center\">TZ-3<\/td><\/tr><tr><td>Dimensions des plateaux<\/td><td class=\"has-text-align-center\" data-align=\"center\">960mm*960mm<\/td><td class=\"has-text-align-center\" data-align=\"center\">1200mm*1200mm<\/td><td class=\"has-text-align-center\" data-align=\"center\">1600mm*1600mm<\/td><\/tr><tr><td>Puissance du moteur<\/td><td class=\"has-text-align-center\" data-align=\"center\">0,75 kW\/380V<\/td><td class=\"has-text-align-center\" data-align=\"center\">0,75 kW<\/td><td class=\"has-text-align-center\" data-align=\"center\">1,5 kW<\/td><\/tr><tr><td>Puissance de chauffage<\/td><td class=\"has-text-align-center\" data-align=\"center\">24kW<\/td><td class=\"has-text-align-center\" data-align=\"center\">36kW<\/td><td class=\"has-text-align-center\" data-align=\"center\">48-60kW<\/td><\/tr><tr><td>Capacit\u00e9 de production<\/td><td class=\"has-text-align-center\" data-align=\"center\">50-80kg\/h<\/td><td class=\"has-text-align-center\" data-align=\"center\">80-100kg\/h<\/td><td class=\"has-text-align-center\" data-align=\"center\">40-80kg\/h<\/td><\/tr><tr><td>Taille de la machine<\/td><td class=\"has-text-align-center\" data-align=\"center\">2100mm*1700mm*1350mm<\/td><td class=\"has-text-align-center\" data-align=\"center\">2400mm*2000mm*1350mm<\/td><td class=\"has-text-align-center\" data-align=\"center\">3100mm*2250mm*1650mm<\/td><\/tr><\/tbody><\/table><figcaption class=\"wp-element-caption\">sp\u00e9cification du four de torr\u00e9faction des cacahu\u00e8tes<\/figcaption><\/figure>    <h3 class=\"wp-block-heading\"><strong>7. Refroidisseur de cacahu\u00e8tes<\/strong><\/h3>    <p>Elle refroidit rapidement les cacahu\u00e8tes, en conservant leur croustillant tout en r\u00e9duisant la chaleur et facilitant l\u2019empaquetage ult\u00e9rieur.<\/p>   <div class=\"wp-block-image\"> <figure class=\"aligncenter size-full\"><img loading=\"lazy\" decoding=\"async\" width=\"720\" height=\"540\" src=\"https:\/\/bestpeanutmachine.com\/wp-content\/uploads\/2025\/10\/peanut-cooler.webp\" alt=\"refroidisseur de cacahu\u00e8tes\" class=\"wp-image-551\" srcset=\"https:\/\/bestpeanutmachine.com\/wp-content\/uploads\/2025\/10\/peanut-cooler.webp 720w, https:\/\/bestpeanutmachine.com\/wp-content\/uploads\/2025\/10\/peanut-cooler-300x225.webp 300w, https:\/\/bestpeanutmachine.com\/wp-content\/uploads\/2025\/10\/peanut-cooler-16x12.webp 16w\" sizes=\"auto, (max-width: 720px) 100vw, 720px\" \/><figcaption class=\"wp-element-caption\">refroidisseur de cacahu\u00e8tes<\/figcaption><\/figure> <\/div>   <p>Pour une production compl\u00e8te de snacks, Taizy propose \u00e9galement une machine d\u2019emballage pour le conditionnement en granules. Si vous \u00eates int\u00e9ress\u00e9 par la ligne compl\u00e8te et que vous souhaitez vos propres solutions, veuillez nous contacter !<\/p>    <h2 class=\"wp-block-heading\"><strong>Application de la ligne de production de noix enrob\u00e9es de chocolat<\/strong><\/h2>    <p>La ligne de production de cacahu\u00e8tes enrob\u00e9es permet une production continue d\u2019une vari\u00e9t\u00e9 de snacks \u00e0 base de cacahu\u00e8tes, y compris les cacahu\u00e8tes givr\u00e9es au sucre, les cacahu\u00e8tes \u00e9pic\u00e9es, les cacahu\u00e8tes croustillantes, etc. Apr\u00e8s l\u2019emballage, ces produits sont directement vendus dans les supermarch\u00e9s, boulangeries, marques de collations en ligne, et m\u00eame export\u00e9s vers d\u2019autres pays.<\/p>    <p>Pour les petites et moyennes entreprises alimentaires, une ligne d\u2019enrobage de cacahu\u00e8tes offre une grande flexibilit\u00e9 et une op\u00e9ration facile. Les producteurs peuvent personnaliser les recettes d\u2019enrobage, ajuster la capacit\u00e9 de production et d\u00e9velopper des collations locales avec des saveurs uniques.<\/p>    <p>Cette ligne de production de cacahu\u00e8tes enrob\u00e9es est id\u00e9ale pour les start-ups, les usines locales de collations et d\u2019autres fabricants de produits \u00e0 base de cacahu\u00e8tes qui se concentrent sur la construction de marques et le maintien d\u2019une qualit\u00e9 constante.<\/p>    <figure class=\"wp-block-gallery has-nested-images columns-default is-cropped wp-block-gallery-2 is-layout-flex wp-block-gallery-is-layout-flex\"> <figure class=\"wp-block-image size-large\"><img loading=\"lazy\" decoding=\"async\" width=\"720\" height=\"540\" data-id=\"552\" src=\"https:\/\/bestpeanutmachine.com\/wp-content\/uploads\/2025\/10\/coated-peanuts-snacks.webp\" alt=\"Collations de cacahu\u00e8tes enrob\u00e9es\" class=\"wp-image-552\" srcset=\"https:\/\/bestpeanutmachine.com\/wp-content\/uploads\/2025\/10\/coated-peanuts-snacks.webp 720w, https:\/\/bestpeanutmachine.com\/wp-content\/uploads\/2025\/10\/coated-peanuts-snacks-300x225.webp 300w, https:\/\/bestpeanutmachine.com\/wp-content\/uploads\/2025\/10\/coated-peanuts-snacks-16x12.webp 16w\" sizes=\"auto, (max-width: 720px) 100vw, 720px\" \/><figcaption class=\"wp-element-caption\">Collations de cacahu\u00e8tes enrob\u00e9es<\/figcaption><\/figure>    <figure class=\"wp-block-image size-large\"><img loading=\"lazy\" decoding=\"async\" width=\"720\" height=\"540\" data-id=\"553\" src=\"https:\/\/bestpeanutmachine.com\/wp-content\/uploads\/2025\/10\/sugar-coated-peanut.webp\" alt=\"cacahu\u00e8te au sucre enrob\u00e9e\" class=\"wp-image-553\" srcset=\"https:\/\/bestpeanutmachine.com\/wp-content\/uploads\/2025\/10\/sugar-coated-peanut.webp 720w, https:\/\/bestpeanutmachine.com\/wp-content\/uploads\/2025\/10\/sugar-coated-peanut-300x225.webp 300w, https:\/\/bestpeanutmachine.com\/wp-content\/uploads\/2025\/10\/sugar-coated-peanut-16x12.webp 16w\" sizes=\"auto, (max-width: 720px) 100vw, 720px\" \/><figcaption class=\"wp-element-caption\">cacahu\u00e8te au sucre enrob\u00e9e<\/figcaption><\/figure> <\/figure>    <h2 class=\"wp-block-heading\"><strong>Cas de r\u00e9ussite de l'exportation de machines automatiques d'enrobage des cacahu\u00e8tes vers le Liban<\/strong><\/h2>    <p>En tant qu\u2019entreprise exportant des machines depuis plus de dix ans, Taizy a re\u00e7u de nombreux avis positifs et distinctions pour ses services de haute qualit\u00e9. La ligne de production a \u00e9t\u00e9 export\u00e9e vers des usines de traitement alimentaire, y compris celles d\u2019Italie, M\u00e1laga et Nippon Liya.<\/p>    <p>Voici un exemple o\u00f9 nous avons export\u00e9 notre ligne de production de cacahu\u00e8tes enrob\u00e9es vers le Liban, un pays o\u00f9 les snacks \u00e0 base de noix sont bien d\u00e9velopp\u00e9s. Nos clients sont des usines alimentaires de taille moyenne dans les canaux de distribution locaux qui produisent des snacks en sachet et les fournissent pour les marques propres des supermarch\u00e9s.<\/p>    <p>En fonction des besoins de production du client et des limitations d\u2019espace d\u2019usine, nous proposons les solutions suivantes : <\/p>    <figure class=\"wp-block-table\"><table class=\"has-fixed-layout\"><tbody><tr><td class=\"has-text-align-center\" data-align=\"center\"><a href=\"https:\/\/bestpeanutmachine.com\/fr\/product\/peanut-roasting-machine\/\">torr\u00e9facteur de cacahu\u00e8tes<\/a><br><img loading=\"lazy\" decoding=\"async\" width=\"150\" height=\"113\" class=\"wp-image-545\" style=\"width: 150px;\" src=\"https:\/\/bestpeanutmachine.com\/wp-content\/uploads\/2025\/10\/roasting-machine.webp\" alt=\"machine \u00e0 r\u00f4tir les cacahu\u00e8tes\" srcset=\"https:\/\/bestpeanutmachine.com\/wp-content\/uploads\/2025\/10\/roasting-machine.webp 720w, https:\/\/bestpeanutmachine.com\/wp-content\/uploads\/2025\/10\/roasting-machine-300x225.webp 300w, https:\/\/bestpeanutmachine.com\/wp-content\/uploads\/2025\/10\/roasting-machine-16x12.webp 16w\" sizes=\"auto, (max-width: 150px) 100vw, 150px\" \/><\/td><td>Mod\u00e8le: TZ-50<br>Taille: 1.8*1.2*1.6m<br>Puissance moteur: 1,1kW<br>Capacit\u00e9 : 50 kg\/lot<br>Tension : 380V 50Hz triphas\u00e9 <br>Mat\u00e9riel: acier inoxydable \u00e0 l\u2019int\u00e9rieur<\/td><\/tr><tr><td class=\"has-text-align-center\" data-align=\"center\"><a href=\"https:\/\/bestpeanutmachine.com\/fr\/product\/peanut-peeling-machine\/\">\u00e9plucheur de cacahu\u00e8tes<\/a><br><img loading=\"lazy\" decoding=\"async\" width=\"150\" height=\"113\" class=\"wp-image-546\" style=\"width: 150px;\" src=\"https:\/\/bestpeanutmachine.com\/wp-content\/uploads\/2025\/10\/peanut-peeler.webp\" alt=\"\u00e9plucheur de cacahu\u00e8tes\" srcset=\"https:\/\/bestpeanutmachine.com\/wp-content\/uploads\/2025\/10\/peanut-peeler.webp 720w, https:\/\/bestpeanutmachine.com\/wp-content\/uploads\/2025\/10\/peanut-peeler-300x225.webp 300w, https:\/\/bestpeanutmachine.com\/wp-content\/uploads\/2025\/10\/peanut-peeler-16x12.webp 16w\" sizes=\"auto, (max-width: 150px) 100vw, 150px\" \/><\/td><td>Taux d\u2019ach\u00e8vement: 96%<br>Taux de rupture des cacahu\u00e8tes: 6%<br>Capacit\u00e9 : Environ 200-250kg\/h<br>Taille: 1100*400*1000mm<br>Fonctions : pelage des cacahu\u00e8tes par voie s\u00e8che<\/td><\/tr><tr><td class=\"has-text-align-center\" data-align=\"center\"><a href=\"https:\/\/bestpeanutmachine.com\/fr\/product\/peanut-coating-machine\/\">machine \u00e0 cacahu\u00e8tes enrob\u00e9es<\/a><br><img loading=\"lazy\" decoding=\"async\" width=\"150\" height=\"113\" class=\"wp-image-547\" style=\"width: 150px;\" src=\"https:\/\/bestpeanutmachine.com\/wp-content\/uploads\/2025\/10\/peanut-coating-machine.webp\" alt=\"machine d&#039;enrobage d&#039;arachide\" srcset=\"https:\/\/bestpeanutmachine.com\/wp-content\/uploads\/2025\/10\/peanut-coating-machine.webp 720w, https:\/\/bestpeanutmachine.com\/wp-content\/uploads\/2025\/10\/peanut-coating-machine-300x225.webp 300w, https:\/\/bestpeanutmachine.com\/wp-content\/uploads\/2025\/10\/peanut-coating-machine-16x12.webp 16w\" sizes=\"auto, (max-width: 150px) 100vw, 150px\" \/><\/td><td>Diameter: 1000mm<br>Capacit\u00e9: 50-70kg\/lot<br>Temps d\u2019enrobage : selon le processus du client<br>Puissance: 1,1kW<br>Taille: 1200*1000*1300mm<\/td><\/tr><tr><td class=\"has-text-align-center\" data-align=\"center\">pulv\u00e9risateur liquide<br><img loading=\"lazy\" decoding=\"async\" width=\"150\" height=\"113\" class=\"wp-image-549\" style=\"width: 150px;\" src=\"https:\/\/bestpeanutmachine.com\/wp-content\/uploads\/2025\/10\/oil-sprayer.webp\" alt=\"pulv\u00e9risateur d\u2019huile\" srcset=\"https:\/\/bestpeanutmachine.com\/wp-content\/uploads\/2025\/10\/oil-sprayer.webp 720w, https:\/\/bestpeanutmachine.com\/wp-content\/uploads\/2025\/10\/oil-sprayer-300x225.webp 300w, https:\/\/bestpeanutmachine.com\/wp-content\/uploads\/2025\/10\/oil-sprayer-16x12.webp 16w\" sizes=\"auto, (max-width: 150px) 100vw, 150px\" \/><\/td><td>Diameter: 1000mm<br>Capacit\u00e9: 50-70kg\/lot<br>Temps d\u2019enrobage : selon le processus du client.<br>Puissance: 1,1kW<br>Taille: 1200*1000*1300mm<\/td><\/tr><\/tbody><\/table><figcaption class=\"wp-element-caption\">informations sur le programme des machines \u00e0 cacahu\u00e8tes enrob\u00e9es<\/figcaption><\/figure>    <p>Apr\u00e8s l\u2019installation et les essais, le client a lanc\u00e9 avec succ\u00e8s des cacahu\u00e8tes au miel et \u00e9pic\u00e9es sur le march\u00e9 libanais des collations gr\u00e2ce \u00e0 la production stable et \u00e0 la saveur unique qu\u2019elles ont fournie.<\/p>    <p>Si vous souhaitez lancer votre propre marque de fruits \u00e0 coque mais ne savez pas quels machines vous faut-il, choisissez Taizy. Nous insistons pour fournir les solutions les plus adapt\u00e9es aux entrepreneurs du monde entier !<\/p>","protected":false},"excerpt":{"rendered":"<p>La ligne de production de cacahu\u00e8tes enrob\u00e9es Taizy offre une solution automatique et hygi\u00e9nique pour fabriquer des cacahu\u00e8tes croustillantes enrob\u00e9es de diff\u00e9rentes saveurs, qui combine roasting, peeling, enrobage, assaisonnement, pulv\u00e9risation d\u2019huile, cuisson et refroidissement en un seul processus continu.<\/p>","protected":false},"author":1,"featured_media":554,"parent":0,"template":"","tags":[11],"product-type":[60],"class_list":["post-543","product","type-product","status-publish","has-post-thumbnail","hentry","tag-peanut","product-type-production-line"],"_links":{"self":[{"href":"https:\/\/bestpeanutmachine.com\/fr\/wp-json\/wp\/v2\/product\/543","targetHints":{"allow":["GET"]}}],"collection":[{"href":"https:\/\/bestpeanutmachine.com\/fr\/wp-json\/wp\/v2\/product"}],"about":[{"href":"https:\/\/bestpeanutmachine.com\/fr\/wp-json\/wp\/v2\/types\/product"}],"author":[{"embeddable":true,"href":"https:\/\/bestpeanutmachine.com\/fr\/wp-json\/wp\/v2\/users\/1"}],"wp:featuredmedia":[{"embeddable":true,"href":"https:\/\/bestpeanutmachine.com\/fr\/wp-json\/wp\/v2\/media\/554"}],"wp:attachment":[{"href":"https:\/\/bestpeanutmachine.com\/fr\/wp-json\/wp\/v2\/media?parent=543"}],"wp:term":[{"taxonomy":"post_tag","embeddable":true,"href":"https:\/\/bestpeanutmachine.com\/fr\/wp-json\/wp\/v2\/tags?post=543"},{"taxonomy":"product-type","embeddable":true,"href":"https:\/\/bestpeanutmachine.com\/fr\/wp-json\/wp\/v2\/product-type?post=543"}],"curies":[{"name":"wp","href":"https:\/\/api.w.org\/{rel}","templated":true}]}}