{"id":577,"date":"2025-11-10T16:36:09","date_gmt":"2025-11-10T08:36:09","guid":{"rendered":"https:\/\/bestpeanutmachine.com\/?post_type=product&#038;p=577"},"modified":"2025-11-11T10:03:00","modified_gmt":"2025-11-11T02:03:00","slug":"peanut-digger-machine","status":"publish","type":"product","link":"https:\/\/bestpeanutmachine.com\/fr\/product\/peanut-digger-machine\/","title":{"rendered":"Machine \u00e0 d\u00e9terrer les arachides"},"content":{"rendered":"<p class=\"translation-block\">Pour aider \u00e0 r\u00e9soudre les d\u00e9fis de la r\u00e9colte de cacahu\u00e8tes, Taizy a lanc\u00e9 trois types de <strong>creuseur de cacahu\u00e8tes<\/strong> qui atteignent une efficacit\u00e9 de 0,33-0,99 hectare\/h avec un faible taux de dommage. De plus, cette machine utilise la m\u00e9thode de transmission par prise de force (PTO), qui peut \u00eatre \u00e9quip\u00e9e d\u2019un tracteur de 15 \u00e0 70 chevaux.<\/p>    <p>Notre creuseur de cacahu\u00e8tes est adaptable \u00e0 divers types de sol (sableux, rouge, noir, dur) et peut r\u00e9colter des cacahu\u00e8tes plant\u00e9es dans des champs plats ou en cr\u00eate. La machine est simple et facile \u00e0 utiliser. Taizy offre un service apr\u00e8s-vente complet pour vous aider \u00e0 r\u00e9soudre tous les probl\u00e8mes op\u00e9rationnels et d\u2019entretien.<\/p>    <figure class=\"wp-block-embed aligncenter is-type-video is-provider-youtube wp-block-embed-youtube wp-embed-aspect-16-9 wp-has-aspect-ratio\"><div class=\"wp-block-embed__wrapper\"> <iframe loading=\"lazy\" title=\"3 types de creuseurs de Taizy pour toutes conditions de sol\" width=\"500\" height=\"281\" src=\"https:\/\/www.youtube.com\/embed\/RQajT3nZvJU?feature=oembed\" frameborder=\"0\" allow=\"accelerometer; autoplay; clipboard-write; encrypted-media; gyroscope; picture-in-picture; web-share\" referrerpolicy=\"strict-origin-when-cross-origin\" allowfullscreen><\/iframe> <\/div><figcaption class=\"wp-element-caption\">Vid\u00e9o de fonctionnement de la r\u00e9colteuse de cacahu\u00e8tes<\/figcaption><\/figure>    <h2 class=\"wp-block-heading\"><strong>Trois types de creuseurs de cacahu\u00e8tes<\/strong><\/h2>    <h3 class=\"wp-block-heading\"><strong>Type 1<\/strong>: <strong>Termes de cha\u00eene simples<\/strong><\/h3>    <h4 class=\"wp-block-heading\"><strong>Points forts de la machine de r\u00e9colte de groundnut<\/strong><\/h4>    <p>Cette machine de r\u00e9colte de cacahu\u00e8tes est l\u00e9g\u00e8re, n\u00e9cessite moins de puissance de tracteur. Elle utilise un syst\u00e8me de transmission par cha\u00eene, facile \u00e0 entretenir et adapt\u00e9 aux petites zones avec un sol meuble ou sablonneux.<\/p>    <h4 class=\"wp-block-heading\"><strong>Mod\u00e8les et param\u00e8tres du creuseur de cacahu\u00e8tes<\/strong><\/h4>    <figure class=\"wp-block-table\"><table class=\"has-fixed-layout\"><tbody><tr><td>Puissance de support<\/td><td class=\"has-text-align-center\" data-align=\"center\">Tracteur \u00e0 quatre roues \u226515 HP<\/td><\/tr><tr><td>Mode de plantation<\/td><td class=\"has-text-align-center\" data-align=\"center\">2 rang\u00e9es par cr\u00eate (espacement de 65\u201375 cm entre les cr\u00eates)<\/td><\/tr><tr><td>Efficacit\u00e9 de travail<\/td><td class=\"has-text-align-center\" data-align=\"center\">0,33\u20130,47 hectare\/h<\/td><\/tr><tr><td>Syst\u00e8me de transmission<\/td><td class=\"has-text-align-center\" data-align=\"center\">Bo\u00eete de vitesses int\u00e9gr\u00e9e<\/td><\/tr><\/tbody><\/table><figcaption class=\"wp-element-caption\">param\u00e8tres du type 1 de la machine de r\u00e9colte de cacahu\u00e8tes<\/figcaption><\/figure>    <figure class=\"wp-block-gallery has-nested-images columns-default is-cropped wp-block-gallery-2 is-layout-flex wp-block-gallery-is-layout-flex\"> <figure class=\"wp-block-image size-large\"><img loading=\"lazy\" decoding=\"async\" width=\"720\" height=\"540\" data-id=\"579\" src=\"https:\/\/bestpeanutmachine.com\/wp-content\/uploads\/2025\/11\/peanut-digger-for-sale.webp\" alt=\"petite creuseuse de cacahu\u00e8tes \" class=\"wp-image-579\" srcset=\"https:\/\/bestpeanutmachine.com\/wp-content\/uploads\/2025\/11\/peanut-digger-for-sale.webp 720w, https:\/\/bestpeanutmachine.com\/wp-content\/uploads\/2025\/11\/peanut-digger-for-sale-300x225.webp 300w, https:\/\/bestpeanutmachine.com\/wp-content\/uploads\/2025\/11\/peanut-digger-for-sale-16x12.webp 16w\" sizes=\"auto, (max-width: 720px) 100vw, 720px\" \/><figcaption class=\"wp-element-caption\">petite creuseuse de cacahu\u00e8tes <\/figcaption><\/figure>    <figure class=\"wp-block-image size-large\"><img loading=\"lazy\" decoding=\"async\" width=\"720\" height=\"540\" data-id=\"580\" src=\"https:\/\/bestpeanutmachine.com\/wp-content\/uploads\/2025\/11\/peanut-harvesting-machine.webp\" alt=\"machine de r\u00e9colte d&#039;arachide\" class=\"wp-image-580\" srcset=\"https:\/\/bestpeanutmachine.com\/wp-content\/uploads\/2025\/11\/peanut-harvesting-machine.webp 720w, https:\/\/bestpeanutmachine.com\/wp-content\/uploads\/2025\/11\/peanut-harvesting-machine-300x225.webp 300w, https:\/\/bestpeanutmachine.com\/wp-content\/uploads\/2025\/11\/peanut-harvesting-machine-16x12.webp 16w\" sizes=\"auto, (max-width: 720px) 100vw, 720px\" \/><figcaption class=\"wp-element-caption\">machine de r\u00e9colte d'arachide<\/figcaption><\/figure> <\/figure>    <h3 class=\"wp-block-heading\"><strong>Nouveau mod\u00e8le 850<\/strong>: <strong>Mod\u00e8les et<\/strong><\/h3>    <h4 class=\"wp-block-heading\"><strong>Points forts de la machine \u00e0 r\u00e9colter les cacahu\u00e8tes<\/strong><\/h4>    <p>Ce type de r\u00e9colteuse de cacahu\u00e8tes poss\u00e8de une suspension \u00e0 trois points, ce qui permet une transmission plus fluide et r\u00e9duit le glissement et la vibration. Il est particuli\u00e8rement adapt\u00e9 aux exploitations moyennes avec de l\u2019argile ou un sol dur, sec.<\/p>    <h4 class=\"wp-block-heading\"><strong>param\u00e8tres <strong>de la machine de r\u00e9colte des arachides<\/strong> Points forts du<\/strong><\/h4>    <figure class=\"wp-block-table\"><table class=\"has-fixed-layout\"><tbody><tr><td>Largeur de r\u00e9colte<\/td><td class=\"has-text-align-center\" data-align=\"center\">85 cm<\/td><\/tr><tr><td>Rang\u00e9es de travail<\/td><td class=\"has-text-align-center\" data-align=\"center\">2 rang\u00e9es<\/td><\/tr><tr><td>Puissance de support<\/td><td class=\"has-text-align-center\" data-align=\"center\">Tracteur 35\u201380 HP<\/td><\/tr><tr><td>Type de liaison<\/td><td class=\"has-text-align-center\" data-align=\"center\">Suspension \u00e0 trois points<\/td><\/tr><tr><td>Profondeur de travail<\/td><td class=\"has-text-align-center\" data-align=\"center\">10\u201315 cm<\/td><\/tr><tr><td>Poids<\/td><td class=\"has-text-align-center\" data-align=\"center\">350 kg<\/td><\/tr><tr><td>Dimensions<\/td><td class=\"has-text-align-center\" data-align=\"center\">2860*1150*1100 mm<\/td><\/tr><tr><td>Efficacit\u00e9 de travail<\/td><td class=\"has-text-align-center\" data-align=\"center\">0,2\u20130,27 hectare\/heure<\/td><\/tr><\/tbody><\/table><figcaption class=\"wp-element-caption\">param\u00e8tres du type 2 de la r\u00e9colteuse de groundnut<\/figcaption><\/figure>    <figure class=\"wp-block-gallery has-nested-images columns-default is-cropped wp-block-gallery-3 is-layout-flex wp-block-gallery-is-layout-flex\"> <figure class=\"wp-block-image size-large\"><img loading=\"lazy\" decoding=\"async\" width=\"720\" height=\"540\" data-id=\"582\" src=\"https:\/\/bestpeanutmachine.com\/wp-content\/uploads\/2025\/11\/peanut-harvester-machine-for-sale.webp\" alt=\"machine de r\u00e9colte d&#039;arachide \" class=\"wp-image-582\" srcset=\"https:\/\/bestpeanutmachine.com\/wp-content\/uploads\/2025\/11\/peanut-harvester-machine-for-sale.webp 720w, https:\/\/bestpeanutmachine.com\/wp-content\/uploads\/2025\/11\/peanut-harvester-machine-for-sale-300x225.webp 300w, https:\/\/bestpeanutmachine.com\/wp-content\/uploads\/2025\/11\/peanut-harvester-machine-for-sale-16x12.webp 16w\" sizes=\"auto, (max-width: 720px) 100vw, 720px\" \/><figcaption class=\"wp-element-caption\">Meilleure machine de r\u00e9colte de cacahu\u00e8tes <\/figcaption><\/figure> <\/figure>    <h3 class=\"wp-block-heading\"><strong>Type 3 : R\u00e9colteuse de cacahu\u00e8tes tr\u00e8s vendue<\/strong><\/h3>    <h4 class=\"wp-block-heading\"><strong>machine \u00e0 creuser <strong>Arachide<\/strong> de la machine automatique de r\u00e9colte des arachides<\/strong><\/h4>    <p>Ce type de r\u00e9colteuse de cacahu\u00e8tes est \u00e9quip\u00e9 d\u2019un dispositif de secousse du sol \u00e0 double \u00e9tape qui s\u00e9pare efficacement la terre des cacahu\u00e8tes. Le creuseur de cacahu\u00e8tes Taizy poss\u00e8de une structure en acier \u00e9paissi avec soudure renforc\u00e9e, garantissant durabilit\u00e9 et adaptabilit\u00e9 \u00e0 divers terrains et types de sol.<\/p>    <h4 class=\"wp-block-heading\"><strong>param\u00e8tres <strong>de la machine de r\u00e9colte des arachides<\/strong> Machine \u00e0 planter les arachides pour une culture efficace des arachides<\/strong><\/h4>    <figure class=\"wp-block-table\"><table class=\"has-fixed-layout\"><tbody><tr><td>Mod\u00e8le<\/td><td class=\"has-text-align-center\" data-align=\"center\">TZ-820<\/td><td class=\"has-text-align-center\" data-align=\"center\">TZ-900<\/td><td class=\"has-text-align-center\" data-align=\"center\">TZ-1650<\/td><\/tr><tr><td>Puissance de support<\/td><td class=\"has-text-align-center\" data-align=\"center\">Tracteur 25 HP<\/td><td class=\"has-text-align-center\" data-align=\"center\">Tracteur 40 HP<\/td><td class=\"has-text-align-center\" data-align=\"center\">Tracteur 70 HP<\/td><\/tr><tr><td>M\u00e9thode de transmission<\/td><td class=\"has-text-align-center\" data-align=\"center\">Transmission par arbre de transmission<\/td><td class=\"has-text-align-center\" data-align=\"center\">Transmission par arbre de transmission<\/td><td class=\"has-text-align-center\" data-align=\"center\">Transmission par arbre de transmission<\/td><\/tr><tr><td>Efficacit\u00e9 de travail<\/td><td class=\"has-text-align-center\" data-align=\"center\">0,33\u20130,5 hectare\/heure<\/td><td class=\"has-text-align-center\" data-align=\"center\">0,4\u20130,5 hectare\/heure<\/td><td class=\"has-text-align-center\" data-align=\"center\">0,8\u20130,99 ha\/heure<\/td><\/tr><tr><td>Poids<\/td><td class=\"has-text-align-center\" data-align=\"center\">280 kg<\/td><td class=\"has-text-align-center\" data-align=\"center\">450 kg<\/td><td class=\"has-text-align-center\" data-align=\"center\">875 kg<\/td><\/tr><tr><td>Dimensions<\/td><td class=\"has-text-align-center\" data-align=\"center\">2100*1050*1100 mm<\/td><td class=\"has-text-align-center\" data-align=\"center\">2800*1100*1200 mm<\/td><td class=\"has-text-align-center\" data-align=\"center\">2600*1650*1400 mm<\/td><\/tr><\/tbody><\/table><figcaption class=\"wp-element-caption\">param\u00e8tres du type 3 de la r\u00e9colteuse de cacahu\u00e8tes<\/figcaption><\/figure>    <figure class=\"wp-block-gallery has-nested-images columns-default is-cropped wp-block-gallery-4 is-layout-flex wp-block-gallery-is-layout-flex\"> <figure class=\"wp-block-image size-large\"><img loading=\"lazy\" decoding=\"async\" width=\"720\" height=\"540\" data-id=\"583\" src=\"https:\/\/bestpeanutmachine.com\/wp-content\/uploads\/2025\/11\/groundnut-harvesting-machine.webp\" alt=\"machine de r\u00e9colte d&#039;arachide\" class=\"wp-image-583\" srcset=\"https:\/\/bestpeanutmachine.com\/wp-content\/uploads\/2025\/11\/groundnut-harvesting-machine.webp 720w, https:\/\/bestpeanutmachine.com\/wp-content\/uploads\/2025\/11\/groundnut-harvesting-machine-300x225.webp 300w, https:\/\/bestpeanutmachine.com\/wp-content\/uploads\/2025\/11\/groundnut-harvesting-machine-16x12.webp 16w\" sizes=\"auto, (max-width: 720px) 100vw, 720px\" \/><figcaption class=\"wp-element-caption\">machine de r\u00e9colte d'arachide<\/figcaption><\/figure>    <figure class=\"wp-block-image size-large\"><img loading=\"lazy\" decoding=\"async\" width=\"720\" height=\"540\" data-id=\"584\" src=\"https:\/\/bestpeanutmachine.com\/wp-content\/uploads\/2025\/11\/peanut-combine-harvester-machine.webp\" alt=\"Machine de r\u00e9colte de cacahu\u00e8tes\" class=\"wp-image-584\" srcset=\"https:\/\/bestpeanutmachine.com\/wp-content\/uploads\/2025\/11\/peanut-combine-harvester-machine.webp 720w, https:\/\/bestpeanutmachine.com\/wp-content\/uploads\/2025\/11\/peanut-combine-harvester-machine-300x225.webp 300w, https:\/\/bestpeanutmachine.com\/wp-content\/uploads\/2025\/11\/peanut-combine-harvester-machine-16x12.webp 16w\" sizes=\"auto, (max-width: 720px) 100vw, 720px\" \/><figcaption class=\"wp-element-caption\">Machine de r\u00e9colte de cacahu\u00e8tes<\/figcaption><\/figure> <\/figure>    <h2 class=\"wp-block-heading\"><strong>Comment fonctionne la machine \u00e0 creuser les cacahu\u00e8tes ?<\/strong><\/h2>    <p>Avec l\u2019aide de la machine \u00e0 creuser les arachides, la r\u00e9colte de cacahu\u00e8tes a \u00e9t\u00e9 simplifi\u00e9e en trois \u00e9tapes faciles, am\u00e9liorant consid\u00e9rablement l\u2019efficacit\u00e9 du travail et r\u00e9duisant fortement les co\u00fbts de main-d\u2019\u0153uvre.<\/p>    <p>\u00c9tape 1 : L\u2019avant de la fouilleuse d\u2019arachides est \u00e9quip\u00e9 de lames pointues qui coupent dans le sol, desserrant et soulevant les plants d\u2019arachide et leurs racines. La profondeur et l\u2019angle des lames peuvent \u00eatre ajust\u00e9s selon les conditions du sol et la profondeur de croissance des arachides, en veillant \u00e0 ce que les cabosses soient excav\u00e9es intactes sans endommager.<\/p>    <p>\u00c9tape 2 : Apr\u00e8s avoir \u00e9t\u00e9 soulev\u00e9s, les cacahu\u00e8tes et la terre passent \u00e0 travers un syst\u00e8me de tamis vibrants. Les vibrations fortes peuvent aider \u00e0 secouer l\u2019exc\u00e8s de terre tout en conservant les cacahu\u00e8tes intactes. Les cacahu\u00e8tes nettoy\u00e9es entrent ensuite dans la section de convoyage en douceur.<\/p>    <p>\u00c9tape 3 : Ce convoyeur \u00e0 bande transportera et disposera proprement les arachides \u00e0 la surface du champ, ce qui facilite le s\u00e9chage ou la collecte par les agriculteurs. Sa vitesse peut \u00eatre ajust\u00e9e selon les conditions du champ et la vitesse du tracteur.<\/p>    <h2 class=\"wp-block-heading\"><strong>Combien co\u00fbte une machine de r\u00e9colte de cacahu\u00e8tes ?<\/strong><\/h2>    <p>La gamme de prix des r\u00e9colteuses de cacahu\u00e8tes est assez large (environ entre 1000 et plus de 5000 dollars US). Voici les facteurs suivants qui peuvent influencer significativement le co\u00fbt de la machine :<\/p>    <ul class=\"wp-block-list\"> <li>Plus le nombre d\u2019acres\/heure que la creuseuse peut traiter en une seule fois est \u00e9lev\u00e9, et plus sa zone de travail est large, plus le prix est g\u00e9n\u00e9ralement \u00e9lev\u00e9.<\/li>    <li>Sa m\u00e9thode de transmission et la complexit\u00e9 de sa structure influencent \u00e9galement fortement le co\u00fbt de la machine. Plus la structure est complexe et plus les pi\u00e8ces sont durables, plus le co\u00fbt est \u00e9lev\u00e9.<\/li>    <li>Si import\u00e9 de l\u2019\u00e9tranger, les co\u00fbts d\u2019exp\u00e9dition et les droits de douane varieront selon le pays.<\/li>    <li>Les fonctionnalit\u00e9s suppl\u00e9mentaires ajout\u00e9es \u00e0 la mise \u00e0 niveau de la machine (telles que l\u2019op\u00e9ration multi-rangs, l\u2019ajustement automatique de la profondeur, le tamis vibrant, le dispositif de pose et la conception anti-d\u00e9raillement de la cha\u00eene) augmenteront le prix.<\/li> <\/ul>   <div class=\"wp-block-image\"> <figure class=\"aligncenter size-full\"><img loading=\"lazy\" decoding=\"async\" width=\"720\" height=\"540\" src=\"https:\/\/bestpeanutmachine.com\/wp-content\/uploads\/2025\/11\/peanut-harvester-machine.webp\" alt=\"machine de r\u00e9colte d&#039;arachide\" class=\"wp-image-585\" srcset=\"https:\/\/bestpeanutmachine.com\/wp-content\/uploads\/2025\/11\/peanut-harvester-machine.webp 720w, https:\/\/bestpeanutmachine.com\/wp-content\/uploads\/2025\/11\/peanut-harvester-machine-300x225.webp 300w, https:\/\/bestpeanutmachine.com\/wp-content\/uploads\/2025\/11\/peanut-harvester-machine-16x12.webp 16w\" sizes=\"auto, (max-width: 720px) 100vw, 720px\" \/><figcaption class=\"wp-element-caption\">machine de r\u00e9colte d'arachide<\/figcaption><\/figure> <\/div>   <h2 class=\"wp-block-heading\"><strong>Applications de la machine \u00e0 creuser les cacahu\u00e8tes<\/strong><\/h2>    <p class=\"translation-block\">La r\u00e9colteuse de cacahu\u00e8tes est principalement utilis\u00e9e pour une r\u00e9colte efficace. Elle convient \u00e0 divers types de sols, y compris le sol sablonneux, <a href=\"https:\/\/en.wikipedia.org\/wiki\/Loam\" target=\"_blank\" rel=\"noopener\">l\u0153u-mineux<\/a>, argileux ou l\u00e9g\u00e8rement humide.<\/p>    <p>Taizy propose diff\u00e9rents mod\u00e8les adapt\u00e9s aux exploitations de diff\u00e9rentes tailles. Les mod\u00e8les 820 ou 900 sont id\u00e9aux pour les agriculteurs individuels ou les petites parcelles. Le mod\u00e8le 1650 convient aux exploitations plus grandes. Les mod\u00e8les multi-rangs ou combin\u00e9s lourds facilitent la r\u00e9colte m\u00e9canis\u00e9e \u00e0 grande \u00e9chelle.<\/p>    <p>Les r\u00e9colteuses de cacahu\u00e8tes sont largement utilis\u00e9es dans les grandes exploitations de cacahu\u00e8tes et les coop\u00e9ratives rurales en Inde, au Nigeria, au Soudan, au S\u00e9n\u00e9gal et aux \u00c9tats-Unis. Certaines entreprises agricoles sp\u00e9cialis\u00e9es dans la production de cacahu\u00e8tes ach\u00e8tent \u00e9galement des r\u00e9colteuses pour am\u00e9liorer l\u2019efficacit\u00e9 du travail et r\u00e9duire la casse des cacahu\u00e8tes lors de la r\u00e9colte.<\/p>    <figure class=\"wp-block-gallery has-nested-images columns-default is-cropped wp-block-gallery-5 is-layout-flex wp-block-gallery-is-layout-flex\"> <figure class=\"wp-block-image size-large\"><img loading=\"lazy\" decoding=\"async\" width=\"720\" height=\"540\" data-id=\"593\" src=\"https:\/\/bestpeanutmachine.com\/wp-content\/uploads\/2025\/11\/groundnut-harvested-by-the-tractor.webp\" alt=\"groundnut r\u00e9colt\u00e9 par le tracteur\" class=\"wp-image-593\" srcset=\"https:\/\/bestpeanutmachine.com\/wp-content\/uploads\/2025\/11\/groundnut-harvested-by-the-tractor.webp 720w, https:\/\/bestpeanutmachine.com\/wp-content\/uploads\/2025\/11\/groundnut-harvested-by-the-tractor-300x225.webp 300w, https:\/\/bestpeanutmachine.com\/wp-content\/uploads\/2025\/11\/groundnut-harvested-by-the-tractor-16x12.webp 16w\" sizes=\"auto, (max-width: 720px) 100vw, 720px\" \/><figcaption class=\"wp-element-caption\">groundnut r\u00e9colt\u00e9 par le tracteur<\/figcaption><\/figure>    <figure class=\"wp-block-image size-large\"><img loading=\"lazy\" decoding=\"async\" width=\"720\" height=\"540\" data-id=\"594\" src=\"https:\/\/bestpeanutmachine.com\/wp-content\/uploads\/2025\/11\/peanut-harvesting-in-the-farm.webp\" alt=\"R\u00e9colte de cacahu\u00e8tes \u00e0 la ferme\" class=\"wp-image-594\" srcset=\"https:\/\/bestpeanutmachine.com\/wp-content\/uploads\/2025\/11\/peanut-harvesting-in-the-farm.webp 720w, https:\/\/bestpeanutmachine.com\/wp-content\/uploads\/2025\/11\/peanut-harvesting-in-the-farm-300x225.webp 300w, https:\/\/bestpeanutmachine.com\/wp-content\/uploads\/2025\/11\/peanut-harvesting-in-the-farm-16x12.webp 16w\" sizes=\"auto, (max-width: 720px) 100vw, 720px\" \/><figcaption class=\"wp-element-caption\">R\u00e9colte de cacahu\u00e8tes \u00e0 la ferme<\/figcaption><\/figure> <\/figure>    <h2 class=\"wp-block-heading\"><strong>FAQ du creuseur automatique de cacahu\u00e8tes<\/strong><\/h2>   <div id=\"rank-math-faq\" class=\"rank-math-block\"> <div class=\"rank-math-list\"> <div id=\"faq-question-1762757305668\" class=\"rank-math-list-item\"> <h3 class=\"rank-math-question\">Le creuseur de cacahu\u00e8tes peut-il \u00eatre utilis\u00e9 sur un sol dur ou humide ?<\/h3> <div class=\"rank-math-answer\">  <p>Oui. La machine peut \u00eatre \u00e9quip\u00e9e de lames en acier au mangan\u00e8se renforc\u00e9 et d\u2019un syst\u00e8me de vibration ou de secousse qui aide \u00e0 d\u00e9tacher la terre et \u00e0 pr\u00e9venir le blocage.<\/p>  <\/div> <\/div> <div id=\"faq-question-1762757336720\" class=\"rank-math-list-item\"> <h3 class=\"rank-math-question\">Combien de chevaux-vapeur poss\u00e8de cette excavatrice de cacahu\u00e8tes en tant que tracteur ?<\/h3> <div class=\"rank-math-answer\">  <p>20-70HP, nous proposons diff\u00e9rents mod\u00e8les pour diff\u00e9rentes exigences en chevaux-vapeur.<\/p>  <\/div> <\/div> <div id=\"faq-question-1762757820059\" class=\"rank-math-list-item\"> <h3 class=\"rank-math-question\">Combien d\u2019acres peut-il r\u00e9colter par heure ?<\/h3> <div class=\"rank-math-answer\">  <p>La plage est de 0,33 \u00e0 0,99 acres\/heure.<\/p>  <\/div> <\/div> <div id=\"faq-question-1762757843878\" class=\"rank-math-list-item\"> <h3 class=\"rank-math-question\">Pouvez-vous le faire avec ma marque ou ma couleur ?<\/h3> <div class=\"rank-math-answer\">  <p>Nous proposons des services de personnalisation, mais uniquement si une quantit\u00e9 minimale de commande est atteinte.<\/p>  <\/div> <\/div> <div id=\"faq-question-1762757923936\" class=\"rank-math-list-item\"> <h3 class=\"rank-math-question\">Fournissez-vous des vid\u00e9os ou manuels d\u2019utilisation ?<\/h3> <div class=\"rank-math-answer\">  <p>En plus d\u2019un service apr\u00e8s-vente personnalis\u00e9, nos techniciens fourniront \u00e9galement une assistance \u00e0 distance pour tout probl\u00e8me d\u2019utilisation de la machine.<\/p>  <\/div> <\/div> <\/div> <\/div>   <p>Si vous \u00eates int\u00e9ress\u00e9 par cette machine, veuillez contacter notre service client pour obtenir le dernier devis et les remises.<\/p>    <p>Nous sommes Taizy, une entreprise sp\u00e9cialis\u00e9e dans la production et la fabrication de machines agricoles, d\u00e9di\u00e9e \u00e0 vous fournir les meilleures machines aux prix les plus avantageux.<\/p>    <p>En plus de cette r\u00e9colteuse, nous proposons \u00e9galement des \u00e9quipements de traitement ult\u00e9rieur des cacahu\u00e8tes :<\/p>    <ul class=\"wp-block-list\"> <li><a href=\"https:\/\/bestpeanutmachine.com\/fr\/product\/peanut-picker-machine\/\">Machine \u00e0 cueillir des cacahu\u00e8tes<\/a><\/li>    <li><a href=\"https:\/\/bestpeanutmachine.com\/fr\/product\/peanut-shelling-machine\/\">Machine \u00e0 d\u00e9cortiquer les arachides<\/a><\/li>    <li><a href=\"https:\/\/bestpeanutmachine.com\/fr\/product\/peanut-peeling-machine\/\">Machine \u00e0 \u00e9plucher les arachides<\/a><\/li> <\/ul>    <p>Veuillez nous contacter si vous avez des questions. N\u2019h\u00e9sitez pas \u00e0 communiquer avec nous !<\/p>","protected":false},"excerpt":{"rendered":"<p>Taizy propose trois types de fouilleuses d\u2019arachides qui augmentent l\u2019efficacit\u00e9 de la r\u00e9colte et r\u00e9duisent les dommages aux cultures. Il convient \u00e0 diff\u00e9rents sols et puissances de tracteur avec une utilisation simple et un support technique solide.<\/p>","protected":false},"author":1,"featured_media":578,"parent":0,"template":"","tags":[12,11],"product-type":[69,6],"class_list":["post-577","product","type-product","status-publish","has-post-thumbnail","hentry","tag-groundnut","tag-peanut","product-type-peanut-machine","product-type-product"],"_links":{"self":[{"href":"https:\/\/bestpeanutmachine.com\/fr\/wp-json\/wp\/v2\/product\/577","targetHints":{"allow":["GET"]}}],"collection":[{"href":"https:\/\/bestpeanutmachine.com\/fr\/wp-json\/wp\/v2\/product"}],"about":[{"href":"https:\/\/bestpeanutmachine.com\/fr\/wp-json\/wp\/v2\/types\/product"}],"author":[{"embeddable":true,"href":"https:\/\/bestpeanutmachine.com\/fr\/wp-json\/wp\/v2\/users\/1"}],"wp:featuredmedia":[{"embeddable":true,"href":"https:\/\/bestpeanutmachine.com\/fr\/wp-json\/wp\/v2\/media\/578"}],"wp:attachment":[{"href":"https:\/\/bestpeanutmachine.com\/fr\/wp-json\/wp\/v2\/media?parent=577"}],"wp:term":[{"taxonomy":"post_tag","embeddable":true,"href":"https:\/\/bestpeanutmachine.com\/fr\/wp-json\/wp\/v2\/tags?post=577"},{"taxonomy":"product-type","embeddable":true,"href":"https:\/\/bestpeanutmachine.com\/fr\/wp-json\/wp\/v2\/product-type?post=577"}],"curies":[{"name":"wp","href":"https:\/\/api.w.org\/{rel}","templated":true}]}}