{"id":596,"date":"2025-11-18T15:56:40","date_gmt":"2025-11-18T07:56:40","guid":{"rendered":"https:\/\/bestpeanutmachine.com\/?post_type=product&#038;p=596"},"modified":"2025-11-18T15:57:49","modified_gmt":"2025-11-18T07:57:49","slug":"peanut-planter-machine","status":"publish","type":"product","link":"https:\/\/bestpeanutmachine.com\/fr\/product\/peanut-planter-machine\/","title":{"rendered":"Machine \u00e0 planter les arachides pour une culture efficace des arachides"},"content":{"rendered":"<p class=\"translation-block\">Taizy <strong>machine \u00e0 planter des cacahu\u00e8tes<\/strong> peut \u00eatre utilis\u00e9e avec des tracteurs \u00e0 quatre roues de 20 chevaux ou plus. Elle int\u00e8gre des fonctions telles que le creusement, l'engrais, le semis et la couverture, qui peuvent \u00e9galement r\u00e9aliser l'engrais et le semis simultan\u00e9ment. <\/p>    <p>This peanut seeder&#8217;s production efficiency can reach over 0.5-3.2acres per hour with a lower seeding\u00a0rate of >98%. Besides, its sowing depth, spacing, and distance can be adjusted according to the agricultural planting needs of different regions.<\/p>    <h2 class=\"wp-block-heading\"><strong>Points forts de la machine \u00e0 planter des cacahu\u00e8tes Taizy<\/strong><\/h2>    <ul class=\"wp-block-list\"> <li>Notre machine \u00e0 planter des cacahu\u00e8tes peut r\u00e9aliser plusieurs fonctions en une seule op\u00e9ration, notamment le creusement de tranch\u00e9es, l'engrais, le semis et la couverture. Cette op\u00e9ration int\u00e9gr\u00e9e am\u00e9liore grandement l'efficacit\u00e9 de semis et convient \u00e0 la plantation \u00e0 grande \u00e9chelle.<\/li>    <li>The peanut seeder&#8217;s design incorporates advanced foreign seeding technology, achieving a seeding accuracy of over 98%. This not only ensures uniform seed spacing but also stabilizes seeding depth, resulting in a high germination rate and higher yield.<\/li>    <li>Ce semoir peut ajuster automatiquement l'espacement entre les rang\u00e9es (300\u2013350 mm), l'espacement des graines (80\u2013300 mm) et la profondeur de semis en fonction des conditions du sol local. Par cons\u00e9quent, ce semoir convient \u00e0 diff\u00e9rentes zones agricoles, types de sol et habitudes de plantation.<\/li> <\/ul>   <div class=\"wp-block-image\"> <figure class=\"aligncenter size-full\"><img loading=\"lazy\" decoding=\"async\" width=\"720\" height=\"540\" src=\"https:\/\/bestpeanutmachine.com\/wp-content\/uploads\/2025\/11\/peanut-sowing-machine.webp\" alt=\"Machine de semis de cacahu\u00e8tes\" class=\"wp-image-598\" srcset=\"https:\/\/bestpeanutmachine.com\/wp-content\/uploads\/2025\/11\/peanut-sowing-machine.webp 720w, https:\/\/bestpeanutmachine.com\/wp-content\/uploads\/2025\/11\/peanut-sowing-machine-300x225.webp 300w, https:\/\/bestpeanutmachine.com\/wp-content\/uploads\/2025\/11\/peanut-sowing-machine-16x12.webp 16w\" sizes=\"auto, (max-width: 720px) 100vw, 720px\" \/><figcaption class=\"wp-element-caption\">Machine de semis de cacahu\u00e8tes<\/figcaption><\/figure> <\/div>   <h2 class=\"wp-block-heading\"><strong>Qu'est-ce qu'une machine semeuse de cacahu\u00e8tes ?<\/strong><\/h2>    <p>The peanut planter is specifically designed for precise and efficient peanut planting. It&#8217;s typically paired with a 20-90 horsepower four-wheel tractor, integrating multiple agricultural steps into a continuous workflow, significantly reducing manual labor and improving field efficiency.<\/p>    <p class=\"translation-block\">Les semoirs \u00e0 cacahu\u00e8tes conviennent \u00e0 divers environnements agricoles, tels que les plantations de cacahu\u00e8tes, les zones de plantation en cr\u00eate, la culture de cacahu\u00e8tes en plaine, etc. En plus des cacahu\u00e8tes, avec de l\u00e9gers ajustements des plateaux de semis personnalis\u00e9s, il peut \u00e9galement planter du soja, <a href=\"https:\/\/en.wikipedia.org\/wiki\/Vicia_faba\" target=\"_blank\" rel=\"noopener\">f\u00e8ve de broad<\/a>, des haricots rouges et d'autres graines de taille moyenne \u00e0 grande.<\/p>    <p>En plus du creusement, du semis, de la couverture avec de la terre et de l'engrais, cette machine peut \u00e9galement \u00eatre personnalis\u00e9e avec des fonctions telles que la pulv\u00e9risation de pesticides, l'irrigation goutte-\u00e0-goutte et le paillage.<\/p>    <h2 class=\"wp-block-heading\"><strong>Types de machines \u00e0 planter des cacahu\u00e8tes<\/strong><\/h2>    <p>Les semoirs \u00e0 cacahu\u00e8tes sont disponibles en mod\u00e8les \u00e0 2, 4 et 6 rang\u00e9es. Les diff\u00e9rents mod\u00e8les sont con\u00e7us pour r\u00e9pondre aux besoins des exploitations de diff\u00e9rentes tailles, puissance de tracteur et exigences d'efficacit\u00e9 de plantation.<\/p>    <h3 class=\"wp-block-heading\"><strong>Machine \u00e0 semer des arachides \u00e0 2 rang\u00e9es<\/strong><\/h3>    <figure class=\"wp-block-table\"><table class=\"has-fixed-layout\"><tbody><tr><td>Mod\u00e8le<\/td><td>2BHMF-2<\/td><\/tr><tr><td>Puissance adapt\u00e9e<\/td><td>20-40 hp<\/td><\/tr><tr><td>Taille<\/td><td>2940\u00d71200\u00d71300 mm<\/td><\/tr><tr><td>Poids<\/td><td>180 kg<\/td><\/tr><tr><td>Capacit\u00e9 du r\u00e9servoir \u00e0 graines<\/td><td>10 kg *2<\/td><\/tr><tr><td>Nombre de rang\u00e9es<\/td><td>2<\/td><\/tr><tr><td>Espace entre les rang\u00e9es<\/td><td>300-350 mm<\/td><\/tr><tr><td>Espace de semis<\/td><td>80-300 mm<\/td><\/tr><tr><td>Productivit\u00e9<\/td><td>0,5-0,8 acres\/h<\/td><\/tr><tr><td>Taux de semis<\/td><td>&gt;98%<\/td><\/tr><\/tbody><\/table><figcaption class=\"wp-element-caption\">param\u00e8tres de la machine \u00e0 planter des arachides<\/figcaption><\/figure>    <figure class=\"wp-block-gallery has-nested-images columns-default is-cropped wp-block-gallery-2 is-layout-flex wp-block-gallery-is-layout-flex\"> <figure class=\"wp-block-image size-large\"><img loading=\"lazy\" decoding=\"async\" width=\"720\" height=\"540\" data-id=\"599\" src=\"https:\/\/bestpeanutmachine.com\/wp-content\/uploads\/2025\/11\/2-row-groundnut-planter-machine.webp\" alt=\"Machine \u00e0 planter des arachides \u00e0 2 rang\u00e9es\" class=\"wp-image-599\" srcset=\"https:\/\/bestpeanutmachine.com\/wp-content\/uploads\/2025\/11\/2-row-groundnut-planter-machine.webp 720w, https:\/\/bestpeanutmachine.com\/wp-content\/uploads\/2025\/11\/2-row-groundnut-planter-machine-300x225.webp 300w, https:\/\/bestpeanutmachine.com\/wp-content\/uploads\/2025\/11\/2-row-groundnut-planter-machine-16x12.webp 16w\" sizes=\"auto, (max-width: 720px) 100vw, 720px\" \/><figcaption class=\"wp-element-caption\">Machine \u00e0 planter des arachides \u00e0 2 rang\u00e9es<\/figcaption><\/figure>    <figure class=\"wp-block-image size-large\"><img loading=\"lazy\" decoding=\"async\" width=\"720\" height=\"540\" data-id=\"600\" src=\"https:\/\/bestpeanutmachine.com\/wp-content\/uploads\/2025\/11\/2-row-groundnut-seeder-machine.webp\" alt=\"Machine \u00e0 semer des arachides \u00e0 2 rang\u00e9es\" class=\"wp-image-600\" srcset=\"https:\/\/bestpeanutmachine.com\/wp-content\/uploads\/2025\/11\/2-row-groundnut-seeder-machine.webp 720w, https:\/\/bestpeanutmachine.com\/wp-content\/uploads\/2025\/11\/2-row-groundnut-seeder-machine-300x225.webp 300w, https:\/\/bestpeanutmachine.com\/wp-content\/uploads\/2025\/11\/2-row-groundnut-seeder-machine-16x12.webp 16w\" sizes=\"auto, (max-width: 720px) 100vw, 720px\" \/><figcaption class=\"wp-element-caption\">Machine \u00e0 semer des arachides \u00e0 2 rang\u00e9es<\/figcaption><\/figure> <\/figure>    <h3 class=\"wp-block-heading\"><strong>Machine \u00e0 planter des cacahu\u00e8tes \u00e0 4 rang\u00e9es<\/strong><\/h3>    <figure class=\"wp-block-table\"><table class=\"has-fixed-layout\"><tbody><tr><td>Mod\u00e8le<\/td><td>2BHMF-4<\/td><\/tr><tr><td>Puissance adapt\u00e9e<\/td><td>40-70 hp<\/td><\/tr><tr><td>Taille<\/td><td>2940\u00d71600\u00d71300 mm<\/td><\/tr><tr><td>Poids<\/td><td>350 kg<\/td><\/tr><tr><td>Capacit\u00e9 du r\u00e9servoir \u00e0 graines<\/td><td>10 kg *4<\/td><\/tr><tr><td>Nombre de rang\u00e9es<\/td><td>4<\/td><\/tr><tr><td>Espace entre les rang\u00e9es<\/td><td>300-350 mm<\/td><\/tr><tr><td>Espace de semis<\/td><td>80-300 mm<\/td><\/tr><tr><td>Productivit\u00e9<\/td><td>0,8-1,6 acres\/h<\/td><\/tr><tr><td>Taux de semis<\/td><td>&gt;98%<\/td><\/tr><\/tbody><\/table><figcaption class=\"wp-element-caption\">param\u00e8tres de la machine \u00e0 planter des cacahu\u00e8tes<\/figcaption><\/figure>    <figure class=\"wp-block-gallery has-nested-images columns-default is-cropped wp-block-gallery-3 is-layout-flex wp-block-gallery-is-layout-flex\"> <figure class=\"wp-block-image size-large\"><img loading=\"lazy\" decoding=\"async\" width=\"720\" height=\"540\" data-id=\"601\" src=\"https:\/\/bestpeanutmachine.com\/wp-content\/uploads\/2025\/11\/4-row-peanut-planter-machine.webp\" alt=\"Machine \u00e0 planter des cacahu\u00e8tes \u00e0 4 rang\u00e9es\" class=\"wp-image-601\" srcset=\"https:\/\/bestpeanutmachine.com\/wp-content\/uploads\/2025\/11\/4-row-peanut-planter-machine.webp 720w, https:\/\/bestpeanutmachine.com\/wp-content\/uploads\/2025\/11\/4-row-peanut-planter-machine-300x225.webp 300w, https:\/\/bestpeanutmachine.com\/wp-content\/uploads\/2025\/11\/4-row-peanut-planter-machine-16x12.webp 16w\" sizes=\"auto, (max-width: 720px) 100vw, 720px\" \/><figcaption class=\"wp-element-caption\">Machine \u00e0 planter des cacahu\u00e8tes \u00e0 4 rang\u00e9es<\/figcaption><\/figure>    <figure class=\"wp-block-image size-large\"><img loading=\"lazy\" decoding=\"async\" width=\"720\" height=\"540\" data-id=\"602\" src=\"https:\/\/bestpeanutmachine.com\/wp-content\/uploads\/2025\/11\/4-row-peanut-seed-planting-machine.webp\" alt=\"Machine de plantation de graines de cacahu\u00e8te \u00e0 4 rang\u00e9es\" class=\"wp-image-602\" srcset=\"https:\/\/bestpeanutmachine.com\/wp-content\/uploads\/2025\/11\/4-row-peanut-seed-planting-machine.webp 720w, https:\/\/bestpeanutmachine.com\/wp-content\/uploads\/2025\/11\/4-row-peanut-seed-planting-machine-300x225.webp 300w, https:\/\/bestpeanutmachine.com\/wp-content\/uploads\/2025\/11\/4-row-peanut-seed-planting-machine-16x12.webp 16w\" sizes=\"auto, (max-width: 720px) 100vw, 720px\" \/><figcaption class=\"wp-element-caption\">Machine de plantation de graines de cacahu\u00e8te \u00e0 4 rang\u00e9es<\/figcaption><\/figure> <\/figure>    <h3 class=\"wp-block-heading\"><strong>Machine \u00e0 semer des arachides \u00e0 6 rang\u00e9es<\/strong><\/h3>    <figure class=\"wp-block-table\"><table class=\"has-fixed-layout\"><tbody><tr><td>Mod\u00e8le<\/td><td>2BHMF-6<\/td><\/tr><tr><td>Puissance adapt\u00e9e<\/td><td>60-90 hp<\/td><\/tr><tr><td>Taille<\/td><td>2940\u00d71900\u00d71300 mm<\/td><\/tr><tr><td>Poids<\/td><td>450 kg<\/td><\/tr><tr><td>Capacit\u00e9 du r\u00e9servoir \u00e0 graines<\/td><td>10 kg *6<\/td><\/tr><tr><td>Nombre de rang\u00e9es<\/td><td>6<\/td><\/tr><tr><td>Espace entre les rang\u00e9es<\/td><td>300-350 mm<\/td><\/tr><tr><td>Espace de semis<\/td><td>80-300 mm<\/td><\/tr><tr><td>Productivit\u00e9<\/td><td>1,6-3,2 acres\/h<\/td><\/tr><tr><td>Taux de semis<\/td><td>&gt;98%<\/td><\/tr><\/tbody><\/table><figcaption class=\"wp-element-caption\">Sp\u00e9cification du semoir \u00e0 cacahu\u00e8tes<\/figcaption><\/figure>    <figure class=\"wp-block-gallery has-nested-images columns-default is-cropped wp-block-gallery-4 is-layout-flex wp-block-gallery-is-layout-flex\"> <figure class=\"wp-block-image size-large\"><img loading=\"lazy\" decoding=\"async\" width=\"720\" height=\"540\" data-id=\"603\" src=\"https:\/\/bestpeanutmachine.com\/wp-content\/uploads\/2025\/11\/6-row-groundnut-sowing-machine.webp\" alt=\"Machine \u00e0 semer des arachides \u00e0 6 rang\u00e9es\" class=\"wp-image-603\" srcset=\"https:\/\/bestpeanutmachine.com\/wp-content\/uploads\/2025\/11\/6-row-groundnut-sowing-machine.webp 720w, https:\/\/bestpeanutmachine.com\/wp-content\/uploads\/2025\/11\/6-row-groundnut-sowing-machine-300x225.webp 300w, https:\/\/bestpeanutmachine.com\/wp-content\/uploads\/2025\/11\/6-row-groundnut-sowing-machine-16x12.webp 16w\" sizes=\"auto, (max-width: 720px) 100vw, 720px\" \/><figcaption class=\"wp-element-caption\">Machine \u00e0 semer des arachides \u00e0 6 rang\u00e9es<\/figcaption><\/figure>    <figure class=\"wp-block-image size-large\"><img loading=\"lazy\" decoding=\"async\" width=\"720\" height=\"540\" data-id=\"604\" src=\"https:\/\/bestpeanutmachine.com\/wp-content\/uploads\/2025\/11\/6-row-peanut-sowing-machine.webp\" alt=\"Machine \u00e0 semer en 6 rang\u00e9es\" class=\"wp-image-604\" srcset=\"https:\/\/bestpeanutmachine.com\/wp-content\/uploads\/2025\/11\/6-row-peanut-sowing-machine.webp 720w, https:\/\/bestpeanutmachine.com\/wp-content\/uploads\/2025\/11\/6-row-peanut-sowing-machine-300x225.webp 300w, https:\/\/bestpeanutmachine.com\/wp-content\/uploads\/2025\/11\/6-row-peanut-sowing-machine-16x12.webp 16w\" sizes=\"auto, (max-width: 720px) 100vw, 720px\" \/><figcaption class=\"wp-element-caption\">Machine \u00e0 semer en 6 rang\u00e9es<\/figcaption><\/figure> <\/figure>    <h2 class=\"wp-block-heading\"><strong>Prix et facteurs de co\u00fbt des machines \u00e0 planter des cacahu\u00e8tes<\/strong><\/h2>    <p>Alors que le prix des semoirs \u00e0 cacahu\u00e8tes varie selon les fabricants et les configurations, les facteurs cl\u00e9s suivants influencent leur co\u00fbt total :<\/p>    <ol class=\"wp-block-list\"> <li>Un nombre plus \u00e9lev\u00e9 de rang\u00e9es n\u00e9cessite des cadres plus grands, ce qui augmente l'efficacit\u00e9 mais aussi les co\u00fbts de production.<\/li>    <li>Materials determine manufacturing quality, in turn, resulting in a higher price. However, thicker steel and reinforced structures extend the machine&#8217;s lifespan and reduce long-term maintenance costs.<\/li>    <li>L'importation de machines n\u00e9cessite de prendre en compte les droits de douane, les frais d'emballage et les co\u00fbts d'exp\u00e9dition. Certaines entreprises facturent des frais suppl\u00e9mentaires pour g\u00e9rer tous ces aspects, tandis que d'autres n'incluent pas ces services, et vous devrez trouver un transitaire vous-m\u00eame.<\/li> <\/ol>    <h2 class=\"wp-block-heading\"><strong>Cas de r\u00e9ussite : machine \u00e0 planter des cacahu\u00e8tes \u00e0 6 rang\u00e9es export\u00e9e vers le Danemark<\/strong><\/h2>    <p>Au d\u00e9but de 2025, une entreprise agricole danoise nous a contact\u00e9s concernant une machine \u00e0 planter des cacahu\u00e8tes \u00e0 6 rang\u00e9es. Ce client exploite une grande ferme mixte de 180 hectares et a r\u00e9cemment commenc\u00e9 \u00e0 planter des cacahu\u00e8tes pour r\u00e9pondre \u00e0 la demande croissante de produits \u00e0 base de cacahu\u00e8tes des usines de transformation locales.<\/p>   <div class=\"wp-block-image\"> <figure class=\"aligncenter size-full\"><img loading=\"lazy\" decoding=\"async\" width=\"720\" height=\"540\" src=\"https:\/\/bestpeanutmachine.com\/wp-content\/uploads\/2025\/11\/peanut-planting.webp\" alt=\"Plantation de cacahu\u00e8tes\" class=\"wp-image-605\" srcset=\"https:\/\/bestpeanutmachine.com\/wp-content\/uploads\/2025\/11\/peanut-planting.webp 720w, https:\/\/bestpeanutmachine.com\/wp-content\/uploads\/2025\/11\/peanut-planting-300x225.webp 300w, https:\/\/bestpeanutmachine.com\/wp-content\/uploads\/2025\/11\/peanut-planting-16x12.webp 16w\" sizes=\"auto, (max-width: 720px) 100vw, 720px\" \/><figcaption class=\"wp-element-caption\">Plantation de cacahu\u00e8tes<\/figcaption><\/figure> <\/div>   <p>Le client recherchait une solution de plantation de cacahu\u00e8tes enti\u00e8rement m\u00e9canis\u00e9e pour am\u00e9liorer la pr\u00e9cision de plantation et r\u00e9duire les co\u00fbts d'exploitation. Il a donc contact\u00e9 Taizy via notre site web.<\/p>    <p>Apr\u00e8s avoir consult\u00e9 nos professionnels, le client a finalis\u00e9 la commande : un mod\u00e8le 2BHMF-6 \u00e9quip\u00e9 d'un ouvre-foss\u00e9 renforc\u00e9 et d'engrais en acier inoxydable pour l'exportation.<\/p>    <p>Dans les vingt jours suivant la production, notre usine a termin\u00e9 l'application d'huile antirouille et l'ajout de cadres de protection. Nous avons utilis\u00e9 des caisses en bois de qualit\u00e9 export pour l'emballage final et les avons envoy\u00e9es sur un navire \u00e0 destination du Danemark.<\/p>    <figure class=\"wp-block-gallery has-nested-images columns-2 is-cropped wp-block-gallery-5 is-layout-flex wp-block-gallery-is-layout-flex\"> <figure class=\"wp-block-image size-large\"><img loading=\"lazy\" decoding=\"async\" width=\"720\" height=\"540\" data-id=\"606\" src=\"https:\/\/bestpeanutmachine.com\/wp-content\/uploads\/2025\/11\/groundnut-seeder-machine.webp\" alt=\"Machine \u00e0 semer des arachides\" class=\"wp-image-606\" srcset=\"https:\/\/bestpeanutmachine.com\/wp-content\/uploads\/2025\/11\/groundnut-seeder-machine.webp 720w, https:\/\/bestpeanutmachine.com\/wp-content\/uploads\/2025\/11\/groundnut-seeder-machine-300x225.webp 300w, https:\/\/bestpeanutmachine.com\/wp-content\/uploads\/2025\/11\/groundnut-seeder-machine-16x12.webp 16w\" sizes=\"auto, (max-width: 720px) 100vw, 720px\" \/><figcaption class=\"wp-element-caption\">Machine \u00e0 semer des arachides<\/figcaption><\/figure>    <figure class=\"wp-block-image size-large\"><img loading=\"lazy\" decoding=\"async\" width=\"720\" height=\"540\" data-id=\"608\" src=\"https:\/\/bestpeanutmachine.com\/wp-content\/uploads\/2025\/11\/peanut-planter-in-stock.webp\" alt=\"Machine \u00e0 planter des cacahu\u00e8tes en stock\" class=\"wp-image-608\" srcset=\"https:\/\/bestpeanutmachine.com\/wp-content\/uploads\/2025\/11\/peanut-planter-in-stock.webp 720w, https:\/\/bestpeanutmachine.com\/wp-content\/uploads\/2025\/11\/peanut-planter-in-stock-300x225.webp 300w, https:\/\/bestpeanutmachine.com\/wp-content\/uploads\/2025\/11\/peanut-planter-in-stock-16x12.webp 16w\" sizes=\"auto, (max-width: 720px) 100vw, 720px\" \/><figcaption class=\"wp-element-caption\">Machine \u00e0 planter des cacahu\u00e8tes en stock<\/figcaption><\/figure>    <figure class=\"wp-block-image size-large\"><img loading=\"lazy\" decoding=\"async\" width=\"720\" height=\"540\" data-id=\"607\" src=\"https:\/\/bestpeanutmachine.com\/wp-content\/uploads\/2025\/11\/peanut-planting-machine-to-Denmark.webp\" alt=\"Machine \u00e0 planter des cacahu\u00e8tes vers le Danemark\" class=\"wp-image-607\" srcset=\"https:\/\/bestpeanutmachine.com\/wp-content\/uploads\/2025\/11\/peanut-planting-machine-to-Denmark.webp 720w, https:\/\/bestpeanutmachine.com\/wp-content\/uploads\/2025\/11\/peanut-planting-machine-to-Denmark-300x225.webp 300w, https:\/\/bestpeanutmachine.com\/wp-content\/uploads\/2025\/11\/peanut-planting-machine-to-Denmark-16x12.webp 16w\" sizes=\"auto, (max-width: 720px) 100vw, 720px\" \/><figcaption class=\"wp-element-caption\">Machine \u00e0 planter des cacahu\u00e8tes vers le Danemark<\/figcaption><\/figure>    <figure class=\"wp-block-image size-large\"><img loading=\"lazy\" decoding=\"async\" width=\"720\" height=\"540\" data-id=\"609\" src=\"https:\/\/bestpeanutmachine.com\/wp-content\/uploads\/2025\/11\/peanut-seeder-with-wooden-packaging.webp\" alt=\"Semoir \u00e0 cacahu\u00e8tes avec emballage en bois\" class=\"wp-image-609\" srcset=\"https:\/\/bestpeanutmachine.com\/wp-content\/uploads\/2025\/11\/peanut-seeder-with-wooden-packaging.webp 720w, https:\/\/bestpeanutmachine.com\/wp-content\/uploads\/2025\/11\/peanut-seeder-with-wooden-packaging-300x225.webp 300w, https:\/\/bestpeanutmachine.com\/wp-content\/uploads\/2025\/11\/peanut-seeder-with-wooden-packaging-16x12.webp 16w\" sizes=\"auto, (max-width: 720px) 100vw, 720px\" \/><figcaption class=\"wp-element-caption\">Semoir \u00e0 cacahu\u00e8tes avec emballage en bois<\/figcaption><\/figure> <\/figure>    <p>En tant qu'usine exportatrice de machines agricoles depuis plus d'une d\u00e9cennie, Taizy vous offre non seulement des produits \u00e0 prix transparent, mais aussi des services complets sans souci, y compris la personnalisation du fret et le d\u00e9douanement.<\/p>    <p>Si vous avez des demandes, veuillez nous consulter.<\/p>    <p>En plus de cette machine, nous proposons \u00e9galement :<\/p>    <ul class=\"wp-block-list\"> <li><a href=\"https:\/\/bestpeanutmachine.com\/fr\/product\/peanut-digger-machine\/\">Machine \u00e0 d\u00e9terrer les arachides<\/a><\/li>    <li><a href=\"https:\/\/bestpeanutmachine.com\/fr\/product\/peanut-picker-machine\/\">Machine \u00e0 cueillir des cacahu\u00e8tes<\/a><\/li>    <li><a href=\"https:\/\/bestpeanutmachine.com\/fr\/product\/peanut-shelling-machine\/\">Machine \u00e0 d\u00e9cortiquer les arachides<\/a><\/li> <\/ul>","protected":false},"excerpt":{"rendered":"<p>This high-efficiency peanut planter is suitable for 20-70 horsepower tractors, supporting 2-6 row planting with adjustable planting depth and row spacing, and a planting rate of up to 1.5 acres per hour.<\/p>","protected":false},"author":1,"featured_media":597,"parent":0,"template":"","tags":[12,11],"product-type":[69,6],"class_list":["post-596","product","type-product","status-publish","has-post-thumbnail","hentry","tag-groundnut","tag-peanut","product-type-peanut-machine","product-type-product"],"_links":{"self":[{"href":"https:\/\/bestpeanutmachine.com\/fr\/wp-json\/wp\/v2\/product\/596","targetHints":{"allow":["GET"]}}],"collection":[{"href":"https:\/\/bestpeanutmachine.com\/fr\/wp-json\/wp\/v2\/product"}],"about":[{"href":"https:\/\/bestpeanutmachine.com\/fr\/wp-json\/wp\/v2\/types\/product"}],"author":[{"embeddable":true,"href":"https:\/\/bestpeanutmachine.com\/fr\/wp-json\/wp\/v2\/users\/1"}],"wp:featuredmedia":[{"embeddable":true,"href":"https:\/\/bestpeanutmachine.com\/fr\/wp-json\/wp\/v2\/media\/597"}],"wp:attachment":[{"href":"https:\/\/bestpeanutmachine.com\/fr\/wp-json\/wp\/v2\/media?parent=596"}],"wp:term":[{"taxonomy":"post_tag","embeddable":true,"href":"https:\/\/bestpeanutmachine.com\/fr\/wp-json\/wp\/v2\/tags?post=596"},{"taxonomy":"product-type","embeddable":true,"href":"https:\/\/bestpeanutmachine.com\/fr\/wp-json\/wp\/v2\/product-type?post=596"}],"curies":[{"name":"wp","href":"https:\/\/api.w.org\/{rel}","templated":true}]}}