{"id":611,"date":"2025-11-26T15:13:59","date_gmt":"2025-11-26T07:13:59","guid":{"rendered":"https:\/\/bestpeanutmachine.com\/?post_type=product&#038;p=611"},"modified":"2025-11-26T16:53:49","modified_gmt":"2025-11-26T08:53:49","slug":"fresh-cocoa-pod-breaking-machine","status":"publish","type":"product","link":"https:\/\/bestpeanutmachine.com\/fr\/product\/fresh-cocoa-pod-breaking-machine\/","title":{"rendered":"Machine \u00e0 casser les cabosses de cacao fra\u00eeches pour le pr\u00e9traitement des f\u00e8ves de cacao"},"content":{"rendered":"<p class=\"translation-block\">Cette <strong>machine \u00e0 casser les cabosses de cacao<\/strong> se compose d'un diviseur de cabosses de cacao fra\u00eeches et d'un s\u00e9parateur de cabosses de cacao, formant une ligne de production compl\u00e8te de traitement des cabosses de cacao. Elle divise automatiquement les cabosses de cacao fra\u00eeches, s\u00e9parant les cabosses des f\u00e8ves, repr\u00e9sentant la premi\u00e8re \u00e9tape du pr\u00e9traitement des f\u00e8ves de cacao.<\/p>    <p>Notre \u00e9quipement d'ouverture de cabosses de cacao peut traiter 300-1000 kg\/h de cabosses de cacao en utilisant des mat\u00e9riaux en contact avec les aliments (acier inoxydable 304), ce qui est id\u00e9al pour le pr\u00e9traitement des f\u00e8ves de cacao provenant des r\u00e9gions productrices de cacao en Afrique, en Asie du Sud-Est et en Am\u00e9rique du Sud.<\/p>    <figure class=\"wp-block-embed aligncenter is-type-video is-provider-youtube wp-block-embed-youtube wp-embed-aspect-16-9 wp-has-aspect-ratio\"><div class=\"wp-block-embed__wrapper\"> <iframe loading=\"lazy\" title=\"\ud83c\udf6bMachine \u00e0 casser les cabosses de cacao Contactez  8617703863868 ou Email info@bestpeanutmachine.com\" width=\"500\" height=\"281\" src=\"https:\/\/www.youtube.com\/embed\/uf6JMPvDcXw?feature=oembed\" frameborder=\"0\" allow=\"accelerometer; autoplay; clipboard-write; encrypted-media; gyroscope; picture-in-picture; web-share\" referrerpolicy=\"strict-origin-when-cross-origin\" allowfullscreen><\/iframe> <\/div><figcaption class=\"wp-element-caption\">vid\u00e9o de travail de la machine \u00e0 casser les cabosses de cacao<\/figcaption><\/figure>    <h2 class=\"wp-block-heading\"><strong>Avantages de la machine \u00e0 casser les cabosses de cacao<\/strong><\/h2>    <ul class=\"wp-block-list\"> <li>Notre machine \u00e0 casser les cabosses de cacao garantit que les f\u00e8ves de cacao restent intactes tout au long du processus de s\u00e9paration, minimisant les cassures de f\u00e8ves et pr\u00e9servant la qualit\u00e9 des f\u00e8ves pour une fermentation r\u00e9ussie. Elle est id\u00e9ale pour produire des produits en cacao de haute qualit\u00e9.<\/li>    <li>The cocoa pod crusher is constructed from food-grade stainless steel in all critical contact areas, ensuring the highest hygiene standards. This stainless steel is not only easy to clean but also corrosion-resistant, greatly extending the machine&#8217;s lifespan.<\/li>    <li>Cette machine \u00e0 d\u00e9cortiquer les cabosses de cacao offre diverses options de capacit\u00e9, allant de 300 kg\/h \u00e0 1000 kg\/h, pour r\u00e9pondre aux besoins de la production de cacao en petites et grandes quantit\u00e9s.<\/li>    <li>\u00c9quip\u00e9e d'un tapis roulant, elle s'int\u00e8gre parfaitement avec d'autres \u00e9quipements de ligne de production de cacao, garantissant un flux de travail stable, am\u00e9liorant la productivit\u00e9 globale des fermes de cacao et des centres de traitement, et r\u00e9duisant les co\u00fbts de main-d'\u0153uvre.<\/li> <\/ul>    <figure class=\"wp-block-gallery has-nested-images columns-2 is-cropped wp-block-gallery-2 is-layout-flex wp-block-gallery-is-layout-flex\"> <figure class=\"wp-block-image size-large\"><img loading=\"lazy\" decoding=\"async\" width=\"720\" height=\"540\" data-id=\"613\" src=\"https:\/\/bestpeanutmachine.com\/wp-content\/uploads\/2025\/11\/cocoa-bean-separator.webp\" alt=\"s\u00e9parateur de f\u00e8ves de cacao\" class=\"wp-image-613\" srcset=\"https:\/\/bestpeanutmachine.com\/wp-content\/uploads\/2025\/11\/cocoa-bean-separator.webp 720w, https:\/\/bestpeanutmachine.com\/wp-content\/uploads\/2025\/11\/cocoa-bean-separator-300x225.webp 300w, https:\/\/bestpeanutmachine.com\/wp-content\/uploads\/2025\/11\/cocoa-bean-separator-16x12.webp 16w\" sizes=\"auto, (max-width: 720px) 100vw, 720px\" \/><figcaption class=\"wp-element-caption\">s\u00e9parateur de f\u00e8ves de cacao<\/figcaption><\/figure>    <figure class=\"wp-block-image size-large\"><img loading=\"lazy\" decoding=\"async\" width=\"720\" height=\"540\" data-id=\"614\" src=\"https:\/\/bestpeanutmachine.com\/wp-content\/uploads\/2025\/11\/cocoa-pod-breaker.webp\" alt=\"casseur de cabosses de cacao\" class=\"wp-image-614\" srcset=\"https:\/\/bestpeanutmachine.com\/wp-content\/uploads\/2025\/11\/cocoa-pod-breaker.webp 720w, https:\/\/bestpeanutmachine.com\/wp-content\/uploads\/2025\/11\/cocoa-pod-breaker-300x225.webp 300w, https:\/\/bestpeanutmachine.com\/wp-content\/uploads\/2025\/11\/cocoa-pod-breaker-16x12.webp 16w\" sizes=\"auto, (max-width: 720px) 100vw, 720px\" \/><figcaption class=\"wp-element-caption\">casseur de cabosses de cacao<\/figcaption><\/figure>    <figure class=\"wp-block-image size-large\"><img loading=\"lazy\" decoding=\"async\" width=\"720\" height=\"540\" data-id=\"615\" src=\"https:\/\/bestpeanutmachine.com\/wp-content\/uploads\/2025\/11\/cocoa-pod-open-equipment.webp\" alt=\"\u00e9quipement d&#039;ouverture de cabosses de cacao\" class=\"wp-image-615\" srcset=\"https:\/\/bestpeanutmachine.com\/wp-content\/uploads\/2025\/11\/cocoa-pod-open-equipment.webp 720w, https:\/\/bestpeanutmachine.com\/wp-content\/uploads\/2025\/11\/cocoa-pod-open-equipment-300x225.webp 300w, https:\/\/bestpeanutmachine.com\/wp-content\/uploads\/2025\/11\/cocoa-pod-open-equipment-16x12.webp 16w\" sizes=\"auto, (max-width: 720px) 100vw, 720px\" \/><figcaption class=\"wp-element-caption\">\u00e9quipement d'ouverture de cabosses de cacao<\/figcaption><\/figure>    <figure class=\"wp-block-image size-large\"><img loading=\"lazy\" decoding=\"async\" width=\"720\" height=\"540\" data-id=\"616\" src=\"https:\/\/bestpeanutmachine.com\/wp-content\/uploads\/2025\/11\/cocoa-pod-opening-machine.webp\" alt=\"machine d&#039;ouverture de cabosses de cacao\" class=\"wp-image-616\" srcset=\"https:\/\/bestpeanutmachine.com\/wp-content\/uploads\/2025\/11\/cocoa-pod-opening-machine.webp 720w, https:\/\/bestpeanutmachine.com\/wp-content\/uploads\/2025\/11\/cocoa-pod-opening-machine-300x225.webp 300w, https:\/\/bestpeanutmachine.com\/wp-content\/uploads\/2025\/11\/cocoa-pod-opening-machine-16x12.webp 16w\" sizes=\"auto, (max-width: 720px) 100vw, 720px\" \/><figcaption class=\"wp-element-caption\">machine d'ouverture de cabosses de cacao<\/figcaption><\/figure> <\/figure>    <h2 class=\"wp-block-heading\"><strong>Composition de la d\u00e9cortiqueuse de cabosses de cacao<\/strong><\/h2>    <p>Cette ligne de production de s\u00e9paration de cabosses de cacao se compose de deux machines principales : un diviseur de cabosses de cacao fra\u00eeches et un s\u00e9parateur de pelures de cabosses de cacao. <\/p>    <h3 class=\"wp-block-heading\"><strong>cutter de s\u00e9paration des cabosses de cacao<\/strong><\/h3>    <p>Cette d\u00e9cortiqueuse de cabosses de cacao coupe les cabosses de cacao fra\u00eeches en deux h\u00e9misph\u00e8res propres, rempla\u00e7ant le processus d'ouverture manuel lent et laborieux. Son m\u00e9canisme de coupe contr\u00f4l\u00e9 garantit un minimum de dommages aux f\u00e8ves, des tailles de coupe coh\u00e9rentes et une augmentation de la r\u00e9cup\u00e9ration des f\u00e8ves de cacao enti\u00e8res.<\/p>   <div class=\"wp-block-image\"> <figure class=\"aligncenter size-full\"><img loading=\"lazy\" decoding=\"async\" width=\"720\" height=\"540\" src=\"https:\/\/bestpeanutmachine.com\/wp-content\/uploads\/2025\/11\/cocoa-pod-cutting-part.webp\" alt=\"partie de coupe de cabosses de cacao\" class=\"wp-image-621\" srcset=\"https:\/\/bestpeanutmachine.com\/wp-content\/uploads\/2025\/11\/cocoa-pod-cutting-part.webp 720w, https:\/\/bestpeanutmachine.com\/wp-content\/uploads\/2025\/11\/cocoa-pod-cutting-part-300x225.webp 300w, https:\/\/bestpeanutmachine.com\/wp-content\/uploads\/2025\/11\/cocoa-pod-cutting-part-16x12.webp 16w\" sizes=\"auto, (max-width: 720px) 100vw, 720px\" \/><figcaption class=\"wp-element-caption\">partie de coupe de cabosses de cacao<\/figcaption><\/figure> <\/div>   <h3 class=\"wp-block-heading\"><strong>s\u00e9parateur de pelures de cacao et de f\u00e8ves<\/strong><\/h3>    <p>Apr\u00e8s la s\u00e9paration, le s\u00e9parateur utilise des tambours rotatifs et un syst\u00e8me de vibration pour s\u00e9parer rapidement les f\u00e8ves des coquilles de cabosses cass\u00e9es. Des surfaces de contact en acier inoxydable sp\u00e9ciales garantissent un processus hygi\u00e9nique et r\u00e9duisent la contamination, maintenant l'int\u00e9grit\u00e9 des f\u00e8ves pour une utilisation directe dans la fermentation.<\/p>   <div class=\"wp-block-image\"> <figure class=\"aligncenter size-full\"><img loading=\"lazy\" decoding=\"async\" width=\"720\" height=\"540\" src=\"https:\/\/bestpeanutmachine.com\/wp-content\/uploads\/2025\/11\/cocoa-husk-and-bean-separating-part.webp\" alt=\"partie de s\u00e9paration des pelures de cacao et des f\u00e8ves\" class=\"wp-image-622\" srcset=\"https:\/\/bestpeanutmachine.com\/wp-content\/uploads\/2025\/11\/cocoa-husk-and-bean-separating-part.webp 720w, https:\/\/bestpeanutmachine.com\/wp-content\/uploads\/2025\/11\/cocoa-husk-and-bean-separating-part-300x225.webp 300w, https:\/\/bestpeanutmachine.com\/wp-content\/uploads\/2025\/11\/cocoa-husk-and-bean-separating-part-16x12.webp 16w\" sizes=\"auto, (max-width: 720px) 100vw, 720px\" \/><figcaption class=\"wp-element-caption\">partie de s\u00e9paration des pelures de cacao et des f\u00e8ves<\/figcaption><\/figure> <\/div>   <p>Taizy&#8217;s integrated design of these cocoa pod breaking machines significantly improves production efficiency, reduces labor costs, and ensures high-quality cocoa bean production.<\/p>    <h2 class=\"wp-block-heading\"><strong>Deux mod\u00e8les et leurs sp\u00e9cifications techniques<\/strong><\/h2>    <h3 class=\"wp-block-heading\"><strong>machine de traitement des f\u00e8ves de cacao 800\u20131000 kg\/h<\/strong><\/h3>    <figure class=\"wp-block-table\"><table><tbody><tr><td>Machine<\/td><td class=\"has-text-align-center\" data-align=\"center\">machine de s\u00e9paration des cabosses de cacao<\/td><td class=\"has-text-align-center\" data-align=\"center\">s\u00e9parateur de coquilles de f\u00e8ves de cacao<\/td><\/tr><tr><td>Capacit\u00e9<\/td><td class=\"has-text-align-center\" data-align=\"center\">300\u2013400 kg\/h<\/td><td class=\"has-text-align-center\" data-align=\"center\">300\u2013400 kg\/h<\/td><\/tr><tr><td>Pouvoir<\/td><td class=\"has-text-align-center\" data-align=\"center\">0.75 kW<\/td><td class=\"has-text-align-center\" data-align=\"center\">1.1 kW<\/td><\/tr><tr><td>Tension<\/td><td class=\"has-text-align-center\" data-align=\"center\">380 V 50 Hz<\/td><td class=\"has-text-align-center\" data-align=\"center\">380 V 50 Hz<\/td><\/tr><tr><td>Dimensions<\/td><td class=\"has-text-align-center\" data-align=\"center\">1.6*0.6*1.6 m<\/td><td class=\"has-text-align-center\" data-align=\"center\">2*1.3*1.7 m<\/td><\/tr><tr><td>Mat\u00e9riel<\/td><td class=\"has-text-align-center\" data-align=\"center\">ceinture en acier inoxydable 201 et cadre en acier au carbone<\/td><td class=\"has-text-align-center\" data-align=\"center\">Tambour et tr\u00e9mie en acier inoxydable 201, cadre en acier au carbone<\/td><\/tr><tr><td>Poids<\/td><td class=\"has-text-align-center\" data-align=\"center\">150 kg<\/td><td class=\"has-text-align-center\" data-align=\"center\">180 kg<\/td><\/tr><\/tbody><\/table><figcaption class=\"wp-element-caption\">param\u00e8tres d'une ligne de production de traitement de cabosses de cacao \u00e0 petite capacit\u00e9<\/figcaption><\/figure>   <div class=\"wp-block-image\"> <figure class=\"aligncenter size-full\"><img loading=\"lazy\" decoding=\"async\" width=\"720\" height=\"540\" src=\"https:\/\/bestpeanutmachine.com\/wp-content\/uploads\/2025\/11\/cocoa-pod-and-beans-separating-machine.webp\" alt=\"machine de s\u00e9paration des cabosses et des f\u00e8ves de cacao\" class=\"wp-image-617\" srcset=\"https:\/\/bestpeanutmachine.com\/wp-content\/uploads\/2025\/11\/cocoa-pod-and-beans-separating-machine.webp 720w, https:\/\/bestpeanutmachine.com\/wp-content\/uploads\/2025\/11\/cocoa-pod-and-beans-separating-machine-300x225.webp 300w, https:\/\/bestpeanutmachine.com\/wp-content\/uploads\/2025\/11\/cocoa-pod-and-beans-separating-machine-16x12.webp 16w\" sizes=\"auto, (max-width: 720px) 100vw, 720px\" \/><figcaption class=\"wp-element-caption\">machine de s\u00e9paration des cabosses et des f\u00e8ves de cacao<\/figcaption><\/figure> <\/div>   <h3 class=\"wp-block-heading\"><strong>machine \u00e0 casser les cabosses de cacao 300\u2013400 kg\/h<\/strong><\/h3>    <figure class=\"wp-block-table\"><table><tbody><tr><td>Machine<\/td><td class=\"has-text-align-center\" data-align=\"center\">machine de s\u00e9paration des cabosses de cacao<\/td><td class=\"has-text-align-center\" data-align=\"center\">s\u00e9parateur de coquilles de f\u00e8ves de cacao<\/td><\/tr><tr><td>Capacit\u00e9<\/td><td class=\"has-text-align-center\" data-align=\"center\">800-1000 kg\/h<\/td><td class=\"has-text-align-center\" data-align=\"center\">800-1000 kg\/h<\/td><\/tr><tr><td>Pouvoir<\/td><td class=\"has-text-align-center\" data-align=\"center\">0.75 kW<\/td><td class=\"has-text-align-center\" data-align=\"center\">1.1 kW<\/td><\/tr><tr><td>Tension<\/td><td class=\"has-text-align-center\" data-align=\"center\">380 V 50 Hz<\/td><td class=\"has-text-align-center\" data-align=\"center\">380 V 50 Hz<\/td><\/tr><tr><td>Dimensions<\/td><td class=\"has-text-align-center\" data-align=\"center\">1.6*0.6*2 m<\/td><td class=\"has-text-align-center\" data-align=\"center\">2.8*1.1*2.2 m<\/td><\/tr><tr><td>Mat\u00e9riel<\/td><td class=\"has-text-align-center\" data-align=\"center\">Acier au carbone<\/td><td class=\"has-text-align-center\" data-align=\"center\">Acier inoxydable en contact avec les aliments et cadre en acier au carbone<\/td><\/tr><tr><td>Poids<\/td><td class=\"has-text-align-center\" data-align=\"center\">160 kg<\/td><td class=\"has-text-align-center\" data-align=\"center\">380 kg<\/td><\/tr><\/tbody><\/table><figcaption class=\"wp-element-caption\">param\u00e8tres de la ligne de production de s\u00e9paration de cabosses de cacao \u00e0 grande capacit\u00e9<\/figcaption><\/figure>   <div class=\"wp-block-image\"> <figure class=\"aligncenter size-full\"><img loading=\"lazy\" decoding=\"async\" width=\"720\" height=\"540\" src=\"https:\/\/bestpeanutmachine.com\/wp-content\/uploads\/2025\/11\/cocoa-pod-splitting-machine.webp\" alt=\"machine de s\u00e9paration des cabosses de cacao\" class=\"wp-image-618\" srcset=\"https:\/\/bestpeanutmachine.com\/wp-content\/uploads\/2025\/11\/cocoa-pod-splitting-machine.webp 720w, https:\/\/bestpeanutmachine.com\/wp-content\/uploads\/2025\/11\/cocoa-pod-splitting-machine-300x225.webp 300w, https:\/\/bestpeanutmachine.com\/wp-content\/uploads\/2025\/11\/cocoa-pod-splitting-machine-16x12.webp 16w\" sizes=\"auto, (max-width: 720px) 100vw, 720px\" \/><figcaption class=\"wp-element-caption\">machine de s\u00e9paration des cabosses de cacao<\/figcaption><\/figure> <\/div>   <h2 class=\"wp-block-heading\"><strong>Applications de cette machine \u00e0 casser les cabosses de cacao<\/strong><\/h2>    <p>Cette machine est principalement utilis\u00e9e pour le pr\u00e9traitement des f\u00e8ves de cacao. Pour les coop\u00e9ratives de plantations de cacao, cette machine simplifie l'ensemble du flux de traitement des cabosses de cacao, permettant aux membres de la coop\u00e9rative de g\u00e9rer des lots plus importants de f\u00e8ves de cacao avec une qualit\u00e9 constante.<\/p>    <p>Pour les producteurs de cacao cherchant \u00e0 augmenter leur production, la machine \u00e0 casser les cabosses de cacao est un outil important pour augmenter la capacit\u00e9 de traitement sans influencer la qualit\u00e9. Avec la demande croissante de cacao, cette machine permet aux producteurs d'augmenter leur production sans augmenter significativement leur main-d'\u0153uvre.<\/p>    <p>Alors que la demande mondiale de f\u00e8ves de cacao de haute qualit\u00e9 continue de cro\u00eetre, les producteurs doivent s'assurer que leurs produits r\u00e9pondent aux normes internationales. Cette machine aide les producteurs \u00e0 maintenir un avantage concurrentiel en am\u00e9liorant la qualit\u00e9 des f\u00e8ves de cacao, la vitesse de traitement et l'efficacit\u00e9 globale.<\/p>    <figure class=\"wp-block-gallery has-nested-images columns-default is-cropped wp-block-gallery-3 is-layout-flex wp-block-gallery-is-layout-flex\"> <figure class=\"wp-block-image size-large\"><img loading=\"lazy\" decoding=\"async\" width=\"720\" height=\"540\" data-id=\"624\" src=\"https:\/\/bestpeanutmachine.com\/wp-content\/uploads\/2025\/11\/cocoa-harvest-in-rural-areas.webp\" alt=\"r\u00e9colte de cacao dans les zones rurales\" class=\"wp-image-624\" srcset=\"https:\/\/bestpeanutmachine.com\/wp-content\/uploads\/2025\/11\/cocoa-harvest-in-rural-areas.webp 720w, https:\/\/bestpeanutmachine.com\/wp-content\/uploads\/2025\/11\/cocoa-harvest-in-rural-areas-300x225.webp 300w, https:\/\/bestpeanutmachine.com\/wp-content\/uploads\/2025\/11\/cocoa-harvest-in-rural-areas-16x12.webp 16w\" sizes=\"auto, (max-width: 720px) 100vw, 720px\" \/><figcaption class=\"wp-element-caption\">r\u00e9colte de cacao dans les zones rurales<\/figcaption><\/figure>    <figure class=\"wp-block-image size-large\"><img loading=\"lazy\" decoding=\"async\" width=\"720\" height=\"540\" data-id=\"623\" src=\"https:\/\/bestpeanutmachine.com\/wp-content\/uploads\/2025\/11\/artificial-opening-of-cocoa-pods.webp\" alt=\"ouverture artificielle des cabosses de cacao\" class=\"wp-image-623\" srcset=\"https:\/\/bestpeanutmachine.com\/wp-content\/uploads\/2025\/11\/artificial-opening-of-cocoa-pods.webp 720w, https:\/\/bestpeanutmachine.com\/wp-content\/uploads\/2025\/11\/artificial-opening-of-cocoa-pods-300x225.webp 300w, https:\/\/bestpeanutmachine.com\/wp-content\/uploads\/2025\/11\/artificial-opening-of-cocoa-pods-16x12.webp 16w\" sizes=\"auto, (max-width: 720px) 100vw, 720px\" \/><figcaption class=\"wp-element-caption\">ouverture artificielle des cabosses de cacao<\/figcaption><\/figure> <\/figure>    <h2 class=\"wp-block-heading\"><strong>Cas r\u00e9ussis<\/strong><\/h2>    <p>Notre client est une coop\u00e9rative de cacao situ\u00e9e au Ghana. La coop\u00e9rative travaille avec plus de 200 petits agriculteurs qui produisent des f\u00e8ves de cacao de haute qualit\u00e9 mais ont du mal avec des vitesses de traitement lentes et des co\u00fbts de main-d'\u0153uvre \u00e9lev\u00e9s. <\/p>    <p>Les m\u00e9thodes traditionnelles de concassage des cabosses et de s\u00e9paration des f\u00e8ves de cacao rendent de plus en plus difficile le maintien de la qualit\u00e9 des produits et la satisfaction de la demande croissante d'exportation de cacao. Pour am\u00e9liorer la qualit\u00e9 des produits et garantir le meilleur prix d'achat, ils ont d\u00e9cid\u00e9 d'investir dans une machine \u00e0 casser les cabosses de cacao.<\/p>    <p>After transportation, the machines were installed in the cooperative&#8217;s central processing center. With Taizy&#8217;s assistance, the cocoa bean production team received comprehensive equipment operation training and developed a regular maintenance plan to ensure the long-term reliability of the equipment.<\/p>    <figure class=\"wp-block-gallery has-nested-images columns-default is-cropped wp-block-gallery-4 is-layout-flex wp-block-gallery-is-layout-flex\"> <figure class=\"wp-block-image size-large\"><img loading=\"lazy\" decoding=\"async\" width=\"720\" height=\"540\" data-id=\"620\" src=\"https:\/\/bestpeanutmachine.com\/wp-content\/uploads\/2025\/11\/cocoa-husk-splitting-machine-packaging.webp\" alt=\"emballage de la machine de s\u00e9paration des pelures de cacao\" class=\"wp-image-620\" srcset=\"https:\/\/bestpeanutmachine.com\/wp-content\/uploads\/2025\/11\/cocoa-husk-splitting-machine-packaging.webp 720w, https:\/\/bestpeanutmachine.com\/wp-content\/uploads\/2025\/11\/cocoa-husk-splitting-machine-packaging-300x225.webp 300w, https:\/\/bestpeanutmachine.com\/wp-content\/uploads\/2025\/11\/cocoa-husk-splitting-machine-packaging-16x12.webp 16w\" sizes=\"auto, (max-width: 720px) 100vw, 720px\" \/><figcaption class=\"wp-element-caption\">emballage de la machine de s\u00e9paration des pelures de cacao<\/figcaption><\/figure>    <figure class=\"wp-block-image size-large\"><img loading=\"lazy\" decoding=\"async\" width=\"720\" height=\"540\" data-id=\"619\" src=\"https:\/\/bestpeanutmachine.com\/wp-content\/uploads\/2025\/11\/cocoa-pod-husker.webp\" alt=\"d\u00e9cortiqueuse de cabosses de cacao\" class=\"wp-image-619\" srcset=\"https:\/\/bestpeanutmachine.com\/wp-content\/uploads\/2025\/11\/cocoa-pod-husker.webp 720w, https:\/\/bestpeanutmachine.com\/wp-content\/uploads\/2025\/11\/cocoa-pod-husker-300x225.webp 300w, https:\/\/bestpeanutmachine.com\/wp-content\/uploads\/2025\/11\/cocoa-pod-husker-16x12.webp 16w\" sizes=\"auto, (max-width: 720px) 100vw, 720px\" \/><figcaption class=\"wp-element-caption\">d\u00e9cortiqueuse de cabosses de cacao<\/figcaption><\/figure> <\/figure>    <p>&#8220;Since we installed the machines, our efficiency and quality have improved significantly. Processing time has been reduced. Our cocoa beans are cleaner and of better quality, and we are now able to sell our products at higher prices, which means a lot to our cooperative.&#8221;<\/p>    <figure class=\"wp-block-embed is-type-video is-provider-youtube wp-block-embed-youtube wp-embed-aspect-9-16 wp-has-aspect-ratio\"><div class=\"wp-block-embed__wrapper\"> <iframe loading=\"lazy\" title=\"Revue de la machine \u00e0 casser les cabosses de cacao \u2013 Ouverture plus rapide des cabosses, f\u00e8ves plus propres ! Contactez-moi :  8617703863868\" width=\"422\" height=\"750\" src=\"https:\/\/www.youtube.com\/embed\/HzpWgfV9JHU?feature=oembed\" frameborder=\"0\" allow=\"accelerometer; autoplay; clipboard-write; encrypted-media; gyroscope; picture-in-picture; web-share\" referrerpolicy=\"strict-origin-when-cross-origin\" allowfullscreen><\/iframe> <\/div><figcaption class=\"wp-element-caption\">Vid\u00e9o de retour d'information client<\/figcaption><\/figure>    <p>This good feedback has become the power that encourages Taizy to launch more products that facilitate food processing. Helping customers achieve better production results is Taizy&#8217;s eternal pursuit. If you have any questions, please contact us.<\/p>    <p>En plus de cette machine, ma m\u00e8re fournit \u00e9galement d'autres machines de production de f\u00e8ves de cacao et des lignes de production : <\/p>    <ul class=\"wp-block-list\"> <li><a href=\"https:\/\/bestpeanutmachine.com\/fr\/product\/cocoa-bean-peeling-machine\/\">Machine d\u2019\u00e9pluchage de f\u00e8ves de cacao<\/a><\/li>    <li><a href=\"https:\/\/bestpeanutmachine.com\/fr\/product\/2t-cocoa-paste-production-line\/\">Ligne de production de p\u00e2te de cacao 2t<\/a><\/li> <\/ul>","protected":false},"excerpt":{"rendered":"<p>This automated cocoa pod breaking machine improves your cocoa pod processing efficiency. Designed specifically for fresh cocoa pods, it ensures clean and undamaged cocoa beans, reduces labor costs, and supports continuous production in farms and factories.<\/p>","protected":false},"author":1,"featured_media":612,"parent":0,"template":"","tags":[80],"product-type":[76,6],"class_list":["post-611","product","type-product","status-publish","has-post-thumbnail","hentry","tag-cocoa","product-type-other-nuts-machine","product-type-product"],"_links":{"self":[{"href":"https:\/\/bestpeanutmachine.com\/fr\/wp-json\/wp\/v2\/product\/611","targetHints":{"allow":["GET"]}}],"collection":[{"href":"https:\/\/bestpeanutmachine.com\/fr\/wp-json\/wp\/v2\/product"}],"about":[{"href":"https:\/\/bestpeanutmachine.com\/fr\/wp-json\/wp\/v2\/types\/product"}],"author":[{"embeddable":true,"href":"https:\/\/bestpeanutmachine.com\/fr\/wp-json\/wp\/v2\/users\/1"}],"wp:featuredmedia":[{"embeddable":true,"href":"https:\/\/bestpeanutmachine.com\/fr\/wp-json\/wp\/v2\/media\/612"}],"wp:attachment":[{"href":"https:\/\/bestpeanutmachine.com\/fr\/wp-json\/wp\/v2\/media?parent=611"}],"wp:term":[{"taxonomy":"post_tag","embeddable":true,"href":"https:\/\/bestpeanutmachine.com\/fr\/wp-json\/wp\/v2\/tags?post=611"},{"taxonomy":"product-type","embeddable":true,"href":"https:\/\/bestpeanutmachine.com\/fr\/wp-json\/wp\/v2\/product-type?post=611"}],"curies":[{"name":"wp","href":"https:\/\/api.w.org\/{rel}","templated":true}]}}