{"id":654,"date":"2025-12-01T16:39:28","date_gmt":"2025-12-01T08:39:28","guid":{"rendered":"https:\/\/bestpeanutmachine.com\/?post_type=product&#038;p=654"},"modified":"2025-12-01T17:38:44","modified_gmt":"2025-12-01T09:38:44","slug":"peanut-cutting-machine","status":"publish","type":"product","link":"https:\/\/bestpeanutmachine.com\/fr\/product\/peanut-cutting-machine\/","title":{"rendered":"Machine \u00e0 couper les cacahu\u00e8tes pour hachage de noix"},"content":{"rendered":"<p class=\"translation-block\">Cette <strong>machine \u00e0 couper les cacahu\u00e8tes<\/strong> est con\u00e7ue pour produire des granul\u00e9s de cacahu\u00e8tes, noix de cajou et autres noix de taille uniforme, avec une capacit\u00e9 allant jusqu'\u00e0 200-300 kg\/h. Son rendement constant et ses produits finis de haute qualit\u00e9 en font un choix id\u00e9al pour l'industrie de la boulangerie, de la confiserie, des snacks et de la transformation alimentaire.<\/p>    <figure class=\"wp-block-embed aligncenter is-type-video is-provider-youtube wp-block-embed-youtube wp-embed-aspect-16-9 wp-has-aspect-ratio\"><div class=\"wp-block-embed__wrapper\"> <iframe loading=\"lazy\" title=\"Machine de coupe de cacahu\u00e8tes avanc\u00e9e de 200\u2013300 kg\/h pour des granul\u00e9s uniformes Contactez 8617703863868\" width=\"500\" height=\"281\" src=\"https:\/\/www.youtube.com\/embed\/zHH7VbQoO38?feature=oembed\" frameborder=\"0\" allow=\"accelerometer; autoplay; clipboard-write; encrypted-media; gyroscope; picture-in-picture; web-share\" referrerpolicy=\"strict-origin-when-cross-origin\" allowfullscreen><\/iframe> <\/div><figcaption class=\"wp-element-caption\">Vid\u00e9o de fonctionnement de la machine \u00e0 couper les cacahu\u00e8tes<\/figcaption><\/figure>    <h2 class=\"wp-block-heading\"><strong>Caract\u00e9ristiques principales d'une machine industrielle de coupe de cacahu\u00e8tes<\/strong><\/h2>    <ul class=\"wp-block-list\"> <li>Our badam cutting machine&#8217;s blade gap can be freely adjusted according to the size of the final product requirements. Only one machine can complete the production of multiple particle sizes, effectively reducing equipment purchase costs.<\/li>    <li>Apr\u00e8s la modernisation, notre structure de broyage am\u00e9lior\u00e9e avec une faible consommation de mat\u00e9riaux et une faible pollution par l'huile peut r\u00e9duire la proportion de poudre broy\u00e9e lors du traitement des cacahu\u00e8tes et des noix, r\u00e9duisant ainsi la perte de mati\u00e8res premi\u00e8res et augmentant les profits.<\/li>    <li>Cet \u00e9quipement de coupe de noix est \u00e9quip\u00e9 d'un \u00e9cran vibrant multicouche. Ses \u00e9crans avec diff\u00e9rentes tailles d'ouverture peuvent automatiquement s\u00e9parer les particules conformes aux sp\u00e9cifications, rendant la taille des particules plus uniforme.<\/li> <\/ul>    <figure class=\"wp-block-gallery has-nested-images columns-default is-cropped wp-block-gallery-2 is-layout-flex wp-block-gallery-is-layout-flex\"> <figure class=\"wp-block-image size-large\"><img loading=\"lazy\" decoding=\"async\" width=\"540\" height=\"720\" data-id=\"683\" src=\"https:\/\/bestpeanutmachine.com\/wp-content\/uploads\/2025\/12\/groundnut-chopper-machine.webp\" alt=\"Machine \u00e0 couper les arachides\" class=\"wp-image-683\" srcset=\"https:\/\/bestpeanutmachine.com\/wp-content\/uploads\/2025\/12\/groundnut-chopper-machine.webp 540w, https:\/\/bestpeanutmachine.com\/wp-content\/uploads\/2025\/12\/groundnut-chopper-machine-225x300.webp 225w, https:\/\/bestpeanutmachine.com\/wp-content\/uploads\/2025\/12\/groundnut-chopper-machine-9x12.webp 9w\" sizes=\"auto, (max-width: 540px) 100vw, 540px\" \/><figcaption class=\"wp-element-caption\">Machine \u00e0 couper les arachides<\/figcaption><\/figure>    <figure class=\"wp-block-image size-large\"><img loading=\"lazy\" decoding=\"async\" width=\"540\" height=\"720\" data-id=\"682\" src=\"https:\/\/bestpeanutmachine.com\/wp-content\/uploads\/2025\/12\/badam-cutting-machine.webp\" alt=\"Machine \u00e0 couper les badam\" class=\"wp-image-682\" srcset=\"https:\/\/bestpeanutmachine.com\/wp-content\/uploads\/2025\/12\/badam-cutting-machine.webp 540w, https:\/\/bestpeanutmachine.com\/wp-content\/uploads\/2025\/12\/badam-cutting-machine-225x300.webp 225w, https:\/\/bestpeanutmachine.com\/wp-content\/uploads\/2025\/12\/badam-cutting-machine-9x12.webp 9w\" sizes=\"auto, (max-width: 540px) 100vw, 540px\" \/><figcaption class=\"wp-element-caption\">Machine \u00e0 couper les badam<\/figcaption><\/figure>    <figure class=\"wp-block-image size-large\"><img loading=\"lazy\" decoding=\"async\" width=\"540\" height=\"720\" data-id=\"684\" src=\"https:\/\/bestpeanutmachine.com\/wp-content\/uploads\/2025\/12\/groundnuts-cutting-machine.webp\" alt=\"Machine \u00e0 couper les arachides\" class=\"wp-image-684\" srcset=\"https:\/\/bestpeanutmachine.com\/wp-content\/uploads\/2025\/12\/groundnuts-cutting-machine.webp 540w, https:\/\/bestpeanutmachine.com\/wp-content\/uploads\/2025\/12\/groundnuts-cutting-machine-225x300.webp 225w, https:\/\/bestpeanutmachine.com\/wp-content\/uploads\/2025\/12\/groundnuts-cutting-machine-9x12.webp 9w\" sizes=\"auto, (max-width: 540px) 100vw, 540px\" \/><figcaption class=\"wp-element-caption\">Machine \u00e0 couper les arachides<\/figcaption><\/figure> <\/figure>    <h2 class=\"wp-block-heading\"><strong>Applications principales de la machine \u00e0 couper les noix<\/strong><\/h2>    <p>Besides peanuts, it can also cut walnuts, macadamia nuts, etc., which are widely used in the food industry as popular ingredients. Many bakeries use it as a topping for bread, a filling for cakes, and as a pastry filling. It not only enhances the taste and chewiness but also improves the product&#8217;s appearance.<\/p>    <p>De plus, elle est \u00e9galement un ingr\u00e9dient indispensable dans la production de bonbons et de snacks ainsi que dans l'accompagnement alimentaire. Les paquets d'ingr\u00e9dients pr\u00e9-m\u00e9lang\u00e9s utilis\u00e9s dans la production de snacks et les ingr\u00e9dients aromatisants trait\u00e9s pour la cuisine n\u00e9cessitent des noix hach\u00e9es comme mati\u00e8re premi\u00e8re.<\/p>    <figure class=\"wp-block-gallery has-nested-images columns-2 is-cropped wp-block-gallery-3 is-layout-flex wp-block-gallery-is-layout-flex\"> <figure class=\"wp-block-image size-large\"><img loading=\"lazy\" decoding=\"async\" width=\"720\" height=\"540\" data-id=\"673\" src=\"https:\/\/bestpeanutmachine.com\/wp-content\/uploads\/2025\/12\/pistachio-crumbles.webp\" alt=\"\u00e9corces de pistache\" class=\"wp-image-673\" srcset=\"https:\/\/bestpeanutmachine.com\/wp-content\/uploads\/2025\/12\/pistachio-crumbles.webp 720w, https:\/\/bestpeanutmachine.com\/wp-content\/uploads\/2025\/12\/pistachio-crumbles-300x225.webp 300w, https:\/\/bestpeanutmachine.com\/wp-content\/uploads\/2025\/12\/pistachio-crumbles-16x12.webp 16w\" sizes=\"auto, (max-width: 720px) 100vw, 720px\" \/><figcaption class=\"wp-element-caption\">\u00e9corces de pistache<\/figcaption><\/figure>    <figure class=\"wp-block-image size-large\"><img loading=\"lazy\" decoding=\"async\" width=\"720\" height=\"540\" data-id=\"674\" src=\"https:\/\/bestpeanutmachine.com\/wp-content\/uploads\/2025\/12\/nut-crumbs-in-bread.webp\" alt=\"miettes de noix dans le pain\" class=\"wp-image-674\" srcset=\"https:\/\/bestpeanutmachine.com\/wp-content\/uploads\/2025\/12\/nut-crumbs-in-bread.webp 720w, https:\/\/bestpeanutmachine.com\/wp-content\/uploads\/2025\/12\/nut-crumbs-in-bread-300x225.webp 300w, https:\/\/bestpeanutmachine.com\/wp-content\/uploads\/2025\/12\/nut-crumbs-in-bread-16x12.webp 16w\" sizes=\"auto, (max-width: 720px) 100vw, 720px\" \/><figcaption class=\"wp-element-caption\">miettes de noix dans le pain<\/figcaption><\/figure>    <figure class=\"wp-block-image size-large\"><img loading=\"lazy\" decoding=\"async\" width=\"720\" height=\"540\" data-id=\"671\" src=\"https:\/\/bestpeanutmachine.com\/wp-content\/uploads\/2025\/12\/nut-chocolate-bars.webp\" alt=\"Barres de chocolat aux noix\" class=\"wp-image-671\" srcset=\"https:\/\/bestpeanutmachine.com\/wp-content\/uploads\/2025\/12\/nut-chocolate-bars.webp 720w, https:\/\/bestpeanutmachine.com\/wp-content\/uploads\/2025\/12\/nut-chocolate-bars-300x225.webp 300w, https:\/\/bestpeanutmachine.com\/wp-content\/uploads\/2025\/12\/nut-chocolate-bars-16x12.webp 16w\" sizes=\"auto, (max-width: 720px) 100vw, 720px\" \/><figcaption class=\"wp-element-caption\">Barres de chocolat aux noix<\/figcaption><\/figure>    <figure class=\"wp-block-image size-large\"><img loading=\"lazy\" decoding=\"async\" width=\"720\" height=\"540\" data-id=\"672\" src=\"https:\/\/bestpeanutmachine.com\/wp-content\/uploads\/2025\/12\/crushed-nuts-as-a-salad-topping.webp\" alt=\"Noix \u00e9cras\u00e9es comme garniture de salade\" class=\"wp-image-672\" srcset=\"https:\/\/bestpeanutmachine.com\/wp-content\/uploads\/2025\/12\/crushed-nuts-as-a-salad-topping.webp 720w, https:\/\/bestpeanutmachine.com\/wp-content\/uploads\/2025\/12\/crushed-nuts-as-a-salad-topping-300x225.webp 300w, https:\/\/bestpeanutmachine.com\/wp-content\/uploads\/2025\/12\/crushed-nuts-as-a-salad-topping-16x12.webp 16w\" sizes=\"auto, (max-width: 720px) 100vw, 720px\" \/><figcaption class=\"wp-element-caption\">Noix \u00e9cras\u00e9es comme garniture de salade<\/figcaption><\/figure> <\/figure>    <h2 class=\"wp-block-heading\"><strong>Comment fonctionne la machine \u00e0 couper les cacahu\u00e8tes ?<\/strong><\/h2>    <p>La machine \u00e0 couper les cacahu\u00e8tes fonctionne par un syst\u00e8me combin\u00e9 d'alimentation, de d\u00e9coupe et de tri. <\/p>    <p class=\"translation-block\"><strong>\u00c9tape 1 : <\/strong>Avant de commencer l'op\u00e9ration, v\u00e9rifiez que tous les composants de l'\u00e9quipement fonctionnent correctement et d\u00e9marrez la machine dans le bon ordre : d\u00e9marrez l'\u00e9cran vibrant ou l'\u00e9cran de tri, puis les lames de coupe. (Pour arr\u00eater, inversez la s\u00e9quence.)<\/p>    <p class=\"translation-block\"><strong>\u00c9tape 2 :<\/strong> Verser la mati\u00e8re pr\u00e9par\u00e9e dans le hopper. Ajustez l'ouverture de la porte du hopper et la vitesse de la bande d'alimentation pour assurer que la vitesse d'alimentation corresponde correctement \u00e0 la vitesse de coupe. (Une alimentation r\u00e9guli\u00e8re garantit une meilleure coh\u00e9rence de coupe.)<\/p>    <p class=\"translation-block\"><strong>\u00c9tape 3 :<\/strong> Apr\u00e8s la coupe, les noix trait\u00e9es tombent directement dans l'\u00e9cran de tri. Diff\u00e9rents \u00e9crans s\u00e9parent les particules en plusieurs tailles. Si vous souhaitez une taille de particule diff\u00e9rente, la plaque de l'\u00e9cran peut \u00eatre chang\u00e9e pour r\u00e9pondre \u00e0 vos besoins.<\/p>   <div class=\"wp-block-image\"> <figure class=\"aligncenter size-full\"><img loading=\"lazy\" decoding=\"async\" width=\"720\" height=\"540\" src=\"https:\/\/bestpeanutmachine.com\/wp-content\/uploads\/2025\/12\/best-machine-for-chopping-nut.webp\" alt=\"Meilleure machine pour couper les noix\" class=\"wp-image-681\" srcset=\"https:\/\/bestpeanutmachine.com\/wp-content\/uploads\/2025\/12\/best-machine-for-chopping-nut.webp 720w, https:\/\/bestpeanutmachine.com\/wp-content\/uploads\/2025\/12\/best-machine-for-chopping-nut-300x225.webp 300w, https:\/\/bestpeanutmachine.com\/wp-content\/uploads\/2025\/12\/best-machine-for-chopping-nut-16x12.webp 16w\" sizes=\"auto, (max-width: 720px) 100vw, 720px\" \/><figcaption class=\"wp-element-caption\">Meilleure machine pour couper les noix<\/figcaption><\/figure> <\/div>   <h2 class=\"wp-block-heading\"><strong>Mod\u00e8les et param\u00e8tres de la machine \u00e0 couper les arachides<\/strong><\/h2>    <p>Nous proposons deux mod\u00e8les diff\u00e9rents, chacun avec une structure interne diff\u00e9rente. De plus, ils diff\u00e8rent consid\u00e9rablement dans les m\u00e9thodes de coupe, la forme du produit fini, le champ d'application et les co\u00fbts d'entretien.<\/p>    <h3 class=\"wp-block-heading\"><strong>Machine automatique \u00e0 couper les noix de cajou \u00e0 lame droite<\/strong><\/h3>    <p>Ce granulateur de cacahu\u00e8tes utilise une lame droite \u00e0 mouvement alternatif \u00e0 haute vitesse pour couper les cacahu\u00e8tes, ce qui donne des coupes nettes et des noyaux plus carr\u00e9s. L'effet de granulation est contr\u00f4l\u00e9 par la nettet\u00e9 des lames et leur vitesse.<\/p>    <figure class=\"wp-block-table\"><table class=\"has-fixed-layout\"><tbody><tr><td>Capacit\u00e9<\/td><td>200\u2013300 kg\/h<\/td><\/tr><tr><td>Tension<\/td><td>380 V<\/td><\/tr><tr><td>Puissance totale<\/td><td>2,25 kW<\/td><\/tr><tr><td>Fr\u00e9quence<\/td><td>50 Hz<\/td><\/tr><tr><td>Dimensions<\/td><td>2250*1050*1400 mm<\/td><\/tr><tr><td>Poids<\/td><td>400 kg<\/td><\/tr><tr><td>Structure de coupe<\/td><td>Lames de mouvement alternatif droites<\/td><\/tr><\/tbody><\/table><figcaption class=\"wp-element-caption\">Sp\u00e9cification de la machine automatique \u00e0 couper les noix de cajou \u00e0 lame droite<\/figcaption><\/figure>    <figure class=\"wp-block-gallery has-nested-images columns-2 is-cropped wp-block-gallery-4 is-layout-flex wp-block-gallery-is-layout-flex\"> <figure class=\"wp-block-image size-large\"><img loading=\"lazy\" decoding=\"async\" width=\"720\" height=\"540\" data-id=\"655\" src=\"https:\/\/bestpeanutmachine.com\/wp-content\/uploads\/2025\/12\/vertical-blade.webp\" alt=\"Lame verticale\" class=\"wp-image-655\" srcset=\"https:\/\/bestpeanutmachine.com\/wp-content\/uploads\/2025\/12\/vertical-blade.webp 720w, https:\/\/bestpeanutmachine.com\/wp-content\/uploads\/2025\/12\/vertical-blade-300x225.webp 300w, https:\/\/bestpeanutmachine.com\/wp-content\/uploads\/2025\/12\/vertical-blade-16x12.webp 16w\" sizes=\"auto, (max-width: 720px) 100vw, 720px\" \/><figcaption class=\"wp-element-caption\">Lame verticale<\/figcaption><\/figure>    <figure class=\"wp-block-image size-large\"><img loading=\"lazy\" decoding=\"async\" width=\"720\" height=\"540\" data-id=\"656\" src=\"https:\/\/bestpeanutmachine.com\/wp-content\/uploads\/2025\/12\/peanut-chopping-machine.webp\" alt=\"Machine \u00e0 couper les cacahu\u00e8tes \u00e0 lame droite\" class=\"wp-image-656\" srcset=\"https:\/\/bestpeanutmachine.com\/wp-content\/uploads\/2025\/12\/peanut-chopping-machine.webp 720w, https:\/\/bestpeanutmachine.com\/wp-content\/uploads\/2025\/12\/peanut-chopping-machine-300x225.webp 300w, https:\/\/bestpeanutmachine.com\/wp-content\/uploads\/2025\/12\/peanut-chopping-machine-16x12.webp 16w\" sizes=\"auto, (max-width: 720px) 100vw, 720px\" \/><figcaption class=\"wp-element-caption\">Machine \u00e0 couper les cacahu\u00e8tes \u00e0 lame droite<\/figcaption><\/figure>    <figure class=\"wp-block-image size-large\"><img loading=\"lazy\" decoding=\"async\" width=\"720\" height=\"540\" data-id=\"657\" src=\"https:\/\/bestpeanutmachine.com\/wp-content\/uploads\/2025\/12\/almond-cutter-machine.webp\" alt=\"Machine \u00e0 couper les amandes \u00e0 lame droite\" class=\"wp-image-657\" srcset=\"https:\/\/bestpeanutmachine.com\/wp-content\/uploads\/2025\/12\/almond-cutter-machine.webp 720w, https:\/\/bestpeanutmachine.com\/wp-content\/uploads\/2025\/12\/almond-cutter-machine-300x225.webp 300w, https:\/\/bestpeanutmachine.com\/wp-content\/uploads\/2025\/12\/almond-cutter-machine-16x12.webp 16w\" sizes=\"auto, (max-width: 720px) 100vw, 720px\" \/><figcaption class=\"wp-element-caption\">Machine \u00e0 couper les amandes \u00e0 lame droite<\/figcaption><\/figure>    <figure class=\"wp-block-image size-large\"><img loading=\"lazy\" decoding=\"async\" width=\"720\" height=\"540\" data-id=\"658\" src=\"https:\/\/bestpeanutmachine.com\/wp-content\/uploads\/2025\/12\/almond-chopping-machine.webp\" alt=\"Machine \u00e0 couper les amandes \u00e0 lame droite\" class=\"wp-image-658\" srcset=\"https:\/\/bestpeanutmachine.com\/wp-content\/uploads\/2025\/12\/almond-chopping-machine.webp 720w, https:\/\/bestpeanutmachine.com\/wp-content\/uploads\/2025\/12\/almond-chopping-machine-300x225.webp 300w, https:\/\/bestpeanutmachine.com\/wp-content\/uploads\/2025\/12\/almond-chopping-machine-16x12.webp 16w\" sizes=\"auto, (max-width: 720px) 100vw, 720px\" \/><figcaption class=\"wp-element-caption\">Machine \u00e0 couper les amandes \u00e0 lame droite<\/figcaption><\/figure> <\/figure>    <h3 class=\"wp-block-heading\"><strong>Machine \u00e0 couper les arachides de type rouleau-cutter<\/strong><\/h3>    <p>Les pellets de noix de type rouleau sont produits par extrusion et coupe des noix \u00e0 l'aide de plusieurs ensembles de rouleaux. Les pellets ont principalement une forme tridimensionnelle avec une apparence plus naturelle.<\/p>    <figure class=\"wp-block-table\"><table class=\"has-fixed-layout\"><tbody><tr><td>Capacit\u00e9<\/td><td>200-300 kg\/h<\/td><\/tr><tr><td>Tension<\/td><td>380 V<\/td><\/tr><tr><td>Puissance totale<\/td><td>0,93 kW<\/td><\/tr><tr><td>Fr\u00e9quence<\/td><td>50 Hz<\/td><\/tr><tr><td>Dimensions<\/td><td>1600*800*1500 mm<\/td><\/tr><tr><td>Poids<\/td><td>300 kg<\/td><\/tr><tr><td>Structure de coupe<\/td><td>Syst\u00e8me de coupe \u00e0 plusieurs rouleaux<\/td><\/tr><\/tbody><\/table><figcaption class=\"wp-element-caption\">param\u00e8tres de la machine \u00e0 couper les arachides de type rouleau-cutter<\/figcaption><\/figure>    <figure class=\"wp-block-gallery has-nested-images columns-2 is-cropped wp-block-gallery-5 is-layout-flex wp-block-gallery-is-layout-flex\"> <figure class=\"wp-block-image size-large\"><img loading=\"lazy\" decoding=\"async\" width=\"720\" height=\"540\" data-id=\"661\" src=\"https:\/\/bestpeanutmachine.com\/wp-content\/uploads\/2025\/12\/multiple-rollers.webp\" alt=\"plusieurs rouleaux\" class=\"wp-image-661\" srcset=\"https:\/\/bestpeanutmachine.com\/wp-content\/uploads\/2025\/12\/multiple-rollers.webp 720w, https:\/\/bestpeanutmachine.com\/wp-content\/uploads\/2025\/12\/multiple-rollers-300x225.webp 300w, https:\/\/bestpeanutmachine.com\/wp-content\/uploads\/2025\/12\/multiple-rollers-16x12.webp 16w\" sizes=\"auto, (max-width: 720px) 100vw, 720px\" \/><figcaption class=\"wp-element-caption\">plusieurs rouleaux<\/figcaption><\/figure>    <figure class=\"wp-block-image size-large\"><img loading=\"lazy\" decoding=\"async\" width=\"720\" height=\"540\" data-id=\"659\" src=\"https:\/\/bestpeanutmachine.com\/wp-content\/uploads\/2025\/12\/automatic-cashew-cutting-machine.webp\" alt=\"Machine automatique \u00e0 couper les noix de cajou de type rouleau-cutter\" class=\"wp-image-659\" srcset=\"https:\/\/bestpeanutmachine.com\/wp-content\/uploads\/2025\/12\/automatic-cashew-cutting-machine.webp 720w, https:\/\/bestpeanutmachine.com\/wp-content\/uploads\/2025\/12\/automatic-cashew-cutting-machine-300x225.webp 300w, https:\/\/bestpeanutmachine.com\/wp-content\/uploads\/2025\/12\/automatic-cashew-cutting-machine-16x12.webp 16w\" sizes=\"auto, (max-width: 720px) 100vw, 720px\" \/><figcaption class=\"wp-element-caption\">Machine automatique \u00e0 couper les noix de cajou de type rouleau-cutter<\/figcaption><\/figure>    <figure class=\"wp-block-image size-large\"><img loading=\"lazy\" decoding=\"async\" width=\"720\" height=\"540\" data-id=\"660\" src=\"https:\/\/bestpeanutmachine.com\/wp-content\/uploads\/2025\/12\/groundnuts-cutter-machine.webp\" alt=\"Machine \u00e0 couper les arachides de type rouleau-cutter\" class=\"wp-image-660\" srcset=\"https:\/\/bestpeanutmachine.com\/wp-content\/uploads\/2025\/12\/groundnuts-cutter-machine.webp 720w, https:\/\/bestpeanutmachine.com\/wp-content\/uploads\/2025\/12\/groundnuts-cutter-machine-300x225.webp 300w, https:\/\/bestpeanutmachine.com\/wp-content\/uploads\/2025\/12\/groundnuts-cutter-machine-16x12.webp 16w\" sizes=\"auto, (max-width: 720px) 100vw, 720px\" \/><figcaption class=\"wp-element-caption\">Machine \u00e0 couper les noix de macadamia de type rouleau-cutter<\/figcaption><\/figure>    <figure class=\"wp-block-image size-large\"><img loading=\"lazy\" decoding=\"async\" width=\"720\" height=\"540\" data-id=\"662\" src=\"https:\/\/bestpeanutmachine.com\/wp-content\/uploads\/2025\/12\/macadamia-nut-cutting-machine.webp\" alt=\"Machine \u00e0 couper les noix de macadamia de type rouleau-cutter\" class=\"wp-image-662\" srcset=\"https:\/\/bestpeanutmachine.com\/wp-content\/uploads\/2025\/12\/macadamia-nut-cutting-machine.webp 720w, https:\/\/bestpeanutmachine.com\/wp-content\/uploads\/2025\/12\/macadamia-nut-cutting-machine-300x225.webp 300w, https:\/\/bestpeanutmachine.com\/wp-content\/uploads\/2025\/12\/macadamia-nut-cutting-machine-16x12.webp 16w\" sizes=\"auto, (max-width: 720px) 100vw, 720px\" \/><figcaption class=\"wp-element-caption\">Machine \u00e0 couper les noix de macadamia de type rouleau-cutter<\/figcaption><\/figure> <\/figure>    <p>Si vous avez du mal \u00e0 choisir la machine \u00e0 couper les cacahu\u00e8tes qui vous convient, vous pouvez fournir \u00e0 notre service client votre produit fini et vos exigences, et nous vous proposerons la plus adapt\u00e9e.<\/p>    <h2 class=\"wp-block-heading\"><strong>Les clients malaisiens utilisent des coupe-noix pour produire des noyaux de macadamia de haute qualit\u00e9<\/strong><\/h2>    <p class=\"translation-block\">Un client malaisien a modernis\u00e9 sa ligne de production de <a href=\"https:\/\/en.wikipedia.org\/wiki\/Macadamia\" target=\"_blank\" rel=\"noopener\">macadamia<\/a> en achetant une machine \u00e0 couper les noix en acier inoxydable de 200-300 kg\/h pour couper des morceaux de noix de 5 mm, 6 mm et 8 mm.<\/p>    <p>Parce que les noix de macadamia sont riches en huile et dures, elles sont plus difficiles \u00e0 couper que les cacahu\u00e8tes et les amandes, n\u00e9cessitant des lames plus tranchantes et un \u00e9quipement plus stable. De plus, nos clients ont besoin de diff\u00e9rentes tailles de produits finis pour diff\u00e9rentes lignes de production :<\/p>    <ul class=\"wp-block-list\"> <li>5mm \u2192 M\u00e9langes de chocolat<\/li>    <li>Barres \u00e9nerg\u00e9tiques, garnitures de p\u00e2tisserie<\/li>    <li>8mm \u2192 Ingr\u00e9dients de snacks de noix de qualit\u00e9 sup\u00e9rieure<\/li> <\/ul>    <p>Ces exigences rendent difficile pour nos clients de trouver des machines de haute qualit\u00e9 \u00e0 un prix raisonnable. Apr\u00e8s plusieurs discussions, nous avons recommand\u00e9 la configuration suivante du granulateur de noix de macadamia \u00e0 notre client :<\/p>    <figure class=\"wp-block-table\"><table class=\"has-fixed-layout\"><tbody><tr><td>Capacit\u00e9<\/td><td>200\u2013300 kg\/h<\/td><\/tr><tr><td>Tension<\/td><td>380 V 50 Hz<\/td><\/tr><tr><td>Puissance totale<\/td><td>2,25 kW<\/td><\/tr><tr><td>Dimensions<\/td><td>2860\u00d7800\u00d71400 mm<\/td><\/tr><tr><td>Poids<\/td><td>400 kg<\/td><\/tr><tr><td>Mat\u00e9riel<\/td><td>Tr\u00e9mie, tamis et toutes les pi\u00e8ces en contact avec les aliments en acier inoxydable<\/td><\/tr><tr><td>Taille finale des granul\u00e9s<\/td><td>R\u00e9glable de 5 mm \/ 6 mm \/ 8 mm<\/td><\/tr><\/tbody><\/table><figcaption class=\"wp-element-caption\">param\u00e8tres de ce mod\u00e8le de machine \u00e0 couper les cacahu\u00e8tes<\/figcaption><\/figure>    <p>Enfin, avec l'assistance \u00e0 distance de nos ing\u00e9nieurs, cette machine \u00e0 couper les noix a \u00e9t\u00e9 mise en service avec succ\u00e8s sur la ligne de production, et nos clients ont \u00e9t\u00e9 tr\u00e8s satisfaits de sa production et de ses produits finis.<\/p>    <figure class=\"wp-block-gallery has-nested-images columns-default is-cropped wp-block-gallery-6 is-layout-flex wp-block-gallery-is-layout-flex\"> <figure class=\"wp-block-image size-large\"><img loading=\"lazy\" decoding=\"async\" width=\"720\" height=\"540\" data-id=\"685\" src=\"https:\/\/bestpeanutmachine.com\/wp-content\/uploads\/2025\/12\/cashew-cutting-machine-packaging.webp\" alt=\"Emballage de la machine \u00e0 couper les noix de cajou\" class=\"wp-image-685\" srcset=\"https:\/\/bestpeanutmachine.com\/wp-content\/uploads\/2025\/12\/cashew-cutting-machine-packaging.webp 720w, https:\/\/bestpeanutmachine.com\/wp-content\/uploads\/2025\/12\/cashew-cutting-machine-packaging-300x225.webp 300w, https:\/\/bestpeanutmachine.com\/wp-content\/uploads\/2025\/12\/cashew-cutting-machine-packaging-16x12.webp 16w\" sizes=\"auto, (max-width: 720px) 100vw, 720px\" \/><figcaption class=\"wp-element-caption\">Emballage de la machine \u00e0 couper les noix de cajou<\/figcaption><\/figure>    <figure class=\"wp-block-image size-large\"><img loading=\"lazy\" decoding=\"async\" width=\"720\" height=\"540\" data-id=\"686\" src=\"https:\/\/bestpeanutmachine.com\/wp-content\/uploads\/2025\/12\/macadamia-nut-cutting-machine-to-Malaysia.webp\" alt=\"Machine \u00e0 couper les noix de macadamia en Malaisie\" class=\"wp-image-686\" srcset=\"https:\/\/bestpeanutmachine.com\/wp-content\/uploads\/2025\/12\/macadamia-nut-cutting-machine-to-Malaysia.webp 720w, https:\/\/bestpeanutmachine.com\/wp-content\/uploads\/2025\/12\/macadamia-nut-cutting-machine-to-Malaysia-300x225.webp 300w, https:\/\/bestpeanutmachine.com\/wp-content\/uploads\/2025\/12\/macadamia-nut-cutting-machine-to-Malaysia-16x12.webp 16w\" sizes=\"auto, (max-width: 720px) 100vw, 720px\" \/><figcaption class=\"wp-element-caption\">Machine \u00e0 couper les noix de macadamia en Malaisie<\/figcaption><\/figure> <\/figure>    <p>Si vous \u00eates int\u00e9ress\u00e9 par notre coupeur de noix de cajou, veuillez nous contacter pour obtenir le dernier prix et plus de vid\u00e9os de fonctionnement !<\/p>    <p class=\"translation-block\">Autres machines de traitement des cacahu\u00e8tes : <a href=\"https:\/\/bestpeanutmachine.com\/fr\/product\/peanut-roasting-machine\/\">Machine de torr\u00e9faction des cacahu\u00e8tes<\/a>, <a href=\"https:\/\/bestpeanutmachine.com\/fr\/product\/peanut-peeling-machine\/\">Machine d'\u00e9pluchage des cacahu\u00e8tes<\/a>, etc.<\/p>","protected":false},"excerpt":{"rendered":"<p>Peanut cutting machines are essential equipment for producing uniform peanut kernels and are widely used in the production of nut crumbs, biscuit crumbs, and other baked goods, candies, snack bars, and ice cream ingredients.<\/p>","protected":false},"author":1,"featured_media":663,"parent":0,"template":"","tags":[12,11],"product-type":[69,6],"class_list":["post-654","product","type-product","status-publish","has-post-thumbnail","hentry","tag-groundnut","tag-peanut","product-type-peanut-machine","product-type-product"],"_links":{"self":[{"href":"https:\/\/bestpeanutmachine.com\/fr\/wp-json\/wp\/v2\/product\/654","targetHints":{"allow":["GET"]}}],"collection":[{"href":"https:\/\/bestpeanutmachine.com\/fr\/wp-json\/wp\/v2\/product"}],"about":[{"href":"https:\/\/bestpeanutmachine.com\/fr\/wp-json\/wp\/v2\/types\/product"}],"author":[{"embeddable":true,"href":"https:\/\/bestpeanutmachine.com\/fr\/wp-json\/wp\/v2\/users\/1"}],"wp:featuredmedia":[{"embeddable":true,"href":"https:\/\/bestpeanutmachine.com\/fr\/wp-json\/wp\/v2\/media\/663"}],"wp:attachment":[{"href":"https:\/\/bestpeanutmachine.com\/fr\/wp-json\/wp\/v2\/media?parent=654"}],"wp:term":[{"taxonomy":"post_tag","embeddable":true,"href":"https:\/\/bestpeanutmachine.com\/fr\/wp-json\/wp\/v2\/tags?post=654"},{"taxonomy":"product-type","embeddable":true,"href":"https:\/\/bestpeanutmachine.com\/fr\/wp-json\/wp\/v2\/product-type?post=654"}],"curies":[{"name":"wp","href":"https:\/\/api.w.org\/{rel}","templated":true}]}}