{"id":70,"date":"2022-08-29T10:49:06","date_gmt":"2022-08-29T02:49:06","guid":{"rendered":"https:\/\/bestpeanutmachine.com\/?post_type=product&#038;p=70"},"modified":"2025-08-28T10:28:00","modified_gmt":"2025-08-28T02:28:00","slug":"peanut-roasting-machine","status":"publish","type":"product","link":"https:\/\/bestpeanutmachine.com\/fr\/product\/peanut-roasting-machine\/","title":{"rendered":"Machine \u00e0 r\u00f4tir les arachides"},"content":{"rendered":"<p>La torr\u00e9faction d'arachide est un syst\u00e8me de torr\u00e9faction rotatif \u00e0 haute efficacit\u00e9 con\u00e7u pour \u00e9lever le traitement des noix pour les applications commerciales et m\u00e9nag\u00e8res. Id\u00e9al pour r\u00f4tir des arachides, des amandes, des ch\u00e2taignes, des graines de melon et plus encore, cet \u00e9quipement polyvalent est une pierre angulaire de la production de beurre d'arachide, assurant des noix parfaitement r\u00f4ties comme mati\u00e8re premi\u00e8re de qualit\u00e9 sup\u00e9rieure. <\/p>    <p>Avec des capacit\u00e9s personnalisables allant de 80 kg \u00e0 650 kg par heure, nous proposons des solutions \u00e9volutives adapt\u00e9es \u00e0 divers besoins, des op\u00e9rations \u00e0 petite \u00e9chelle aux lignes industrielles. <\/p>    <p>Compact mais robuste, il combine des performances avanc\u00e9es avec la conception conviviale, ce qui en fait un choix de premier plan pour les entreprises qui recherchent la fiabilit\u00e9 et la pr\u00e9cision. Contactez-nous d\u00e8s aujourd'hui pour explorer les prix et d\u00e9verrouiller le potentiel de votre ligne de traitement des noix!<\/p>    <figure class=\"wp-block-embed is-type-video is-provider-youtube wp-block-embed-youtube wp-embed-aspect-16-9 wp-has-aspect-ratio\"><div class=\"wp-block-embed__wrapper\"> <iframe loading=\"lazy\" title=\"R\u00f4tir des noix pour un mode de vie sain: \u00e0 l&#039;aide de la machine \u00e0 torr\u00e9facteur d&#039;arachide #roastingMachinesFornuts\" width=\"500\" height=\"281\" src=\"https:\/\/www.youtube.com\/embed\/Z0xsNg-D3JI?feature=oembed\" frameborder=\"0\" allow=\"accelerometer; autoplay; clipboard-write; encrypted-media; gyroscope; picture-in-picture; web-share\" referrerpolicy=\"strict-origin-when-cross-origin\" allowfullscreen><\/iframe> <\/div><figcaption class=\"wp-element-caption\">Vid\u00e9o de travail de la machine \u00e0 torr\u00e9faction d'arachide<\/figcaption><\/figure>    <h2 class=\"wp-block-heading\" id=\"h-features-of-peanut-roasting-machine\">Caract\u00e9ristiques de la machine \u00e0 r\u00f4tir les arachides<\/h2>    <div class=\"wp-block-media-text is-stacked-on-mobile\"><figure class=\"wp-block-media-text__media\"><img loading=\"lazy\" decoding=\"async\" width=\"720\" height=\"540\" src=\"https:\/\/bestpeanutmachine.com\/wp-content\/uploads\/2022\/08\/peanut-roaster-machine-for-sale.jpg\" alt=\"Machine \u00e0 r\u00f4tir les cacahu\u00e8tes \u00e0 vendre\" class=\"wp-image-78 size-full\" srcset=\"https:\/\/bestpeanutmachine.com\/wp-content\/uploads\/2022\/08\/peanut-roaster-machine-for-sale.jpg 720w, https:\/\/bestpeanutmachine.com\/wp-content\/uploads\/2022\/08\/peanut-roaster-machine-for-sale-300x225.jpg 300w\" sizes=\"auto, (max-width: 720px) 100vw, 720px\" \/><\/figure><div class=\"wp-block-media-text__content\"> <ul class=\"wp-block-list\"> <li><strong>R\u00f4tissage polyvalent<\/strong> <ul class=\"wp-block-list\"> <li>Convient aux arachides, aux graines, aux grains de caf\u00e9, aux amandes et plus encore - id\u00e9es pour divers besoins de production.<\/li> <\/ul> <\/li>    <li><strong>Temp\u00e9rature intelligente et contr\u00f4le du temps<\/strong> <ul class=\"wp-block-list\"> <li>R\u00e9glable 0\u2013300 \u2103 Les r\u00e9glages assurent une torr\u00e9faction coh\u00e9rente pour une saveur, une couleur et une texture parfaites.<\/li> <\/ul> <\/li> <\/ul> <\/div><\/div>    <div class=\"wp-block-media-text has-media-on-the-right is-stacked-on-mobile\"><div class=\"wp-block-media-text__content\"> <ul class=\"wp-block-list\"> <li><strong>R\u00f4tissage efficace et uniforme<\/strong> <ul class=\"wp-block-list\"> <li>Combine la rotation des rouleaux, l'\u00e9change de chaleur et les rayonnements pour assurer m\u00eame la torr\u00e9faction tout en conservant une saveur naturelle.<\/li> <\/ul> <\/li>    <li><strong>Conception durable et de qualit\u00e9 alimentaire<\/strong> <ul class=\"wp-block-list\"> <li>Fabriqu\u00e9 en acier inoxydable de haute qualit\u00e9 pour la durabilit\u00e9, la r\u00e9sistance \u00e0 la corrosion et le nettoyage facile.<\/li> <\/ul> <\/li>    <li><strong>\u00c9conomie d'\u00e9nergie et facile \u00e0 utiliser<\/strong> <ul class=\"wp-block-list\"> <li>Faible consommation d'\u00e9nergie avec des commandes conviviales, id\u00e9ales pour la production \u00e0 petite et \u00e0 grande \u00e9chelle.<\/li> <\/ul> <\/li> <\/ul> <\/div><figure class=\"wp-block-media-text__media\"><img loading=\"lazy\" decoding=\"async\" width=\"720\" height=\"540\" src=\"https:\/\/bestpeanutmachine.com\/wp-content\/uploads\/2022\/08\/groundnut-roaster.webp\" alt=\"torr\u00e9facteur d&#039;arachide\" class=\"wp-image-211 size-full\" srcset=\"https:\/\/bestpeanutmachine.com\/wp-content\/uploads\/2022\/08\/groundnut-roaster.webp 720w, https:\/\/bestpeanutmachine.com\/wp-content\/uploads\/2022\/08\/groundnut-roaster-300x225.webp 300w, https:\/\/bestpeanutmachine.com\/wp-content\/uploads\/2022\/08\/groundnut-roaster-16x12.webp 16w\" sizes=\"auto, (max-width: 720px) 100vw, 720px\" \/><\/figure><\/div>    <div class=\"wp-block-media-text is-stacked-on-mobile\"><figure class=\"wp-block-media-text__media\"><img loading=\"lazy\" decoding=\"async\" width=\"720\" height=\"540\" src=\"https:\/\/bestpeanutmachine.com\/wp-content\/uploads\/2022\/08\/groundnut-roasting-machine.webp\" alt=\"machine \u00e0 r\u00f4tir les arachides\" class=\"wp-image-212 size-full\" srcset=\"https:\/\/bestpeanutmachine.com\/wp-content\/uploads\/2022\/08\/groundnut-roasting-machine.webp 720w, https:\/\/bestpeanutmachine.com\/wp-content\/uploads\/2022\/08\/groundnut-roasting-machine-300x225.webp 300w, https:\/\/bestpeanutmachine.com\/wp-content\/uploads\/2022\/08\/groundnut-roasting-machine-16x12.webp 16w\" sizes=\"auto, (max-width: 720px) 100vw, 720px\" \/><\/figure><div class=\"wp-block-media-text__content\"> <ul class=\"wp-block-list\"> <li><strong>Capacit\u00e9 r\u00e9glable<\/strong> <ul class=\"wp-block-list\"> <li>Offre une production de 80 \u00e0 650 kg \/ h pour convenir \u00e0 une production petite \u00e0 grande \u00e0 grande \u00e9chelle.<\/li> <\/ul> <\/li>    <li><strong>Plusieurs options \u00e9nerg\u00e9tiques<\/strong> <ul class=\"wp-block-list\"> <li>Compatible avec l'\u00e9lectricit\u00e9, le gaz liqu\u00e9fi\u00e9 et le gaz naturel pour un fonctionnement flexible.<\/li> <\/ul> <\/li> <\/ul> <\/div><\/div>    <h2 class=\"wp-block-heading\" id=\"h-parameters-of-taizy-peanut-roaster-machine\">Param\u00e8tres de la machine \u00e0 torr\u00e9facteur d'arachide<\/h2>    <figure class=\"wp-block-table\"><table><tbody><tr><td>Mod\u00e8le<\/td><td>Dimensions hors tout\u00a0(mm)<\/td><td>Capacit\u00e9 (kg\/h)<\/td><td>Puissance de chauffage \u00e9lectrique\u00a0(kW)<\/td><td>Puissance de chauffage \u00e9lectrique\u00a0(kw)<\/td><\/tr><tr><td>MHK-1<\/td><td>3000*1200*1700<\/td><td>80-120<\/td><td>1.1<\/td><td>18<\/td><\/tr><tr><td>MHK-2<\/td><td>3000*2200*1700<\/td><td>180-250<\/td><td>2.2<\/td><td>35<\/td><\/tr><tr><td>MHK-3<\/td><td>3000*3300*1700<\/td><td>280-350<\/td><td>3.3<\/td><td>45<\/td><\/tr><tr><td>MHK-4<\/td><td>3000*4400*1700<\/td><td>380-450<\/td><td>4.4<\/td><td>60<\/td><\/tr><tr><td>MHK-5<\/td><td>3000*5500*1700<\/td><td>500-650<\/td><td>5.5<\/td><td>75<\/td><\/tr><\/tbody><\/table><figcaption class=\"wp-element-caption\">Param\u00e8tres de la machine \u00e0 torr\u00e9faction d'arachide<\/figcaption><\/figure>    <h2 class=\"wp-block-heading\" id=\"h-working-principle-of-groundnut-roasting-equipment\">Comment fonctionne l'\u00e9quipement de r\u00f4tissage des arachides?<\/h2>    <p>La machine \u00e0 torr\u00e9faction de l'arachide fonctionne \u00e0 travers une combinaison de m\u00e9canismes de tambour rotatifs et de principes thermiques avanc\u00e9s pour assurer une torr\u00e9faction uniforme et de haute qualit\u00e9. Voici une ventilation de son processus de travail:<\/p>    <div class=\"wp-block-media-text is-stacked-on-mobile\"><figure class=\"wp-block-media-text__media\"><img loading=\"lazy\" decoding=\"async\" width=\"720\" height=\"540\" src=\"https:\/\/bestpeanutmachine.com\/wp-content\/uploads\/2022\/08\/superior-nut-roasting-machine-1.jpg\" alt=\"machine \u00e0 r\u00f4tir les noix de qualit\u00e9 sup\u00e9rieure\" class=\"wp-image-81 size-full\" srcset=\"https:\/\/bestpeanutmachine.com\/wp-content\/uploads\/2022\/08\/superior-nut-roasting-machine-1.jpg 720w, https:\/\/bestpeanutmachine.com\/wp-content\/uploads\/2022\/08\/superior-nut-roasting-machine-1-300x225.jpg 300w\" sizes=\"auto, (max-width: 720px) 100vw, 720px\" \/><\/figure><div class=\"wp-block-media-text__content\"> <ul class=\"wp-block-list\"> <li><strong>M\u00eame r\u00f4tir avec du tambour rotatif<\/strong> <ul class=\"wp-block-list\"> <li>Le tambour en acier inoxydable garantit une distribution de chaleur uniforme par des noix et des haricots en constante \u00e9volution.<\/li> <\/ul> <\/li>    <li><strong>Chauffage double efficace<\/strong> <ul class=\"wp-block-list\"> <li>Combine la conduction thermique et le rayonnement pour une torr\u00e9faction coh\u00e9rente tout en emp\u00eachant la torride ou la contamination par la fum\u00e9e.<\/li> <\/ul> <\/li> <\/ul> <\/div><\/div>    <div class=\"wp-block-media-text has-media-on-the-right is-stacked-on-mobile\"><div class=\"wp-block-media-text__content\"> <ul class=\"wp-block-list\"> <li><strong>Temp\u00e9rature pr\u00e9cise et contr\u00f4le du temps<\/strong> <ul class=\"wp-block-list\"> <li>R\u00e9glable 0\u2013300 \u2103 Les r\u00e9glages assurent la torr\u00e9faction optimale, la pr\u00e9servation de la saveur, de la couleur et de la texture.<\/li> <\/ul> <\/li>    <li><strong>D\u00e9charge automatis\u00e9e et sortie \u00e9volutive<\/strong> <ul class=\"wp-block-list\"> <li>Les produits finis sont automatiquement lib\u00e9r\u00e9s, prenant en charge 100 \u00e0 600 kg \/ h pour diverses \u00e9chelles de production.<\/li> <\/ul> <\/li> <\/ul> <\/div><figure class=\"wp-block-media-text__media\"><img loading=\"lazy\" decoding=\"async\" width=\"720\" height=\"540\" src=\"https:\/\/bestpeanutmachine.com\/wp-content\/uploads\/2022\/08\/peanut-roaster-machine-for-sale.webp\" alt=\"Machine \u00e0 r\u00f4tir les cacahu\u00e8tes \u00e0 vendre\" class=\"wp-image-213 size-full\" srcset=\"https:\/\/bestpeanutmachine.com\/wp-content\/uploads\/2022\/08\/peanut-roaster-machine-for-sale.webp 720w, https:\/\/bestpeanutmachine.com\/wp-content\/uploads\/2022\/08\/peanut-roaster-machine-for-sale-300x225.webp 300w, https:\/\/bestpeanutmachine.com\/wp-content\/uploads\/2022\/08\/peanut-roaster-machine-for-sale-16x12.webp 16w\" sizes=\"auto, (max-width: 720px) 100vw, 720px\" \/><\/figure><\/div>    <p>En int\u00e9grant des commandes intelligentes avec une ing\u00e9nierie robuste, cet \u00e9quipement fournit \u00e0 chaque fois des noix parfaitement r\u00f4ties: la cr\u00e9ation de collations de qualit\u00e9 sup\u00e9rieure ou de mati\u00e8res premi\u00e8res pour le traitement en aval comme la fabrication de beurre d'arachide.<\/p>    <h2 class=\"wp-block-heading\" id=\"h-what-should-we-consider-when-operating-a-peanut-roasting-machine\">Que devons-nous prendre en compte lors de l\u2019utilisation d\u2019une machine \u00e0 r\u00f4tir les cacahu\u00e8tes\u00a0?<\/h2>    <p>Pour assurer des performances optimales et une qualit\u00e9 de produit lors de l'utilisation d'une machine \u00e0 torr\u00e9faction d'arachide, suivez ces directives critiques:<\/p>    <div class=\"wp-block-media-text is-stacked-on-mobile\"><figure class=\"wp-block-media-text__media\"><img loading=\"lazy\" decoding=\"async\" width=\"720\" height=\"540\" src=\"https:\/\/bestpeanutmachine.com\/wp-content\/uploads\/2022\/08\/peanut-roasting-machine-factory.webp\" alt=\"usine de machines \u00e0 r\u00f4tir les arachides\" class=\"wp-image-82 size-full\" srcset=\"https:\/\/bestpeanutmachine.com\/wp-content\/uploads\/2022\/08\/peanut-roasting-machine-factory.webp 720w, https:\/\/bestpeanutmachine.com\/wp-content\/uploads\/2022\/08\/peanut-roasting-machine-factory-300x225.webp 300w\" sizes=\"auto, (max-width: 720px) 100vw, 720px\" \/><\/figure><div class=\"wp-block-media-text__content\"> <ul class=\"wp-block-list\"> <li><strong>Capacit\u00e9 par lots et pr\u00e9paration des mati\u00e8res premi\u00e8res<\/strong> <ul class=\"wp-block-list\"> <li>Adh\u00e9rer aux poids des lots recommand\u00e9s:<strong>75 kg pour les arachides d\u00e9cortiqu\u00e9es<\/strong>\u00a0et<strong>100 kg pour les graines d'arachide<\/strong>.<\/li>    <li>Lorsque vous changez de mati\u00e8res premi\u00e8res, expliquez les diff\u00e9rences dans la teneur en humidit\u00e9 en conduisant<strong>1-2 r\u00f4tis d'essai<\/strong>\u00a0pour recueillir des donn\u00e9es avant la production \u00e0 grande \u00e9chelle.<\/li> <\/ul> <\/li>    <li>\u200b<strong>Contr\u00f4le pr\u00e9cis du temps de torr\u00e9faction<\/strong> <ul class=\"wp-block-list\"> <li>Ajuster les dur\u00e9es de torr\u00e9faction en fonction <a href=\"https:\/\/en.wikipedia.org\/wiki\/Peanut\" data-type=\"link\" data-id=\"https:\/\/en.wikipedia.org\/wiki\/Peanut\" target=\"_blank\" rel=\"noopener\">arachide<\/a> vari\u00e9t\u00e9: <ul class=\"wp-block-list\"> <li>\u200b<strong>25 minutes pour les arachides \u00e0 la peau blanche<\/strong>.<\/li>    <li>\u200b<strong>40 minutes pour les arachides de carthame<\/strong>\u00a0ou<strong>arachides en coque<\/strong>.<\/li> <\/ul> <\/li> <\/ul> <\/li>    <li>\u00c9chantillonnant r\u00e9guli\u00e8rement les arachides du tambour rotatif pour surveiller la couleur, la texture et la cuisson.<\/li> <\/ul> <\/div><\/div>    <div class=\"wp-block-media-text has-media-on-the-right is-stacked-on-mobile\"><div class=\"wp-block-media-text__content\"> <ul class=\"wp-block-list\"> <li><strong>Flux de travail op\u00e9rationnel<\/strong> <ul class=\"wp-block-list\"> <li>Une fois la torr\u00e9faction souhait\u00e9e obtenue, appuyez sur le<strong>bouton invers\u00e9<\/strong>\u00a0Pour ouvrir la porte de d\u00e9charge et lib\u00e9rer le lot.<\/li>    <li>Reprendre le chargement en appuyant sur le<strong>bouton avant<\/strong>, maintenir un cycle de production continu.<\/li> <\/ul> <\/li>    <li>\u200b<strong>Assurance qualit\u00e9<\/strong> <ul class=\"wp-block-list\"> <li>\u00c9vitez de sur-r\u00f4tir par strictement les r\u00e9glages de temps et de temp\u00e9rature.<\/li>    <li>Document des donn\u00e9es de r\u00f4ti d'essai (par exemple, niveaux d'humidit\u00e9, distribution de chaleur) pour normaliser les lots futurs.<\/li> <\/ul> <\/li> <\/ul> <\/div><figure class=\"wp-block-media-text__media\"><img loading=\"lazy\" decoding=\"async\" width=\"720\" height=\"540\" src=\"https:\/\/bestpeanutmachine.com\/wp-content\/uploads\/2024\/04\/Peanut-roaster.webp\" alt=\"Torr\u00e9facteur de cacahu\u00e8tes\" class=\"wp-image-190 size-full\" srcset=\"https:\/\/bestpeanutmachine.com\/wp-content\/uploads\/2024\/04\/Peanut-roaster.webp 720w, https:\/\/bestpeanutmachine.com\/wp-content\/uploads\/2024\/04\/Peanut-roaster-300x225.webp 300w, https:\/\/bestpeanutmachine.com\/wp-content\/uploads\/2024\/04\/Peanut-roaster-16x12.webp 16w\" sizes=\"auto, (max-width: 720px) 100vw, 720px\" \/><\/figure><\/div>    <p>En priorisant ces \u00e9tapes, les op\u00e9rateurs peuvent maximiser l'efficacit\u00e9, la coh\u00e9rence et l'attrait des produits. <\/p>    <h2 class=\"wp-block-heading\" id=\"h-large-capacity-peanut-roaster-machine-for-sale\">Machine \u00e0 r\u00f4tir les cacahu\u00e8tes de grande capacit\u00e9 \u00e0 vendre<\/h2>    <p class=\"translation-block\">Notre <strong>grande machine commerciale de torr\u00e9faction d\u2019arachides<\/strong> utilise l\u2019<strong>air chaud comme milieu de s\u00e9chage<\/strong>, assurant une torr\u00e9faction efficace et uniforme en \u00e9liminant continuellement l\u2019humidit\u00e9 des arachides. Le syst\u00e8me complet comprend une <strong>machine \u00e0 torr\u00e9fier, un palan, une machine de refroidissement et un crible vibrant<\/strong>, ce qui le rend id\u00e9al pour les <strong><a href=\"https:\/\/bestpeanutmachine.com\/fr\/product\/peanut-butter-production-line\/\" data-type=\"link\" data-id=\"https:\/\/bestpeanutmachine.com\/product\/peanut-butter-production-line\/\">lignes de production automatiques de beurre d\u2019arachide et d\u2019arachides enrob\u00e9es<\/a><\/strong>.<\/p>    <p class=\"translation-block\">Con\u00e7u pour une <strong>haute efficacit\u00e9 et une qualit\u00e9 constante<\/strong>, cet \u00e9quipement de torr\u00e9faction d\u2019arachides am\u00e9liore la vitesse de traitement tout en maintenant un excellent go\u00fbt et une excellente texture. Am\u00e9liorez votre production avec notre <strong>torr\u00e9facteur d\u2019arachides de grande capacit\u00e9<\/strong> \u2014 <strong>contactez-nous d\u00e8s aujourd\u2019hui pour conna\u00eetre les prix et les d\u00e9tails !<\/strong><\/p>    <figure class=\"wp-block-image size-full\"><img loading=\"lazy\" decoding=\"async\" width=\"720\" height=\"540\" src=\"https:\/\/bestpeanutmachine.com\/wp-content\/uploads\/2022\/08\/automatic-peanut-butter-production-line.jpg\" alt=\"ligne de production automatique de beurre de cacahu\u00e8te\" class=\"wp-image-57\" srcset=\"https:\/\/bestpeanutmachine.com\/wp-content\/uploads\/2022\/08\/automatic-peanut-butter-production-line.jpg 720w, https:\/\/bestpeanutmachine.com\/wp-content\/uploads\/2022\/08\/automatic-peanut-butter-production-line-300x225.jpg 300w\" sizes=\"auto, (max-width: 720px) 100vw, 720px\" \/><figcaption class=\"wp-element-caption\">ligne de production automatique de beurre de cacahu\u00e8te<\/figcaption><\/figure>    <h2 class=\"wp-block-heading\">Conclusion<\/h2>    <p>La machine \u00e0 torr\u00e9faction aux arachides est un investissement essentiel pour toute entreprise visant \u00e0 am\u00e9liorer l'efficacit\u00e9 du traitement des arachides et la qualit\u00e9 des produits. Sa conception avanc\u00e9e garantit un chauffage, un s\u00e9chage complet et une protection des saveurs naturelles des noix. <\/p>    <p>Avec des applications polyvalentes, des capacit\u00e9s personnalisables et plusieurs options de source de chaleur, cette machine s'adapte de mani\u00e8re transparente \u00e0 divers besoins de production. Am\u00e9liorez vos op\u00e9rations aujourd'hui en nous contactant pour des prix et des sp\u00e9cifications d\u00e9taill\u00e9s. Laissez notre machine \u00e0 torr\u00e9faction d'arachide haute performance vous aider \u00e0 obtenir des r\u00e9sultats sup\u00e9rieurs et \u00e0 faire avancer votre entreprise.<\/p>","protected":false},"excerpt":{"rendered":"<p>La torr\u00e9faction d'arachide est un syst\u00e8me de torr\u00e9faction rotatif \u00e0 haute efficacit\u00e9 con\u00e7u pour \u00e9lever le traitement des noix pour les applications commerciales et m\u00e9nag\u00e8res.<\/p>","protected":false},"author":1,"featured_media":77,"parent":0,"template":"","tags":[8],"product-type":[6,69],"class_list":["post-70","product","type-product","status-publish","has-post-thumbnail","hentry","tag-peanut-processing-machine","product-type-product","product-type-peanut-machine"],"_links":{"self":[{"href":"https:\/\/bestpeanutmachine.com\/fr\/wp-json\/wp\/v2\/product\/70","targetHints":{"allow":["GET"]}}],"collection":[{"href":"https:\/\/bestpeanutmachine.com\/fr\/wp-json\/wp\/v2\/product"}],"about":[{"href":"https:\/\/bestpeanutmachine.com\/fr\/wp-json\/wp\/v2\/types\/product"}],"author":[{"embeddable":true,"href":"https:\/\/bestpeanutmachine.com\/fr\/wp-json\/wp\/v2\/users\/1"}],"wp:featuredmedia":[{"embeddable":true,"href":"https:\/\/bestpeanutmachine.com\/fr\/wp-json\/wp\/v2\/media\/77"}],"wp:attachment":[{"href":"https:\/\/bestpeanutmachine.com\/fr\/wp-json\/wp\/v2\/media?parent=70"}],"wp:term":[{"taxonomy":"post_tag","embeddable":true,"href":"https:\/\/bestpeanutmachine.com\/fr\/wp-json\/wp\/v2\/tags?post=70"},{"taxonomy":"product-type","embeddable":true,"href":"https:\/\/bestpeanutmachine.com\/fr\/wp-json\/wp\/v2\/product-type?post=70"}],"curies":[{"name":"wp","href":"https:\/\/api.w.org\/{rel}","templated":true}]}}