{"id":75,"date":"2022-08-30T08:14:53","date_gmt":"2022-08-30T00:14:53","guid":{"rendered":"https:\/\/bestpeanutmachine.com\/?post_type=product&#038;p=75"},"modified":"2026-02-06T13:18:57","modified_gmt":"2026-02-06T05:18:57","slug":"peanut-oil-extraction-machine","status":"publish","type":"product","link":"https:\/\/bestpeanutmachine.com\/fr\/product\/peanut-oil-extraction-machine\/","title":{"rendered":"Machine d'extraction d'huile d'arachide"},"content":{"rendered":"<p>La machine d'extraction \u00e0 l'huile d'arachide est une basse d'efficacit\u00e9 \u00e9lev\u00e9e - Type d'huile de type id\u00e9al pour une pression \u00e0 chaud et \u00e0 froid. Il dispose d'une structure int\u00e9gr\u00e9e et convient \u00e0 un usage commercial et \u00e0 domicile, avec des capacit\u00e9s allant de 40 kg \u00e0 600 kg par heure. <\/p>    <p class=\"translation-block\">En tant que fabricant et fournisseur de premier plan, nous proposons une gamme compl\u00e8te de capacit\u00e9s pour r\u00e9pondre \u00e0 vos besoins sp\u00e9cifiques. Cette machine peut \u00eatre utilis\u00e9e seule ou dans le cadre d'une ligne de production d'huile d'arachide, qui peut automatiquement compl\u00e9ter le <a href=\"https:\/\/bestpeanutmachine.com\/fr\/product\/peanut-shelling-machine\/\" data-type=\"link\" data-id=\"https:\/\/bestpeanutmachine.com\/product\/peanut-shelling-machine\/\">d\u00e9corticage d'arachide<\/a>, le pelage, le r\u00f4tissage, l'extraction et le remplissage d'huile, ce qui la rend parfaite pour les usines d'huile d'arachide de taille moyenne et grande.<\/p>    <figure class=\"wp-block-embed is-type-video is-provider-youtube wp-block-embed-youtube wp-embed-aspect-16-9 wp-has-aspect-ratio\"><div class=\"wp-block-embed__wrapper\"> <iframe loading=\"lazy\" title=\"Machine de pressage d&#039;huile en action - Haute efficacit\u00e9 et rendement maximum! #OIL #FARMING #AGRICULTURE\" width=\"500\" height=\"281\" src=\"https:\/\/www.youtube.com\/embed\/d2uw5DpkbpE?feature=oembed\" frameborder=\"0\" allow=\"accelerometer; autoplay; clipboard-write; encrypted-media; gyroscope; picture-in-picture; web-share\" referrerpolicy=\"strict-origin-when-cross-origin\" allowfullscreen><\/iframe> <\/div><figcaption class=\"wp-element-caption\">machine \u00e0 pression d'huile<\/figcaption><\/figure>    <h2 class=\"wp-block-heading\" id=\"h-features-of-peanut-oil-extraction-machine-for-sale\">Caract\u00e9ristiques de la machine d'extraction d'huile d'arachide \u00e0 vendre <\/h2>    <div class=\"wp-block-media-text is-stacked-on-mobile\"><figure class=\"wp-block-media-text__media\"><img loading=\"lazy\" decoding=\"async\" width=\"720\" height=\"540\" src=\"https:\/\/bestpeanutmachine.com\/wp-content\/uploads\/2022\/08\/commercial-Peanut-Oil-Extraction-Machine.webp\" alt=\"Machine commerciale d&#039;extraction d&#039;huile d&#039;arachide\" class=\"wp-image-205 size-full\" srcset=\"https:\/\/bestpeanutmachine.com\/wp-content\/uploads\/2022\/08\/commercial-Peanut-Oil-Extraction-Machine.webp 720w, https:\/\/bestpeanutmachine.com\/wp-content\/uploads\/2022\/08\/commercial-Peanut-Oil-Extraction-Machine-300x225.webp 300w, https:\/\/bestpeanutmachine.com\/wp-content\/uploads\/2022\/08\/commercial-Peanut-Oil-Extraction-Machine-16x12.webp 16w\" sizes=\"auto, (max-width: 720px) 100vw, 720px\" \/><\/figure><div class=\"wp-block-media-text__content\"> <p class=\"translation-block\"><strong>Applications \u00e9tendues<\/strong><\/p>    <ul class=\"wp-block-list\"> <li>Extraits<strong>huile d'arachide, huile de s\u00e9same, huile de colza, huile de soja<\/strong>, et plus.<\/li>    <li>Compatible avec plusieurs types de graines p\u00e9troli\u00e8res pour la production polyvalente.<\/li> <\/ul>    <p class=\"translation-block\">\u200b<strong>Rendement d'huile \u00e9lev\u00e9<\/strong><\/p>    <ul class=\"wp-block-list\"> <li>\u200b<strong>2\u20133% Rendement \u00e0 l'huile sup\u00e9rieure<\/strong>&nbsp;par rapport aux machines traditionnelles.<\/li>    <li>Processus<strong>50 kg d'arachides<\/strong>&nbsp;pour c\u00e9der<strong>1 \u00e0 3 kg d'huile suppl\u00e9mentaire<\/strong>, maximiser l'efficacit\u00e9 des ressources.<\/li> <\/ul> <\/div><\/div>    <div class=\"wp-block-media-text has-media-on-the-right is-stacked-on-mobile\"><div class=\"wp-block-media-text__content\"> <p class=\"translation-block\">\u200b<strong>Conception compacte et s\u00fbre<\/strong><\/p>    <ul class=\"wp-block-list\"> <li>\u200b<strong>\u00c9conome en espace<\/strong>&nbsp;La structure correspond aux ateliers aussi petits que<strong>10-20\u33a1<\/strong>.<\/li>    <li>\u00c9quip\u00e9 de<strong>Couvertures de protection compl\u00e8tes<\/strong>&nbsp;pour un fonctionnement s\u00fbr et convivial.<\/li> <\/ul>    <p class=\"translation-block\">\u200b<strong>Technologie \u00e9conome en \u00e9nergie<\/strong><\/p>    <ul class=\"wp-block-list\"> <li>Coupures<strong>Consommation de puissance 40%<\/strong>&nbsp;Tout en augmentant la productivit\u00e9 par<strong>30%<\/strong>.<\/li>    <li>Le design respectueux de l'environnement s'aligne sur les objectifs de production durables.<\/li> <\/ul> <\/div><figure class=\"wp-block-media-text__media\"><img loading=\"lazy\" decoding=\"async\" width=\"720\" height=\"540\" src=\"https:\/\/bestpeanutmachine.com\/wp-content\/uploads\/2022\/08\/peanut-oil-extractor-machine-structure-details.jpg\" alt=\"D\u00e9tails de la structure de la machine d&#039;extraction d&#039;huile d&#039;arachide\" class=\"wp-image-99 size-full\" srcset=\"https:\/\/bestpeanutmachine.com\/wp-content\/uploads\/2022\/08\/peanut-oil-extractor-machine-structure-details.jpg 720w, https:\/\/bestpeanutmachine.com\/wp-content\/uploads\/2022\/08\/peanut-oil-extractor-machine-structure-details-300x225.jpg 300w\" sizes=\"auto, (max-width: 720px) 100vw, 720px\" \/><\/figure><\/div>    <div class=\"wp-block-media-text is-stacked-on-mobile\"><figure class=\"wp-block-media-text__media\"><img loading=\"lazy\" decoding=\"async\" width=\"720\" height=\"540\" src=\"https:\/\/bestpeanutmachine.com\/wp-content\/uploads\/2022\/08\/Peanut-Oil-Extraction-Machine-price.webp\" alt=\"Prix \u200b\u200bde la machine d&#039;extraction d&#039;huile d&#039;arachide\" class=\"wp-image-315 size-full\" srcset=\"https:\/\/bestpeanutmachine.com\/wp-content\/uploads\/2022\/08\/Peanut-Oil-Extraction-Machine-price.webp 720w, https:\/\/bestpeanutmachine.com\/wp-content\/uploads\/2022\/08\/Peanut-Oil-Extraction-Machine-price-300x225.webp 300w, https:\/\/bestpeanutmachine.com\/wp-content\/uploads\/2022\/08\/Peanut-Oil-Extraction-Machine-price-16x12.webp 16w\" sizes=\"auto, (max-width: 720px) 100vw, 720px\" \/><\/figure><div class=\"wp-block-media-text__content\"> <p class=\"translation-block\">\u200b<strong>Entretien facile<\/strong><\/p>    <ul class=\"wp-block-list\"> <li>Id\u00e9al pour les deux<strong>Ateliers \u00e0 petite \u00e9chelle<\/strong>&nbsp;et<strong>grandes usines<\/strong>.<\/li>    <li>Le fonctionnement et la maintenance simplifi\u00e9s r\u00e9duisent les temps d'arr\u00eat.<\/li> <\/ul>    <p class=\"translation-block\">\u200b<strong>Performances stables et durables<\/strong><\/p>    <ul class=\"wp-block-list\"> <li>Construit avec<strong>acier r\u00e9sistant \u00e0 l'usure<\/strong>&nbsp;et<strong>pi\u00e8ces moul\u00e9es r\u00e9sistantes \u00e0 la fatigue<\/strong>.<\/li>    <li>Soutien<strong>Fonctionnement continu 24\/7<\/strong>&nbsp;Pour les demandes \u00e0 volume \u00e9lev\u00e9.<\/li> <\/ul> <\/div><\/div>    <h2 class=\"wp-block-heading\" id=\"h-peanut-oil-production-process\">Comment fonctionne la machine \u00e0 presse \u00e0 l'huile d'arachide?<\/h2>    <p>Le processus d'extraction d'huile d'arachide est rationalis\u00e9 en quatre \u00e9tapes cl\u00e9s, combinant l'automatisation avec pr\u00e9cision pour la qualit\u00e9 et l'efficacit\u00e9 optimales de l'huile:<\/p>    <div class=\"wp-block-media-text is-stacked-on-mobile\"><figure class=\"wp-block-media-text__media\"><img loading=\"lazy\" decoding=\"async\" width=\"720\" height=\"540\" src=\"https:\/\/bestpeanutmachine.com\/wp-content\/uploads\/2022\/08\/groundnut-oil-extractor-factory.jpg\" alt=\"usine d&#039;extraction d&#039;huile d&#039;arachide\" class=\"wp-image-100 size-full\" srcset=\"https:\/\/bestpeanutmachine.com\/wp-content\/uploads\/2022\/08\/groundnut-oil-extractor-factory.jpg 720w, https:\/\/bestpeanutmachine.com\/wp-content\/uploads\/2022\/08\/groundnut-oil-extractor-factory-300x225.jpg 300w\" sizes=\"auto, (max-width: 720px) 100vw, 720px\" \/><\/figure><div class=\"wp-block-media-text__content\"> <p class=\"translation-block\"><strong>Pr\u00e9paration des mati\u00e8res premi\u00e8res<\/strong><\/p>    <ul class=\"wp-block-list\"> <li>\u200b<strong>S\u00e9lection et nettoyage<\/strong>. Seules des arachides fra\u00eeches et sans moule sont utilis\u00e9es. Les impuret\u00e9s (par exemple, la poussi\u00e8re, les pierres) sont retir\u00e9es par le tas pour assurer la puret\u00e9 et emp\u00eacher le colmatage de la machine.<\/li> <\/ul>    <p class=\"translation-block\">\u200b<strong>R\u00f4tissage et contr\u00f4le de l'humidit\u00e9<\/strong><\/p>    <ul class=\"wp-block-list\"> <li>\u200b<strong>D\u00e9shydratation<\/strong>. Les arachides sont r\u00f4ties dans une s\u00e9cheuse ou un torr\u00e9facteur pour r\u00e9duire la teneur en humidit\u00e9 \u00e0 peu pr\u00e8s<strong>8.5%<\/strong>, Am\u00e9lioration de la lib\u00e9ration d'huile pendant la pressage.<\/li>    <li>\u200b<strong>Gestion de la temp\u00e9rature<\/strong>. Le chauffage contr\u00f4l\u00e9 pr\u00e9serve la valeur nutritionnelle tout en optimisant le rendement en huile.<\/li> <\/ul> <\/div><\/div>    <div class=\"wp-block-media-text has-media-on-the-right is-stacked-on-mobile\"><div class=\"wp-block-media-text__content\"> <p class=\"translation-block\"><strong>Extraction d'huile par presse \u00e0 vis<\/strong><\/p>    <ul class=\"wp-block-list\"> <li>\u200b<strong>Pressage automatis\u00e9<\/strong>. Les arachides r\u00f4ties sont introduites dans la tr\u00e9mie de la machine. La presse \u00e0 vis s'applique progressive et \u00e0 haute pression press\u00e9e pour s\u00e9parer l'huile des solides.<\/li>    <li>\u200b<strong>Surveillance en temps r\u00e9el<\/strong>. L'\u00e9paisseur de la r\u00e9sultante<strong>g\u00e2teau \u00e0 l'huile<\/strong>&nbsp;Indique l'efficacit\u00e9 d'extraction - les g\u00e2teaux aussi mignons sugg\u00e8rent un d\u00e9bit d'huile plus \u00e9lev\u00e9.<\/li>    <li>\u200b<strong>Filtration simultan\u00e9e<\/strong>. Un filtre \u00e0 huile int\u00e9gr\u00e9 nettoie l'huile extraite en temps r\u00e9el, enlevant les solides r\u00e9siduels.<\/li> <\/ul> <\/div><figure class=\"wp-block-media-text__media\"><img loading=\"lazy\" decoding=\"async\" width=\"720\" height=\"540\" src=\"https:\/\/bestpeanutmachine.com\/wp-content\/uploads\/2022\/08\/Peanut-Oil-Extraction-Machine-for-business.webp\" alt=\"Machine d&#039;extraction d&#039;huile d&#039;arachide pour les entreprises\" class=\"wp-image-207 size-full\" srcset=\"https:\/\/bestpeanutmachine.com\/wp-content\/uploads\/2022\/08\/Peanut-Oil-Extraction-Machine-for-business.webp 720w, https:\/\/bestpeanutmachine.com\/wp-content\/uploads\/2022\/08\/Peanut-Oil-Extraction-Machine-for-business-300x225.webp 300w, https:\/\/bestpeanutmachine.com\/wp-content\/uploads\/2022\/08\/Peanut-Oil-Extraction-Machine-for-business-16x12.webp 16w\" sizes=\"auto, (max-width: 720px) 100vw, 720px\" \/><\/figure><\/div>    <div class=\"wp-block-media-text is-stacked-on-mobile\"><figure class=\"wp-block-media-text__media\"><img loading=\"lazy\" decoding=\"async\" width=\"720\" height=\"540\" src=\"https:\/\/bestpeanutmachine.com\/wp-content\/uploads\/2022\/08\/Peanut-Oil-Extraction-Machine-1.webp\" alt=\"Machine d&#039;extraction d&#039;huile d&#039;arachide\" class=\"wp-image-316 size-full\" srcset=\"https:\/\/bestpeanutmachine.com\/wp-content\/uploads\/2022\/08\/Peanut-Oil-Extraction-Machine-1.webp 720w, https:\/\/bestpeanutmachine.com\/wp-content\/uploads\/2022\/08\/Peanut-Oil-Extraction-Machine-1-300x225.webp 300w, https:\/\/bestpeanutmachine.com\/wp-content\/uploads\/2022\/08\/Peanut-Oil-Extraction-Machine-1-16x12.webp 16w\" sizes=\"auto, (max-width: 720px) 100vw, 720px\" \/><\/figure><div class=\"wp-block-media-text__content\"> <p class=\"translation-block\">\u200b<strong>Remplissage et emballage de l'huile<\/strong><\/p>    <ul class=\"wp-block-list\"> <li>\u200b<strong>Purification<\/strong>. L'huile filtr\u00e9e s'\u00e9coule dans un r\u00e9servoir de d\u00e9cantation pour une clarification finale.<\/li>    <li>\u200b<strong>Bouteille automatis\u00e9e<\/strong>. Une machine de remplissage dispense avec pr\u00e9cision l'huile purifi\u00e9e en conteneurs, assurant l'hygi\u00e8ne et la coh\u00e9rence.<\/li> <\/ul> <\/div><\/div>    <h2 class=\"wp-block-heading\" id=\"h-parameters-of-taizy-peanut-oil-extractor-machine\">Param\u00e8tres de la machine d'extraction d'huile d'arachide<\/h2>    <figure class=\"wp-block-table\"><table><tbody><tr><td>Taper<\/td><td>Vis <br>diam\u00e8tre <\/td><td>Pressage <br>vitesse<\/td><td>Principal <br>puissance du moteur <\/td><td>Vide <br>puissance de la pompe <\/td><td>Chauffage <br>puissance <\/td><td>Sortie <\/td><td>Poids <\/td><td>Taille<\/td><\/tr><tr><td>6yl-60<\/td><td>55mm<\/td><td>64 tr\/min<\/td><td>2.2kW<\/td><td>0,75kW<\/td><td>0.9kW<\/td><td>40-60kg\/h<\/td><td>240 kg<\/td><td>1020*780*1100mm<\/td><\/tr><tr><td>6yl-80<\/td><td>80mm<\/td><td>47r\/min<\/td><td>5.5kW<\/td><td>0.55kW<\/td><td>2kW<\/td><td>65-130kg\/h<\/td><td>780kg<\/td><td>1700*1200*1500mm<\/td><\/tr><tr><td>6yl-100<\/td><td>101mm<\/td><td>38 tr\/min<\/td><td>7.5kW<\/td><td>0,75kW<\/td><td>2.2kW<\/td><td>140-280kg\/h<\/td><td>1100 kg<\/td><td>1800*1300*1680mm<\/td><\/tr><tr><td>6yl-125<\/td><td>125mm<\/td><td>36r\/min<\/td><td>15kW<\/td><td>1,1kW<\/td><td>2.8kW<\/td><td>300-400kg\/heure<\/td><td>1320kg<\/td><td>2100*1400*1700mm<\/td><\/tr><tr><td>6yl-150<\/td><td>150mm<\/td><td>35 tr\/min<\/td><td>18.5kW<\/td><td>1,5kW<\/td><td>3kW<\/td><td>500-600kg\/h<\/td><td>1420kg<\/td><td>2200*1400*1700mm<\/td><\/tr><\/tbody><\/table><figcaption class=\"wp-element-caption\">Param\u00e8tres de la machine \u00e0 pression d'huile<\/figcaption><\/figure>    <figure class=\"wp-block-image size-full\"><img loading=\"lazy\" decoding=\"async\" width=\"720\" height=\"540\" src=\"https:\/\/bestpeanutmachine.com\/wp-content\/uploads\/2022\/08\/groundnut-oil-pressing-machine.webp\" alt=\"Fournisseur de machines d&#039;extraction d&#039;huile d&#039;arachide\" class=\"wp-image-206\" srcset=\"https:\/\/bestpeanutmachine.com\/wp-content\/uploads\/2022\/08\/groundnut-oil-pressing-machine.webp 720w, https:\/\/bestpeanutmachine.com\/wp-content\/uploads\/2022\/08\/groundnut-oil-pressing-machine-300x225.webp 300w, https:\/\/bestpeanutmachine.com\/wp-content\/uploads\/2022\/08\/groundnut-oil-pressing-machine-16x12.webp 16w\" sizes=\"auto, (max-width: 720px) 100vw, 720px\" \/><figcaption class=\"wp-element-caption\">Fournisseur de machines d'extraction d'huile d'arachide<\/figcaption><\/figure>    <h2 class=\"wp-block-heading\" id=\"h-why-peanut-oil-is-so-popular\">Pourquoi l\u2019huile d\u2019arachide est-elle si populaire ?<\/h2>    <p class=\"translation-block\">L'huile d'arachide, \u00e9galement appel\u00e9e huile d'arachide, est une huile v\u00e9g\u00e9tale courante extraite des arachides. L'huile a une saveur neutre et douce. Elle est largement utilis\u00e9e dans la cuisine chinoise, am\u00e9ricaine, africaine, indienne et d'Asie du Sud-Est, pour la cuisine g\u00e9n\u00e9rale, ou utilis\u00e9e comme huile r\u00f4tie, pour plus de saveur. <\/p>    <p>G\u00e9n\u00e9ralement, l\u2019huile d\u2019arachide se d\u00e9cline en deux couleurs diff\u00e9rentes, l\u2019une jaune clair et l\u2019autre jaune fonc\u00e9. L'huile d'arachide contient le plus haut niveau de graisses mono-satur\u00e9es et est hautement absorbable par l'organisme. En cons\u00e9quence, il existe un grand nombre de consommateurs d\u2019huile d\u2019arachide dans le monde.<\/p>    <figure class=\"wp-block-image size-full\"><img loading=\"lazy\" decoding=\"async\" width=\"720\" height=\"540\" src=\"https:\/\/bestpeanutmachine.com\/wp-content\/uploads\/2022\/08\/peanut-oil.jpg\" alt=\"huile d&#039;arachide\" class=\"wp-image-101\" srcset=\"https:\/\/bestpeanutmachine.com\/wp-content\/uploads\/2022\/08\/peanut-oil.jpg 720w, https:\/\/bestpeanutmachine.com\/wp-content\/uploads\/2022\/08\/peanut-oil-300x225.jpg 300w\" sizes=\"auto, (max-width: 720px) 100vw, 720px\" \/><figcaption class=\"wp-element-caption\">huile d'arachide<\/figcaption><\/figure>    <h2 class=\"wp-block-heading\" id=\"h-how-much-does-an-oil-machine-cost\">Combien co\u00fbte une machine \u00e0 huile ?<\/h2>    <p class=\"translation-block\">Le prix d'une machine d'extraction d'huile d'arachide varie en fonction de la \u200b<strong>personnalisation, de la capacit\u00e9 et des sp\u00e9cifications techniques<\/strong>. Les facteurs cl\u00e9s influen\u00e7ant le co\u00fbt comprennent :<\/p>    <ul class=\"wp-block-list\"> <li>\u200b<strong>Type de machine<\/strong>. Les mod\u00e8les standard pour une utilisation \u00e0 petite \u00e9chelle sont adapt\u00e9s au budget, tandis que les syst\u00e8mes automatis\u00e9s et \u00e0 haute capacit\u00e9 (par exemple, 600 kg \/ heure) ou les lignes de production compl\u00e8tes co\u00fbtent plus cher.<\/li>    <li>\u200b<strong>Mat\u00e9riaux et durabilit\u00e9<\/strong>. Machines construites avec<strong>acier r\u00e9sistant \u00e0 l'usure<\/strong>&nbsp;ou les alliages avanc\u00e9s garantissent la long\u00e9vit\u00e9 mais peuvent augmenter les investissements initiaux.<\/li>    <li>\u200b<strong>Fonctionnalit\u00e9<\/strong>. Des fonctionnalit\u00e9s comme<strong>Contr\u00f4le de temp\u00e9rature automatique<\/strong>, compatibilit\u00e9 multi-huile ou filtration int\u00e9gr\u00e9e augmenter les prix des prix.<\/li>    <li>\u200b<strong>Efficacit\u00e9 \u00e9nerg\u00e9tique<\/strong>. Les conceptions d'\u00e9conomie d'\u00e9nergie peuvent avoir des co\u00fbts initiaux plus \u00e9lev\u00e9s mais r\u00e9duisent les d\u00e9penses op\u00e9rationnelles \u00e0 long terme.<\/li> <\/ul>    <figure class=\"wp-block-image size-large\"><img loading=\"lazy\" decoding=\"async\" width=\"720\" height=\"540\" src=\"https:\/\/bestpeanutmachine.com\/wp-content\/uploads\/2022\/08\/Peanut-Oil-Extraction-Machine-in-stock.webp\" alt=\"Machine d&#039;extraction d&#039;huile d&#039;arachide en stock\" class=\"wp-image-208\" srcset=\"https:\/\/bestpeanutmachine.com\/wp-content\/uploads\/2022\/08\/Peanut-Oil-Extraction-Machine-in-stock.webp 720w, https:\/\/bestpeanutmachine.com\/wp-content\/uploads\/2022\/08\/Peanut-Oil-Extraction-Machine-in-stock-300x225.webp 300w, https:\/\/bestpeanutmachine.com\/wp-content\/uploads\/2022\/08\/Peanut-Oil-Extraction-Machine-in-stock-16x12.webp 16w\" sizes=\"auto, (max-width: 720px) 100vw, 720px\" \/><figcaption class=\"wp-element-caption\">Machine d'extraction d'huile d'arachide en stock<\/figcaption><\/figure>    <p>Par exemple, un mod\u00e8le de base de 40 kg \/ heure convient aux ateliers \u00e0 domicile \u00e0 un prix inf\u00e9rieur, tandis qu'une machine de qualit\u00e9 commerciale de 600 kg \/ heure avec automatisation et garanties prolong\u00e9es commande une prime.<\/p>    <p class=\"translation-block\">Pour obtenir un \u200b<strong>devis pr\u00e9cis<\/strong>, partagez vos besoins sp\u00e9cifiques :<\/p>    <ol class=\"wp-block-list\"> <li>\u200b<strong>Sortie quotidienne<\/strong>&nbsp;(par exemple, 100 kg contre 5 tonnes).<\/li>    <li>\u200b<strong>Niveau d'automatisation pr\u00e9f\u00e9r\u00e9<\/strong>&nbsp;(Semi-Auto vs ligne de production compl\u00e8te).<\/li>    <li>\u200b<strong>Fonctions suppl\u00e9mentaires<\/strong>&nbsp;(par exemple, r\u00f4tissage, filtrage ou int\u00e9gration d'emballage).<\/li> <\/ol>    <p class=\"translation-block\">Nous offrons des \u200b<strong>solutions sur mesure<\/strong> pour \u00e9quilibrer votre budget et vos objectifs de productivit\u00e9. Contactez-nous d\u00e8s aujourd'hui pour un \u200b<strong>devis rentable<\/strong> et des conseils techniques afin de maximiser votre retour sur investissement !<\/p>    <figure class=\"wp-block-image size-large\"><img loading=\"lazy\" decoding=\"async\" width=\"720\" height=\"540\" src=\"https:\/\/bestpeanutmachine.com\/wp-content\/uploads\/2022\/08\/peanut-oil-extraction-machine.webp\" alt=\"machine d&#039;extraction d&#039;huile d&#039;arachide\" class=\"wp-image-209\" srcset=\"https:\/\/bestpeanutmachine.com\/wp-content\/uploads\/2022\/08\/peanut-oil-extraction-machine.webp 720w, https:\/\/bestpeanutmachine.com\/wp-content\/uploads\/2022\/08\/peanut-oil-extraction-machine-300x225.webp 300w, https:\/\/bestpeanutmachine.com\/wp-content\/uploads\/2022\/08\/peanut-oil-extraction-machine-16x12.webp 16w\" sizes=\"auto, (max-width: 720px) 100vw, 720px\" \/><figcaption class=\"wp-element-caption\">machine d'extraction d'huile d'arachide<\/figcaption><\/figure>    <h2 class=\"wp-block-heading\">Conclusion<\/h2>    <p>La machine d'extraction d'huile d'arachide est une solution polyvalente et efficace pour les besoins de production d'huile moderne. Sa conception avanc\u00e9e et sa construction robuste garantissent une fiabilit\u00e9 \u00e0 long terme et des performances optimales. <\/p>    <p>Que vous produisiez de l'huile d'arachide, de l'huile de s\u00e9same ou d'autres types d'huile, cette machine offre une efficacit\u00e9 \u00e9lev\u00e9e, un excellent rendement en huile et un fonctionnement facile. <\/p>    <p>Am\u00e9liorez votre processus de production d'huile d\u00e8s aujourd'hui en nous contactant pour des informations d\u00e9taill\u00e9es et des prix. Laissez notre machine haute performance vous aider \u00e0 obtenir des r\u00e9sultats sup\u00e9rieurs et faire avancer votre entreprise.<\/p>    <figure class=\"wp-block-image size-full\"><img loading=\"lazy\" decoding=\"async\" width=\"720\" height=\"540\" src=\"https:\/\/bestpeanutmachine.com\/wp-content\/uploads\/2022\/08\/exported-Peanut-Oil-Extraction-Machine.webp\" alt=\"machine d&#039;extraction d&#039;huile d&#039;arachide export\u00e9e\" class=\"wp-image-317\" srcset=\"https:\/\/bestpeanutmachine.com\/wp-content\/uploads\/2022\/08\/exported-Peanut-Oil-Extraction-Machine.webp 720w, https:\/\/bestpeanutmachine.com\/wp-content\/uploads\/2022\/08\/exported-Peanut-Oil-Extraction-Machine-300x225.webp 300w, https:\/\/bestpeanutmachine.com\/wp-content\/uploads\/2022\/08\/exported-Peanut-Oil-Extraction-Machine-16x12.webp 16w\" sizes=\"auto, (max-width: 720px) 100vw, 720px\" \/><figcaption class=\"wp-element-caption\">machine d'extraction d'huile d'arachide export\u00e9e<\/figcaption><\/figure>","protected":false},"excerpt":{"rendered":"<p>La machine d'extraction d'huile d'arachide est une presse \u00e0 huile de type vis \u00e0 haute efficacit\u00e9, id\u00e9ale pour le pressage \u00e0 chaud et \u00e0 froid. <\/p>","protected":false},"author":1,"featured_media":98,"parent":0,"template":"","tags":[8],"product-type":[6,69],"class_list":["post-75","product","type-product","status-publish","has-post-thumbnail","hentry","tag-peanut-processing-machine","product-type-product","product-type-peanut-machine"],"_links":{"self":[{"href":"https:\/\/bestpeanutmachine.com\/fr\/wp-json\/wp\/v2\/product\/75","targetHints":{"allow":["GET"]}}],"collection":[{"href":"https:\/\/bestpeanutmachine.com\/fr\/wp-json\/wp\/v2\/product"}],"about":[{"href":"https:\/\/bestpeanutmachine.com\/fr\/wp-json\/wp\/v2\/types\/product"}],"author":[{"embeddable":true,"href":"https:\/\/bestpeanutmachine.com\/fr\/wp-json\/wp\/v2\/users\/1"}],"wp:featuredmedia":[{"embeddable":true,"href":"https:\/\/bestpeanutmachine.com\/fr\/wp-json\/wp\/v2\/media\/98"}],"wp:attachment":[{"href":"https:\/\/bestpeanutmachine.com\/fr\/wp-json\/wp\/v2\/media?parent=75"}],"wp:term":[{"taxonomy":"post_tag","embeddable":true,"href":"https:\/\/bestpeanutmachine.com\/fr\/wp-json\/wp\/v2\/tags?post=75"},{"taxonomy":"product-type","embeddable":true,"href":"https:\/\/bestpeanutmachine.com\/fr\/wp-json\/wp\/v2\/product-type?post=75"}],"curies":[{"name":"wp","href":"https:\/\/api.w.org\/{rel}","templated":true}]}}