{"id":838,"date":"2026-01-16T13:48:12","date_gmt":"2026-01-16T05:48:12","guid":{"rendered":"https:\/\/bestpeanutmachine.com\/?post_type=product&#038;p=838"},"modified":"2026-01-16T13:56:30","modified_gmt":"2026-01-16T05:56:30","slug":"nut-chopping-machine","status":"publish","type":"product","link":"https:\/\/bestpeanutmachine.com\/fr\/product\/nut-chopping-machine\/","title":{"rendered":"Machine \u00e0 couper les noix | Solution industrielle de coupe et de granulation des noix"},"content":{"rendered":"<p class=\"translation-block\">La machine \u00e0 couper les noix Taizy  est largement utilis\u00e9e dans les usines de traitement des noix et les lignes de pr\u00e9traitement des mati\u00e8res premi\u00e8res n\u00e9cessitant un contr\u00f4le pr\u00e9cis de la taille des particules. Elle peut couper efficacement et de mani\u00e8re stable diverses noix (comme les arachides, amandes, etc.) et l\u00e9gumineuses en particules uniformes avec une capacit\u00e9 de 200\u2013500 kg\/h.<\/p>    <p>La machine \u00e0 couper les noix int\u00e8gre une structure m\u00e9canique stable, une pr\u00e9cision de coupe r\u00e9glable et des fonctions de tamisage \u00e0 plusieurs \u00e9tapes. Elle peut \u00eatre achet\u00e9e s\u00e9par\u00e9ment pour le traitement des noix ou connect\u00e9e \u00e0 une ligne de production pour am\u00e9liorer efficacement l'efficacit\u00e9 de la production alimentaire \u00e0 base de cacahu\u00e8tes.<\/p>    <figure class=\"wp-block-embed is-type-video is-provider-youtube wp-block-embed-youtube wp-embed-aspect-16-9 wp-has-aspect-ratio\"><div class=\"wp-block-embed__wrapper\"> <iframe loading=\"lazy\" title=\"Nut Chopping Machine for Peanut &amp; Almond Processing Contact:+8617703863868\" width=\"500\" height=\"281\" src=\"https:\/\/www.youtube.com\/embed\/OtRhcsLZKgg?feature=oembed\" frameborder=\"0\" allow=\"accelerometer; autoplay; clipboard-write; encrypted-media; gyroscope; picture-in-picture; web-share\" referrerpolicy=\"strict-origin-when-cross-origin\" allowfullscreen><\/iframe> <\/div><figcaption class=\"wp-element-caption\">Vid\u00e9o de fonctionnement du hachoir \u00e0 noix<\/figcaption><\/figure>    <h2 class=\"wp-block-heading\"><strong>Caract\u00e9ristiques cl\u00e9s de la machine \u00e0 couper les amandes<\/strong><\/h2>    <ol class=\"wp-block-list\"> <li>Le cadre de cette machine \u00e0 couper les noix est en acier \u00e0 profil \u00e9pais, ce qui lui conf\u00e8re un poids global lourd et <strong>Vibration minimale pendant le fonctionnement<\/strong>, emp\u00eachant efficacement la d\u00e9formation caus\u00e9e par une utilisation prolong\u00e9e.<\/li>    <li>Ses principaux moulages sont en <strong>Fonte ductile QT500-7<\/strong>, qui donne \u00e0 toute la machine une r\u00e9sistance \u00e0 la traction \u00e9lev\u00e9e et une excellente r\u00e9sistance \u00e0 l'usure. Les propri\u00e9t\u00e9s auto-lubrifiantes de la fonte ductile r\u00e9duisent \u00e9galement la friction et diminuent les co\u00fbts de maintenance.<\/li>    <li>Elle dispose d'un <strong>armoire de contr\u00f4le \u00e9lectrique ind\u00e9pendante<\/strong>, emp\u00eachant efficacement les dommages aux composants \u00e9lectriques dus aux vibrations de la machine. Cela am\u00e9liore \u00e9galement la s\u00e9curit\u00e9 op\u00e9rationnelle et facilite l'entretien quotidien.<\/li>    <li>La machine \u00e0 couper les arachides poss\u00e8de un <strong>syst\u00e8me de tamisage \u00e0 trois \u00e9tapes<\/strong> avec quatre grades de sortie. Sa structure simple facilite le d\u00e9montage et le nettoyage, ce qui le rend particuli\u00e8rement adapt\u00e9 aux usines alimentaires avec des changements fr\u00e9quents de produits.<\/li>    <li>Son corps est en acier au carbone avec une surface en poudre pour <strong>Bonne r\u00e9sistance \u00e0 la corrosion<\/strong>. Les pi\u00e8ces en contact avec le mat\u00e9riau sont con\u00e7ues en acier inoxydable de qualit\u00e9 alimentaire, r\u00e9pondant aux exigences hygi\u00e9niques de base pour les applications de transformation alimentaire.<\/li> <\/ol>    <figure class=\"wp-block-gallery has-nested-images columns-2 is-cropped wp-block-gallery-2 is-layout-flex wp-block-gallery-is-layout-flex\"> <figure class=\"wp-block-image size-large\"><img loading=\"lazy\" decoding=\"async\" width=\"720\" height=\"540\" data-id=\"848\" src=\"https:\/\/bestpeanutmachine.com\/wp-content\/uploads\/2026\/01\/independent-electrical-control-cabinet.webp\" alt=\"armoire de contr\u00f4le \u00e9lectrique ind\u00e9pendante\" class=\"wp-image-848\" srcset=\"https:\/\/bestpeanutmachine.com\/wp-content\/uploads\/2026\/01\/independent-electrical-control-cabinet.webp 720w, https:\/\/bestpeanutmachine.com\/wp-content\/uploads\/2026\/01\/independent-electrical-control-cabinet-300x225.webp 300w, https:\/\/bestpeanutmachine.com\/wp-content\/uploads\/2026\/01\/independent-electrical-control-cabinet-16x12.webp 16w\" sizes=\"auto, (max-width: 720px) 100vw, 720px\" \/><figcaption class=\"wp-element-caption\">armoire de contr\u00f4le \u00e9lectrique ind\u00e9pendante<\/figcaption><\/figure>    <figure class=\"wp-block-image size-large\"><img loading=\"lazy\" decoding=\"async\" width=\"720\" height=\"540\" data-id=\"851\" src=\"https:\/\/bestpeanutmachine.com\/wp-content\/uploads\/2026\/01\/completed-nut-cutting-machine.webp\" alt=\"machine \u00e0 couper les noix termin\u00e9e\" class=\"wp-image-851\" srcset=\"https:\/\/bestpeanutmachine.com\/wp-content\/uploads\/2026\/01\/completed-nut-cutting-machine.webp 720w, https:\/\/bestpeanutmachine.com\/wp-content\/uploads\/2026\/01\/completed-nut-cutting-machine-300x225.webp 300w, https:\/\/bestpeanutmachine.com\/wp-content\/uploads\/2026\/01\/completed-nut-cutting-machine-16x12.webp 16w\" sizes=\"auto, (max-width: 720px) 100vw, 720px\" \/><figcaption class=\"wp-element-caption\">machine \u00e0 couper les noix termin\u00e9e<\/figcaption><\/figure>    <figure class=\"wp-block-image size-large\"><img loading=\"lazy\" decoding=\"async\" width=\"720\" height=\"540\" data-id=\"849\" src=\"https:\/\/bestpeanutmachine.com\/wp-content\/uploads\/2026\/01\/three-stage-screening-system.webp\" alt=\"syst\u00e8me de tamisage \u00e0 trois \u00e9tapes\" class=\"wp-image-849\" srcset=\"https:\/\/bestpeanutmachine.com\/wp-content\/uploads\/2026\/01\/three-stage-screening-system.webp 720w, https:\/\/bestpeanutmachine.com\/wp-content\/uploads\/2026\/01\/three-stage-screening-system-300x225.webp 300w, https:\/\/bestpeanutmachine.com\/wp-content\/uploads\/2026\/01\/three-stage-screening-system-16x12.webp 16w\" sizes=\"auto, (max-width: 720px) 100vw, 720px\" \/><figcaption class=\"wp-element-caption\">syst\u00e8me de tamisage \u00e0 trois \u00e9tapes<\/figcaption><\/figure>    <figure class=\"wp-block-image size-large\"><img loading=\"lazy\" decoding=\"async\" width=\"720\" height=\"540\" data-id=\"850\" src=\"https:\/\/bestpeanutmachine.com\/wp-content\/uploads\/2026\/01\/best-machine-for-chopping-nuts.webp\" alt=\"meilleure machine pour couper les noix\" class=\"wp-image-850\" srcset=\"https:\/\/bestpeanutmachine.com\/wp-content\/uploads\/2026\/01\/best-machine-for-chopping-nuts.webp 720w, https:\/\/bestpeanutmachine.com\/wp-content\/uploads\/2026\/01\/best-machine-for-chopping-nuts-300x225.webp 300w, https:\/\/bestpeanutmachine.com\/wp-content\/uploads\/2026\/01\/best-machine-for-chopping-nuts-16x12.webp 16w\" sizes=\"auto, (max-width: 720px) 100vw, 720px\" \/><figcaption class=\"wp-element-caption\">meilleure machine pour couper les noix<\/figcaption><\/figure> <\/figure>    <h2 class=\"wp-block-heading\"><strong>Comment fonctionne la machine \u00e0 couper les noix ?<\/strong><\/h2>    <p>La machine \u00e0 couper les noix utilise une m\u00e9thode d'alimentation continue, effectuant une coupe reciprocante sur le mat\u00e9riau sur la bande transporteuse, puis s\u00e9parant les morceaux trait\u00e9s par taille de particule \u00e0 l'aide d'un syst\u00e8me de tamis vibrant.<\/p>    <h3 class=\"wp-block-heading\"><strong>1. Alimentation uniforme<\/strong><\/h3>    <p>Les mati\u00e8res premi\u00e8res telles que les arachides, amandes, noix ou noisettes sont aliment\u00e9es uniform\u00e9ment depuis la tr\u00e9mie sur la bande transporteuse. La vitesse de la bande transporteuse est r\u00e9glable. (Pour des r\u00e9sultats de coupe optimaux, la vitesse ne doit pas \u00eatre trop rapide.)<\/p>    <h3 class=\"wp-block-heading\"><strong>2. Syst\u00e8me de coupe reciprocant<\/strong><\/h3>    <p>Le mat\u00e9riau est transport\u00e9 vers la chambre de coupe, o\u00f9 10 lames de coupe reciprocantes hachent continuellement les noix. (La vitesse de coupe des lames est maintenue constante pour assurer une performance de coupe stable.)<\/p>    <h3 class=\"wp-block-heading\"><strong>3. Taille de particule r\u00e9glable<\/strong><\/h3>    <p>La taille finale des particules peut \u00eatre contr\u00f4l\u00e9e en ajustant la vitesse de la bande transporteuse.<\/p>    <ul class=\"wp-block-list\"> <li>Vitesse de la bande transporteuse plus rapide \u2192 Moins de coupes \u2192 Particules plus grandes<\/li>    <li>Vitesse de la bande transporteuse plus lente \u2192 Plus de coupes \u2192 Particules plus petites<\/li> <\/ul>    <h3 class=\"wp-block-heading\"><strong>4. Tamis vibrant<\/strong><\/h3>    <p>Apr\u00e8s la coupe, le mat\u00e9riau entre dans un tamis vibrant \u00e0 trois couches, s\u00e9parant le produit en quatre grades de taille de particule diff\u00e9rents pour r\u00e9pondre \u00e0 diverses sp\u00e9cifications de produit.<\/p>    <p>Ce processus de coupe \u00e0 froid pr\u00e9serve parfaitement la saveur, la texture et la valeur nutritionnelle originales des noix. Il est id\u00e9al pour le pr\u00e9traitement des aliments \u00e0 base de noix.<\/p>    <h2 class=\"wp-block-heading\"><strong>Applications de la machine \u00e0 couper les noix Taizy<\/strong><\/h2>    <p>Les hachoirs \u00e0 noix sont largement utilis\u00e9s dans l'industrie de la transformation alimentaire et la pr\u00e9paration des ingr\u00e9dients, en particulier dans les lignes de production n\u00e9cessitant de couper les noix ou l\u00e9gumineuses en tailles de particules uniformes et contr\u00f4lables.<\/p>    <p>Cette machine est id\u00e9ale pour couper et granul\u00e9s divers noix, y compris les arachides, amandes, noix, noisettes et ch\u00e2taignes. Les particules de noix hach\u00e9es sont couramment utilis\u00e9es dans les ingr\u00e9dients \u00e0 base de noix (pour les desserts ou la cuisson du pain) et dans les snacks aux noix m\u00e9lang\u00e9es.<\/p>    <figure class=\"wp-block-gallery has-nested-images columns-2 is-cropped wp-block-gallery-3 is-layout-flex wp-block-gallery-is-layout-flex\"> <figure class=\"wp-block-image size-large\"><img loading=\"lazy\" decoding=\"async\" width=\"750\" height=\"750\" data-id=\"852\" src=\"https:\/\/bestpeanutmachine.com\/wp-content\/uploads\/2026\/01\/chopped-dates.webp\" alt=\"dattes hach\u00e9es\" class=\"wp-image-852\" srcset=\"https:\/\/bestpeanutmachine.com\/wp-content\/uploads\/2026\/01\/chopped-dates.webp 750w, https:\/\/bestpeanutmachine.com\/wp-content\/uploads\/2026\/01\/chopped-dates-300x300.webp 300w, https:\/\/bestpeanutmachine.com\/wp-content\/uploads\/2026\/01\/chopped-dates-150x150.webp 150w, https:\/\/bestpeanutmachine.com\/wp-content\/uploads\/2026\/01\/chopped-dates-12x12.webp 12w\" sizes=\"auto, (max-width: 750px) 100vw, 750px\" \/><figcaption class=\"wp-element-caption\">dattes hach\u00e9es<\/figcaption><\/figure>    <figure class=\"wp-block-image size-large\"><img loading=\"lazy\" decoding=\"async\" width=\"800\" height=\"800\" data-id=\"853\" src=\"https:\/\/bestpeanutmachine.com\/wp-content\/uploads\/2026\/01\/crushed-hazelnuts.webp\" alt=\"noisettes \u00e9cras\u00e9es\" class=\"wp-image-853\" srcset=\"https:\/\/bestpeanutmachine.com\/wp-content\/uploads\/2026\/01\/crushed-hazelnuts.webp 800w, https:\/\/bestpeanutmachine.com\/wp-content\/uploads\/2026\/01\/crushed-hazelnuts-300x300.webp 300w, https:\/\/bestpeanutmachine.com\/wp-content\/uploads\/2026\/01\/crushed-hazelnuts-150x150.webp 150w, https:\/\/bestpeanutmachine.com\/wp-content\/uploads\/2026\/01\/crushed-hazelnuts-768x768.webp 768w, https:\/\/bestpeanutmachine.com\/wp-content\/uploads\/2026\/01\/crushed-hazelnuts-12x12.webp 12w\" sizes=\"auto, (max-width: 800px) 100vw, 800px\" \/><figcaption class=\"wp-element-caption\">noisettes \u00e9cras\u00e9es<\/figcaption><\/figure>    <figure class=\"wp-block-image size-large\"><img loading=\"lazy\" decoding=\"async\" width=\"500\" height=\"500\" data-id=\"854\" src=\"https:\/\/bestpeanutmachine.com\/wp-content\/uploads\/2026\/01\/crushed-pistachios.webp\" alt=\"noisettes \u00e9cras\u00e9es\" class=\"wp-image-854\" srcset=\"https:\/\/bestpeanutmachine.com\/wp-content\/uploads\/2026\/01\/crushed-pistachios.webp 500w, https:\/\/bestpeanutmachine.com\/wp-content\/uploads\/2026\/01\/crushed-pistachios-300x300.webp 300w, https:\/\/bestpeanutmachine.com\/wp-content\/uploads\/2026\/01\/crushed-pistachios-150x150.webp 150w, https:\/\/bestpeanutmachine.com\/wp-content\/uploads\/2026\/01\/crushed-pistachios-12x12.webp 12w\" sizes=\"auto, (max-width: 500px) 100vw, 500px\" \/><figcaption class=\"wp-element-caption\">noisettes \u00e9cras\u00e9es<\/figcaption><\/figure>    <figure class=\"wp-block-image size-large\"><img loading=\"lazy\" decoding=\"async\" width=\"1024\" height=\"1024\" data-id=\"855\" src=\"https:\/\/bestpeanutmachine.com\/wp-content\/uploads\/2026\/01\/macadamia-nut-pieces-1024x1024.webp\" alt=\"morceaux de noix de macadamia\" class=\"wp-image-855\" srcset=\"https:\/\/bestpeanutmachine.com\/wp-content\/uploads\/2026\/01\/macadamia-nut-pieces-1024x1024.webp 1024w, https:\/\/bestpeanutmachine.com\/wp-content\/uploads\/2026\/01\/macadamia-nut-pieces-300x300.webp 300w, https:\/\/bestpeanutmachine.com\/wp-content\/uploads\/2026\/01\/macadamia-nut-pieces-150x150.webp 150w, https:\/\/bestpeanutmachine.com\/wp-content\/uploads\/2026\/01\/macadamia-nut-pieces-768x768.webp 768w, https:\/\/bestpeanutmachine.com\/wp-content\/uploads\/2026\/01\/macadamia-nut-pieces-12x12.webp 12w, https:\/\/bestpeanutmachine.com\/wp-content\/uploads\/2026\/01\/macadamia-nut-pieces.webp 1440w\" sizes=\"auto, (max-width: 1024px) 100vw, 1024px\" \/><figcaption class=\"wp-element-caption\">morceaux de noix de macadamia<\/figcaption><\/figure> <\/figure>    <p>Dans les cuisines centrales et les usines d'ingr\u00e9dients alimentaires, les hachoirs \u00e0 noix peuvent \u00eatre utilis\u00e9s pour le pr\u00e9-traitement par lots et le tri des mati\u00e8res premi\u00e8res de noix, assurant une fourniture continue et stable de particules de diff\u00e9rentes tailles pour les lignes de traitement en aval.<\/p>    <p class=\"translation-block\">Furthermore, it can be paired with a <a href=\"https:\/\/bestpeanutmachine.com\/fr\/product\/peanut-roasting-machine\/\">peanut roasting machine<\/a>. Roasting the peanuts before cutting them into pieces results in a better color and flavor. Some customers who purchase Taizy&#8217;s <a href=\"https:\/\/bestpeanutmachine.com\/fr\/product\/peanut-brittle-making-machine\/\">peanut candy production line<\/a> also request a cutting machine to enhance the texture of the peanut candy.<\/p>    <figure class=\"wp-block-gallery has-nested-images columns-default is-cropped wp-block-gallery-4 is-layout-flex wp-block-gallery-is-layout-flex\"> <figure class=\"wp-block-image size-large\"><img loading=\"lazy\" decoding=\"async\" width=\"720\" height=\"540\" data-id=\"81\" src=\"https:\/\/bestpeanutmachine.com\/wp-content\/uploads\/2022\/08\/superior-nut-roasting-machine-1.jpg\" alt=\"machine \u00e0 r\u00f4tir les noix de qualit\u00e9 sup\u00e9rieure\" class=\"wp-image-81\" srcset=\"https:\/\/bestpeanutmachine.com\/wp-content\/uploads\/2022\/08\/superior-nut-roasting-machine-1.jpg 720w, https:\/\/bestpeanutmachine.com\/wp-content\/uploads\/2022\/08\/superior-nut-roasting-machine-1-300x225.jpg 300w\" sizes=\"auto, (max-width: 720px) 100vw, 720px\" \/><figcaption class=\"wp-element-caption\">machine \u00e0 r\u00f4tir les noix de qualit\u00e9 sup\u00e9rieure<\/figcaption><\/figure>    <figure class=\"wp-block-image size-large\"><img loading=\"lazy\" decoding=\"async\" width=\"720\" height=\"540\" data-id=\"769\" src=\"https:\/\/bestpeanutmachine.com\/wp-content\/uploads\/2026\/01\/peanut-brittle-making-machine.webp\" alt=\"produit fini du client\" class=\"wp-image-769\" srcset=\"https:\/\/bestpeanutmachine.com\/wp-content\/uploads\/2026\/01\/peanut-brittle-making-machine.webp 720w, https:\/\/bestpeanutmachine.com\/wp-content\/uploads\/2026\/01\/peanut-brittle-making-machine-300x225.webp 300w, https:\/\/bestpeanutmachine.com\/wp-content\/uploads\/2026\/01\/peanut-brittle-making-machine-16x12.webp 16w\" sizes=\"auto, (max-width: 720px) 100vw, 720px\" \/><figcaption class=\"wp-element-caption\">produit fini du client<\/figcaption><\/figure> <\/figure>    <h2 class=\"wp-block-heading\"><strong>Sp\u00e9cifications techniques de la hachoir \u00e0 noix<\/strong><\/h2>    <figure class=\"wp-block-table\"><table class=\"has-fixed-layout\"><tbody><tr><td>Pouvoir<\/td><td>2,25 kW<\/td><\/tr><tr><td>Capacit\u00e9<\/td><td>200\u2013500 kg\/h<\/td><\/tr><tr><td>Nombre de couteaux<\/td><td>10 pi\u00e8ces<\/td><\/tr><tr><td>Syst\u00e8me de tamisage<\/td><td>Tamis \u00e0 trois \u00e9tapes, quatre grades de taille<\/td><\/tr><tr><td>Tension<\/td><td>380 V<\/td><\/tr><tr><td>Fr\u00e9quence<\/td><td>50 Hz<\/td><\/tr><tr><td>Taille de la machine<\/td><td>2820 \u00d7 950 \u00d7 1300 mm<\/td><\/tr><tr><td>Mat\u00e9riau du cadre<\/td><td>Acier au carbone enduit de poudre<\/td><\/tr><tr><td>Mat\u00e9riau de contact<\/td><td>acier inoxydable 201<\/td><\/tr><\/tbody><\/table><figcaption class=\"wp-element-caption\">param\u00e8tres de la machine \u00e0 couper les noix<\/figcaption><\/figure>    <p>Some parameters are not fixed and can be adjusted according to specific needs, such as the material composition of the machine and the voltage. We will customize the product according to the customer&#8217;s specific requirements.<\/p>   <div class=\"wp-block-image\"> <figure class=\"aligncenter size-full\"><img loading=\"lazy\" decoding=\"async\" width=\"720\" height=\"540\" src=\"https:\/\/bestpeanutmachine.com\/wp-content\/uploads\/2026\/01\/automatic-cashew-cutting-machine.webp\" alt=\"machine \u00e0 couper les cajous automatique\" class=\"wp-image-858\" srcset=\"https:\/\/bestpeanutmachine.com\/wp-content\/uploads\/2026\/01\/automatic-cashew-cutting-machine.webp 720w, https:\/\/bestpeanutmachine.com\/wp-content\/uploads\/2026\/01\/automatic-cashew-cutting-machine-300x225.webp 300w, https:\/\/bestpeanutmachine.com\/wp-content\/uploads\/2026\/01\/automatic-cashew-cutting-machine-16x12.webp 16w\" sizes=\"auto, (max-width: 720px) 100vw, 720px\" \/><figcaption class=\"wp-element-caption\">machine \u00e0 couper les cajous automatique<\/figcaption><\/figure> <\/div>   <h2 class=\"wp-block-heading\"><strong>Que peut vous offrir Taizy ?<\/strong><\/h2>    <p>En raison des besoins vari\u00e9s des clients, nous proposons \u00e9galement une vari\u00e9t\u00e9 de services pour vous satisfaire, notamment :<\/p>    <h3 class=\"wp-block-heading\"><strong>Personnalisation des mat\u00e9riaux<\/strong><\/h3>    <p>Nous proposons des options pour le mat\u00e9riau en contact avec le produit, avec des panneaux ext\u00e9rieurs en acier inoxydable 304 ou 316, et le cadre en mat\u00e9riau mixte 304 201 ou en acier inoxydable 316.<\/p>    <h3 class=\"wp-block-heading\"><strong>Personnalisation professionnelle individuelle<\/strong><\/h3>    <p>Taizy recommandera l'\u00e9quipement le plus adapt\u00e9 en fonction des mat\u00e9riaux \u00e0 traiter et des r\u00e9sultats finaux souhait\u00e9s. Si vous avez d'autres besoins, nous pouvons \u00e9galement vous aider \u00e0 personnaliser une ligne de production pour le traitement des noix.<\/p>    <h3 class=\"wp-block-heading\"><strong>Liste de prix transparente<\/strong><\/h3>    <p>Nous poss\u00e9dons notre propre usine, vous garantissant des machines de haute qualit\u00e9 \u00e0 un excellent rapport qualit\u00e9-prix. Chacune de nos machines de traitement des noix est conforme aux certifications CE et autres certifications d'exportation et b\u00e9n\u00e9ficie d'une garantie de 12 mois.<\/p>    <figure class=\"wp-block-gallery has-nested-images columns-default is-cropped wp-block-gallery-5 is-layout-flex wp-block-gallery-is-layout-flex\"> <figure class=\"wp-block-image size-large\"><img loading=\"lazy\" decoding=\"async\" width=\"720\" height=\"540\" data-id=\"856\" src=\"https:\/\/bestpeanutmachine.com\/wp-content\/uploads\/2026\/01\/nut-cutting-machine-in-Taizy-factory.webp\" alt=\"machine \u00e0 couper les noix dans l&#039;usine Taizy\" class=\"wp-image-856\" srcset=\"https:\/\/bestpeanutmachine.com\/wp-content\/uploads\/2026\/01\/nut-cutting-machine-in-Taizy-factory.webp 720w, https:\/\/bestpeanutmachine.com\/wp-content\/uploads\/2026\/01\/nut-cutting-machine-in-Taizy-factory-300x225.webp 300w, https:\/\/bestpeanutmachine.com\/wp-content\/uploads\/2026\/01\/nut-cutting-machine-in-Taizy-factory-16x12.webp 16w\" sizes=\"auto, (max-width: 720px) 100vw, 720px\" \/><figcaption class=\"wp-element-caption\">machine \u00e0 couper les noix dans l'usine Taizy<\/figcaption><\/figure>    <figure class=\"wp-block-image size-large\"><img loading=\"lazy\" decoding=\"async\" width=\"720\" height=\"540\" data-id=\"857\" src=\"https:\/\/bestpeanutmachine.com\/wp-content\/uploads\/2026\/01\/peanut-chopping-machine-in-stock.webp\" alt=\"machine \u00e0 couper les arachides en stock\" class=\"wp-image-857\" srcset=\"https:\/\/bestpeanutmachine.com\/wp-content\/uploads\/2026\/01\/peanut-chopping-machine-in-stock.webp 720w, https:\/\/bestpeanutmachine.com\/wp-content\/uploads\/2026\/01\/peanut-chopping-machine-in-stock-300x225.webp 300w, https:\/\/bestpeanutmachine.com\/wp-content\/uploads\/2026\/01\/peanut-chopping-machine-in-stock-16x12.webp 16w\" sizes=\"auto, (max-width: 720px) 100vw, 720px\" \/><figcaption class=\"wp-element-caption\">machine \u00e0 couper les arachides en stock<\/figcaption><\/figure> <\/figure>    <h3 class=\"wp-block-heading\"><strong>Service apr\u00e8s-vente de haute qualit\u00e9<\/strong><\/h3>    <p>Apr\u00e8s la r\u00e9alisation de la commande, nos clients b\u00e9n\u00e9ficient d'un service apr\u00e8s-vente \u00e0 vie, comprenant un support technique \u00e0 distance et une fourniture \u00e0 long terme de pi\u00e8ces de rechange.<\/p>    <p>Si vous avez d'autres questions ou souhaitez obtenir des informations suppl\u00e9mentaires concernant cette machine \u00e0 couper les noix, veuillez nous contacter pour les derni\u00e8res mises \u00e0 jour !<\/p>","protected":false},"excerpt":{"rendered":"<p>This nut chopper is specifically designed to chop peanuts, almonds, walnuts, and other nuts into uniform particles. It allows for adjustment of the finished particle size via a conveyor belt and features a multi-stage screening system for product grading, making it an ideal choice for peanut food processing.<\/p>","protected":false},"author":1,"featured_media":869,"parent":0,"template":"","tags":[11],"product-type":[76,6],"class_list":["post-838","product","type-product","status-publish","has-post-thumbnail","hentry","tag-peanut","product-type-other-nuts-machine","product-type-product"],"_links":{"self":[{"href":"https:\/\/bestpeanutmachine.com\/fr\/wp-json\/wp\/v2\/product\/838","targetHints":{"allow":["GET"]}}],"collection":[{"href":"https:\/\/bestpeanutmachine.com\/fr\/wp-json\/wp\/v2\/product"}],"about":[{"href":"https:\/\/bestpeanutmachine.com\/fr\/wp-json\/wp\/v2\/types\/product"}],"author":[{"embeddable":true,"href":"https:\/\/bestpeanutmachine.com\/fr\/wp-json\/wp\/v2\/users\/1"}],"wp:featuredmedia":[{"embeddable":true,"href":"https:\/\/bestpeanutmachine.com\/fr\/wp-json\/wp\/v2\/media\/869"}],"wp:attachment":[{"href":"https:\/\/bestpeanutmachine.com\/fr\/wp-json\/wp\/v2\/media?parent=838"}],"wp:term":[{"taxonomy":"post_tag","embeddable":true,"href":"https:\/\/bestpeanutmachine.com\/fr\/wp-json\/wp\/v2\/tags?post=838"},{"taxonomy":"product-type","embeddable":true,"href":"https:\/\/bestpeanutmachine.com\/fr\/wp-json\/wp\/v2\/product-type?post=838"}],"curies":[{"name":"wp","href":"https:\/\/api.w.org\/{rel}","templated":true}]}}