{"id":881,"date":"2026-01-19T14:53:40","date_gmt":"2026-01-19T06:53:40","guid":{"rendered":"https:\/\/bestpeanutmachine.com\/?post_type=product&#038;p=881"},"modified":"2026-01-28T09:20:22","modified_gmt":"2026-01-28T01:20:22","slug":"wet-type-almond-skin-peeler-machine","status":"publish","type":"product","link":"https:\/\/bestpeanutmachine.com\/fr\/product\/wet-type-almond-skin-peeler-machine\/","title":{"rendered":"Machine \u00e0 couper les noix | Solution industrielle de coupe et de granulation de noix"},"content":{"rendered":"<p class=\"translation-block\">L\u2019<strong>\u00e9plucheuse de peau d\u2019amande<\/strong> est un \u00e9quipement professionnel de pelage humide con\u00e7u sp\u00e9cifiquement pour enlever la peau des amandes tremp\u00e9es, des arachides, des soja et des f\u00e8ves.<\/p>    <p>Il utilise un principe d\u2019\u00e9pluchage par friction \u00e0 rouleau en caoutchouc, atteignant une efficacit\u00e9 de 150-220 kg\/h et un taux d\u2019\u00e9pluchage de 96 %. Le produit \u00e9pluch\u00e9 pr\u00e9sente un taux de cassure de 6 %, ce qui en fait une machine cl\u00e9 dans le pr\u00e9-traitement des arachides, amandes et autres noix.<\/p>    <figure class=\"wp-block-embed aligncenter is-type-video is-provider-youtube wp-block-embed-youtube wp-embed-aspect-16-9 wp-has-aspect-ratio\"><div class=\"wp-block-embed__wrapper\"> <iframe loading=\"lazy\" title=\"Taux d\u2019\u00e9pluchage de 96 %, \u00e9liminateur de peau d\u2019amande humide Contact :  8617703863868\" width=\"500\" height=\"281\" src=\"https:\/\/www.youtube.com\/embed\/TgPpSt6FkL4?feature=oembed\" frameborder=\"0\" allow=\"accelerometer; autoplay; clipboard-write; encrypted-media; gyroscope; picture-in-picture; web-share\" referrerpolicy=\"strict-origin-when-cross-origin\" allowfullscreen><\/iframe> <\/div><figcaption class=\"wp-element-caption\">Vid\u00e9o de fonctionnement de l\u2019\u00e9plucheuse de peau d\u2019amande<\/figcaption><\/figure>    <h2 class=\"wp-block-heading\"><strong>Point fort de l\u2019\u00e9plucheuse d\u2019amande<\/strong><\/h2>    <p>Compar\u00e9e \u00e0 l\u2019\u00e9pluchage manuel traditionnel ou \u00e0 l\u2019\u00e9quipement d\u2019\u00e9pluchage \u00e0 sec, l\u2019\u00e9plucheuse d\u2019amandes offre des avantages significatifs :<\/p>    <ol class=\"wp-block-list\"> <li>Taux d\u2019\u00e9pluchage \u00e9lev\u00e9 jusqu\u2019\u00e0 96 %, r\u00e9pondant aux besoins de la production industrielle.<\/li>    <li>Un faible taux de casse (taux de moiti\u00e9 \u22646 %) garantit que les grains restent relativement intacts.<\/li>    <li>Son processus d\u2019\u00e9pluchage ne d\u00e9t\u00e9riore pas la structure prot\u00e9ique, pr\u00e9servant la couleur et le go\u00fbt naturels des grains.<\/li>    <li>L\u2019\u00e9plucheuse d\u2019amandes a une structure compacte, occupant peu d\u2019espace et facile \u00e0 installer.<\/li>    <li>L\u2019\u00e9plucheuse d\u2019amandes Taizy est fabriqu\u00e9e en acier au carbone durable (mat\u00e9riau en acier inoxydable 304 \u00e9galement disponible pour personnalisation).<\/li> <\/ol>   <div class=\"wp-block-image\"> <figure class=\"aligncenter size-full\"><img loading=\"lazy\" decoding=\"async\" width=\"925\" height=\"741\" src=\"https:\/\/bestpeanutmachine.com\/wp-content\/uploads\/2026\/01\/almond-peeling-machine.webp\" alt=\"\u00c9plucheuse d\u2019amandes\" class=\"wp-image-891\" srcset=\"https:\/\/bestpeanutmachine.com\/wp-content\/uploads\/2026\/01\/almond-peeling-machine.webp 925w, https:\/\/bestpeanutmachine.com\/wp-content\/uploads\/2026\/01\/almond-peeling-machine-300x240.webp 300w, https:\/\/bestpeanutmachine.com\/wp-content\/uploads\/2026\/01\/almond-peeling-machine-768x615.webp 768w, https:\/\/bestpeanutmachine.com\/wp-content\/uploads\/2026\/01\/almond-peeling-machine-15x12.webp 15w\" sizes=\"auto, (max-width: 925px) 100vw, 925px\" \/><figcaption class=\"wp-element-caption\">\u00c9plucheuse d\u2019amandes<\/figcaption><\/figure> <\/div>   <h2 class=\"wp-block-heading\"><strong>\u00c9tapes de fonctionnement de l\u2019\u00e9plucheuse d\u2019amandes<\/strong><\/h2>    <p>L\u2019\u00e9plucheuse d\u2019amandes utilise un principe d\u2019\u00e9pluchage par friction humide, qui consiste \u00e0 \u00e9plucher des noix ou l\u00e9gumineuses tremp\u00e9es. Ce proc\u00e9d\u00e9 garantit une haute efficacit\u00e9 d\u2019\u00e9pluchage tout en minimisant les dommages aux grains. Voici les \u00e9tapes et le principe de fonctionnement :<\/p>    <p class=\"translation-block\"><strong>\u00c9tape 1<\/strong> : Les amandes ou les cacahu\u00e8tes sont tremp\u00e9es dans de l'eau chaude pour ramollir la peau rouge ext\u00e9rieure.<\/p>    <p class=\"translation-block\"><strong>\u00c9tape 2<\/strong> : Alimentez les mati\u00e8res premi\u00e8res tremp\u00e9es dans le tr\u00e9mie de la machine de pelage de la peau d'amande.<\/p>    <p class=\"translation-block\"><strong>\u00c9tape 3<\/strong> : Les mati\u00e8res premi\u00e8res passent \u00e0 travers un \u00e9cran d'alimentation dans les rouleaux de pelage en caoutchouc.<\/p>    <p class=\"translation-block\"><strong>\u00c9tape 4<\/strong> : Pendant la rotation des rouleaux, la friction \u00e9limine efficacement la peau ext\u00e9rieure. Et les noyaux et les peaux ext\u00e9rieures sont automatiquement s\u00e9par\u00e9s lors de la d\u00e9charge.<\/p>    <p class=\"translation-block\"><strong>\u00c9tape 5<\/strong> : Les noyaux blancs propres sont collect\u00e9s, tandis que les peaux ext\u00e9rieures sont d\u00e9charg\u00e9es s\u00e9par\u00e9ment.<\/p>    <figure class=\"wp-block-gallery has-nested-images columns-default is-cropped wp-block-gallery-2 is-layout-flex wp-block-gallery-is-layout-flex\"> <figure class=\"wp-block-image size-large\"><img loading=\"lazy\" decoding=\"async\" width=\"540\" height=\"720\" data-id=\"900\" src=\"https:\/\/bestpeanutmachine.com\/wp-content\/uploads\/2026\/01\/inlet-of-almond-peeling-machine.webp\" alt=\"Inlet de l\u2019\u00e9plucheuse d\u2019amandes\" class=\"wp-image-900\" srcset=\"https:\/\/bestpeanutmachine.com\/wp-content\/uploads\/2026\/01\/inlet-of-almond-peeling-machine.webp 540w, https:\/\/bestpeanutmachine.com\/wp-content\/uploads\/2026\/01\/inlet-of-almond-peeling-machine-225x300.webp 225w, https:\/\/bestpeanutmachine.com\/wp-content\/uploads\/2026\/01\/inlet-of-almond-peeling-machine-9x12.webp 9w\" sizes=\"auto, (max-width: 540px) 100vw, 540px\" \/><figcaption class=\"wp-element-caption\">Inlet de l\u2019\u00e9plucheuse d\u2019amandes<\/figcaption><\/figure>    <figure class=\"wp-block-image size-large\"><img loading=\"lazy\" decoding=\"async\" width=\"540\" height=\"720\" data-id=\"893\" src=\"https:\/\/bestpeanutmachine.com\/wp-content\/uploads\/2026\/01\/peeling-system-of-almond-skin-peeler-machine.webp\" alt=\"Syst\u00e8me d\u2019\u00e9pluchage de l\u2019\u00e9plucheuse de peau d\u2019amande\" class=\"wp-image-893\" srcset=\"https:\/\/bestpeanutmachine.com\/wp-content\/uploads\/2026\/01\/peeling-system-of-almond-skin-peeler-machine.webp 540w, https:\/\/bestpeanutmachine.com\/wp-content\/uploads\/2026\/01\/peeling-system-of-almond-skin-peeler-machine-225x300.webp 225w, https:\/\/bestpeanutmachine.com\/wp-content\/uploads\/2026\/01\/peeling-system-of-almond-skin-peeler-machine-9x12.webp 9w\" sizes=\"auto, (max-width: 540px) 100vw, 540px\" \/><figcaption class=\"wp-element-caption\">Syst\u00e8me d\u2019\u00e9pluchage de l\u2019\u00e9plucheuse de peau d\u2019amande<\/figcaption><\/figure>    <figure class=\"wp-block-image size-large\"><img loading=\"lazy\" decoding=\"async\" width=\"540\" height=\"720\" data-id=\"892\" src=\"https:\/\/bestpeanutmachine.com\/wp-content\/uploads\/2026\/01\/outlet-of-peanut-skin-peeling-machine.webp\" alt=\"Sortie de l\u2019\u00e9plucheuse de peau d\u2019arachide\" class=\"wp-image-892\" srcset=\"https:\/\/bestpeanutmachine.com\/wp-content\/uploads\/2026\/01\/outlet-of-peanut-skin-peeling-machine.webp 540w, https:\/\/bestpeanutmachine.com\/wp-content\/uploads\/2026\/01\/outlet-of-peanut-skin-peeling-machine-225x300.webp 225w, https:\/\/bestpeanutmachine.com\/wp-content\/uploads\/2026\/01\/outlet-of-peanut-skin-peeling-machine-9x12.webp 9w\" sizes=\"auto, (max-width: 540px) 100vw, 540px\" \/><figcaption class=\"wp-element-caption\">Sortie de l\u2019\u00e9plucheuse de peau d\u2019arachide<\/figcaption><\/figure> <\/figure>    <h2 class=\"wp-block-heading\"><strong>Param\u00e8tres de l\u2019\u00e9plucheuse de peau d\u2019amande<\/strong><\/h2>    <figure class=\"wp-block-table\"><table class=\"has-fixed-layout\"><tbody><tr><td>Mod\u00e8le<\/td><td class=\"has-text-align-center\" data-align=\"center\">ST-11<\/td><td class=\"has-text-align-center\" data-align=\"center\">ST-8<\/td><\/tr><tr><td>Pouvoir<\/td><td class=\"has-text-align-center\" data-align=\"center\">1,5 kW<\/td><td class=\"has-text-align-center\" data-align=\"center\">1,5 kW<\/td><\/tr><tr><td>Capacit\u00e9<\/td><td class=\"has-text-align-center\" data-align=\"center\">200\u2013220 kg\/h<\/td><td class=\"has-text-align-center\" data-align=\"center\">150\u2013160 kg\/h<\/td><\/tr><tr><td>Taux de pelage<\/td><td class=\"has-text-align-center\" data-align=\"center\">96%<\/td><td class=\"has-text-align-center\" data-align=\"center\">96%<\/td><\/tr><tr><td>Taux de moiti\u00e9 de noyaux<\/td><td class=\"has-text-align-center\" data-align=\"center\">\u2264 6%<\/td><td class=\"has-text-align-center\" data-align=\"center\">\u2264 6%<\/td><\/tr><tr><td>Taille de la machine<\/td><td class=\"has-text-align-center\" data-align=\"center\">1100 \u00d7 760 \u00d7 1050 mm<\/td><td class=\"has-text-align-center\" data-align=\"center\">1160 \u00d7 760 \u00d7 1100 mm<\/td><\/tr><\/tbody><\/table><figcaption class=\"wp-element-caption\"> Sp\u00e9cifications de l\u2019\u00e9plucheuse de peau d\u2019amande<\/figcaption><\/figure>    <p>Lors du choix d\u2019une \u00e9plucheuse d\u2019amandes, consid\u00e9rez sa capacit\u00e9 de traitement, le type de mati\u00e8res premi\u00e8res \u00e0 traiter, ainsi que l\u2019espace disponible dans l\u2019usine et l\u2019alimentation \u00e9lectrique.<\/p>    <p>De plus, nous proposons des services de machines personnalis\u00e9es. Que ce soit pour changer les mat\u00e9riaux de la machine ou ajuster la tension, nous pouvons produire la machine selon vos besoins sp\u00e9cifiques.<\/p>    <figure class=\"wp-block-gallery has-nested-images columns-default is-cropped wp-block-gallery-3 is-layout-flex wp-block-gallery-is-layout-flex\"> <figure class=\"wp-block-image size-large\"><img loading=\"lazy\" decoding=\"async\" width=\"540\" height=\"720\" data-id=\"894\" src=\"https:\/\/bestpeanutmachine.com\/wp-content\/uploads\/2026\/01\/almond-skin-peeling-machine.webp\" alt=\"Machine \u00e0 \u00e9plucher la peau d\u2019amande\" class=\"wp-image-894\" srcset=\"https:\/\/bestpeanutmachine.com\/wp-content\/uploads\/2026\/01\/almond-skin-peeling-machine.webp 540w, https:\/\/bestpeanutmachine.com\/wp-content\/uploads\/2026\/01\/almond-skin-peeling-machine-225x300.webp 225w, https:\/\/bestpeanutmachine.com\/wp-content\/uploads\/2026\/01\/almond-skin-peeling-machine-9x12.webp 9w\" sizes=\"auto, (max-width: 540px) 100vw, 540px\" \/><figcaption class=\"wp-element-caption\">Machine \u00e0 \u00e9plucher la peau d\u2019amande<\/figcaption><\/figure>    <figure class=\"wp-block-image size-large\"><img loading=\"lazy\" decoding=\"async\" width=\"540\" height=\"720\" data-id=\"895\" src=\"https:\/\/bestpeanutmachine.com\/wp-content\/uploads\/2026\/01\/almond-skin-removing-machine.webp\" alt=\"Machine \u00e0 enlever la peau d\u2019amande\" class=\"wp-image-895\" srcset=\"https:\/\/bestpeanutmachine.com\/wp-content\/uploads\/2026\/01\/almond-skin-removing-machine.webp 540w, https:\/\/bestpeanutmachine.com\/wp-content\/uploads\/2026\/01\/almond-skin-removing-machine-225x300.webp 225w, https:\/\/bestpeanutmachine.com\/wp-content\/uploads\/2026\/01\/almond-skin-removing-machine-9x12.webp 9w\" sizes=\"auto, (max-width: 540px) 100vw, 540px\" \/><figcaption class=\"wp-element-caption\">Machine \u00e0 enlever la peau d\u2019amande<\/figcaption><\/figure>    <figure class=\"wp-block-image size-large\"><img loading=\"lazy\" decoding=\"async\" width=\"540\" height=\"720\" data-id=\"896\" src=\"https:\/\/bestpeanutmachine.com\/wp-content\/uploads\/2026\/01\/peanut-skin-removingmachine.webp\" alt=\"machine \u00e0 enlever la peau d&#039;arachide\" class=\"wp-image-896\" srcset=\"https:\/\/bestpeanutmachine.com\/wp-content\/uploads\/2026\/01\/peanut-skin-removingmachine.webp 540w, https:\/\/bestpeanutmachine.com\/wp-content\/uploads\/2026\/01\/peanut-skin-removingmachine-225x300.webp 225w, https:\/\/bestpeanutmachine.com\/wp-content\/uploads\/2026\/01\/peanut-skin-removingmachine-9x12.webp 9w\" sizes=\"auto, (max-width: 540px) 100vw, 540px\" \/><figcaption class=\"wp-element-caption\">machine \u00e0 enlever la peau d'arachide<\/figcaption><\/figure> <\/figure>    <h2 class=\"wp-block-heading\"><strong>Quels mat\u00e9riaux peuvent \u00eatre \u00e9pluch\u00e9s par l\u2019\u00e9plucheuse de peau d\u2019amande ?<\/strong><\/h2>    <p>L\u2019\u00e9plucheuse de peau d\u2019amande est adapt\u00e9e pour enlever la peau ext\u00e9rieure (peau rouge ou coque) de diverses noix et l\u00e9gumineuses apr\u00e8s trempage. Elle peut efficacement enlever la peau ext\u00e9rieure des mat\u00e9riaux suivants :<\/p>    <ul class=\"wp-block-list\"> <li>Amandes \u2013 enlever la peau brune ext\u00e9rieure pour la transformation alimentaire ult\u00e9rieure<\/li>    <li>Arachides \u2013 enlever la peau rouge ext\u00e9rieure (coque de la graine d\u2019arachide)<\/li>    <li>Soja \u2013 enlever la coque de la graine de soja<\/li>    <li>F\u00e8ves \u2013 enlever la peau ext\u00e9rieure<\/li> <\/ul>    <p>Les noyaux d\u2019amande sont un ingr\u00e9dient id\u00e9al pour diverses applications alimentaires. Ils sont largement utilis\u00e9s dans la fabrication de lait d\u2019amande et de boissons \u00e0 base d\u2019amande, ainsi que dans des produits de boulangerie comme les flocons d\u2019amande et les amandes \u00e9cras\u00e9es.<\/p>    <p>Les arachides d\u00e9cortiqu\u00e9es peuvent \u00eatre utilis\u00e9es pour faire des arachides frites, du beurre d\u2019arachide, des boissons \u00e0 base d\u2019arachide, et d\u2019autres produits de snack \u00e0 base d\u2019arachide comme le bonbon \u00e0 l\u2019arachide.<\/p>    <p>Compar\u00e9 aux mati\u00e8res premi\u00e8res non \u00e9pluch\u00e9es, les amandes et arachides \u00e0 peau humide ont un meilleur go\u00fbt et une meilleure texture, am\u00e9liorant consid\u00e9rablement l\u2019efficacit\u00e9 du traitement en aval, et \u00e9liminant efficacement la b<\/p>    <h2 class=\"wp-block-heading\"><strong>Combinaisons courantes de machines \u00e0 noix<\/strong><\/h2>    <h3 class=\"wp-block-heading\"><strong>Processus de tranchage d\u2019amande :<\/strong><\/h3>    <p class=\"translation-block\">Le processus de tranchage d\u2019amande n\u00e9cessite deux machines : une \u00e9plucheuse humide de peau d\u2019amande et une <a href=\"https:\/\/bestpeanutmachine.com\/fr\/product\/almond-slicer-machine\/\">machine \u00e0 trancher les amandes<\/a>. L\u2019utilisation combin\u00e9e de ces deux machines r\u00e9duit consid\u00e9rablement la casse des amandes lors du tranchage, am\u00e9liorant la qualit\u00e9 du produit et l\u2019efficacit\u00e9 de la production.<\/p>    <figure class=\"wp-block-gallery aligncenter has-nested-images columns-default is-cropped wp-block-gallery-4 is-layout-flex wp-block-gallery-is-layout-flex\"> <figure class=\"wp-block-image size-full\"><a href=\"https:\/\/bestpeanutmachine.com\/fr\/product\/almond-slicer-machine\/\"><img loading=\"lazy\" decoding=\"async\" width=\"720\" height=\"540\" data-id=\"441\" src=\"https:\/\/bestpeanutmachine.com\/wp-content\/uploads\/2025\/09\/almond-slicing-machine.webp\" alt=\"machine \u00e0 trancher les amandes\" class=\"wp-image-441\" srcset=\"https:\/\/bestpeanutmachine.com\/wp-content\/uploads\/2025\/09\/almond-slicing-machine.webp 720w, https:\/\/bestpeanutmachine.com\/wp-content\/uploads\/2025\/09\/almond-slicing-machine-300x225.webp 300w, https:\/\/bestpeanutmachine.com\/wp-content\/uploads\/2025\/09\/almond-slicing-machine-16x12.webp 16w\" sizes=\"auto, (max-width: 720px) 100vw, 720px\" \/><\/a><figcaption class=\"wp-element-caption\">machine \u00e0 trancher les amandes<\/figcaption><\/figure>    <figure class=\"wp-block-image size-full\"><img loading=\"lazy\" decoding=\"async\" width=\"720\" height=\"540\" data-id=\"899\" src=\"https:\/\/bestpeanutmachine.com\/wp-content\/uploads\/2026\/01\/almond-slices.webp\" alt=\"Tranches d\u2019amande\" class=\"wp-image-899\" srcset=\"https:\/\/bestpeanutmachine.com\/wp-content\/uploads\/2026\/01\/almond-slices.webp 720w, https:\/\/bestpeanutmachine.com\/wp-content\/uploads\/2026\/01\/almond-slices-300x225.webp 300w, https:\/\/bestpeanutmachine.com\/wp-content\/uploads\/2026\/01\/almond-slices-16x12.webp 16w\" sizes=\"auto, (max-width: 720px) 100vw, 720px\" \/><figcaption class=\"wp-element-caption\">Tranches d\u2019amande<\/figcaption><\/figure> <\/figure>    <h3 class=\"wp-block-heading\"><strong>Production de p\u00e2te d\u2019amande :<\/strong><\/h3>    <p class=\"translation-block\">Ce processus n\u00e9cessite au moins une \u00e9plucheuse d\u2019amandes et une <a href=\"https:\/\/bestpeanutmachine.com\/fr\/product\/peanut-butter-grinder-machine\/\">machine \u00e0 moudre les amandes<\/a>. Enlever efficacement la peau d\u2019amande r\u00e9duit l\u2019amertume, donnant une p\u00e2te d\u2019amande plus douce et plus lisse.<\/p>    <p>Par cons\u00e9quent, une \u00e9plucheuse d\u2019amandes n\u2019est pas seulement une machine de pr\u00e9-traitement simple, mais une machine qui peut directement influencer la qualit\u00e9 du produit final. Si vous envisagez d\u2019investir dans une ligne de production d\u2019amandes ou d\u2019arachides, notre \u00e9quipe technique vous fournira une solution personnalis\u00e9e gratuite pour r\u00e9pondre \u00e0 vos besoins sp\u00e9cifiques.<\/p>    <figure class=\"wp-block-gallery aligncenter has-nested-images columns-default is-cropped wp-block-gallery-5 is-layout-flex wp-block-gallery-is-layout-flex\"> <figure class=\"wp-block-image size-full\"><a href=\"https:\/\/bestpeanutmachine.com\/fr\/product\/peanut-butter-grinder-machine\/\"><img loading=\"lazy\" decoding=\"async\" width=\"720\" height=\"540\" data-id=\"828\" src=\"https:\/\/bestpeanutmachine.com\/wp-content\/uploads\/2025\/09\/commercial-peanut-butter-machine-1.webp\" alt=\"Machine \u00e0 beurre d\u2019amande commerciale\" class=\"wp-image-828\" srcset=\"https:\/\/bestpeanutmachine.com\/wp-content\/uploads\/2025\/09\/commercial-peanut-butter-machine-1.webp 720w, https:\/\/bestpeanutmachine.com\/wp-content\/uploads\/2025\/09\/commercial-peanut-butter-machine-1-300x225.webp 300w, https:\/\/bestpeanutmachine.com\/wp-content\/uploads\/2025\/09\/commercial-peanut-butter-machine-1-16x12.webp 16w\" sizes=\"auto, (max-width: 720px) 100vw, 720px\" \/><\/a><figcaption class=\"wp-element-caption\">Machine \u00e0 beurre d\u2019amande commerciale<\/figcaption><\/figure>    <figure class=\"wp-block-image size-full\"><img loading=\"lazy\" decoding=\"async\" width=\"720\" height=\"540\" data-id=\"898\" src=\"https:\/\/bestpeanutmachine.com\/wp-content\/uploads\/2026\/01\/almond-butter.webp\" alt=\"Beurre d\u2019amande\" class=\"wp-image-898\" srcset=\"https:\/\/bestpeanutmachine.com\/wp-content\/uploads\/2026\/01\/almond-butter.webp 720w, https:\/\/bestpeanutmachine.com\/wp-content\/uploads\/2026\/01\/almond-butter-300x225.webp 300w, https:\/\/bestpeanutmachine.com\/wp-content\/uploads\/2026\/01\/almond-butter-16x12.webp 16w\" sizes=\"auto, (max-width: 720px) 100vw, 720px\" \/><figcaption class=\"wp-element-caption\">Beurre d\u2019amande<\/figcaption><\/figure> <\/figure>    <h2 class=\"wp-block-heading\"><strong>Probl\u00e8mes courants et solutions de l\u2019\u00e9plucheuse de peau d\u2019amande<\/strong><\/h2>    <h3 class=\"wp-block-heading\"><strong>Faible taux d\u2019\u00e9pluchage de l\u2019\u00e9plucheuse de peau d\u2019arachide<\/strong><\/h3>    <p class=\"translation-block\"><strong>Causes possibles :<\/strong><\/p>    <ul class=\"wp-block-list\"> <li>Temps de trempage insuffisant ou temp\u00e9rature de l\u2019eau trop basse.<\/li>    <li>Taille in\u00e9gale des mati\u00e8res premi\u00e8res.<\/li>    <li>Lames us\u00e9es ou porte-lame bouch\u00e9.<\/li> <\/ul>    <p class=\"translation-block\"><strong>Solutions :<\/strong><\/p>    <ul class=\"wp-block-list\"> <li>Prolonger le temps de trempage et ajuster la temp\u00e9rature de l\u2019eau.<\/li>    <li>Trier les mati\u00e8res premi\u00e8res par taille.<\/li>    <li>Remplacer les lames et nettoyer les rouleaux en caoutchouc.<\/li> <\/ul>    <h3 class=\"wp-block-heading\"><strong>Trop de noyaux dans la pelure<\/strong><\/h3>    <p class=\"translation-block\"><strong>Causes possibles :<\/strong> Le rouleau de d\u00e9charge est positionn\u00e9 trop haut.<\/p>    <p class=\"translation-block\"><strong>Solutions :<\/strong> Baisser la position du rouleau de d\u00e9charge pour assurer un contact \u00e9troit avec l\u2019arbre \u00e0 \u00e9craser la pelure<\/p>    <h3 class=\"wp-block-heading\"><strong>Trop de r\u00e9sidus de pelure sur les grains<\/strong><\/h3>    <p class=\"translation-block\"><strong>Causes possibles :<\/strong> Le rouleau de d\u00e9charge est positionn\u00e9 trop bas.<\/p>    <p class=\"translation-block\"><strong>Solutions :<\/strong> Ajuster la hauteur du rouleau de d\u00e9charge pour assurer un bon contact.<\/p>    <h3 class=\"wp-block-heading\"><strong>Taux \u00e9lev\u00e9 de grains cass\u00e9s ou \u00e0 moiti\u00e9<\/strong><\/h3>    <p class=\"translation-block\"><strong>Causes possibles :<\/strong><\/p>    <ul class=\"wp-block-list\"> <li>L\u2019\u00e9cart du rouleau en caoutchouc est trop petit.<\/li>    <li>Mati\u00e8res premi\u00e8res tremp\u00e9es trop longtemps.<\/li> <\/ul>    <p class=\"translation-block\"><strong>Solutions :<\/strong><\/p>    <ul class=\"wp-block-list\"> <li>Augmenter l\u2019\u00e9cart du rouleau.<\/li>    <li>Contr\u00f4ler strictement le temps de trempage.<\/li> <\/ul>    <h3 class=\"wp-block-heading\"><strong>Les noix non \u00e9pluch\u00e9es sortent de la sortie<\/strong><\/h3>    <p class=\"translation-block\"><strong>Causes possibles :<\/strong><\/p>    <ul class=\"wp-block-list\"> <li>Bandes guides endommag\u00e9es ou mal install\u00e9es.<\/li>    <li>Taille in\u00e9gale des mati\u00e8res premi\u00e8res.<\/li> <\/ul>    <p class=\"translation-block\"><strong>Solutions :<\/strong><\/p>    <ul class=\"wp-block-list\"> <li>Remplacer ou ajuster les bandes guides<\/li>    <li>Classer les mati\u00e8res premi\u00e8res avant \u00e9pluchage<\/li> <\/ul>    <p class=\"translation-block\">En plus des \u00e9plucheuses de peau d\u2019amande humides, nous disposons \u00e9galement de <a href=\"https:\/\/bestpeanutmachine.com\/fr\/product\/peanut-peeling-machine\/\">machines \u00e0 \u00e9plucher s\u00e8ches<\/a> adapt\u00e9es pour \u00e9plucher des noix comme les arachides apr\u00e8s torr\u00e9faction. <\/p>    <figure class=\"wp-block-gallery has-nested-images columns-default is-cropped wp-block-gallery-6 is-layout-flex wp-block-gallery-is-layout-flex\"> <figure class=\"wp-block-image size-large\"><img loading=\"lazy\" decoding=\"async\" width=\"720\" height=\"540\" data-id=\"897\" src=\"https:\/\/bestpeanutmachine.com\/wp-content\/uploads\/2026\/01\/wet-type-peanut-skin-peeling-machine.webp\" alt=\"Machine \u00e0 \u00e9plucher la peau d\u2019arachide humide\" class=\"wp-image-897\" srcset=\"https:\/\/bestpeanutmachine.com\/wp-content\/uploads\/2026\/01\/wet-type-peanut-skin-peeling-machine.webp 720w, https:\/\/bestpeanutmachine.com\/wp-content\/uploads\/2026\/01\/wet-type-peanut-skin-peeling-machine-300x225.webp 300w, https:\/\/bestpeanutmachine.com\/wp-content\/uploads\/2026\/01\/wet-type-peanut-skin-peeling-machine-16x12.webp 16w\" sizes=\"auto, (max-width: 720px) 100vw, 720px\" \/><figcaption class=\"wp-element-caption\">Machine \u00e0 \u00e9plucher la peau d\u2019arachide humide<\/figcaption><\/figure>    <figure class=\"wp-block-image size-large\"><img loading=\"lazy\" decoding=\"async\" width=\"720\" height=\"540\" data-id=\"463\" src=\"https:\/\/bestpeanutmachine.com\/wp-content\/uploads\/2022\/08\/peanut-peeling-machine-1.webp\" alt=\"Machine \u00e0 \u00e9plucher les arachides \u00e0 sec\" class=\"wp-image-463\" srcset=\"https:\/\/bestpeanutmachine.com\/wp-content\/uploads\/2022\/08\/peanut-peeling-machine-1.webp 720w, https:\/\/bestpeanutmachine.com\/wp-content\/uploads\/2022\/08\/peanut-peeling-machine-1-300x225.webp 300w, https:\/\/bestpeanutmachine.com\/wp-content\/uploads\/2022\/08\/peanut-peeling-machine-1-16x12.webp 16w\" sizes=\"auto, (max-width: 720px) 100vw, 720px\" \/><figcaption class=\"wp-element-caption\">Machine \u00e0 \u00e9plucher les arachides \u00e0 sec<\/figcaption><\/figure> <\/figure>    <p>Si vous n'\u00eates pas s\u00fbr du machine le mieux adapt\u00e9 \u00e0 vos besoins, n'h\u00e9sitez pas \u00e0 nous contacter. Vous pouvez fournir des informations sur les mati\u00e8res premi\u00e8res que vous souhaitez traiter et leur utilisation pr\u00e9vue, et nous vous proposerons une solution personnalis\u00e9e.<\/p>","protected":false},"excerpt":{"rendered":"<p>The almond peeling machine is a wet-type peeling equipment suitable for removing the skin of almonds and peanuts. It features high peeling efficiency, low kernel breakage rate, and automatic separation of the peels, which is widely used in nut beverage, fried nut, and nut butter production lines.<\/p>","protected":false},"author":1,"featured_media":901,"parent":0,"template":"","tags":[11],"product-type":[76,6],"class_list":["post-881","product","type-product","status-publish","has-post-thumbnail","hentry","tag-peanut","product-type-other-nuts-machine","product-type-product"],"_links":{"self":[{"href":"https:\/\/bestpeanutmachine.com\/fr\/wp-json\/wp\/v2\/product\/881","targetHints":{"allow":["GET"]}}],"collection":[{"href":"https:\/\/bestpeanutmachine.com\/fr\/wp-json\/wp\/v2\/product"}],"about":[{"href":"https:\/\/bestpeanutmachine.com\/fr\/wp-json\/wp\/v2\/types\/product"}],"author":[{"embeddable":true,"href":"https:\/\/bestpeanutmachine.com\/fr\/wp-json\/wp\/v2\/users\/1"}],"wp:featuredmedia":[{"embeddable":true,"href":"https:\/\/bestpeanutmachine.com\/fr\/wp-json\/wp\/v2\/media\/901"}],"wp:attachment":[{"href":"https:\/\/bestpeanutmachine.com\/fr\/wp-json\/wp\/v2\/media?parent=881"}],"wp:term":[{"taxonomy":"post_tag","embeddable":true,"href":"https:\/\/bestpeanutmachine.com\/fr\/wp-json\/wp\/v2\/tags?post=881"},{"taxonomy":"product-type","embeddable":true,"href":"https:\/\/bestpeanutmachine.com\/fr\/wp-json\/wp\/v2\/product-type?post=881"}],"curies":[{"name":"wp","href":"https:\/\/api.w.org\/{rel}","templated":true}]}}