{"id":908,"date":"2026-01-21T13:54:12","date_gmt":"2026-01-21T05:54:12","guid":{"rendered":"https:\/\/bestpeanutmachine.com\/?post_type=product&#038;p=908"},"modified":"2026-01-21T14:52:47","modified_gmt":"2026-01-21T06:52:47","slug":"nut-sorting-machine-for-almonds","status":"publish","type":"product","link":"https:\/\/bestpeanutmachine.com\/fr\/product\/nut-sorting-machine-for-almonds\/","title":{"rendered":"Machine de tri des noix pour amandes, noisettes et diverses noix"},"content":{"rendered":"<p class=\"translation-block\">La <strong>machine de tri des noix<\/strong> est utilis\u00e9e pour s\u00e9parer les coques des noyaux et les trier avec pr\u00e9cision en diff\u00e9rentes tailles pour un stockage, un emballage et une vente standardis\u00e9s. Elle est largement utilis\u00e9e pour le tri et le classement des amandes, noisettes, arachides et diverses l\u00e9gumineuses, adapt\u00e9e au pr\u00e9-traitement des noix.<\/p>    <figure class=\"wp-block-embed aligncenter is-type-video is-provider-youtube wp-block-embed-youtube wp-embed-aspect-16-9 wp-has-aspect-ratio\"><div class=\"wp-block-embed__wrapper\"> <iframe loading=\"lazy\" title=\"Machine de tri multi-niveaux pour noix, amandes, arachides, contact :\" width=\"500\" height=\"281\" src=\"https:\/\/www.youtube.com\/embed\/mBr1bzfMWRg?feature=oembed\" frameborder=\"0\" allow=\"accelerometer; autoplay; clipboard-write; encrypted-media; gyroscope; picture-in-picture; web-share\" referrerpolicy=\"strict-origin-when-cross-origin\" allowfullscreen><\/iframe> <\/div><figcaption class=\"wp-element-caption\">Vid\u00e9o de fonctionnement de la machine de tri des noix<\/figcaption><\/figure>    <h2 class=\"wp-block-heading\"><strong>Points forts de la machine de tri de noix Taizy<\/strong><\/h2>    <ul class=\"wp-block-list\"> <li>La machine de tri des noix offre des niveaux de vibration s\u00e9lectionnables de 1, 2, 3, 4 ou 5, permettant de trier en plusieurs tailles selon les exigences sp\u00e9cifiques des noix.<\/li>    <li>We have optimized the machine&#8217;s vibration frequency and screen structure to ensure minimal cracking and surface damage when processing nuts.<\/li>    <li>L'ouverture de la plaque de tamis est r\u00e9glable de 6 \u00e0 10 mm, et les plaques de tamis peuvent \u00eatre remplac\u00e9es pour obtenir des r\u00e9sultats de tri optimaux en fonction du type de noix et des exigences de tri.<\/li>    <li>Son cadre en acier au carbone garantit durabilit\u00e9 et stabilit\u00e9 en environnement de production continue. Pour des exigences mat\u00e9rielles plus \u00e9lev\u00e9es, nous proposons \u00e9galement des options en acier inoxydable 304 sur mesure.<\/li> <\/ul>    <h2 class=\"wp-block-heading\"><strong>Pourquoi la machine de tri des noix est-elle importante pour le pr\u00e9-traitement des noix ?<\/strong><\/h2>    <p>Apr\u00e8s traitement par la machine de tri des noix, les mat\u00e9riaux sont s\u00e9par\u00e9s en grades de taille uniforme (grands, moyens, petits ou plus), ce qui augmente leur valeur marchande et facilite la tarification.<\/p>    <p>Les noix de diff\u00e9rentes tailles peuvent \u00eatre transport\u00e9es vers diff\u00e9rentes machines pour le traitement, am\u00e9liorant l'utilisation des mati\u00e8res premi\u00e8res et r\u00e9duisant les d\u00e9chets :<\/p>    <ul class=\"wp-block-list\"> <li>Grosses noix \u2192 Vente directe ou emballage premium<\/li>    <li>Noix de taille moyenne \u2192 Tranchage ou torr\u00e9faction<\/li>    <li>Petites noix \u2192 Hachage, broyage ou fabrication de sauces<\/li> <\/ul>    <p>Les noix tri\u00e9es am\u00e9liorent \u00e9galement l'efficacit\u00e9 de l'emballage. Pendant l'emballage, les mat\u00e9riaux peuvent s'\u00e9couler en douceur dans les machines de pes\u00e9e, de remplissage et d'emballage automatiques, r\u00e9duisant les erreurs d'emballage et les temps d'arr\u00eat.<\/p>    <figure class=\"wp-block-gallery has-nested-images columns-default is-cropped wp-block-gallery-2 is-layout-flex wp-block-gallery-is-layout-flex\"> <figure class=\"wp-block-image size-large\"><img loading=\"lazy\" decoding=\"async\" width=\"720\" height=\"540\" data-id=\"914\" src=\"https:\/\/bestpeanutmachine.com\/wp-content\/uploads\/2026\/01\/almonds-before-sieving.webp\" alt=\"Amandes avant tamisage\" class=\"wp-image-914\" srcset=\"https:\/\/bestpeanutmachine.com\/wp-content\/uploads\/2026\/01\/almonds-before-sieving.webp 720w, https:\/\/bestpeanutmachine.com\/wp-content\/uploads\/2026\/01\/almonds-before-sieving-300x225.webp 300w, https:\/\/bestpeanutmachine.com\/wp-content\/uploads\/2026\/01\/almonds-before-sieving-16x12.webp 16w\" sizes=\"auto, (max-width: 720px) 100vw, 720px\" \/><figcaption class=\"wp-element-caption\">Amandes avant tamisage<\/figcaption><\/figure>    <figure class=\"wp-block-image size-large\"><img loading=\"lazy\" decoding=\"async\" width=\"720\" height=\"540\" data-id=\"915\" src=\"https:\/\/bestpeanutmachine.com\/wp-content\/uploads\/2026\/01\/sieved-almonds.webp\" alt=\"Amandes tamis\u00e9es\" class=\"wp-image-915\" srcset=\"https:\/\/bestpeanutmachine.com\/wp-content\/uploads\/2026\/01\/sieved-almonds.webp 720w, https:\/\/bestpeanutmachine.com\/wp-content\/uploads\/2026\/01\/sieved-almonds-300x225.webp 300w, https:\/\/bestpeanutmachine.com\/wp-content\/uploads\/2026\/01\/sieved-almonds-16x12.webp 16w\" sizes=\"auto, (max-width: 720px) 100vw, 720px\" \/><figcaption class=\"wp-element-caption\">Amandes tamis\u00e9es<\/figcaption><\/figure> <\/figure>    <h2 class=\"wp-block-heading\"><strong>Mod\u00e8les de machines de tri des noix &amp; param\u00e8tres techniques<\/strong><\/h2>    <h3 class=\"wp-block-heading\"><strong>\u00c9cran de tri de niveau 1<\/strong><\/h3>    <figure class=\"wp-block-table is-style-regular\"><table class=\"has-fixed-layout\"><tbody><tr><td>Capacit\u00e9<\/td><td class=\"has-text-align-center\" data-align=\"center\">100-150 kg\/h<\/td><\/tr><tr><td>Pouvoir<\/td><td class=\"has-text-align-center\" data-align=\"center\">0,18 kW<\/td><\/tr><tr><td>Tension<\/td><td class=\"has-text-align-center\" data-align=\"center\">380V \/ 50Hz<\/td><\/tr><tr><td>Mat\u00e9riel<\/td><td class=\"has-text-align-center\" data-align=\"center\">Acier au carbone<\/td><\/tr><tr><td>Taille<\/td><td class=\"has-text-align-center\" data-align=\"center\">1,6 \u00d7 0,8 \u00d7 0,6 m<\/td><\/tr><tr><td>Poids<\/td><td class=\"has-text-align-center\" data-align=\"center\">260 kg<\/td><\/tr><\/tbody><\/table><figcaption class=\"wp-element-caption\">Sp\u00e9cification de l'\u00e9cran de tri de niveau 1<\/figcaption><\/figure>   <div class=\"wp-block-image\"> <figure class=\"aligncenter size-full\"><img loading=\"lazy\" decoding=\"async\" width=\"720\" height=\"540\" src=\"https:\/\/bestpeanutmachine.com\/wp-content\/uploads\/2026\/01\/1-Level-sorting-screen-nut-seiving-machine.webp\" alt=\"Tamis de tri \u00e0 1 niveau pour noix\" class=\"wp-image-916\" srcset=\"https:\/\/bestpeanutmachine.com\/wp-content\/uploads\/2026\/01\/1-Level-sorting-screen-nut-seiving-machine.webp 720w, https:\/\/bestpeanutmachine.com\/wp-content\/uploads\/2026\/01\/1-Level-sorting-screen-nut-seiving-machine-300x225.webp 300w, https:\/\/bestpeanutmachine.com\/wp-content\/uploads\/2026\/01\/1-Level-sorting-screen-nut-seiving-machine-16x12.webp 16w\" sizes=\"auto, (max-width: 720px) 100vw, 720px\" \/><figcaption class=\"wp-element-caption\">Tamis de tri \u00e0 1 niveau pour noix<\/figcaption><\/figure> <\/div>   <h3 class=\"wp-block-heading\"><strong>Tamis de tri \u00e0 2 niveaux<\/strong><\/h3>    <figure class=\"wp-block-table\"><table class=\"has-fixed-layout\"><tbody><tr><td>Capacit\u00e9<\/td><td class=\"has-text-align-center\" data-align=\"center\">150-200 kg\/h<\/td><\/tr><tr><td>Pouvoir<\/td><td class=\"has-text-align-center\" data-align=\"center\">1.1 kW<\/td><\/tr><tr><td>Tension<\/td><td class=\"has-text-align-center\" data-align=\"center\">380V \/ 50Hz<\/td><\/tr><tr><td>Mat\u00e9riel<\/td><td class=\"has-text-align-center\" data-align=\"center\">Acier au carbone<\/td><\/tr><tr><td>Taille<\/td><td class=\"has-text-align-center\" data-align=\"center\">2,4 \u00d7 0,8 \u00d7 1,4 m<\/td><\/tr><tr><td>Poids<\/td><td class=\"has-text-align-center\" data-align=\"center\">260 kg<\/td><\/tr><\/tbody><\/table><figcaption class=\"wp-element-caption\">Sp\u00e9cification de la machine de tri \u00e0 2 niveaux pour arachides<\/figcaption><\/figure>   <div class=\"wp-block-image\"> <figure class=\"aligncenter size-full\"><img loading=\"lazy\" decoding=\"async\" width=\"720\" height=\"540\" src=\"https:\/\/bestpeanutmachine.com\/wp-content\/uploads\/2026\/01\/2-Level-sorting-screen-peanut-sorter.webp\" alt=\"Tamis de tri \u00e0 2 niveaux pour arachides\" class=\"wp-image-917\" srcset=\"https:\/\/bestpeanutmachine.com\/wp-content\/uploads\/2026\/01\/2-Level-sorting-screen-peanut-sorter.webp 720w, https:\/\/bestpeanutmachine.com\/wp-content\/uploads\/2026\/01\/2-Level-sorting-screen-peanut-sorter-300x225.webp 300w, https:\/\/bestpeanutmachine.com\/wp-content\/uploads\/2026\/01\/2-Level-sorting-screen-peanut-sorter-16x12.webp 16w\" sizes=\"auto, (max-width: 720px) 100vw, 720px\" \/><figcaption class=\"wp-element-caption\">Tamis de tri \u00e0 2 niveaux pour arachides<\/figcaption><\/figure> <\/div>   <h3 class=\"wp-block-heading\"><strong>Tamis de tri \u00e0 3 niveaux<\/strong><\/h3>    <figure class=\"wp-block-table\"><table class=\"has-fixed-layout\"><tbody><tr><td>Capacit\u00e9<\/td><td class=\"has-text-align-center\" data-align=\"center\">600\u2013800 kg\/h<\/td><\/tr><tr><td>Pouvoir<\/td><td class=\"has-text-align-center\" data-align=\"center\">1.1 kW<\/td><\/tr><tr><td>Tension<\/td><td class=\"has-text-align-center\" data-align=\"center\">380V \/ 50Hz<\/td><\/tr><tr><td>Mat\u00e9riel<\/td><td class=\"has-text-align-center\" data-align=\"center\">Acier au carbone<\/td><\/tr><tr><td>Taille<\/td><td class=\"has-text-align-center\" data-align=\"center\">2,4 \u00d7 0,8 \u00d7 1,6 m<\/td><\/tr><tr><td>Poids<\/td><td class=\"has-text-align-center\" data-align=\"center\">260 kg<\/td><\/tr><\/tbody><\/table><figcaption class=\"wp-element-caption\">Sp\u00e9cification de la machine de tri \u00e0 3 niveaux<\/figcaption><\/figure>   <div class=\"wp-block-image\"> <figure class=\"aligncenter size-full\"><img loading=\"lazy\" decoding=\"async\" width=\"720\" height=\"540\" src=\"https:\/\/bestpeanutmachine.com\/wp-content\/uploads\/2026\/01\/3-Level-sorting-screen-almond-grading-machine.webp\" alt=\"Machine de tri \u00e0 3 niveaux pour amandes\" class=\"wp-image-918\" srcset=\"https:\/\/bestpeanutmachine.com\/wp-content\/uploads\/2026\/01\/3-Level-sorting-screen-almond-grading-machine.webp 720w, https:\/\/bestpeanutmachine.com\/wp-content\/uploads\/2026\/01\/3-Level-sorting-screen-almond-grading-machine-300x225.webp 300w, https:\/\/bestpeanutmachine.com\/wp-content\/uploads\/2026\/01\/3-Level-sorting-screen-almond-grading-machine-16x12.webp 16w\" sizes=\"auto, (max-width: 720px) 100vw, 720px\" \/><figcaption class=\"wp-element-caption\">Machine de tri \u00e0 3 niveaux pour amandes<\/figcaption><\/figure> <\/div>   <h3 class=\"wp-block-heading\"><strong>Tamis de tri \u00e0 4 niveaux<\/strong><\/h3>    <figure class=\"wp-block-table\"><table class=\"has-fixed-layout\"><tbody><tr><td>Capacit\u00e9<\/td><td class=\"has-text-align-center\" data-align=\"center\">600-800 kg\/heure<\/td><\/tr><tr><td>Pouvoir<\/td><td class=\"has-text-align-center\" data-align=\"center\">1,5 kW<\/td><\/tr><tr><td>Tension<\/td><td class=\"has-text-align-center\" data-align=\"center\">380V \/ 50Hz<\/td><\/tr><tr><td>Mat\u00e9riel<\/td><td class=\"has-text-align-center\" data-align=\"center\">Acier au carbone<\/td><\/tr><tr><td>Taille<\/td><td class=\"has-text-align-center\" data-align=\"center\">2,4 \u00d7 0,8 \u00d7 1,9 m<\/td><\/tr><tr><td>Poids<\/td><td class=\"has-text-align-center\" data-align=\"center\">260 kg<\/td><\/tr><\/tbody><\/table><figcaption class=\"wp-element-caption\">Sp\u00e9cification de l'\u00e9cran de tri \u00e0 4 niveaux<\/figcaption><\/figure>   <div class=\"wp-block-image\"> <figure class=\"aligncenter size-full\"><img loading=\"lazy\" decoding=\"async\" width=\"720\" height=\"540\" src=\"https:\/\/bestpeanutmachine.com\/wp-content\/uploads\/2026\/01\/4-Level-sorting-screen-bean-grader.webp\" alt=\"Grille de tri \u00e0 4 niveaux pour haricots\" class=\"wp-image-919\" srcset=\"https:\/\/bestpeanutmachine.com\/wp-content\/uploads\/2026\/01\/4-Level-sorting-screen-bean-grader.webp 720w, https:\/\/bestpeanutmachine.com\/wp-content\/uploads\/2026\/01\/4-Level-sorting-screen-bean-grader-300x225.webp 300w, https:\/\/bestpeanutmachine.com\/wp-content\/uploads\/2026\/01\/4-Level-sorting-screen-bean-grader-16x12.webp 16w\" sizes=\"auto, (max-width: 720px) 100vw, 720px\" \/><figcaption class=\"wp-element-caption\">Grille de tri \u00e0 4 niveaux pour haricots<\/figcaption><\/figure> <\/div>   <h3 class=\"wp-block-heading\"><strong>Tamis de tri \u00e0 5 niveaux<\/strong><\/h3>    <figure class=\"wp-block-table\"><table class=\"has-fixed-layout\"><tbody><tr><td>Capacit\u00e9<\/td><td class=\"has-text-align-center\" data-align=\"center\">jusqu'\u00e0 800 kg\/h<\/td><\/tr><tr><td>Pouvoir<\/td><td class=\"has-text-align-center\" data-align=\"center\">1,5 kW<\/td><\/tr><tr><td>Tension<\/td><td class=\"has-text-align-center\" data-align=\"center\">380V \/ 50Hz<\/td><\/tr><tr><td>Mat\u00e9riel<\/td><td class=\"has-text-align-center\" data-align=\"center\">Acier au carbone<\/td><\/tr><tr><td>Taille<\/td><td class=\"has-text-align-center\" data-align=\"center\">2,4 \u00d7 0,8 \u00d7 2,2 m<\/td><\/tr><tr><td>Poids<\/td><td class=\"has-text-align-center\" data-align=\"center\">260 kg<\/td><\/tr><\/tbody><\/table><figcaption class=\"wp-element-caption\">Sp\u00e9cification de la machine de tri \u00e0 5 niveaux<\/figcaption><\/figure>   <div class=\"wp-block-image\"> <figure class=\"aligncenter size-full\"><img loading=\"lazy\" decoding=\"async\" width=\"720\" height=\"540\" src=\"https:\/\/bestpeanutmachine.com\/wp-content\/uploads\/2026\/01\/5-Level-sorting-screen-grading-machine.webp\" alt=\"Machine de tri \u00e0 5 niveaux\" class=\"wp-image-920\" srcset=\"https:\/\/bestpeanutmachine.com\/wp-content\/uploads\/2026\/01\/5-Level-sorting-screen-grading-machine.webp 720w, https:\/\/bestpeanutmachine.com\/wp-content\/uploads\/2026\/01\/5-Level-sorting-screen-grading-machine-300x225.webp 300w, https:\/\/bestpeanutmachine.com\/wp-content\/uploads\/2026\/01\/5-Level-sorting-screen-grading-machine-16x12.webp 16w\" sizes=\"auto, (max-width: 720px) 100vw, 720px\" \/><figcaption class=\"wp-element-caption\">Machine de tri \u00e0 5 niveaux<\/figcaption><\/figure> <\/div>   <h2 class=\"wp-block-heading\"><strong>Comment choisir le bon \u00e9cran de tri pour vos noix ?<\/strong><\/h2>    <p>Le choix de la configuration de la machine de tri des noix d\u00e9pend de plusieurs facteurs cl\u00e9s, qui peuvent vous aider \u00e0 d\u00e9terminer initialement le type de machine dont votre usine a besoin :<\/p>    <h3 class=\"wp-block-heading\"><strong>Type de noix et gamme de tailles<\/strong><\/h3>    <ul class=\"wp-block-list\"> <li>Les amandes et les noyaux d'abricot n\u00e9cessitent g\u00e9n\u00e9ralement des grilles de 6-8 mm.<\/li>    <li>Les noisettes et arachides peuvent n\u00e9cessiter des grilles de 8-10 mm.<\/li> <\/ul>    <h3 class=\"wp-block-heading\"><strong>Sortie requise<\/strong><\/h3>    <ul class=\"wp-block-list\"> <li>Les petites usines de traitement doivent simplement choisir un mod\u00e8le d'\u00e9cran \u00e0 1-2 couches pour le tri initial.<\/li>    <li>Usines de taille moyenne \u00e0 grande : 3 ou 5 couches d'\u00e9crans pour augmenter la production et am\u00e9liorer la qualit\u00e9 du produit.<\/li> <\/ul>    <h3 class=\"wp-block-heading\"><strong>Choix du mat\u00e9riau<\/strong><\/h3>    <p>L'acier au carbone convient aux environnements secs et est \u00e9conomique. Mais si vous avez des exigences \u00e9lev\u00e9es pour le produit, nous recommandons des pi\u00e8ces en acier inoxydable, adapt\u00e9es aux march\u00e9s alimentaires et \u00e0 l'exportation.<\/p>    <h3 class=\"wp-block-heading\"><strong>Consid\u00e9rations de prix<\/strong><\/h3>    <p>Les prix varient en fonction du nombre de couches d'\u00e9cran, et les composants en acier inoxydable augmenteront consid\u00e9rablement les co\u00fbts. Les \u00e9quipements suppl\u00e9mentaires, comme les \u00e9l\u00e9vateurs, affecteront \u00e9galement l'investissement total.<\/p>    <p>Les ing\u00e9nieurs Taizy peuvent fournir des conseils professionnels bas\u00e9s sur vos besoins de production r\u00e9els pour \u00e9viter une sur-configuration ou une capacit\u00e9 insuffisante.<\/p>    <h2 class=\"wp-block-heading\"><strong>Pourquoi choisir la machine de tri de noix Taizy ?<\/strong><\/h2>    <ol class=\"wp-block-list\"> <li>Nous supportons des solutions personnalis\u00e9es, y compris les couches d'\u00e9cran, la taille de la maille, le mat\u00e9riau, la tension et le syst\u00e8me d'alimentation.<\/li>    <li>Taizy dispose d'ing\u00e9nieurs exp\u00e9riment\u00e9s qui fournissent des conseils complets, de la s\u00e9lection de l'\u00e9quipement \u00e0 la disposition de la ligne de production.<\/li>    <li>Pour chaque client, nous fournissons des services complets de commande et de livraison, y compris des sp\u00e9cifications claires du produit, le suivi de l'avancement de la production, des vid\u00e9os de test et l'emballage pour l'export.<\/li>    <li>Les machines Taizy sont livr\u00e9es directement du fabricant, sans co\u00fbts cach\u00e9s.<\/li>    <li>Fort d'une exp\u00e9rience de plus d'une d\u00e9cennie, nous avons accumul\u00e9 une expertise export importante, et nos produits sont vendus dans le monde entier et largement appr\u00e9ci\u00e9s.<\/li> <\/ol>    <figure class=\"wp-block-gallery has-nested-images columns-default is-cropped wp-block-gallery-3 is-layout-flex wp-block-gallery-is-layout-flex\"> <figure class=\"wp-block-image size-large\"><img loading=\"lazy\" decoding=\"async\" width=\"720\" height=\"540\" data-id=\"921\" src=\"https:\/\/bestpeanutmachine.com\/wp-content\/uploads\/2026\/01\/packaging-of-nut-sorting-machine.webp\" alt=\"Emballage de la machine de tri des noix\" class=\"wp-image-921\" srcset=\"https:\/\/bestpeanutmachine.com\/wp-content\/uploads\/2026\/01\/packaging-of-nut-sorting-machine.webp 720w, https:\/\/bestpeanutmachine.com\/wp-content\/uploads\/2026\/01\/packaging-of-nut-sorting-machine-300x225.webp 300w, https:\/\/bestpeanutmachine.com\/wp-content\/uploads\/2026\/01\/packaging-of-nut-sorting-machine-16x12.webp 16w\" sizes=\"auto, (max-width: 720px) 100vw, 720px\" \/><figcaption class=\"wp-element-caption\">Emballage de la machine de tri des noix<\/figcaption><\/figure>    <figure class=\"wp-block-image size-large\"><img loading=\"lazy\" decoding=\"async\" width=\"720\" height=\"540\" data-id=\"922\" src=\"https:\/\/bestpeanutmachine.com\/wp-content\/uploads\/2026\/01\/transportation-of-nut-sorting-machine.webp\" alt=\"Transport de la machine de tri des noix\" class=\"wp-image-922\" srcset=\"https:\/\/bestpeanutmachine.com\/wp-content\/uploads\/2026\/01\/transportation-of-nut-sorting-machine.webp 720w, https:\/\/bestpeanutmachine.com\/wp-content\/uploads\/2026\/01\/transportation-of-nut-sorting-machine-300x225.webp 300w, https:\/\/bestpeanutmachine.com\/wp-content\/uploads\/2026\/01\/transportation-of-nut-sorting-machine-16x12.webp 16w\" sizes=\"auto, (max-width: 720px) 100vw, 720px\" \/><figcaption class=\"wp-element-caption\">Transport de la machine de tri des noix<\/figcaption><\/figure> <\/figure>    <h2 class=\"wp-block-heading\"><strong>FAQ de la machine de tri des noix<\/strong><\/h2>   <div id=\"rank-math-faq\" class=\"rank-math-block\"> <div class=\"rank-math-list\"> <div id=\"faq-question-1768880091518\" class=\"rank-math-list-item\"> <h3 class=\"rank-math-question\">Puis-je changer la taille de l'\u00e9cran sur le m\u00eame tri-noix ?<\/h3> <div class=\"rank-math-answer\">  <p>Oui. Les plaques de tamis sont rempla\u00e7ables et peuvent \u00eatre personnalis\u00e9es selon diff\u00e9rentes tailles de noix.<\/p>  <\/div> <\/div> <div id=\"faq-question-1768880133665\" class=\"rank-math-list-item\"> <h3 class=\"rank-math-question\">La machine \u00e0 tamiser les noix endommagera-t-elle les noix ?<\/h3> <div class=\"rank-math-answer\">  <p>Non. La structure de vibration est optimis\u00e9e pour assurer un taux de casse tr\u00e8s faible.<\/p>  <\/div> <\/div> <div id=\"faq-question-1768880149562\" class=\"rank-math-list-item\"> <h3 class=\"rank-math-question\">L'\u00e9graineuse d'amandes peut-elle \u00eatre int\u00e9gr\u00e9e \u00e0 une ligne de traitement compl\u00e8te ?<\/h3> <div class=\"rank-math-answer\">  <p>Oui. Elle peut \u00eatre utilis\u00e9e conjointement avec des \u00e9l\u00e9vateurs, des machines de d\u00e9corticage, des machines de tranchage de noix et des machines d'emballage.<\/p>  <\/div> <\/div> <div id=\"faq-question-1768880162865\" class=\"rank-math-list-item\"> <h3 class=\"rank-math-question\">Le mat\u00e9riau en acier inoxydable est-il obligatoire pour cette machine de tri des noix ?<\/h3> <div class=\"rank-math-answer\">  <p>Si des normes d'hygi\u00e8ne strictes ou des r\u00e9glementations \u00e0 l'exportation l'exigent, il est recommand\u00e9 d'utiliser de l'acier inoxydable pour les pi\u00e8ces en contact avec les aliments.<\/p>  <\/div> <\/div> <\/div> <\/div>   <p><\/p>    <p>Vous souhaitez en savoir plus sur les prix sp\u00e9cifiques de la machine ? Contactez-nous et fournissez des d\u00e9tails sur les mat\u00e9riaux que vous traiterez et les r\u00e9sultats souhait\u00e9s.<\/p>    <p>De plus, Taizy propose \u00e9galement d'autres machines de traitement des noix :<\/p>    <ul class=\"wp-block-list\"> <li><a href=\"https:\/\/bestpeanutmachine.com\/fr\/product\/wet-type-almond-skin-peeler-machine\/\">Machine \u00e0 \u00e9plucher la peau des arachides et des amandes<\/a><\/li>    <li><a href=\"https:\/\/bestpeanutmachine.com\/fr\/product\/almond-slicer-machine\/\">Machine trancheuse d'amandes pour fruits \u00e0 coque - tranchage d'arachides<\/a><\/li> <\/ul>","protected":false},"excerpt":{"rendered":"<p>A high-efficiency nut sorting machine for almonds, hazelnuts, apricot kernels, peanuts, and beans. Multi-level vibrating screens ensure accurate size grading, low damage, and smooth integration into nut processing lines.<\/p>","protected":false},"author":1,"featured_media":929,"parent":0,"template":"","tags":[77,11],"product-type":[76,6],"class_list":["post-908","product","type-product","status-publish","has-post-thumbnail","hentry","tag-almond","tag-peanut","product-type-other-nuts-machine","product-type-product"],"_links":{"self":[{"href":"https:\/\/bestpeanutmachine.com\/fr\/wp-json\/wp\/v2\/product\/908","targetHints":{"allow":["GET"]}}],"collection":[{"href":"https:\/\/bestpeanutmachine.com\/fr\/wp-json\/wp\/v2\/product"}],"about":[{"href":"https:\/\/bestpeanutmachine.com\/fr\/wp-json\/wp\/v2\/types\/product"}],"author":[{"embeddable":true,"href":"https:\/\/bestpeanutmachine.com\/fr\/wp-json\/wp\/v2\/users\/1"}],"wp:featuredmedia":[{"embeddable":true,"href":"https:\/\/bestpeanutmachine.com\/fr\/wp-json\/wp\/v2\/media\/929"}],"wp:attachment":[{"href":"https:\/\/bestpeanutmachine.com\/fr\/wp-json\/wp\/v2\/media?parent=908"}],"wp:term":[{"taxonomy":"post_tag","embeddable":true,"href":"https:\/\/bestpeanutmachine.com\/fr\/wp-json\/wp\/v2\/tags?post=908"},{"taxonomy":"product-type","embeddable":true,"href":"https:\/\/bestpeanutmachine.com\/fr\/wp-json\/wp\/v2\/product-type?post=908"}],"curies":[{"name":"wp","href":"https:\/\/api.w.org\/{rel}","templated":true}]}}