{"id":989,"date":"2026-01-27T17:44:05","date_gmt":"2026-01-27T09:44:05","guid":{"rendered":"https:\/\/bestpeanutmachine.com\/?post_type=product&#038;p=989"},"modified":"2026-01-28T17:11:41","modified_gmt":"2026-01-28T09:11:41","slug":"peanut-almond-strip-cutting-machine","status":"publish","type":"product","link":"https:\/\/bestpeanutmachine.com\/fr\/product\/peanut-almond-strip-cutting-machine\/","title":{"rendered":"Machine de d\u00e9coupe de bandes de cacahu\u00e8tes et d'amandes"},"content":{"rendered":"<p class=\"translation-block\">La <strong>machine de coupe de bandes d'amandes<\/strong> est un \u00e9quipement de traitement alimentaire sp\u00e9cialis\u00e9 utilis\u00e9 pour couper des noix telles que cacahu\u00e8tes, pistaches ou amandes en bandes d'environ 3-5 mm de taille avec une capacit\u00e9 de production de 100-150 kg par heure.<\/p>    <p>Notre machine de coupe de bandes de pistaches est largement utilis\u00e9e dans la production de snacks \u00e0 base de noix, de bonbons, d'ingr\u00e9dients de p\u00e2tisserie, de garnitures au chocolat et de divers aliments \u00e0 base de noix, ce qui am\u00e9liore non seulement la texture mais aussi l'apparence des desserts.<\/p>    <figure class=\"wp-block-embed is-type-video is-provider-youtube wp-block-embed-youtube wp-embed-aspect-4-3 wp-has-aspect-ratio\"><div class=\"wp-block-embed__wrapper\"> <iframe loading=\"lazy\" title=\"Almond &amp; Pistachio Strip Cutter for Food Processing Contact: +8617703863868\" width=\"500\" height=\"375\" src=\"https:\/\/www.youtube.com\/embed\/pcY1szLq8uY?feature=oembed\" frameborder=\"0\" allow=\"accelerometer; autoplay; clipboard-write; encrypted-media; gyroscope; picture-in-picture; web-share\" referrerpolicy=\"strict-origin-when-cross-origin\" allowfullscreen><\/iframe> <\/div><figcaption class=\"wp-element-caption\">Vid\u00e9o de test de la machine de coupe de bandes d'arachides<\/figcaption><\/figure>    <h2 class=\"wp-block-heading\"><strong>Avantages de la machine de coupe de bandes d'amandes<\/strong><\/h2>    <ol class=\"wp-block-list\"> <li>Les lames de coupe sp\u00e9ciales garantissent des tranches uniformes et compl\u00e8tes avec un minimum de casse, facilitant le traitement ult\u00e9rieur et r\u00e9duisant le gaspillage de mati\u00e8re premi\u00e8re.<\/li>    <li>La machine de coupe de bandes d'amandes Taizy a une structure simple, est facile \u00e0 utiliser, et utilise des pi\u00e8ces couramment disponibles, ce qui facilite l'entretien et la r\u00e9paration.<\/li>    <li>Elle offre une production stable, avec une sortie de 100-150 kilogrammes par heure, adapt\u00e9e \u00e0 la production commerciale.<\/li>    <li>La vitesse d'alimentation est r\u00e9glable pour correspondre \u00e0 l'effet de coupe et \u00e0 l'efficacit\u00e9 de production.<\/li>    <li>Ses lames sont durables et ont une longue dur\u00e9e de vie.<\/li>    <li>L'effet de coupe pour les arachides est r\u00e9glable, permettant des tranches de 3-5 mm de largeur.<\/li> <\/ol>   <div class=\"wp-block-image\"> <figure class=\"aligncenter size-full\"><img loading=\"lazy\" decoding=\"async\" width=\"720\" height=\"540\" src=\"https:\/\/bestpeanutmachine.com\/wp-content\/uploads\/2026\/01\/peanut-strip-cutting-machine.webp\" alt=\"machine de coupe de bandes d&#039;arachides\" class=\"wp-image-997\" srcset=\"https:\/\/bestpeanutmachine.com\/wp-content\/uploads\/2026\/01\/peanut-strip-cutting-machine.webp 720w, https:\/\/bestpeanutmachine.com\/wp-content\/uploads\/2026\/01\/peanut-strip-cutting-machine-300x225.webp 300w, https:\/\/bestpeanutmachine.com\/wp-content\/uploads\/2026\/01\/peanut-strip-cutting-machine-16x12.webp 16w\" sizes=\"auto, (max-width: 720px) 100vw, 720px\" \/><figcaption class=\"wp-element-caption\">machine de coupe de bandes d'arachides<\/figcaption><\/figure> <\/div>   <h2 class=\"wp-block-heading\"><strong>Param\u00e8tres techniques de la machine de coupe de bandes d'amandes<\/strong><\/h2>    <figure class=\"wp-block-table\"><table class=\"has-fixed-layout\"><tbody><tr><td>Mod\u00e8le<\/td><td class=\"has-text-align-center\" data-align=\"center\">HT-2<\/td><td class=\"has-text-align-center\" data-align=\"center\">HT-1<\/td><\/tr><tr><td>Structure<\/td><td class=\"has-text-align-center\" data-align=\"center\">Syst\u00e8me d'alimentation   coupe<\/td><td class=\"has-text-align-center\" data-align=\"center\">Alimentation   coupe <br>syst\u00e8me de triage<\/td><\/tr><tr><td>Capacit\u00e9<\/td><td class=\"has-text-align-center\" data-align=\"center\">100\u2013150 kg\/h<\/td><td class=\"has-text-align-center\" data-align=\"center\">100\u2013150 kg\/h<\/td><\/tr><tr><td>Tension<\/td><td class=\"has-text-align-center\" data-align=\"center\">380 V<\/td><td class=\"has-text-align-center\" data-align=\"center\">380 V<\/td><\/tr><tr><td>Fr\u00e9quence<\/td><td class=\"has-text-align-center\" data-align=\"center\">50 Hz<\/td><td class=\"has-text-align-center\" data-align=\"center\">50 Hz<\/td><\/tr><tr><td>Pouvoir<\/td><td class=\"has-text-align-center\" data-align=\"center\">0.75 kW<\/td><td class=\"has-text-align-center\" data-align=\"center\">1,48 kW<\/td><\/tr><tr><td>Taille de la machine<\/td><td class=\"has-text-align-center\" data-align=\"center\">1,3 \u00d7 0,75 \u00d7 1,3 m<\/td><td class=\"has-text-align-center\" data-align=\"center\">1,5 \u00d7 0,9 \u00d7 1,3 m<\/td><\/tr><tr><td>Poids<\/td><td class=\"has-text-align-center\" data-align=\"center\">160 kg<\/td><td class=\"has-text-align-center\" data-align=\"center\">220 kg<\/td><\/tr><\/tbody><\/table><figcaption class=\"wp-element-caption\">Param\u00e8tres de la coupe de bandes de pistaches<\/figcaption><\/figure>   <div class=\"wp-block-image\"> <figure class=\"aligncenter size-full\"><img loading=\"lazy\" decoding=\"async\" width=\"720\" height=\"540\" src=\"https:\/\/bestpeanutmachine.com\/wp-content\/uploads\/2026\/01\/almond-strip-cutting-machine.webp\" alt=\"machine de coupe de bandes d&#039;amandes\" class=\"wp-image-1002\" srcset=\"https:\/\/bestpeanutmachine.com\/wp-content\/uploads\/2026\/01\/almond-strip-cutting-machine.webp 720w, https:\/\/bestpeanutmachine.com\/wp-content\/uploads\/2026\/01\/almond-strip-cutting-machine-300x225.webp 300w, https:\/\/bestpeanutmachine.com\/wp-content\/uploads\/2026\/01\/almond-strip-cutting-machine-16x12.webp 16w\" sizes=\"auto, (max-width: 720px) 100vw, 720px\" \/><figcaption class=\"wp-element-caption\">machine de coupe de bandes d'amandes<\/figcaption><\/figure> <\/div>   <h2 class=\"wp-block-heading\"><strong>Applications de la machine de coupe de bandes de pistaches<\/strong><\/h2>    <p>La machine de coupe de pistaches est largement utilis\u00e9e dans les industries de traitement des noix et des aliments pour produire des bandes uniformes d'arachides, d'amandes et de pistaches. <\/p>    <p>Le produit final peut \u00eatre utilis\u00e9 comme ingr\u00e9dient dans le nougat, le caramel dur, les barres \u00e9nerg\u00e9tiques et les desserts traditionnels \u00e0 base de noix. Sa taille de bande uniforme garantit une texture coh\u00e9rente et de meilleures propri\u00e9t\u00e9s de liaison dans les produits de confiserie.<\/p>    <p>Les bandes d'amandes sont \u00e9galement largement utilis\u00e9es dans les g\u00e2teaux et muffins, biscuits, croissants et p\u00e2tisseries ; en tant qu'ingr\u00e9dient de dessert, leur taille de bande coh\u00e9rente am\u00e9liore consid\u00e9rablement la performance en cuisson et l'attrait visuel.<\/p>    <figure class=\"wp-block-gallery has-nested-images columns-2 is-cropped wp-block-gallery-2 is-layout-flex wp-block-gallery-is-layout-flex\"> <figure class=\"wp-block-image size-large\"><img loading=\"lazy\" decoding=\"async\" width=\"720\" height=\"540\" data-id=\"999\" src=\"https:\/\/bestpeanutmachine.com\/wp-content\/uploads\/2026\/01\/almond-strips.webp\" alt=\"bandes d&#039;amandes\" class=\"wp-image-999\" srcset=\"https:\/\/bestpeanutmachine.com\/wp-content\/uploads\/2026\/01\/almond-strips.webp 720w, https:\/\/bestpeanutmachine.com\/wp-content\/uploads\/2026\/01\/almond-strips-300x225.webp 300w, https:\/\/bestpeanutmachine.com\/wp-content\/uploads\/2026\/01\/almond-strips-16x12.webp 16w\" sizes=\"auto, (max-width: 720px) 100vw, 720px\" \/><figcaption class=\"wp-element-caption\">bandes d'amandes<\/figcaption><\/figure>    <figure class=\"wp-block-image size-large\"><img loading=\"lazy\" decoding=\"async\" width=\"720\" height=\"540\" data-id=\"998\" src=\"https:\/\/bestpeanutmachine.com\/wp-content\/uploads\/2026\/01\/almond-strips-applied-to-bread.webp\" alt=\"bandes d&#039;amandes appliqu\u00e9es au pain\" class=\"wp-image-998\" srcset=\"https:\/\/bestpeanutmachine.com\/wp-content\/uploads\/2026\/01\/almond-strips-applied-to-bread.webp 720w, https:\/\/bestpeanutmachine.com\/wp-content\/uploads\/2026\/01\/almond-strips-applied-to-bread-300x225.webp 300w, https:\/\/bestpeanutmachine.com\/wp-content\/uploads\/2026\/01\/almond-strips-applied-to-bread-16x12.webp 16w\" sizes=\"auto, (max-width: 720px) 100vw, 720px\" \/><figcaption class=\"wp-element-caption\">bandes d'amandes appliqu\u00e9es au pain<\/figcaption><\/figure>    <figure class=\"wp-block-image size-large\"><img loading=\"lazy\" decoding=\"async\" width=\"720\" height=\"540\" data-id=\"1001\" src=\"https:\/\/bestpeanutmachine.com\/wp-content\/uploads\/2026\/01\/pistachio-strips.webp\" alt=\"bandes de pistaches\" class=\"wp-image-1001\" srcset=\"https:\/\/bestpeanutmachine.com\/wp-content\/uploads\/2026\/01\/pistachio-strips.webp 720w, https:\/\/bestpeanutmachine.com\/wp-content\/uploads\/2026\/01\/pistachio-strips-300x225.webp 300w, https:\/\/bestpeanutmachine.com\/wp-content\/uploads\/2026\/01\/pistachio-strips-16x12.webp 16w\" sizes=\"auto, (max-width: 720px) 100vw, 720px\" \/><figcaption class=\"wp-element-caption\">bandes de pistaches<\/figcaption><\/figure>    <figure class=\"wp-block-image size-large\"><img loading=\"lazy\" decoding=\"async\" width=\"720\" height=\"540\" data-id=\"1000\" src=\"https:\/\/bestpeanutmachine.com\/wp-content\/uploads\/2026\/01\/pistachio-strips-applied-to-snacks.webp\" alt=\"bandes de pistaches appliqu\u00e9es aux snacks\" class=\"wp-image-1000\" srcset=\"https:\/\/bestpeanutmachine.com\/wp-content\/uploads\/2026\/01\/pistachio-strips-applied-to-snacks.webp 720w, https:\/\/bestpeanutmachine.com\/wp-content\/uploads\/2026\/01\/pistachio-strips-applied-to-snacks-300x225.webp 300w, https:\/\/bestpeanutmachine.com\/wp-content\/uploads\/2026\/01\/pistachio-strips-applied-to-snacks-16x12.webp 16w\" sizes=\"auto, (max-width: 720px) 100vw, 720px\" \/><figcaption class=\"wp-element-caption\">bandes de pistaches appliqu\u00e9es aux snacks<\/figcaption><\/figure> <\/figure>    <h2 class=\"wp-block-heading\"><strong>FAQ de la coupeuse de bandes d'arachides<\/strong><\/h2>   <div id=\"rank-math-faq\" class=\"rank-math-block\"> <div class=\"rank-math-list\"> <div id=\"faq-question-1769397584533\" class=\"rank-math-list-item\"> <h3 class=\"rank-math-question\"><strong>Quels mat\u00e9riaux la machine de coupe de bandes d'amandes peut-elle traiter ?<\/strong><\/h3> <div class=\"rank-math-answer\">  <p>La machine de tranchage d'amandes est principalement utilis\u00e9e pour traiter les amandes, arachides, pistaches et autres noix similaires. (Particuli\u00e8rement adapt\u00e9e aux noix \u00e0 moiti\u00e9 coque)<\/p>  <\/div> <\/div> <div id=\"faq-question-1769397623613\" class=\"rank-math-list-item\"> <h3 class=\"rank-math-question\"><strong>La machine de coupe de bandes d'amandes peut-elle ajuster la taille des bandes ?<\/strong><\/h3> <div class=\"rank-math-answer\">  <p>La taille de la tranche peut \u00eatre ajust\u00e9e en coupant les noix en deux ou en trois.<\/p>  <\/div> <\/div> <div id=\"faq-question-1769397955823\" class=\"rank-math-list-item\"> <h3 class=\"rank-math-question\"><strong>Quelle est la teneur en humidit\u00e9 recommand\u00e9e pour les mati\u00e8res premi\u00e8res ?<\/strong><\/h3> <div class=\"rank-math-answer\">  <p>Pour des r\u00e9sultats de coupe optimaux, le taux d'humidit\u00e9 des arachides ou des amandes doit \u00eatre maintenu autour de 15 % pour aider \u00e0 r\u00e9duire la casse et am\u00e9liorer l'int\u00e9grit\u00e9 des tranches.<\/p>  <\/div> <\/div> <div id=\"faq-question-1769398013134\" class=\"rank-math-list-item\"> <h3 class=\"rank-math-question\"><strong>Les arachides doivent-elles \u00eatre pr\u00e9trait\u00e9es avant la coupe ?<\/strong><\/h3> <div class=\"rank-math-answer\">  <p>Les cacahu\u00e8tes doivent \u00eatre coup\u00e9es en deux avant la coupe, de pr\u00e9f\u00e9rence tri\u00e9es par taille. Cela aide \u00e0 r\u00e9duire la casse et \u00e0 am\u00e9liorer la qualit\u00e9 du produit.<\/p>  <\/div> <\/div> <div id=\"faq-question-1769398071862\" class=\"rank-math-list-item\"> <h3 class=\"rank-math-question\"><strong>Quelle est la capacit\u00e9 de production de la machine de tranchage d'amandes ?<\/strong><\/h3> <div class=\"rank-math-answer\">  <p>Sa production standard est de 100-150 kg par heure, en fonction du type de noix, de l'uniformit\u00e9 de la taille du noyau et de la vitesse d'alimentation.<\/p>  <\/div> <\/div> <div id=\"faq-question-1769398192190\" class=\"rank-math-list-item\"> <h3 class=\"rank-math-question\"><strong>La machine peut-elle \u00eatre personnalis\u00e9e selon diff\u00e9rentes normes de puissance ?<\/strong><\/h3> <div class=\"rank-math-answer\">  <p>La machine de coupe de bandes d'amandes peut \u00eatre personnalis\u00e9e pour r\u00e9pondre aux exigences de tension de diff\u00e9rents pays et r\u00e9gions, en conformit\u00e9 avec les normes \u00e9lectriques locales.<\/p>  <\/div> <\/div> <\/div> <\/div>   <h2 class=\"wp-block-heading\"><strong>Pourquoi choisir la machine de coupe de bandes d'amandes Taizy ?<\/strong>                                                                                                                                                                                                                               <\/h2>    <ol class=\"wp-block-list\"> <li>Notre coupeuse de bandes d'arachides est sp\u00e9cialement con\u00e7ue pour couper les arachides et les amandes, offrant une performance stable et une production fiable.<\/li>    <li>Nous proposons des services de personnalisation de la tension et de la configuration pour r\u00e9pondre parfaitement \u00e0 vos besoins.<\/li>    <li>Taizy offre des prix comp\u00e9titifs en usine et un support technique complet.<\/li>    <li>Chaque machine b\u00e9n\u00e9ficie d'une garantie de qualit\u00e9 de 12 mois et d'une fourniture de pi\u00e8ces d\u00e9tach\u00e9es \u00e0 vie.<\/li> <\/ol>    <p class=\"translation-block\">Si vous souhaitez acheter un ensemble complet d'\u00e9quipements de traitement des arachides, nous recommandons cette <a href=\"https:\/\/bestpeanutmachine.com\/fr\/product\/wet-type-almond-skin-peeler-machine\/\">machine de pelage humide<\/a>, qui peut aider \u00e0 enlever la peau ext\u00e9rieure des noix telles que les arachides et les amandes avant la coupe, ce qui donne une meilleure texture et couleur dans le produit fini.<\/p>   <div class=\"wp-block-image\"> <figure class=\"aligncenter size-large\"><img loading=\"lazy\" decoding=\"async\" width=\"925\" height=\"741\" src=\"https:\/\/bestpeanutmachine.com\/wp-content\/uploads\/2026\/01\/almond-peeling-machine.webp\" alt=\"\u00c9plucheuse d\u2019amandes\" class=\"wp-image-891\" srcset=\"https:\/\/bestpeanutmachine.com\/wp-content\/uploads\/2026\/01\/almond-peeling-machine.webp 925w, https:\/\/bestpeanutmachine.com\/wp-content\/uploads\/2026\/01\/almond-peeling-machine-300x240.webp 300w, https:\/\/bestpeanutmachine.com\/wp-content\/uploads\/2026\/01\/almond-peeling-machine-768x615.webp 768w, https:\/\/bestpeanutmachine.com\/wp-content\/uploads\/2026\/01\/almond-peeling-machine-15x12.webp 15w\" sizes=\"auto, (max-width: 925px) 100vw, 925px\" \/><figcaption class=\"wp-element-caption\">\u00c9plucheuse d\u2019amandes<\/figcaption><\/figure> <\/div>   <p>En plus de cette machine de coupe de bandes, nous proposons \u00e9galement une machine de d\u00e9coupe de cacahu\u00e8tes et une machine de tranchage d'amandes. Contactez-nous en fournissant vos mati\u00e8res premi\u00e8res et vos exigences, et nous vous pr\u00e9senterons une machine de traitement des noix adapt\u00e9e.<\/p>    <figure class=\"wp-block-gallery has-nested-images columns-2 is-cropped wp-block-gallery-3 is-layout-flex wp-block-gallery-is-layout-flex\"> <figure class=\"wp-block-image size-large\"><img loading=\"lazy\" decoding=\"async\" width=\"720\" height=\"540\" data-id=\"670\" src=\"https:\/\/bestpeanutmachine.com\/wp-content\/uploads\/2025\/12\/best-machine-for-chopping-nuts.webp\" alt=\"meilleure machine pour couper les noix\" class=\"wp-image-670\" srcset=\"https:\/\/bestpeanutmachine.com\/wp-content\/uploads\/2025\/12\/best-machine-for-chopping-nuts.webp 720w, https:\/\/bestpeanutmachine.com\/wp-content\/uploads\/2025\/12\/best-machine-for-chopping-nuts-300x225.webp 300w, https:\/\/bestpeanutmachine.com\/wp-content\/uploads\/2025\/12\/best-machine-for-chopping-nuts-16x12.webp 16w\" sizes=\"auto, (max-width: 720px) 100vw, 720px\" \/><figcaption class=\"wp-element-caption\">meilleure machine pour couper les noix<\/figcaption><\/figure>    <figure class=\"wp-block-image size-large\"><img loading=\"lazy\" decoding=\"async\" width=\"720\" height=\"540\" data-id=\"673\" src=\"https:\/\/bestpeanutmachine.com\/wp-content\/uploads\/2025\/12\/pistachio-crumbles.webp\" alt=\"\u00e9corces de pistache\" class=\"wp-image-673\" srcset=\"https:\/\/bestpeanutmachine.com\/wp-content\/uploads\/2025\/12\/pistachio-crumbles.webp 720w, https:\/\/bestpeanutmachine.com\/wp-content\/uploads\/2025\/12\/pistachio-crumbles-300x225.webp 300w, https:\/\/bestpeanutmachine.com\/wp-content\/uploads\/2025\/12\/pistachio-crumbles-16x12.webp 16w\" sizes=\"auto, (max-width: 720px) 100vw, 720px\" \/><figcaption class=\"wp-element-caption\">\u00e9corces de pistache<\/figcaption><\/figure>    <figure class=\"wp-block-image size-large\"><img loading=\"lazy\" decoding=\"async\" width=\"720\" height=\"540\" data-id=\"436\" src=\"https:\/\/bestpeanutmachine.com\/wp-content\/uploads\/2025\/09\/peanut-slicing-machine.webp\" alt=\"machine \u00e0 trancher les cacahu\u00e8tes\" class=\"wp-image-436\" srcset=\"https:\/\/bestpeanutmachine.com\/wp-content\/uploads\/2025\/09\/peanut-slicing-machine.webp 720w, https:\/\/bestpeanutmachine.com\/wp-content\/uploads\/2025\/09\/peanut-slicing-machine-300x225.webp 300w, https:\/\/bestpeanutmachine.com\/wp-content\/uploads\/2025\/09\/peanut-slicing-machine-16x12.webp 16w\" sizes=\"auto, (max-width: 720px) 100vw, 720px\" \/><figcaption class=\"wp-element-caption\">machine \u00e0 trancher les cacahu\u00e8tes<\/figcaption><\/figure>    <figure class=\"wp-block-image size-large\"><img loading=\"lazy\" decoding=\"async\" width=\"720\" height=\"540\" data-id=\"435\" src=\"https:\/\/bestpeanutmachine.com\/wp-content\/uploads\/2025\/09\/toasted-almond-slices-for-baking.webp\" alt=\"tranches d&#039;amandes grill\u00e9es pour la p\u00e2tisserie\" class=\"wp-image-435\" srcset=\"https:\/\/bestpeanutmachine.com\/wp-content\/uploads\/2025\/09\/toasted-almond-slices-for-baking.webp 720w, https:\/\/bestpeanutmachine.com\/wp-content\/uploads\/2025\/09\/toasted-almond-slices-for-baking-300x225.webp 300w, https:\/\/bestpeanutmachine.com\/wp-content\/uploads\/2025\/09\/toasted-almond-slices-for-baking-16x12.webp 16w\" sizes=\"auto, (max-width: 720px) 100vw, 720px\" \/><figcaption class=\"wp-element-caption\">tranches d'amandes grill\u00e9es pour la p\u00e2tisserie<\/figcaption><\/figure> <\/figure>    <p><\/p>","protected":false},"excerpt":{"rendered":"<p>This almond slicing machine features high production efficiency and adjustable slicing size control, making it suitable for processing peanuts and almonds into ingredients needed for baking and snacks.<\/p>","protected":false},"author":1,"featured_media":1018,"parent":0,"template":"","tags":[77,11],"product-type":[76,6],"class_list":["post-989","product","type-product","status-publish","has-post-thumbnail","hentry","tag-almond","tag-peanut","product-type-other-nuts-machine","product-type-product"],"_links":{"self":[{"href":"https:\/\/bestpeanutmachine.com\/fr\/wp-json\/wp\/v2\/product\/989","targetHints":{"allow":["GET"]}}],"collection":[{"href":"https:\/\/bestpeanutmachine.com\/fr\/wp-json\/wp\/v2\/product"}],"about":[{"href":"https:\/\/bestpeanutmachine.com\/fr\/wp-json\/wp\/v2\/types\/product"}],"author":[{"embeddable":true,"href":"https:\/\/bestpeanutmachine.com\/fr\/wp-json\/wp\/v2\/users\/1"}],"wp:featuredmedia":[{"embeddable":true,"href":"https:\/\/bestpeanutmachine.com\/fr\/wp-json\/wp\/v2\/media\/1018"}],"wp:attachment":[{"href":"https:\/\/bestpeanutmachine.com\/fr\/wp-json\/wp\/v2\/media?parent=989"}],"wp:term":[{"taxonomy":"post_tag","embeddable":true,"href":"https:\/\/bestpeanutmachine.com\/fr\/wp-json\/wp\/v2\/tags?post=989"},{"taxonomy":"product-type","embeddable":true,"href":"https:\/\/bestpeanutmachine.com\/fr\/wp-json\/wp\/v2\/product-type?post=989"}],"curies":[{"name":"wp","href":"https:\/\/api.w.org\/{rel}","templated":true}]}}