{"id":13,"date":"2022-08-24T10:27:58","date_gmt":"2022-08-24T10:27:58","guid":{"rendered":"https:\/\/bestpeanutmachine.com\/?page_id=13"},"modified":"2022-08-25T06:36:11","modified_gmt":"2022-08-25T06:36:11","slug":"about-us","status":"publish","type":"page","link":"https:\/\/bestpeanutmachine.com\/pt\/about-us\/","title":{"rendered":"Sobre n\u00f3s"},"content":{"rendered":"<p>Taizy Machinery Co., Ltd \u00e9 uma empresa global integrada com fabrica\u00e7\u00e3o e marketing de forma independente, que possui uma equipe de t\u00e9cnicos profissionais, uma oficina de fabrica\u00e7\u00e3o moderna e a mais nova tecnologia de processamento de amendoim. Dedicamo-nos a pr\u00e1ticas sustent\u00e1veis \u200b\u200be antecipamos a necessidade dos nossos clientes em termos de produtos de qualidade e pre\u00e7o acess\u00edvel. At\u00e9 agora, nossas m\u00e1quinas de processamento de amendoim e todos os tipos de linhas de amendoim foram exportados para mais de 80 condados e regi\u00f5es do mundo, como R\u00fassia, Ar\u00e1bia Saudita, Israel, Gana, Sud\u00e3o, Singapura, Mal\u00e1sia, Nig\u00e9ria, Nepal, Bangladesh, Sri Lanka Lanka, Holanda, Cazaquist\u00e3o, Austr\u00e1lia, Estados Unidos, Brasil, Cuba, Col\u00f4mbia, Chile, M\u00e9xico, Venezuela, Peru, Filipinas, \u00c1frica do Sul, Turquia e assim por diante.<\/p>    <p>Nossos produtos cobrem uma gama completamente completa de m\u00e1quinas de processamento de amendoim, como m\u00e1quina de semente de amendoim, m\u00e1quina colhedora de amendoim, m\u00e1quina colhedora de amendoim, m\u00e1quina de descascar amendoim, m\u00e1quina de descascar amendoim, m\u00e1quina de moer amendoim, linha de produ\u00e7\u00e3o de manteiga de amendoim, etc. e fabricado de acordo com padr\u00f5es internacionais. Al\u00e9m disso, contamos com uma equipe altamente qualificada para garantir a entrega r\u00e1pida e a excelente qualidade de nossas m\u00e1quinas. Hoje em dia, as nossas m\u00e1quinas de amendoim foram exportadas com sucesso para 80 pa\u00edses e regi\u00f5es. <\/p>    <h2 class=\"wp-block-heading\" id=\"h-certificates\">Certificados <\/h2>    <figure class=\"wp-block-image size-large\"><img decoding=\"async\" src=\"https:\/\/cnricemill.com\/wp-content\/uploads\/2022\/08\/certificate-1024x323-1.jpg\" alt=\"\"\/><\/figure>","protected":false},"excerpt":{"rendered":"<p>Taizy Machinery Co., Ltd is a global enterprise that is integrated with manufacturing and marketing independently, which owns professional technicians&#8217; team, a modern manufacturing workshop, and the newest peanut processing technology. We are devoted to sustainable practices and anticipates the need of our customers in terms of quality products and affordable price. Until now, our [&hellip;]<\/p>\n","protected":false},"author":1,"featured_media":0,"parent":0,"menu_order":0,"comment_status":"closed","ping_status":"closed","template":"","meta":{"footnotes":""},"class_list":["post-13","page","type-page","status-publish","hentry"],"_links":{"self":[{"href":"https:\/\/bestpeanutmachine.com\/pt\/wp-json\/wp\/v2\/pages\/13","targetHints":{"allow":["GET"]}}],"collection":[{"href":"https:\/\/bestpeanutmachine.com\/pt\/wp-json\/wp\/v2\/pages"}],"about":[{"href":"https:\/\/bestpeanutmachine.com\/pt\/wp-json\/wp\/v2\/types\/page"}],"author":[{"embeddable":true,"href":"https:\/\/bestpeanutmachine.com\/pt\/wp-json\/wp\/v2\/users\/1"}],"replies":[{"embeddable":true,"href":"https:\/\/bestpeanutmachine.com\/pt\/wp-json\/wp\/v2\/comments?post=13"}],"version-history":[{"count":0,"href":"https:\/\/bestpeanutmachine.com\/pt\/wp-json\/wp\/v2\/pages\/13\/revisions"}],"wp:attachment":[{"href":"https:\/\/bestpeanutmachine.com\/pt\/wp-json\/wp\/v2\/media?parent=13"}],"curies":[{"name":"wp","href":"https:\/\/api.w.org\/{rel}","templated":true}]}}