{"id":16,"date":"2022-08-24T10:28:09","date_gmt":"2022-08-24T10:28:09","guid":{"rendered":"https:\/\/bestpeanutmachine.com\/?page_id=16"},"modified":"2025-08-20T16:04:41","modified_gmt":"2025-08-20T08:04:41","slug":"contact","status":"publish","type":"page","link":"https:\/\/bestpeanutmachine.com\/pt\/contact\/","title":{"rendered":"Contato"},"content":{"rendered":"<h2 class=\"wp-block-heading\" id=\"h-ready-to-start-your-peanut-processing-business\">Pronto para iniciar seu neg\u00f3cio de processamento de amendoim? <\/h2>    <p>Taizy Machinery Co., Ltd \u00e9 um fabricante e exportador profissional de m\u00e1quinas de amendoim. Somos uma grande empresa que integra design, pesquisa, fabrica\u00e7\u00e3o e comercializa\u00e7\u00e3o de diversas m\u00e1quinas de amendoim. Al\u00e9m disso, contamos com uma equipe altamente qualificada para garantir a boa qualidade, entrega r\u00e1pida e desempenho est\u00e1vel de nossas m\u00e1quinas. Um pre\u00e7o acess\u00edvel est\u00e1 dispon\u00edvel. <\/p>    <div class=\"wp-block-columns is-layout-flex wp-container-core-columns-is-layout-9d6595d7 wp-block-columns-is-layout-flex\"> <div class=\"wp-block-column is-layout-flow wp-block-column-is-layout-flow\"> <div class=\"wp-block-columns is-layout-flex wp-container-core-columns-is-layout-9d6595d7 wp-block-columns-is-layout-flex\"> <div class=\"wp-block-column is-layout-flow wp-block-column-is-layout-flow\"> <figure class=\"wp-block-image size-large\"><img decoding=\"async\" src=\"https:\/\/charcoalplant.com\/wp-content\/uploads\/2022\/03\/smartphone.png\" alt=\"\"\/><\/figure>    <p>+86 17703863868<\/p> <\/div>    <div class=\"wp-block-column is-layout-flow wp-block-column-is-layout-flow\"> <figure class=\"wp-block-image size-large\"><img decoding=\"async\" src=\"https:\/\/charcoalplant.com\/wp-content\/uploads\/2022\/03\/email.png\" alt=\"\"\/><\/figure>    <p>info@bestpeanutmachine.com<\/p> <\/div> <\/div> <\/div>    <div class=\"wp-block-column is-layout-flow wp-block-column-is-layout-flow\"> <div class=\"wp-block-columns is-layout-flex wp-container-core-columns-is-layout-9d6595d7 wp-block-columns-is-layout-flex\"> <div class=\"wp-block-column is-layout-flow wp-block-column-is-layout-flow\"> <figure class=\"wp-block-image size-large\"><img decoding=\"async\" src=\"https:\/\/charcoalplant.com\/wp-content\/uploads\/2022\/03\/whatsapp.png\" alt=\"\"\/><\/figure>    <p>+86 17703863868<\/p> <\/div>    <div class=\"wp-block-column is-layout-flow wp-block-column-is-layout-flow\"> <figure class=\"wp-block-image size-large\"><img decoding=\"async\" src=\"https:\/\/charcoalplant.com\/wp-content\/uploads\/2022\/03\/address.png\" alt=\"\"\/><\/figure>    <p>Hanghai Road East, Zona de Desenvolvimento Econ\u00f4mico e Tecnol\u00f3gico de Zhengzhou, cidade de Zhengzhou, Henan, China<\/p> <\/div> <\/div> <\/div> <\/div>","protected":false},"excerpt":{"rendered":"<p>Ready to start your peanut processing business? Taizy Machinery Co., Ltd is a professional peanut machinery manufacturer and exporter. We are a big company that integrated design, research, manufacturing, and marketing of various peanut machines. Besides, we have highly skilled staff to make sure the good quality, fast delivery, and stable performance of our machines. [&hellip;]<\/p>\n","protected":false},"author":1,"featured_media":0,"parent":0,"menu_order":0,"comment_status":"closed","ping_status":"closed","template":"","meta":{"footnotes":""},"class_list":["post-16","page","type-page","status-publish","hentry"],"_links":{"self":[{"href":"https:\/\/bestpeanutmachine.com\/pt\/wp-json\/wp\/v2\/pages\/16","targetHints":{"allow":["GET"]}}],"collection":[{"href":"https:\/\/bestpeanutmachine.com\/pt\/wp-json\/wp\/v2\/pages"}],"about":[{"href":"https:\/\/bestpeanutmachine.com\/pt\/wp-json\/wp\/v2\/types\/page"}],"author":[{"embeddable":true,"href":"https:\/\/bestpeanutmachine.com\/pt\/wp-json\/wp\/v2\/users\/1"}],"replies":[{"embeddable":true,"href":"https:\/\/bestpeanutmachine.com\/pt\/wp-json\/wp\/v2\/comments?post=16"}],"version-history":[{"count":0,"href":"https:\/\/bestpeanutmachine.com\/pt\/wp-json\/wp\/v2\/pages\/16\/revisions"}],"wp:attachment":[{"href":"https:\/\/bestpeanutmachine.com\/pt\/wp-json\/wp\/v2\/media?parent=16"}],"curies":[{"name":"wp","href":"https:\/\/api.w.org\/{rel}","templated":true}]}}