{"id":1003,"date":"2026-01-27T17:43:30","date_gmt":"2026-01-27T09:43:30","guid":{"rendered":"https:\/\/bestpeanutmachine.com\/?post_type=product&#038;p=1003"},"modified":"2026-01-28T17:57:06","modified_gmt":"2026-01-28T09:57:06","slug":"macadamia-opening-machine","status":"publish","type":"product","link":"https:\/\/bestpeanutmachine.com\/pt\/product\/macadamia-opening-machine\/","title":{"rendered":"M\u00e1quina de Abertura de Macad\u00e2mia"},"content":{"rendered":"<p class=\"translation-block\">A <strong>m\u00e1quina de abertura de macad\u00e2mia<\/strong> \u00e9 usada para cortar automaticamente as nozes de macad\u00e2mia antes de cascar ou processar adicionalmente. A profundidade de corte \u00e9 ajust\u00e1vel, e a largura m\u00e1xima de corte fica entre 200 e 330 mm, com uma produ\u00e7\u00e3o que pode atingir 50-90 kg\/h.<\/p>    <figure class=\"wp-block-embed aligncenter is-type-video is-provider-youtube wp-block-embed-youtube wp-embed-aspect-16-9 wp-has-aspect-ratio\"><div class=\"wp-block-embed__wrapper\"> <iframe loading=\"lazy\" title=\"M\u00e1quina de Abertura de Macad\u00e2mia totalmente autom\u00e1tica para uma abertura eficiente Contato:  8617703863868\" width=\"500\" height=\"281\" src=\"https:\/\/www.youtube.com\/embed\/LX7ewMfcwro?feature=oembed\" frameborder=\"0\" allow=\"accelerometer; autoplay; clipboard-write; encrypted-media; gyroscope; picture-in-picture; web-share\" referrerpolicy=\"strict-origin-when-cross-origin\" allowfullscreen><\/iframe> <\/div><figcaption class=\"wp-element-caption\">m\u00e1quina de abertura de macad\u00e2mia em funcionamento<\/figcaption><\/figure>    <h2 class=\"wp-block-heading\"><strong>Principais vantagens da m\u00e1quina de abertura de macad\u00e2mia<\/strong><\/h2>    <ol class=\"wp-block-list\"> <li>Esta m\u00e1quina de abertura de macad\u00e2mia possui um sistema de opera\u00e7\u00e3o totalmente autom\u00e1tico, permitindo que uma pessoa complete todo o trabalho, reduzindo efetivamente os custos de m\u00e3o-de-obra.<\/li>    <li>A profundidade de corte e a largura de abertura s\u00e3o ajust\u00e1veis de forma independente, atendendo aos requisitos de processamento subsequentes.<\/li>    <li>Alta precis\u00e3o na casca, com profundidade e largura de abertura consistentes, permitindo a venda direta das nozes.<\/li>    <li>Pode melhorar a efici\u00eancia de descasque e preparar as nozes para o processamento subsequente, mantendo a integridade do n\u00facleo de forma eficaz.<\/li> <\/ol>   <div class=\"wp-block-image\"> <figure class=\"aligncenter size-full\"><img loading=\"lazy\" decoding=\"async\" width=\"720\" height=\"540\" src=\"https:\/\/bestpeanutmachine.com\/wp-content\/uploads\/2026\/01\/XGKK-21-macadamia-opener.webp\" alt=\"XGKK-21 m\u00e1quina de abertura de macad\u00e2mia\" class=\"wp-image-1013\" srcset=\"https:\/\/bestpeanutmachine.com\/wp-content\/uploads\/2026\/01\/XGKK-21-macadamia-opener.webp 720w, https:\/\/bestpeanutmachine.com\/wp-content\/uploads\/2026\/01\/XGKK-21-macadamia-opener-300x225.webp 300w, https:\/\/bestpeanutmachine.com\/wp-content\/uploads\/2026\/01\/XGKK-21-macadamia-opener-16x12.webp 16w\" sizes=\"auto, (max-width: 720px) 100vw, 720px\" \/><figcaption class=\"wp-element-caption\">XGKK-21 m\u00e1quina de abertura de macad\u00e2mia<\/figcaption><\/figure> <\/div>   <h2 class=\"wp-block-heading\"><strong>Princ\u00edpio de funcionamento de uma m\u00e1quina comercial de abertura de macad\u00e2mia<\/strong><\/h2>    <ol class=\"wp-block-list\"> <li><strong>Ajuste<\/strong>: A profundidade, \u00e2ngulo e velocidade de corte s\u00e3o pr\u00e9-ajustados de acordo com o tamanho das nozes.<\/li>    <li><strong>Alimenta\u00e7\u00e3o<\/strong>: As nozes de macad\u00e2mia s\u00e3o alimentadas na m\u00e1quina atrav\u00e9s da porta de alimenta\u00e7\u00e3o (pode-se usar um elevador para alimenta\u00e7\u00e3o autom\u00e1tica).<\/li>    <li><strong>Posicionamento<\/strong>: As nozes s\u00e3o fixadas e alinhadas para um corte preciso.<\/li>    <li><strong>Corte<\/strong>: O modelo padr\u00e3o usa l\u00e2minas de corte pneum\u00e1ticas para realizar um corte circular de 360\u00b0 na casca da noz.<\/li>    <li><strong>Descarga<\/strong>: As nozes pr\u00e9-cascaradas s\u00e3o descarregadas, e a macad\u00e2mia processada ser\u00e1 coletada na sa\u00edda.<\/li> <\/ol>    <h2 class=\"wp-block-heading\"><strong>Tipos e par\u00e2metros da m\u00e1quina de abertura de macad\u00e2mia<\/strong><\/h2>    <figure class=\"wp-block-table\"><table class=\"has-fixed-layout\"><tbody><tr><td>Modelo<\/td><td class=\"has-text-align-center\" data-align=\"center\">XGKK-10 <\/td><td class=\"has-text-align-center\" data-align=\"center\">XGKK-21<\/td><\/tr><tr><td>Fonte de alimenta\u00e7\u00e3o<\/td><td class=\"has-text-align-center\" data-align=\"center\">220V \/ 50Hz, Monof\u00e1sico<\/td><td class=\"has-text-align-center\" data-align=\"center\">380V \/ 50Hz, Trif\u00e1sico<\/td><\/tr><tr><td>Pot\u00eancia do motor principal<\/td><td class=\"has-text-align-center\" data-align=\"center\">2,2 kW<\/td><td class=\"has-text-align-center\" data-align=\"center\">3 kW<\/td><\/tr><tr><td>Capacidade<\/td><td class=\"has-text-align-center\" data-align=\"center\">50 kg\/h<\/td><td class=\"has-text-align-center\" data-align=\"center\">90 kg\/h<\/td><\/tr><tr><td>Peso<\/td><td class=\"has-text-align-center\" data-align=\"center\">250 kg<\/td><td class=\"has-text-align-center\" data-align=\"center\">500 kg<\/td><\/tr><tr><td>Tamanho da m\u00e1quina<\/td><td class=\"has-text-align-center\" data-align=\"center\">1200 \u00d7 700 \u00d7 1100 mm<\/td><td class=\"has-text-align-center\" data-align=\"center\">1500 \u00d7 950 \u00d7 1150 mm<\/td><\/tr><tr><td>Tamanho da embalagem<\/td><td class=\"has-text-align-center\" data-align=\"center\">1350 \u00d7 850 \u00d7 1300 mm<\/td><td class=\"has-text-align-center\" data-align=\"center\">1650 \u00d7 1100 \u00d7 1350 mm<\/td><\/tr><\/tbody><\/table><figcaption class=\"wp-element-caption\">especifica\u00e7\u00e3o detalhada do fatiador de macad\u00e2mia<\/figcaption><\/figure>    <p>O XGKK-10 usa acionamento pneum\u00e1tico, combinando press\u00e3o de ar e controle mec\u00e2nico. Tem uma pegada pequena e \u00e9 adequado para f\u00e1bricas de processamento de noz de macad\u00e2mia com requisitos de produ\u00e7\u00e3o baixos e onde \u00e9 necess\u00e1rio pr\u00e9-processamento simples.<\/p>    <figure class=\"wp-block-gallery has-nested-images columns-default is-cropped wp-block-gallery-2 is-layout-flex wp-block-gallery-is-layout-flex\"> <figure class=\"wp-block-image size-large\"><img loading=\"lazy\" decoding=\"async\" width=\"540\" height=\"720\" data-id=\"1008\" src=\"https:\/\/bestpeanutmachine.com\/wp-content\/uploads\/2026\/01\/cost-effective-macadamia-opening-machine.webp\" alt=\"m\u00e1quina de abertura de macad\u00e2mia econ\u00f4mica\" class=\"wp-image-1008\" srcset=\"https:\/\/bestpeanutmachine.com\/wp-content\/uploads\/2026\/01\/cost-effective-macadamia-opening-machine.webp 540w, https:\/\/bestpeanutmachine.com\/wp-content\/uploads\/2026\/01\/cost-effective-macadamia-opening-machine-225x300.webp 225w, https:\/\/bestpeanutmachine.com\/wp-content\/uploads\/2026\/01\/cost-effective-macadamia-opening-machine-9x12.webp 9w\" sizes=\"auto, (max-width: 540px) 100vw, 540px\" \/><figcaption class=\"wp-element-caption\">m\u00e1quina de abertura de macad\u00e2mia econ\u00f4mica<\/figcaption><\/figure>    <figure class=\"wp-block-image size-large\"><img loading=\"lazy\" decoding=\"async\" width=\"540\" height=\"720\" data-id=\"1009\" src=\"https:\/\/bestpeanutmachine.com\/wp-content\/uploads\/2026\/01\/industrial-macadamia-slitting-machine.webp\" alt=\"m\u00e1quina de fura\u00e7\u00e3o de macad\u00e2mia industrial\" class=\"wp-image-1009\" srcset=\"https:\/\/bestpeanutmachine.com\/wp-content\/uploads\/2026\/01\/industrial-macadamia-slitting-machine.webp 540w, https:\/\/bestpeanutmachine.com\/wp-content\/uploads\/2026\/01\/industrial-macadamia-slitting-machine-225x300.webp 225w, https:\/\/bestpeanutmachine.com\/wp-content\/uploads\/2026\/01\/industrial-macadamia-slitting-machine-9x12.webp 9w\" sizes=\"auto, (max-width: 540px) 100vw, 540px\" \/><figcaption class=\"wp-element-caption\">m\u00e1quina de fura\u00e7\u00e3o de macad\u00e2mia industrial<\/figcaption><\/figure> <\/figure>    <p>O XGKK-21 usa um sistema h\u00edbrido eletromec\u00e2nico avan\u00e7ado, empregando programas de controle autom\u00e1ticos para processamento preciso. Oferece maior efici\u00eancia de processamento e maior produ\u00e7\u00e3o, podendo ser integrado em linhas de produ\u00e7\u00e3o para upgrades.<\/p>    <figure class=\"wp-block-gallery has-nested-images columns-default is-cropped wp-block-gallery-3 is-layout-flex wp-block-gallery-is-layout-flex\"> <figure class=\"wp-block-image size-large\"><img loading=\"lazy\" decoding=\"async\" width=\"720\" height=\"540\" data-id=\"1011\" src=\"https:\/\/bestpeanutmachine.com\/wp-content\/uploads\/2026\/01\/commercial-macadamia-opening-equipment.webp\" alt=\"equipamento comercial de abertura de macad\u00e2mia\" class=\"wp-image-1011\" srcset=\"https:\/\/bestpeanutmachine.com\/wp-content\/uploads\/2026\/01\/commercial-macadamia-opening-equipment.webp 720w, https:\/\/bestpeanutmachine.com\/wp-content\/uploads\/2026\/01\/commercial-macadamia-opening-equipment-300x225.webp 300w, https:\/\/bestpeanutmachine.com\/wp-content\/uploads\/2026\/01\/commercial-macadamia-opening-equipment-16x12.webp 16w\" sizes=\"auto, (max-width: 720px) 100vw, 720px\" \/><figcaption class=\"wp-element-caption\">equipamento comercial de abertura de macad\u00e2mia<\/figcaption><\/figure>    <figure class=\"wp-block-image size-large\"><img loading=\"lazy\" decoding=\"async\" width=\"720\" height=\"540\" data-id=\"1010\" src=\"https:\/\/bestpeanutmachine.com\/wp-content\/uploads\/2026\/01\/macadamia-cutting-open-machine.webp\" alt=\"m\u00e1quina de corte de macad\u00e2mia\" class=\"wp-image-1010\" srcset=\"https:\/\/bestpeanutmachine.com\/wp-content\/uploads\/2026\/01\/macadamia-cutting-open-machine.webp 720w, https:\/\/bestpeanutmachine.com\/wp-content\/uploads\/2026\/01\/macadamia-cutting-open-machine-300x225.webp 300w, https:\/\/bestpeanutmachine.com\/wp-content\/uploads\/2026\/01\/macadamia-cutting-open-machine-16x12.webp 16w\" sizes=\"auto, (max-width: 720px) 100vw, 720px\" \/><figcaption class=\"wp-element-caption\">m\u00e1quina de corte de macad\u00e2mia<\/figcaption><\/figure> <\/figure>    <p>If you&#8217;re unsure which machine is best suited for your needs, please contact us and provide details about your raw materials and requirements. Our professional sales team will recommend the most suitable machine for you.<\/p>    <h2 class=\"wp-block-heading\"><strong>Aplica\u00e7\u00f5es de equipamentos autom\u00e1ticos de abertura de macad\u00e2mia<\/strong><\/h2>    <p>M\u00e1quinas de fura\u00e7\u00e3o de noz de macad\u00e2mia s\u00e3o amplamente utilizadas em f\u00e1bricas de processamento prim\u00e1rio de noz de macad\u00e2mia e em f\u00e1bricas de exporta\u00e7\u00e3o e classifica\u00e7\u00e3o de nozes. Esta m\u00e1quina de processamento b\u00e1sica \u00e9 ideal para planta\u00e7\u00f5es de macad\u00e2mia com instala\u00e7\u00f5es de processamento no local, ajudando a completar o processamento inicial e obter pre\u00e7os de compra mais elevados.<\/p>    <p>Al\u00e9m disso, as nossas m\u00e1quinas de abertura de macad\u00e2mia tamb\u00e9m s\u00e3o adequadas para processadores de pequeno e m\u00e9dio porte e linhas industriais de grande escala, podendo ser integradas com equipamentos de descasque, classifica\u00e7\u00e3o e embalagem.<\/p>    <p>Nozes de macad\u00e2mia que foram abertas t\u00eam menor probabilidade de serem danificadas durante a casca, resultando em maior efici\u00eancia de processamento. <\/p>    <figure class=\"wp-block-gallery has-nested-images columns-default is-cropped wp-block-gallery-4 is-layout-flex wp-block-gallery-is-layout-flex\"> <figure class=\"wp-block-image size-large\"><img loading=\"lazy\" decoding=\"async\" width=\"720\" height=\"540\" data-id=\"1014\" src=\"https:\/\/bestpeanutmachine.com\/wp-content\/uploads\/2026\/01\/macadamia-nuts-with-slits.webp\" alt=\"nozes de macad\u00e2mia com fissuras\" class=\"wp-image-1014\" srcset=\"https:\/\/bestpeanutmachine.com\/wp-content\/uploads\/2026\/01\/macadamia-nuts-with-slits.webp 720w, https:\/\/bestpeanutmachine.com\/wp-content\/uploads\/2026\/01\/macadamia-nuts-with-slits-300x225.webp 300w, https:\/\/bestpeanutmachine.com\/wp-content\/uploads\/2026\/01\/macadamia-nuts-with-slits-16x12.webp 16w\" sizes=\"auto, (max-width: 720px) 100vw, 720px\" \/><figcaption class=\"wp-element-caption\">nozes de macad\u00e2mia com fissuras<\/figcaption><\/figure>    <figure class=\"wp-block-image size-large\"><img loading=\"lazy\" decoding=\"async\" width=\"720\" height=\"540\" data-id=\"1015\" src=\"https:\/\/bestpeanutmachine.com\/wp-content\/uploads\/2026\/01\/shelled-macadamia-nuts.webp\" alt=\"nozes de macad\u00e2mia com casca\" class=\"wp-image-1015\" srcset=\"https:\/\/bestpeanutmachine.com\/wp-content\/uploads\/2026\/01\/shelled-macadamia-nuts.webp 720w, https:\/\/bestpeanutmachine.com\/wp-content\/uploads\/2026\/01\/shelled-macadamia-nuts-300x225.webp 300w, https:\/\/bestpeanutmachine.com\/wp-content\/uploads\/2026\/01\/shelled-macadamia-nuts-16x12.webp 16w\" sizes=\"auto, (max-width: 720px) 100vw, 720px\" \/><figcaption class=\"wp-element-caption\">nozes de macad\u00e2mia com casca<\/figcaption><\/figure> <\/figure>    <h2 class=\"wp-block-heading\"><strong>Perguntas Frequentes \u2013 M\u00e1quina de abertura de macad\u00e2mia<\/strong><\/h2>   <div id=\"rank-math-faq\" class=\"rank-math-block\"> <div class=\"rank-math-list\"> <div id=\"faq-question-1769482612140\" class=\"rank-math-list-item\"> <h3 class=\"rank-math-question\"><strong>Qual \u00e9 o objetivo de abrir as nozes de macad\u00e2mia antes de cascar?<\/strong><\/h3> <div class=\"rank-math-answer\">  <p>Pr\u00e9-abertura cria uma ranhura controlada que facilita, acelera e torna mais segura a quebra da casca para o n\u00facleo.<\/p>  <\/div> <\/div> <div id=\"faq-question-1769482653015\" class=\"rank-math-list-item\"> <h3 class=\"rank-math-question\"><strong>Uma m\u00e1quina pode lidar com diferentes tamanhos de nozes de macad\u00e2mia?<\/strong><\/h3> <div class=\"rank-math-answer\">  <p>Sim, a profundidade e o \u00e2ngulo de corte podem ser ajustados para acomodar diferentes tamanhos de nozes de macad\u00e2mia.<\/p>  <\/div> <\/div> <div id=\"faq-question-1769482696834\" class=\"rank-math-list-item\"> <h3 class=\"rank-math-question\"><strong>Por que usar uma m\u00e1quina de corte circular?<\/strong><\/h3> <div class=\"rank-math-answer\">  <p>O design de corte circular distribui a for\u00e7a de forma uniforme, reduzindo significativamente a quebra do n\u00facleo durante o processo de corte.<\/p>  <\/div> <\/div> <div id=\"faq-question-1769482868664\" class=\"rank-math-list-item\"> <h3 class=\"rank-math-question\"><strong>Qual \u00e9 o \u00e2ngulo m\u00e1ximo de abertura da m\u00e1quina?<\/strong><\/h3> <div class=\"rank-math-answer\">  <p>XGKK-10: ajust\u00e1vel at\u00e9 200 graus<br \/>XGKK-21: ajust\u00e1vel at\u00e9 330 graus<\/p>  <\/div> <\/div> <\/div> <\/div>  <div class=\"wp-block-image\"> <figure class=\"aligncenter size-large\"><img loading=\"lazy\" decoding=\"async\" width=\"1024\" height=\"846\" src=\"https:\/\/bestpeanutmachine.com\/wp-content\/uploads\/2026\/01\/XGKK-10-macadamia-slitting-machine-1024x846.webp\" alt=\"XGKK-10 m\u00e1quina de fura\u00e7\u00e3o de macad\u00e2mia\" class=\"wp-image-1012\" srcset=\"https:\/\/bestpeanutmachine.com\/wp-content\/uploads\/2026\/01\/XGKK-10-macadamia-slitting-machine-1024x846.webp 1024w, https:\/\/bestpeanutmachine.com\/wp-content\/uploads\/2026\/01\/XGKK-10-macadamia-slitting-machine-300x248.webp 300w, https:\/\/bestpeanutmachine.com\/wp-content\/uploads\/2026\/01\/XGKK-10-macadamia-slitting-machine-768x634.webp 768w, https:\/\/bestpeanutmachine.com\/wp-content\/uploads\/2026\/01\/XGKK-10-macadamia-slitting-machine-15x12.webp 15w, https:\/\/bestpeanutmachine.com\/wp-content\/uploads\/2026\/01\/XGKK-10-macadamia-slitting-machine.webp 1080w\" sizes=\"auto, (max-width: 1024px) 100vw, 1024px\" \/><figcaption class=\"wp-element-caption\">XGKK-10 m\u00e1quina de fura\u00e7\u00e3o de macad\u00e2mia<\/figcaption><\/figure> <\/div>   <p>A m\u00e1quina de abertura de macad\u00e2mia \u00e9 equipamento essencial na moderna processamento de noz de macad\u00e2mia. Se planeia construir ou atualizar uma linha de processamento de noz de macad\u00e2mia, escolher a m\u00e1quina certa de quebra de noz de macad\u00e2mia \u00e9 um passo crucial para melhorar a efici\u00eancia e aumentar a qualidade do produto.<\/p>    <p>Entre em contato conosco e deixe a Taizy ajud\u00e1-lo a projetar a solu\u00e7\u00e3o de produ\u00e7\u00e3o de processamento de nozes mais adequada!<\/p>    <p>Equipamentos relacionados de macad\u00e2mia: <\/p>    <ul class=\"wp-block-list\"> <li><a href=\"https:\/\/bestpeanutmachine.com\/pt\/product\/2-3t-h-hazelnut-almond-shelling-line\/\">Linha de Casca de Macad\u00e2mia<\/a><\/li>    <li><a href=\"https:\/\/bestpeanutmachine.com\/pt\/product\/nut-sorting-machine-for-almonds\/\">M\u00e1quina de Classifica\u00e7\u00e3o de Nozes<\/a><\/li>    <li><a href=\"https:\/\/bestpeanutmachine.com\/pt\/product\/nut-chopping-machine\/\">M\u00e1quina de Tritura\u00e7\u00e3o de Nozes<\/a><\/li> <\/ul>","protected":false},"excerpt":{"rendered":"<p>This professional nut cracking machine, specifically designed for automatically cracking macadamia nuts, features adjustable cracking depth and high processing efficiency, helping to reduce kernel damage and improve the production efficiency of macadamia nut processing lines.<\/p>","protected":false},"author":1,"featured_media":1017,"parent":0,"template":"","tags":[77,84],"product-type":[76,6],"class_list":["post-1003","product","type-product","status-publish","has-post-thumbnail","hentry","tag-almond","tag-macadamia","product-type-other-nuts-machine","product-type-product"],"_links":{"self":[{"href":"https:\/\/bestpeanutmachine.com\/pt\/wp-json\/wp\/v2\/product\/1003","targetHints":{"allow":["GET"]}}],"collection":[{"href":"https:\/\/bestpeanutmachine.com\/pt\/wp-json\/wp\/v2\/product"}],"about":[{"href":"https:\/\/bestpeanutmachine.com\/pt\/wp-json\/wp\/v2\/types\/product"}],"author":[{"embeddable":true,"href":"https:\/\/bestpeanutmachine.com\/pt\/wp-json\/wp\/v2\/users\/1"}],"wp:featuredmedia":[{"embeddable":true,"href":"https:\/\/bestpeanutmachine.com\/pt\/wp-json\/wp\/v2\/media\/1017"}],"wp:attachment":[{"href":"https:\/\/bestpeanutmachine.com\/pt\/wp-json\/wp\/v2\/media?parent=1003"}],"wp:term":[{"taxonomy":"post_tag","embeddable":true,"href":"https:\/\/bestpeanutmachine.com\/pt\/wp-json\/wp\/v2\/tags?post=1003"},{"taxonomy":"product-type","embeddable":true,"href":"https:\/\/bestpeanutmachine.com\/pt\/wp-json\/wp\/v2\/product-type?post=1003"}],"curies":[{"name":"wp","href":"https:\/\/api.w.org\/{rel}","templated":true}]}}