{"id":1112,"date":"2026-02-06T14:19:53","date_gmt":"2026-02-06T06:19:53","guid":{"rendered":"https:\/\/bestpeanutmachine.com\/?post_type=product&#038;p=1112"},"modified":"2026-02-10T17:59:05","modified_gmt":"2026-02-10T09:59:05","slug":"oil-extraction-machine-nut-opressing","status":"publish","type":"product","link":"https:\/\/bestpeanutmachine.com\/pt\/product\/oil-extraction-machine-nut-opressing\/","title":{"rendered":"M\u00e1quina de Extra\u00e7\u00e3o de \u00d3leo Hidr\u00e1ulica de Alta Press\u00e3o"},"content":{"rendered":"<p class=\"translation-block\">A <strong>m\u00e1quina de extra\u00e7\u00e3o de \u00f3leo <\/strong>utiliza um m\u00e9todo de prensagem puramente f\u00edsico, que pode prensar a frio sementes de s\u00e9samo e milho, bem como prensar a quente nozes, azeitonas e nozes de macad\u00e2mia. A m\u00e1quina opera a at\u00e9 60 MPa, extraindo \u00f3leo de forma eficiente enquanto preserva nutrientes e sabor.<\/p>    <p>A sua produ\u00e7\u00e3o hor\u00e1ria varia de 12 a 180 kg dependendo do modelo, com uma temperatura de aquecimento control\u00e1vel entre 70\u2103 e 90\u2103. A m\u00e1quina de \u00f3leo por prensagem a frio \u00e9 f\u00e1cil de operar com um manual de instru\u00e7\u00f5es simples. Uma pessoa pode operar 3-4 unidades ao mesmo tempo.<\/p>    <figure class=\"wp-block-embed aligncenter is-type-video is-provider-youtube wp-block-embed-youtube wp-embed-aspect-16-9 wp-has-aspect-ratio\"><div class=\"wp-block-embed__wrapper\"> <iframe loading=\"lazy\" title=\"M\u00e1quina de prensa hidr\u00e1ulica de alta press\u00e3o para nozes, azeite, extra\u00e7\u00e3o de \u00f3leo de tempero!  8617703863868\" width=\"500\" height=\"281\" src=\"https:\/\/www.youtube.com\/embed\/JRrwClzesUs?feature=oembed\" frameborder=\"0\" allow=\"accelerometer; autoplay; clipboard-write; encrypted-media; gyroscope; picture-in-picture; web-share\" referrerpolicy=\"strict-origin-when-cross-origin\" allowfullscreen><\/iframe> <\/div><figcaption class=\"wp-element-caption\">v\u00eddeo de funcionamento da m\u00e1quina de \u00f3leo de s\u00e9samo<\/figcaption><\/figure>    <h2 class=\"wp-block-heading\"><strong>Principais vantagens da m\u00e1quina de extra\u00e7\u00e3o de \u00f3leo<\/strong><\/h2>    <ol class=\"wp-block-list\"> <li>A m\u00e1quina de prensagem de \u00f3leo Taizy tem uma alta taxa de extra\u00e7\u00e3o de \u00f3leo: 43%\u201347% para sementes de s\u00e9samo e 50%\u201360% para nozes.<\/li>    <li>A qualidade do \u00f3leo \u00e9 excelente, usando um processo de prensagem a frio para maximizar a preserva\u00e7\u00e3o de nutrientes naturais e compostos ativos. Produz \u00f3leo de baixa impureza, claro, e baga de \u00f3leo de alto valor.<\/li>    <li>Equipado com um sistema de alta press\u00e3o, sua press\u00e3o m\u00e1xima pode atingir 60 MPa, fornecendo uma for\u00e7a de prensagem cont\u00ednua e est\u00e1vel, adequada para materiais oleosos duros e macios.<\/li>    <li>Pode realizar prensagem a quente e a frio simultaneamente com uma ampla gama de aplica\u00e7\u00f5es.<\/li>    <li>Esta m\u00e1quina de extra\u00e7\u00e3o de \u00f3leo usa um design mecatr\u00f4nico, tem uma baixa taxa de falhas, alto grau de automa\u00e7\u00e3o, e pode ser operada por uma pessoa.<\/li> <\/ol>   <div class=\"wp-block-image\"> <figure class=\"aligncenter size-full\"><img loading=\"lazy\" decoding=\"async\" width=\"720\" height=\"540\" src=\"https:\/\/bestpeanutmachine.com\/wp-content\/uploads\/2026\/02\/oil-press-machine.webp\" alt=\"m\u00e1quina de prensar \u00f3leo\" class=\"wp-image-1127\" srcset=\"https:\/\/bestpeanutmachine.com\/wp-content\/uploads\/2026\/02\/oil-press-machine.webp 720w, https:\/\/bestpeanutmachine.com\/wp-content\/uploads\/2026\/02\/oil-press-machine-300x225.webp 300w, https:\/\/bestpeanutmachine.com\/wp-content\/uploads\/2026\/02\/oil-press-machine-16x12.webp 16w\" sizes=\"auto, (max-width: 720px) 100vw, 720px\" \/><figcaption class=\"wp-element-caption\">m\u00e1quina de prensar \u00f3leo<\/figcaption><\/figure> <\/div>   <h2 class=\"wp-block-heading\"><strong>Princ\u00edpio de funcionamento da m\u00e1quina de extra\u00e7\u00e3o de \u00f3leo<\/strong><\/h2>    <p class=\"translation-block\">Esta m\u00e1quina de extra\u00e7\u00e3o de \u00f3leo opera com base no <strong>princ\u00edpio de transmiss\u00e3o de press\u00e3o est\u00e1tica l\u00edquida<\/strong>. Usando \u00f3leo hidr\u00e1ulico como meio de transmiss\u00e3o de press\u00e3o, um sistema hidr\u00e1ulico de alta press\u00e3o aplica press\u00e3o uniforme aos materiais oleaginosos.<\/p>    <p class=\"translation-block\">As sementes oleaginosas s\u00e3o extra\u00eddas atrav\u00e9s de <strong>press\u00e3o f\u00edsica pura<\/strong>, maximizando a extra\u00e7\u00e3o de \u00f3leos naturais sem a adi\u00e7\u00e3o de quaisquer aditivos qu\u00edmicos.<\/p>    <p class=\"translation-block\">The entire system consists of a <strong>hydraulic power unit and a sealed pressing chamber<\/strong>, forming a closed-loop hydraulic circuit. This ensures that the hydraulic oil circulates continuously within the system, significantly extending the machine&#8217;s lifespan.<\/p>    <p>Este sistema permite que a m\u00e1quina controle automaticamente a press\u00e3o durante a opera\u00e7\u00e3o. Quando a press\u00e3o atinge 55\u201360 MPa, a m\u00e1quina para automaticamente. Ap\u00f3s a queda de press\u00e3o, a m\u00e1quina reinicia automaticamente, garantindo uma extra\u00e7\u00e3o de \u00f3leo eficiente e segura.<\/p>    <figure class=\"wp-block-gallery has-nested-images columns-default is-cropped wp-block-gallery-2 is-layout-flex wp-block-gallery-is-layout-flex\"> <figure class=\"wp-block-image size-large\"><img loading=\"lazy\" decoding=\"async\" width=\"720\" height=\"540\" data-id=\"1132\" src=\"https:\/\/bestpeanutmachine.com\/wp-content\/uploads\/2026\/02\/avocado-oil-press-machine.webp\" alt=\"m\u00e1quina de prensagem de \u00f3leo de abacate\" class=\"wp-image-1132\" srcset=\"https:\/\/bestpeanutmachine.com\/wp-content\/uploads\/2026\/02\/avocado-oil-press-machine.webp 720w, https:\/\/bestpeanutmachine.com\/wp-content\/uploads\/2026\/02\/avocado-oil-press-machine-300x225.webp 300w, https:\/\/bestpeanutmachine.com\/wp-content\/uploads\/2026\/02\/avocado-oil-press-machine-16x12.webp 16w\" sizes=\"auto, (max-width: 720px) 100vw, 720px\" \/><figcaption class=\"wp-element-caption\">m\u00e1quina de prensagem de \u00f3leo de abacate<\/figcaption><\/figure>    <figure class=\"wp-block-image size-large\"><img loading=\"lazy\" decoding=\"async\" width=\"720\" height=\"540\" data-id=\"1133\" src=\"https:\/\/bestpeanutmachine.com\/wp-content\/uploads\/2026\/02\/hydraulic-cold-press-oil-machine.webp\" alt=\"m\u00e1quina de \u00f3leo por prensagem hidr\u00e1ulica a frio\" class=\"wp-image-1133\" srcset=\"https:\/\/bestpeanutmachine.com\/wp-content\/uploads\/2026\/02\/hydraulic-cold-press-oil-machine.webp 720w, https:\/\/bestpeanutmachine.com\/wp-content\/uploads\/2026\/02\/hydraulic-cold-press-oil-machine-300x225.webp 300w, https:\/\/bestpeanutmachine.com\/wp-content\/uploads\/2026\/02\/hydraulic-cold-press-oil-machine-16x12.webp 16w\" sizes=\"auto, (max-width: 720px) 100vw, 720px\" \/><figcaption class=\"wp-element-caption\">m\u00e1quina de \u00f3leo por prensagem hidr\u00e1ulica a frio<\/figcaption><\/figure> <\/figure>    <h2 class=\"wp-block-heading\"><strong>Como usar a m\u00e1quina de prensagem de \u00f3leo?<\/strong><\/h2>    <p>Passo 1: Ligue a energia e verifique as luzes indicadoras. (Para uso pela primeira vez, ligue e desligue a m\u00e1quina 10 vezes para purgar o ar do sistema hidr\u00e1ulico e definir a temperatura de aquecimento para 50\u201360\u00b0C.)<\/p>    <p>Passo 2: Levante cuidadosamente o pist\u00e3o (n\u00e3o exceda a altura segura) e coloque um filtro de algod\u00e3o na parte inferior.<br>Adicionar o \u00f3leo torrado e colocar outro disco de algod\u00e3o e a placa de press\u00e3o.<\/p>    <p>Passo 3: Iniciar a m\u00e1quina e come\u00e7ar a prensar. Ap\u00f3s 2\u20133 ciclos de press\u00e3o, remova o baga de \u00f3leo e libere lentamente a press\u00e3o.<\/p>    <p class=\"translation-block\"><strong>Nota<\/strong>: Antes de iniciar o pr\u00f3ximo ciclo, abaixe completamente o pist\u00e3o. A bolsa de filtro de \u00f3leo geralmente precisa ser substitu\u00edda ap\u00f3s alguns usos.<\/p>    <figure class=\"wp-block-gallery has-nested-images columns-default is-cropped wp-block-gallery-3 is-layout-flex wp-block-gallery-is-layout-flex\"> <figure class=\"wp-block-image size-large\"><img loading=\"lazy\" decoding=\"async\" width=\"540\" height=\"720\" data-id=\"1124\" src=\"https:\/\/bestpeanutmachine.com\/wp-content\/uploads\/2026\/02\/oil-filter-bag.webp\" alt=\"Bolsa de filtro de \u00f3leo\" class=\"wp-image-1124\" srcset=\"https:\/\/bestpeanutmachine.com\/wp-content\/uploads\/2026\/02\/oil-filter-bag.webp 540w, https:\/\/bestpeanutmachine.com\/wp-content\/uploads\/2026\/02\/oil-filter-bag-225x300.webp 225w, https:\/\/bestpeanutmachine.com\/wp-content\/uploads\/2026\/02\/oil-filter-bag-9x12.webp 9w\" sizes=\"auto, (max-width: 540px) 100vw, 540px\" \/><figcaption class=\"wp-element-caption\">Bolsa de filtro de \u00f3leo<\/figcaption><\/figure>    <figure class=\"wp-block-image size-large\"><img loading=\"lazy\" decoding=\"async\" width=\"540\" height=\"720\" data-id=\"1125\" src=\"https:\/\/bestpeanutmachine.com\/wp-content\/uploads\/2026\/02\/pressure-plate.webp\" alt=\"placa de press\u00e3o\" class=\"wp-image-1125\" srcset=\"https:\/\/bestpeanutmachine.com\/wp-content\/uploads\/2026\/02\/pressure-plate.webp 540w, https:\/\/bestpeanutmachine.com\/wp-content\/uploads\/2026\/02\/pressure-plate-225x300.webp 225w, https:\/\/bestpeanutmachine.com\/wp-content\/uploads\/2026\/02\/pressure-plate-9x12.webp 9w\" sizes=\"auto, (max-width: 540px) 100vw, 540px\" \/><figcaption class=\"wp-element-caption\">placa de press\u00e3o<\/figcaption><\/figure>    <figure class=\"wp-block-image size-large\"><img loading=\"lazy\" decoding=\"async\" width=\"540\" height=\"720\" data-id=\"1126\" src=\"https:\/\/bestpeanutmachine.com\/wp-content\/uploads\/2026\/02\/pressure-relief-valve.webp\" alt=\"v\u00e1lvula de al\u00edvio de press\u00e3o\" class=\"wp-image-1126\" srcset=\"https:\/\/bestpeanutmachine.com\/wp-content\/uploads\/2026\/02\/pressure-relief-valve.webp 540w, https:\/\/bestpeanutmachine.com\/wp-content\/uploads\/2026\/02\/pressure-relief-valve-225x300.webp 225w, https:\/\/bestpeanutmachine.com\/wp-content\/uploads\/2026\/02\/pressure-relief-valve-9x12.webp 9w\" sizes=\"auto, (max-width: 540px) 100vw, 540px\" \/><figcaption class=\"wp-element-caption\">v\u00e1lvula de al\u00edvio de press\u00e3o<\/figcaption><\/figure> <\/figure>    <h2 class=\"wp-block-heading\">Especifica\u00e7\u00f5es t\u00e9cnicas da m\u00e1quina de extra\u00e7\u00e3o de \u00f3leo<\/h2>    <p>Oferecemos uma variedade de estilos para atender \u00e0s diferentes necessidades de produ\u00e7\u00e3o. Voc\u00ea pode escolher de acordo com suas necessidades reais de produ\u00e7\u00e3o.<\/p>    <p>Se n\u00e3o tiver certeza de qual op\u00e7\u00e3o \u00e9 melhor para voc\u00ea, forne\u00e7a seus materiais brutos e requisitos de produ\u00e7\u00e3o, e nossos profissionais fornecer\u00e3o uma solu\u00e7\u00e3o com base nas suas informa\u00e7\u00f5es.<\/p>    <figure class=\"wp-block-table aligncenter\"><table class=\"has-fixed-layout\"><thead><tr><th>Modelo<\/th><th>TZ-150<\/th><th>TZ-180<\/th><th>TZ-230<\/th><th>TZ-260<\/th><th>TZ-320<\/th><th>TZ-360<\/th><th>TZ-415<\/th><th>TZ-460<\/th><\/tr><\/thead><tbody><tr><td>Capacidade<\/td><td>12kg\/h<\/td><td>20kg\/h<\/td><td>40kg\/h<\/td><td>60kg\/h<\/td><td>70kg\/h<\/td><td>90kg\/h<\/td><td>120kg\/h<\/td><td>180kg\/h<\/td><\/tr><tr><td>Barril <br>capacidade<\/td><td>2kg<\/td><td>4kg<\/td><td>8kg<\/td><td>12kg<\/td><td>17,5kg<\/td><td>22,5kg<\/td><td>30kg<\/td><td>45kg<\/td><\/tr><tr><td>Baga de \u00f3leo <br>di\u00e2metro <\/td><td>155mm<\/td><td>192mm<\/td><td>242mm<\/td><td>268mm<\/td><td>323mm<\/td><td>370mm<\/td><td>415mm<\/td><td>460mm<\/td><\/tr><tr><td>Motor <br>pot\u00eancia<\/td><td>0.75 kW<\/td><td>1,5 kW<\/td><td>1,5 kW<\/td><td>1,5 kW<\/td><td>2,2 kW<\/td><td>2,2 kW<\/td><td>2,2 kW<\/td><td>3 kW<\/td><\/tr><tr><td>Aquecimento <br>pot\u00eancia<\/td><td>600 W<\/td><td>720 W<\/td><td>850 W<\/td><td>950 W<\/td><td>1100 W<\/td><td>1250 W<\/td><td>1500 W<\/td><td>2000 W<\/td><\/tr><tr><td>Aquecimento <br>temp <\/td><td>70\u201390\u2103<\/td><td>70\u201390\u2103<\/td><td>70\u201390\u2103<\/td><td>70\u201390\u2103<\/td><td>70\u201390\u2103<\/td><td>70\u201390\u2103<\/td><td>70\u201390\u2103<\/td><td>70\u201390\u2103<\/td><\/tr><tr><td>Operando <br>press\u00e3o <\/td><td>55\u201360MPa<\/td><td>55\u201360MPa<\/td><td>55\u201360MPa<\/td><td>55\u201360MPa<\/td><td>55\u201360MPa<\/td><td>55\u201360MPa<\/td><td>55\u201360MPa<\/td><td>55\u201360MPa<\/td><\/tr><tr><td>Peso <\/td><td>240kg<\/td><td>550kg<\/td><td>950kg<\/td><td>1200kg<\/td><td>1700kg<\/td><td>2000kg<\/td><td>2200kg<\/td><td>3000kg<\/td><\/tr><\/tbody><\/table><figcaption class=\"wp-element-caption\">par\u00e2metros da m\u00e1quina de extra\u00e7\u00e3o de \u00f3leo<\/figcaption><\/figure>    <p class=\"translation-block\"><strong>Nota<\/strong>: A taxa de extra\u00e7\u00e3o de \u00f3leo real pode variar dependendo da qualidade da mat\u00e9ria-prima, conte\u00fado de umidade e m\u00e9todo de prensagem (prensagem a frio ou quente).<\/p>    <figure class=\"wp-block-gallery has-nested-images columns-default is-cropped wp-block-gallery-4 is-layout-flex wp-block-gallery-is-layout-flex\"> <figure class=\"wp-block-image size-large\"><img loading=\"lazy\" decoding=\"async\" width=\"720\" height=\"540\" data-id=\"1128\" src=\"https:\/\/bestpeanutmachine.com\/wp-content\/uploads\/2026\/02\/cold-press-oil-extraction-machine.webp\" alt=\"m\u00e1quina de extra\u00e7\u00e3o de \u00f3leo por prensagem a frio\" class=\"wp-image-1128\" srcset=\"https:\/\/bestpeanutmachine.com\/wp-content\/uploads\/2026\/02\/cold-press-oil-extraction-machine.webp 720w, https:\/\/bestpeanutmachine.com\/wp-content\/uploads\/2026\/02\/cold-press-oil-extraction-machine-300x225.webp 300w, https:\/\/bestpeanutmachine.com\/wp-content\/uploads\/2026\/02\/cold-press-oil-extraction-machine-16x12.webp 16w\" sizes=\"auto, (max-width: 720px) 100vw, 720px\" \/><figcaption class=\"wp-element-caption\">m\u00e1quina de extra\u00e7\u00e3o de \u00f3leo por prensagem a frio<\/figcaption><\/figure>    <figure class=\"wp-block-image size-large\"><img loading=\"lazy\" decoding=\"async\" width=\"720\" height=\"540\" data-id=\"1129\" src=\"https:\/\/bestpeanutmachine.com\/wp-content\/uploads\/2026\/02\/cold-press-oil-machine.webp\" alt=\"m\u00e1quina de prensagem a frio\" class=\"wp-image-1129\" srcset=\"https:\/\/bestpeanutmachine.com\/wp-content\/uploads\/2026\/02\/cold-press-oil-machine.webp 720w, https:\/\/bestpeanutmachine.com\/wp-content\/uploads\/2026\/02\/cold-press-oil-machine-300x225.webp 300w, https:\/\/bestpeanutmachine.com\/wp-content\/uploads\/2026\/02\/cold-press-oil-machine-16x12.webp 16w\" sizes=\"auto, (max-width: 720px) 100vw, 720px\" \/><figcaption class=\"wp-element-caption\">m\u00e1quina de prensagem a frio<\/figcaption><\/figure> <\/figure>    <h2 class=\"wp-block-heading\"><strong>Ampla gama de aplica\u00e7\u00f5es da m\u00e1quina de extra\u00e7\u00e3o de \u00f3leo<\/strong><\/h2>    <p>Esta prensa suporta m\u00e9todos de prensagem a quente e a frio e \u00e9 adequada para uma variedade de mat\u00e9rias-primas:<\/p>    <p class=\"translation-block\"><strong>\u00d3leo comest\u00edvel prensado a quente:<\/strong><\/p>    <ul class=\"wp-block-list\"> <li>S\u00e9samo<\/li>    <li>Linha\u00e7a<\/li>    <li>Amendoins<\/li>    <li>G\u00e9rmen de trigo<\/li>    <li>G\u00e9rmen de milho<\/li> <\/ul>    <p class=\"translation-block\"><strong>Prensagem a frio de \u00f3leos saud\u00e1veis:<\/strong><\/p>    <ul class=\"wp-block-list\"> <li>Nozes<\/li>    <li>Sementes de pinheiro<\/li>    <li>Am\u00eandoas<\/li>    <li>Sementes de girassol<\/li>    <li>Azeitonas<\/li>    <li>Nozes de macad\u00e2mia<\/li>    <li>Sementes de cam\u00e9lia<\/li> <\/ul>    <p class=\"translation-block\"><strong>Extra\u00e7\u00e3o de \u00f3leo de especiarias e ervas:<\/strong><\/p>    <ul class=\"wp-block-list\"> <li>Pimenta de Sichuan<\/li>    <li>Sementes de mostarda<\/li>    <li>Sementes de perilla<\/li>    <li>Ervas medicinais tradicionais chinesas<\/li> <\/ul>   <div class=\"wp-block-image\"> <figure class=\"aligncenter size-full\"><img loading=\"lazy\" decoding=\"async\" width=\"720\" height=\"540\" src=\"https:\/\/bestpeanutmachine.com\/wp-content\/uploads\/2026\/02\/applications-of-oil-press-machine.webp\" alt=\"aplica\u00e7\u00f5es da m\u00e1quina de prensagem de \u00f3leo\" class=\"wp-image-1121\" srcset=\"https:\/\/bestpeanutmachine.com\/wp-content\/uploads\/2026\/02\/applications-of-oil-press-machine.webp 720w, https:\/\/bestpeanutmachine.com\/wp-content\/uploads\/2026\/02\/applications-of-oil-press-machine-300x225.webp 300w, https:\/\/bestpeanutmachine.com\/wp-content\/uploads\/2026\/02\/applications-of-oil-press-machine-16x12.webp 16w\" sizes=\"auto, (max-width: 720px) 100vw, 720px\" \/><figcaption class=\"wp-element-caption\">aplica\u00e7\u00f5es da m\u00e1quina de prensagem de \u00f3leo<\/figcaption><\/figure> <\/div>   <p>A seguir, uma tabela mostrando a taxa de \u00f3leo de alguns materiais:<\/p>    <figure class=\"wp-block-table aligncenter\"><table class=\"has-fixed-layout\"><thead><tr><th>Mat\u00e9ria-prima<\/th><th>Faixa de extra\u00e7\u00e3o de \u00f3leo<\/th><\/tr><\/thead><tbody><tr><td>Sementes de s\u00e9samo<\/td><td>43% \u2013 47%<\/td><\/tr><tr><td>Nozes<\/td><td>50% \u2013 60%<\/td><\/tr><tr><td>Nozes de amendoim<\/td><td>18% \u2013 22%<\/td><\/tr><tr><td>Sementes de ch\u00e1 (sementes de cam\u00e9lia)<\/td><td>25% \u2013 29%<\/td><\/tr><\/tbody><\/table><figcaption class=\"wp-element-caption\">Materiais comuns e taxa de extra\u00e7\u00e3o de \u00f3leo<\/figcaption><\/figure>    <h2 class=\"wp-block-heading\">Como usar uma prensa de \u00f3leo com seguran\u00e7a?<\/h2>    <ol class=\"wp-block-list\"> <li>Ap\u00f3s um m\u00eas de uso de uma m\u00e1quina nova, o \u00f3leo hidr\u00e1ulico deve ser filtrado completamente e o tanque de \u00f3leo limpo. Depois, o \u00f3leo hidr\u00e1ulico deve ser trocado anualmente.<\/li>    <li>Para garantir a opera\u00e7\u00e3o segura do sistema el\u00e9trico, devem ser tomadas medidas de prote\u00e7\u00e3o \u00e0 terra.<\/li>    <li>O sistema hidr\u00e1ulico desta m\u00e1quina \u00e9 de ultra alta press\u00e3o, com uma press\u00e3o m\u00e1xima de 60 MPa. A opera\u00e7\u00e3o de sobrepress\u00e3o \u00e9 estritamente proibida.<\/li>    <li>As sementes de \u00f3leo torradas precisam ser ventiladas antes da prensagem; caso contr\u00e1rio, pode ocorrer uma explos\u00e3o de g\u00e1s durante a prensagem, o que pode causar ferimentos graves.<\/li>    <li>Ap\u00f3s a prensagem seca das sementes de \u00f3leo, o baga de \u00f3leo deve ser removido imediatamente; caso contr\u00e1rio, pode ocorrer uma explos\u00e3o de g\u00e1s se deixado por muito tempo.<\/li> <\/ol>   <div class=\"wp-block-image\"> <figure class=\"aligncenter size-full\"><img loading=\"lazy\" decoding=\"async\" width=\"720\" height=\"540\" src=\"https:\/\/bestpeanutmachine.com\/wp-content\/uploads\/2026\/02\/nut-oil-press-machines.webp\" alt=\"m\u00e1quinas de prensagem de \u00f3leo de noz\" class=\"wp-image-1130\" srcset=\"https:\/\/bestpeanutmachine.com\/wp-content\/uploads\/2026\/02\/nut-oil-press-machines.webp 720w, https:\/\/bestpeanutmachine.com\/wp-content\/uploads\/2026\/02\/nut-oil-press-machines-300x225.webp 300w, https:\/\/bestpeanutmachine.com\/wp-content\/uploads\/2026\/02\/nut-oil-press-machines-16x12.webp 16w\" sizes=\"auto, (max-width: 720px) 100vw, 720px\" \/><figcaption class=\"wp-element-caption\">m\u00e1quinas de prensagem de \u00f3leo de noz<\/figcaption><\/figure> <\/div>   <h2 class=\"wp-block-heading\"><strong>Causas e solu\u00e7\u00f5es para mau funcionamento da m\u00e1quina<\/strong><\/h2>    <p>If the nut oil press machine&#8217;s pressure gauge pointer does not rise, or if it cannot reach high pressure, the following are some possible problems and their solutions:<\/p>    <figure class=\"wp-block-table\"><table><thead><tr><th>Causa poss\u00edvel<\/th><th>Solu\u00e7\u00e3o<\/th><\/tr><\/thead><tbody><tr><td>Mat\u00e9ria estranha entra na bomba, impedindo que a bola de a\u00e7o na v\u00e1lvula de entrada retorne \u00e0 sua posi\u00e7\u00e3o original<\/td><td>O selo de \u00f3leo dentro do cilindro hidr\u00e1ulico est\u00e1 danificado<\/td><\/tr><tr><td>Limpar mat\u00e9ria estranha dentro da bomba e substitu\u00ed-la por \u00f3leo hidr\u00e1ulico limpo<\/td><td>Desmontar a v\u00e1lvula manual na esta\u00e7\u00e3o de bomba e limpar a v\u00e1lvula manual<\/td><\/tr><tr><td>O pist\u00e3o est\u00e1 severamente desgastado<\/td><td>Substituir por uma nova veda\u00e7\u00e3o de \u00f3leo<\/td><\/tr><tr><td>As juntas do tubo de \u00f3leo est\u00e3o vazando, e a veda\u00e7\u00e3o n\u00e3o est\u00e1 apertada<\/td><td>Substituir componentes de veda\u00e7\u00e3o e apertar os parafusos com seguran\u00e7a<\/td><\/tr><tr><td>O man\u00f3metro est\u00e1 danificado e a agulha n\u00e3o se move<\/td><td>Substituir por um pist\u00e3o novo<\/td><\/tr><tr><td>O man\u00f3metro est\u00e1 danificado, e a agulha n\u00e3o se move<\/td><td>Substituir por um novo man\u00f3metro<\/td><\/tr><\/tbody><\/table><figcaption class=\"wp-element-caption\">Problemas comuns e solu\u00e7\u00f5es na m\u00e1quina de prensagem de \u00f3leo de sementes<\/figcaption><\/figure>   <div class=\"wp-block-image\"> <figure class=\"aligncenter size-full\"><img loading=\"lazy\" decoding=\"async\" width=\"720\" height=\"540\" src=\"https:\/\/bestpeanutmachine.com\/wp-content\/uploads\/2026\/02\/seed-oil-press-machine.webp\" alt=\"M\u00e1quina de prensagem de \u00f3leo de sementes\" class=\"wp-image-1131\" srcset=\"https:\/\/bestpeanutmachine.com\/wp-content\/uploads\/2026\/02\/seed-oil-press-machine.webp 720w, https:\/\/bestpeanutmachine.com\/wp-content\/uploads\/2026\/02\/seed-oil-press-machine-300x225.webp 300w, https:\/\/bestpeanutmachine.com\/wp-content\/uploads\/2026\/02\/seed-oil-press-machine-16x12.webp 16w\" sizes=\"auto, (max-width: 720px) 100vw, 720px\" \/><figcaption class=\"wp-element-caption\">M\u00e1quina de prensagem de \u00f3leo de sementes<\/figcaption><\/figure> <\/div>   <p>Se estiver procurando por prensas de \u00f3leo confi\u00e1veis para produ\u00e7\u00e3o de \u00f3leo a frio ou quente, entre em contato conosco para mais informa\u00e7\u00f5es e descontos.<\/p>    <p class=\"translation-block\">Se desejar produzir quantidades maiores de \u00f3leo comercial, recomendamos esta prensa: <a href=\"https:\/\/bestpeanutmachine.com\/pt\/product\/peanut-oil-extraction-machine\/\">M\u00e1quina de extra\u00e7\u00e3o de \u00f3leo de amendoim<\/a>, que tamb\u00e9m oferece um sistema de extra\u00e7\u00e3o a frio e a quente.<\/p>","protected":false},"excerpt":{"rendered":"<p>This oil extraction machine uses ultra-high-pressure hydraulic technology to produce high-quality edible oil through pure physical pressing. Supporting both cold press and hot press processes can extract peanut oil, olive oil, and sesame oil, etc.<\/p>","protected":false},"author":1,"featured_media":1120,"parent":0,"template":"","tags":[77,80,11],"product-type":[76,6],"class_list":["post-1112","product","type-product","status-publish","has-post-thumbnail","hentry","tag-almond","tag-cocoa","tag-peanut","product-type-other-nuts-machine","product-type-product"],"_links":{"self":[{"href":"https:\/\/bestpeanutmachine.com\/pt\/wp-json\/wp\/v2\/product\/1112","targetHints":{"allow":["GET"]}}],"collection":[{"href":"https:\/\/bestpeanutmachine.com\/pt\/wp-json\/wp\/v2\/product"}],"about":[{"href":"https:\/\/bestpeanutmachine.com\/pt\/wp-json\/wp\/v2\/types\/product"}],"author":[{"embeddable":true,"href":"https:\/\/bestpeanutmachine.com\/pt\/wp-json\/wp\/v2\/users\/1"}],"wp:featuredmedia":[{"embeddable":true,"href":"https:\/\/bestpeanutmachine.com\/pt\/wp-json\/wp\/v2\/media\/1120"}],"wp:attachment":[{"href":"https:\/\/bestpeanutmachine.com\/pt\/wp-json\/wp\/v2\/media?parent=1112"}],"wp:term":[{"taxonomy":"post_tag","embeddable":true,"href":"https:\/\/bestpeanutmachine.com\/pt\/wp-json\/wp\/v2\/tags?post=1112"},{"taxonomy":"product-type","embeddable":true,"href":"https:\/\/bestpeanutmachine.com\/pt\/wp-json\/wp\/v2\/product-type?post=1112"}],"curies":[{"name":"wp","href":"https:\/\/api.w.org\/{rel}","templated":true}]}}