{"id":1139,"date":"2026-02-09T14:37:46","date_gmt":"2026-02-09T06:37:46","guid":{"rendered":"https:\/\/bestpeanutmachine.com\/?post_type=product&#038;p=1139"},"modified":"2026-02-09T14:48:20","modified_gmt":"2026-02-09T06:48:20","slug":"pistachio-grinder-machine","status":"publish","type":"product","link":"https:\/\/bestpeanutmachine.com\/pt\/product\/pistachio-grinder-machine\/","title":{"rendered":"M\u00e1quina de Moagem de Pist\u00e1chio"},"content":{"rendered":"<p class=\"translation-block\">A nossa <strong>m\u00e1quina de moer pist\u00e1chio<\/strong> pode produzir de 400 a 500 kg de pasta de pist\u00e1chio pura por hora. Gra\u00e7as \u00e0 sua boa efici\u00eancia e materiais de alta qualidade (a\u00e7o inoxid\u00e1vel 304), tornou-se uma m\u00e1quina preferida para a produ\u00e7\u00e3o industrial de pasta de pist\u00e1chio.<\/p>    <p>Al\u00e9m disso, pode ser usada para produzir manteiga de amendoim, manteiga de am\u00eandoa, molho de pimenta, molho de tomate, etc. Sua ampla gama de aplica\u00e7\u00f5es a torna popular entre f\u00e1bricas de alimentos e fabricantes de chocolate nos Estados Unidos, Turquia, Emirados \u00c1rabes Unidos e na maioria dos outros pa\u00edses.<\/p>    <figure class=\"wp-block-embed aligncenter is-type-video is-provider-youtube wp-block-embed-youtube wp-embed-aspect-16-9 wp-has-aspect-ratio\"><div class=\"wp-block-embed__wrapper\"> <iframe loading=\"lazy\" title=\"M\u00e1quina de Fazer Pasta de Pist\u00e1chio | Como Fazer Pasta de Pist\u00e1chio Passo a Passo Contato:  8617703863868\" width=\"500\" height=\"281\" src=\"https:\/\/www.youtube.com\/embed\/6Zx85c-Aolk?feature=oembed\" frameborder=\"0\" allow=\"accelerometer; autoplay; clipboard-write; encrypted-media; gyroscope; picture-in-picture; web-share\" referrerpolicy=\"strict-origin-when-cross-origin\" allowfullscreen><\/iframe> <\/div><figcaption class=\"wp-element-caption\">v\u00eddeo de trabalho da m\u00e1quina de moer pist\u00e1chio<\/figcaption><\/figure>    <h2 class=\"wp-block-heading\"><strong>Quais s\u00e3o os destaques da m\u00e1quina de moer pist\u00e1chio?<\/strong><\/h2>    <ol class=\"wp-block-list\"> <li><strong>Adequado para produ\u00e7\u00e3o comercial<\/strong>: Esta m\u00e1quina de moagem de nozes tem uma capacidade de produ\u00e7\u00e3o de 400-500 kg\/h, tornando-se ideal para linhas de produ\u00e7\u00e3o de pasta de pist\u00e1chio de m\u00e9dio a grande porte, fornecendo produ\u00e7\u00e3o est\u00e1vel e cont\u00ednua para f\u00e1bricas e oficinas.<\/li>    <li><strong>Material de grau aliment\u00edcio<\/strong>: A parte principal da m\u00e1quina de produ\u00e7\u00e3o de manteiga de amendoim Taizy \u00e9 feita de a\u00e7o inoxid\u00e1vel SUS304, que n\u00e3o s\u00f3 \u00e9 resistente \u00e0 corros\u00e3o, mas tamb\u00e9m f\u00e1cil de limpar e manter. O rotor e o estator s\u00e3o feitos de material 9Cr18 (alta dureza e excelente resist\u00eancia ao desgaste).<\/li>    <li><strong>Fornecer moagem fina e <\/strong><span style=\"box-sizing: border-box; margin: 0px; padding: 0px;\"><strong>uma textura suave<\/strong>: This pistachio grinder machine&#8217;s rotation speed reaches 2950 rpm, producing a fine, uniform pistachio paste with no visible<\/span> part\u00edculas, preservando a cor, sabor e conte\u00fado de \u00f3leo natural dos pist\u00e1chios.<\/li>    <li><strong>Design compacto e opera\u00e7\u00e3o f\u00e1cil<\/strong>: The pistachio paste machine&#8217;s overall dimensions are only 960 \u00d7 500 \u00d7 1150 mm, with a 30-liter hopper, enabling continuous feeding without clogging. This machine is especially suitable for factories with limited processing space.<\/li> <\/ol>    <figure class=\"wp-block-gallery has-nested-images columns-default is-cropped wp-block-gallery-2 is-layout-flex wp-block-gallery-is-layout-flex\"> <figure class=\"wp-block-image size-full\"><img loading=\"lazy\" decoding=\"async\" width=\"720\" height=\"540\" data-id=\"1165\" src=\"https:\/\/bestpeanutmachine.com\/wp-content\/uploads\/2026\/02\/details-of-pistachio-paste-machine.webp\" alt=\"detalhes da m\u00e1quina de pasta de pist\u00e1chio\" class=\"wp-image-1165\" srcset=\"https:\/\/bestpeanutmachine.com\/wp-content\/uploads\/2026\/02\/details-of-pistachio-paste-machine.webp 720w, https:\/\/bestpeanutmachine.com\/wp-content\/uploads\/2026\/02\/details-of-pistachio-paste-machine-300x225.webp 300w, https:\/\/bestpeanutmachine.com\/wp-content\/uploads\/2026\/02\/details-of-pistachio-paste-machine-16x12.webp 16w\" sizes=\"auto, (max-width: 720px) 100vw, 720px\" \/><figcaption class=\"wp-element-caption\">detalhes da m\u00e1quina de pasta de pist\u00e1chio<\/figcaption><\/figure>    <figure class=\"wp-block-image size-full\"><img loading=\"lazy\" decoding=\"async\" width=\"720\" height=\"540\" data-id=\"1164\" src=\"https:\/\/bestpeanutmachine.com\/wp-content\/uploads\/2026\/02\/pistachio-paste-maker-machine.webp\" alt=\"M\u00e1quina de fazer pasta de pist\u00e1chio\" class=\"wp-image-1164\" srcset=\"https:\/\/bestpeanutmachine.com\/wp-content\/uploads\/2026\/02\/pistachio-paste-maker-machine.webp 720w, https:\/\/bestpeanutmachine.com\/wp-content\/uploads\/2026\/02\/pistachio-paste-maker-machine-300x225.webp 300w, https:\/\/bestpeanutmachine.com\/wp-content\/uploads\/2026\/02\/pistachio-paste-maker-machine-16x12.webp 16w\" sizes=\"auto, (max-width: 720px) 100vw, 720px\" \/><figcaption class=\"wp-element-caption\">M\u00e1quina de fazer pasta de pist\u00e1chio<\/figcaption><\/figure> <\/figure>    <h2 class=\"wp-block-heading\"><strong>Par\u00e2metros t\u00e9cnicos da m\u00e1quina de pasta de pist\u00e1chio<\/strong><\/h2>    <figure class=\"wp-block-table\"><table class=\"has-fixed-layout\"><thead><tr><th>Item<\/th><th>Especifica\u00e7\u00e3o<\/th><\/tr><\/thead><tbody><tr><td>Modelo<\/td><td>SL-180<\/td><\/tr><tr><td>Capacidade<\/td><td>400\u2013500 kg\/h<\/td><\/tr><tr><td>Poder<\/td><td>18,5 kW<\/td><\/tr><tr><td>Tens\u00e3o<\/td><td>380V, 50Hz, 3 fases<\/td><\/tr><tr><td>Velocidade<\/td><td>2950 r\/min<\/td><\/tr><tr><td>Peso<\/td><td>350 kg<\/td><\/tr><tr><td>Tamanho<\/td><td>960 \u00d7 500 \u00d7 1150 mm<\/td><\/tr><tr><td>Volume do funil<\/td><td>30 L<\/td><\/tr><tr><td>Material do corpo principal<\/td><td>A\u00e7o inoxid\u00e1vel SUS304<\/td><\/tr><tr><td>Material do rotor e estator<\/td><td>Material 9Cr18<\/td><\/tr><\/tbody><\/table><figcaption class=\"wp-element-caption\">par\u00e2metros da m\u00e1quina de moer pist\u00e1chio<\/figcaption><\/figure>    <figure class=\"wp-block-gallery has-nested-images columns-default is-cropped wp-block-gallery-3 is-layout-flex wp-block-gallery-is-layout-flex\"> <figure class=\"wp-block-image size-full\"><img loading=\"lazy\" decoding=\"async\" width=\"720\" height=\"540\" data-id=\"1163\" src=\"https:\/\/bestpeanutmachine.com\/wp-content\/uploads\/2026\/02\/Internal-structure-of-pistachio-paste-machine.webp\" alt=\"Estrutura interna da m\u00e1quina de pasta de pist\u00e1chio\" class=\"wp-image-1163\" srcset=\"https:\/\/bestpeanutmachine.com\/wp-content\/uploads\/2026\/02\/Internal-structure-of-pistachio-paste-machine.webp 720w, https:\/\/bestpeanutmachine.com\/wp-content\/uploads\/2026\/02\/Internal-structure-of-pistachio-paste-machine-300x225.webp 300w, https:\/\/bestpeanutmachine.com\/wp-content\/uploads\/2026\/02\/Internal-structure-of-pistachio-paste-machine-16x12.webp 16w\" sizes=\"auto, (max-width: 720px) 100vw, 720px\" \/><figcaption class=\"wp-element-caption\">Estrutura interna da m\u00e1quina de pasta de pist\u00e1chio<\/figcaption><\/figure>    <figure class=\"wp-block-image size-full\"><img loading=\"lazy\" decoding=\"async\" width=\"720\" height=\"540\" data-id=\"1162\" src=\"https:\/\/bestpeanutmachine.com\/wp-content\/uploads\/2026\/02\/internal-workings-of-pistachio-grinding-machine.webp\" alt=\"Funcionamento interno da m\u00e1quina de moer pist\u00e1chio\" class=\"wp-image-1162\" srcset=\"https:\/\/bestpeanutmachine.com\/wp-content\/uploads\/2026\/02\/internal-workings-of-pistachio-grinding-machine.webp 720w, https:\/\/bestpeanutmachine.com\/wp-content\/uploads\/2026\/02\/internal-workings-of-pistachio-grinding-machine-300x225.webp 300w, https:\/\/bestpeanutmachine.com\/wp-content\/uploads\/2026\/02\/internal-workings-of-pistachio-grinding-machine-16x12.webp 16w\" sizes=\"auto, (max-width: 720px) 100vw, 720px\" \/><figcaption class=\"wp-element-caption\">Funcionamento interno da m\u00e1quina de moer pist\u00e1chio<\/figcaption><\/figure> <\/figure>    <p>Este \u00e9 um dos nossos modelos mais vendidos e pr\u00e1ticos. Se precisar de um modelo menor ou com maior capacidade de produ\u00e7\u00e3o, informe-nos seus requisitos e recomendaremos a m\u00e1quina de pasta de pist\u00e1chio mais adequada para si.<\/p>    <figure class=\"wp-block-gallery has-nested-images columns-default is-cropped wp-block-gallery-4 is-layout-flex wp-block-gallery-is-layout-flex\"> <figure class=\"wp-block-image size-full\"><img loading=\"lazy\" decoding=\"async\" width=\"720\" height=\"540\" data-id=\"1160\" src=\"https:\/\/bestpeanutmachine.com\/wp-content\/uploads\/2026\/02\/pistachio-butter-machine.webp\" alt=\"m\u00e1quina de manteiga de pist\u00e1chio\" class=\"wp-image-1160\" srcset=\"https:\/\/bestpeanutmachine.com\/wp-content\/uploads\/2026\/02\/pistachio-butter-machine.webp 720w, https:\/\/bestpeanutmachine.com\/wp-content\/uploads\/2026\/02\/pistachio-butter-machine-300x225.webp 300w, https:\/\/bestpeanutmachine.com\/wp-content\/uploads\/2026\/02\/pistachio-butter-machine-16x12.webp 16w\" sizes=\"auto, (max-width: 720px) 100vw, 720px\" \/><figcaption class=\"wp-element-caption\">m\u00e1quina de manteiga de pist\u00e1chio<\/figcaption><\/figure>    <figure class=\"wp-block-image size-full\"><img loading=\"lazy\" decoding=\"async\" width=\"720\" height=\"540\" data-id=\"1161\" src=\"https:\/\/bestpeanutmachine.com\/wp-content\/uploads\/2026\/02\/commercial-pistachio-grinding-machine.webp\" alt=\"m\u00e1quina de moagem de pist\u00e1chio comercial\" class=\"wp-image-1161\" srcset=\"https:\/\/bestpeanutmachine.com\/wp-content\/uploads\/2026\/02\/commercial-pistachio-grinding-machine.webp 720w, https:\/\/bestpeanutmachine.com\/wp-content\/uploads\/2026\/02\/commercial-pistachio-grinding-machine-300x225.webp 300w, https:\/\/bestpeanutmachine.com\/wp-content\/uploads\/2026\/02\/commercial-pistachio-grinding-machine-16x12.webp 16w\" sizes=\"auto, (max-width: 720px) 100vw, 720px\" \/><figcaption class=\"wp-element-caption\">m\u00e1quina de moagem de pist\u00e1chio comercial<\/figcaption><\/figure> <\/figure>    <h2 class=\"wp-block-heading\"><strong>Investir numa m\u00e1quina de fazer manteiga de pist\u00e1chio \u00e9 rent\u00e1vel?<\/strong><\/h2>    <p>Produtos de pist\u00e1chio s\u00e3o considerados alimentos premium no mercado. A pasta de pist\u00e1chio tem alto valor agregado e est\u00e1 em crescente demanda nas ind\u00fastrias de panifica\u00e7\u00e3o, sobremesas e sorvetes.<\/p>    <p>Muitos clientes come\u00e7am produzindo pasta de pist\u00e1chio e depois expandem para produtos como chocolate, recheios de confeitaria ou manteigas de nozes de marca. <\/p>    <p>Por exemplo, o famoso chocolate de Dubai com recheio de pist\u00e1chio \u00e9 um exemplo principal. Essa inova\u00e7\u00e3o tornou-se popular mundialmente e gerou retornos de investimento significativos.<\/p>    <p>Esta m\u00e1quina de moer pist\u00e1chio \u00e9 altamente eficiente e dur\u00e1vel, podendo ser atualizada para conectar-se \u00e0s linhas de produ\u00e7\u00e3o, sendo uma excelente escolha para pequenos investimentos quando o or\u00e7amento inicial \u00e9 limitado.<\/p>    <figure class=\"wp-block-gallery has-nested-images columns-default is-cropped wp-block-gallery-5 is-layout-flex wp-block-gallery-is-layout-flex\"> <figure class=\"wp-block-image size-large\"><img loading=\"lazy\" decoding=\"async\" width=\"720\" height=\"540\" data-id=\"1166\" src=\"https:\/\/bestpeanutmachine.com\/wp-content\/uploads\/2026\/02\/pistachio-butter.webp\" alt=\"manteiga de pist\u00e1chio\" class=\"wp-image-1166\" srcset=\"https:\/\/bestpeanutmachine.com\/wp-content\/uploads\/2026\/02\/pistachio-butter.webp 720w, https:\/\/bestpeanutmachine.com\/wp-content\/uploads\/2026\/02\/pistachio-butter-300x225.webp 300w, https:\/\/bestpeanutmachine.com\/wp-content\/uploads\/2026\/02\/pistachio-butter-16x12.webp 16w\" sizes=\"auto, (max-width: 720px) 100vw, 720px\" \/><figcaption class=\"wp-element-caption\">manteiga de pist\u00e1chio<\/figcaption><\/figure>    <figure class=\"wp-block-image size-large\"><img loading=\"lazy\" decoding=\"async\" width=\"720\" height=\"540\" data-id=\"1180\" src=\"https:\/\/bestpeanutmachine.com\/wp-content\/uploads\/2026\/02\/pistachio-butter-filled-chocolate.webp\" alt=\"Chocolate recheado com manteiga de pist\u00e1chio\" class=\"wp-image-1180\" srcset=\"https:\/\/bestpeanutmachine.com\/wp-content\/uploads\/2026\/02\/pistachio-butter-filled-chocolate.webp 720w, https:\/\/bestpeanutmachine.com\/wp-content\/uploads\/2026\/02\/pistachio-butter-filled-chocolate-300x225.webp 300w, https:\/\/bestpeanutmachine.com\/wp-content\/uploads\/2026\/02\/pistachio-butter-filled-chocolate-16x12.webp 16w\" sizes=\"auto, (max-width: 720px) 100vw, 720px\" \/><figcaption class=\"wp-element-caption\">Chocolate recheado com manteiga de pist\u00e1chio<\/figcaption><\/figure> <\/figure>    <h2 class=\"wp-block-heading\"><strong>Como fazer pasta de pist\u00e1chio?<\/strong><\/h2>    <p>Fazer pasta de pist\u00e1chio de alta qualidade requer n\u00e3o s\u00f3 uma m\u00e1quina de moer pist\u00e1chio, mas tamb\u00e9m um pr\u00e9-processamento adequado. <\/p>    <p class=\"translation-block\">Se a mat\u00e9ria-prima for sementes de pist\u00e1chio, elas precisam ser torradas por uma <a href=\"https:\/\/bestpeanutmachine.com\/pt\/product\/peanut-roasting-machine\/\">m\u00e1quina de torrefa\u00e7\u00e3o de nozes<\/a> antes de moer. A torrefa\u00e7\u00e3o melhora o aroma e sabor e ajuda os pist\u00e1chios a liberar seus \u00f3leos naturais durante o processo de moagem, aumentando a fragr\u00e2ncia.<\/p>   <div class=\"wp-block-image\"> <figure class=\"aligncenter size-full\"><img loading=\"lazy\" decoding=\"async\" width=\"720\" height=\"540\" src=\"https:\/\/bestpeanutmachine.com\/wp-content\/uploads\/2026\/01\/commercial-nut-roaster-machine.webp\" alt=\"maquina comercial de torragem de avel\u00e3s\" class=\"wp-image-779\" srcset=\"https:\/\/bestpeanutmachine.com\/wp-content\/uploads\/2026\/01\/commercial-nut-roaster-machine.webp 720w, https:\/\/bestpeanutmachine.com\/wp-content\/uploads\/2026\/01\/commercial-nut-roaster-machine-300x225.webp 300w, https:\/\/bestpeanutmachine.com\/wp-content\/uploads\/2026\/01\/commercial-nut-roaster-machine-16x12.webp 16w\" sizes=\"auto, (max-width: 720px) 100vw, 720px\" \/><figcaption class=\"wp-element-caption\">maquina comercial de torragem de avel\u00e3s<\/figcaption><\/figure> <\/div>   <p>Os pist\u00e1chios torrados s\u00e3o ent\u00e3o colocados numa m\u00e1quina de moagem, onde um sistema de rotor-estator de alta velocidade tritura e emulsifica as nozes, produzindo, por fim, uma pasta de pist\u00e1chio lisa e fina. Esta combina\u00e7\u00e3o de torrefa\u00e7\u00e3o e moagem \u00e9 o m\u00e9todo mais comum para a produ\u00e7\u00e3o comercial de pasta de pist\u00e1chio.<\/p>    <p class=\"translation-block\">Se a sua mat\u00e9ria-prima for pist\u00e1chios sem casca, tamb\u00e9m temos m\u00e1quinas de descascamento de pist\u00e1chio para ajudar na pr\u00e9-processamento das nozes. Para requisitos mais elevados de textura e cor, e se for necess\u00e1rio descascar, recomendamos uma <a href=\"https:\/\/bestpeanutmachine.com\/pt\/product\/wet-type-almond-skin-peeler-machine\/\">m\u00e1quina de descascamento de nozes \u00famida<\/a>.<\/p>   <div class=\"wp-block-image\"> <figure class=\"aligncenter size-full\"><img loading=\"lazy\" decoding=\"async\" width=\"720\" height=\"540\" src=\"https:\/\/bestpeanutmachine.com\/wp-content\/uploads\/2026\/01\/wet-type-peanut-skin-peeling-machine.webp\" alt=\"m\u00e1quina h\u00famida de descasque de pele de amendoim\" class=\"wp-image-897\" srcset=\"https:\/\/bestpeanutmachine.com\/wp-content\/uploads\/2026\/01\/wet-type-peanut-skin-peeling-machine.webp 720w, https:\/\/bestpeanutmachine.com\/wp-content\/uploads\/2026\/01\/wet-type-peanut-skin-peeling-machine-300x225.webp 300w, https:\/\/bestpeanutmachine.com\/wp-content\/uploads\/2026\/01\/wet-type-peanut-skin-peeling-machine-16x12.webp 16w\" sizes=\"auto, (max-width: 720px) 100vw, 720px\" \/><figcaption class=\"wp-element-caption\">m\u00e1quina h\u00famida de descasque de pele de amendoim<\/figcaption><\/figure> <\/div>   <p>Solu\u00e7\u00f5es de processamento de nozes podem ser personalizadas com base nas suas mat\u00e9rias-primas e requisitos do produto final. Por favor, contacte-nos para um or\u00e7amento detalhado.<\/p>    <h2 class=\"wp-block-heading\"><strong>Por que a pasta de pist\u00e1chio \u00e9 t\u00e3o popular?<\/strong><\/h2>    <p>A pasta de pist\u00e1chio \u00e9 incrivelmente vers\u00e1til e indispens\u00e1vel em sobremesas e confeitaria, podendo ser usada em:<\/p>    <ul class=\"wp-block-list\"> <li>Fabrica\u00e7\u00e3o de chocolate (barras de chocolate de pist\u00e1chio, recheios),<\/li>    <li>Produtos assados (recheios para bolos, tortas e biscoitos),<\/li>    <li>Sorvetes e gelados (sabor premium de pist\u00e1chio),<\/li>    <li>Manteiga de nozes e cremes para uso dom\u00e9stico di\u00e1rio,<\/li>    <li>Decora\u00e7\u00e3o e produ\u00e7\u00e3o de sobremesas e doces relacionados com pist\u00e1chio.<\/li> <\/ul>    <p>Sua textura fina e qualidade consistente tornam-na adequada tanto para produ\u00e7\u00e3o artesanal quanto industrial de alimentos, adicionando cor e sabor mais ricos aos produtos alimentares.<\/p>    <figure class=\"wp-block-gallery has-nested-images columns-default is-cropped wp-block-gallery-6 is-layout-flex wp-block-gallery-is-layout-flex\"> <figure class=\"wp-block-image size-full\"><img loading=\"lazy\" decoding=\"async\" width=\"720\" height=\"540\" data-id=\"1167\" src=\"https:\/\/bestpeanutmachine.com\/wp-content\/uploads\/2026\/02\/pistachio-flavored-cake-1.webp\" alt=\"bolo com sabor a pist\u00e1chio\" class=\"wp-image-1167\" srcset=\"https:\/\/bestpeanutmachine.com\/wp-content\/uploads\/2026\/02\/pistachio-flavored-cake-1.webp 720w, https:\/\/bestpeanutmachine.com\/wp-content\/uploads\/2026\/02\/pistachio-flavored-cake-1-300x225.webp 300w, https:\/\/bestpeanutmachine.com\/wp-content\/uploads\/2026\/02\/pistachio-flavored-cake-1-16x12.webp 16w\" sizes=\"auto, (max-width: 720px) 100vw, 720px\" \/><figcaption class=\"wp-element-caption\">bolo com sabor a pist\u00e1chio<\/figcaption><\/figure>    <figure class=\"wp-block-image size-full\"><img loading=\"lazy\" decoding=\"async\" width=\"720\" height=\"540\" data-id=\"1168\" src=\"https:\/\/bestpeanutmachine.com\/wp-content\/uploads\/2026\/02\/pistachio-filled-bread-1.webp\" alt=\"p\u00e3o recheado com pist\u00e1chio\" class=\"wp-image-1168\" srcset=\"https:\/\/bestpeanutmachine.com\/wp-content\/uploads\/2026\/02\/pistachio-filled-bread-1.webp 720w, https:\/\/bestpeanutmachine.com\/wp-content\/uploads\/2026\/02\/pistachio-filled-bread-1-300x225.webp 300w, https:\/\/bestpeanutmachine.com\/wp-content\/uploads\/2026\/02\/pistachio-filled-bread-1-16x12.webp 16w\" sizes=\"auto, (max-width: 720px) 100vw, 720px\" \/><figcaption class=\"wp-element-caption\">p\u00e3o recheado com pist\u00e1chio<\/figcaption><\/figure> <\/figure>    <h2 class=\"wp-block-heading\"><strong>Caso de sucesso do cliente: produ\u00e7\u00e3o de pasta de pist\u00e1chio turca<\/strong><\/h2>    <p>A food processing client from Turkey planned to expand their pistachio product business, focusing on developing pistachio paste and baking fillings. After market research, they chose Taizy&#8217;s pistachio grinder machine. Their reasons for choosing this pistachio grinding machine were as follows:<\/p>    <ul class=\"wp-block-list\"> <li>Abundante fornecimento local de pist\u00e1chios<\/li>    <li>A necessidade de uma pasta fina e cremosa para produ\u00e7\u00e3o de chocolate e sobremesas<\/li>    <li>Capacidade de produ\u00e7\u00e3o est\u00e1vel adequada para produ\u00e7\u00e3o a longo prazo<\/li> <\/ul>    <p>After production, we received the client&#8217;s material to conduct machine testing on this pistachio grinder machine. The product perfectly meets his needs. So we make strict packaging, then ship it to Turkey before the planned time.<\/p>    <figure class=\"wp-block-gallery has-nested-images columns-2 is-cropped wp-block-gallery-7 is-layout-flex wp-block-gallery-is-layout-flex\"> <figure class=\"wp-block-image size-full\"><img loading=\"lazy\" decoding=\"async\" width=\"720\" height=\"540\" data-id=\"1169\" src=\"https:\/\/bestpeanutmachine.com\/wp-content\/uploads\/2026\/02\/clients-test-run-materials.webp\" alt=\"materiais de teste do cliente\" class=\"wp-image-1169\" srcset=\"https:\/\/bestpeanutmachine.com\/wp-content\/uploads\/2026\/02\/clients-test-run-materials.webp 720w, https:\/\/bestpeanutmachine.com\/wp-content\/uploads\/2026\/02\/clients-test-run-materials-300x225.webp 300w, https:\/\/bestpeanutmachine.com\/wp-content\/uploads\/2026\/02\/clients-test-run-materials-16x12.webp 16w\" sizes=\"auto, (max-width: 720px) 100vw, 720px\" \/><figcaption class=\"wp-element-caption\">client&#8217;s test run materials<\/figcaption><\/figure>    <figure class=\"wp-block-image size-full\"><img loading=\"lazy\" decoding=\"async\" width=\"720\" height=\"540\" data-id=\"1170\" src=\"https:\/\/bestpeanutmachine.com\/wp-content\/uploads\/2026\/02\/client-tested-finished-product.webp\" alt=\"produto acabado testado pelo cliente\" class=\"wp-image-1170\" srcset=\"https:\/\/bestpeanutmachine.com\/wp-content\/uploads\/2026\/02\/client-tested-finished-product.webp 720w, https:\/\/bestpeanutmachine.com\/wp-content\/uploads\/2026\/02\/client-tested-finished-product-300x225.webp 300w, https:\/\/bestpeanutmachine.com\/wp-content\/uploads\/2026\/02\/client-tested-finished-product-16x12.webp 16w\" sizes=\"auto, (max-width: 720px) 100vw, 720px\" \/><figcaption class=\"wp-element-caption\">produto acabado testado pelo cliente<\/figcaption><\/figure>    <figure class=\"wp-block-image size-full\"><img loading=\"lazy\" decoding=\"async\" width=\"720\" height=\"540\" data-id=\"1171\" src=\"https:\/\/bestpeanutmachine.com\/wp-content\/uploads\/2026\/02\/pistachio-paste-machine-with-scratch-resistant-packaging.webp\" alt=\"m\u00e1quina de pasta de pist\u00e1chio com embalagem resistente a riscos\" class=\"wp-image-1171\" srcset=\"https:\/\/bestpeanutmachine.com\/wp-content\/uploads\/2026\/02\/pistachio-paste-machine-with-scratch-resistant-packaging.webp 720w, https:\/\/bestpeanutmachine.com\/wp-content\/uploads\/2026\/02\/pistachio-paste-machine-with-scratch-resistant-packaging-300x225.webp 300w, https:\/\/bestpeanutmachine.com\/wp-content\/uploads\/2026\/02\/pistachio-paste-machine-with-scratch-resistant-packaging-16x12.webp 16w\" sizes=\"auto, (max-width: 720px) 100vw, 720px\" \/><figcaption class=\"wp-element-caption\">m\u00e1quina de pasta de pist\u00e1chio com embalagem resistente a riscos<\/figcaption><\/figure>    <figure class=\"wp-block-image size-full\"><img loading=\"lazy\" decoding=\"async\" width=\"720\" height=\"540\" data-id=\"1172\" src=\"https:\/\/bestpeanutmachine.com\/wp-content\/uploads\/2026\/02\/wooden-packaging-for-pistachio-paste-machine.webp\" alt=\"embalagem de madeira para m\u00e1quina de pasta de pist\u00e1chio\" class=\"wp-image-1172\" srcset=\"https:\/\/bestpeanutmachine.com\/wp-content\/uploads\/2026\/02\/wooden-packaging-for-pistachio-paste-machine.webp 720w, https:\/\/bestpeanutmachine.com\/wp-content\/uploads\/2026\/02\/wooden-packaging-for-pistachio-paste-machine-300x225.webp 300w, https:\/\/bestpeanutmachine.com\/wp-content\/uploads\/2026\/02\/wooden-packaging-for-pistachio-paste-machine-16x12.webp 16w\" sizes=\"auto, (max-width: 720px) 100vw, 720px\" \/><figcaption class=\"wp-element-caption\">embalagem de madeira para m\u00e1quina de pasta de pist\u00e1chio<\/figcaption><\/figure> <\/figure>    <p>O investimento na m\u00e1quina de pasta de pist\u00e1chio aumentou significativamente a efici\u00eancia de produ\u00e7\u00e3o, ao mesmo tempo que reduziu custos de m\u00e3o-de-obra e produ\u00e7\u00e3o. Isso ajudou-os a lan\u00e7ar com sucesso sua linha de produtos de pasta de pist\u00e1chio e a conquistar novas oportunidades de neg\u00f3cio.<\/p>    <h2 class=\"wp-block-heading\"><strong>Contacte-nos para iniciar o seu novo neg\u00f3cio!<\/strong><\/h2>    <p>Se procura uma m\u00e1quina de moer pist\u00e1chio confi\u00e1vel, de grau aliment\u00edcio e alta capacidade, o modelo SL-180 \u00e9 uma excelente escolha. Contacte-nos e obter\u00e1:  <\/p>    <ul class=\"wp-block-list\"> <li>Sugest\u00f5es de sele\u00e7\u00e3o de m\u00e1quina<\/li>    <li>Orienta\u00e7\u00e3o t\u00e9cnica<\/li>    <li>Suporte p\u00f3s-venda<\/li> <\/ul>","protected":false},"excerpt":{"rendered":"<p>This pistachio grinding machine is designed for commercial pistachio paste production. It has a capacity of 400-500 kg\/hour, is made of SUS304 stainless steel, and features a high-speed rotor-stator system to produce finely textured pistachio paste, widely used in the chocolate, baking, and ice cream industries.<\/p>","protected":false},"author":1,"featured_media":1173,"parent":0,"template":"","tags":[77,86],"product-type":[76,6],"class_list":["post-1139","product","type-product","status-publish","has-post-thumbnail","hentry","tag-almond","tag-pistachio","product-type-other-nuts-machine","product-type-product"],"_links":{"self":[{"href":"https:\/\/bestpeanutmachine.com\/pt\/wp-json\/wp\/v2\/product\/1139","targetHints":{"allow":["GET"]}}],"collection":[{"href":"https:\/\/bestpeanutmachine.com\/pt\/wp-json\/wp\/v2\/product"}],"about":[{"href":"https:\/\/bestpeanutmachine.com\/pt\/wp-json\/wp\/v2\/types\/product"}],"author":[{"embeddable":true,"href":"https:\/\/bestpeanutmachine.com\/pt\/wp-json\/wp\/v2\/users\/1"}],"wp:featuredmedia":[{"embeddable":true,"href":"https:\/\/bestpeanutmachine.com\/pt\/wp-json\/wp\/v2\/media\/1173"}],"wp:attachment":[{"href":"https:\/\/bestpeanutmachine.com\/pt\/wp-json\/wp\/v2\/media?parent=1139"}],"wp:term":[{"taxonomy":"post_tag","embeddable":true,"href":"https:\/\/bestpeanutmachine.com\/pt\/wp-json\/wp\/v2\/tags?post=1139"},{"taxonomy":"product-type","embeddable":true,"href":"https:\/\/bestpeanutmachine.com\/pt\/wp-json\/wp\/v2\/product-type?post=1139"}],"curies":[{"name":"wp","href":"https:\/\/api.w.org\/{rel}","templated":true}]}}