{"id":1182,"date":"2026-02-11T14:33:11","date_gmt":"2026-02-11T06:33:11","guid":{"rendered":"https:\/\/bestpeanutmachine.com\/?post_type=product&#038;p=1182"},"modified":"2026-02-11T14:42:12","modified_gmt":"2026-02-11T06:42:12","slug":"pistachio-shelling-machine","status":"publish","type":"product","link":"https:\/\/bestpeanutmachine.com\/pt\/product\/pistachio-shelling-machine\/","title":{"rendered":"M\u00e1quina de Casca de Pist\u00e1chio"},"content":{"rendered":"<p class=\"translation-block\">A <strong>m\u00e1quina de descasque de pist\u00e1chios<\/strong> foi projetada para remover eficientemente a casca dura dos pist\u00e1chios, preservando a integridade da am\u00eandoa. Com uma taxa de descasque de at\u00e9 95% e uma taxa de quebra inferior a 8%, pode processar at\u00e9 120 kg de pist\u00e1chios crus por hora.<\/p>    <figure class=\"wp-block-embed aligncenter is-type-video is-provider-youtube wp-block-embed-youtube wp-embed-aspect-16-9 wp-has-aspect-ratio\"><div class=\"wp-block-embed__wrapper\"> <iframe loading=\"lazy\" title=\"M\u00e1quina de descasque de pist\u00e1chios de 120 kg\/h | Taxa de descasque de 95% Contato:  8617703863868\" width=\"500\" height=\"281\" src=\"https:\/\/www.youtube.com\/embed\/B6yKBL61DP0?feature=oembed\" frameborder=\"0\" allow=\"accelerometer; autoplay; clipboard-write; encrypted-media; gyroscope; picture-in-picture; web-share\" referrerpolicy=\"strict-origin-when-cross-origin\" allowfullscreen><\/iframe> <\/div><figcaption class=\"wp-element-caption\">v\u00eddeo de trabalho da m\u00e1quina de descasque de pist\u00e1chios<\/figcaption><\/figure>    <h2 class=\"wp-block-heading\"><strong>Por que usar uma m\u00e1quina de descasque de pist\u00e1chios Taizy para processar pist\u00e1chios?<\/strong><\/h2>    <ol class=\"wp-block-list\"> <li>A m\u00e1quina de descasque de pist\u00e1chios possui alta efici\u00eancia e estabilidade, atingindo uma taxa de descasque de at\u00e9 95%.<\/li>    <li>A m\u00e1quina de descasque de pist\u00e1chios Taizy produz apenas 8% de am\u00eandoas quebradas.<\/li>    <li>Equipado com um motor de velocidade ajust\u00e1vel de 2,6 kW, a m\u00e1quina \u00e9 adequada para descascar pist\u00e1chios de v\u00e1rios tamanhos.<\/li>    <li>Constru\u00edda com a\u00e7o inoxid\u00e1vel dur\u00e1vel, a m\u00e1quina n\u00e3o s\u00f3 \u00e9 resistente \u00e0 corros\u00e3o, mas tamb\u00e9m higi\u00e9nica e f\u00e1cil de limpar.<\/li> <\/ol>   <div class=\"wp-block-image\"> <figure class=\"aligncenter size-full\"><img loading=\"lazy\" decoding=\"async\" width=\"720\" height=\"540\" src=\"https:\/\/bestpeanutmachine.com\/wp-content\/uploads\/2026\/02\/automatic-pistachio-shelling-machine.webp\" alt=\"m\u00e1quina autom\u00e1tica de descasque de pist\u00e1chios\" class=\"wp-image-1191\" srcset=\"https:\/\/bestpeanutmachine.com\/wp-content\/uploads\/2026\/02\/automatic-pistachio-shelling-machine.webp 720w, https:\/\/bestpeanutmachine.com\/wp-content\/uploads\/2026\/02\/automatic-pistachio-shelling-machine-300x225.webp 300w, https:\/\/bestpeanutmachine.com\/wp-content\/uploads\/2026\/02\/automatic-pistachio-shelling-machine-16x12.webp 16w\" sizes=\"auto, (max-width: 720px) 100vw, 720px\" \/><figcaption class=\"wp-element-caption\">m\u00e1quina autom\u00e1tica de descasque de pist\u00e1chios<\/figcaption><\/figure> <\/div>   <h2 class=\"wp-block-heading\"><strong>Como funciona uma m\u00e1quina de remo\u00e7\u00e3o de casca de pist\u00e1chios<\/strong> <strong>funciona?<\/strong><\/h2>    <p class=\"translation-block\">A m\u00e1quina de descasque de pist\u00e1chios usa um sistema mec\u00e2nico control\u00e1vel de quebra de casca. Seu fluxo de trabalho inclui: <strong>alimenta\u00e7\u00e3o \u2192 quebra de casca \u2192 triagem<\/strong>.<\/p>    <p>Um motor de velocidade ajust\u00e1vel aciona rolos internos ou componentes de quebra de casca para partir as cascas por fric\u00e7\u00e3o e press\u00e3o, sem danificar as am\u00eandoas.<\/p>    <p>O sistema de triagem vibrat\u00f3ria separa as cascas das am\u00eandoas e descarrega-as por diferentes sa\u00eddas. (As am\u00eandoas finais podem conter algumas cascas. Recomendamos usar uma peneira para triagem adicional.)<\/p>    <p>Os pist\u00e1chios limpos podem ser processados posteriormente, como descascados ou mo\u00eddos. Este processo mec\u00e2nico de descasque garante uma alta taxa de abertura de casca e dano m\u00ednimo \u00e0s am\u00eandoas.<\/p>    <h2 class=\"wp-block-heading\"><strong>Par\u00e2metros t\u00e9cnicos da m\u00e1quina de descasque de pist\u00e1chios<\/strong><\/h2>    <figure class=\"wp-block-table\"><table class=\"has-fixed-layout\"><tbody><tr><td>Poder<\/td><td>2,6kw<\/td><\/tr><tr><td>Tens\u00e3o<\/td><td>380V \/ 50Hz<\/td><\/tr><tr><td>Capacidade<\/td><td>120kg\/h<\/td><\/tr><tr><td>Taxa de descasque<\/td><td>95%<\/td><\/tr><tr><td>Taxa quebrada<\/td><td>8%<\/td><\/tr><tr><td>Material<\/td><td>A\u00e7o inoxid\u00e1vel<\/td><\/tr><tr><td>Tamanho da m\u00e1quina<\/td><td>3,2 \u00d7 1 \u00d7 1,9m<\/td><\/tr><tr><td>Tamanho da embalagem<\/td><td>3,7 \u00d7 1,1 \u00d7 2m<\/td><\/tr><tr><td>Peso<\/td><td>Aproximadamente 260kg<\/td><\/tr><\/tbody><\/table><figcaption class=\"wp-element-caption\">especifica\u00e7\u00e3o da m\u00e1quina de descasque de pist\u00e1chios<\/figcaption><\/figure>    <figure class=\"wp-block-gallery aligncenter has-nested-images columns-default is-cropped wp-block-gallery-2 is-layout-flex wp-block-gallery-is-layout-flex\"> <figure class=\"wp-block-image size-full\"><img loading=\"lazy\" decoding=\"async\" width=\"720\" height=\"540\" data-id=\"1192\" src=\"https:\/\/bestpeanutmachine.com\/wp-content\/uploads\/2026\/02\/pistachio-huller-machine.webp\" alt=\"m\u00e1quina de descasque de pist\u00e1chios\" class=\"wp-image-1192\" srcset=\"https:\/\/bestpeanutmachine.com\/wp-content\/uploads\/2026\/02\/pistachio-huller-machine.webp 720w, https:\/\/bestpeanutmachine.com\/wp-content\/uploads\/2026\/02\/pistachio-huller-machine-300x225.webp 300w, https:\/\/bestpeanutmachine.com\/wp-content\/uploads\/2026\/02\/pistachio-huller-machine-16x12.webp 16w\" sizes=\"auto, (max-width: 720px) 100vw, 720px\" \/><figcaption class=\"wp-element-caption\">m\u00e1quina de descasque de pist\u00e1chios<\/figcaption><\/figure>    <figure class=\"wp-block-image size-full\"><img loading=\"lazy\" decoding=\"async\" width=\"720\" height=\"540\" data-id=\"1197\" src=\"https:\/\/bestpeanutmachine.com\/wp-content\/uploads\/2026\/02\/pistachio-shell-removing-machine.webp\" alt=\"m\u00e1quina de remo\u00e7\u00e3o de casca de pist\u00e1chio\" class=\"wp-image-1197\" srcset=\"https:\/\/bestpeanutmachine.com\/wp-content\/uploads\/2026\/02\/pistachio-shell-removing-machine.webp 720w, https:\/\/bestpeanutmachine.com\/wp-content\/uploads\/2026\/02\/pistachio-shell-removing-machine-300x225.webp 300w, https:\/\/bestpeanutmachine.com\/wp-content\/uploads\/2026\/02\/pistachio-shell-removing-machine-16x12.webp 16w\" sizes=\"auto, (max-width: 720px) 100vw, 720px\" \/><figcaption class=\"wp-element-caption\">m\u00e1quina de remo\u00e7\u00e3o de casca de pist\u00e1chio<\/figcaption><\/figure> <\/figure>    <h2 class=\"wp-block-heading\"><strong>Aplica\u00e7\u00f5es da m\u00e1quina de descasque de pist\u00e1chios<\/strong><\/h2>    <p>Esta m\u00e1quina \u00e9 amplamente utilizada em linhas de produ\u00e7\u00e3o de nozes e snacks, bem como na prepara\u00e7\u00e3o de ingredientes para pastelaria e confeitaria. <\/p>    <p>Os pist\u00e1chios descascados podem ser cortados em peda\u00e7os, tiras, mo\u00eddos em p\u00f3 ou transformados em pasta. Sua cor excelente e aroma \u00fanico fazem dele um ingrediente altamente procurado em sobremesas e confeitaria.<\/p>    <figure class=\"wp-block-gallery has-nested-images columns-default is-cropped wp-block-gallery-3 is-layout-flex wp-block-gallery-is-layout-flex\"> <figure class=\"wp-block-image size-large\"><img loading=\"lazy\" decoding=\"async\" width=\"720\" height=\"540\" data-id=\"1202\" src=\"https:\/\/bestpeanutmachine.com\/wp-content\/uploads\/2026\/02\/pistachio-bread.webp\" alt=\"p\u00e3o de pist\u00e1chio\" class=\"wp-image-1202\" srcset=\"https:\/\/bestpeanutmachine.com\/wp-content\/uploads\/2026\/02\/pistachio-bread.webp 720w, https:\/\/bestpeanutmachine.com\/wp-content\/uploads\/2026\/02\/pistachio-bread-300x225.webp 300w, https:\/\/bestpeanutmachine.com\/wp-content\/uploads\/2026\/02\/pistachio-bread-16x12.webp 16w\" sizes=\"auto, (max-width: 720px) 100vw, 720px\" \/><figcaption class=\"wp-element-caption\">p\u00e3o de pist\u00e1chio<\/figcaption><\/figure>    <figure class=\"wp-block-image size-large\"><img loading=\"lazy\" decoding=\"async\" width=\"720\" height=\"540\" data-id=\"1203\" src=\"https:\/\/bestpeanutmachine.com\/wp-content\/uploads\/2026\/02\/pistachio-cookies.webp\" alt=\"cookies de pist\u00e1chio\" class=\"wp-image-1203\" srcset=\"https:\/\/bestpeanutmachine.com\/wp-content\/uploads\/2026\/02\/pistachio-cookies.webp 720w, https:\/\/bestpeanutmachine.com\/wp-content\/uploads\/2026\/02\/pistachio-cookies-300x225.webp 300w, https:\/\/bestpeanutmachine.com\/wp-content\/uploads\/2026\/02\/pistachio-cookies-16x12.webp 16w\" sizes=\"auto, (max-width: 720px) 100vw, 720px\" \/><figcaption class=\"wp-element-caption\">cookies de pist\u00e1chio<\/figcaption><\/figure> <\/figure>    <h2 class=\"wp-block-heading\"><strong>Outras m\u00e1quinas de nozes compat\u00edveis<\/strong><\/h2>    <p>A m\u00e1quina de descasque pode ser usada em conjunto com os seguintes equipamentos para produzir outros produtos de nozes de maior valor agregado:<\/p>    <h3 class=\"wp-block-heading\"><strong><a href=\"https:\/\/bestpeanutmachine.com\/pt\/product\/nut-sorting-machine-for-almonds\/\">M\u00e1quina de classifica\u00e7\u00e3o de nozes<\/a> : Usada para classifica\u00e7\u00e3o e remo\u00e7\u00e3o de impurezas<\/strong><\/h3>    <ol class=\"wp-block-list\"> <li>\u00c9 utilizado para remover res\u00edduos de casca.<\/li>    <li>A classifica\u00e7\u00e3o pode melhorar significativamente a pureza dos gr\u00e3os.<\/li> <\/ol>    <figure class=\"wp-block-gallery has-nested-images columns-default is-cropped wp-block-gallery-4 is-layout-flex wp-block-gallery-is-layout-flex\"> <figure class=\"wp-block-image size-large\"><img loading=\"lazy\" decoding=\"async\" width=\"720\" height=\"540\" data-id=\"918\" src=\"https:\/\/bestpeanutmachine.com\/wp-content\/uploads\/2026\/01\/3-Level-sorting-screen-almond-grading-machine.webp\" alt=\"m\u00e1quina de classifica\u00e7\u00e3o de am\u00eandoas com tela de triagem\" class=\"wp-image-918\" srcset=\"https:\/\/bestpeanutmachine.com\/wp-content\/uploads\/2026\/01\/3-Level-sorting-screen-almond-grading-machine.webp 720w, https:\/\/bestpeanutmachine.com\/wp-content\/uploads\/2026\/01\/3-Level-sorting-screen-almond-grading-machine-300x225.webp 300w, https:\/\/bestpeanutmachine.com\/wp-content\/uploads\/2026\/01\/3-Level-sorting-screen-almond-grading-machine-16x12.webp 16w\" sizes=\"auto, (max-width: 720px) 100vw, 720px\" \/><figcaption class=\"wp-element-caption\">m\u00e1quina de classifica\u00e7\u00e3o de am\u00eandoas com tela de triagem<\/figcaption><\/figure>    <figure class=\"wp-block-image size-large\"><img loading=\"lazy\" decoding=\"async\" width=\"720\" height=\"540\" data-id=\"1198\" src=\"https:\/\/bestpeanutmachine.com\/wp-content\/uploads\/2026\/02\/pistachio-quality-screening.webp\" alt=\"triagem de qualidade de pist\u00e1chios\" class=\"wp-image-1198\" srcset=\"https:\/\/bestpeanutmachine.com\/wp-content\/uploads\/2026\/02\/pistachio-quality-screening.webp 720w, https:\/\/bestpeanutmachine.com\/wp-content\/uploads\/2026\/02\/pistachio-quality-screening-300x225.webp 300w, https:\/\/bestpeanutmachine.com\/wp-content\/uploads\/2026\/02\/pistachio-quality-screening-16x12.webp 16w\" sizes=\"auto, (max-width: 720px) 100vw, 720px\" \/><figcaption class=\"wp-element-caption\">triagem de qualidade de pist\u00e1chios<\/figcaption><\/figure> <\/figure>    <h3 class=\"wp-block-heading\"><strong><a href=\"https:\/\/bestpeanutmachine.com\/pt\/product\/wet-type-almond-skin-peeler-machine\/\">M\u00e1quina de descasque de pist\u00e1chios<\/a> : Remove a pele vermelha exterior das am\u00eandoas<\/strong><\/h3>    <ol class=\"wp-block-list\"> <li>Ap\u00f3s descascado, produz am\u00eandoas de cor verde brilhante para o mercado de alta qualidade.<\/li>    <li>Isto pode remover a adstring\u00eancia antes de processamento adicional, melhorando a qualidade do produto.<\/li> <\/ol>    <figure class=\"wp-block-gallery has-nested-images columns-default is-cropped wp-block-gallery-5 is-layout-flex wp-block-gallery-is-layout-flex\"> <figure class=\"wp-block-image size-large\"><img loading=\"lazy\" decoding=\"async\" width=\"720\" height=\"540\" data-id=\"897\" src=\"https:\/\/bestpeanutmachine.com\/wp-content\/uploads\/2026\/01\/wet-type-peanut-skin-peeling-machine.webp\" alt=\"m\u00e1quina h\u00famida de descasque de pele de amendoim\" class=\"wp-image-897\" srcset=\"https:\/\/bestpeanutmachine.com\/wp-content\/uploads\/2026\/01\/wet-type-peanut-skin-peeling-machine.webp 720w, https:\/\/bestpeanutmachine.com\/wp-content\/uploads\/2026\/01\/wet-type-peanut-skin-peeling-machine-300x225.webp 300w, https:\/\/bestpeanutmachine.com\/wp-content\/uploads\/2026\/01\/wet-type-peanut-skin-peeling-machine-16x12.webp 16w\" sizes=\"auto, (max-width: 720px) 100vw, 720px\" \/><figcaption class=\"wp-element-caption\">m\u00e1quina h\u00famida de descasque de pele de amendoim<\/figcaption><\/figure>    <figure class=\"wp-block-image size-large\"><img loading=\"lazy\" decoding=\"async\" width=\"720\" height=\"540\" data-id=\"1199\" src=\"https:\/\/bestpeanutmachine.com\/wp-content\/uploads\/2026\/02\/pistachios-after-peeling.webp\" alt=\"pist\u00e1chios ap\u00f3s descascados\" class=\"wp-image-1199\" srcset=\"https:\/\/bestpeanutmachine.com\/wp-content\/uploads\/2026\/02\/pistachios-after-peeling.webp 720w, https:\/\/bestpeanutmachine.com\/wp-content\/uploads\/2026\/02\/pistachios-after-peeling-300x225.webp 300w, https:\/\/bestpeanutmachine.com\/wp-content\/uploads\/2026\/02\/pistachios-after-peeling-16x12.webp 16w\" sizes=\"auto, (max-width: 720px) 100vw, 720px\" \/><figcaption class=\"wp-element-caption\">pist\u00e1chios ap\u00f3s descascados<\/figcaption><\/figure> <\/figure>    <h3 class=\"wp-block-heading\"><strong><a href=\"https:\/\/bestpeanutmachine.com\/pt\/product\/pistachio-grinder-machine\/\">Moedor de pist\u00e1chios<\/a> : Produz manteiga de pist\u00e1chio<\/strong><\/h3>    <ol class=\"wp-block-list\"> <li>\u00c9 utilizada nas ind\u00fastrias de pastelaria, sorvetes e confeitaria.<\/li>    <li>Podem ser misturados com am\u00eandoas para criar uma manteiga de nozes saborosa.<\/li> <\/ol>    <figure class=\"wp-block-gallery has-nested-images columns-default is-cropped wp-block-gallery-6 is-layout-flex wp-block-gallery-is-layout-flex\"> <figure class=\"wp-block-image size-large\"><img loading=\"lazy\" decoding=\"async\" width=\"720\" height=\"540\" data-id=\"1164\" src=\"https:\/\/bestpeanutmachine.com\/wp-content\/uploads\/2026\/02\/pistachio-paste-maker-machine.webp\" alt=\"M\u00e1quina de fazer pasta de pist\u00e1chio\" class=\"wp-image-1164\" srcset=\"https:\/\/bestpeanutmachine.com\/wp-content\/uploads\/2026\/02\/pistachio-paste-maker-machine.webp 720w, https:\/\/bestpeanutmachine.com\/wp-content\/uploads\/2026\/02\/pistachio-paste-maker-machine-300x225.webp 300w, https:\/\/bestpeanutmachine.com\/wp-content\/uploads\/2026\/02\/pistachio-paste-maker-machine-16x12.webp 16w\" sizes=\"auto, (max-width: 720px) 100vw, 720px\" \/><figcaption class=\"wp-element-caption\">M\u00e1quina de fazer pasta de pist\u00e1chio<\/figcaption><\/figure>    <figure class=\"wp-block-image size-large\"><img loading=\"lazy\" decoding=\"async\" width=\"720\" height=\"540\" data-id=\"1200\" src=\"https:\/\/bestpeanutmachine.com\/wp-content\/uploads\/2026\/02\/pistachio-paste-1.webp\" alt=\"pasta de pist\u00e1chio\" class=\"wp-image-1200\" srcset=\"https:\/\/bestpeanutmachine.com\/wp-content\/uploads\/2026\/02\/pistachio-paste-1.webp 720w, https:\/\/bestpeanutmachine.com\/wp-content\/uploads\/2026\/02\/pistachio-paste-1-300x225.webp 300w, https:\/\/bestpeanutmachine.com\/wp-content\/uploads\/2026\/02\/pistachio-paste-1-16x12.webp 16w\" sizes=\"auto, (max-width: 720px) 100vw, 720px\" \/><figcaption class=\"wp-element-caption\">pasta de pist\u00e1chio<\/figcaption><\/figure> <\/figure>    <h3 class=\"wp-block-heading\"><strong><a href=\"http:\/\/Peanut &amp; Almond Strip Cutting Machine\">M\u00e1quina de corte de tiras de pist\u00e1chio<\/a> : corta os pist\u00e1chios em tiras<\/strong><\/h3>    <ol class=\"wp-block-list\"> <li>As tiras de pist\u00e1chio s\u00e3o servidas com p\u00e3es ou sobremesas de alta qualidade.<\/li>    <li>Podem enriquecer a textura e a apar\u00eancia dos alimentos.<\/li> <\/ol>    <figure class=\"wp-block-gallery has-nested-images columns-default is-cropped wp-block-gallery-7 is-layout-flex wp-block-gallery-is-layout-flex\"> <figure class=\"wp-block-image size-large\"><img loading=\"lazy\" decoding=\"async\" width=\"720\" height=\"540\" data-id=\"1002\" src=\"https:\/\/bestpeanutmachine.com\/wp-content\/uploads\/2026\/01\/almond-strip-cutting-machine.webp\" alt=\"m\u00e1quina de corte de tiras de nozes\" class=\"wp-image-1002\" srcset=\"https:\/\/bestpeanutmachine.com\/wp-content\/uploads\/2026\/01\/almond-strip-cutting-machine.webp 720w, https:\/\/bestpeanutmachine.com\/wp-content\/uploads\/2026\/01\/almond-strip-cutting-machine-300x225.webp 300w, https:\/\/bestpeanutmachine.com\/wp-content\/uploads\/2026\/01\/almond-strip-cutting-machine-16x12.webp 16w\" sizes=\"auto, (max-width: 720px) 100vw, 720px\" \/><figcaption class=\"wp-element-caption\">m\u00e1quina de corte de tiras de nozes<\/figcaption><\/figure>    <figure class=\"wp-block-image size-large\"><img loading=\"lazy\" decoding=\"async\" width=\"720\" height=\"540\" data-id=\"1001\" src=\"https:\/\/bestpeanutmachine.com\/wp-content\/uploads\/2026\/01\/pistachio-strips.webp\" alt=\"tiras de pist\u00e1chio\" class=\"wp-image-1001\" srcset=\"https:\/\/bestpeanutmachine.com\/wp-content\/uploads\/2026\/01\/pistachio-strips.webp 720w, https:\/\/bestpeanutmachine.com\/wp-content\/uploads\/2026\/01\/pistachio-strips-300x225.webp 300w, https:\/\/bestpeanutmachine.com\/wp-content\/uploads\/2026\/01\/pistachio-strips-16x12.webp 16w\" sizes=\"auto, (max-width: 720px) 100vw, 720px\" \/><figcaption class=\"wp-element-caption\">tiras de pist\u00e1chio<\/figcaption><\/figure> <\/figure>    <h2 class=\"wp-block-heading\"><strong>Linha de produ\u00e7\u00e3o de descasque de pist\u00e1chios em pequena escala<\/strong><\/h2>    <p>Uma linha de produ\u00e7\u00e3o t\u00edpica de processamento de pist\u00e1chios em pequena escala inclui: um elevador de alimenta\u00e7\u00e3o, uma m\u00e1quina de descasque de pist\u00e1chios e uma tela vibrat\u00f3ria. Este \u00e9 o equipamento mais b\u00e1sico, lidando eficientemente com tarefas como descasque e triagem de pist\u00e1chios.<\/p>    <p>Se tiver outros requisitos de processamento avan\u00e7ado, pode especificar suas necessidades de produto ou resultados desejados, e nossa equipe profissional projetar\u00e1 a solu\u00e7\u00e3o mais adequada para si.<\/p>    <figure class=\"wp-block-gallery has-nested-images columns-default is-cropped wp-block-gallery-8 is-layout-flex wp-block-gallery-is-layout-flex\"><div class=\"wp-block-image\"> <figure class=\"aligncenter size-large\"><img loading=\"lazy\" decoding=\"async\" width=\"720\" height=\"540\" data-id=\"1193\" src=\"https:\/\/bestpeanutmachine.com\/wp-content\/uploads\/2026\/02\/pistachio-shelling-production-line.webp\" alt=\"linha de produ\u00e7\u00e3o de descasque de pist\u00e1chios\" class=\"wp-image-1193\" srcset=\"https:\/\/bestpeanutmachine.com\/wp-content\/uploads\/2026\/02\/pistachio-shelling-production-line.webp 720w, https:\/\/bestpeanutmachine.com\/wp-content\/uploads\/2026\/02\/pistachio-shelling-production-line-300x225.webp 300w, https:\/\/bestpeanutmachine.com\/wp-content\/uploads\/2026\/02\/pistachio-shelling-production-line-16x12.webp 16w\" sizes=\"auto, (max-width: 720px) 100vw, 720px\" \/><figcaption class=\"wp-element-caption\">linha de produ\u00e7\u00e3o de descasque de pist\u00e1chios<\/figcaption><\/figure> <\/div><\/figure>    <h2 class=\"wp-block-heading\"><strong>Como escolher um fabricante confi\u00e1vel de m\u00e1quinas de descasque de pist\u00e1chios?<\/strong><\/h2>    <p>Ao escolher um fabricante confi\u00e1vel de m\u00e1quinas de descasque de pist\u00e1chios, considere os seguintes fatores:<\/p>    <ol class=\"wp-block-list\"> <li>Experi\u00eancia de produ\u00e7\u00e3o: fornecedores com anos de experi\u00eancia na fabrica\u00e7\u00e3o de equipamentos de processamento de nozes s\u00e3o mais profissionais.<\/li>    <li>Casos reais de clientes: casos de instala\u00e7\u00e3o e feedback dos clientes oferecem um melhor retorno.<\/li>    <li>Suporte t\u00e9cnico: Garantir que o fabricante forne\u00e7a orienta\u00e7\u00e3o de instala\u00e7\u00e3o, treinamento de opera\u00e7\u00e3o, etc.<\/li>    <li>Certifica\u00e7\u00e3o de qualidade: Verifique se a m\u00e1quina atende aos padr\u00f5es de seguran\u00e7a alimentar e exporta\u00e7\u00e3o.<\/li> <\/ol>    <p>Al\u00e9m disso, um fabricante confi\u00e1vel n\u00e3o fornece apenas equipamentos, mas tamb\u00e9m solu\u00e7\u00f5es completas de processamento. Portanto, para o comprador, encontrar um parceiro confi\u00e1vel requer avalia\u00e7\u00e3o cuidadosa de m\u00faltiplas perspectivas.<\/p>    <p class=\"translation-block\"><strong>Taizy Machinery<\/strong>, uma f\u00e1brica especializada em equipamentos para processamento de nozes h\u00e1 mais de uma d\u00e9cada, possui uma vasta gama de estudos de caso globais e ampla experi\u00eancia em importa\u00e7\u00e3o\/exporta\u00e7\u00e3o. Nosso objetivo \u00e9 fornecer aos nossos clientes m\u00e1quinas de alta qualidade, custo-benef\u00edcio e servi\u00e7os abrangentes.<\/p>    <figure class=\"wp-block-gallery has-nested-images columns-default is-cropped wp-block-gallery-9 is-layout-flex wp-block-gallery-is-layout-flex\"> <figure class=\"wp-block-image size-full\"><img loading=\"lazy\" decoding=\"async\" width=\"720\" height=\"540\" data-id=\"1196\" src=\"https:\/\/bestpeanutmachine.com\/wp-content\/uploads\/2026\/02\/pistachio-hulling-machine.webp\" alt=\"\" class=\"wp-image-1196\" srcset=\"https:\/\/bestpeanutmachine.com\/wp-content\/uploads\/2026\/02\/pistachio-hulling-machine.webp 720w, https:\/\/bestpeanutmachine.com\/wp-content\/uploads\/2026\/02\/pistachio-hulling-machine-300x225.webp 300w, https:\/\/bestpeanutmachine.com\/wp-content\/uploads\/2026\/02\/pistachio-hulling-machine-16x12.webp 16w\" sizes=\"auto, (max-width: 720px) 100vw, 720px\" \/><figcaption class=\"wp-element-caption\">m\u00e1quina de descasque de pist\u00e1chios<\/figcaption><\/figure>    <figure class=\"wp-block-image size-large\"><img loading=\"lazy\" decoding=\"async\" width=\"720\" height=\"540\" data-id=\"1195\" src=\"https:\/\/bestpeanutmachine.com\/wp-content\/uploads\/2026\/02\/Taizy-factory.webp\" alt=\"F\u00e1brica Taizy\" class=\"wp-image-1195\" srcset=\"https:\/\/bestpeanutmachine.com\/wp-content\/uploads\/2026\/02\/Taizy-factory.webp 720w, https:\/\/bestpeanutmachine.com\/wp-content\/uploads\/2026\/02\/Taizy-factory-300x225.webp 300w, https:\/\/bestpeanutmachine.com\/wp-content\/uploads\/2026\/02\/Taizy-factory-16x12.webp 16w\" sizes=\"auto, (max-width: 720px) 100vw, 720px\" \/><figcaption class=\"wp-element-caption\">F\u00e1brica Taizy<\/figcaption><\/figure> <\/figure>    <p>Se tiver alguma d\u00favida sobre a nossa m\u00e1quina de descasque de pist\u00e1chios, por favor, contacte-nos para obter mais detalhes.<\/p>","protected":false},"excerpt":{"rendered":"<p>This pistachio shelling machine efficiently removes pistachio shells with a shelling rate of up to 95% and a breakage rate of only 8%. It can also be integrated with screening machines, peeling machines, and pistachio grinders to create a complete small-scale pistachio production line.<\/p>","protected":false},"author":1,"featured_media":1201,"parent":0,"template":"","tags":[77,84,86],"product-type":[76,6],"class_list":["post-1182","product","type-product","status-publish","has-post-thumbnail","hentry","tag-almond","tag-macadamia","tag-pistachio","product-type-other-nuts-machine","product-type-product"],"_links":{"self":[{"href":"https:\/\/bestpeanutmachine.com\/pt\/wp-json\/wp\/v2\/product\/1182","targetHints":{"allow":["GET"]}}],"collection":[{"href":"https:\/\/bestpeanutmachine.com\/pt\/wp-json\/wp\/v2\/product"}],"about":[{"href":"https:\/\/bestpeanutmachine.com\/pt\/wp-json\/wp\/v2\/types\/product"}],"author":[{"embeddable":true,"href":"https:\/\/bestpeanutmachine.com\/pt\/wp-json\/wp\/v2\/users\/1"}],"wp:featuredmedia":[{"embeddable":true,"href":"https:\/\/bestpeanutmachine.com\/pt\/wp-json\/wp\/v2\/media\/1201"}],"wp:attachment":[{"href":"https:\/\/bestpeanutmachine.com\/pt\/wp-json\/wp\/v2\/media?parent=1182"}],"wp:term":[{"taxonomy":"post_tag","embeddable":true,"href":"https:\/\/bestpeanutmachine.com\/pt\/wp-json\/wp\/v2\/tags?post=1182"},{"taxonomy":"product-type","embeddable":true,"href":"https:\/\/bestpeanutmachine.com\/pt\/wp-json\/wp\/v2\/product-type?post=1182"}],"curies":[{"name":"wp","href":"https:\/\/api.w.org\/{rel}","templated":true}]}}