{"id":1208,"date":"2026-02-24T13:37:56","date_gmt":"2026-02-24T05:37:56","guid":{"rendered":"https:\/\/bestpeanutmachine.com\/?post_type=product&#038;p=1208"},"modified":"2026-02-25T11:00:20","modified_gmt":"2026-02-25T03:00:20","slug":"peanut-cleaning-machine","status":"publish","type":"product","link":"https:\/\/bestpeanutmachine.com\/pt\/product\/peanut-cleaning-machine\/","title":{"rendered":"M\u00e1quina de Limpeza de Amendoim | M\u00e1quina de Lavar o N\u00facleo de Nozes"},"content":{"rendered":"<p class=\"translation-block\">Taizy m\u00e1quina de amendoim do tipo tambor <strong>de limpeza<\/strong> \u00e9 especificamente projetada para limpeza por spray cont\u00ednua de materiais granulares. Ajuda efetivamente a remover poeira, sujeira e impurezas superficiais dos amendoins antes de entrarem em processos como torrefa\u00e7\u00e3o, moagem, revestimento ou prensagem de \u00f3leo.<\/p>    <p>Esta m\u00e1quina pode processar 1-1,5 toneladas de n\u00facleos de amendoim por hora. Os frutos secos processados podem ent\u00e3o ser utilizados em processos adicionais, como revestimento de amendoim e produ\u00e7\u00e3o de manteiga de amendoim, para melhorar a qualidade do produto final.<\/p>    <figure class=\"wp-block-embed aligncenter is-type-video is-provider-youtube wp-block-embed-youtube wp-embed-aspect-16-9 wp-has-aspect-ratio\"><div class=\"wp-block-embed__wrapper\"> <iframe loading=\"lazy\" title=\"M\u00e1quina de Limpeza de N\u00facleo de Amendoim de Tambor Rotativo \u2013 Lavagem por Pulveriza\u00e7\u00e3o de Alta Efici\u00eancia Contacto:  8617703863868\" width=\"500\" height=\"281\" src=\"https:\/\/www.youtube.com\/embed\/HQ4NItyi3m0?feature=oembed\" frameborder=\"0\" allow=\"accelerometer; autoplay; clipboard-write; encrypted-media; gyroscope; picture-in-picture; web-share\" referrerpolicy=\"strict-origin-when-cross-origin\" allowfullscreen><\/iframe> <\/div><figcaption class=\"wp-element-caption\">v\u00eddeo de funcionamento da m\u00e1quina de limpeza de amendoim<\/figcaption><\/figure>    <h2 class=\"wp-block-heading\"><strong>Princ\u00edpio de funcionamento da m\u00e1quina de limpeza de amendoim<\/strong><\/h2>    <p>Esta m\u00e1quina de limpeza de amendoim emprega uma estrutura de tambor rotativo e est\u00e1 equipada com um sistema interno de pulveriza\u00e7\u00e3o de \u00e1gua. O seu processo de funcionamento \u00e9 o seguinte:<\/p>    <ol class=\"wp-block-list\"> <li>Os n\u00facleos de amendoim s\u00e3o alimentados no tambor rotativo.<\/li>    <li>Bicos de alta press\u00e3o dentro do tambor pulverizam \u00e1gua continuamente.<\/li>    <li>\u00c0 medida que o tambor gira, os amendoins tombam para frente.<\/li>    <li>Poeira, lama e pequenas impurezas s\u00e3o removidas atrav\u00e9s de fric\u00e7\u00e3o e lavagem por pulveriza\u00e7\u00e3o.<\/li>    <li>Os amendoins limpos s\u00e3o descarregados automaticamente pela sa\u00edda.<\/li> <\/ol>    <p>A combina\u00e7\u00e3o de fric\u00e7\u00e3o de rolamento e lavagem por spray de \u00e1gua garante uma limpeza completa sem danificar os n\u00facleos de amendoim. Este design \u00e9 particularmente adequado para materiais granulares que requerem limpeza superficial.<\/p>    <h2 class=\"wp-block-heading\"><strong>Principais vantagens da m\u00e1quina de limpeza de n\u00facleo de amendoim<\/strong><\/h2>    <ol class=\"wp-block-list\"> <li>O design de produ\u00e7\u00e3o cont\u00ednua permite que este equipamento opere sem interrup\u00e7\u00f5es, tornando-o adequado para f\u00e1bricas de processamento de m\u00e9dio a grande porte.<\/li>    <li>O m\u00e9todo de limpeza por tambor evita efetivamente a quebra do n\u00facleo de amendoim, mantendo a integridade do produto.<\/li>    <li>\u00c9 adequado para materiais granulares, incluindo amendoins, feij\u00f5es, nozes, sementes e outros produtos agr\u00edcolas semelhantes.<\/li>    <li>A nossa m\u00e1quina de limpeza de amendoim \u00e9 feita de a\u00e7o inoxid\u00e1vel dur\u00e1vel, cuja estrutura \u00e9 simples e f\u00e1cil de limpar ap\u00f3s o uso.<\/li> <\/ol>    <figure class=\"wp-block-gallery has-nested-images columns-default is-cropped wp-block-gallery-2 is-layout-flex wp-block-gallery-is-layout-flex\"> <figure class=\"wp-block-image size-large\"><img loading=\"lazy\" decoding=\"async\" width=\"720\" height=\"540\" data-id=\"1223\" src=\"https:\/\/bestpeanutmachine.com\/wp-content\/uploads\/2026\/02\/peanut-kernel-washing-machine.webp\" alt=\"m\u00e1quina de lavagem de n\u00facleo de amendoim\" class=\"wp-image-1223\" srcset=\"https:\/\/bestpeanutmachine.com\/wp-content\/uploads\/2026\/02\/peanut-kernel-washing-machine.webp 720w, https:\/\/bestpeanutmachine.com\/wp-content\/uploads\/2026\/02\/peanut-kernel-washing-machine-300x225.webp 300w, https:\/\/bestpeanutmachine.com\/wp-content\/uploads\/2026\/02\/peanut-kernel-washing-machine-16x12.webp 16w\" sizes=\"auto, (max-width: 720px) 100vw, 720px\" \/><figcaption class=\"wp-element-caption\">m\u00e1quina de lavagem de n\u00facleo de amendoim<\/figcaption><\/figure>    <figure class=\"wp-block-image size-large\"><img loading=\"lazy\" decoding=\"async\" width=\"720\" height=\"540\" data-id=\"1215\" src=\"https:\/\/bestpeanutmachine.com\/wp-content\/uploads\/2026\/02\/groundnut-kernel-washing-machine.webp\" alt=\"m\u00e1quina de lavagem de n\u00facleo de amendoim\" class=\"wp-image-1215\" srcset=\"https:\/\/bestpeanutmachine.com\/wp-content\/uploads\/2026\/02\/groundnut-kernel-washing-machine.webp 720w, https:\/\/bestpeanutmachine.com\/wp-content\/uploads\/2026\/02\/groundnut-kernel-washing-machine-300x225.webp 300w, https:\/\/bestpeanutmachine.com\/wp-content\/uploads\/2026\/02\/groundnut-kernel-washing-machine-16x12.webp 16w\" sizes=\"auto, (max-width: 720px) 100vw, 720px\" \/><figcaption class=\"wp-element-caption\">m\u00e1quina de lavagem de n\u00facleo de amendoim<\/figcaption><\/figure> <\/figure>    <h2 class=\"wp-block-heading\"><strong>Par\u00e2metros t\u00e9cnicos da m\u00e1quina de lavagem de n\u00facleo de amendoim<\/strong><\/h2>    <figure class=\"wp-block-table\"><table class=\"has-fixed-layout\"><tbody><tr><td>Capacidade<\/td><td>1\u20131,5 t\/h<\/td><\/tr><tr><td>Tamanho da m\u00e1quina<\/td><td>2500\u00d7800\u00d71600 mm<\/td><\/tr><tr><td>Energia principal<\/td><td>1,1 KW<\/td><\/tr><tr><td>Pot\u00eancia da bomba de \u00e1gua<\/td><td>0,75 KW<\/td><\/tr><tr><td>Tipo de produ\u00e7\u00e3o<\/td><td>Opera\u00e7\u00e3o cont\u00ednua<\/td><\/tr><tr><td>Equipamento auxiliar<\/td><td>Elevador de defletor necess\u00e1rio<\/td><\/tr><\/tbody><\/table><figcaption class=\"wp-element-caption\">Especifica\u00e7\u00e3o da m\u00e1quina de limpeza de amendoim<\/figcaption><\/figure>    <p>A sua efici\u00eancia de produ\u00e7\u00e3o depende muito do abastecimento manual de material. Se precisar de um alto grau de automa\u00e7\u00e3o, pode optar por combin\u00e1-la com uma m\u00e1quina de alimenta\u00e7\u00e3o autom\u00e1tica. Se desejar integrar esta m\u00e1quina na sua linha de produ\u00e7\u00e3o existente, por favor, contacte-nos para op\u00e7\u00f5es de configura\u00e7\u00e3o relevantes.<\/p>   <div class=\"wp-block-image\"> <figure class=\"aligncenter size-full\"><img loading=\"lazy\" decoding=\"async\" width=\"720\" height=\"540\" src=\"https:\/\/bestpeanutmachine.com\/wp-content\/uploads\/2026\/02\/groundnut-kernel-cleaner.webp\" alt=\"Limpiador de n\u00facleo de amendoim\" class=\"wp-image-1216\" srcset=\"https:\/\/bestpeanutmachine.com\/wp-content\/uploads\/2026\/02\/groundnut-kernel-cleaner.webp 720w, https:\/\/bestpeanutmachine.com\/wp-content\/uploads\/2026\/02\/groundnut-kernel-cleaner-300x225.webp 300w, https:\/\/bestpeanutmachine.com\/wp-content\/uploads\/2026\/02\/groundnut-kernel-cleaner-16x12.webp 16w\" sizes=\"auto, (max-width: 720px) 100vw, 720px\" \/><figcaption class=\"wp-element-caption\">Limpiador de n\u00facleo de amendoim<\/figcaption><\/figure> <\/div>   <h2 class=\"wp-block-heading\"><strong>Aplica\u00e7\u00f5es desta m\u00e1quina de limpeza de n\u00facleo de amendoim em linhas de produ\u00e7\u00e3o<\/strong><\/h2>    <p>M\u00e1quinas de lavar amendoim s\u00e3o amplamente utilizadas nas seguintes linhas de processamento:<\/p>    <h3 class=\"wp-block-heading\"><strong><a href=\"https:\/\/bestpeanutmachine.com\/pt\/product\/peanut-butter-production-line\/\">Linha de produ\u00e7\u00e3o de manteiga de amendoim<\/a><\/strong><\/h3>    <p>Os amendoins devem ser lavados antes de torrefar e moer. Esta etapa ajuda a:<\/p>    <ul class=\"wp-block-list\"> <li>Prevenir a contamina\u00e7\u00e3o do equipamento de torrefa\u00e7\u00e3o<\/li>    <li>Melhorar a qualidade da manteiga de amendoim<\/li>    <li>Prevenir que a manteiga de amendoim acabada fique demasiado escura<\/li>    <li>Garantir moagem mais suave e melhor sabor<\/li> <\/ul>    <figure class=\"wp-block-gallery has-nested-images columns-default is-cropped wp-block-gallery-3 is-layout-flex wp-block-gallery-is-layout-flex\"> <figure class=\"wp-block-image size-large\"><img loading=\"lazy\" decoding=\"async\" width=\"720\" height=\"540\" data-id=\"1221\" src=\"https:\/\/bestpeanutmachine.com\/wp-content\/uploads\/2026\/02\/peanut-butter.webp\" alt=\"manteiga de amendoim\" class=\"wp-image-1221\" srcset=\"https:\/\/bestpeanutmachine.com\/wp-content\/uploads\/2026\/02\/peanut-butter.webp 720w, https:\/\/bestpeanutmachine.com\/wp-content\/uploads\/2026\/02\/peanut-butter-300x225.webp 300w, https:\/\/bestpeanutmachine.com\/wp-content\/uploads\/2026\/02\/peanut-butter-16x12.webp 16w\" sizes=\"auto, (max-width: 720px) 100vw, 720px\" \/><figcaption class=\"wp-element-caption\">manteiga de amendoim<\/figcaption><\/figure>    <figure class=\"wp-block-image size-large\"><img loading=\"lazy\" decoding=\"async\" width=\"720\" height=\"540\" data-id=\"808\" src=\"https:\/\/bestpeanutmachine.com\/wp-content\/uploads\/2022\/08\/300-kgh-peanut-butter-production-line.webp\" alt=\"Linha de produ\u00e7\u00e3o de manteiga de amendoim de 300 kg\/h\" class=\"wp-image-808\" srcset=\"https:\/\/bestpeanutmachine.com\/wp-content\/uploads\/2022\/08\/300-kgh-peanut-butter-production-line.webp 720w, https:\/\/bestpeanutmachine.com\/wp-content\/uploads\/2022\/08\/300-kgh-peanut-butter-production-line-300x225.webp 300w, https:\/\/bestpeanutmachine.com\/wp-content\/uploads\/2022\/08\/300-kgh-peanut-butter-production-line-16x12.webp 16w\" sizes=\"auto, (max-width: 720px) 100vw, 720px\" \/><figcaption class=\"wp-element-caption\">Linha de produ\u00e7\u00e3o de manteiga de amendoim de 300 kg\/h<\/figcaption><\/figure> <\/figure>    <h3 class=\"wp-block-heading\"><strong><a href=\"https:\/\/bestpeanutmachine.com\/pt\/product\/coated-peanut-production-line\/\">Linha de produ\u00e7\u00e3o de amendoim revestido<\/a><\/strong><\/h3>    <p>Na produ\u00e7\u00e3o de amendoins revestidos (amendoins temperados):<\/p>    <ul class=\"wp-block-list\"> <li>Uma superf\u00edcie de amendoim limpa garante melhor ader\u00eancia do revestimento<\/li>    <li>Melhorar a apar\u00eancia e a uniformidade do produto<\/li> <\/ul>    <figure class=\"wp-block-gallery has-nested-images columns-default is-cropped wp-block-gallery-4 is-layout-flex wp-block-gallery-is-layout-flex\"> <figure class=\"wp-block-image size-large\"><img loading=\"lazy\" decoding=\"async\" width=\"720\" height=\"540\" data-id=\"1222\" src=\"https:\/\/bestpeanutmachine.com\/wp-content\/uploads\/2026\/02\/sugar-coated-peanut.webp\" alt=\"Amendoim coberto de a\u00e7\u00facar\" class=\"wp-image-1222\" srcset=\"https:\/\/bestpeanutmachine.com\/wp-content\/uploads\/2026\/02\/sugar-coated-peanut.webp 720w, https:\/\/bestpeanutmachine.com\/wp-content\/uploads\/2026\/02\/sugar-coated-peanut-300x225.webp 300w, https:\/\/bestpeanutmachine.com\/wp-content\/uploads\/2026\/02\/sugar-coated-peanut-16x12.webp 16w\" sizes=\"auto, (max-width: 720px) 100vw, 720px\" \/><figcaption class=\"wp-element-caption\">Amendoim coberto de a\u00e7\u00facar<\/figcaption><\/figure>    <figure class=\"wp-block-image size-large\"><img loading=\"lazy\" decoding=\"async\" width=\"720\" height=\"540\" data-id=\"554\" src=\"https:\/\/bestpeanutmachine.com\/wp-content\/uploads\/2025\/10\/coated-peanut-production-line-1.webp\" alt=\"linha de produ\u00e7\u00e3o de amendoim revestido\" class=\"wp-image-554\" srcset=\"https:\/\/bestpeanutmachine.com\/wp-content\/uploads\/2025\/10\/coated-peanut-production-line-1.webp 720w, https:\/\/bestpeanutmachine.com\/wp-content\/uploads\/2025\/10\/coated-peanut-production-line-1-300x225.webp 300w, https:\/\/bestpeanutmachine.com\/wp-content\/uploads\/2025\/10\/coated-peanut-production-line-1-16x12.webp 16w\" sizes=\"auto, (max-width: 720px) 100vw, 720px\" \/><figcaption class=\"wp-element-caption\">linha de produ\u00e7\u00e3o de amendoim revestido<\/figcaption><\/figure> <\/figure>    <p>Al\u00e9m disso, esta m\u00e1quina de lavagem de n\u00facleo de amendoim tamb\u00e9m pode lavar soja, cacau, t\u00e2maras vermelhas e muitos outros tipos de nozes granulares. Se tiver outras necessidades de processamento, por favor, contacte-nos. A nossa equipa de vendas profissional recomendar\u00e1 a m\u00e1quina mais adequada com base no seu material e requisitos de produ\u00e7\u00e3o.<\/p>    <figure class=\"wp-block-gallery has-nested-images columns-2 is-cropped wp-block-gallery-5 is-layout-flex wp-block-gallery-is-layout-flex\"> <figure class=\"wp-block-image size-large\"><img loading=\"lazy\" decoding=\"async\" width=\"720\" height=\"540\" data-id=\"1219\" src=\"https:\/\/bestpeanutmachine.com\/wp-content\/uploads\/2026\/02\/soybean.webp\" alt=\"soja\" class=\"wp-image-1219\" srcset=\"https:\/\/bestpeanutmachine.com\/wp-content\/uploads\/2026\/02\/soybean.webp 720w, https:\/\/bestpeanutmachine.com\/wp-content\/uploads\/2026\/02\/soybean-300x225.webp 300w, https:\/\/bestpeanutmachine.com\/wp-content\/uploads\/2026\/02\/soybean-16x12.webp 16w\" sizes=\"auto, (max-width: 720px) 100vw, 720px\" \/><figcaption class=\"wp-element-caption\">soja<\/figcaption><\/figure>    <figure class=\"wp-block-image size-large\"><img loading=\"lazy\" decoding=\"async\" width=\"720\" height=\"540\" data-id=\"1220\" src=\"https:\/\/bestpeanutmachine.com\/wp-content\/uploads\/2026\/02\/groundnut.webp\" alt=\"amendoim\" class=\"wp-image-1220\" srcset=\"https:\/\/bestpeanutmachine.com\/wp-content\/uploads\/2026\/02\/groundnut.webp 720w, https:\/\/bestpeanutmachine.com\/wp-content\/uploads\/2026\/02\/groundnut-300x225.webp 300w, https:\/\/bestpeanutmachine.com\/wp-content\/uploads\/2026\/02\/groundnut-16x12.webp 16w\" sizes=\"auto, (max-width: 720px) 100vw, 720px\" \/><figcaption class=\"wp-element-caption\">amendoim<\/figcaption><\/figure>    <figure class=\"wp-block-image size-large\"><img loading=\"lazy\" decoding=\"async\" width=\"720\" height=\"540\" data-id=\"1217\" src=\"https:\/\/bestpeanutmachine.com\/wp-content\/uploads\/2026\/02\/cocoa-bean.webp\" alt=\"gr\u00e3o de cacau\" class=\"wp-image-1217\" srcset=\"https:\/\/bestpeanutmachine.com\/wp-content\/uploads\/2026\/02\/cocoa-bean.webp 720w, https:\/\/bestpeanutmachine.com\/wp-content\/uploads\/2026\/02\/cocoa-bean-300x225.webp 300w, https:\/\/bestpeanutmachine.com\/wp-content\/uploads\/2026\/02\/cocoa-bean-16x12.webp 16w\" sizes=\"auto, (max-width: 720px) 100vw, 720px\" \/><figcaption class=\"wp-element-caption\">gr\u00e3o de cacau<\/figcaption><\/figure>    <figure class=\"wp-block-image size-large\"><img loading=\"lazy\" decoding=\"async\" width=\"720\" height=\"540\" data-id=\"1218\" src=\"https:\/\/bestpeanutmachine.com\/wp-content\/uploads\/2026\/02\/red-dates.webp\" alt=\"t\u00e2maras vermelhas\" class=\"wp-image-1218\" srcset=\"https:\/\/bestpeanutmachine.com\/wp-content\/uploads\/2026\/02\/red-dates.webp 720w, https:\/\/bestpeanutmachine.com\/wp-content\/uploads\/2026\/02\/red-dates-300x225.webp 300w, https:\/\/bestpeanutmachine.com\/wp-content\/uploads\/2026\/02\/red-dates-16x12.webp 16w\" sizes=\"auto, (max-width: 720px) 100vw, 720px\" \/><figcaption class=\"wp-element-caption\">t\u00e2maras vermelhas<\/figcaption><\/figure> <\/figure>    <h2 class=\"wp-block-heading\"><strong>Por que uma m\u00e1quina de limpeza de amendoim \u00e9 essencial?<\/strong><\/h2>    <p>A limpeza inadequada de n\u00facleos de amendoim durante outros processos pode levar ao ac\u00famulo de poeira na m\u00e1quina de torrefa\u00e7\u00e3o e acelerar o desgaste do equipamento de moagem. O produto final pode n\u00e3o atender aos padr\u00f5es de higiene.<\/p>    <p>Investing in a professional peanut washing machine not only extends the equipment&#8217;s lifespan but also significantly impacts the quality of the final product. If you have strict quality control requirements and high standards for your products, investing in this machine is an excellent choice.<\/p>    <p>Se estiver a construir ou a melhorar uma f\u00e1brica de processamento de amendoim, esta m\u00e1quina de limpeza de amendoim ser\u00e1 uma escolha pr\u00e1tica e econ\u00f3mica. Contacte-nos para um or\u00e7amento!<\/p>","protected":false},"excerpt":{"rendered":"<p>This peanut cleaning machine uses a rotary drum and internal spray system to remove dust and soil from peanuts efficiently. With 1\u20131.5 tons per hour capacity, it is ideal for peanut butter production lines, coated peanut processing, and other granular material washing applications.<\/p>","protected":false},"author":1,"featured_media":1214,"parent":0,"template":"","tags":[12,11],"product-type":[69,6],"class_list":["post-1208","product","type-product","status-publish","has-post-thumbnail","hentry","tag-groundnut","tag-peanut","product-type-peanut-machine","product-type-product"],"_links":{"self":[{"href":"https:\/\/bestpeanutmachine.com\/pt\/wp-json\/wp\/v2\/product\/1208","targetHints":{"allow":["GET"]}}],"collection":[{"href":"https:\/\/bestpeanutmachine.com\/pt\/wp-json\/wp\/v2\/product"}],"about":[{"href":"https:\/\/bestpeanutmachine.com\/pt\/wp-json\/wp\/v2\/types\/product"}],"author":[{"embeddable":true,"href":"https:\/\/bestpeanutmachine.com\/pt\/wp-json\/wp\/v2\/users\/1"}],"wp:featuredmedia":[{"embeddable":true,"href":"https:\/\/bestpeanutmachine.com\/pt\/wp-json\/wp\/v2\/media\/1214"}],"wp:attachment":[{"href":"https:\/\/bestpeanutmachine.com\/pt\/wp-json\/wp\/v2\/media?parent=1208"}],"wp:term":[{"taxonomy":"post_tag","embeddable":true,"href":"https:\/\/bestpeanutmachine.com\/pt\/wp-json\/wp\/v2\/tags?post=1208"},{"taxonomy":"product-type","embeddable":true,"href":"https:\/\/bestpeanutmachine.com\/pt\/wp-json\/wp\/v2\/product-type?post=1208"}],"curies":[{"name":"wp","href":"https:\/\/api.w.org\/{rel}","templated":true}]}}