{"id":1229,"date":"2026-02-25T14:47:06","date_gmt":"2026-02-25T06:47:06","guid":{"rendered":"https:\/\/bestpeanutmachine.com\/?post_type=product&#038;p=1229"},"modified":"2026-02-27T17:56:53","modified_gmt":"2026-02-27T09:56:53","slug":"chestnut-roaster-machine","status":"publish","type":"product","link":"https:\/\/bestpeanutmachine.com\/pt\/product\/chestnut-roaster-machine\/","title":{"rendered":"M\u00e1quina de Torrar Castanhas"},"content":{"rendered":"<p class=\"translation-block\">A <strong>m\u00e1quina de torrefa\u00e7\u00e3o de castanhas<\/strong> \u00e9 um sistema comercial de torrefa\u00e7\u00e3o do tipo tambor, projetado para torrar uniformemente castanhas, amendoins, sementes e outros produtos de snack, 15\u201375 kg por lote. Utiliza aquecimento controlado e rota\u00e7\u00e3o cont\u00ednua do tambor para garantir que os alimentos sejam assados de forma uniforme sem queimar.<\/p>    <p>Com op\u00e7\u00f5es de aquecimento flex\u00edveis (g\u00e1s ou el\u00e9trico) e m\u00faltiplas op\u00e7\u00f5es de material (a\u00e7o carbono ou a\u00e7o inoxid\u00e1vel), \u00e9 ideal tanto para lojas de torrefa\u00e7\u00e3o iniciantes quanto para neg\u00f3cios de snacks em expans\u00e3o.<\/p>    <figure class=\"wp-block-embed aligncenter is-type-video is-provider-youtube wp-block-embed-youtube wp-embed-aspect-16-9 wp-has-aspect-ratio\"><div class=\"wp-block-embed__wrapper\"> <iframe loading=\"lazy\" title=\"Chestnut Roaster Machine | Gas &amp; Electric Drum Roasting Process Contact: +8617703863868\" width=\"500\" height=\"281\" src=\"https:\/\/www.youtube.com\/embed\/2sYTPtqRL0s?feature=oembed\" frameborder=\"0\" allow=\"accelerometer; autoplay; clipboard-write; encrypted-media; gyroscope; picture-in-picture; web-share\" referrerpolicy=\"strict-origin-when-cross-origin\" allowfullscreen><\/iframe> <\/div><figcaption class=\"wp-element-caption\">v\u00eddeo de funcionamento da pequena m\u00e1quina de torrefa\u00e7\u00e3o de castanhas<\/figcaption><\/figure>    <h2 class=\"wp-block-heading\"><strong>Vantagens principais da m\u00e1quina de torrefa\u00e7\u00e3o de sementes de girassol<\/strong><\/h2>    <ul class=\"wp-block-list\"> <li>Esta m\u00e1quina de torrefa\u00e7\u00e3o de castanhas oferece dois m\u00e9todos de aquecimento: g\u00e1s e el\u00e9trico. Funciona de forma limpa, \u00e9 f\u00e1cil de instalar e fornece controlo de temperatura est\u00e1vel, tornando-se adequada para v\u00e1rios ambientes.<\/li>    <li>Pode ser feita de a\u00e7o carbono ou a\u00e7o inoxid\u00e1vel. Cada material tem as suas pr\u00f3prias caracter\u00edsticas e diferen\u00e7as de pre\u00e7o. A Taizy recomenda usar o modelo de a\u00e7o inoxid\u00e1vel para ambientes comerciais de alimentos.<\/li>    <li>Dependendo do modelo, pode produzir entre 15\u201375 kg por lote, permitindo aos operadores assar pequenas quantidades de produto sob demanda e expandir a sua linha de produtos sem comprar equipamento novo.<\/li> <\/ul>   <div class=\"wp-block-image\"> <figure class=\"aligncenter size-full\"><img loading=\"lazy\" decoding=\"async\" width=\"720\" height=\"540\" src=\"https:\/\/bestpeanutmachine.com\/wp-content\/uploads\/2026\/02\/nut-roasting-machine.webp\" alt=\"m\u00e1quina de torrefa\u00e7\u00e3o de frutos secos\" class=\"wp-image-1235\" srcset=\"https:\/\/bestpeanutmachine.com\/wp-content\/uploads\/2026\/02\/nut-roasting-machine.webp 720w, https:\/\/bestpeanutmachine.com\/wp-content\/uploads\/2026\/02\/nut-roasting-machine-300x225.webp 300w, https:\/\/bestpeanutmachine.com\/wp-content\/uploads\/2026\/02\/nut-roasting-machine-16x12.webp 16w\" sizes=\"auto, (max-width: 720px) 100vw, 720px\" \/><figcaption class=\"wp-element-caption\">m\u00e1quina de torrefa\u00e7\u00e3o de frutos secos<\/figcaption><\/figure> <\/div>   <h2 class=\"wp-block-heading\"><strong>Princ\u00edpio de funcionamento da m\u00e1quina de torrefa\u00e7\u00e3o de amendoins<\/strong><\/h2>    <p>A m\u00e1quina de torrefa\u00e7\u00e3o de amendoim comercial da Taizy usa um sistema de aquecimento de tambor rotativo, que aquece uniformemente o tambor de torrefa\u00e7\u00e3o atrav\u00e9s de um queimador a g\u00e1s ou elemento de aquecimento el\u00e9trico. \u00c0 medida que o tambor gira continuamente, as castanhas ou amendoins s\u00e3o rolados e torrados de forma uniforme.<\/p>    <p>A built-in temperature controller of this machine allows for the adjustment of the roasting temperature according to different products. After roasting, the drum&#8217;s special structure allows for automatic unloading, facilitating easy discharge.<\/p>    <h2 class=\"wp-block-heading\"><strong>Especifica\u00e7\u00f5es do modelo da pequena m\u00e1quina de torrefa\u00e7\u00e3o de frutos secos<\/strong><\/h2>    <p>As nossas m\u00e1quinas comerciais de torrefa\u00e7\u00e3o de castanhas est\u00e3o dispon\u00edveis em v\u00e1rios modelos para atender diferentes necessidades de produ\u00e7\u00e3o, principalmente divididas em tr\u00eas tipos: 50, 100 e 200.<\/p>    <h3 class=\"wp-block-heading\"><strong>M\u00e1quina de torrefa\u00e7\u00e3o de am\u00eandoas Modelo 50<\/strong><\/h3>    <figure class=\"wp-block-table\"><table class=\"has-fixed-layout\"><tbody><tr><td>Capacidade<\/td><td>Aproximadamente 15 kg de castanhas por lote<\/td><\/tr><tr><td>Tempo de aquecimento<\/td><td>Aquecimento a g\u00e1s: 20-25 minutos<br>Aquecimento el\u00e9trico: 30-40 minutos<\/td><\/tr><tr><td>\u00c1reas de aplica\u00e7\u00e3o<\/td><td>Adequado para pequenas lojas de snacks e balc\u00f5es de retalho.<\/td><\/tr><\/tbody><\/table><figcaption class=\"wp-element-caption\">Par\u00e2metros do pequeno torrador de frutos secos Modelo 50<\/figcaption><\/figure>    <h3 class=\"wp-block-heading\"><strong>M\u00e1quina de torrefa\u00e7\u00e3o de castanhas Modelo 100<\/strong><\/h3>    <figure class=\"wp-block-table\"><table class=\"has-fixed-layout\"><tbody><tr><td>Capacidade<\/td><td>Aproximadamente 40 kg de castanhas por lote<\/td><\/tr><tr><td>Tempo de aquecimento<\/td><td>Aquecimento a g\u00e1s: Aproximadamente 20 minutos<br>Aquecimento el\u00e9trico: Aproximadamente 30-40 minutos<\/td><\/tr><tr><td>\u00c1reas de aplica\u00e7\u00e3o<\/td><td>Adequado para padarias de m\u00e9dio porte.<\/td><\/tr><\/tbody><\/table><figcaption class=\"wp-element-caption\">Especifica\u00e7\u00f5es da m\u00e1quina de torrefa\u00e7\u00e3o de caju Modelo 100<\/figcaption><\/figure>    <h3 class=\"wp-block-heading\"> <strong>M\u00e1quina de torrador de tambor Modelo 200<\/strong><\/h3>    <figure class=\"wp-block-table\"><table class=\"has-fixed-layout\"><tbody><tr><td>Capacidade<\/td><td>Aproximadamente 75 kg de castanhas por lote<\/td><\/tr><tr><td>Tempo de aquecimento<\/td><td>Aquecimento a g\u00e1s: Aproximadamente 20-25 minutos<br>Aquecimento el\u00e9trico: Aproximadamente 35-40 minutos<\/td><\/tr><tr><td>\u00c1reas de aplica\u00e7\u00e3o<\/td><td>Projetado para lojas de snacks de alta demanda <br>ou aplica\u00e7\u00f5es semi-industriais.<\/td><\/tr><\/tbody><\/table><figcaption class=\"wp-element-caption\">Par\u00e2metros t\u00e9cnicos da m\u00e1quina de torrefa\u00e7\u00e3o de frutos secos Modelo 200<\/figcaption><\/figure>    <p>As seguintes sugest\u00f5es aplicam-se \u00e0 escolha entre os dois m\u00e9todos de aquecimento:<\/p>    <ol class=\"wp-block-list\"> <li><strong>Aquecimento a g\u00e1s<\/strong> \u00e9 mais r\u00e1pido e mais eficiente em termos energ\u00e9ticos, adequado para torrefa\u00e7\u00e3o em grande volume.<\/li>    <li><strong>Aquecimento el\u00e9trico<\/strong> permite controlo de temperatura preciso, tornando-se uma escolha ideal para ambientes comerciais internos.<\/li> <\/ol>   <div class=\"wp-block-image\"> <figure class=\"aligncenter size-full\"><img loading=\"lazy\" decoding=\"async\" width=\"720\" height=\"540\" src=\"https:\/\/bestpeanutmachine.com\/wp-content\/uploads\/2026\/02\/commercial-chestnut-roaster-machine.webp\" alt=\"M\u00e1quina comercial de torrefa\u00e7\u00e3o de castanhas\" class=\"wp-image-1236\" srcset=\"https:\/\/bestpeanutmachine.com\/wp-content\/uploads\/2026\/02\/commercial-chestnut-roaster-machine.webp 720w, https:\/\/bestpeanutmachine.com\/wp-content\/uploads\/2026\/02\/commercial-chestnut-roaster-machine-300x225.webp 300w, https:\/\/bestpeanutmachine.com\/wp-content\/uploads\/2026\/02\/commercial-chestnut-roaster-machine-16x12.webp 16w\" sizes=\"auto, (max-width: 720px) 100vw, 720px\" \/><figcaption class=\"wp-element-caption\">M\u00e1quina comercial de torrefa\u00e7\u00e3o de castanhas<\/figcaption><\/figure> <\/div>   <p>If you still don&#8217;t know which one is better for your business, you can ask us. We will introduce the most suitable one depending on your real needs.<\/p>    <h2 class=\"wp-block-heading\"><strong>Por que investir numa m\u00e1quina de torrefa\u00e7\u00e3o de castanhas?<\/strong><\/h2>    <ol class=\"wp-block-list\"> <li>Esta m\u00e1quina \u00e9 mais r\u00e1pida do que o torrefador tradicional a carv\u00e3o.<\/li>    <li>Garante qualidade consistente em cada lote.<\/li>    <li>Cada lote pode ser torrado em quantidades de 15-75 kg, atendendo \u00e0s necessidades comerciais.<\/li> <\/ol>    <p>This commercial chestnut roasting machine is more than just a baking device, and it&#8217;s an ideal solution for snack entrepreneurs to improve production efficiency and profitability.<\/p>   <div class=\"wp-block-image\"> <figure class=\"aligncenter size-full\"><img loading=\"lazy\" decoding=\"async\" width=\"720\" height=\"540\" src=\"https:\/\/bestpeanutmachine.com\/wp-content\/uploads\/2026\/02\/cashew-nut-roaster-machine.webp\" alt=\"m\u00e1quina de torrefa\u00e7\u00e3o de caju\" class=\"wp-image-1237\" srcset=\"https:\/\/bestpeanutmachine.com\/wp-content\/uploads\/2026\/02\/cashew-nut-roaster-machine.webp 720w, https:\/\/bestpeanutmachine.com\/wp-content\/uploads\/2026\/02\/cashew-nut-roaster-machine-300x225.webp 300w, https:\/\/bestpeanutmachine.com\/wp-content\/uploads\/2026\/02\/cashew-nut-roaster-machine-16x12.webp 16w\" sizes=\"auto, (max-width: 720px) 100vw, 720px\" \/><figcaption class=\"wp-element-caption\">m\u00e1quina de torrefa\u00e7\u00e3o de caju<\/figcaption><\/figure> <\/div>   <h2 class=\"wp-block-heading\"><strong>Caso de sucesso: expans\u00e3o de loja de snacks na Mal\u00e1sia<\/strong><\/h2>    <p>O propriet\u00e1rio de uma loja de snacks na Mal\u00e1sia usava anteriormente uma m\u00e1quina semi-autom\u00e1tica para torrar castanhas e amendoins. Mas a produ\u00e7\u00e3o era lenta e, \u00e0 medida que o volume de pedidos aumentava, decidiu atualizar o equipamento.<\/p>    <p>Ap\u00f3s investir numa torradeira de castanhas a g\u00e1s Modelo 100 da Taizy, reduziu o tempo de torrefa\u00e7\u00e3o para 20 minutos e garantiu uma cor e sabor consistentes ao produto.<\/p>    <p>A automa\u00e7\u00e3o aprimorada reduziu os custos laborais, e o propriet\u00e1rio conseguiu expandir a sua gama de produtos para incluir amendoins torrados, frutos secos aromatizados e castanhas sazonais, come\u00e7ando a fornecer aos supermercados pr\u00f3ximos.<\/p>    <p>Por fim, o seu neg\u00f3cio evoluiu de uma pequena banca de rua para uma f\u00e1brica de torrefa\u00e7\u00e3o e processamento de atacado e retalho est\u00e1vel, alcan\u00e7ando uma atualiza\u00e7\u00e3o industrial bem-sucedida.<\/p>    <figure class=\"wp-block-gallery has-nested-images columns-default is-cropped wp-block-gallery-2 is-layout-flex wp-block-gallery-is-layout-flex\"> <figure class=\"wp-block-image size-large\"><img loading=\"lazy\" decoding=\"async\" width=\"720\" height=\"540\" data-id=\"1233\" src=\"https:\/\/bestpeanutmachine.com\/wp-content\/uploads\/2026\/02\/sugar-roasted-chestnuts.webp\" alt=\"castanhas assadas com a\u00e7\u00facar\" class=\"wp-image-1233\" srcset=\"https:\/\/bestpeanutmachine.com\/wp-content\/uploads\/2026\/02\/sugar-roasted-chestnuts.webp 720w, https:\/\/bestpeanutmachine.com\/wp-content\/uploads\/2026\/02\/sugar-roasted-chestnuts-300x225.webp 300w, https:\/\/bestpeanutmachine.com\/wp-content\/uploads\/2026\/02\/sugar-roasted-chestnuts-16x12.webp 16w\" sizes=\"auto, (max-width: 720px) 100vw, 720px\" \/><figcaption class=\"wp-element-caption\">castanhas assadas com a\u00e7\u00facar<\/figcaption><\/figure>    <figure class=\"wp-block-image size-large\"><img loading=\"lazy\" decoding=\"async\" width=\"720\" height=\"540\" data-id=\"1234\" src=\"https:\/\/bestpeanutmachine.com\/wp-content\/uploads\/2026\/02\/upgraded-roasted-nuts-snack-shop.webp\" alt=\"loja de snacks de frutos secos aprimorada\" class=\"wp-image-1234\" srcset=\"https:\/\/bestpeanutmachine.com\/wp-content\/uploads\/2026\/02\/upgraded-roasted-nuts-snack-shop.webp 720w, https:\/\/bestpeanutmachine.com\/wp-content\/uploads\/2026\/02\/upgraded-roasted-nuts-snack-shop-300x225.webp 300w, https:\/\/bestpeanutmachine.com\/wp-content\/uploads\/2026\/02\/upgraded-roasted-nuts-snack-shop-16x12.webp 16w\" sizes=\"auto, (max-width: 720px) 100vw, 720px\" \/><figcaption class=\"wp-element-caption\">loja de snacks de frutos secos aprimorada<\/figcaption><\/figure> <\/figure>    <p>A Taizy Machines dedica-se a ajudar as pessoas a alcan\u00e7ar m\u00e1xima automa\u00e7\u00e3o e fornecer suporte t\u00e9cnico a longo prazo para o desenvolvimento empresarial. Por favor, contacte-nos para informa\u00e7\u00f5es mais detalhadas, se necess\u00e1rio.<\/p>    <p>Mais equipamentos de processamento de frutos secos: <\/p>    <ul class=\"wp-block-list\"> <li><a href=\"https:\/\/bestpeanutmachine.com\/pt\/product\/peanut-coating-machine\/\">M\u00e1quina de revestimento de amendoim<\/a><\/li>    <li><a href=\"https:\/\/bestpeanutmachine.com\/pt\/product\/peanut-roasting-machine\/\">M\u00e1quina de torrefa\u00e7\u00e3o de amendoim<\/a><\/li> <\/ul>","protected":false},"excerpt":{"rendered":"<p>This chestnut roaster is a commercial rotary drum roasting system designed for snack shops and food businesses. It can be equipped with gas or electric heating to quickly and evenly roast chestnuts, peanuts, and various nuts. With a single roasting capacity of 15-75 kg, it is constructed from durable cast iron or food-grade stainless steel and is suitable for long-term commercial use.<\/p>","protected":false},"author":1,"featured_media":1238,"parent":0,"template":"","tags":[77,80,86],"product-type":[76,6],"class_list":["post-1229","product","type-product","status-publish","has-post-thumbnail","hentry","tag-almond","tag-cocoa","tag-pistachio","product-type-other-nuts-machine","product-type-product"],"_links":{"self":[{"href":"https:\/\/bestpeanutmachine.com\/pt\/wp-json\/wp\/v2\/product\/1229","targetHints":{"allow":["GET"]}}],"collection":[{"href":"https:\/\/bestpeanutmachine.com\/pt\/wp-json\/wp\/v2\/product"}],"about":[{"href":"https:\/\/bestpeanutmachine.com\/pt\/wp-json\/wp\/v2\/types\/product"}],"author":[{"embeddable":true,"href":"https:\/\/bestpeanutmachine.com\/pt\/wp-json\/wp\/v2\/users\/1"}],"wp:featuredmedia":[{"embeddable":true,"href":"https:\/\/bestpeanutmachine.com\/pt\/wp-json\/wp\/v2\/media\/1238"}],"wp:attachment":[{"href":"https:\/\/bestpeanutmachine.com\/pt\/wp-json\/wp\/v2\/media?parent=1229"}],"wp:term":[{"taxonomy":"post_tag","embeddable":true,"href":"https:\/\/bestpeanutmachine.com\/pt\/wp-json\/wp\/v2\/tags?post=1229"},{"taxonomy":"product-type","embeddable":true,"href":"https:\/\/bestpeanutmachine.com\/pt\/wp-json\/wp\/v2\/product-type?post=1229"}],"curies":[{"name":"wp","href":"https:\/\/api.w.org\/{rel}","templated":true}]}}