{"id":1274,"date":"2026-03-04T14:48:22","date_gmt":"2026-03-04T06:48:22","guid":{"rendered":"https:\/\/bestpeanutmachine.com\/?post_type=product&#038;p=1274"},"modified":"2026-03-04T17:27:12","modified_gmt":"2026-03-04T09:27:12","slug":"combined-peanut-shelling-unit","status":"publish","type":"product","link":"https:\/\/bestpeanutmachine.com\/pt\/product\/combined-peanut-shelling-unit\/","title":{"rendered":"Unidade de Descascamento de Amendoim Com Sistema de Limpeza e Classifica\u00e7\u00e3o"},"content":{"rendered":"<p class=\"translation-block\">A <strong>unidade de descascamento de amendoim<\/strong> integra os sistemas de limpeza e descascamento numa \u00fanica unidade, formando uma solu\u00e7\u00e3o completa de processamento que inclui limpeza, descascamento e separa\u00e7\u00e3o de amendoim. Possui uma taxa de limpeza de \u226599%, uma taxa de descascamento de \u226599%, uma taxa de perdas de \u22640,5% e uma taxa de quebras de \u22645%.<\/p>    <p>Primeiro remove as impurezas pesadas e leves dos amendoins, depois realiza o descascamento em m\u00faltiplas etapas. O teor de umidade do amendoim deve estar abaixo de 10% para garantir uma alta taxa de descascamento e uma baixa taxa de quebras. \u00c9 especialmente utilizado em \u00e1reas produtoras de amendoim (regi\u00f5es montanhosas, de colinas e solos arenosos).<\/p>    <figure class=\"wp-block-embed aligncenter is-type-video is-provider-youtube wp-block-embed-youtube wp-embed-aspect-16-9 wp-has-aspect-ratio\"><div class=\"wp-block-embed__wrapper\"> <iframe loading=\"lazy\" title=\"Linha de processamento de amendoim industrial de 8000kg\/h, unidade de descasque de amendoim combinada. Contacto:  8617703863868\" width=\"500\" height=\"281\" src=\"https:\/\/www.youtube.com\/embed\/CP013EhPJHc?feature=oembed\" frameborder=\"0\" allow=\"accelerometer; autoplay; clipboard-write; encrypted-media; gyroscope; picture-in-picture; web-share\" referrerpolicy=\"strict-origin-when-cross-origin\" allowfullscreen><\/iframe> <\/div><figcaption class=\"wp-element-caption\">v\u00eddeo de funcionamento da unidade de descasque de amendoim<\/figcaption><\/figure>    <h2 class=\"wp-block-heading\"><strong>Vantagens significativas da unidade de descasque de amendoim<\/strong><\/h2>    <ol class=\"wp-block-list\"> <li>A nossa unidade de descasque de amendoim consiste em duas partes: um sistema de remo\u00e7\u00e3o de impurezas e um sistema de descasque de amendoim. Esta estrutura garante a limpeza das mat\u00e9rias-primas antes do descasque, melhorando a qualidade final.<\/li>    <li>Esta m\u00e1quina de descasque de amendoim apresenta um design de tr\u00eas rolos que descasca a camada de amendoim em camadas. A folga ajust\u00e1vel entre os rolos e a grade c\u00f4ncava garante uma taxa de descasque \u226599% e uma taxa de quebras \u22645%.<\/li>    <li>O sistema de descasque est\u00e1 equipado com telas de classifica\u00e7\u00e3o de v\u00e1rias camadas para separar os amendoins das cascas, melhorando a efici\u00eancia geral.<\/li>    <li>A se\u00e7\u00e3o de limpeza e remo\u00e7\u00e3o de impurezas est\u00e1 equipada com uma tela vibrat\u00f3ria e um grande ventilador, que utiliza um sistema de fluxo de ar potente para remover cascas de amendoim e impurezas menores.<\/li>    <li>A se\u00e7\u00e3o de descasque est\u00e1 equipada com um sistema autom\u00e1tico de re-descasque, que pode classificar e re-descascar amendoins incompletamente descascados, melhorando significativamente a taxa de descasque.<\/li> <\/ol>    <figure class=\"wp-block-gallery has-nested-images columns-default is-cropped wp-block-gallery-2 is-layout-flex wp-block-gallery-is-layout-flex\"> <figure class=\"wp-block-image size-large\"><img loading=\"lazy\" decoding=\"async\" width=\"720\" height=\"540\" data-id=\"1287\" src=\"https:\/\/bestpeanutmachine.com\/wp-content\/uploads\/2026\/03\/grading-screens.webp\" alt=\"Telas de classifica\u00e7\u00e3o\" class=\"wp-image-1287\" srcset=\"https:\/\/bestpeanutmachine.com\/wp-content\/uploads\/2026\/03\/grading-screens.webp 720w, https:\/\/bestpeanutmachine.com\/wp-content\/uploads\/2026\/03\/grading-screens-300x225.webp 300w, https:\/\/bestpeanutmachine.com\/wp-content\/uploads\/2026\/03\/grading-screens-16x12.webp 16w\" sizes=\"auto, (max-width: 720px) 100vw, 720px\" \/><figcaption class=\"wp-element-caption\">Telas de classifica\u00e7\u00e3o<\/figcaption><\/figure>    <figure class=\"wp-block-image size-large\"><img loading=\"lazy\" decoding=\"async\" width=\"720\" height=\"540\" data-id=\"1288\" src=\"https:\/\/bestpeanutmachine.com\/wp-content\/uploads\/2026\/03\/peanut-shell-removing-machine.webp\" alt=\"m\u00e1quina de remo\u00e7\u00e3o de casca de amendoim\" class=\"wp-image-1288\" srcset=\"https:\/\/bestpeanutmachine.com\/wp-content\/uploads\/2026\/03\/peanut-shell-removing-machine.webp 720w, https:\/\/bestpeanutmachine.com\/wp-content\/uploads\/2026\/03\/peanut-shell-removing-machine-300x225.webp 300w, https:\/\/bestpeanutmachine.com\/wp-content\/uploads\/2026\/03\/peanut-shell-removing-machine-16x12.webp 16w\" sizes=\"auto, (max-width: 720px) 100vw, 720px\" \/><figcaption class=\"wp-element-caption\">m\u00e1quina de remo\u00e7\u00e3o de casca de amendoim<\/figcaption><\/figure> <\/figure>    <h2 class=\"wp-block-heading\"><strong>Modelos da m\u00e1quina de remo\u00e7\u00e3o de casca de amendoim e par\u00e2metros t\u00e9cnicos<\/strong><\/h2>    <figure class=\"wp-block-table\"><table class=\"has-fixed-layout\"><thead><tr><th>Modelo<\/th><th>6BHX-35000<\/th><th>6BHX-28000<\/th><th>6BHX-20000<\/th><th>6BHX-3500<\/th><th>6BHX-1500<\/th><\/tr><\/thead><tbody><tr><td>Capacidade <\/td><td>\u22658000kg\/h<\/td><td>\u22656000kg\/h<\/td><td>\u22655000kg\/h<\/td><td>\u22652000kg\/h<\/td><td>\u22651000kg\/h<\/td><\/tr><tr><td>Taxa de limpeza<\/td><td>\u226599%<\/td><td>\u226599%<\/td><td>\u226599(%<\/td><td>\u226599%<\/td><td>\u226599%<\/td><\/tr><tr><td>Taxa de descasque<\/td><td>\u226599%<\/td><td>\u226599%<\/td><td>\u226599%<\/td><td>\u226599%<\/td><td>\u226599%<\/td><\/tr><tr><td>Taxa de perda<\/td><td>\u22640,5%<\/td><td>\u22640,5%<\/td><td>\u22640,5%<\/td><td>\u22640,5%<\/td><td>\u22640,5%<\/td><\/tr><tr><td>Taxa de quebras<\/td><td>\u22645%<\/td><td>\u22645%<\/td><td>\u22645%<\/td><td>\u22645%<\/td><td>\u22645%<\/td><\/tr><tr><td>Humidade <\/td><td>10%<\/td><td>10%<\/td><td>10%<\/td><td>10%<\/td><td>10%<\/td><\/tr><\/tbody><\/table><figcaption class=\"wp-element-caption\">par\u00e2metros da unidade de descasque de amendoim<\/figcaption><\/figure>    <figure class=\"wp-block-gallery has-nested-images columns-default is-cropped wp-block-gallery-3 is-layout-flex wp-block-gallery-is-layout-flex\"> <figure class=\"wp-block-image size-large\"><img loading=\"lazy\" decoding=\"async\" width=\"720\" height=\"540\" data-id=\"1281\" src=\"https:\/\/bestpeanutmachine.com\/wp-content\/uploads\/2026\/03\/6BHX-1500-peanut-shelling-machine.webp\" alt=\"M\u00e1quina de descasque de amendoim 6BHX-1500\" class=\"wp-image-1281\" srcset=\"https:\/\/bestpeanutmachine.com\/wp-content\/uploads\/2026\/03\/6BHX-1500-peanut-shelling-machine.webp 720w, https:\/\/bestpeanutmachine.com\/wp-content\/uploads\/2026\/03\/6BHX-1500-peanut-shelling-machine-300x225.webp 300w, https:\/\/bestpeanutmachine.com\/wp-content\/uploads\/2026\/03\/6BHX-1500-peanut-shelling-machine-16x12.webp 16w\" sizes=\"auto, (max-width: 720px) 100vw, 720px\" \/><figcaption class=\"wp-element-caption\">M\u00e1quina de descasque de amendoim 6BHX-1500<\/figcaption><\/figure>    <figure class=\"wp-block-image size-large\"><img loading=\"lazy\" decoding=\"async\" width=\"720\" height=\"540\" data-id=\"1282\" src=\"https:\/\/bestpeanutmachine.com\/wp-content\/uploads\/2026\/03\/6BHX-3500-peanut-shelling-processing-line.webp\" alt=\"Linha de processamento de descasque de amendoim 6BHX-3500\" class=\"wp-image-1282\" srcset=\"https:\/\/bestpeanutmachine.com\/wp-content\/uploads\/2026\/03\/6BHX-3500-peanut-shelling-processing-line.webp 720w, https:\/\/bestpeanutmachine.com\/wp-content\/uploads\/2026\/03\/6BHX-3500-peanut-shelling-processing-line-300x225.webp 300w, https:\/\/bestpeanutmachine.com\/wp-content\/uploads\/2026\/03\/6BHX-3500-peanut-shelling-processing-line-16x12.webp 16w\" sizes=\"auto, (max-width: 720px) 100vw, 720px\" \/><figcaption class=\"wp-element-caption\">Linha de processamento de descasque de amendoim 6BHX-3500<\/figcaption><\/figure> <\/figure>    <p>Suitable for different production scales from 1 ton\/hour to 8 tons\/hour. If you don&#8217;t know which one is more suitable for your requirements, contact us for professional advice.<\/p>    <figure class=\"wp-block-gallery has-nested-images columns-default is-cropped wp-block-gallery-4 is-layout-flex wp-block-gallery-is-layout-flex\"> <figure class=\"wp-block-image size-large\"><img loading=\"lazy\" decoding=\"async\" width=\"720\" height=\"540\" data-id=\"1284\" src=\"https:\/\/bestpeanutmachine.com\/wp-content\/uploads\/2026\/03\/6BHX-20000-groundnut-shelling-plant.webp\" alt=\"Planta de descasque de amendoim 6BHX-20000\" class=\"wp-image-1284\" srcset=\"https:\/\/bestpeanutmachine.com\/wp-content\/uploads\/2026\/03\/6BHX-20000-groundnut-shelling-plant.webp 720w, https:\/\/bestpeanutmachine.com\/wp-content\/uploads\/2026\/03\/6BHX-20000-groundnut-shelling-plant-300x225.webp 300w, https:\/\/bestpeanutmachine.com\/wp-content\/uploads\/2026\/03\/6BHX-20000-groundnut-shelling-plant-16x12.webp 16w\" sizes=\"auto, (max-width: 720px) 100vw, 720px\" \/><figcaption class=\"wp-element-caption\">Planta de descasque de amendoim 6BHX-20000<\/figcaption><\/figure>    <figure class=\"wp-block-image size-large\"><img loading=\"lazy\" decoding=\"async\" width=\"720\" height=\"540\" data-id=\"1285\" src=\"https:\/\/bestpeanutmachine.com\/wp-content\/uploads\/2026\/03\/6BHX-28000-peanut-shelling-unit.webp\" alt=\"Unidade de descasque de amendoim 6BHX-28000\" class=\"wp-image-1285\" srcset=\"https:\/\/bestpeanutmachine.com\/wp-content\/uploads\/2026\/03\/6BHX-28000-peanut-shelling-unit.webp 720w, https:\/\/bestpeanutmachine.com\/wp-content\/uploads\/2026\/03\/6BHX-28000-peanut-shelling-unit-300x225.webp 300w, https:\/\/bestpeanutmachine.com\/wp-content\/uploads\/2026\/03\/6BHX-28000-peanut-shelling-unit-16x12.webp 16w\" sizes=\"auto, (max-width: 720px) 100vw, 720px\" \/><figcaption class=\"wp-element-caption\">Unidade de descasque de amendoim 6BHX-28000<\/figcaption><\/figure>    <figure class=\"wp-block-image size-large\"><img loading=\"lazy\" decoding=\"async\" width=\"720\" height=\"540\" data-id=\"1283\" src=\"https:\/\/bestpeanutmachine.com\/wp-content\/uploads\/2026\/03\/6BHX-35000-peanut-shell-removing-machine.webp\" alt=\"6BHX- 35000 m\u00e1quina de remo\u00e7\u00e3o de casca de amendoim\" class=\"wp-image-1283\" srcset=\"https:\/\/bestpeanutmachine.com\/wp-content\/uploads\/2026\/03\/6BHX-35000-peanut-shell-removing-machine.webp 720w, https:\/\/bestpeanutmachine.com\/wp-content\/uploads\/2026\/03\/6BHX-35000-peanut-shell-removing-machine-300x225.webp 300w, https:\/\/bestpeanutmachine.com\/wp-content\/uploads\/2026\/03\/6BHX-35000-peanut-shell-removing-machine-16x12.webp 16w\" sizes=\"auto, (max-width: 720px) 100vw, 720px\" \/><figcaption class=\"wp-element-caption\">6BHX- 35000 m\u00e1quina de remo\u00e7\u00e3o de casca de amendoim<\/figcaption><\/figure> <\/figure>    <h2 class=\"wp-block-heading\"><strong>Estrutura e fun\u00e7\u00e3o da m\u00e1quina de descasque de amendoim<\/strong><\/h2>    <h3 class=\"wp-block-heading\"><strong>Estrutura do sistema de limpeza<\/strong><\/h3>    <p class=\"translation-block\"><strong>Componentes<\/strong>:<\/p>    <ul class=\"wp-block-list\"> <li>Motor<\/li>    <li>Deposito de alimenta\u00e7\u00e3o<\/li>    <li>Tela de classifica\u00e7\u00e3o<\/li>    <li>Virabrequim<\/li>    <li>Ventilador de v\u00e1cuo<\/li>    <li>Dispositivo de transporte de ar<\/li> <\/ul>    <p class=\"translation-block\"><strong>Fun\u00e7\u00f5es<\/strong>:<\/p>    <ol class=\"wp-block-list\"> <li>Remo\u00e7\u00e3o de impurezas pesadas (pedras, torr\u00f5es de terra)<\/li>    <li>Remo\u00e7\u00e3o de impurezas leves (poeira, folhas, palha)<\/li>    <li>Prote\u00e7\u00e3o dos rolos de descasque<\/li>    <li>Melhorando a qualidade do amendoim<\/li> <\/ol>    <h3 class=\"wp-block-heading\"><strong>Estrutura do sistema de descasque<\/strong><\/h3>    <p class=\"translation-block\"><strong>Componentes<\/strong>:<\/p>    <ul class=\"wp-block-list\"> <li>Motor<\/li>    <li>Deposito de alimenta\u00e7\u00e3o<\/li>    <li>Rolamentos de descasque (I, II, III)<\/li>    <li>Grade c\u00f4ncava<\/li>    <li>Tela de classifica\u00e7\u00e3o e triagem<\/li>    <li>Virabrequim<\/li>    <li>Ventilador de v\u00e1cuo<\/li>    <li>Dispositivo de transporte<\/li>    <li>Dispositivo de transporte B<\/li> <\/ul>    <p class=\"translation-block\"><strong>Fun\u00e7\u00f5es<\/strong>:<\/p>    <ol class=\"wp-block-list\"> <li>Utilizando o atrito entre os rolos perfurados e a grade c\u00f4ncava para descascar amendoins<\/li>    <li>Separando o n\u00facleo da casca<\/li>    <li>Realiza automaticamente o segundo descasque em amendoins n\u00e3o processados<\/li>    <li>Minimizando quebras<\/li> <\/ol>   <div class=\"wp-block-image\"> <figure class=\"aligncenter size-full\"><img loading=\"lazy\" decoding=\"async\" width=\"720\" height=\"540\" src=\"https:\/\/bestpeanutmachine.com\/wp-content\/uploads\/2026\/03\/structure-of-peanut-shelling-processing-line.webp\" alt=\"estrutura da linha de processamento de descasque de amendoim\" class=\"wp-image-1280\" srcset=\"https:\/\/bestpeanutmachine.com\/wp-content\/uploads\/2026\/03\/structure-of-peanut-shelling-processing-line.webp 720w, https:\/\/bestpeanutmachine.com\/wp-content\/uploads\/2026\/03\/structure-of-peanut-shelling-processing-line-300x225.webp 300w, https:\/\/bestpeanutmachine.com\/wp-content\/uploads\/2026\/03\/structure-of-peanut-shelling-processing-line-16x12.webp 16w\" sizes=\"auto, (max-width: 720px) 100vw, 720px\" \/><figcaption class=\"wp-element-caption\">estrutura da linha de processamento de descasque de amendoim<\/figcaption><\/figure> <\/div>   <ol class=\"wp-block-list\"> <li><strong>Orif\u00edcio de alimenta\u00e7\u00e3o<\/strong>: Coloque o amendoim aqui.<\/li>    <li><strong>M\u00e1quina de Destonagem<\/strong>: Remova as pedras e outras impurezas nos amendoins.<\/li>    <li><strong>Transportador<\/strong>: Transfira os amendoins para a m\u00e1quina de descascamento.<\/li>    <li><strong>Orif\u00edcio de descarga<\/strong>: Sa\u00edda de sementes de amendoim.<\/li>    <li><strong>Descascador<\/strong>: Remova a casca do amendoim.<\/li> <\/ol>    <h2 class=\"wp-block-heading\"><strong>Princ\u00edpio de funcionamento da unidade de descasque de amendoim<\/strong><\/h2>    <h3 class=\"wp-block-heading\"><strong>Passo 1: Remo\u00e7\u00e3o de impurezas<\/strong><\/h3>    <p>Os amendoins crus entram na caixa de alimenta\u00e7\u00e3o e depois na tela de classifica\u00e7\u00e3o. Sob a a\u00e7\u00e3o de vibra\u00e7\u00e3o do virabrequim e fluxo de ar do ventilador de suc\u00e7\u00e3o, as impurezas mais pesadas (pedras, torr\u00f5es de terra) s\u00e3o descarregadas pela sa\u00edda de impurezas, enquanto as impurezas mais leves (poeira, folhas) s\u00e3o sugadas pelo ventilador.<\/p>    <p>Por fim, os amendoins limpos entram no sistema de transporte de ar e s\u00e3o transportados para o sistema de descasque.<\/p>    <h3 class=\"wp-block-heading\"><strong>Passo 2: Descasque em tr\u00eas etapas<\/strong><\/h3>    <p>Amendoins entram no rolo de descasque I \u2192 Descasque prim\u00e1rio<\/p>    <p>Amendoins n\u00e3o descascados entram no rolo II \u2192 Descasque secund\u00e1rio<\/p>    <p>Amendoins restantes entram no rolo III \u2192 Descasque terci\u00e1rio<\/p>    <p>Princ\u00edpio de funcionamento da m\u00e1quina de descasque: O descasque \u00e9 realizado atrav\u00e9s de atrito repetido entre os rolos e a grade c\u00f4ncava.<\/p>    <h3 class=\"wp-block-heading\"><strong>Passo 3: Classifica\u00e7\u00e3o e separa\u00e7\u00e3o<\/strong><\/h3>    <p>Ap\u00f3s a mistura entrar na tela de classifica\u00e7\u00e3o, as cascas externas s\u00e3o descarregadas pelo ventilador, enquanto os n\u00facleos s\u00e3o descarregados pela sa\u00edda. Os amendoins n\u00e3o descascados s\u00e3o separados e retornados automaticamente para uma segunda opera\u00e7\u00e3o de descasque. Este ciclo pode atingir uma taxa de remo\u00e7\u00e3o de casca de at\u00e9 99%.<\/p>    <h2 class=\"wp-block-heading\"><strong>Aplica\u00e7\u00f5es desta m\u00e1quina<\/strong><\/h2>    <p>Esta linha de processamento de descasque de amendoim \u00e9 frequentemente utilizada em \u00e1reas de cultivo de amendoim, especialmente em regi\u00f5es montanhosas, acidentadas e de solos arenosos, para descascar amendoins, remover impurezas e alcan\u00e7ar um descasque eficaz.<\/p>    <p>Al\u00e9m disso, \u00e9 especialmente adequado para \u00e1reas produtoras de amendoim, f\u00e1bricas de processamento de sementes, f\u00e1bricas comerciais, cooperativas agr\u00edcolas e empresas exportadoras que requerem amendoins limpos, uniformes e de alta qualidade.<\/p>    <figure class=\"wp-block-gallery has-nested-images columns-default is-cropped wp-block-gallery-5 is-layout-flex wp-block-gallery-is-layout-flex\"> <figure class=\"wp-block-image size-large\"><img loading=\"lazy\" decoding=\"async\" width=\"720\" height=\"540\" data-id=\"1290\" src=\"https:\/\/bestpeanutmachine.com\/wp-content\/uploads\/2026\/03\/peanut-farm.webp\" alt=\"fazenda de amendoim\" class=\"wp-image-1290\" srcset=\"https:\/\/bestpeanutmachine.com\/wp-content\/uploads\/2026\/03\/peanut-farm.webp 720w, https:\/\/bestpeanutmachine.com\/wp-content\/uploads\/2026\/03\/peanut-farm-300x225.webp 300w, https:\/\/bestpeanutmachine.com\/wp-content\/uploads\/2026\/03\/peanut-farm-16x12.webp 16w\" sizes=\"auto, (max-width: 720px) 100vw, 720px\" \/><figcaption class=\"wp-element-caption\">fazenda de amendoim<\/figcaption><\/figure>    <figure class=\"wp-block-image size-large\"><img loading=\"lazy\" decoding=\"async\" width=\"720\" height=\"540\" data-id=\"1289\" src=\"https:\/\/bestpeanutmachine.com\/wp-content\/uploads\/2026\/03\/industrial-peanut-factory.webp\" alt=\"f\u00e1brica industrial de amendoim\" class=\"wp-image-1289\" srcset=\"https:\/\/bestpeanutmachine.com\/wp-content\/uploads\/2026\/03\/industrial-peanut-factory.webp 720w, https:\/\/bestpeanutmachine.com\/wp-content\/uploads\/2026\/03\/industrial-peanut-factory-300x225.webp 300w, https:\/\/bestpeanutmachine.com\/wp-content\/uploads\/2026\/03\/industrial-peanut-factory-16x12.webp 16w\" sizes=\"auto, (max-width: 720px) 100vw, 720px\" \/><figcaption class=\"wp-element-caption\">f\u00e1brica industrial de amendoim<\/figcaption><\/figure> <\/figure>    <p>Se procura uma solu\u00e7\u00e3o de processamento de amendoim fi\u00e1vel, escal\u00e1vel e de longo prazo, ent\u00e3o uma unidade de descasque de amendoim \u00e9 um investimento ideal para melhorar a efici\u00eancia, reduzir perdas e aumentar a competitividade no mercado. Contacte-nos para a lista de pre\u00e7os!<\/p>    <p>Mais equipamentos de processamento adequados para explora\u00e7\u00f5es de amendoim:<\/p>    <ul class=\"wp-block-list\"> <li><a href=\"https:\/\/bestpeanutmachine.com\/pt\/product\/peanut-picker-machine\/\">M\u00e1quina selecionadora de amendoim<\/a><\/li>    <li><a href=\"https:\/\/bestpeanutmachine.com\/pt\/product\/peanut-harvesting-machine\/\">M\u00e1quina de colheita de amendoim<\/a><\/li>    <li><a href=\"https:\/\/bestpeanutmachine.com\/pt\/product\/peanut-planter-machine\/\">M\u00e1quina de Plantar Amendoim Para uma Cultiva\u00e7\u00e3o de Amendoim Eficiente<\/a><\/li> <\/ul>","protected":false},"excerpt":{"rendered":"<p>This peanut shelling machine integrates impurity removal and three-stage shelling technology, achieving a shelling and cleaning rate of \u226599% and a breakage rate of \u22640.5%. It is suitable for large-scale factories and peanut-growing areas for the initial processing of peanuts.<\/p>","protected":false},"author":1,"featured_media":1286,"parent":0,"template":"","tags":[11],"product-type":[69,6],"class_list":["post-1274","product","type-product","status-publish","has-post-thumbnail","hentry","tag-peanut","product-type-peanut-machine","product-type-product"],"_links":{"self":[{"href":"https:\/\/bestpeanutmachine.com\/pt\/wp-json\/wp\/v2\/product\/1274","targetHints":{"allow":["GET"]}}],"collection":[{"href":"https:\/\/bestpeanutmachine.com\/pt\/wp-json\/wp\/v2\/product"}],"about":[{"href":"https:\/\/bestpeanutmachine.com\/pt\/wp-json\/wp\/v2\/types\/product"}],"author":[{"embeddable":true,"href":"https:\/\/bestpeanutmachine.com\/pt\/wp-json\/wp\/v2\/users\/1"}],"wp:featuredmedia":[{"embeddable":true,"href":"https:\/\/bestpeanutmachine.com\/pt\/wp-json\/wp\/v2\/media\/1286"}],"wp:attachment":[{"href":"https:\/\/bestpeanutmachine.com\/pt\/wp-json\/wp\/v2\/media?parent=1274"}],"wp:term":[{"taxonomy":"post_tag","embeddable":true,"href":"https:\/\/bestpeanutmachine.com\/pt\/wp-json\/wp\/v2\/tags?post=1274"},{"taxonomy":"product-type","embeddable":true,"href":"https:\/\/bestpeanutmachine.com\/pt\/wp-json\/wp\/v2\/product-type?post=1274"}],"curies":[{"name":"wp","href":"https:\/\/api.w.org\/{rel}","templated":true}]}}