{"id":1298,"date":"2026-03-11T15:20:57","date_gmt":"2026-03-11T07:20:57","guid":{"rendered":"https:\/\/bestpeanutmachine.com\/?post_type=product&#038;p=1298"},"modified":"2026-03-12T08:52:36","modified_gmt":"2026-03-12T00:52:36","slug":"hazelnut-opening-line","status":"publish","type":"product","link":"https:\/\/bestpeanutmachine.com\/pt\/product\/hazelnut-opening-line\/","title":{"rendered":"Linha de Abertura de Avel\u00e3 para Processamento Eficiente de Avel\u00e3s"},"content":{"rendered":"<p class=\"translation-block\">A <strong>linha de abertura de avel\u00e3<\/strong> \u00e9 usada para fazer uma pequena abertura na superf\u00edcie de uma avel\u00e3 inteira sem danificar o n\u00facleo. Avel\u00e3s descascadas s\u00e3o mais f\u00e1ceis de torrar, temperar e embalar, tornando este m\u00e9todo de processamento amplamente utilizado na ind\u00fastria aliment\u00edcia.<\/p>    <p>A capacidade das linhas de produ\u00e7\u00e3o de casca de avel\u00e3 pode ser ajustada de acordo com diferentes configura\u00e7\u00f5es, variando de 250 kg\/h a 600 kg\/h, para atender \u00e0s necessidades de pequenas e m\u00e9dias f\u00e1bricas de processamento de avel\u00e3.<\/p>    <figure class=\"wp-block-embed aligncenter is-type-video is-provider-youtube wp-block-embed-youtube wp-embed-aspect-16-9 wp-has-aspect-ratio\"><div class=\"wp-block-embed__wrapper\"> <iframe loading=\"lazy\" title=\"Processo de Trabalho da Linha de Abertura de Avel\u00e3 | M\u00e1quina de Abertura de Avel\u00e3 250\u2013600kg\/h Contacto:  8617703863868\" width=\"500\" height=\"281\" src=\"https:\/\/www.youtube.com\/embed\/Is0RZlw_i6k?feature=oembed\" frameborder=\"0\" allow=\"accelerometer; autoplay; clipboard-write; encrypted-media; gyroscope; picture-in-picture; web-share\" referrerpolicy=\"strict-origin-when-cross-origin\" allowfullscreen><\/iframe> <\/div><figcaption class=\"wp-element-caption\">v\u00eddeo de trabalho da linha de abertura de avel\u00e3<\/figcaption><\/figure>    <h2 class=\"wp-block-heading\"><strong>Vantagens de usar uma linha de produ\u00e7\u00e3o de casca de avel\u00e3<\/strong><\/h2>    <ol class=\"wp-block-list\"> <li>Esta linha de processamento de avel\u00e3 combina aquecimento a vapor e tecnologia de extrus\u00e3o mec\u00e2nica, garantindo uma taxa de sucesso de casca mais elevada enquanto protege os n\u00facleos de avel\u00e3.<\/li>    <li>Toda a linha usa um sistema de transporte integrado, permitindo alimenta\u00e7\u00e3o e descarga cont\u00ednuas, reduzindo efetivamente os custos de m\u00e3o-de-obra.<\/li>    <li>\u00c9 uma linha de produ\u00e7\u00e3o totalmente automatizada que pode ser facilmente conectada a secadores de avel\u00e3, m\u00e1quinas de torra, etc., formando uma linha de produ\u00e7\u00e3o completa de processamento de avel\u00e3.<\/li>    <li>Toda a linha de abertura de avel\u00e3 \u00e9 feita de a\u00e7o inoxid\u00e1vel 201, e o disco de extrus\u00e3o e as placas laterais s\u00e3o feitas de a\u00e7o inoxid\u00e1vel 2Cr13. A personaliza\u00e7\u00e3o tamb\u00e9m est\u00e1 dispon\u00edvel para atender a outros requisitos.<\/li> <\/ol>   <div class=\"wp-block-image\"> <figure class=\"aligncenter size-full\"><img loading=\"lazy\" decoding=\"async\" width=\"720\" height=\"540\" src=\"https:\/\/bestpeanutmachine.com\/wp-content\/uploads\/2026\/03\/automatic-hazelnut-opening-line.webp\" alt=\"linha de abertura autom\u00e1tica de avel\u00e3\" class=\"wp-image-1310\" srcset=\"https:\/\/bestpeanutmachine.com\/wp-content\/uploads\/2026\/03\/automatic-hazelnut-opening-line.webp 720w, https:\/\/bestpeanutmachine.com\/wp-content\/uploads\/2026\/03\/automatic-hazelnut-opening-line-300x225.webp 300w, https:\/\/bestpeanutmachine.com\/wp-content\/uploads\/2026\/03\/automatic-hazelnut-opening-line-16x12.webp 16w\" sizes=\"auto, (max-width: 720px) 100vw, 720px\" \/><figcaption class=\"wp-element-caption\">linha de abertura autom\u00e1tica de avel\u00e3<\/figcaption><\/figure> <\/div>   <h2 class=\"wp-block-heading\"><strong>Equipamento b\u00e1sico de uma linha de abertura de avel\u00e3<\/strong><\/h2>    <p>Uma linha padr\u00e3o de produ\u00e7\u00e3o de casca de avel\u00e3 consiste principalmente em tr\u00eas equipamentos principais.<\/p>    <h3 class=\"wp-block-heading\"><strong>Elevador de alimenta\u00e7\u00e3o<\/strong><\/h3>    <p>It is responsible for conveying soaked hazelnuts into the machine&#8217;s hopper, ensuring a stable flow of hazelnuts into the sheller while controlling the feeding speed to prevent machine blockage caused by uneven feeding.<\/p>   <div class=\"wp-block-image\"> <figure class=\"aligncenter size-full\"><img loading=\"lazy\" decoding=\"async\" width=\"720\" height=\"540\" src=\"https:\/\/bestpeanutmachine.com\/wp-content\/uploads\/2026\/03\/feed-elevator.webp\" alt=\"Elevador de alimenta\u00e7\u00e3o\" class=\"wp-image-1309\" srcset=\"https:\/\/bestpeanutmachine.com\/wp-content\/uploads\/2026\/03\/feed-elevator.webp 720w, https:\/\/bestpeanutmachine.com\/wp-content\/uploads\/2026\/03\/feed-elevator-300x225.webp 300w, https:\/\/bestpeanutmachine.com\/wp-content\/uploads\/2026\/03\/feed-elevator-16x12.webp 16w\" sizes=\"auto, (max-width: 720px) 100vw, 720px\" \/><figcaption class=\"wp-element-caption\">Elevador de alimenta\u00e7\u00e3o<\/figcaption><\/figure> <\/div>   <h3 class=\"wp-block-heading\"><strong>M\u00e1quina de abertura de avel\u00e3<\/strong><\/h3>    <p>Este \u00e9 o equipamento principal de toda a linha de produ\u00e7\u00e3o, contendo m\u00faltiplos canais de processamento e utilizando tecnologia de casca assistida por vapor para abrir as avel\u00e3s.<\/p>   <div class=\"wp-block-image\"> <figure class=\"aligncenter size-full\"><img loading=\"lazy\" decoding=\"async\" width=\"720\" height=\"540\" src=\"https:\/\/bestpeanutmachine.com\/wp-content\/uploads\/2026\/03\/hazelnut-opening-machine.webp\" alt=\"m\u00e1quina de abertura de avel\u00e3\" class=\"wp-image-1311\" srcset=\"https:\/\/bestpeanutmachine.com\/wp-content\/uploads\/2026\/03\/hazelnut-opening-machine.webp 720w, https:\/\/bestpeanutmachine.com\/wp-content\/uploads\/2026\/03\/hazelnut-opening-machine-300x225.webp 300w, https:\/\/bestpeanutmachine.com\/wp-content\/uploads\/2026\/03\/hazelnut-opening-machine-16x12.webp 16w\" sizes=\"auto, (max-width: 720px) 100vw, 720px\" \/><figcaption class=\"wp-element-caption\">m\u00e1quina de abertura de avel\u00e3<\/figcaption><\/figure> <\/div>   <h3 class=\"wp-block-heading\"><strong>Transportador de descarga<\/strong><\/h3>    <p>Ap\u00f3s a casca, as avel\u00e3s caem automaticamente na esteira do transportador de descarga. A esteira transporta as avel\u00e3s processadas para a pr\u00f3xima etapa de processamento.<\/p>   <div class=\"wp-block-image\"> <figure class=\"aligncenter size-full\"><img loading=\"lazy\" decoding=\"async\" width=\"720\" height=\"540\" src=\"https:\/\/bestpeanutmachine.com\/wp-content\/uploads\/2026\/03\/discharge-conveyor.webp\" alt=\"Transportador de descarga\" class=\"wp-image-1312\" srcset=\"https:\/\/bestpeanutmachine.com\/wp-content\/uploads\/2026\/03\/discharge-conveyor.webp 720w, https:\/\/bestpeanutmachine.com\/wp-content\/uploads\/2026\/03\/discharge-conveyor-300x225.webp 300w, https:\/\/bestpeanutmachine.com\/wp-content\/uploads\/2026\/03\/discharge-conveyor-16x12.webp 16w\" sizes=\"auto, (max-width: 720px) 100vw, 720px\" \/><figcaption class=\"wp-element-caption\">Transportador de descarga<\/figcaption><\/figure> <\/div>   <h2 class=\"wp-block-heading\"><strong>Outros equipamentos opcionais para linhas de produ\u00e7\u00e3o de casca de avel\u00e3<\/strong><\/h2>    <p>Para melhorar a efici\u00eancia do processamento e a qualidade da casca, a Taizy tamb\u00e9m oferece equipamentos adicionais que podem ser integrados na linha de abertura de avel\u00e3:<\/p>    <h3 class=\"wp-block-heading\"><strong>Tanque de imers\u00e3o de avel\u00e3<\/strong><\/h3>    <p>As cascas de avel\u00e3 t\u00eam uma estrutura porosa, semelhante \u00e0 madeira. A imers\u00e3o permite que a \u00e1gua penetre na casca, facilitando a abertura sem danificar o n\u00facleo.<\/p>    <p>Oferecemos sistemas de tanques de imers\u00e3o personalizados para este processo, que podem ser integrados em linhas de produ\u00e7\u00e3o automatizadas de grau industrial para processamento de grandes lotes de avel\u00e3.<\/p>    <figure class=\"wp-block-gallery aligncenter has-nested-images columns-default is-cropped wp-block-gallery-2 is-layout-flex wp-block-gallery-is-layout-flex\"> <figure class=\"wp-block-image size-large\"><img loading=\"lazy\" decoding=\"async\" width=\"720\" height=\"540\" data-id=\"1307\" src=\"https:\/\/bestpeanutmachine.com\/wp-content\/uploads\/2026\/03\/hazelnut-soaking-tank.webp\" alt=\"Tanque de imers\u00e3o de avel\u00e3\" class=\"wp-image-1307\" srcset=\"https:\/\/bestpeanutmachine.com\/wp-content\/uploads\/2026\/03\/hazelnut-soaking-tank.webp 720w, https:\/\/bestpeanutmachine.com\/wp-content\/uploads\/2026\/03\/hazelnut-soaking-tank-300x225.webp 300w, https:\/\/bestpeanutmachine.com\/wp-content\/uploads\/2026\/03\/hazelnut-soaking-tank-16x12.webp 16w\" sizes=\"auto, (max-width: 720px) 100vw, 720px\" \/><figcaption class=\"wp-element-caption\">Tanque de imers\u00e3o de avel\u00e3<\/figcaption><\/figure>    <figure class=\"wp-block-image size-large\"><img loading=\"lazy\" decoding=\"async\" width=\"720\" height=\"540\" data-id=\"1308\" src=\"https:\/\/bestpeanutmachine.com\/wp-content\/uploads\/2026\/03\/hazelnut-pretreatment-soaking-line.webp\" alt=\"linha de pr\u00e9-tratamento de imers\u00e3o de avel\u00e3\" class=\"wp-image-1308\" srcset=\"https:\/\/bestpeanutmachine.com\/wp-content\/uploads\/2026\/03\/hazelnut-pretreatment-soaking-line.webp 720w, https:\/\/bestpeanutmachine.com\/wp-content\/uploads\/2026\/03\/hazelnut-pretreatment-soaking-line-300x225.webp 300w, https:\/\/bestpeanutmachine.com\/wp-content\/uploads\/2026\/03\/hazelnut-pretreatment-soaking-line-16x12.webp 16w\" sizes=\"auto, (max-width: 720px) 100vw, 720px\" \/><figcaption class=\"wp-element-caption\">linha de pr\u00e9-tratamento de imers\u00e3o de avel\u00e3<\/figcaption><\/figure> <\/figure>    <h3 class=\"wp-block-heading\"><strong><a href=\"https:\/\/bestpeanutmachine.com\/pt\/product\/peanut-roasting-machine\/\">M\u00e1quina de torrefa\u00e7\u00e3o de nozes<\/a><\/strong><\/h3>    <p>Ap\u00f3s a casca, as avel\u00e3s precisam ser torradas ap\u00f3s a secagem ao ar para manter a sua textura crocante, uma etapa essencial no processamento de snacks.<\/p>    <p>Taizy&#8217;s continuous roasting machine can be integrated into the entire hazelnut opening line and is suitable for roasting nuts, drying grains, and other food products.<\/p>    <figure class=\"wp-block-gallery has-nested-images columns-default is-cropped wp-block-gallery-3 is-layout-flex wp-block-gallery-is-layout-flex\"> <figure class=\"wp-block-image size-large\"><img loading=\"lazy\" decoding=\"async\" width=\"720\" height=\"540\" data-id=\"780\" src=\"https:\/\/bestpeanutmachine.com\/wp-content\/uploads\/2026\/01\/roasted-peanut-machine.webp\" alt=\"m\u00e1quina de amendoim assado\" class=\"wp-image-780\" srcset=\"https:\/\/bestpeanutmachine.com\/wp-content\/uploads\/2026\/01\/roasted-peanut-machine.webp 720w, https:\/\/bestpeanutmachine.com\/wp-content\/uploads\/2026\/01\/roasted-peanut-machine-300x225.webp 300w, https:\/\/bestpeanutmachine.com\/wp-content\/uploads\/2026\/01\/roasted-peanut-machine-16x12.webp 16w\" sizes=\"auto, (max-width: 720px) 100vw, 720px\" \/><figcaption class=\"wp-element-caption\">m\u00e1quina de amendoim assado<\/figcaption><\/figure>    <figure class=\"wp-block-image size-large\"><img loading=\"lazy\" decoding=\"async\" width=\"720\" height=\"540\" data-id=\"779\" src=\"https:\/\/bestpeanutmachine.com\/wp-content\/uploads\/2026\/01\/commercial-nut-roaster-machine.webp\" alt=\"maquina comercial de torragem de avel\u00e3s\" class=\"wp-image-779\" srcset=\"https:\/\/bestpeanutmachine.com\/wp-content\/uploads\/2026\/01\/commercial-nut-roaster-machine.webp 720w, https:\/\/bestpeanutmachine.com\/wp-content\/uploads\/2026\/01\/commercial-nut-roaster-machine-300x225.webp 300w, https:\/\/bestpeanutmachine.com\/wp-content\/uploads\/2026\/01\/commercial-nut-roaster-machine-16x12.webp 16w\" sizes=\"auto, (max-width: 720px) 100vw, 720px\" \/><figcaption class=\"wp-element-caption\">maquina comercial de torragem de avel\u00e3s<\/figcaption><\/figure> <\/figure>    <h2 class=\"wp-block-heading\">Princ\u00edpios de funcionamento da linha de processamento de avel\u00e3<\/h2>    <p>As cascas de avel\u00e3 s\u00e3o compostas principalmente por lignocelulose. Devido a esta estrutura porosa, as cascas de avel\u00e3 podem absorver humidade e reagir \u00e0s mudan\u00e7as de temperatura.<\/p>    <p>Portanto, antes de entrar na m\u00e1quina de casca, as avel\u00e3s devem ser imersas em \u00e1gua morna a aproximadamente 50 \u00b0C por cerca de 30 minutos para resultados \u00f3timos. A imers\u00e3o torna as cascas de avel\u00e3 mais el\u00e1sticas e reduz sua fragilidade, permitindo que sejam abertas sem rachaduras.<\/p>    <p>Durante o processamento, o gerador de vapor da m\u00e1quina de casca de avel\u00e3 transfere efetivamente calor para a superf\u00edcie das cascas de avel\u00e3, amolecendo os componentes lignina e hemicelulose internos. Assim, as cascas de avel\u00e3 tornam-se mais f\u00e1ceis de deformar, preparando-as para a abertura subsequente.<\/p>    <p>O abridor de avel\u00e3 aplica press\u00e3o mec\u00e2nica \u00e0s avel\u00e3s \u00e0 medida que passam pela placa de extrus\u00e3o. Como as cascas de avel\u00e3 foram amolecidas pelo vapor, a press\u00e3o cria concentra\u00e7\u00f5es de tens\u00e3o localizadas, resultando em linhas de fissura controladas nas cascas e um produto mais est\u00e9tico.<\/p>    <p>Simultaneamente, a intensidade do vapor deve ser controlada rigorosamente ao usar esta linha de produ\u00e7\u00e3o para manter um equil\u00edbrio entre amolecimento da casca e prote\u00e7\u00e3o do n\u00facleo.<\/p>    <ul class=\"wp-block-list\"> <li>Vapor excessivo: A casca pode ficar demasiado macia, e o calor pode transferir-se para o n\u00facleo, potencialmente danificando-o.<\/li>    <li>Vapor insuficiente: A casca permanece fr\u00e1gil, as fissuras tornam-se irregulares, e a taxa de dano aumenta.<\/li> <\/ul>    <p>No entanto, durante a instala\u00e7\u00e3o desta linha de abertura de avel\u00e3, os nossos t\u00e9cnicos fornecer\u00e3o suporte t\u00e9cnico cont\u00ednuo e um manual de utilizador completo para ajudar os clientes a utilizarem a m\u00e1quina de forma mais eficaz.<\/p>    <h2 class=\"wp-block-heading\"><strong>Par\u00e2metros t\u00e9cnicos da linha de casca de avel\u00e3<\/strong><\/h2>    <p>Oferecemos tr\u00eas solu\u00e7\u00f5es b\u00e1sicas para diferentes requisitos de capacidade de produ\u00e7\u00e3o, com os seguintes par\u00e2metros:<\/p>    <h3 class=\"wp-block-heading\"><strong>Dois conjuntos com 10 canais<\/strong><\/h3>    <figure class=\"wp-block-table\"><table class=\"has-fixed-layout\"><tbody><tr><td>Capacidade de processamento<\/td><td class=\"has-text-align-center\" data-align=\"center\">250\u2013300 kg\/h<\/td><\/tr><tr><td>Pot\u00eancia total<\/td><td class=\"has-text-align-center\" data-align=\"center\">13,1 kW<\/td><\/tr><tr><td>Evapora\u00e7\u00e3o de vapor<\/td><td class=\"has-text-align-center\" data-align=\"center\">70\u201390 kg\/h<\/td><\/tr><tr><td>Consumo de g\u00e1s natural<\/td><td class=\"has-text-align-center\" data-align=\"center\">5 metros c\u00fabicos\/hora<\/td><\/tr><tr><td>Consumo de GLP<\/td><td class=\"has-text-align-center\" data-align=\"center\">3,5 kg\/h<\/td><\/tr><\/tbody><\/table><figcaption class=\"wp-element-caption\">par\u00e2metros da linha de abertura de avel\u00e3 com 10 canais<\/figcaption><\/figure>    <h3 class=\"wp-block-heading\"><strong>Tr\u00eas conjuntos com 15 canais<\/strong><\/h3>    <figure class=\"wp-block-table\"><table class=\"has-fixed-layout\"><tbody><tr><td>Capacidade de processamento<\/td><td class=\"has-text-align-center\" data-align=\"center\">350\u2013450 kg\/h<\/td><\/tr><tr><td>Pot\u00eancia total<\/td><td class=\"has-text-align-center\" data-align=\"center\">16 kW<\/td><\/tr><tr><td>Evapora\u00e7\u00e3o de vapor<\/td><td class=\"has-text-align-center\" data-align=\"center\">80\u2013110 kg\/h<\/td><\/tr><tr><td>Consumo de g\u00e1s natural<\/td><td class=\"has-text-align-center\" data-align=\"center\">7 metros c\u00fabicos\/hora<\/td><\/tr><tr><td>Consumo de GLP<\/td><td class=\"has-text-align-center\" data-align=\"center\">5 kg\/h<\/td><\/tr><\/tbody><\/table><figcaption class=\"wp-element-caption\">par\u00e2metros da linha de processamento de avel\u00e3 com 15 canais<\/figcaption><\/figure>    <h3 class=\"wp-block-heading\"><strong>Quatro conjuntos com 20 canais<\/strong><\/h3>    <figure class=\"wp-block-table\"><table class=\"has-fixed-layout\"><tbody><tr><td>Capacidade de processamento<\/td><td class=\"has-text-align-center\" data-align=\"center\">500\u2013600 kg\/h<\/td><\/tr><tr><td>Pot\u00eancia total<\/td><td class=\"has-text-align-center\" data-align=\"center\">18 kW<\/td><\/tr><tr><td>Evapora\u00e7\u00e3o de vapor<\/td><td class=\"has-text-align-center\" data-align=\"center\">80\u2013110 kg\/h<\/td><\/tr><tr><td>Consumo de g\u00e1s natural<\/td><td class=\"has-text-align-center\" data-align=\"center\">7 metros c\u00fabicos\/hora<\/td><\/tr><tr><td>Consumo de GLP<\/td><td class=\"has-text-align-center\" data-align=\"center\">5 kg\/h<\/td><\/tr><\/tbody><\/table><figcaption class=\"wp-element-caption\">Especifica\u00e7\u00e3o da m\u00e1quina de abertura de avel\u00e3 com 20 canais<\/figcaption><\/figure>   <div class=\"wp-block-image\"> <figure class=\"aligncenter size-full\"><img loading=\"lazy\" decoding=\"async\" width=\"720\" height=\"540\" src=\"https:\/\/bestpeanutmachine.com\/wp-content\/uploads\/2026\/03\/hazelnut-opening-production-line.webp\" alt=\"linha de produ\u00e7\u00e3o de abertura de avel\u00e3\" class=\"wp-image-1306\" srcset=\"https:\/\/bestpeanutmachine.com\/wp-content\/uploads\/2026\/03\/hazelnut-opening-production-line.webp 720w, https:\/\/bestpeanutmachine.com\/wp-content\/uploads\/2026\/03\/hazelnut-opening-production-line-300x225.webp 300w, https:\/\/bestpeanutmachine.com\/wp-content\/uploads\/2026\/03\/hazelnut-opening-production-line-16x12.webp 16w\" sizes=\"auto, (max-width: 720px) 100vw, 720px\" \/><figcaption class=\"wp-element-caption\">linha de produ\u00e7\u00e3o de abertura de avel\u00e3<\/figcaption><\/figure> <\/div>   <p>Al\u00e9m disso, a estrutura principal desta linha de abertura de avel\u00e3 \u00e9 feita de a\u00e7o inoxid\u00e1vel 201, e as pe\u00e7as usinadas e as placas laterais s\u00e3o feitas de a\u00e7o carbono. Rolamentos e fixadores s\u00e3o componentes padr\u00e3o da ind\u00fastria.<\/p>    <p>Dimens\u00f5es do equipamento s\u00e3o as seguintes:<\/p>    <ul class=\"wp-block-list\"> <li>Comprimento: 11 metros<\/li>    <li>Largura: 1,2 metros<\/li>    <li>Altura: 2 metros<\/li> <\/ul>    <p>A capacidade de processamento por canal \u00e9 aproximadamente 0,5 kg\/min, e a produ\u00e7\u00e3o por unidade \u00e9 aproximadamente 150 kg\/h (com base em dois grupos de 10 canais). Se estas op\u00e7\u00f5es n\u00e3o atenderem \u00e0s suas necessidades, pode contactar-nos e fornecer informa\u00e7\u00f5es precisas, e n\u00f3s projetaremos a solu\u00e7\u00e3o mais adequada para si.<\/p>    <h2 class=\"wp-block-heading\"><strong>Casos de sucesso do cliente da linha de produ\u00e7\u00e3o de casca de avel\u00e3<\/strong><\/h2>    <h3 class=\"wp-block-heading\">Clientes do Uzbequist\u00e3o visitam a f\u00e1brica e encomendam uma linha de produ\u00e7\u00e3o de abertura de avel\u00e3<\/h3>    <p>Uma empresa de processamento de avel\u00e3 do Uzbequist\u00e3o visitou nossa f\u00e1brica para inspecionar nossa linha de casca de avel\u00e3. Ap\u00f3s testar a m\u00e1quina, o cliente expressou satisfa\u00e7\u00e3o com a taxa de casca e baixa taxa de quebra do n\u00facleo, e encomendou uma linha de produ\u00e7\u00e3o.<\/p>    <p>After using it for a period of time, they provided us with feedback and photos of their processed hazelnut products, expressing their positive feedback on the product&#8217;s performance.<\/p>    <figure class=\"wp-block-embed aligncenter is-type-video is-provider-youtube wp-block-embed-youtube wp-embed-aspect-16-9 wp-has-aspect-ratio\"><div class=\"wp-block-embed__wrapper\"> <iframe loading=\"lazy\" title=\"Cliente do Uzbequist\u00e3o Teste Linha de Produ\u00e7\u00e3o de M\u00e1quinas de Abertura de Avel\u00e3 Contacto:  8617703863868\" width=\"500\" height=\"281\" src=\"https:\/\/www.youtube.com\/embed\/KOBuvit81kM?feature=oembed\" frameborder=\"0\" allow=\"accelerometer; autoplay; clipboard-write; encrypted-media; gyroscope; picture-in-picture; web-share\" referrerpolicy=\"strict-origin-when-cross-origin\" allowfullscreen><\/iframe> <\/div><figcaption class=\"wp-element-caption\">Cliente do Uzbequist\u00e3o testa linha de produ\u00e7\u00e3o de m\u00e1quina de abertura de avel\u00e3<\/figcaption><\/figure>    <h3 class=\"wp-block-heading\"><strong>Um cliente indon\u00e9sio envia amostras para testar a linha de abertura de avel\u00e3 personalizada<\/strong><\/h3>    <p>Um cliente indon\u00e9sio enviou amostras de avel\u00e3 \u00e0 nossa f\u00e1brica para testes. Durante o teste, as avel\u00e3s foram embebidas e depois processadas na linha de produ\u00e7\u00e3o de casca. <\/p>    <p>Toda a linha operou de forma est\u00e1vel, produzindo avel\u00e3s com aberturas uniformes. O cliente ficou impressionado com a tecnologia de casca assistida por vapor e confirmou a encomenda ap\u00f3s uso de teste.<\/p>    <figure class=\"wp-block-gallery has-nested-images columns-default is-cropped wp-block-gallery-4 is-layout-flex wp-block-gallery-is-layout-flex\"> <figure class=\"wp-block-image size-large\"><img loading=\"lazy\" decoding=\"async\" width=\"720\" height=\"540\" data-id=\"1304\" src=\"https:\/\/bestpeanutmachine.com\/wp-content\/uploads\/2026\/03\/indonesian-customers-nut-samples.webp\" alt=\"Amostras de nozes do cliente indon\u00e9sio\" class=\"wp-image-1304\" srcset=\"https:\/\/bestpeanutmachine.com\/wp-content\/uploads\/2026\/03\/indonesian-customers-nut-samples.webp 720w, https:\/\/bestpeanutmachine.com\/wp-content\/uploads\/2026\/03\/indonesian-customers-nut-samples-300x225.webp 300w, https:\/\/bestpeanutmachine.com\/wp-content\/uploads\/2026\/03\/indonesian-customers-nut-samples-16x12.webp 16w\" sizes=\"auto, (max-width: 720px) 100vw, 720px\" \/><figcaption class=\"wp-element-caption\">Amostras de nozes do cliente indon\u00e9sio<\/figcaption><\/figure>    <figure class=\"wp-block-image size-large\"><img loading=\"lazy\" decoding=\"async\" width=\"720\" height=\"540\" data-id=\"1305\" src=\"https:\/\/bestpeanutmachine.com\/wp-content\/uploads\/2026\/03\/machine-trial-run-by-indonesian-customer.webp\" alt=\"teste de m\u00e1quina realizado pelo cliente indon\u00e9sio\" class=\"wp-image-1305\" srcset=\"https:\/\/bestpeanutmachine.com\/wp-content\/uploads\/2026\/03\/machine-trial-run-by-indonesian-customer.webp 720w, https:\/\/bestpeanutmachine.com\/wp-content\/uploads\/2026\/03\/machine-trial-run-by-indonesian-customer-300x225.webp 300w, https:\/\/bestpeanutmachine.com\/wp-content\/uploads\/2026\/03\/machine-trial-run-by-indonesian-customer-16x12.webp 16w\" sizes=\"auto, (max-width: 720px) 100vw, 720px\" \/><figcaption class=\"wp-element-caption\">teste de m\u00e1quina realizado pelo cliente indon\u00e9sio<\/figcaption><\/figure> <\/figure>    <p>Se deseja produzir nozes, mas tem dificuldades em encontrar solu\u00e7\u00f5es e m\u00e1quinas de produ\u00e7\u00e3o adequadas, entre em contacto connosco para mais informa\u00e7\u00f5es de personaliza\u00e7\u00e3o.<\/p>    <p class=\"translation-block\"><strong>Outras linhas de produ\u00e7\u00e3o de nozes<\/strong>:<\/p>    <ul class=\"wp-block-list\"> <li><a href=\"https:\/\/bestpeanutmachine.com\/pt\/product\/peanut-butter-production-line\/\">Linha de Produ\u00e7\u00e3o de Manteiga de Noz<\/a><\/li>    <li><a href=\"https:\/\/bestpeanutmachine.com\/pt\/product\/2-3t-h-hazelnut-almond-shelling-line\/\">Linha de Casca de Noz Autom\u00e1tica<\/a><\/li> <\/ul>    <p><\/p>","protected":false},"excerpt":{"rendered":"<p>Hazelnut shelling production lines are designed to open hazelnuts completely without damaging the kernels, making them suitable for subsequent processing such as roasting, drying, or flavoring. This efficient solution is ideal for modern hazelnut processing plants. With automated feeding, steam-assisted shelling, and continuous discharge, the system ensures high productivity and low hazelnut kernel damage.<\/p>","protected":false},"author":1,"featured_media":1314,"parent":0,"template":"","tags":[77],"product-type":[60],"class_list":["post-1298","product","type-product","status-publish","has-post-thumbnail","hentry","tag-almond","product-type-production-line"],"_links":{"self":[{"href":"https:\/\/bestpeanutmachine.com\/pt\/wp-json\/wp\/v2\/product\/1298","targetHints":{"allow":["GET"]}}],"collection":[{"href":"https:\/\/bestpeanutmachine.com\/pt\/wp-json\/wp\/v2\/product"}],"about":[{"href":"https:\/\/bestpeanutmachine.com\/pt\/wp-json\/wp\/v2\/types\/product"}],"author":[{"embeddable":true,"href":"https:\/\/bestpeanutmachine.com\/pt\/wp-json\/wp\/v2\/users\/1"}],"wp:featuredmedia":[{"embeddable":true,"href":"https:\/\/bestpeanutmachine.com\/pt\/wp-json\/wp\/v2\/media\/1314"}],"wp:attachment":[{"href":"https:\/\/bestpeanutmachine.com\/pt\/wp-json\/wp\/v2\/media?parent=1298"}],"wp:term":[{"taxonomy":"post_tag","embeddable":true,"href":"https:\/\/bestpeanutmachine.com\/pt\/wp-json\/wp\/v2\/tags?post=1298"},{"taxonomy":"product-type","embeddable":true,"href":"https:\/\/bestpeanutmachine.com\/pt\/wp-json\/wp\/v2\/product-type?post=1298"}],"curies":[{"name":"wp","href":"https:\/\/api.w.org\/{rel}","templated":true}]}}