{"id":1362,"date":"2026-04-02T14:42:31","date_gmt":"2026-04-02T06:42:31","guid":{"rendered":"https:\/\/bestpeanutmachine.com\/?post_type=product&#038;p=1362"},"modified":"2026-04-02T14:50:51","modified_gmt":"2026-04-02T06:50:51","slug":"macadamia-nut-shelling-machine","status":"publish","type":"product","link":"https:\/\/bestpeanutmachine.com\/pt\/product\/macadamia-nut-shelling-machine\/","title":{"rendered":"M\u00e1quina de descascamento de nozes de macad\u00e2mia"},"content":{"rendered":"<p class=\"translation-block\">Este <strong>m\u00e1quina de descasque de nozes de macad\u00e2mia<\/strong> \u00e9 especificamente projetada para a quebra r\u00e1pida e eficiente de nozes de macad\u00e2mia. Com uma alta capacidade de produ\u00e7\u00e3o de 300\u2013400 kg\/h e uma pegada compacta (dimens\u00f5es: 1650\u00d7800\u00d71200 mm), \u00e9 ideal para instala\u00e7\u00f5es de processamento de nozes de pequeno a m\u00e9dio porte.<\/p>    <p>Seu funil de alimenta\u00e7\u00e3o, corpo da peneira e telas s\u00e3o todos feitos de a\u00e7o inoxid\u00e1vel 304, e \u00e9 acionado por um motor de 2,45 kW para garantir desempenho de descasque est\u00e1vel e consistente. Al\u00e9m de nozes de macad\u00e2mia, este equipamento tamb\u00e9m \u00e9 capaz de processar outras nozes, como am\u00eandoas e avel\u00e3s.<\/p>    <h2 class=\"wp-block-heading\"><strong>Vantagens desta m\u00e1quina de descasque de macad\u00e2mia<\/strong><\/h2>    <ul class=\"wp-block-list\"> <li><strong>Alta efici\u00eancia<\/strong>A capacidade de descasque atinge at\u00e9 400 kg por hora.<\/li>    <li><strong>Durabilidade robusta<\/strong>: Constru\u00edda em a\u00e7o inoxid\u00e1vel 304, garantindo durabilidade duradoura e conformidade com os padr\u00f5es de seguran\u00e7a alimentar.<\/li>    <li><strong>Descasque Preciso<\/strong>: Recursos com configura\u00e7\u00f5es de folga ajust\u00e1veis para minimizar danos nos kernels.<\/li>    <li><strong>Aplica\u00e7\u00e3o vers\u00e1til<\/strong>: Adequado para nozes de macad\u00e2mia, am\u00eandoas, castanhas-do-par\u00e1 e outras nozes de casca dura.<\/li>    <li><strong>Design focado na seguran\u00e7a<\/strong>: Equipado com m\u00faltiplos mecanismos de prote\u00e7\u00e3o para garantir opera\u00e7\u00e3o segura e confi\u00e1vel.<\/li> <\/ul>    <figure class=\"wp-block-gallery aligncenter has-nested-images columns-default is-cropped wp-block-gallery-2 is-layout-flex wp-block-gallery-is-layout-flex\"> <figure class=\"wp-block-image size-full\"><img loading=\"lazy\" decoding=\"async\" width=\"720\" height=\"540\" data-id=\"1378\" src=\"https:\/\/bestpeanutmachine.com\/wp-content\/uploads\/2026\/04\/electric-motor-of-almond-sheller-machine.webp\" alt=\"motor el\u00e9trico da m\u00e1quina de descasque de am\u00eandoas\" class=\"wp-image-1378\" srcset=\"https:\/\/bestpeanutmachine.com\/wp-content\/uploads\/2026\/04\/electric-motor-of-almond-sheller-machine.webp 720w, https:\/\/bestpeanutmachine.com\/wp-content\/uploads\/2026\/04\/electric-motor-of-almond-sheller-machine-300x225.webp 300w, https:\/\/bestpeanutmachine.com\/wp-content\/uploads\/2026\/04\/electric-motor-of-almond-sheller-machine-16x12.webp 16w\" sizes=\"auto, (max-width: 720px) 100vw, 720px\" \/><figcaption class=\"wp-element-caption\">motor el\u00e9trico da m\u00e1quina de descasque de am\u00eandoas<\/figcaption><\/figure>    <figure class=\"wp-block-image size-full\"><img loading=\"lazy\" decoding=\"async\" width=\"720\" height=\"540\" data-id=\"1379\" src=\"https:\/\/bestpeanutmachine.com\/wp-content\/uploads\/2026\/04\/seive-of-nut-cracker-machine.webp\" alt=\"Tela da m\u00e1quina de quebra de nozes\" class=\"wp-image-1379\" srcset=\"https:\/\/bestpeanutmachine.com\/wp-content\/uploads\/2026\/04\/seive-of-nut-cracker-machine.webp 720w, https:\/\/bestpeanutmachine.com\/wp-content\/uploads\/2026\/04\/seive-of-nut-cracker-machine-300x225.webp 300w, https:\/\/bestpeanutmachine.com\/wp-content\/uploads\/2026\/04\/seive-of-nut-cracker-machine-16x12.webp 16w\" sizes=\"auto, (max-width: 720px) 100vw, 720px\" \/><figcaption class=\"wp-element-caption\">Tela da m\u00e1quina de quebra de nozes<\/figcaption><\/figure> <\/figure>    <h2 class=\"wp-block-heading\"><strong>Especifica\u00e7\u00f5es T\u00e9cnicas da M\u00e1quina de Descasque de Nozes de Macad\u00e2mia<\/strong><\/h2>    <figure class=\"wp-block-table\"><table class=\"has-fixed-layout\"><thead><tr><th>Par\u00e2metro<\/th><th>Especifica\u00e7\u00e3o<\/th><\/tr><\/thead><tbody><tr><td><strong>Poder<\/strong><\/td><td>2,45 kW<\/td><\/tr><tr><td><strong>Tens\u00e3o \/ Frequ\u00eancia<\/strong><\/td><td>380V, 50Hz, Trif\u00e1sico<\/td><\/tr><tr><td><strong>Capacidade<\/strong><\/td><td>300\u2013400 kg\/h<\/td><\/tr><tr><td><strong>Tamanho da m\u00e1quina (L\u00d7W\u00d7H)<\/strong><\/td><td>1650 \u00d7 800 \u00d7 1200 mm<\/td><\/tr><tr><td><strong>Peso<\/strong><\/td><td>280 kg<\/td><\/tr><tr><td><strong>Material (Cofre \/ Tela \/ Malha)<\/strong><\/td><td>A\u00e7o Inoxid\u00e1vel 304<\/td><\/tr><\/tbody><\/table><figcaption class=\"wp-element-caption\">par\u00e2metros da m\u00e1quina de quebra de nozes de macad\u00e2mia<\/figcaption><\/figure>   <div class=\"wp-block-image\"> <figure class=\"aligncenter size-full\"><img loading=\"lazy\" decoding=\"async\" width=\"720\" height=\"540\" src=\"https:\/\/bestpeanutmachine.com\/wp-content\/uploads\/2026\/04\/macadamia-nuts-cracking-machine.webp\" alt=\"m\u00e1quina de partir nozes de macad\u00e2mia\" class=\"wp-image-1376\" srcset=\"https:\/\/bestpeanutmachine.com\/wp-content\/uploads\/2026\/04\/macadamia-nuts-cracking-machine.webp 720w, https:\/\/bestpeanutmachine.com\/wp-content\/uploads\/2026\/04\/macadamia-nuts-cracking-machine-300x225.webp 300w, https:\/\/bestpeanutmachine.com\/wp-content\/uploads\/2026\/04\/macadamia-nuts-cracking-machine-16x12.webp 16w\" sizes=\"auto, (max-width: 720px) 100vw, 720px\" \/><figcaption class=\"wp-element-caption\">m\u00e1quina de partir nozes de macad\u00e2mia<\/figcaption><\/figure> <\/div>   <h2 class=\"wp-block-heading\"><strong>Como funciona a m\u00e1quina de descasque de macad\u00e2mia?<\/strong><\/h2>    <p>O princ\u00edpio de funcionamento de uma m\u00e1quina de descasque de nozes de macad\u00e2mia combina aplica\u00e7\u00e3o de press\u00e3o mec\u00e2nica com tecnologia de triagem. As nozes a serem processadas s\u00e3o alimentadas em um funil. <\/p>    <p>Subsequentemente, um mecanismo mec\u00e2nico acionado por motor aplica press\u00e3o para abrir as cascas duras sem danificar os kernels internos. <\/p>    <p>Imediatamente ap\u00f3s, um sistema de triagem separa as cascas quebradas dos kernels intactos, garantindo uma taxa de perda extremamente baixa e um rendimento de produto acabado altamente elevado.<\/p>    <p>As principais caracter\u00edsticas deste princ\u00edpio de funcionamento incluem:<\/p>    <ul class=\"wp-block-list\"> <li><strong>Alimenta\u00e7\u00e3o por funil<\/strong> \u2014 Capaz de suportar um grande volume de nozes de macad\u00e2mia, permitindo processamento cont\u00ednuo e ininterrupto.<\/li>    <li><strong>Descasque mec\u00e2nico<\/strong> \u2014 Aplica press\u00e3o precisa atrav\u00e9s de componentes rotativos para abrir as cascas de forma eficiente.<\/li>    <li><strong>Separa\u00e7\u00e3o por triagem<\/strong> \u2014 Filtra e remove as cascas quebradas enquanto garante que os kernels permane\u00e7am intactos.<\/li> <\/ul>    <h2 class=\"wp-block-heading\"><strong>Como escolher uma m\u00e1quina de descasque de nozes de macad\u00e2mia?<\/strong><\/h2>    <p>When selecting a macadamia nut shelling machine, there are numerous factors to consider, as these significantly impact a factory&#8217;s actual production efficiency and profitability:<\/p>    <ol class=\"wp-block-list\"> <li>Selecionar equipamentos com capacidade de processamento alinhada \u00e0s suas necessidades di\u00e1rias de produ\u00e7\u00e3o.<\/li>    <li>Geralmente, \u00e9 aconselh\u00e1vel escolher equipamentos constru\u00eddos em a\u00e7o inoxid\u00e1vel.<\/li>    <li>Recomendamos selecionar modelos equipados com telas ou rolos ajust\u00e1veis; isso garante um descasque eficiente enquanto minimiza danos aos kernels.<\/li>    <li>Optar por m\u00e1quinas com sistemas de controle amig\u00e1veis, pontos de acesso inteligentes para manuten\u00e7\u00e3o e inspe\u00e7\u00e3o, e recursos de seguran\u00e7a robustos ajudar\u00e1 a reduzir efetivamente o tempo de inatividade.<\/li> <\/ol>   <div class=\"wp-block-image\"> <figure class=\"aligncenter size-full\"><img loading=\"lazy\" decoding=\"async\" width=\"720\" height=\"540\" src=\"https:\/\/bestpeanutmachine.com\/wp-content\/uploads\/2026\/04\/industrial-macadamia-nut-cracker-machine.webp\" alt=\"m\u00e1quina industrial de quebra de nozes de macad\u00e2mia\" class=\"wp-image-1377\" srcset=\"https:\/\/bestpeanutmachine.com\/wp-content\/uploads\/2026\/04\/industrial-macadamia-nut-cracker-machine.webp 720w, https:\/\/bestpeanutmachine.com\/wp-content\/uploads\/2026\/04\/industrial-macadamia-nut-cracker-machine-300x225.webp 300w, https:\/\/bestpeanutmachine.com\/wp-content\/uploads\/2026\/04\/industrial-macadamia-nut-cracker-machine-16x12.webp 16w\" sizes=\"auto, (max-width: 720px) 100vw, 720px\" \/><figcaption class=\"wp-element-caption\">m\u00e1quina industrial de quebra de nozes de macad\u00e2mia<\/figcaption><\/figure> <\/div>   <h2 class=\"wp-block-heading\"><strong>Guia do usu\u00e1rio da m\u00e1quina de descasque de nozes de macad\u00e2mia<\/strong><\/h2>    <p>Operar a m\u00e1quina de descasque de nozes de macad\u00e2mia \u00e9 notavelmente simples:<\/p>    <ul class=\"wp-block-list\"> <li>Prepare as nozes \u2014 Lave e seque as nozes de macad\u00e2mia para evitar entupimentos.<\/li>    <li>Ajuste a folga da peneira \u2014 Configure os par\u00e2metros da m\u00e1quina industrial de quebra de nozes de macad\u00e2mia com base no tamanho e dureza das nozes.<\/li>    <li>Carregue o funil \u2014 Evite sobrecarregar o funil para garantir efici\u00eancia operacional ideal.<\/li>    <li>Inicie a m\u00e1quina \u2014 O motor aplicar\u00e1 press\u00e3o cont\u00ednua e uniforme para abrir as cascas.<\/li>    <li>Colete os kernels e cascas \u2014 Utilize o sistema de triagem para separar os kernels descascados dos fragmentos de casca.<\/li> <\/ul>    <p class=\"translation-block\">Seguindo estes passos, pode garantir uma produ\u00e7\u00e3o maximizada enquanto minimiza os danos nos kernels. Al\u00e9m disso, uma <a href=\"https:\/\/bestpeanutmachine.com\/pt\/product\/macadamia-opening-machine\/\">m\u00e1quina de pr\u00e9-corte de nozes de macad\u00e2mia<\/a> pode ser usada para pr\u00e9-tratar as nozes. Ela n\u00e3o s\u00f3 acelera o processo de descasque, mas tamb\u00e9m reduz efetivamente a taxa de quebra dos kernels.<\/p>   <div class=\"wp-block-image\"> <figure class=\"aligncenter size-full\"><img loading=\"lazy\" decoding=\"async\" width=\"720\" height=\"540\" src=\"https:\/\/bestpeanutmachine.com\/wp-content\/uploads\/2026\/04\/macadamia-nut-shell-cracker-machine.webp\" alt=\"m\u00e1quina de quebra de casca de nozes de macad\u00e2mia\" class=\"wp-image-1375\" srcset=\"https:\/\/bestpeanutmachine.com\/wp-content\/uploads\/2026\/04\/macadamia-nut-shell-cracker-machine.webp 720w, https:\/\/bestpeanutmachine.com\/wp-content\/uploads\/2026\/04\/macadamia-nut-shell-cracker-machine-300x225.webp 300w, https:\/\/bestpeanutmachine.com\/wp-content\/uploads\/2026\/04\/macadamia-nut-shell-cracker-machine-16x12.webp 16w\" sizes=\"auto, (max-width: 720px) 100vw, 720px\" \/><figcaption class=\"wp-element-caption\">m\u00e1quina de quebra de casca de nozes de macad\u00e2mia<\/figcaption><\/figure> <\/div>   <h2 class=\"wp-block-heading\"><strong>Perguntas Frequentes da M\u00e1quina de Quebrar Nozes de Macad\u00e2mia Industrial<\/strong><\/h2>   <div id=\"rank-math-faq\" class=\"rank-math-block\"> <div class=\"rank-math-list\"> <div id=\"faq-question-1775109812208\" class=\"rank-math-list-item\"> <h3 class=\"rank-math-question\">Este descascador de am\u00eandoas pode processar outros tipos de nozes?<\/h3> <div class=\"rank-math-answer\">  <p>Sim. Muitas m\u00e1quinas de descasque de nozes de macad\u00e2mia tamb\u00e9m podem quebrar am\u00eandoas, nozes, castanhas-do-par\u00e1, pec\u00e3s e outras nozes de casca dura \u2014 desde que tenham configura\u00e7\u00f5es de folga ajust\u00e1veis e acess\u00f3rios de peneira compat\u00edveis.<\/p>  <\/div> <\/div> <div id=\"faq-question-1775109829052\" class=\"rank-math-list-item\"> <h3 class=\"rank-math-question\">A m\u00e1quina de descasque pode danificar os kernels de macad\u00e2mia?<\/h3> <div class=\"rank-math-answer\">  <p>Uma m\u00e1quina de descasque de qualidade \u00e9 projetada para minimizar a quebra de kernels. Configura\u00e7\u00f5es ajust\u00e1veis permitem aos operadores otimizar para o tamanho e dureza da noz. Com o ajuste adequado, os danos nos kernels podem ser mantidos muito baixos.<\/p>  <\/div> <\/div> <div id=\"faq-question-1775109879451\" class=\"rank-math-list-item\"> <h3 class=\"rank-math-question\">Quais materiais s\u00e3o usados na constru\u00e7\u00e3o da m\u00e1quina de descasque de nozes de macad\u00e2mia?<\/h3> <div class=\"rank-math-answer\">  <p>M\u00e1quinas de descasque de am\u00eandoas de alta qualidade geralmente usam a\u00e7o inoxid\u00e1vel 304 para o funil, corpo da peneira e malha. Isso garante seguran\u00e7a alimentar, resist\u00eancia \u00e0 corros\u00e3o e longa vida \u00fatil.<\/p>  <\/div> <\/div> <div id=\"faq-question-1775109912022\" class=\"rank-math-list-item\"> <h3 class=\"rank-math-question\">Quais s\u00e3o os problemas comuns e como podem ser resolvidos?<\/h3> <div class=\"rank-math-answer\">  <p>Taxa de descasque baixa \u2192 Ajuste a folga ou reduza a velocidade de alimenta\u00e7\u00e3o.<br \/>Alta quebra de kernels \u2192 Reduza a press\u00e3o ou modifique as configura\u00e7\u00f5es.<br \/>Vibra\u00e7\u00e3o da m\u00e1quina \u2192 Garantir instala\u00e7\u00e3o est\u00e1vel e verificar se h\u00e1 parafusos soltos.<\/p>  <\/div> <\/div> <div id=\"faq-question-1775109954348\" class=\"rank-math-list-item\"> <h3 class=\"rank-math-question\">Voc\u00ea fornece suporte de instala\u00e7\u00e3o ou treinamento?<\/h3> <div class=\"rank-math-answer\">  <p>A Taizy oferece servi\u00e7os p\u00f3s-venda como orienta\u00e7\u00e3o remota de instala\u00e7\u00e3o, suporte por v\u00eddeo online e consultoria t\u00e9cnica.<\/p>  <\/div> <\/div> <div id=\"faq-question-1775110046485\" class=\"rank-math-list-item\"> <h3 class=\"rank-math-question\">Como limpo a m\u00e1quina de quebra de nozes de macad\u00e2mia ap\u00f3s o uso?<\/h3> <div class=\"rank-math-answer\">  <p>Primeiro, desligue a energia e desconecte a fonte de alimenta\u00e7\u00e3o. Depois, remova quaisquer res\u00edduos de nozes e cascas, e use uma escova de cerdas macias para limpar a peneira e o funil. Por fim, limpe as superf\u00edcies com um produto de limpeza de grau aliment\u00edcio e certifique-se de que todos os componentes estejam completamente secos antes do pr\u00f3ximo uso.<\/p>  <\/div> <\/div> <\/div> <\/div>   <h2 class=\"wp-block-heading\"><strong>Fornecedor de M\u00e1quinas de Processamento de Nozes Taizy-Profissional<\/strong><\/h2>    <p>Para qualquer processador de nozes que deseja aumentar a efici\u00eancia, reduzir custos de m\u00e3o-de-obra e manter a alta qualidade dos kernels, uma m\u00e1quina de descasque de nozes de macad\u00e2mia representa um investimento fundamental.<\/p>    <p>Com sua constru\u00e7\u00e3o robusta, tecnologia avan\u00e7ada de descasque e ampla aplicabilidade, este equipamento oferece uma solu\u00e7\u00e3o confi\u00e1vel para quebrar nozes de casca dura, garantindo seguran\u00e7a operacional e minimizando perdas de produto.<\/p>    <p class=\"translation-block\">Por favor, entre em contato conosco para detalhes precisos de pre\u00e7os. Se estiver interessado numa linha completa de processamento de nozes de macad\u00e2mia, clique aqui para ver as especifica\u00e7\u00f5es t\u00e9cnicas mais precisas: <a href=\"https:\/\/bestpeanutmachine.com\/pt\/product\/2-3t-h-hazelnut-almond-shelling-line\/\">Linha de Processamento Profundo de Macad\u00e2mia<\/a>.<\/p>","protected":false},"excerpt":{"rendered":"<p>A high-performance macadamia nut shelling machine, specifically designed for the rapid and efficient shelling of hard-shelled nuts. Constructed from stainless steel and featuring adjustable settings, it is ideally suited for medium-scale production requirements.<\/p>","protected":false},"author":1,"featured_media":1374,"parent":0,"template":"","tags":[77],"product-type":[76,6],"class_list":["post-1362","product","type-product","status-publish","has-post-thumbnail","hentry","tag-almond","product-type-other-nuts-machine","product-type-product"],"_links":{"self":[{"href":"https:\/\/bestpeanutmachine.com\/pt\/wp-json\/wp\/v2\/product\/1362","targetHints":{"allow":["GET"]}}],"collection":[{"href":"https:\/\/bestpeanutmachine.com\/pt\/wp-json\/wp\/v2\/product"}],"about":[{"href":"https:\/\/bestpeanutmachine.com\/pt\/wp-json\/wp\/v2\/types\/product"}],"author":[{"embeddable":true,"href":"https:\/\/bestpeanutmachine.com\/pt\/wp-json\/wp\/v2\/users\/1"}],"wp:featuredmedia":[{"embeddable":true,"href":"https:\/\/bestpeanutmachine.com\/pt\/wp-json\/wp\/v2\/media\/1374"}],"wp:attachment":[{"href":"https:\/\/bestpeanutmachine.com\/pt\/wp-json\/wp\/v2\/media?parent=1362"}],"wp:term":[{"taxonomy":"post_tag","embeddable":true,"href":"https:\/\/bestpeanutmachine.com\/pt\/wp-json\/wp\/v2\/tags?post=1362"},{"taxonomy":"product-type","embeddable":true,"href":"https:\/\/bestpeanutmachine.com\/pt\/wp-json\/wp\/v2\/product-type?post=1362"}],"curies":[{"name":"wp","href":"https:\/\/api.w.org\/{rel}","templated":true}]}}