{"id":1397,"date":"2026-04-21T14:24:31","date_gmt":"2026-04-21T06:24:31","guid":{"rendered":"https:\/\/bestpeanutmachine.com\/?post_type=product&#038;p=1397"},"modified":"2026-04-21T17:44:57","modified_gmt":"2026-04-21T09:44:57","slug":"nut-packaging-machine","status":"publish","type":"product","link":"https:\/\/bestpeanutmachine.com\/pt\/product\/nut-packaging-machine\/","title":{"rendered":"M\u00e1quina de Embalagem de Nozes"},"content":{"rendered":"<p class=\"translation-block\">Uma <strong>m\u00e1quina de embalagem de nozes<\/strong> \u00e9 um sistema automatizado projetado para pesar, encher, selar e cortar sacos de embalagem, adequado para v\u00e1rios tipos de nozes, incluindo amendoins, am\u00eandoas e avel\u00e3s.<\/p>    <p>Esta m\u00e1quina de embalagem granular rotativa \u00e9 particularmente adequada para produtos granulares com boas caracter\u00edsticas de fluidez, que integra sistemas de controle mec\u00e2nico e eletr\u00f4nico para executar automaticamente todo o processo, desde a alimenta\u00e7\u00e3o do material at\u00e9 a sa\u00edda de sacos acabados.<\/p>    <figure class=\"wp-block-embed aligncenter is-type-video is-provider-youtube wp-block-embed-youtube wp-embed-aspect-16-9 wp-has-aspect-ratio\"><div class=\"wp-block-embed__wrapper\"> <iframe loading=\"lazy\" title=\"Nut Packaging Machine Working Process | Rotary Granule Packing Machine for Peanuts &amp; Almonds\" width=\"500\" height=\"281\" src=\"https:\/\/www.youtube.com\/embed\/0KpAwMMxtrE?feature=oembed\" frameborder=\"0\" allow=\"accelerometer; autoplay; clipboard-write; encrypted-media; gyroscope; picture-in-picture; web-share\" referrerpolicy=\"strict-origin-when-cross-origin\" allowfullscreen><\/iframe> <\/div><figcaption class=\"wp-element-caption\">v\u00eddeo de trabalho da m\u00e1quina de embalagem de amendoim<\/figcaption><\/figure>    <h2 class=\"wp-block-heading\"><strong>Principais Vantagens da M\u00e1quina de Embalagem de Nozes<\/strong><\/h2>    <ol class=\"wp-block-list\"> <li>A plataforma girat\u00f3ria rotativa porciona precisamente o material em por\u00e7\u00f5es individuais com base em um peso pr\u00e9-definido. Tremonhas de v\u00e1rios tamanhos podem ser ajustadas ou trocadas para acomodar diversas necessidades de embalagem.<\/li>    <li>Este equipamento de embalagem possui uma interface de tela sens\u00edvel ao toque LCD de 5 polegadas que \u00e9 intuitiva e f\u00e1cil de operar, permitindo que at\u00e9 mesmo novatos a dominem rapidamente. O sistema suporta interfaces em chin\u00eas e ingl\u00eas.<\/li>    <li>Nossa m\u00e1quina de embalagem de nozes \u00e9 equipada com um sistema de rastreamento fotoel\u00e9trico que mede com precis\u00e3o o comprimento do saco e garante um corte de filme preciso, garantindo uma apar\u00eancia consistente e esteticamente agrad\u00e1vel para os pacotes acabados.<\/li>    <li>A Taizy oferece uma variedade de op\u00e7\u00f5es de selagem\u2014incluindo selos traseiros, selos de tr\u00eas lados e selos de quatro lados. Se v\u00e1rios estilos de embalagem forem necess\u00e1rios, a unidade de forma\u00e7\u00e3o de sacos deve ser trocada de acordo.<\/li>    <li>Ela realiza todo o processo de embalagem automaticamente\u2014incluindo forma\u00e7\u00e3o de sacos, enchimento, contagem, selagem e corte\u2014alcan\u00e7ando total automa\u00e7\u00e3o em todas as etapas.<\/li>    <li>Como cliente da Taizy, voc\u00ea tem acesso a uma gama de recursos opcionais e servi\u00e7os de personaliza\u00e7\u00e3o, incluindo codifica\u00e7\u00e3o de data, desgasifica\u00e7\u00e3o com nitrog\u00eanio, cria\u00e7\u00e3o de notches de f\u00e1cil rasgo e sistemas de embalagem em sacos cont\u00ednuos.<\/li> <\/ol>    <figure class=\"wp-block-gallery has-nested-images columns-2 is-cropped wp-block-gallery-2 is-layout-flex wp-block-gallery-is-layout-flex\"> <figure class=\"wp-block-image size-large\"><img loading=\"lazy\" decoding=\"async\" width=\"720\" height=\"540\" data-id=\"1404\" src=\"https:\/\/bestpeanutmachine.com\/wp-content\/uploads\/2026\/04\/turntable.webp\" alt=\"plataforma girat\u00f3ria\" class=\"wp-image-1404\" srcset=\"https:\/\/bestpeanutmachine.com\/wp-content\/uploads\/2026\/04\/turntable.webp 720w, https:\/\/bestpeanutmachine.com\/wp-content\/uploads\/2026\/04\/turntable-300x225.webp 300w, https:\/\/bestpeanutmachine.com\/wp-content\/uploads\/2026\/04\/turntable-16x12.webp 16w\" sizes=\"auto, (max-width: 720px) 100vw, 720px\" \/><figcaption class=\"wp-element-caption\">plataforma girat\u00f3ria<\/figcaption><\/figure>    <figure class=\"wp-block-image size-large\"><img loading=\"lazy\" decoding=\"async\" width=\"720\" height=\"540\" data-id=\"1402\" src=\"https:\/\/bestpeanutmachine.com\/wp-content\/uploads\/2026\/04\/LCD-touchscreen.webp\" alt=\"Tela sens\u00edvel ao toque LCD\" class=\"wp-image-1402\" srcset=\"https:\/\/bestpeanutmachine.com\/wp-content\/uploads\/2026\/04\/LCD-touchscreen.webp 720w, https:\/\/bestpeanutmachine.com\/wp-content\/uploads\/2026\/04\/LCD-touchscreen-300x225.webp 300w, https:\/\/bestpeanutmachine.com\/wp-content\/uploads\/2026\/04\/LCD-touchscreen-16x12.webp 16w\" sizes=\"auto, (max-width: 720px) 100vw, 720px\" \/><figcaption class=\"wp-element-caption\">Tela sens\u00edvel ao toque LCD<\/figcaption><\/figure>    <figure class=\"wp-block-image size-large\"><img loading=\"lazy\" decoding=\"async\" width=\"720\" height=\"540\" data-id=\"1403\" src=\"https:\/\/bestpeanutmachine.com\/wp-content\/uploads\/2026\/04\/former.webp\" alt=\"formador\" class=\"wp-image-1403\" srcset=\"https:\/\/bestpeanutmachine.com\/wp-content\/uploads\/2026\/04\/former.webp 720w, https:\/\/bestpeanutmachine.com\/wp-content\/uploads\/2026\/04\/former-300x225.webp 300w, https:\/\/bestpeanutmachine.com\/wp-content\/uploads\/2026\/04\/former-16x12.webp 16w\" sizes=\"auto, (max-width: 720px) 100vw, 720px\" \/><figcaption class=\"wp-element-caption\">formador<\/figcaption><\/figure>    <figure class=\"wp-block-image size-full\"><img loading=\"lazy\" decoding=\"async\" width=\"720\" height=\"540\" data-id=\"1409\" src=\"https:\/\/bestpeanutmachine.com\/wp-content\/uploads\/2026\/04\/peanut-packaging-machine.webp\" alt=\"m\u00e1quina de embalagem de amendoim\" class=\"wp-image-1409\" srcset=\"https:\/\/bestpeanutmachine.com\/wp-content\/uploads\/2026\/04\/peanut-packaging-machine.webp 720w, https:\/\/bestpeanutmachine.com\/wp-content\/uploads\/2026\/04\/peanut-packaging-machine-300x225.webp 300w, https:\/\/bestpeanutmachine.com\/wp-content\/uploads\/2026\/04\/peanut-packaging-machine-16x12.webp 16w\" sizes=\"auto, (max-width: 720px) 100vw, 720px\" \/><figcaption class=\"wp-element-caption\">m\u00e1quina de embalagem de amendoim<\/figcaption><\/figure> <\/figure>    <h2 class=\"wp-block-heading\"><strong>Estrutura da Unidade Principal da M\u00e1quina de Embalagem de Nozes<\/strong><\/h2>    <ul class=\"wp-block-list\"> <li><strong>Tremonha<\/strong>: Armazenar o material e transportar as nozes para a m\u00e1quina.<\/li>    <li><strong>Plataforma girat\u00f3ria rotativa<\/strong>: Distribuir precisamente o material em cada saco de embalagem.<\/li>    <li><strong>Dispositivo de forma\u00e7\u00e3o<\/strong>: Moldar o filme numa bolsa de acordo com a largura definida.<\/li>    <li><strong>Bobina de filme<\/strong>: Apoiar e segurar o filme de embalagem.<\/li>    <li><strong>Alavanca de controle do filme<\/strong>: Medir e regular o comprimento do alimentador de filme.<\/li>    <li><strong>Sistema de vibra\u00e7\u00e3o<\/strong>: Garantir o transporte suave e preciso do material.<\/li>    <li><strong>Tubo de aquecimento<\/strong>: Fornecendo energia t\u00e9rmica para facilitar o selamento.<\/li> <\/ul>    <h2 class=\"wp-block-heading\"><strong>Par\u00e2metros T\u00e9cnicos da M\u00e1quina de Embalagem de Nozes<\/strong><\/h2>    <figure class=\"wp-block-table\"><table class=\"has-fixed-layout\"><thead><tr><th>Modelo<\/th><th class=\"has-text-align-center\" data-align=\"center\">TZ-320<\/th><th class=\"has-text-align-center\" data-align=\"center\">TZ-450 <\/th><\/tr><\/thead><tbody><tr><td>Estilo de saco<\/td><td class=\"has-text-align-center\" data-align=\"center\">Selagem traseira \/ Selagem de tr\u00eas lados<\/td><td class=\"has-text-align-center\" data-align=\"center\">Selagem traseira \/ Selagem de tr\u00eas lados<\/td><\/tr><tr><td>Velocidade de embalagem<\/td><td class=\"has-text-align-center\" data-align=\"center\">20\u201380 sacos\/min<\/td><td class=\"has-text-align-center\" data-align=\"center\">20\u201380 sacos\/min<\/td><\/tr><tr><td>Poder<\/td><td class=\"has-text-align-center\" data-align=\"center\">1.8 kW<\/td><td class=\"has-text-align-center\" data-align=\"center\">2,2 kW<\/td><\/tr><tr><td>Peso<\/td><td class=\"has-text-align-center\" data-align=\"center\">250 kg<\/td><td class=\"has-text-align-center\" data-align=\"center\">420 kg<\/td><\/tr><tr><td>Dimens\u00f5es<\/td><td class=\"has-text-align-center\" data-align=\"center\">650 \u00d7 1050 \u00d7 1950 mm<\/td><td class=\"has-text-align-center\" data-align=\"center\">750 \u00d7 750 \u00d7 2100 mm<\/td><\/tr><tr><td>Largura m\u00e1xima do filme<\/td><td class=\"has-text-align-center\" data-align=\"center\">\u2264 30 cm<\/td><td class=\"has-text-align-center\" data-align=\"center\">\u2264 43 cm<\/td><\/tr><tr><td>Faixa de embalagem<\/td><td class=\"has-text-align-center\" data-align=\"center\">\u2264 200 g<\/td><td class=\"has-text-align-center\" data-align=\"center\">\u2264 600 g<\/td><\/tr><tr><td>Material da m\u00e1quina<\/td><td class=\"has-text-align-center\" data-align=\"center\">A\u00e7o inoxid\u00e1vel<\/td><td class=\"has-text-align-center\" data-align=\"center\">A\u00e7o inoxid\u00e1vel<\/td><\/tr><\/tbody><\/table><figcaption class=\"wp-element-caption\">especifica\u00e7\u00f5es da m\u00e1quina de embalagem de nozes<\/figcaption><\/figure>   <div class=\"wp-block-image\"> <figure class=\"aligncenter size-full\"><img decoding=\"async\" src=\"https:\/\/bestpeanutmachine.com\/wp-content\/uploads\/2026\/04\/nuts-filling-packaging-machines-1.webp\" alt=\"m\u00e1quinas de embalagem de nozes\" class=\"wp-image-1407\"\/><figcaption class=\"wp-element-caption\">m\u00e1quinas de embalagem de nozes<\/figcaption><\/figure> <\/div>   <h2 class=\"wp-block-heading\"><strong>Aplica\u00e7\u00f5es da M\u00e1quina de Embalagem de Lanches de Nozes<\/strong><\/h2>    <p>Esta m\u00e1quina de embalagem de nozes \u00e9 amplamente aplic\u00e1vel a v\u00e1rios produtos aliment\u00edcios granulares e semi-granulares de fluxo livre, encontrando utilidade particular nas ind\u00fastrias de nozes e lanches.<\/p>    <p>The nuts packaging machine features a combined design incorporating a &#8220;rotary metering system + vibratory feeding + high-precision photoelectric control.&#8221; Consequently, it delivers exceptional performance when handling nuts and similar food items.<\/p>    <p>Seu mecanismo de manuseio de material suave minimiza as taxas de quebra para nozes\u2014como am\u00eandoas e castanhas de caju\u2014garantindo que os produtos mantenham sua apar\u00eancia esteticamente agrad\u00e1vel e atraente dentro de suas embalagens de varejo.<\/p>    <p>O processo de embalagem totalmente fechado e automatizado minimiza o contato direto entre operadores humanos e os produtos aliment\u00edcios, cumprindo assim totalmente os rigorosos padr\u00f5es de higiene exigidos para ambientes de produ\u00e7\u00e3o de grau aliment\u00edcio.<\/p>    <p>Ao integrar perfeitamente precis\u00e3o, opera\u00e7\u00e3o de alta velocidade e capacidades de prote\u00e7\u00e3o do produto, esta m\u00e1quina de embalagem de nozes resolve efetivamente os complexos desafios inerentes \u00e0 embalagem de alimentos.<\/p>   <div class=\"wp-block-image\"> <figure class=\"aligncenter size-full\"><img loading=\"lazy\" decoding=\"async\" width=\"720\" height=\"540\" src=\"https:\/\/bestpeanutmachine.com\/wp-content\/uploads\/2026\/04\/peanut-snacks.webp\" alt=\"lanches de amendoim\" class=\"wp-image-1400\" srcset=\"https:\/\/bestpeanutmachine.com\/wp-content\/uploads\/2026\/04\/peanut-snacks.webp 720w, https:\/\/bestpeanutmachine.com\/wp-content\/uploads\/2026\/04\/peanut-snacks-300x225.webp 300w, https:\/\/bestpeanutmachine.com\/wp-content\/uploads\/2026\/04\/peanut-snacks-16x12.webp 16w\" sizes=\"auto, (max-width: 720px) 100vw, 720px\" \/><figcaption class=\"wp-element-caption\">lanches de amendoim<\/figcaption><\/figure> <\/div>   <h2 class=\"wp-block-heading\"><strong>Como Escolher a M\u00e1quina de Embalagem de Nozes Certa?<\/strong><\/h2>    <p>Ao comprar uma m\u00e1quina de embalagem de nozes, considere os seguintes fatores para garantir que voc\u00ea selecione o equipamento mais adequado:<\/p>    <ol class=\"wp-block-list\"> <li><strong>Peso da embalagem:<\/strong> Se o seu formato de embalagem envolver pacotes pequenos (\u2264200g), o Modelo 320 \u00e9 a melhor escolha. Se voc\u00ea precisar de pacotes de tamanho m\u00e9dio (\u2264600g), o Modelo 450 seria mais adequado \u00e0s suas necessidades.<\/li>    <li><strong>Dimens\u00f5es do saco e largura do filme:<\/strong> Esses fatores tamb\u00e9m s\u00e3o cruciais. Voc\u00ea pode nos fornecer seus requisitos espec\u00edficos em rela\u00e7\u00e3o \u00e0 largura do filme de embalagem, e a equipe profissional da Taizy o ajudar\u00e1 a selecionar o modelo de m\u00e1quina correspondente.<\/li>    <li><strong>Fluidez do produto: <\/strong>Por favor, certifique-se de que suas nozes ou produtos revestidos possuam boa fluidez para alcan\u00e7ar resultados de embalagem ideais. Se seus produtos forem pegajosos ou se voc\u00ea tiver requisitos espec\u00edficos adicionais de embalagem, podemos recomendar m\u00e1quinas de embalagem granular alternativas mais adequadas \u00e0s suas necessidades.<\/li>    <li><strong>Recursos opcionais:<\/strong> Uma vez que voc\u00ea tenha determinado o modelo de m\u00e1quina apropriado, por favor, decida se voc\u00ea precisa de fun\u00e7\u00f5es adicionais, como desgasifica\u00e7\u00e3o com nitrog\u00eanio, impress\u00e3o de data ou um recurso de saco de f\u00e1cil rasgo.<\/li>    <li><strong>Produ\u00e7\u00e3o:<\/strong> Se voc\u00ea tiver altas exig\u00eancias em rela\u00e7\u00e3o \u00e0 produ\u00e7\u00e3o, recomendamos emparelhar a m\u00e1quina de embalagem com um alimentador elevador. Isso n\u00e3o apenas acelera a velocidade de alimenta\u00e7\u00e3o, mas tamb\u00e9m previne poss\u00edveis bloqueios causados por alimenta\u00e7\u00e3o manual irregular.<\/li> <\/ol>   <div class=\"wp-block-image\"> <figure class=\"aligncenter size-full\"><img loading=\"lazy\" decoding=\"async\" width=\"720\" height=\"540\" src=\"https:\/\/bestpeanutmachine.com\/wp-content\/uploads\/2026\/04\/nuts-packaging-machine-with-elevator.webp\" alt=\"m\u00e1quina de embalagem de nozes com elevador\" class=\"wp-image-1406\" srcset=\"https:\/\/bestpeanutmachine.com\/wp-content\/uploads\/2026\/04\/nuts-packaging-machine-with-elevator.webp 720w, https:\/\/bestpeanutmachine.com\/wp-content\/uploads\/2026\/04\/nuts-packaging-machine-with-elevator-300x225.webp 300w, https:\/\/bestpeanutmachine.com\/wp-content\/uploads\/2026\/04\/nuts-packaging-machine-with-elevator-16x12.webp 16w\" sizes=\"auto, (max-width: 720px) 100vw, 720px\" \/><figcaption class=\"wp-element-caption\">m\u00e1quina de embalagem de nozes com elevador<\/figcaption><\/figure> <\/div>   <p>Se voc\u00ea \u00e9 um processador de pequena escala ou uma empresa aliment\u00edcia em crescimento, este equipamento permitir\u00e1 que voc\u00ea realize opera\u00e7\u00f5es de embalagem automatizadas, precisas e higi\u00eanicas\u2014impulsionando significativamente sua produtividade e competitividade no mercado.<\/p>    <p>Se voc\u00ea tiver algum requisito, entre em contato com a Taizy. Recomendaremos a m\u00e1quina de embalagem mais adequada para voc\u00ea com base em suas necessidades espec\u00edficas.<\/p>    <p>Voc\u00ea pode se interessar por isso:<\/p>    <div class=\"wp-block-media-text is-stacked-on-mobile\"><figure class=\"wp-block-media-text__media\"><img loading=\"lazy\" decoding=\"async\" width=\"720\" height=\"540\" src=\"https:\/\/bestpeanutmachine.com\/wp-content\/uploads\/2023\/05\/peanut-coating-machine.jpg\" alt=\"m\u00e1quina de revestimento de amendoim\" class=\"wp-image-148 size-full\" srcset=\"https:\/\/bestpeanutmachine.com\/wp-content\/uploads\/2023\/05\/peanut-coating-machine.jpg 720w, https:\/\/bestpeanutmachine.com\/wp-content\/uploads\/2023\/05\/peanut-coating-machine-300x225.jpg 300w\" sizes=\"auto, (max-width: 720px) 100vw, 720px\" \/><\/figure><div class=\"wp-block-media-text__content\"> <p><a href=\"https:\/\/bestpeanutmachine.com\/pt\/product\/peanut-coating-machine\/\">M\u00e1quina de revestimento de amendoim<\/a><\/p>    <p>Ela pode ajud\u00e1-lo a cobrir os amendoins com molho de chocolate ou outros condimentos para lanches de amendoim crocantes.<\/p> <\/div><\/div>    <div class=\"wp-block-media-text has-media-on-the-right is-stacked-on-mobile\"><div class=\"wp-block-media-text__content\"> <p><a href=\"https:\/\/bestpeanutmachine.com\/pt\/product\/peanut-roasting-machine\/\">M\u00e1quina de torrefa\u00e7\u00e3o de amendoim<\/a><\/p>    <p>As one of the most widely used pieces of nut processing equipment, the peanut roasting machine imparts a rich, earthy flavor to peanut snacks, thereby greatly enhancing the nuts&#8217; natural aroma.<\/p> <\/div><figure class=\"wp-block-media-text__media\"><img loading=\"lazy\" decoding=\"async\" width=\"720\" height=\"540\" src=\"https:\/\/bestpeanutmachine.com\/wp-content\/uploads\/2022\/08\/peanut-roaster-machine-for-sale.jpg\" alt=\"Vendo m\u00e1quina torradora de amendoim\" class=\"wp-image-78 size-full\" srcset=\"https:\/\/bestpeanutmachine.com\/wp-content\/uploads\/2022\/08\/peanut-roaster-machine-for-sale.jpg 720w, https:\/\/bestpeanutmachine.com\/wp-content\/uploads\/2022\/08\/peanut-roaster-machine-for-sale-300x225.jpg 300w\" sizes=\"auto, (max-width: 720px) 100vw, 720px\" \/><\/figure><\/div>","protected":false},"excerpt":{"rendered":"<p>Looking for an efficient nut packaging machine? This rotary granule packing machine offers accurate weighing, fast speed, and reliable sealing\u2014ideal for packaging peanuts, coated nuts, almonds, and hazelnuts.<\/p>","protected":false},"author":1,"featured_media":1408,"parent":0,"template":"","tags":[11],"product-type":[88,6],"class_list":["post-1397","product","type-product","status-publish","has-post-thumbnail","hentry","tag-peanut","product-type-nuts-packaging-machine","product-type-product"],"_links":{"self":[{"href":"https:\/\/bestpeanutmachine.com\/pt\/wp-json\/wp\/v2\/product\/1397","targetHints":{"allow":["GET"]}}],"collection":[{"href":"https:\/\/bestpeanutmachine.com\/pt\/wp-json\/wp\/v2\/product"}],"about":[{"href":"https:\/\/bestpeanutmachine.com\/pt\/wp-json\/wp\/v2\/types\/product"}],"author":[{"embeddable":true,"href":"https:\/\/bestpeanutmachine.com\/pt\/wp-json\/wp\/v2\/users\/1"}],"wp:featuredmedia":[{"embeddable":true,"href":"https:\/\/bestpeanutmachine.com\/pt\/wp-json\/wp\/v2\/media\/1408"}],"wp:attachment":[{"href":"https:\/\/bestpeanutmachine.com\/pt\/wp-json\/wp\/v2\/media?parent=1397"}],"wp:term":[{"taxonomy":"post_tag","embeddable":true,"href":"https:\/\/bestpeanutmachine.com\/pt\/wp-json\/wp\/v2\/tags?post=1397"},{"taxonomy":"product-type","embeddable":true,"href":"https:\/\/bestpeanutmachine.com\/pt\/wp-json\/wp\/v2\/product-type?post=1397"}],"curies":[{"name":"wp","href":"https:\/\/api.w.org\/{rel}","templated":true}]}}