{"id":142,"date":"2023-05-29T16:36:00","date_gmt":"2023-05-29T08:36:00","guid":{"rendered":"https:\/\/bestpeanutmachine.com\/?post_type=product&#038;p=142"},"modified":"2025-08-28T10:25:15","modified_gmt":"2025-08-28T02:25:15","slug":"peanut-coating-machine","status":"publish","type":"product","link":"https:\/\/bestpeanutmachine.com\/pt\/product\/peanut-coating-machine\/","title":{"rendered":"M\u00e1quina de revestimento de amendoim"},"content":{"rendered":"<p class=\"translation-block\">A \u200b<strong>M\u00e1quina de Revestimento de Amendoim<\/strong> \u00e9 uma solu\u00e7\u00e3o de engenharia de precis\u00e3o para fabricantes de alimentos que procuram elevar a produ\u00e7\u00e3o de snacks com revestimentos aromatizados consistentes e de alta qualidade. <\/p>    <p>Projetado para automatizar todo o processo de revestimento, esta m\u00e1quina garante a distribui\u00e7\u00e3o uniforme de revestimentos - de chocolate e a\u00e7\u00facar a especiarias salgadas ou esmaltes personalizados - amendoins onto com precis\u00e3o excepcional. <\/p>    <figure class=\"wp-block-embed is-type-video is-provider-youtube wp-block-embed-youtube wp-embed-aspect-16-9 wp-has-aspect-ratio\"><div class=\"wp-block-embed__wrapper\"> <iframe loading=\"lazy\" title=\"Como usar uma m\u00e1quina de revestimento de amendoim para lanches deliciosos #peanut #groundnut #foodmachine\" width=\"500\" height=\"281\" src=\"https:\/\/www.youtube.com\/embed\/dNJ5aIpsIho?feature=oembed\" frameborder=\"0\" allow=\"accelerometer; autoplay; clipboard-write; encrypted-media; gyroscope; picture-in-picture; web-share\" referrerpolicy=\"strict-origin-when-cross-origin\" allowfullscreen><\/iframe> <\/div><figcaption class=\"wp-element-caption\">V\u00eddeo de trabalho da m\u00e1quina de revestimento de amendoim<\/figcaption><\/figure>    <p>Seu tambor rotativo robusto, equipado com p\u00e1s ajust\u00e1vel e bicos de pulveriza\u00e7\u00e3o, cai suavemente amendoins enquanto aplica revestimentos uniformemente, minimizando o desperd\u00edcio e maximizando a ades\u00e3o ao sabor. <\/p>    <p class=\"translation-block\">Com uma \u200b<strong>capacidade de 100\u2013120 kg\/h<\/strong>, esta unidade vers\u00e1til atende a opera\u00e7\u00f5es de pequena e m\u00e9dia escala, otimizando fluxos de trabalho enquanto mant\u00e9m rigorosos padr\u00f5es de higiene atrav\u00e9s da sua constru\u00e7\u00e3o em a\u00e7o inoxid\u00e1vel de grau aliment\u00edcio. <\/p>    <figure class=\"wp-block-image size-full\"><img loading=\"lazy\" decoding=\"async\" width=\"720\" height=\"540\" src=\"https:\/\/bestpeanutmachine.com\/wp-content\/uploads\/2023\/05\/coated-peanut-machine.jpg\" alt=\"m\u00e1quina de revestimento de amendoim comercial\" class=\"wp-image-147\" srcset=\"https:\/\/bestpeanutmachine.com\/wp-content\/uploads\/2023\/05\/coated-peanut-machine.jpg 720w, https:\/\/bestpeanutmachine.com\/wp-content\/uploads\/2023\/05\/coated-peanut-machine-300x225.jpg 300w\" sizes=\"auto, (max-width: 720px) 100vw, 720px\" \/><figcaption class=\"wp-element-caption\">m\u00e1quina de revestimento de amendoim comercial<\/figcaption><\/figure>    <h2 class=\"wp-block-heading\">Princ\u00edpio de funcionamento de uma m\u00e1quina de revestimento de amendoim <\/h2>    <div class=\"wp-block-media-text is-stacked-on-mobile\"><figure class=\"wp-block-media-text__media\"><img loading=\"lazy\" decoding=\"async\" width=\"720\" height=\"540\" src=\"https:\/\/bestpeanutmachine.com\/wp-content\/uploads\/2023\/05\/commercial-groundnut-coating-machine.webp\" alt=\"m\u00e1quina comercial de revestimento de amendoim\" class=\"wp-image-198 size-full\" srcset=\"https:\/\/bestpeanutmachine.com\/wp-content\/uploads\/2023\/05\/commercial-groundnut-coating-machine.webp 720w, https:\/\/bestpeanutmachine.com\/wp-content\/uploads\/2023\/05\/commercial-groundnut-coating-machine-300x225.webp 300w, https:\/\/bestpeanutmachine.com\/wp-content\/uploads\/2023\/05\/commercial-groundnut-coating-machine-16x12.webp 16w\" sizes=\"auto, (max-width: 720px) 100vw, 720px\" \/><\/figure><div class=\"wp-block-media-text__content\"> <ul class=\"wp-block-list\"> <li><strong>Carregando<\/strong>. Os amendoins s\u00e3o alimentados na m\u00e1quina atrav\u00e9s de um sistema de tremonha ou transportador, calibrado para lidar com capacidades at\u00e9<strong>100-120 kg\/h<\/strong>, garantindo processamento eficiente em lote.<\/li>    <li>\u200b<strong>Rota\u00e7\u00e3o do tambor<\/strong>. Os amendoins entram em um tambor ou copo rotativo, onde a rota\u00e7\u00e3o suave e consistente evita danos ao promover o movimento uniforme. As velocidades de rota\u00e7\u00e3o ajust\u00e1veis \u200b\u200bacomodam tamanhos de amendoim variados e viscosidades de revestimento.<\/li> <\/ul> <\/div><\/div>    <div class=\"wp-block-media-text has-media-on-the-right is-stacked-on-mobile\"><div class=\"wp-block-media-text__content\"> <ul class=\"wp-block-list\"> <li><strong>Aplica\u00e7\u00e3o de revestimento<\/strong>. Revestimentos l\u00edquidos ou em p\u00f3 (por exemplo, chocolate, especiarias, xarope) s\u00e3o aplicados por meio de bocais ou dispensadores de spray de precis\u00e3o, atomizando l\u00edquidos em n\u00e9voas finas ou dispersando uniformemente misturas secas para cobertura superficial completa durante a queda.<\/li>    <li><strong>Mistura e ades\u00e3o<\/strong>. O movimento que ca\u00eda garante que os amendoins colidam, incorporando revestimentos sem problemas. Rases ou defletores embutidos intensificam a agita\u00e7\u00e3o, erradicando aglomerados e garantindo espessura uniforme da camada.<\/li> <\/ul> <\/div><figure class=\"wp-block-media-text__media\"><img loading=\"lazy\" decoding=\"async\" width=\"720\" height=\"540\" src=\"https:\/\/bestpeanutmachine.com\/wp-content\/uploads\/2023\/05\/Peanut-Coating-Machine-for-business.webp\" alt=\"M\u00e1quina de revestimento de amendoim para empresas\" class=\"wp-image-199 size-full\" srcset=\"https:\/\/bestpeanutmachine.com\/wp-content\/uploads\/2023\/05\/Peanut-Coating-Machine-for-business.webp 720w, https:\/\/bestpeanutmachine.com\/wp-content\/uploads\/2023\/05\/Peanut-Coating-Machine-for-business-300x225.webp 300w, https:\/\/bestpeanutmachine.com\/wp-content\/uploads\/2023\/05\/Peanut-Coating-Machine-for-business-16x12.webp 16w\" sizes=\"auto, (max-width: 720px) 100vw, 720px\" \/><\/figure><\/div>    <div class=\"wp-block-media-text is-stacked-on-mobile\"><figure class=\"wp-block-media-text__media\"><img loading=\"lazy\" decoding=\"async\" width=\"720\" height=\"540\" src=\"https:\/\/bestpeanutmachine.com\/wp-content\/uploads\/2023\/05\/automatic-groundnut-coating-machine.webp\" alt=\"m\u00e1quina autom\u00e1tica de revestimento de amendoim\" class=\"wp-image-197 size-full\" srcset=\"https:\/\/bestpeanutmachine.com\/wp-content\/uploads\/2023\/05\/automatic-groundnut-coating-machine.webp 720w, https:\/\/bestpeanutmachine.com\/wp-content\/uploads\/2023\/05\/automatic-groundnut-coating-machine-300x225.webp 300w, https:\/\/bestpeanutmachine.com\/wp-content\/uploads\/2023\/05\/automatic-groundnut-coating-machine-16x12.webp 16w\" sizes=\"auto, (max-width: 720px) 100vw, 720px\" \/><\/figure><div class=\"wp-block-media-text__content\"> <ul class=\"wp-block-list\"> <li><strong>Fluxo de ar e secagem<\/strong>. Um sistema de fluxo de ar embutido fornece ar direcionado para retirar o excesso de revestimento e acelerar a secagem, garantindo uma textura n\u00edtida e uma superf\u00edcie antiaderente enquanto prolonga a vida \u00fatil.<\/li>    <li><strong>Controles personalizados<\/strong>. Os operadores ajustam a velocidade do tambor, a temperatura, a intensidade de pulveriza\u00e7\u00e3o e o fluxo de ar atrav\u00e9s de um painel intuitivo, permitindo ajustes em tempo real na espessura do revestimento, textura e ciclos de secagem para execu\u00e7\u00e3o precisa da receita.<\/li> <\/ul> <\/div><\/div>    <div class=\"wp-block-media-text has-media-on-the-right is-stacked-on-mobile\"><div class=\"wp-block-media-text__content\"> <ul class=\"wp-block-list\"> <li><strong>Descarregamento e embalagem<\/strong>. Os amendoins revestidos acabados saem atrav\u00e9s de uma rampa de descarga, pronta para embalagens imediatas ou processamento adicional (por exemplo, refrigera\u00e7\u00e3o, tempero). O fluxo de trabalho sem costura minimiza o tempo de inatividade e maximiza a taxa de transfer\u00eancia.<\/li> <\/ul> <\/div><figure class=\"wp-block-media-text__media\"><img loading=\"lazy\" decoding=\"async\" width=\"720\" height=\"540\" src=\"https:\/\/bestpeanutmachine.com\/wp-content\/uploads\/2023\/05\/peanut-coating-machine-price.webp\" alt=\"Pre\u00e7o da m\u00e1quina de revestimento de amendoim\" class=\"wp-image-304 size-full\" srcset=\"https:\/\/bestpeanutmachine.com\/wp-content\/uploads\/2023\/05\/peanut-coating-machine-price.webp 720w, https:\/\/bestpeanutmachine.com\/wp-content\/uploads\/2023\/05\/peanut-coating-machine-price-300x225.webp 300w, https:\/\/bestpeanutmachine.com\/wp-content\/uploads\/2023\/05\/peanut-coating-machine-price-16x12.webp 16w\" sizes=\"auto, (max-width: 720px) 100vw, 720px\" \/><\/figure><\/div>    <p>Ao combinar precis\u00e3o mec\u00e2nica, automa\u00e7\u00e3o ajust\u00e1vel e constru\u00e7\u00e3o higi\u00eanica de qualidade alimentar, a m\u00e1quina garante amendoins revestidos de alta qualidade com res\u00edduos m\u00ednimos, atendendo \u00e0s demandas de produ\u00e7\u00e3o de lanches artesanais e industriais.<\/p>    <h2 class=\"wp-block-heading\">Aplica\u00e7\u00f5es de uma m\u00e1quina de revestimento de amendoim <\/h2>    <p>A m\u00e1quina de revestimento de amendoim \u00e9 um ativo vers\u00e1til no setor de processamento de alimentos, permitindo a cria\u00e7\u00e3o de uma ampla gama de lanches revestidos adaptados \u00e0s prefer\u00eancias do consumidor e \u00e0s demandas do mercado. Suas aplica\u00e7\u00f5es abrangem v\u00e1rios setores:<\/p>    <div class=\"wp-block-media-text is-stacked-on-mobile\"><figure class=\"wp-block-media-text__media\"><img loading=\"lazy\" decoding=\"async\" width=\"720\" height=\"540\" src=\"https:\/\/bestpeanutmachine.com\/wp-content\/uploads\/2023\/05\/applications-of-peanut-coating-machine.jpg\" alt=\"aplica\u00e7\u00f5es da m\u00e1quina de revestimento de amendoim\" class=\"wp-image-144 size-full\" srcset=\"https:\/\/bestpeanutmachine.com\/wp-content\/uploads\/2023\/05\/applications-of-peanut-coating-machine.jpg 720w, https:\/\/bestpeanutmachine.com\/wp-content\/uploads\/2023\/05\/applications-of-peanut-coating-machine-300x225.jpg 300w\" sizes=\"auto, (max-width: 720px) 100vw, 720px\" \/><\/figure><div class=\"wp-block-media-text__content\"> <ul class=\"wp-block-list\"> <li><strong>Produ\u00e7\u00e3o de lanches com sabor<\/strong> <ul class=\"wp-block-list\"> <li>\u200b<strong>Variantes doces<\/strong>. Counhe os amendoins com chocolate, caramelo, mel ou a\u00e7\u00facar para guloseimas cristalizadas.<\/li>    <li>\u200b<strong>Op\u00e7\u00f5es salgadas e picantes<\/strong>. Aplique temperos como sal, churrasco, pimenta ou p\u00f3 de queijo para criar lanches ousados \u200b\u200be salgados.<\/li>    <li>\u200b<strong>Misturas inovadoras<\/strong>. Experimente os sabores de fus\u00e3o (por exemplo, mel-siracha, sal de chocolate) para atender aos mercados de nicho.<\/li> <\/ul> <\/li> <\/ul> <\/div><\/div>    <div class=\"wp-block-media-text has-media-on-the-right is-stacked-on-mobile\"><div class=\"wp-block-media-text__content\"> <ul class=\"wp-block-list\"> <li><strong>Ingredientes de confeitaria e padaria<\/strong> <ul class=\"wp-block-list\"> <li>Fornecer amendoins revestidos como coberturas para sorvete, sobremesas ou assados \u200b\u200b(por exemplo, biscoitos, bolos).<\/li>    <li>Produza amendoins mergulhados em chocolate para caixas de presente gourmet ou guloseimas com temas de f\u00e9rias.<\/li> <\/ul> <\/li> <\/ul> <\/div><figure class=\"wp-block-media-text__media\"><img loading=\"lazy\" decoding=\"async\" width=\"720\" height=\"540\" src=\"https:\/\/bestpeanutmachine.com\/wp-content\/uploads\/2023\/05\/chocolate-peanuts.webp\" alt=\"amendoim de chocolate\" class=\"wp-image-200 size-full\" srcset=\"https:\/\/bestpeanutmachine.com\/wp-content\/uploads\/2023\/05\/chocolate-peanuts.webp 720w, https:\/\/bestpeanutmachine.com\/wp-content\/uploads\/2023\/05\/chocolate-peanuts-300x225.webp 300w, https:\/\/bestpeanutmachine.com\/wp-content\/uploads\/2023\/05\/chocolate-peanuts-16x12.webp 16w\" sizes=\"auto, (max-width: 720px) 100vw, 720px\" \/><\/figure><\/div>    <div class=\"wp-block-media-text is-stacked-on-mobile\"><figure class=\"wp-block-media-text__media\"><img loading=\"lazy\" decoding=\"async\" width=\"720\" height=\"540\" src=\"https:\/\/bestpeanutmachine.com\/wp-content\/uploads\/2023\/05\/coated-peanut.webp\" alt=\"amendoim revestido\" class=\"wp-image-201 size-full\" srcset=\"https:\/\/bestpeanutmachine.com\/wp-content\/uploads\/2023\/05\/coated-peanut.webp 720w, https:\/\/bestpeanutmachine.com\/wp-content\/uploads\/2023\/05\/coated-peanut-300x225.webp 300w, https:\/\/bestpeanutmachine.com\/wp-content\/uploads\/2023\/05\/coated-peanut-16x12.webp 16w\" sizes=\"auto, (max-width: 720px) 100vw, 720px\" \/><\/figure><div class=\"wp-block-media-text__content\"> <ul class=\"wp-block-list\"> <li>\u200b<strong>Fabrica\u00e7\u00e3o em escala industrial<\/strong> <ul class=\"wp-block-list\"> <li>Apoie a produ\u00e7\u00e3o de alto volume para supermercados, mercados de exporta\u00e7\u00e3o ou marcas de etiqueta privada com qualidade consistente.<\/li>    <li>Adapte -se a receitas personalizadas ou formula\u00e7\u00f5es privadas, ideais para parcerias OEM\/ODM.<\/li> <\/ul> <\/li>    <li>\u200b<strong>Dietas especiais<\/strong> <ul class=\"wp-block-list\"> <li>Crie revestimentos veganos, sem gl\u00faten ou com baixo teor de a\u00e7\u00facar para se alinhar com as tend\u00eancias da dieta.<\/li> <\/ul> <\/li> <\/ul> <\/div><\/div>    <p class=\"translation-block\">Equipada com \u200b<strong>constru\u00e7\u00e3o em a\u00e7o inoxid\u00e1vel de grau aliment\u00edcio<\/strong> e par\u00e2metros ajust\u00e1veis, a m\u00e1quina garante a conformidade com os padr\u00f5es de higiene, ao mesmo tempo que acomoda diversas texturas, viscosidades e tamanhos de lote. <\/p>    <p>De startups de lanches artesanais a processadores de alimentos em larga escala, ele capacita as empresas a inovar, escalar com efici\u00eancia e atender a um gosto de consumidor em evolu\u00e7\u00e3o com produtos de amendoim revestidos premium.<\/p>    <h2 class=\"wp-block-heading\">Par\u00e2metros da m\u00e1quina de revestimento de amendoim<\/h2>    <figure class=\"wp-block-table\"><table><tbody><tr><td>Modelo<\/td><td>TZ-800<\/td><td>TZ-900<\/td><\/tr><tr><td>Di\u00e2metro da panela<\/td><td>Di\u00e2metro externo: 777mm<br>Di\u00e2metro interno: 700mm<\/td><td>900 mm<\/td><\/tr><tr><td>Capacidade<\/td><td>100kg\/hora<\/td><td>120 kg\/h<\/td><\/tr><tr><td>Poder<\/td><td>1,5 kW<\/td><td>1,5 kW<\/td><\/tr><tr><td>Dimens\u00e3o<\/td><td>1000mm \u00d7 900mm \u00d7 1100mm<\/td><td>1100mm \u00d7 900mm \u00d7 1500mm<\/td><\/tr><tr><td>Peso<\/td><td>200kg<\/td><td>220kg<\/td><\/tr><tr><td>Pot\u00eancia de aquecimento el\u00e9trico<\/td><td>6kw<\/td><td>8kW<\/td><\/tr><\/tbody><\/table><figcaption class=\"wp-element-caption\">Par\u00e2metros da m\u00e1quina de revestimento de amendoim<\/figcaption><\/figure>    <h2 class=\"wp-block-heading\">Linha de produ\u00e7\u00e3o autom\u00e1tica de m\u00e1quina para fabrica\u00e7\u00e3o de amendoim revestido <\/h2>    <p>Essa linha integrada simplifica a fabrica\u00e7\u00e3o de amendoim revestida em larga escala com precis\u00e3o e efici\u00eancia. Os est\u00e1gios -chave incluem:<\/p>    <div class=\"wp-block-media-text is-stacked-on-mobile\"><figure class=\"wp-block-media-text__media\"><img loading=\"lazy\" decoding=\"async\" width=\"720\" height=\"540\" src=\"https:\/\/bestpeanutmachine.com\/wp-content\/uploads\/2023\/05\/coated-peanut-production-line.jpg\" alt=\"linha de produ\u00e7\u00e3o de amendoim revestido\" class=\"wp-image-145 size-full\" srcset=\"https:\/\/bestpeanutmachine.com\/wp-content\/uploads\/2023\/05\/coated-peanut-production-line.jpg 720w, https:\/\/bestpeanutmachine.com\/wp-content\/uploads\/2023\/05\/coated-peanut-production-line-300x225.jpg 300w\" sizes=\"auto, (max-width: 720px) 100vw, 720px\" \/><\/figure><div class=\"wp-block-media-text__content\"> <ul class=\"wp-block-list\"> <li><strong>Limpeza e classifica\u00e7\u00e3o<\/strong>\u00a0-Remove as impurezas para nozes de qualidade premium.<\/li>    <li>\u200b<strong><a href=\"https:\/\/bestpeanutmachine.com\/pt\/product\/peanut-roasting-machine\/\">Assar<\/a><\/strong>\u00a0- Os perfis de temperatura ajust\u00e1veis \u200b\u200baumentam o sabor e a textura.<\/li>    <li>\u200b<strong>Revestimento<\/strong>\u00a0- M\u00e1quina do n\u00facleo aplica chocolate, especiarias ou esmaltes por meio de bicos de spray ou dispensadores, garantindo cobertura uniforme em um tambor rotativo.<\/li>    <li>\u200b<strong>Resfriamento\/secagem<\/strong>\u00a0- estabiliza os revestimentos para a croc\u00e2ncia e a vida \u00fatil.<\/li>    <li>\u200b<strong>Embalagem<\/strong>\u00a0- Automated Systems Por\u00e7\u00e3o Amendoim em sacos ou recipientes a granel.<\/li> <\/ul> <\/div><\/div>    <p>Projetado para marcas de confeitaria e fabricantes de lanches, esta solu\u00e7\u00e3o de m\u00e3o-chave oferece produtos consistentes e prontos para o mercado, com desperd\u00edcio m\u00ednimo e escalabilidade r\u00e1pida.<\/p>    <h2 class=\"wp-block-heading\">Um caso de sucesso de m\u00e1quina de revestimento de amendoim<\/h2>    <p>Na Ar\u00e1bia Saudita, uma empresa de processamento de alimentos aprimorou a efici\u00eancia da produ\u00e7\u00e3o e a qualidade do produto usando nossa m\u00e1quina avan\u00e7ada de revestimento de amendoim. Sua velocidade de rota\u00e7\u00e3o ajust\u00e1vel e configura\u00e7\u00f5es precisas de pulveriza\u00e7\u00e3o garantiram revestimentos uniformes, melhorando o sabor e a apar\u00eancia do amendoim. <\/p>    <p>Os recursos de automa\u00e7\u00e3o e personaliza\u00e7\u00e3o da m\u00e1quina permitiram facilitar a escala de produ\u00e7\u00e3o, mantendo altos padr\u00f5es. Esse investimento aumentou a efici\u00eancia operacional e deu \u00e0 empresa uma vantagem de mercado, destacando os benef\u00edcios da moderna tecnologia de revestimento de amendoim.<\/p>    <figure class=\"wp-block-image size-large\"><img loading=\"lazy\" decoding=\"async\" width=\"720\" height=\"540\" src=\"https:\/\/bestpeanutmachine.com\/wp-content\/uploads\/2023\/05\/Peanut-Coating-Machine-for-sale.webp\" alt=\"M\u00e1quina de revestimento de amendoim \u00e0 venda\" class=\"wp-image-203\" srcset=\"https:\/\/bestpeanutmachine.com\/wp-content\/uploads\/2023\/05\/Peanut-Coating-Machine-for-sale.webp 720w, https:\/\/bestpeanutmachine.com\/wp-content\/uploads\/2023\/05\/Peanut-Coating-Machine-for-sale-300x225.webp 300w, https:\/\/bestpeanutmachine.com\/wp-content\/uploads\/2023\/05\/Peanut-Coating-Machine-for-sale-16x12.webp 16w\" sizes=\"auto, (max-width: 720px) 100vw, 720px\" \/><figcaption class=\"wp-element-caption\">M\u00e1quina de revestimento de amendoim \u00e0 venda<\/figcaption><\/figure>    <h2 class=\"wp-block-heading\">Deixe sua mensagem!<\/h2>    <p class=\"translation-block\">Estamos empenhados em fornecer aos nossos clientes as mais altas solu\u00e7\u00f5es de revestimento de <a href=\"https:\/\/en.wikipedia.org\/wiki\/Groundnut\" data-type=\"link\" data-id=\"https:\/\/en.wikipedia.org\/wiki\/Groundnut\" target=\"_blank\" rel=\"noopener\">amendoim<\/a> de qualidade. Se tiver alguma d\u00favida ou quiser saber mais sobre a nossa m\u00e1quina de revestimento de amendoim, n\u00e3o hesite em deixar uma mensagem abaixo. A nossa equipa entrar\u00e1 em contacto consigo prontamente para fornecer assist\u00eancia e suporte profissional. <\/p>    <p>Estamos ansiosos para colaborar com voc\u00ea para melhorar sua efici\u00eancia de produ\u00e7\u00e3o e qualidade do produto. Deixe suas informa\u00e7\u00f5es abaixo e deixe-nos ajud\u00e1-lo a alcan\u00e7ar a excel\u00eancia em seus objetivos de produ\u00e7\u00e3o!<\/p>    <figure class=\"wp-block-image size-full\"><img loading=\"lazy\" decoding=\"async\" width=\"720\" height=\"540\" src=\"https:\/\/bestpeanutmachine.com\/wp-content\/uploads\/2023\/05\/nut-coating-machine.webp\" alt=\"m\u00e1quina de revestimento de porca\" class=\"wp-image-303\" srcset=\"https:\/\/bestpeanutmachine.com\/wp-content\/uploads\/2023\/05\/nut-coating-machine.webp 720w, https:\/\/bestpeanutmachine.com\/wp-content\/uploads\/2023\/05\/nut-coating-machine-300x225.webp 300w, https:\/\/bestpeanutmachine.com\/wp-content\/uploads\/2023\/05\/nut-coating-machine-16x12.webp 16w\" sizes=\"auto, (max-width: 720px) 100vw, 720px\" \/><figcaption class=\"wp-element-caption\">m\u00e1quina de revestimento de porca<\/figcaption><\/figure>","protected":false},"excerpt":{"rendered":"<p>A m\u00e1quina de revestimento de amendoim \u00e9 uma solu\u00e7\u00e3o de engenharia de precis\u00e3o para os fabricantes de alimentos que procuram elevar a produ\u00e7\u00e3o de lanches com revestimentos com sabor consistente e de alta qualidade. <\/p>","protected":false},"author":1,"featured_media":148,"parent":0,"template":"","tags":[13,12,11],"product-type":[69,6],"class_list":["post-142","product","type-product","status-publish","has-post-thumbnail","hentry","tag-coating-machine","tag-groundnut","tag-peanut","product-type-peanut-machine","product-type-product"],"_links":{"self":[{"href":"https:\/\/bestpeanutmachine.com\/pt\/wp-json\/wp\/v2\/product\/142","targetHints":{"allow":["GET"]}}],"collection":[{"href":"https:\/\/bestpeanutmachine.com\/pt\/wp-json\/wp\/v2\/product"}],"about":[{"href":"https:\/\/bestpeanutmachine.com\/pt\/wp-json\/wp\/v2\/types\/product"}],"author":[{"embeddable":true,"href":"https:\/\/bestpeanutmachine.com\/pt\/wp-json\/wp\/v2\/users\/1"}],"wp:featuredmedia":[{"embeddable":true,"href":"https:\/\/bestpeanutmachine.com\/pt\/wp-json\/wp\/v2\/media\/148"}],"wp:attachment":[{"href":"https:\/\/bestpeanutmachine.com\/pt\/wp-json\/wp\/v2\/media?parent=142"}],"wp:term":[{"taxonomy":"post_tag","embeddable":true,"href":"https:\/\/bestpeanutmachine.com\/pt\/wp-json\/wp\/v2\/tags?post=142"},{"taxonomy":"product-type","embeddable":true,"href":"https:\/\/bestpeanutmachine.com\/pt\/wp-json\/wp\/v2\/product-type?post=142"}],"curies":[{"name":"wp","href":"https:\/\/api.w.org\/{rel}","templated":true}]}}