{"id":33,"date":"2022-08-25T02:28:06","date_gmt":"2022-08-24T18:28:06","guid":{"rendered":"https:\/\/bestpeanutmachine.com\/?post_type=product&#038;p=33"},"modified":"2025-08-28T10:25:41","modified_gmt":"2025-08-28T02:25:41","slug":"peanut-harvesting-machine","status":"publish","type":"product","link":"https:\/\/bestpeanutmachine.com\/pt\/product\/peanut-harvesting-machine\/","title":{"rendered":"M\u00e1quina de colheita de amendoim"},"content":{"rendered":"<p class=\"translation-block\"><strong>A m\u00e1quina de colheita de amendoim<\/strong> \u00e9 especialmente concebida para desenterrar amendoins do solo. Geralmente, a colhedora de amendoim \u00e9 montada num trator com 20 ~35cv. Pode colher amendoins de forma autom\u00e1tica e eficiente. <\/p>    <p>A colhedora de amendoim tem efici\u00eancia bastante elevada, podendo processar uma \u00e1rea de 1.300 ~ 2.000 metros quadrados. Al\u00e9m disso, esta m\u00e1quina possui uma taxa de quebra muito baixa, inferior a 1%. Ao mesmo tempo, o equipamento de colheita de amendoim tem uma taxa de limpeza superior a 95%. <\/p>    <p>Tamb\u00e9m economiza energia e tem um pre\u00e7o acess\u00edvel. A m\u00e1quina \u00e9 altamente adequada para suas fazendas. Se voc\u00ea est\u00e1 procurando uma pequena colheitadeira de amendoim confi\u00e1vel, entre em contato conosco para obter uma lista de pre\u00e7os gratuita.<\/p>    <figure class=\"wp-block-embed is-type-video is-provider-youtube wp-block-embed-youtube wp-embed-aspect-16-9 wp-has-aspect-ratio\"><div class=\"wp-block-embed__wrapper\"> <iframe loading=\"lazy\" title=\"A arte da manuten\u00e7\u00e3o: manter as colheitadeiras de amendoim funcionando perfeitamente #cultivo #amendoim #amendoim\" width=\"500\" height=\"281\" src=\"https:\/\/www.youtube.com\/embed\/uj-5wb4jFbk?start=44&#038;feature=oembed\" frameborder=\"0\" allow=\"accelerometer; autoplay; clipboard-write; encrypted-media; gyroscope; picture-in-picture; web-share\" referrerpolicy=\"strict-origin-when-cross-origin\" allowfullscreen><\/iframe> <\/div><figcaption class=\"wp-element-caption\">V\u00eddeo de funcionamento da m\u00e1quina colhedora de amendoim<\/figcaption><\/figure>    <h2 class=\"wp-block-heading\" id=\"h-benefits-of-taizy-groundnut-harvester-machine\">Benef\u00edcios da m\u00e1quina colheitadeira de amendoim TAIZY<\/h2>    <ol class=\"wp-block-list\"> <li>A m\u00e1quina de colheita de amendoim pode ser operada de forma flex\u00edvel, mesmo em campos aquosos, para atender a diferentes condi\u00e7\u00f5es de campo.<\/li>    <li>\u00a0Ap\u00f3s a colheita sem impurezas, a peneira vibrat\u00f3ria desempenha papel essencial na coleta do amendoim e pode deixar o produto mais limpo.<\/li>    <li>A colhedora de amendoim \u00e0 venda possui alta efici\u00eancia de trabalho e economiza muito tempo de m\u00e3o de obra. Enquanto isso, podemos operar a m\u00e1quina facilmente.<\/li>    <li>A taxa de colheita autom\u00e1tica da colheitadeira de amendoim \u00e9 \u2265 98%, alta efici\u00eancia.<\/li>    <li>Ao escavar o solo em um \u00e2ngulo espec\u00edfico, a l\u00e2mina afiada pode colher totalmente os frutos. Portanto, n\u00e3o se preocupe, pois ainda h\u00e1 muitas frutas no solo.<\/li>    <li>As mudas de amendoim s\u00e3o colhidas e transportadas rapidamente at\u00e9 a sa\u00edda traseira por meio de correntes de roletes para evitar que caiam no solo. \u00a0<\/li> <\/ol>    <figure class=\"wp-block-image size-full\"><img loading=\"lazy\" decoding=\"async\" width=\"720\" height=\"540\" src=\"https:\/\/bestpeanutmachine.com\/wp-content\/uploads\/2022\/08\/peanut-harvester-machine.jpg\" alt=\"m\u00e1quina colheitadeira de amendoim\" class=\"wp-image-84\" srcset=\"https:\/\/bestpeanutmachine.com\/wp-content\/uploads\/2022\/08\/peanut-harvester-machine.jpg 720w, https:\/\/bestpeanutmachine.com\/wp-content\/uploads\/2022\/08\/peanut-harvester-machine-300x225.jpg 300w\" sizes=\"auto, (max-width: 720px) 100vw, 720px\" \/><figcaption class=\"wp-element-caption\">m\u00e1quina colheitadeira de amendoim<\/figcaption><\/figure>    <h2 class=\"wp-block-heading\" id=\"h-parameters-of-taizy-peanut-harvesting-machine\">Par\u00e2metros da m\u00e1quina de colheita de amendoim TAIZY<\/h2>    <figure class=\"wp-block-table\"><table><tbody><tr><td>Modelo<\/td><td>HS-800<\/td><\/tr><tr><td>Poder<\/td><td>Trator 20-35HP<\/td><\/tr><tr><td>Capacidade<\/td><td>1300-2000m2\/h<\/td><\/tr><tr><td>Largura da colheita<\/td><td>800 mm<\/td><\/tr><tr><td>Peso<\/td><td>280kg<\/td><\/tr><tr><td>Tamanho<\/td><td>2100*1050*1030mm<\/td><\/tr><tr><td>Taxa de embalagem<\/td><td>\u226598%<\/td><\/tr><tr><td>Taxa de quebra<\/td><td>\u22641%<\/td><\/tr><tr><td>Taxa de limpeza<\/td><td>\u226595%<\/td><\/tr><tr><td>Largura da colheitadeira<\/td><td>duas linhas<\/td><\/tr><tr><td>Dist\u00e2ncia entre linhas<\/td><td>750-850mm<\/td><\/tr><tr><td>Espa\u00e7amento entre linhas<\/td><td>180-250 mm<\/td><\/tr><tr><td>Dimens\u00e3o<\/td><td>2100*1050*1030mm<\/td><\/tr><\/tbody><\/table><figcaption class=\"wp-element-caption\">par\u00e2metros da m\u00e1quina de colheita de amendoim<\/figcaption><\/figure>    <h2 class=\"wp-block-heading\" id=\"h-what-machine-is-used-to-harvest-peanuts\">Qual m\u00e1quina \u00e9 usada para colher amendoim?<\/h2>    <p>A m\u00e1quina de colheita de amendoim foi projetada para colher amendoim automaticamente. Resumindo, o princ\u00edpio de funcionamento \u00e9 retirar os amendoins do solo com uma p\u00e1. <\/p>    <p>Ap\u00f3s uma s\u00e9rie de a\u00e7\u00f5es, a maior parte dos peda\u00e7os de solo se quebram e os amendoins com cip\u00f3s ficam espalhados pelos campos. A colheitadeira de amendoim possui caracter\u00edsticas de alta efici\u00eancia, desempenho est\u00e1vel e f\u00e1cil opera\u00e7\u00e3o.<\/p>    <figure class=\"wp-block-image size-full\"><img loading=\"lazy\" decoding=\"async\" width=\"720\" height=\"540\" src=\"https:\/\/bestpeanutmachine.com\/wp-content\/uploads\/2022\/08\/ground-nut-harvesting-equipment.jpg\" alt=\"equipamento de colheita de amendoim\" class=\"wp-image-85\" srcset=\"https:\/\/bestpeanutmachine.com\/wp-content\/uploads\/2022\/08\/ground-nut-harvesting-equipment.jpg 720w, https:\/\/bestpeanutmachine.com\/wp-content\/uploads\/2022\/08\/ground-nut-harvesting-equipment-300x225.jpg 300w\" sizes=\"auto, (max-width: 720px) 100vw, 720px\" \/><figcaption class=\"wp-element-caption\">equipamento de colheita de amendoim<\/figcaption><\/figure>    <h2 class=\"wp-block-heading\" id=\"h-how-does-a-peanut-harvester-work\">Como funciona uma colheitadeira de amendoim?<\/h2>    <p>Durante a opera\u00e7\u00e3o, a p\u00e1 recolhe o amendoim junto com a terra. Sob a a\u00e7\u00e3o da roda de lan\u00e7amento e da roda de transfer\u00eancia, o solo \u00e9 quebrado e parcialmente vazado. Em seguida, \u00e9 lan\u00e7ado continuamente pelos dedos de 3 rodas indexadoras. <\/p>    <p>Torr\u00f5es finos de solo e part\u00edculas quebradas de solo s\u00e3o descarregados atrav\u00e9s da tela de haste curva. Vagens de amendoim e um pequeno n\u00famero de ra\u00edzes finas e solo fino s\u00e3o jogados na tela oscilante. A terra fina \u00e9 descarregada pelos orif\u00edcios da peneira. As vagens de amendoim passam pela peneira e v\u00e3o para a caixa de frutas.<\/p>    <figure class=\"wp-block-gallery has-nested-images columns-default is-cropped wp-block-gallery-2 is-layout-flex wp-block-gallery-is-layout-flex\"> <figure class=\"wp-block-image size-large\"><img loading=\"lazy\" decoding=\"async\" width=\"720\" height=\"540\" data-id=\"236\" src=\"https:\/\/bestpeanutmachine.com\/wp-content\/uploads\/2022\/08\/automatic-Peanut-Harvesting-Machine.webp\" alt=\"m\u00e1quina de colheita autom\u00e1tica de amendoim\" class=\"wp-image-236\" srcset=\"https:\/\/bestpeanutmachine.com\/wp-content\/uploads\/2022\/08\/automatic-Peanut-Harvesting-Machine.webp 720w, https:\/\/bestpeanutmachine.com\/wp-content\/uploads\/2022\/08\/automatic-Peanut-Harvesting-Machine-300x225.webp 300w, https:\/\/bestpeanutmachine.com\/wp-content\/uploads\/2022\/08\/automatic-Peanut-Harvesting-Machine-16x12.webp 16w\" sizes=\"auto, (max-width: 720px) 100vw, 720px\" \/><figcaption class=\"wp-element-caption\">m\u00e1quina de colheita autom\u00e1tica de amendoim<\/figcaption><\/figure>    <figure class=\"wp-block-image size-large\"><img loading=\"lazy\" decoding=\"async\" width=\"720\" height=\"540\" data-id=\"237\" src=\"https:\/\/bestpeanutmachine.com\/wp-content\/uploads\/2022\/08\/best-Peanut-Harvesting-Machine.webp\" alt=\"melhor m\u00e1quina de colheita de amendoim\" class=\"wp-image-237\" srcset=\"https:\/\/bestpeanutmachine.com\/wp-content\/uploads\/2022\/08\/best-Peanut-Harvesting-Machine.webp 720w, https:\/\/bestpeanutmachine.com\/wp-content\/uploads\/2022\/08\/best-Peanut-Harvesting-Machine-300x225.webp 300w, https:\/\/bestpeanutmachine.com\/wp-content\/uploads\/2022\/08\/best-Peanut-Harvesting-Machine-16x12.webp 16w\" sizes=\"auto, (max-width: 720px) 100vw, 720px\" \/><figcaption class=\"wp-element-caption\">melhor m\u00e1quina de colheita de amendoim<\/figcaption><\/figure> <\/figure>    <p>Esta colheitadeira \u00e9 adequada para solos franco-arenosos com um teor de umidade de 10% a 18%. Outro tipo de colheitadeira de amendoim \u00e9 usado para colher amendoins retos. Sua p\u00e1 de escava\u00e7\u00e3o retira os amendoins junto com o solo, sobe at\u00e9 a corrente de eleva\u00e7\u00e3o, solta alguns torr\u00f5es e os canaliza, depois os entrega \u00e0s rodas divis\u00f3rias dianteiras e traseiras e \u00e0 tela da barra curva. <\/p>    <p>Depois de alguns lances, a maior parte dos peda\u00e7os de solo s\u00e3o quebrados e separados, e os amendoins com cip\u00f3s s\u00e3o enviados para a corrente transportadora horizontal para serem espalhados nos campos colhidos.\u00a0\u00a0\u00a0\u00a0<\/p>    <h2 class=\"wp-block-heading\">Comece seu neg\u00f3cio agora<\/h2>    <figure class=\"wp-block-gallery has-nested-images columns-default is-cropped wp-block-gallery-3 is-layout-flex wp-block-gallery-is-layout-flex\"> <figure class=\"wp-block-image size-large\"><img loading=\"lazy\" decoding=\"async\" width=\"720\" height=\"540\" data-id=\"238\" src=\"https:\/\/bestpeanutmachine.com\/wp-content\/uploads\/2022\/08\/commercial-Peanut-Harvesting-Machine.webp\" alt=\"M\u00e1quina comercial de colheita de amendoim\" class=\"wp-image-238\" srcset=\"https:\/\/bestpeanutmachine.com\/wp-content\/uploads\/2022\/08\/commercial-Peanut-Harvesting-Machine.webp 720w, https:\/\/bestpeanutmachine.com\/wp-content\/uploads\/2022\/08\/commercial-Peanut-Harvesting-Machine-300x225.webp 300w, https:\/\/bestpeanutmachine.com\/wp-content\/uploads\/2022\/08\/commercial-Peanut-Harvesting-Machine-16x12.webp 16w\" sizes=\"auto, (max-width: 720px) 100vw, 720px\" \/><figcaption class=\"wp-element-caption\">M\u00e1quina comercial de colheita de amendoim<\/figcaption><\/figure>    <figure class=\"wp-block-image size-large\"><img loading=\"lazy\" decoding=\"async\" width=\"720\" height=\"540\" data-id=\"239\" src=\"https:\/\/bestpeanutmachine.com\/wp-content\/uploads\/2022\/08\/Peanut-Harvesting-Machine-for-business.webp\" alt=\"M\u00e1quina de colheita de amendoim para empresas\" class=\"wp-image-239\" srcset=\"https:\/\/bestpeanutmachine.com\/wp-content\/uploads\/2022\/08\/Peanut-Harvesting-Machine-for-business.webp 720w, https:\/\/bestpeanutmachine.com\/wp-content\/uploads\/2022\/08\/Peanut-Harvesting-Machine-for-business-300x225.webp 300w, https:\/\/bestpeanutmachine.com\/wp-content\/uploads\/2022\/08\/Peanut-Harvesting-Machine-for-business-16x12.webp 16w\" sizes=\"auto, (max-width: 720px) 100vw, 720px\" \/><figcaption class=\"wp-element-caption\">M\u00e1quina de colheita de amendoim para empresas<\/figcaption><\/figure> <\/figure>    <p class=\"translation-block\">A m\u00e1quina de colheita de amendoim \u00e9 ideal para a <a href=\"https:\/\/en.wikipedia.org\/wiki\/Harvest\" data-type=\"link\" data-id=\"https:\/\/en.wikipedia.org\/wiki\/Harvest\" target=\"_blank\" rel=\"noopener\">colheita<\/a> de amendoim em larga escala. Possui caracter\u00edsticas de alta efici\u00eancia, longa vida \u00fatil e bom desempenho. A m\u00e1quina colhedora de amendoim \u00e9 um \u00f3timo equipamento para as suas quintas. Esta colhedora de amendoim de duas linhas para venda da TAIZY \u00e9 bastante popular. E j\u00e1 foi exportada com sucesso para mais de 30 pa\u00edses e regi\u00f5es. <\/p>    <p class=\"translation-block\">Al\u00e9m disso, fornecemos uma gama completa de m\u00e1quinas de amendoim, incluindo <a href=\"https:\/\/bestpeanutmachine.com\/pt\/product\/peanut-picker-machine\/\" data-type=\"link\" data-id=\"https:\/\/bestpeanutmachine.com\/product\/peanut-picker-machine\/\">m\u00e1quinas de apanha de amendoim<\/a>, <a href=\"https:\/\/bestpeanutmachine.com\/pt\/product\/peanut-shelling-machine\/\" data-type=\"link\" data-id=\"https:\/\/bestpeanutmachine.com\/product\/peanut-shelling-machine\/\">m\u00e1quinas de debulhar amendoim<\/a>, <a href=\"https:\/\/bestpeanutmachine.com\/pt\/product\/peanut-peeling-machine\/\" data-type=\"link\" data-id=\"https:\/\/bestpeanutmachine.com\/product\/peanut-peeling-machine\/\">m\u00e1quinas de descascar amendoim<\/a>, <a href=\"https:\/\/bestpeanutmachine.com\/pt\/product\/peanut-roasting-machine\/\" data-type=\"link\" data-id=\"https:\/\/bestpeanutmachine.com\/product\/peanut-roasting-machine\/\">m\u00e1quinas de torrar amendoim<\/a>, etc. Todas as nossas m\u00e1quinas gozam de boa qualidade e entrega r\u00e1pida. Bem-vindo a contactar-nos para o melhor pre\u00e7o.<\/p>","protected":false},"excerpt":{"rendered":"<p>A m\u00e1quina de colheita de amendoim \u00e9 especialmente projetada para extrair amendoim do solo. Geralmente a colhedora de amendoim \u00e9 montada em um trator com 20~35cv. Ele pode colher amendoins de forma autom\u00e1tica e eficiente. <\/p>","protected":false},"author":1,"featured_media":83,"parent":0,"template":"","tags":[12,14,11,8],"product-type":[6,69],"class_list":["post-33","product","type-product","status-publish","has-post-thumbnail","hentry","tag-groundnut","tag-harvester","tag-peanut","tag-peanut-processing-machine","product-type-product","product-type-peanut-machine"],"_links":{"self":[{"href":"https:\/\/bestpeanutmachine.com\/pt\/wp-json\/wp\/v2\/product\/33","targetHints":{"allow":["GET"]}}],"collection":[{"href":"https:\/\/bestpeanutmachine.com\/pt\/wp-json\/wp\/v2\/product"}],"about":[{"href":"https:\/\/bestpeanutmachine.com\/pt\/wp-json\/wp\/v2\/types\/product"}],"author":[{"embeddable":true,"href":"https:\/\/bestpeanutmachine.com\/pt\/wp-json\/wp\/v2\/users\/1"}],"wp:featuredmedia":[{"embeddable":true,"href":"https:\/\/bestpeanutmachine.com\/pt\/wp-json\/wp\/v2\/media\/83"}],"wp:attachment":[{"href":"https:\/\/bestpeanutmachine.com\/pt\/wp-json\/wp\/v2\/media?parent=33"}],"wp:term":[{"taxonomy":"post_tag","embeddable":true,"href":"https:\/\/bestpeanutmachine.com\/pt\/wp-json\/wp\/v2\/tags?post=33"},{"taxonomy":"product-type","embeddable":true,"href":"https:\/\/bestpeanutmachine.com\/pt\/wp-json\/wp\/v2\/product-type?post=33"}],"curies":[{"name":"wp","href":"https:\/\/api.w.org\/{rel}","templated":true}]}}