{"id":35,"date":"2022-08-25T02:30:34","date_gmt":"2022-08-24T18:30:34","guid":{"rendered":"https:\/\/bestpeanutmachine.com\/?post_type=product&#038;p=35"},"modified":"2025-08-28T10:27:22","modified_gmt":"2025-08-28T02:27:22","slug":"peanut-peeling-machine","status":"publish","type":"product","link":"https:\/\/bestpeanutmachine.com\/pt\/product\/peanut-peeling-machine\/","title":{"rendered":"M\u00e1quina de descascar amendoim"},"content":{"rendered":"<p>A M\u00e1quina Descascadora de Amendoim oferece alta efici\u00eancia e baixo desperd\u00edcio, sendo o equipamento ideal para retirada da casca do amendoim. Esta m\u00e1quina utiliza tecnologia avan\u00e7ada para obter um descascamento r\u00e1pido e uniforme por meio de m\u00e9todos de fric\u00e7\u00e3o e descascamento, garantindo que os amendoins permane\u00e7am intactos. Seu design simples e compacto ocupa um espa\u00e7o m\u00ednimo, facilitando a opera\u00e7\u00e3o e a manuten\u00e7\u00e3o. <\/p>    <p>Adequada para empresas de processamento de alimentos de todos os tamanhos, a M\u00e1quina Descascadora de Amendoim n\u00e3o s\u00f3 aumenta a efici\u00eancia da produ\u00e7\u00e3o, mas tamb\u00e9m reduz significativamente os custos de m\u00e3o de obra, tornando-a uma ferramenta indispens\u00e1vel na ind\u00fastria de processamento de amendoim. \u00c9 uma parte bastante significativa da linha de fabrica\u00e7\u00e3o de manteiga de amendoim e da linha de fabrica\u00e7\u00e3o de amendoim revestido. <\/p>    <p>Como um fornecedor abrangente de m\u00e1quinas de amendoim, fornecemos m\u00e1quinas de descascar amendoim padr\u00e3o e personalizadas com bom desempenho e pre\u00e7os acess\u00edveis. Bem-vindo a entrar em contato conosco para beneficiar seu neg\u00f3cio.<\/p>    <figure class=\"wp-block-embed is-type-video is-provider-youtube wp-block-embed-youtube wp-embed-aspect-16-9 wp-has-aspect-ratio\"><div class=\"wp-block-embed__wrapper\"> <iframe loading=\"lazy\" title=\"Perfei\u00e7\u00e3o de amendoim: alcan\u00e7ando resultados consistentes com nossa m\u00e1quina descascadora de \u00faltima gera\u00e7\u00e3o #amendoins\" width=\"500\" height=\"281\" src=\"https:\/\/www.youtube.com\/embed\/SPfiZD0FZFY?start=5&#038;feature=oembed\" frameborder=\"0\" allow=\"accelerometer; autoplay; clipboard-write; encrypted-media; gyroscope; picture-in-picture; web-share\" referrerpolicy=\"strict-origin-when-cross-origin\" allowfullscreen><\/iframe> <\/div><figcaption class=\"wp-element-caption\">V\u00eddeo de funcionamento da m\u00e1quina de descascar amendoim<\/figcaption><\/figure>    <h2 class=\"wp-block-heading\" id=\"h-what-is-peanut-peeling-machine\">M\u00e1quina de descascar amendoim para neg\u00f3cios<\/h2>    <p>A m\u00e1quina descascadora de amendoim foi projetada especificamente para remover a casca vermelha do amendoim de forma autom\u00e1tica e eficiente, agilizando o processo de produ\u00e7\u00e3o. <\/p>    <p>Os amendoins descascados produzidos por esta m\u00e1quina podem ser utilizados em uma ampla gama de produtos, incluindo bolos de amendoim, leite de amendoim, amendoins fritos, doces de amendoim, amendoins aromatizados, prote\u00edna de amendoim em p\u00f3 e molho de amendoim. <\/p>    <p>Ao incorporar uma m\u00e1quina de descascar amendoim em suas opera\u00e7\u00f5es, as empresas podem aumentar significativamente a produtividade e a qualidade do produto, garantindo um fornecimento consistente de amendoim descascado de alta qualidade para diversas aplica\u00e7\u00f5es culin\u00e1rias e comerciais.<\/p>    <figure class=\"wp-block-image size-full\"><img loading=\"lazy\" decoding=\"async\" width=\"720\" height=\"540\" src=\"https:\/\/bestpeanutmachine.com\/wp-content\/uploads\/2022\/08\/peanut-peeler-machine.jpg\" alt=\"m\u00e1quina descascadora de amendoim\" class=\"wp-image-63\" srcset=\"https:\/\/bestpeanutmachine.com\/wp-content\/uploads\/2022\/08\/peanut-peeler-machine.jpg 720w, https:\/\/bestpeanutmachine.com\/wp-content\/uploads\/2022\/08\/peanut-peeler-machine-300x225.jpg 300w\" sizes=\"auto, (max-width: 720px) 100vw, 720px\" \/><figcaption class=\"wp-element-caption\">M\u00e1quina descascadora de amendoim \u00e0 venda<\/figcaption><\/figure>    <h2 class=\"wp-block-heading\" id=\"h-features-of-peanut-peeler-machine\">Caracter\u00edsticas da m\u00e1quina descascadora de amendoim<\/h2>    <ol class=\"wp-block-list\" style=\"list-style-type:1\"> <li>A m\u00e1quina descascadora de amendoim possui uma estrutura simples e um design razo\u00e1vel, por isso \u00e9 f\u00e1cil de operar e manter.<\/li>    <li>Possui alta taxa de descascamento, alta efici\u00eancia e nenhuma polui\u00e7\u00e3o.<\/li>    <li>Os amendoins descascados t\u00eam m\u00faltiplas utiliza\u00e7\u00f5es, como leite de amendoim, bolo de amendoim, amendoim revestido, amendoim frito, prote\u00edna de amendoim em p\u00f3, etc.<\/li>    <li>A m\u00e1quina de remo\u00e7\u00e3o de amendoim tem os benef\u00edcios de economia de energia, ecologicamente correta e economia de trabalho.<\/li>    <li>Todas as m\u00e1quinas usavam a\u00e7o inoxid\u00e1vel, de qualidade alimentar e dur\u00e1vel.<\/li>    <li>Temos uma forte capacidade de fornecer equipamentos padr\u00e3o e personalizados para descascar amendoim.<\/li> <\/ol>    <figure class=\"wp-block-gallery has-nested-images columns-default is-cropped wp-block-gallery-2 is-layout-flex wp-block-gallery-is-layout-flex\"> <figure class=\"wp-block-image size-large\"><img loading=\"lazy\" decoding=\"async\" width=\"720\" height=\"540\" data-id=\"243\" src=\"https:\/\/bestpeanutmachine.com\/wp-content\/uploads\/2022\/08\/groundnut-peeler.webp\" alt=\"descascador de amendoim\" class=\"wp-image-243\" srcset=\"https:\/\/bestpeanutmachine.com\/wp-content\/uploads\/2022\/08\/groundnut-peeler.webp 720w, https:\/\/bestpeanutmachine.com\/wp-content\/uploads\/2022\/08\/groundnut-peeler-300x225.webp 300w, https:\/\/bestpeanutmachine.com\/wp-content\/uploads\/2022\/08\/groundnut-peeler-16x12.webp 16w\" sizes=\"auto, (max-width: 720px) 100vw, 720px\" \/><figcaption class=\"wp-element-caption\">descascador de amendoim<\/figcaption><\/figure>    <figure class=\"wp-block-image size-large\"><img loading=\"lazy\" decoding=\"async\" width=\"720\" height=\"540\" data-id=\"244\" src=\"https:\/\/bestpeanutmachine.com\/wp-content\/uploads\/2022\/08\/groundnut-peeling-machine.webp\" alt=\"m\u00e1quina de descascar amendoim\" class=\"wp-image-244\" srcset=\"https:\/\/bestpeanutmachine.com\/wp-content\/uploads\/2022\/08\/groundnut-peeling-machine.webp 720w, https:\/\/bestpeanutmachine.com\/wp-content\/uploads\/2022\/08\/groundnut-peeling-machine-300x225.webp 300w, https:\/\/bestpeanutmachine.com\/wp-content\/uploads\/2022\/08\/groundnut-peeling-machine-16x12.webp 16w\" sizes=\"auto, (max-width: 720px) 100vw, 720px\" \/><figcaption class=\"wp-element-caption\">m\u00e1quina de descascar amendoim<\/figcaption><\/figure> <\/figure>    <h2 class=\"wp-block-heading\" id=\"h-parameters-of-taizy-peanut-peeling-machine\">Par\u00e2metros da m\u00e1quina de descascar amendoim Taizy<\/h2>    <figure class=\"wp-block-table\"><table><tbody><tr><td>Modelo<\/td><td>Capacidade (kg\/h)<\/td><td>F\u00e3<br>Pot\u00eancia (kW)<\/td><td>F\u00e3<br>Pot\u00eancia (kw)<\/td><td>Tens\u00e3o (v)<\/td><td>taxa de debulha (%)<\/td><td>Frequ\u00eancia (Hz)<\/td><td>Dimens\u00e3o (mm)<\/td><\/tr><tr><td>TP-1<\/td><td>200-300<\/td><td>0.55<\/td><td>0.37<\/td><td>380\/220<\/td><td>\u226598<\/td><td>50<\/td><td>1100*400*1100<\/td><\/tr><tr><td>TP-2<\/td><td>400-500<\/td><td>0.55*2<\/td><td>0.37<\/td><td>380\/220<\/td><td>\u226598<\/td><td>50<\/td><td>1100*700*1100<\/td><\/tr><tr><td>TP-3<\/td><td>600-800<\/td><td>0.55*3<\/td><td>0.37<\/td><td>380\/220<\/td><td>\u226598<\/td><td>50<\/td><td>1100*1000*1100<\/td><\/tr><tr><td>TP-4<\/td><td>800-1000<\/td><td>0.55*4<\/td><td>0.37<\/td><td>380\/220<\/td><td>\u226598<\/td><td>50<\/td><td>1100*1400*1100<\/td><\/tr><\/tbody><\/table><figcaption class=\"wp-element-caption\">Par\u00e2metros da m\u00e1quina de descascar amendoim<\/figcaption><\/figure>    <h2 class=\"wp-block-heading\" id=\"h-structure-details-of-roasted-peanut-peeling-machine\">Detalhes da estrutura da m\u00e1quina descascadora de amendoim torrado<\/h2>    <p>A m\u00e1quina descascadora de amendoim consiste em uma unidade de pot\u00eancia (motor, polia, correia, rolamento, etc.), estrutura, entrada, rolo descascador (rolo de a\u00e7o ou rolo de areia), ventilador de suc\u00e7\u00e3o, etc. <\/p>    <figure class=\"wp-block-image size-full\"><img loading=\"lazy\" decoding=\"async\" width=\"810\" height=\"391\" src=\"https:\/\/bestpeanutmachine.com\/wp-content\/uploads\/2022\/08\/peanut-skin-removing-machine-details.jpg\" alt=\"detalhes da m\u00e1quina de remo\u00e7\u00e3o de pele de amendoim\" class=\"wp-image-64\" srcset=\"https:\/\/bestpeanutmachine.com\/wp-content\/uploads\/2022\/08\/peanut-skin-removing-machine-details.jpg 810w, https:\/\/bestpeanutmachine.com\/wp-content\/uploads\/2022\/08\/peanut-skin-removing-machine-details-300x145.jpg 300w, https:\/\/bestpeanutmachine.com\/wp-content\/uploads\/2022\/08\/peanut-skin-removing-machine-details-768x371.jpg 768w\" sizes=\"auto, (max-width: 810px) 100vw, 810px\" \/><figcaption class=\"wp-element-caption\">detalhes da m\u00e1quina de remo\u00e7\u00e3o de pele de amendoim<\/figcaption><\/figure>    <h2 class=\"wp-block-heading\" id=\"h-is-there-machines-for-peeling-groundnut\">Como as f\u00e1bricas descascam o amendoim?<\/h2>    <p>Quando o equipamento funciona, ele rola e transfere o material com atrito em diferentes velocidades. Quando a umidade do amendoim torrado est\u00e1 abaixo de 5% (para evitar queimaduras), \u00e9 o melhor momento para descascar. <\/p>    <p>Neste ponto, o sistema de exaust\u00e3o do descascador suga a casca avermelhada do amendoim. Uma peneira vibrat\u00f3ria remove os brotos de amendoim. Aproximadamente 6% dos gr\u00e3os de amendoim s\u00e3o divididos em duas partes.<\/p>    <p class=\"translation-block\">Em termos de efici\u00eancia e alto desempenho, a m\u00e1quina comercial de descascar amendoins \u00e9 a forma mais ideal para f\u00e1bricas. E \u00e9 tamb\u00e9m a forma mais f\u00e1cil de descascar <a href=\"https:\/\/en.wikipedia.org\/wiki\/Groundnut\" data-type=\"link\" data-id=\"https:\/\/en.wikipedia.org\/wiki\/Groundnut\" target=\"_blank\" rel=\"noopener\">amendoim<\/a>. Comparada com o m\u00e9todo manual de descascar amendoins, \u00e9 super eficiente e altamente excelente.<\/p>    <figure class=\"wp-block-image size-full\"><img loading=\"lazy\" decoding=\"async\" width=\"720\" height=\"540\" src=\"https:\/\/bestpeanutmachine.com\/wp-content\/uploads\/2022\/08\/peanut-peeler-factory.jpg\" alt=\"f\u00e1brica de descascador de amendoim\" class=\"wp-image-65\" srcset=\"https:\/\/bestpeanutmachine.com\/wp-content\/uploads\/2022\/08\/peanut-peeler-factory.jpg 720w, https:\/\/bestpeanutmachine.com\/wp-content\/uploads\/2022\/08\/peanut-peeler-factory-300x225.jpg 300w\" sizes=\"auto, (max-width: 720px) 100vw, 720px\" \/><figcaption class=\"wp-element-caption\">f\u00e1brica de descascador de amendoim<\/figcaption><\/figure>    <h2 class=\"wp-block-heading\">Caso de sucesso de m\u00e1quina descascadora de amendoim<\/h2>    <p>Num recente caso de sucesso, uma empresa l\u00edder de processamento de alimentos no Vietname integrou a nossa m\u00e1quina de descascar amendoim na sua linha de produ\u00e7\u00e3o. A alta efici\u00eancia e o m\u00e9todo de descascamento suave da m\u00e1quina resultaram em um aumento na produ\u00e7\u00e3o do 30% e em uma redu\u00e7\u00e3o significativa nos custos de m\u00e3o de obra. O descascamento uniforme e sem danos preservou a qualidade do amendoim, melhorando a qualidade geral do produto. <\/p>    <p>Esta implementa\u00e7\u00e3o bem-sucedida demonstra a confiabilidade e efic\u00e1cia da m\u00e1quina, tornando-a um ativo valioso para empresas de processamento de amendoim que buscam melhorar a produtividade e os padr\u00f5es dos produtos.<\/p>    <figure class=\"wp-block-gallery has-nested-images columns-default is-cropped wp-block-gallery-3 is-layout-flex wp-block-gallery-is-layout-flex\"> <figure class=\"wp-block-image size-large\"><img loading=\"lazy\" decoding=\"async\" width=\"720\" height=\"540\" data-id=\"245\" src=\"https:\/\/bestpeanutmachine.com\/wp-content\/uploads\/2022\/08\/groundnut-skin-remover.webp\" alt=\"removedor de casca de amendoim\" class=\"wp-image-245\" srcset=\"https:\/\/bestpeanutmachine.com\/wp-content\/uploads\/2022\/08\/groundnut-skin-remover.webp 720w, https:\/\/bestpeanutmachine.com\/wp-content\/uploads\/2022\/08\/groundnut-skin-remover-300x225.webp 300w, https:\/\/bestpeanutmachine.com\/wp-content\/uploads\/2022\/08\/groundnut-skin-remover-16x12.webp 16w\" sizes=\"auto, (max-width: 720px) 100vw, 720px\" \/><figcaption class=\"wp-element-caption\">removedor de casca de amendoim<\/figcaption><\/figure>    <figure class=\"wp-block-image size-large\"><img loading=\"lazy\" decoding=\"async\" width=\"720\" height=\"540\" data-id=\"246\" src=\"https:\/\/bestpeanutmachine.com\/wp-content\/uploads\/2022\/08\/Peanut-Peeling-Machine-for-sale.webp\" alt=\"M\u00e1quina de descascar amendoim \u00e0 venda\" class=\"wp-image-246\" srcset=\"https:\/\/bestpeanutmachine.com\/wp-content\/uploads\/2022\/08\/Peanut-Peeling-Machine-for-sale.webp 720w, https:\/\/bestpeanutmachine.com\/wp-content\/uploads\/2022\/08\/Peanut-Peeling-Machine-for-sale-300x225.webp 300w, https:\/\/bestpeanutmachine.com\/wp-content\/uploads\/2022\/08\/Peanut-Peeling-Machine-for-sale-16x12.webp 16w\" sizes=\"auto, (max-width: 720px) 100vw, 720px\" \/><figcaption class=\"wp-element-caption\">M\u00e1quina de descascar amendoim \u00e0 venda<\/figcaption><\/figure> <\/figure>    <h2 class=\"wp-block-heading\">Contate-nos hoje para iniciar seu neg\u00f3cio <\/h2>    <p>A m\u00e1quina de descascar amendoim ou descascador de amendoim \u00e9 importante para f\u00e1bricas de processamento de amendoim ou f\u00e1bricas de alimentos. Isso pode melhorar muito sua produtividade e beneficiar seu neg\u00f3cio. O processo de descascamento do amendoim \u00e9 necess\u00e1rio para a produ\u00e7\u00e3o do salgadinho de amendoim. <\/p>    <p class=\"translation-block\">Como fabricante profissional de m\u00e1quinas de processamento de amendoins, fornecemos uma gama completa de m\u00e1quinas de amendoins, como colheitadeiras de amendoins, selecionadoras de amendoins, descascadoras de amendoins, <a href=\"https:\/\/bestpeanutmachine.com\/pt\/product\/peanut-roasting-machine\/\">m\u00e1quina de torrar amendoins<\/a>, <a href=\"https:\/\/bestpeanutmachine.com\/pt\/product\/peanut-oil-extraction-machine\/\">m\u00e1quina de extra\u00e7\u00e3o de \u00f3leo de amendoim<\/a>, etc. <\/p>    <p>Todas as nossas m\u00e1quinas s\u00e3o projetadas e produzidas de acordo com padr\u00f5es internacionais. Al\u00e9m disso, oferecemos um forte servi\u00e7o personalizado para atender \u00e0s suas demandas espec\u00edficas.<\/p>    <figure class=\"wp-block-gallery has-nested-images columns-default is-cropped wp-block-gallery-4 is-layout-flex wp-block-gallery-is-layout-flex\"> <figure class=\"wp-block-image size-large\"><img loading=\"lazy\" decoding=\"async\" width=\"720\" height=\"540\" data-id=\"247\" src=\"https:\/\/bestpeanutmachine.com\/wp-content\/uploads\/2022\/08\/Peanut-Peeling-Machine.webp\" alt=\"M\u00e1quina de descascar amendoim\" class=\"wp-image-247\" srcset=\"https:\/\/bestpeanutmachine.com\/wp-content\/uploads\/2022\/08\/Peanut-Peeling-Machine.webp 720w, https:\/\/bestpeanutmachine.com\/wp-content\/uploads\/2022\/08\/Peanut-Peeling-Machine-300x225.webp 300w, https:\/\/bestpeanutmachine.com\/wp-content\/uploads\/2022\/08\/Peanut-Peeling-Machine-16x12.webp 16w\" sizes=\"auto, (max-width: 720px) 100vw, 720px\" \/><figcaption class=\"wp-element-caption\">M\u00e1quina de descascar amendoim<\/figcaption><\/figure>    <figure class=\"wp-block-image size-large\"><img loading=\"lazy\" decoding=\"async\" width=\"720\" height=\"540\" data-id=\"248\" src=\"https:\/\/bestpeanutmachine.com\/wp-content\/uploads\/2022\/08\/peanut-skin-removing-machine.webp\" alt=\"m\u00e1quina de remo\u00e7\u00e3o de pele de amendoim\" class=\"wp-image-248\" srcset=\"https:\/\/bestpeanutmachine.com\/wp-content\/uploads\/2022\/08\/peanut-skin-removing-machine.webp 720w, https:\/\/bestpeanutmachine.com\/wp-content\/uploads\/2022\/08\/peanut-skin-removing-machine-300x225.webp 300w, https:\/\/bestpeanutmachine.com\/wp-content\/uploads\/2022\/08\/peanut-skin-removing-machine-16x12.webp 16w\" sizes=\"auto, (max-width: 720px) 100vw, 720px\" \/><figcaption class=\"wp-element-caption\">m\u00e1quina de remo\u00e7\u00e3o de pele de amendoim<\/figcaption><\/figure> <\/figure>","protected":false},"excerpt":{"rendered":"<p>A M\u00e1quina Descascadora de Amendoim oferece alta efici\u00eancia e baixo desperd\u00edcio, sendo o equipamento ideal para retirada da casca do amendoim.<\/p>","protected":false},"author":1,"featured_media":62,"parent":0,"template":"","tags":[12,11,8],"product-type":[6,69],"class_list":["post-35","product","type-product","status-publish","has-post-thumbnail","hentry","tag-groundnut","tag-peanut","tag-peanut-processing-machine","product-type-product","product-type-peanut-machine"],"_links":{"self":[{"href":"https:\/\/bestpeanutmachine.com\/pt\/wp-json\/wp\/v2\/product\/35","targetHints":{"allow":["GET"]}}],"collection":[{"href":"https:\/\/bestpeanutmachine.com\/pt\/wp-json\/wp\/v2\/product"}],"about":[{"href":"https:\/\/bestpeanutmachine.com\/pt\/wp-json\/wp\/v2\/types\/product"}],"author":[{"embeddable":true,"href":"https:\/\/bestpeanutmachine.com\/pt\/wp-json\/wp\/v2\/users\/1"}],"wp:featuredmedia":[{"embeddable":true,"href":"https:\/\/bestpeanutmachine.com\/pt\/wp-json\/wp\/v2\/media\/62"}],"wp:attachment":[{"href":"https:\/\/bestpeanutmachine.com\/pt\/wp-json\/wp\/v2\/media?parent=35"}],"wp:term":[{"taxonomy":"post_tag","embeddable":true,"href":"https:\/\/bestpeanutmachine.com\/pt\/wp-json\/wp\/v2\/tags?post=35"},{"taxonomy":"product-type","embeddable":true,"href":"https:\/\/bestpeanutmachine.com\/pt\/wp-json\/wp\/v2\/product-type?post=35"}],"curies":[{"name":"wp","href":"https:\/\/api.w.org\/{rel}","templated":true}]}}