{"id":37,"date":"2022-08-25T02:33:00","date_gmt":"2022-08-24T18:33:00","guid":{"rendered":"https:\/\/bestpeanutmachine.com\/?post_type=product&#038;p=37"},"modified":"2025-08-28T10:27:45","modified_gmt":"2025-08-28T02:27:45","slug":"peanut-picker-machine","status":"publish","type":"product","link":"https:\/\/bestpeanutmachine.com\/pt\/product\/peanut-picker-machine\/","title":{"rendered":"M\u00e1quina selecionadora de amendoim"},"content":{"rendered":"<p class=\"translation-block\">A <strong>m\u00e1quina de colheita de amendoim<\/strong> \u00e9 usada para colher frutos de amendoim ap\u00f3s a colheita. \u00c9 um \u00f3timo equipamento de processamento de amendoim para agricultores. Possui caracter\u00edsticas de super efici\u00eancia, desempenho est\u00e1vel e longa vida \u00fatil. A <strong>m\u00e1quina de colheita de amendoim<\/strong> aumentar\u00e1 muito a sua produtividade e poupar\u00e1 o seu trabalho. <\/p>    <p>A capacidade dos catadores de amendoim \u00e0 venda \u00e9 de 800 kg a 1100 kg a cada hora. Fornecemos padr\u00f5es fortes e m\u00e1quinas personalizadas para suas necessidades. Um motor el\u00e9trico ou motor diesel est\u00e1 dispon\u00edvel. Portanto, pode corresponder a diferentes ambientes.<\/p>    <p>Al\u00e9m disso, a m\u00e1quina possui uma taxa de coleta de 99%, e a taxa de ruptura \u00e9 menor que 1%. Ser\u00e1 um ajudante perfeito para suas fazendas de amendoim. Voc\u00ea est\u00e1 interessado nesta m\u00e1quina? Entre em contato conosco para uma lista de pre\u00e7os gratuita. &nbsp;&nbsp;<\/p>    <figure class=\"wp-block-embed is-type-video is-provider-youtube wp-block-embed-youtube wp-embed-aspect-16-9 wp-has-aspect-ratio\"><div class=\"wp-block-embed__wrapper\"> <iframe loading=\"lazy\" title=\"Colheita de amendoim feita: Melhores Pr\u00e1ticas com um Picker de Amendoim #Peanut #groundNut #FARMING\" width=\"500\" height=\"281\" src=\"https:\/\/www.youtube.com\/embed\/wmhkLU3XioA?feature=oembed\" frameborder=\"0\" allow=\"accelerometer; autoplay; clipboard-write; encrypted-media; gyroscope; picture-in-picture; web-share\" referrerpolicy=\"strict-origin-when-cross-origin\" allowfullscreen><\/iframe> <\/div><figcaption class=\"wp-element-caption\">M\u00e1quina de sele\u00e7\u00e3o de amendoim V\u00eddeo de trabalho<\/figcaption><\/figure>    <h2 class=\"wp-block-heading\" id=\"h-what-is-a-peanut-picker\">M\u00e1quina de sele\u00e7\u00e3o de amendoim para venda<\/h2>    <div class=\"wp-block-media-text is-stacked-on-mobile\"><figure class=\"wp-block-media-text__media\"><img loading=\"lazy\" decoding=\"async\" width=\"720\" height=\"540\" src=\"https:\/\/bestpeanutmachine.com\/wp-content\/uploads\/2022\/08\/small-peanut-picking-machine.jpg\" alt=\"pequena m\u00e1quina de sele\u00e7\u00e3o de amendoim\" class=\"wp-image-90 size-full\" srcset=\"https:\/\/bestpeanutmachine.com\/wp-content\/uploads\/2022\/08\/small-peanut-picking-machine.jpg 720w, https:\/\/bestpeanutmachine.com\/wp-content\/uploads\/2022\/08\/small-peanut-picking-machine-300x225.jpg 300w\" sizes=\"auto, (max-width: 720px) 100vw, 720px\" \/><\/figure><div class=\"wp-block-media-text__content\"> <ul class=\"wp-block-list\"> <li><strong>Escolha eficiente de amendoim<\/strong> - Projetado para separar as frutas de amendoim das mudas de maneira r\u00e1pida e f\u00e1cil.<\/li>    <li><strong>Moderno e automatizado<\/strong> - Um grande avan\u00e7o no processamento de amendoim, alinhando -se com a tend\u00eancia da agricultura automatizada.<\/li>    <li><strong>Maior efici\u00eancia<\/strong> - Supera muito longe a colheita manual de amendoim tradicional em velocidade e produtividade.<\/li> <\/ul> <\/div><\/div>    <div class=\"wp-block-media-text has-media-on-the-right is-stacked-on-mobile\"><div class=\"wp-block-media-text__content\"> <ul class=\"wp-block-list\"> <li><strong>Dois modelos dispon\u00edveis<\/strong>: <ul class=\"wp-block-list\"> <li><strong>Pequena m\u00e1quina de sele\u00e7\u00e3o de amendoim<\/strong> -Capacidade de 800-1000kg por hora.<\/li>    <li><strong>M\u00e1quina de sele\u00e7\u00e3o de amendoim grande<\/strong> - Capacidade de 1100 kg por hora.<\/li> <\/ul> <\/li>    <li><strong>Alta qualidade e acessibilidade<\/strong> - M\u00e1quinas dur\u00e1veis \u200b\u200bcom pre\u00e7os competitivos.<\/li> <\/ul> <\/div><figure class=\"wp-block-media-text__media\"><img loading=\"lazy\" decoding=\"async\" width=\"720\" height=\"540\" src=\"https:\/\/bestpeanutmachine.com\/wp-content\/uploads\/2022\/08\/large-capacity-peanut-picker-1.jpg\" alt=\"Picker de amendoim de grande capacidade\" class=\"wp-image-95 size-full\" srcset=\"https:\/\/bestpeanutmachine.com\/wp-content\/uploads\/2022\/08\/large-capacity-peanut-picker-1.jpg 720w, https:\/\/bestpeanutmachine.com\/wp-content\/uploads\/2022\/08\/large-capacity-peanut-picker-1-300x225.jpg 300w\" sizes=\"auto, (max-width: 720px) 100vw, 720px\" \/><\/figure><\/div>    <h2 class=\"wp-block-heading\" id=\"h-features-of-groundnut-picker-machine\">Caracter\u00edsticas da m\u00e1quina de sele\u00e7\u00e3o de amendoim <\/h2>    <div class=\"wp-block-media-text is-stacked-on-mobile\"><figure class=\"wp-block-media-text__media\"><img loading=\"lazy\" decoding=\"async\" width=\"720\" height=\"540\" src=\"https:\/\/bestpeanutmachine.com\/wp-content\/uploads\/2022\/08\/groundnut-picking-machine-for-business.webp\" alt=\"M\u00e1quina de recolhimento de amendoim para neg\u00f3cios\" class=\"wp-image-227 size-full\" srcset=\"https:\/\/bestpeanutmachine.com\/wp-content\/uploads\/2022\/08\/groundnut-picking-machine-for-business.webp 720w, https:\/\/bestpeanutmachine.com\/wp-content\/uploads\/2022\/08\/groundnut-picking-machine-for-business-300x225.webp 300w, https:\/\/bestpeanutmachine.com\/wp-content\/uploads\/2022\/08\/groundnut-picking-machine-for-business-16x12.webp 16w\" sizes=\"auto, (max-width: 720px) 100vw, 720px\" \/><\/figure><div class=\"wp-block-media-text__content\"> <ul class=\"wp-block-list\"> <li><strong class=\"\">Ventilador de vento forte otimizado<\/strong>. Efetivamente explode impurezas durante o processo de sele\u00e7\u00e3o, garantindo frutas de amendoim mais limpas.<\/li>    <li><strong class=\"\">Pneus largos<\/strong>. Forne\u00e7a excelente estabilidade para a m\u00e1quina ao operar em terrenos agr\u00edcolas irregulares.<\/li>    <li><strong class=\"\">Desempenho est\u00e1vel de transmiss\u00e3o<\/strong>. Garante transmiss\u00e3o de energia suave e confi\u00e1vel, reduzindo falhas mec\u00e2nicas e melhorando a efici\u00eancia do trabalho.<\/li>    <li><strong class=\"\">Duas barras de suporte na entrada<\/strong>. Aumente a estabilidade geral da m\u00e1quina, impedindo que ela se incline durante a opera\u00e7\u00e3o.<\/li> <\/ul> <\/div><\/div>    <div class=\"wp-block-media-text has-media-on-the-right is-stacked-on-mobile\"><div class=\"wp-block-media-text__content\"> <ul class=\"wp-block-list\"> <li><strong class=\"\">Abertura de alimenta\u00e7\u00e3o mais ampla<\/strong>. Permite o transporte autom\u00e1tico de mudas de amendoim, minimizando a interven\u00e7\u00e3o manual e aumentando a velocidade de processamento.<\/li>    <li><strong class=\"\">Rodas<\/strong>. Economize significativamente a m\u00e3o -de -obra, permitindo o movimento f\u00e1cil e o transporte da m\u00e1quina ao redor da fazenda.<\/li>    <li><strong class=\"\">Fixa\u00e7\u00e3o de parafuso em forma de U.<\/strong>. Oferece mais flexibilidade e conveni\u00eancia na instala\u00e7\u00e3o e ajuste, adaptando -se a diferentes condi\u00e7\u00f5es de trabalho.<\/li>    <li><strong class=\"\">Equipamento e carregamento autom\u00e1ticos<\/strong>. Simplifica bastante o processo p\u00f3s-colheita e a desmontagem flex\u00edvel do pr\u00f3prio pedeste facilita a manuten\u00e7\u00e3o e o armazenamento.<\/li> <\/ul> <\/div><figure class=\"wp-block-media-text__media\"><img loading=\"lazy\" decoding=\"async\" width=\"720\" height=\"540\" src=\"https:\/\/bestpeanutmachine.com\/wp-content\/uploads\/2022\/08\/groundnut-picking-machine.webp\" alt=\"M\u00e1quina de recolhimento de amendoim\" class=\"wp-image-228 size-full\" srcset=\"https:\/\/bestpeanutmachine.com\/wp-content\/uploads\/2022\/08\/groundnut-picking-machine.webp 720w, https:\/\/bestpeanutmachine.com\/wp-content\/uploads\/2022\/08\/groundnut-picking-machine-300x225.webp 300w, https:\/\/bestpeanutmachine.com\/wp-content\/uploads\/2022\/08\/groundnut-picking-machine-16x12.webp 16w\" sizes=\"auto, (max-width: 720px) 100vw, 720px\" \/><\/figure><\/div>    <h2 class=\"wp-block-heading\" id=\"h-how-does-a-peanut-picker-work\">Como funciona um seletor de amendoim?<\/h2>    <div class=\"wp-block-media-text is-stacked-on-mobile\"><figure class=\"wp-block-media-text__media\"><img loading=\"lazy\" decoding=\"async\" width=\"720\" height=\"540\" src=\"https:\/\/bestpeanutmachine.com\/wp-content\/uploads\/2022\/08\/Peanut-Picker-Machine-with-good-price.webp\" alt=\"M\u00e1quina de sele\u00e7\u00e3o de amendoim com bom pre\u00e7o\" class=\"wp-image-231 size-full\" srcset=\"https:\/\/bestpeanutmachine.com\/wp-content\/uploads\/2022\/08\/Peanut-Picker-Machine-with-good-price.webp 720w, https:\/\/bestpeanutmachine.com\/wp-content\/uploads\/2022\/08\/Peanut-Picker-Machine-with-good-price-300x225.webp 300w, https:\/\/bestpeanutmachine.com\/wp-content\/uploads\/2022\/08\/Peanut-Picker-Machine-with-good-price-16x12.webp 16w\" sizes=\"auto, (max-width: 720px) 100vw, 720px\" \/><\/figure><div class=\"wp-block-media-text__content\"> <ul class=\"wp-block-list\"> <li><strong>Ativa\u00e7\u00e3o da fonte de energia<\/strong> - A m\u00e1quina \u00e9 acionada por um motor el\u00e9trico ou motor diesel.<\/li>    <li><strong>Alimenta\u00e7\u00e3o de amendoim<\/strong> - Os amendoins entram no sistema de colheita de frutas atrav\u00e9s da entrada.<\/li>    <li><strong>Mecanismo de colheita de tambor<\/strong> - A haste de sele\u00e7\u00e3o do tambor rotativa desafia os amendoins das hastes usando o fluxo de ar.<\/li>    <li><strong>Processo de separa\u00e7\u00e3o<\/strong> - Frutas e detritos caem atrav\u00e9s dos orif\u00edcios do Intaglio na tela vibrat\u00f3ria.<\/li> <\/ul> <\/div><\/div>    <div class=\"wp-block-media-text has-media-on-the-right is-stacked-on-mobile\"><div class=\"wp-block-media-text__content\"> <ul class=\"wp-block-list\"> <li><strong>Descarga de caule<\/strong> - Os caules separados saem atrav\u00e9s da porta de descarga.<\/li>    <li><strong>Remo\u00e7\u00e3o de detritos<\/strong> - Os frutos perdidos na tela vibrat\u00f3ria movem -se para a porta de suc\u00e7\u00e3o do ventilador, onde os detritos s\u00e3o descarregados.<\/li>    <li><strong>Cole\u00e7\u00e3o limpa de amendoim<\/strong> - Os amendoins limpos s\u00e3o selecionados e coletados, concluindo o processo.<\/li> <\/ul> <\/div><figure class=\"wp-block-media-text__media\"><img loading=\"lazy\" decoding=\"async\" width=\"720\" height=\"540\" src=\"https:\/\/bestpeanutmachine.com\/wp-content\/uploads\/2022\/08\/Peanut-Picker-Machine.webp\" alt=\"M\u00e1quina selecionadora de amendoim\" class=\"wp-image-232 size-full\" srcset=\"https:\/\/bestpeanutmachine.com\/wp-content\/uploads\/2022\/08\/Peanut-Picker-Machine.webp 720w, https:\/\/bestpeanutmachine.com\/wp-content\/uploads\/2022\/08\/Peanut-Picker-Machine-300x225.webp 300w, https:\/\/bestpeanutmachine.com\/wp-content\/uploads\/2022\/08\/Peanut-Picker-Machine-16x12.webp 16w\" sizes=\"auto, (max-width: 720px) 100vw, 720px\" \/><\/figure><\/div>    <h2 class=\"wp-block-heading\" id=\"h-small-type-peanut-picker-parameters\">Par\u00e2metros de sele\u00e7\u00e3o de amendoim do tipo pequeno<\/h2>    <figure class=\"wp-block-table\"><table><tbody><tr><td>Modelo<\/td><td>5Hz- 600<\/td><\/tr><tr><td>Tamanho<\/td><td>1960*1500*1370mm<\/td><\/tr><tr><td>Peso<\/td><td>150 kg<\/td><\/tr><tr><td>Poder<\/td><td>Motor de 7,5kW, motor a diesel de 10hp<\/td><\/tr><tr><td>Capacidade<\/td><td>800-1000kg\/h<\/td><\/tr><tr><td>Taxa de colheita<\/td><td>\uff1e 99%<\/td><\/tr><tr><td>Taxa de quebra<\/td><td>\uff1c 1%<\/td><\/tr><tr><td>Taxa de impureza<\/td><td>\uff1c 1%<\/td><\/tr><tr><td>40HQ<\/td><td>45 conjuntos<\/td><\/tr><\/tbody><\/table><figcaption class=\"wp-element-caption\">par\u00e2metros da m\u00e1quina de sele\u00e7\u00e3o de amendoim<\/figcaption><\/figure>    <figure class=\"wp-block-image size-full\"><img loading=\"lazy\" decoding=\"async\" width=\"720\" height=\"540\" src=\"https:\/\/bestpeanutmachine.com\/wp-content\/uploads\/2022\/08\/small-peanut-picker-features.jpg\" alt=\"Pequenos recursos de pedenetting\" class=\"wp-image-96\" srcset=\"https:\/\/bestpeanutmachine.com\/wp-content\/uploads\/2022\/08\/small-peanut-picker-features.jpg 720w, https:\/\/bestpeanutmachine.com\/wp-content\/uploads\/2022\/08\/small-peanut-picker-features-300x225.jpg 300w\" sizes=\"auto, (max-width: 720px) 100vw, 720px\" \/><figcaption class=\"wp-element-caption\">Pequenos recursos de pedenetting<\/figcaption><\/figure>    <h2 class=\"wp-block-heading\" id=\"h-large-capacity-peanut-picker-machine\">M\u00e1quina de sele\u00e7\u00e3o de amendoim de grande capacidade<\/h2>    <figure class=\"wp-block-table\"><table><tbody><tr><td>Modelo<\/td><td>5Hz-1800<\/td><\/tr><tr><td>Poder<\/td><td>25-37KW<\/td><\/tr><tr><td>Velocidade de rota\u00e7\u00e3o do rolo<\/td><td>550r\/min<\/td><\/tr><tr><td>Taxa de perda<\/td><td>\u22641%<\/td><\/tr><tr><td>Taxa quebrada<\/td><td>\u22643%<\/td><\/tr><tr><td>Taxa de impureza<\/td><td>\u22642%<\/td><\/tr><tr><td>Capacidade<\/td><td>1100kg\/h (amendoim \u00famido)<\/td><\/tr><tr><td>Dimens\u00e3o de entrada<\/td><td>1100*700mm<\/td><\/tr><tr><td>As dimens\u00f5es da tela<\/td><td>1050mm<\/td><\/tr><tr><td>Peso<\/td><td>720kg<\/td><\/tr><tr><td>O modelo de separa\u00e7\u00e3o e limpeza<\/td><td>Tela vibrat\u00f3ria e ventilador de rascunho<\/td><\/tr><tr><td>A dimens\u00e3o da tela<\/td><td>3340*640mm<\/td><\/tr><tr><td>Dimens\u00e3o da m\u00e1quina<\/td><td>5800*2100*1900mm<\/td><\/tr><tr><td>O di\u00e2metro do rolo<\/td><td>600 mm<\/td><\/tr><tr><td>O comprimento do rolo<\/td><td>1800mm<\/td><\/tr><tr><td>Pot\u00eancia unit\u00e1ria de capacidade<\/td><td>\u226530kg\/kWh<\/td><\/tr><\/tbody><\/table><figcaption class=\"wp-element-caption\">Par\u00e2metros da m\u00e1quina de sele\u00e7\u00e3o de amendoim<\/figcaption><\/figure>    <figure class=\"wp-block-image size-full\"><img loading=\"lazy\" decoding=\"async\" width=\"720\" height=\"540\" src=\"https:\/\/bestpeanutmachine.com\/wp-content\/uploads\/2022\/08\/large-groundnut-picking-machine.jpg\" alt=\"M\u00e1quina de sele\u00e7\u00e3o de amendoim grande\" class=\"wp-image-97\" srcset=\"https:\/\/bestpeanutmachine.com\/wp-content\/uploads\/2022\/08\/large-groundnut-picking-machine.jpg 720w, https:\/\/bestpeanutmachine.com\/wp-content\/uploads\/2022\/08\/large-groundnut-picking-machine-300x225.jpg 300w\" sizes=\"auto, (max-width: 720px) 100vw, 720px\" \/><figcaption class=\"wp-element-caption\">M\u00e1quina de sele\u00e7\u00e3o de amendoim grande<\/figcaption><\/figure>    <h2 class=\"wp-block-heading\" id=\"h-what-is-the-peanut-picker-machine-price\">Qual \u00e9 o pre\u00e7o da m\u00e1quina de sele\u00e7\u00e3o de amendoim?<\/h2>    <p>Os pre\u00e7os da m\u00e1quina de sele\u00e7\u00e3o de amendoim variam devido a v\u00e1rios par\u00e2metros, materiais e estruturas. Portanto, o custo de um seletor de amendoim n\u00e3o \u00e9 o mesmo. E apoiamos fortes servi\u00e7os de personaliza\u00e7\u00e3o para atender \u00e0s suas demandas espec\u00edficas. Portanto, haver\u00e1 uma cota\u00e7\u00e3o espec\u00edfica e detalhada para seus requisitos, como tipos, modelos, sistemas de energia, materiais etc. <\/p>    <p>Al\u00e9m disso, o pre\u00e7o da m\u00e1quina de sele\u00e7\u00e3o de amendoim est\u00e1 intimamente relacionado a muitos fatores externos, como custo de remessa e taxa de c\u00e2mbio internacional. Ent\u00e3o \u00e9 complexo. Diga -nos suas necessidades e sugeriremos a m\u00e1quina mais adequada e ofereceremos o melhor e mais recente pre\u00e7o.<\/p>    <figure class=\"wp-block-gallery has-nested-images columns-default is-cropped wp-block-gallery-2 is-layout-flex wp-block-gallery-is-layout-flex\"> <figure class=\"wp-block-image size-large\"><img loading=\"lazy\" decoding=\"async\" width=\"720\" height=\"540\" data-id=\"229\" src=\"https:\/\/bestpeanutmachine.com\/wp-content\/uploads\/2022\/08\/Peanut-Picker-Machine-for-sale.webp\" alt=\"M\u00e1quina de sele\u00e7\u00e3o de amendoim para venda\" class=\"wp-image-229\" srcset=\"https:\/\/bestpeanutmachine.com\/wp-content\/uploads\/2022\/08\/Peanut-Picker-Machine-for-sale.webp 720w, https:\/\/bestpeanutmachine.com\/wp-content\/uploads\/2022\/08\/Peanut-Picker-Machine-for-sale-300x225.webp 300w, https:\/\/bestpeanutmachine.com\/wp-content\/uploads\/2022\/08\/Peanut-Picker-Machine-for-sale-16x12.webp 16w\" sizes=\"auto, (max-width: 720px) 100vw, 720px\" \/><figcaption class=\"wp-element-caption\">M\u00e1quina de sele\u00e7\u00e3o de amendoim para venda<\/figcaption><\/figure>    <figure class=\"wp-block-image size-large\"><img loading=\"lazy\" decoding=\"async\" width=\"720\" height=\"540\" data-id=\"230\" src=\"https:\/\/bestpeanutmachine.com\/wp-content\/uploads\/2022\/08\/peanut-picker-price.webp\" alt=\"Pre\u00e7o do seletor de amendoim\" class=\"wp-image-230\" srcset=\"https:\/\/bestpeanutmachine.com\/wp-content\/uploads\/2022\/08\/peanut-picker-price.webp 720w, https:\/\/bestpeanutmachine.com\/wp-content\/uploads\/2022\/08\/peanut-picker-price-300x225.webp 300w, https:\/\/bestpeanutmachine.com\/wp-content\/uploads\/2022\/08\/peanut-picker-price-16x12.webp 16w\" sizes=\"auto, (max-width: 720px) 100vw, 720px\" \/><figcaption class=\"wp-element-caption\">Pre\u00e7o do seletor de amendoim<\/figcaption><\/figure> <\/figure>    <h2 class=\"wp-block-heading\">Deixe sua mensagem!<\/h2>    <p class=\"translation-block\">A M\u00e1quina de Colheita de Amendoim n\u00e3o \u00e9 apenas eficiente e dur\u00e1vel, mas tamb\u00e9m f\u00e1cil de operar, tornando-a uma escolha ideal para as suas necessidades de colheita de amendoim. Para aumentar ainda mais a efici\u00eancia do seu processamento de amendoim, recomendamos combin\u00e1-la com a nossa <a href=\"https:\/\/bestpeanutmachine.com\/pt\/product\/peanut-shelling-machine\/\" data-type=\"link\" data-id=\"https:\/\/bestpeanutmachine.com\/product\/peanut-shelling-machine\/\">M\u00e1quina de Descascar Amendoim<\/a> e <a href=\"https:\/\/bestpeanutmachine.com\/pt\/product\/peanut-roasting-machine\/\" data-type=\"link\" data-id=\"https:\/\/bestpeanutmachine.com\/product\/peanut-roasting-machine\/\">M\u00e1quina de Torrar Amendoim<\/a>. <\/p>    <p>Essa combina\u00e7\u00e3o fornece um fluxo de trabalho cont\u00ednuo da colheita ao processamento, aumentando significativamente a efici\u00eancia da produ\u00e7\u00e3o e garantindo a qualidade e o rendimento de seus produtos de amendoim. <\/p>    <p class=\"translation-block\">Contacte-nos hoje para saber mais e experimentar a conveni\u00eancia e efici\u00eancia das nossas solu\u00e7\u00f5es abrangentes de processamento de <a href=\"https:\/\/en.wikipedia.org\/wiki\/Peanut\" data-type=\"link\" data-id=\"https:\/\/en.wikipedia.org\/wiki\/Peanut\" target=\"_blank\" rel=\"noopener\">amendoim<\/a>.<\/p>    <figure class=\"wp-block-image size-full\"><img loading=\"lazy\" decoding=\"async\" width=\"720\" height=\"540\" src=\"https:\/\/bestpeanutmachine.com\/wp-content\/uploads\/2022\/08\/groundnut-picker.webp\" alt=\"Picker de amendoim\" class=\"wp-image-233\" srcset=\"https:\/\/bestpeanutmachine.com\/wp-content\/uploads\/2022\/08\/groundnut-picker.webp 720w, https:\/\/bestpeanutmachine.com\/wp-content\/uploads\/2022\/08\/groundnut-picker-300x225.webp 300w, https:\/\/bestpeanutmachine.com\/wp-content\/uploads\/2022\/08\/groundnut-picker-16x12.webp 16w\" sizes=\"auto, (max-width: 720px) 100vw, 720px\" \/><figcaption class=\"wp-element-caption\">Picker de amendoim<\/figcaption><\/figure>","protected":false},"excerpt":{"rendered":"<p>A m\u00e1quina colhedora de amendoim \u00e9 usada para colher frutos de amendoim ap\u00f3s a colheita. \u00c9 um \u00f3timo equipamento de processamento de amendoim para os agricultores. <\/p>","protected":false},"author":1,"featured_media":87,"parent":0,"template":"","tags":[22,8],"product-type":[6,69],"class_list":["post-37","product","type-product","status-publish","has-post-thumbnail","hentry","tag-peanut-picker","tag-peanut-processing-machine","product-type-product","product-type-peanut-machine"],"_links":{"self":[{"href":"https:\/\/bestpeanutmachine.com\/pt\/wp-json\/wp\/v2\/product\/37","targetHints":{"allow":["GET"]}}],"collection":[{"href":"https:\/\/bestpeanutmachine.com\/pt\/wp-json\/wp\/v2\/product"}],"about":[{"href":"https:\/\/bestpeanutmachine.com\/pt\/wp-json\/wp\/v2\/types\/product"}],"author":[{"embeddable":true,"href":"https:\/\/bestpeanutmachine.com\/pt\/wp-json\/wp\/v2\/users\/1"}],"wp:featuredmedia":[{"embeddable":true,"href":"https:\/\/bestpeanutmachine.com\/pt\/wp-json\/wp\/v2\/media\/87"}],"wp:attachment":[{"href":"https:\/\/bestpeanutmachine.com\/pt\/wp-json\/wp\/v2\/media?parent=37"}],"wp:term":[{"taxonomy":"post_tag","embeddable":true,"href":"https:\/\/bestpeanutmachine.com\/pt\/wp-json\/wp\/v2\/tags?post=37"},{"taxonomy":"product-type","embeddable":true,"href":"https:\/\/bestpeanutmachine.com\/pt\/wp-json\/wp\/v2\/product-type?post=37"}],"curies":[{"name":"wp","href":"https:\/\/api.w.org\/{rel}","templated":true}]}}