{"id":377,"date":"2025-08-28T16:02:34","date_gmt":"2025-08-28T08:02:34","guid":{"rendered":"https:\/\/bestpeanutmachine.com\/?post_type=product&#038;p=377"},"modified":"2025-09-08T11:35:36","modified_gmt":"2025-09-08T03:35:36","slug":"peanut-powder-machine","status":"publish","type":"product","link":"https:\/\/bestpeanutmachine.com\/pt\/product\/peanut-powder-machine\/","title":{"rendered":"M\u00e1quina de P\u00f3 de Amendoim para Moer Castanha de Caju"},"content":{"rendered":"<p class=\"translation-block\">Taizy <strong>m\u00e1quina de p\u00f3 de amendoim<\/strong> \u00e9 um moinho industrial para fazer p\u00f3 de frutos secos, como amendoim, caju, am\u00eandoa, etc. Pode produzir 200-600kg de p\u00f3 de malha 30 por hora, pelo que \u00e9 sempre uma parte indispens\u00e1vel de v\u00e1rias linhas de produ\u00e7\u00e3o de alimentos \u00e0 base de frutos secos.<\/p>    <p>A m\u00e1quina ocupa apenas uma pequena \u00e1rea e \u00e9 f\u00e1cil de operar. Por isso, \u00e9 popular entre f\u00e1bricas de processamento de alimentos em v\u00e1rios pa\u00edses, como \u00cdndia, EUA, Canad\u00e1 e Austr\u00e1lia.<\/p>    <h2 class=\"wp-block-heading\"><strong>V\u00eddeo de teste da m\u00e1quina trituradora de amendoins<\/strong><\/h2>    <p>Este moedor de p\u00f3 de amendoim s\u00f3 pode processar amendoins descascados e outras nozes. Aqui est\u00e1 um v\u00eddeo da nossa f\u00e1brica sobre o funcionamento da m\u00e1quina de p\u00f3 de amendoim.<\/p>    <figure class=\"wp-block-embed is-type-video is-provider-youtube wp-block-embed-youtube wp-embed-aspect-16-9 wp-has-aspect-ratio\"><div class=\"wp-block-embed__wrapper\"> <iframe loading=\"lazy\" title=\"\ud83e\udd5cMoedor de P\u00f3 de Amendoim para Padaria e Snacks | M\u00e1quina Industrial de Moagem de Nozes#peanutpowder\" width=\"500\" height=\"281\" src=\"https:\/\/www.youtube.com\/embed\/F2I767Nd9lc?feature=oembed\" frameborder=\"0\" allow=\"accelerometer; autoplay; clipboard-write; encrypted-media; gyroscope; picture-in-picture; web-share\" referrerpolicy=\"strict-origin-when-cross-origin\" allowfullscreen><\/iframe> <\/div><figcaption class=\"wp-element-caption\">v\u00eddeo de funcionamento da m\u00e1quina de p\u00f3 de amendoim<\/figcaption><\/figure>    <h2 class=\"wp-block-heading\"><strong>Vantagens da m\u00e1quina de p\u00f3 de amendoim Taizy<\/strong><\/h2>    <ol class=\"wp-block-list\"> <li>Esta m\u00e1quina de moagem de nozes multifuncional pode<strong> processa materiais oleosos<\/strong>, como gergelim, amendoim, etc.<\/li>    <li>Em compara\u00e7\u00e3o com a moagem manual, esta m\u00e1quina <strong>oferece uma produ\u00e7\u00e3o hor\u00e1ria superior,<\/strong> 200-600kg\/h, e permite opera\u00e7\u00e3o cont\u00ednua. Basta uma moagem, e voc\u00ea obter\u00e1 o produto final.<\/li>    <li>O moedor de farinha de am\u00eandoa apresenta <strong>velocidade ajust\u00e1vel e finura personaliz\u00e1vel<\/strong>, por isso \u00e9 adequado para v\u00e1rias aplica\u00e7\u00f5es alimentares (por exemplo, panifica\u00e7\u00e3o, p\u00f3 de prote\u00edna).<\/li>    <li>O <strong>p\u00f3 uniforme de malha 30 <\/strong>atender perfeitamente aos requisitos de processamento das ind\u00fastrias de panifica\u00e7\u00e3o, confeitaria e temperos.<\/li>    <li>M\u00e1quina de moagem de caju Taizy <strong>pode ser personalizado com material 304<\/strong>, garantindo efetivamente a seguran\u00e7a alimentar e atendendo \u00e0s necessidades de m\u00e1quinas de alta qualidade.<\/li>    <li>Projetado para f\u00e1bricas pequenas e m\u00e9dias, cozinhas comerciais e startups, este pequeno mas de alto volume triturador <strong>pode ser equipada com rodas para f\u00e1cil mobilidade<\/strong>.<\/li> <\/ol>   <div class=\"wp-block-image\"> <figure class=\"aligncenter size-full\"><img loading=\"lazy\" decoding=\"async\" width=\"720\" height=\"540\" src=\"https:\/\/bestpeanutmachine.com\/wp-content\/uploads\/2025\/08\/peanut-powder-processing-machine-with-wheels.webp\" alt=\"m\u00e1quina de processamento de p\u00f3 de amendoim com rodas\" class=\"wp-image-383\" srcset=\"https:\/\/bestpeanutmachine.com\/wp-content\/uploads\/2025\/08\/peanut-powder-processing-machine-with-wheels.webp 720w, https:\/\/bestpeanutmachine.com\/wp-content\/uploads\/2025\/08\/peanut-powder-processing-machine-with-wheels-300x225.webp 300w, https:\/\/bestpeanutmachine.com\/wp-content\/uploads\/2025\/08\/peanut-powder-processing-machine-with-wheels-16x12.webp 16w\" sizes=\"auto, (max-width: 720px) 100vw, 720px\" \/><figcaption class=\"wp-element-caption\">m\u00e1quina de processamento de p\u00f3 de amendoim com rodas<\/figcaption><\/figure> <\/div>   <h2 class=\"wp-block-heading\"><strong>Especifica\u00e7\u00e3o da m\u00e1quina de fabrico de p\u00f3 de am\u00eandoa<\/strong><\/h2>    <figure class=\"wp-block-table\"><table class=\"has-fixed-layout\"><tbody><tr><td>Poder<\/td><td class=\"has-text-align-center\" data-align=\"center\">3 KW<\/td><\/tr><tr><td>Capacidade<\/td><td class=\"has-text-align-center\" data-align=\"center\">200-600 kg\/h<\/td><\/tr><tr><td>Tens\u00e3o<\/td><td class=\"has-text-align-center\" data-align=\"center\">380 V<\/td><\/tr><tr><td>Frequ\u00eancia<\/td><td class=\"has-text-align-center\" data-align=\"center\">50 Hz<\/td><\/tr><tr><td>Dimens\u00f5es<\/td><td class=\"has-text-align-center\" data-align=\"center\">1200x1050x1400 mm<\/td><\/tr><tr><td>Finura<\/td><td class=\"has-text-align-center\" data-align=\"center\">Aproximadamente 30 malha<\/td><\/tr><tr><td>Materiais<\/td><td class=\"has-text-align-center\" data-align=\"center\">SUS201, personaliza\u00e7\u00e3o opcional SUS304<\/td><\/tr><\/tbody><\/table><figcaption class=\"wp-element-caption\">par\u00e2metros t\u00e9cnicos da m\u00e1quina de moagem de p\u00f3 de amendoim<\/figcaption><\/figure>    <h2 class=\"wp-block-heading\"><strong>Princ\u00edpio de funcionamento da m\u00e1quina de moagem de p\u00f3 de amendoim<\/strong><\/h2>    <p>A m\u00e1quina adota uma estrutura de tritura\u00e7\u00e3o de tr\u00eas est\u00e1gios para produzir p\u00f3 de noz uniforme:<\/p>    <ul class=\"wp-block-list\"> <li>As duas primeiras etapas utilizam rolos dentados (rolos canelados) para pr\u00e9-triturar e partir o amendoim em gr\u00e2nulos menores.<\/li>    <li>A etapa final utiliza rolos suaves para moer e esfregar o amendoim esmagado em p\u00f3 fino.<\/li> <\/ul>    <p>Cada est\u00e1gio tem dois rolos, e h\u00e1 um total de seis rolos nesta m\u00e1quina de farinha de am\u00eandoa. Este design fornece tritura\u00e7\u00e3o progressiva e moagem fina, o que resulta num tamanho de part\u00edcula est\u00e1vel para obter p\u00f3 de tamanho uniforme.<\/p>    <p>Se usar apenas o disco e separar os rolos de moagem, o produto acabado ser\u00e1 granular acima de 2 mm, mas o tamanho n\u00e3o ser\u00e1 t\u00e3o uniforme.<\/p>    <figure class=\"wp-block-gallery has-nested-images columns-default is-cropped wp-block-gallery-2 is-layout-flex wp-block-gallery-is-layout-flex\"> <figure class=\"wp-block-image size-large\"><img loading=\"lazy\" decoding=\"async\" width=\"720\" height=\"540\" data-id=\"384\" src=\"https:\/\/bestpeanutmachine.com\/wp-content\/uploads\/2025\/08\/first-two-stage-of-cashew-grinding-machine.webp\" alt=\"primeiro est\u00e1gio de moedor de caju\" class=\"wp-image-384\" srcset=\"https:\/\/bestpeanutmachine.com\/wp-content\/uploads\/2025\/08\/first-two-stage-of-cashew-grinding-machine.webp 720w, https:\/\/bestpeanutmachine.com\/wp-content\/uploads\/2025\/08\/first-two-stage-of-cashew-grinding-machine-300x225.webp 300w, https:\/\/bestpeanutmachine.com\/wp-content\/uploads\/2025\/08\/first-two-stage-of-cashew-grinding-machine-16x12.webp 16w\" sizes=\"auto, (max-width: 720px) 100vw, 720px\" \/><figcaption class=\"wp-element-caption\">primeiro est\u00e1gio de moedor de caju<\/figcaption><\/figure>    <figure class=\"wp-block-image size-full\"><img loading=\"lazy\" decoding=\"async\" width=\"720\" height=\"540\" data-id=\"386\" src=\"https:\/\/bestpeanutmachine.com\/wp-content\/uploads\/2025\/08\/final-stage-of-almond-flour-grinder.webp\" alt=\"etapa final do moedor de farinha de am\u00eandoa\" class=\"wp-image-386\" srcset=\"https:\/\/bestpeanutmachine.com\/wp-content\/uploads\/2025\/08\/final-stage-of-almond-flour-grinder.webp 720w, https:\/\/bestpeanutmachine.com\/wp-content\/uploads\/2025\/08\/final-stage-of-almond-flour-grinder-300x225.webp 300w, https:\/\/bestpeanutmachine.com\/wp-content\/uploads\/2025\/08\/final-stage-of-almond-flour-grinder-16x12.webp 16w\" sizes=\"auto, (max-width: 720px) 100vw, 720px\" \/><figcaption class=\"wp-element-caption\">etapa final do moedor de farinha de am\u00eandoa<\/figcaption><\/figure> <\/figure>    <h2 class=\"wp-block-heading\"><strong>Aplica\u00e7\u00f5es da m\u00e1quina de p\u00f3 de amendoim<\/strong><\/h2>    <p>Sabemos que as m\u00e1quinas de processamento de farinha de amendoim podem moer nozes at\u00e9 um p\u00f3 fino, mas por que a farinha de amendoim e a farinha de caju s\u00e3o t\u00e3o populares?<br>Peanut flour is commonly used in snacks, sauces, and peanut butter bases. Therefore, it&#8217;s essential equipment for peanut food processing plants.<\/p>    <p>Os produtos processados pela nossa m\u00e1quina de fabrico de p\u00f3 de amendoim podem tamb\u00e9m ser usados para revestimentos de frutos secos em produtos de padaria, doces e sobremesas. Por isso, alguns fornecedores de ingredientes para padarias frequentemente solicitam esta m\u00e1quina para completar a sua linha de produ\u00e7\u00e3o.<\/p>    <p>Na ind\u00fastria de bebidas, bebidas \u00e0 base de frutos secos, como leite de amendoim e leite em p\u00f3 de am\u00eandoa, requerem farinha de frutos secos como ingrediente. Algumas marcas usam esta m\u00e1quina para pr\u00e9-processamento para obter p\u00f3 de amendoim, conferindo \u00e0s suas bebidas um sabor mais refinado.<\/p>    <figure class=\"wp-block-gallery has-nested-images columns-2 is-cropped wp-block-gallery-3 is-layout-flex wp-block-gallery-is-layout-flex\"> <figure class=\"wp-block-image size-large\"><img loading=\"lazy\" decoding=\"async\" width=\"720\" height=\"540\" data-id=\"388\" src=\"https:\/\/bestpeanutmachine.com\/wp-content\/uploads\/2025\/08\/peanut-butter.webp\" alt=\"manteiga de amendoim\" class=\"wp-image-388\" srcset=\"https:\/\/bestpeanutmachine.com\/wp-content\/uploads\/2025\/08\/peanut-butter.webp 720w, https:\/\/bestpeanutmachine.com\/wp-content\/uploads\/2025\/08\/peanut-butter-300x225.webp 300w, https:\/\/bestpeanutmachine.com\/wp-content\/uploads\/2025\/08\/peanut-butter-16x12.webp 16w\" sizes=\"auto, (max-width: 720px) 100vw, 720px\" \/><figcaption class=\"wp-element-caption\">manteiga de amendoim<\/figcaption><\/figure>    <figure class=\"wp-block-image size-large\"><img loading=\"lazy\" decoding=\"async\" width=\"720\" height=\"540\" data-id=\"387\" src=\"https:\/\/bestpeanutmachine.com\/wp-content\/uploads\/2025\/08\/almond-flour-cake.webp\" alt=\"bolo de am\u00eandoa em p\u00f3\" class=\"wp-image-387\" srcset=\"https:\/\/bestpeanutmachine.com\/wp-content\/uploads\/2025\/08\/almond-flour-cake.webp 720w, https:\/\/bestpeanutmachine.com\/wp-content\/uploads\/2025\/08\/almond-flour-cake-300x225.webp 300w, https:\/\/bestpeanutmachine.com\/wp-content\/uploads\/2025\/08\/almond-flour-cake-16x12.webp 16w\" sizes=\"auto, (max-width: 720px) 100vw, 720px\" \/><figcaption class=\"wp-element-caption\">bolo de am\u00eandoa em p\u00f3<\/figcaption><\/figure>    <figure class=\"wp-block-image size-large\"><img loading=\"lazy\" decoding=\"async\" width=\"720\" height=\"540\" data-id=\"389\" src=\"https:\/\/bestpeanutmachine.com\/wp-content\/uploads\/2025\/08\/peanut-milk.webp\" alt=\"leite de am\u00eandoa\" class=\"wp-image-389\" srcset=\"https:\/\/bestpeanutmachine.com\/wp-content\/uploads\/2025\/08\/peanut-milk.webp 720w, https:\/\/bestpeanutmachine.com\/wp-content\/uploads\/2025\/08\/peanut-milk-300x225.webp 300w, https:\/\/bestpeanutmachine.com\/wp-content\/uploads\/2025\/08\/peanut-milk-16x12.webp 16w\" sizes=\"auto, (max-width: 720px) 100vw, 720px\" \/><figcaption class=\"wp-element-caption\">leite de am\u00eandoa<\/figcaption><\/figure>    <figure class=\"wp-block-image size-large\"><img loading=\"lazy\" decoding=\"async\" width=\"720\" height=\"540\" data-id=\"390\" src=\"https:\/\/bestpeanutmachine.com\/wp-content\/uploads\/2025\/08\/peanut-protein-powder.webp\" alt=\"prote\u00edna de amendoim em p\u00f3\" class=\"wp-image-390\" srcset=\"https:\/\/bestpeanutmachine.com\/wp-content\/uploads\/2025\/08\/peanut-protein-powder.webp 720w, https:\/\/bestpeanutmachine.com\/wp-content\/uploads\/2025\/08\/peanut-protein-powder-300x225.webp 300w, https:\/\/bestpeanutmachine.com\/wp-content\/uploads\/2025\/08\/peanut-protein-powder-16x12.webp 16w\" sizes=\"auto, (max-width: 720px) 100vw, 720px\" \/><figcaption class=\"wp-element-caption\">prote\u00edna de amendoim em p\u00f3<\/figcaption><\/figure> <\/figure>    <p>Se estiver interessado neste tipo de m\u00e1quina ou tiver alguma pergunta sobre a mesma, por favor contacte-me e diga-me as suas d\u00favidas. Forneceremos um or\u00e7amento gratuito e uma lista de modelos para si.<\/p>    <p class=\"translation-block\">Tamb\u00e9m oferecemos a <a href=\"https:\/\/bestpeanutmachine.com\/pt\/product\/peanut-butter-production-line\/\">linha de produ\u00e7\u00e3o de manteiga de amendoim<\/a> que inclui este equipamento. Se desejar saber mais sobre linhas de produ\u00e7\u00e3o de manteiga de amendoim, contacte-nos directamente.<\/p>","protected":false},"excerpt":{"rendered":"<p>A m\u00e1quina de p\u00f3 de amendoim Taizy \u00e9 um triturador industrial para fazer p\u00f3 de frutos secos, tais como: amendoim, caju, am\u00eandoa, etc. Pode produzir 200-600kg de p\u00f3 com malha 30 por hora. \u00c9 popular entre f\u00e1bricas de processamento de alimentos em v\u00e1rios pa\u00edses, tais como \u00cdndia, os Estados Unidos, Canad\u00e1 e Austr\u00e1lia.<\/p>","protected":false},"author":1,"featured_media":382,"parent":0,"template":"","tags":[11],"product-type":[69,6],"class_list":["post-377","product","type-product","status-publish","has-post-thumbnail","hentry","tag-peanut","product-type-peanut-machine","product-type-product"],"_links":{"self":[{"href":"https:\/\/bestpeanutmachine.com\/pt\/wp-json\/wp\/v2\/product\/377","targetHints":{"allow":["GET"]}}],"collection":[{"href":"https:\/\/bestpeanutmachine.com\/pt\/wp-json\/wp\/v2\/product"}],"about":[{"href":"https:\/\/bestpeanutmachine.com\/pt\/wp-json\/wp\/v2\/types\/product"}],"author":[{"embeddable":true,"href":"https:\/\/bestpeanutmachine.com\/pt\/wp-json\/wp\/v2\/users\/1"}],"wp:featuredmedia":[{"embeddable":true,"href":"https:\/\/bestpeanutmachine.com\/pt\/wp-json\/wp\/v2\/media\/382"}],"wp:attachment":[{"href":"https:\/\/bestpeanutmachine.com\/pt\/wp-json\/wp\/v2\/media?parent=377"}],"wp:term":[{"taxonomy":"post_tag","embeddable":true,"href":"https:\/\/bestpeanutmachine.com\/pt\/wp-json\/wp\/v2\/tags?post=377"},{"taxonomy":"product-type","embeddable":true,"href":"https:\/\/bestpeanutmachine.com\/pt\/wp-json\/wp\/v2\/product-type?post=377"}],"curies":[{"name":"wp","href":"https:\/\/api.w.org\/{rel}","templated":true}]}}