{"id":39,"date":"2022-08-25T02:35:43","date_gmt":"2022-08-24T18:35:43","guid":{"rendered":"https:\/\/bestpeanutmachine.com\/?post_type=product&#038;p=39"},"modified":"2025-11-05T17:15:59","modified_gmt":"2025-11-05T09:15:59","slug":"peanut-shelling-machine","status":"publish","type":"product","link":"https:\/\/bestpeanutmachine.com\/pt\/product\/peanut-shelling-machine\/","title":{"rendered":"M\u00e1quina de descascar amendoim"},"content":{"rendered":"<p class=\"translation-block\">A nossa <strong>M\u00e1quina de Casca de Amendoim<\/strong> oferece processamento de alta efici\u00eancia de 200\u2013800kg por hora, garantindo uma descascagem de amendoim fi\u00e1vel e automatizada. Feita de a\u00e7o inoxid\u00e1vel, oferece durabilidade, resist\u00eancia \u00e0 corros\u00e3o e opera\u00e7\u00e3o est\u00e1vel.<\/p>    <p>Adequado para produ\u00e7\u00e3o em pequena ou grande escala, pode funcionar de forma independente ou integrar-se em linhas de manteiga de amendoim e torrefa\u00e7\u00e3o.<\/p>    <p>A m\u00e1quina mant\u00e9m a integridade do gr\u00e3o, tornando as amendoins ideais para produ\u00e7\u00e3o de manteiga, doces, \u00f3leo e pastelaria, enquanto as cascas podem ser reaproveitadas como combust\u00edvel de biomassa, apoiando uma economia de zero desperd\u00edcio.<\/p>    <p>Escolha-nos pela efici\u00eancia, fiabilidade e sustentabilidade!<\/p>    <figure class=\"wp-block-embed is-type-video is-provider-youtube wp-block-embed-youtube wp-embed-aspect-16-9 wp-has-aspect-ratio\"><div class=\"wp-block-embed__wrapper\"> <iframe loading=\"lazy\" title=\"Simplifique seu processo: como usar a m\u00e1quina de descascar amendoim #agriculture #farming #peanut #groundnut\" width=\"500\" height=\"281\" src=\"https:\/\/www.youtube.com\/embed\/3OmrrTGSkqc?start=2&#038;feature=oembed\" frameborder=\"0\" allow=\"accelerometer; autoplay; clipboard-write; encrypted-media; gyroscope; picture-in-picture; web-share\" referrerpolicy=\"strict-origin-when-cross-origin\" allowfullscreen><\/iframe> <\/div><figcaption class=\"wp-element-caption\">V\u00eddeo de trabalho da m\u00e1quina de estoque de amendoim<\/figcaption><\/figure>    <h2 class=\"wp-block-heading\">M\u00e1quina de descascamento de amendoim para venda<\/h2>    <p>A s\u00e9rie de descascadores de amendoim compreende quatro modelos: TBH200, TBH400, TBH800 e 6BHD-800D. Cada modelo oferece compatibilidade com motores el\u00e9tricos, a gasolina ou diesel, garantindo adequa\u00e7\u00e3o para fazendas de todos os tamanhos.<\/p>    <h3 class=\"wp-block-heading\"><strong>TBH200: Sheller de amendoim de n\u00edvel b\u00e1sico eficiente<\/strong><\/h3>    <div class=\"wp-block-media-text is-stacked-on-mobile\"><figure class=\"wp-block-media-text__media\"><img loading=\"lazy\" decoding=\"async\" width=\"720\" height=\"540\" src=\"https:\/\/bestpeanutmachine.com\/wp-content\/uploads\/2022\/08\/TBH200-peanut-shelling-machine.webp\" alt=\"M\u00e1quina de descascar amendoim TBH200\" class=\"wp-image-215 size-full\" srcset=\"https:\/\/bestpeanutmachine.com\/wp-content\/uploads\/2022\/08\/TBH200-peanut-shelling-machine.webp 720w, https:\/\/bestpeanutmachine.com\/wp-content\/uploads\/2022\/08\/TBH200-peanut-shelling-machine-300x225.webp 300w, https:\/\/bestpeanutmachine.com\/wp-content\/uploads\/2022\/08\/TBH200-peanut-shelling-machine-16x12.webp 16w\" sizes=\"auto, (max-width: 720px) 100vw, 720px\" \/><\/figure><div class=\"wp-block-media-text__content\"> <ul class=\"wp-block-list\"> <li><strong>TBH200 Modelo de n\u00edvel b\u00e1sico.<\/strong> Projetado para remo\u00e7\u00e3o eficiente da concha de amendoim. <\/li>    <li><strong>Produtividade aprimorada.<\/strong> Melhora a efici\u00eancia operacional. <\/li>    <li><strong>Ideal para fazendas pequenas a m\u00e9dias.<\/strong> Fornece uma solu\u00e7\u00e3o de bombardeio confi\u00e1vel e f\u00e1cil de usar.<\/li> <\/ul> <\/div><\/div>    <h3 class=\"wp-block-heading\"><strong>TBH400: Sheller de amendoim eficaz de gama m\u00e9dia<\/strong><\/h3>    <div class=\"wp-block-media-text has-media-on-the-right is-stacked-on-mobile\"><div class=\"wp-block-media-text__content\"> <ul class=\"wp-block-list\"> <li><strong>Modelo de gama m\u00e9dia TBH400.<\/strong> Atualizado do TBH200 com recursos aprimorados. <\/li>    <li><strong>Tela adicional.<\/strong> Melhora a capacidade de peneira\u00e7\u00e3o para uma melhor efici\u00eancia de bombardeio. <\/li>    <li><strong>Desempenho confi\u00e1vel.<\/strong> Garante opera\u00e7\u00f5es de bombardeio eficientes e consistentes.<\/li> <\/ul> <\/div><figure class=\"wp-block-media-text__media\"><img loading=\"lazy\" decoding=\"async\" width=\"720\" height=\"540\" src=\"https:\/\/bestpeanutmachine.com\/wp-content\/uploads\/2022\/08\/TBH400-groundnut-sheller.webp\" alt=\"Descascador de amendoim TBH400\" class=\"wp-image-216 size-full\" srcset=\"https:\/\/bestpeanutmachine.com\/wp-content\/uploads\/2022\/08\/TBH400-groundnut-sheller.webp 720w, https:\/\/bestpeanutmachine.com\/wp-content\/uploads\/2022\/08\/TBH400-groundnut-sheller-300x225.webp 300w, https:\/\/bestpeanutmachine.com\/wp-content\/uploads\/2022\/08\/TBH400-groundnut-sheller-16x12.webp 16w\" sizes=\"auto, (max-width: 720px) 100vw, 720px\" \/><\/figure><\/div>    <h3 class=\"wp-block-heading\"><strong>TBH800: Sheller de amendoim de alto desempenho para produ\u00e7\u00e3o em larga escala<\/strong><\/h3>    <div class=\"wp-block-media-text is-stacked-on-mobile\"><figure class=\"wp-block-media-text__media\"><img loading=\"lazy\" decoding=\"async\" width=\"720\" height=\"540\" src=\"https:\/\/bestpeanutmachine.com\/wp-content\/uploads\/2022\/08\/TBH800-peanut-shelling-machine.webp\" alt=\"M\u00e1quina de descascar amendoim TBH800\" class=\"wp-image-217 size-full\" srcset=\"https:\/\/bestpeanutmachine.com\/wp-content\/uploads\/2022\/08\/TBH800-peanut-shelling-machine.webp 720w, https:\/\/bestpeanutmachine.com\/wp-content\/uploads\/2022\/08\/TBH800-peanut-shelling-machine-300x225.webp 300w, https:\/\/bestpeanutmachine.com\/wp-content\/uploads\/2022\/08\/TBH800-peanut-shelling-machine-16x12.webp 16w\" sizes=\"auto, (max-width: 720px) 100vw, 720px\" \/><\/figure><div class=\"wp-block-media-text__content\"> <ul class=\"wp-block-list\"> <li><strong>TBH800 Modelo de ponta.<\/strong> O Sheller de amendoim mais avan\u00e7ado em nossa s\u00e9rie. <\/li>    <li><strong>Fun\u00e7\u00e3o de bombardeio secund\u00e1rio.<\/strong> Aumenta a efici\u00eancia e a sa\u00edda do bombigo. <\/li>    <li><strong>Telas duplas e caixas de alimenta\u00e7\u00e3o.<\/strong> Melhora a capacidade e a precis\u00e3o do processamento. <\/li>    <li><strong>Ideal para fazendas e ind\u00fastrias em larga escala.<\/strong> Projetado para processamento de amendoim de alto volume. <\/li>    <li><strong>Desempenho superior.<\/strong> Garante a m\u00e1xima efici\u00eancia para opera\u00e7\u00f5es extensas.<\/li> <\/ul> <\/div><\/div>    <h3 class=\"wp-block-heading\"><strong>6BHD-800D: Sheller de amendoim vers\u00e1til e eficiente<\/strong><\/h3>    <div class=\"wp-block-media-text has-media-on-the-right is-stacked-on-mobile\"><div class=\"wp-block-media-text__content\"> <ul class=\"wp-block-list\"> <li><strong>Modelo multifuncional 6BHD-800D.<\/strong> Sheller vers\u00e1til de amendoim com recursos aprimorados. <\/li>    <li><strong>Design atualiz\u00e1vel.<\/strong> Pode ser equipado com uma estrutura e pneus grandes para melhor estabilidade e mobilidade. <\/li>    <li><strong>Adapt\u00e1vel para v\u00e1rias aplica\u00e7\u00f5es.<\/strong> Adequado para diferentes cen\u00e1rios de bombardeio. <\/li>    <li><strong>Desempenho eficiente.<\/strong> Fornece uma solu\u00e7\u00e3o de bombardeio confi\u00e1vel e de alta sa\u00edda.<\/li> <\/ul> <\/div><figure class=\"wp-block-media-text__media\"><img loading=\"lazy\" decoding=\"async\" width=\"720\" height=\"540\" src=\"https:\/\/bestpeanutmachine.com\/wp-content\/uploads\/2022\/08\/groudnut-shell-removing-machine.webp\" alt=\"m\u00e1quina de remo\u00e7\u00e3o de casca de amendoim\" class=\"wp-image-218 size-full\" srcset=\"https:\/\/bestpeanutmachine.com\/wp-content\/uploads\/2022\/08\/groudnut-shell-removing-machine.webp 720w, https:\/\/bestpeanutmachine.com\/wp-content\/uploads\/2022\/08\/groudnut-shell-removing-machine-300x225.webp 300w, https:\/\/bestpeanutmachine.com\/wp-content\/uploads\/2022\/08\/groudnut-shell-removing-machine-16x12.webp 16w\" sizes=\"auto, (max-width: 720px) 100vw, 720px\" \/><\/figure><\/div>    <h2 class=\"wp-block-heading\" id=\"h-how-does-peanut-shelling-machine-work\">Como funciona a m\u00e1quina de descascar amendoim?<\/h2>    <p class=\"translation-block\">A m\u00e1quina de descascar amendoim funciona atrav\u00e9s de um \u200b<strong>processo automatizado de quatro est\u00e1gios<\/strong> desenhado para maximizar a efici\u00eancia e a precis\u00e3o da descascagem, minimizando o dano aos gr\u00e3os. Aqui est\u00e1 uma explica\u00e7\u00e3o passo a passo:<\/p>    <div class=\"wp-block-media-text is-stacked-on-mobile\"><figure class=\"wp-block-media-text__media\"><img loading=\"lazy\" decoding=\"async\" width=\"720\" height=\"540\" src=\"https:\/\/bestpeanutmachine.com\/wp-content\/uploads\/2022\/08\/groundnut-sheller-factory.jpg\" alt=\"f\u00e1brica de descascador de amendoim\" class=\"wp-image-69 size-full\" srcset=\"https:\/\/bestpeanutmachine.com\/wp-content\/uploads\/2022\/08\/groundnut-sheller-factory.jpg 720w, https:\/\/bestpeanutmachine.com\/wp-content\/uploads\/2022\/08\/groundnut-sheller-factory-300x225.jpg 300w\" sizes=\"auto, (max-width: 720px) 100vw, 720px\" \/><\/figure><div class=\"wp-block-media-text__content\"> <p class=\"translation-block\"><strong>Descascamento por tambor com grelha grosseira-fina<\/strong><\/p>    <ul class=\"wp-block-list\"> <li>Os amendoins s\u00e3o alimentados no tambor rotativo equipado com<strong>Barras de arquivamento grossas<\/strong>&nbsp;e a<strong>Superf\u00edcie fixa de Intaglio<\/strong>.<\/li>    <li>O atrito do rolamento entre as barras e a superf\u00edcie rachou as conchas sem esmagar os gr\u00e3os.<\/li> <\/ul>    <p class=\"translation-block\">\u200b<strong>Separa\u00e7\u00e3o casca\u2013n\u00f3 via fluxo de ar<\/strong><\/p>    <ul class=\"wp-block-list\"> <li>A mistura rachada de conchas e gr\u00e3os cai atrav\u00e9s da grade do tambor em um duto.<\/li>    <li>A<strong>ventilador de alta velocidade<\/strong>&nbsp;Blatos Shells leves para fora para a coleta, enquanto os n\u00facleos mais pesados \u200b\u200bprosseguem para o pr\u00f3ximo est\u00e1gio.<\/li> <\/ul> <\/div><\/div>    <div class=\"wp-block-media-text has-media-on-the-right is-stacked-on-mobile\"><div class=\"wp-block-media-text__content\"> <p class=\"translation-block\"><strong>Purifica\u00e7\u00e3o por gravidade<\/strong><\/p>    <ul class=\"wp-block-list\"> <li>A mistura restante entra em um<strong>Separador de gravidade<\/strong>.<\/li>    <li>\u200b<strong>Kernels completos<\/strong>&nbsp;(denso) s\u00e3o levantados para cima para a tomada de descarga para embalagem imediata ou processamento adicional.<\/li>    <li>\u200b<strong>Amendoins n\u00e3o casados \u200b\u200bou parcialmente desbotados<\/strong>&nbsp;(mais leve) caia em um elevador para re-processamento.<\/li> <\/ul>    <p class=\"translation-block\">\u200b<strong>Re-descascamento em circuito fechado<\/strong><\/p>    <ul class=\"wp-block-list\"> <li>O elevador transporta amendoins sublinhados de volta ao<strong>tambor de grade fina<\/strong>&nbsp;para uma rodada secund\u00e1ria de desmaios.<\/li>    <li>Este ciclo se repete at\u00e9<strong>98%+ efici\u00eancia de bombeiro<\/strong>&nbsp;\u00e9 alcan\u00e7ado, garantindo res\u00edduos m\u00ednimos.<\/li> <\/ul> <\/div><figure class=\"wp-block-media-text__media\"><img loading=\"lazy\" decoding=\"async\" width=\"720\" height=\"540\" src=\"https:\/\/bestpeanutmachine.com\/wp-content\/uploads\/2022\/08\/peanut-skin-remover.webp\" alt=\"removedor de pele de amendoim\" class=\"wp-image-220 size-full\" srcset=\"https:\/\/bestpeanutmachine.com\/wp-content\/uploads\/2022\/08\/peanut-skin-remover.webp 720w, https:\/\/bestpeanutmachine.com\/wp-content\/uploads\/2022\/08\/peanut-skin-remover-300x225.webp 300w, https:\/\/bestpeanutmachine.com\/wp-content\/uploads\/2022\/08\/peanut-skin-remover-16x12.webp 16w\" sizes=\"auto, (max-width: 720px) 100vw, 720px\" \/><\/figure><\/div>    <p>Ideal para fazendas comerciais e plantas de processamento, esta m\u00e1quina transforma amendoins crus em n\u00facleos de alta qualidade com velocidade e confiabilidade incompar\u00e1veis.<\/p>    <h2 class=\"wp-block-heading\" id=\"h-features-of-peanut-sheller-machine\">Caracter\u00edsticas da m\u00e1quina descascadora de amendoim<\/h2>    <div class=\"wp-block-media-text is-stacked-on-mobile\"><figure class=\"wp-block-media-text__media\"><img loading=\"lazy\" decoding=\"async\" width=\"720\" height=\"540\" src=\"https:\/\/bestpeanutmachine.com\/wp-content\/uploads\/2022\/08\/peanut-sheller-machine.jpg\" alt=\"m\u00e1quina descascadora de amendoim\" class=\"wp-image-68 size-full\" srcset=\"https:\/\/bestpeanutmachine.com\/wp-content\/uploads\/2022\/08\/peanut-sheller-machine.jpg 720w, https:\/\/bestpeanutmachine.com\/wp-content\/uploads\/2022\/08\/peanut-sheller-machine-300x225.jpg 300w\" sizes=\"auto, (max-width: 720px) 100vw, 720px\" \/><\/figure><div class=\"wp-block-media-text__content\"> <ul class=\"wp-block-list\"> <li><strong>Econ\u00f4mico e de alto desempenho.<\/strong> O Sheller de amendoim combina acessibilidade com excelente qualidade e efici\u00eancia excepcional, garantindo um grande valor para o seu investimento. <\/li>    <li><strong>Design amig\u00e1vel.<\/strong> Com sua estrutura simples e design bem pensado, a m\u00e1quina \u00e9 f\u00e1cil de operar e manter, tornando-a ideal para iniciantes e usu\u00e1rios experientes. <\/li>    <li><strong>Compacto e economizando espa\u00e7o.<\/strong> O tamanho pequeno da m\u00e1quina permite que ela se encaixe em espa\u00e7os apertados, perfeitos para uso dom\u00e9stico e configura\u00e7\u00f5es de produ\u00e7\u00e3o menores.<\/li> <\/ul> <\/div><\/div>    <div class=\"wp-block-media-text has-media-on-the-right is-stacked-on-mobile\"><div class=\"wp-block-media-text__content\"> <ul class=\"wp-block-list\"> <li><strong>Efici\u00eancia excepcional de casco.<\/strong> Com uma taxa de casco excedendo 98%, esta m\u00e1quina garante resultados de alta qualidade e maximizou a sa\u00edda. <\/li>    <li><strong>M\u00faltiplas op\u00e7\u00f5es de energia.<\/strong> Se voc\u00ea prefere um motor el\u00e9trico, motor diesel ou motor a gasolina, oferecemos uma variedade de op\u00e7\u00f5es de energia para atender \u00e0s suas necessidades operacionais. <\/li>    <li><strong>Personaliza\u00e7\u00e3o dispon\u00edvel.<\/strong> Oferecemos servi\u00e7os de personaliza\u00e7\u00e3o robustos para adaptar a m\u00e1quina aos seus requisitos espec\u00edficos, garantindo o desempenho ideal para suas demandas exclusivas de produ\u00e7\u00e3o.<\/li> <\/ul> <\/div><figure class=\"wp-block-media-text__media\"><img loading=\"lazy\" decoding=\"async\" width=\"720\" height=\"540\" src=\"https:\/\/bestpeanutmachine.com\/wp-content\/uploads\/2022\/08\/groundnut-shell-removing-machine.webp\" alt=\"m\u00e1quina de remo\u00e7\u00e3o de casca de amendoim\" class=\"wp-image-219 size-full\" srcset=\"https:\/\/bestpeanutmachine.com\/wp-content\/uploads\/2022\/08\/groundnut-shell-removing-machine.webp 720w, https:\/\/bestpeanutmachine.com\/wp-content\/uploads\/2022\/08\/groundnut-shell-removing-machine-300x225.webp 300w, https:\/\/bestpeanutmachine.com\/wp-content\/uploads\/2022\/08\/groundnut-shell-removing-machine-16x12.webp 16w\" sizes=\"auto, (max-width: 720px) 100vw, 720px\" \/><\/figure><\/div>    <h2 class=\"wp-block-heading\" id=\"h-parameters-of-taizy-peanut-shelling-machine\">Par\u00e2metros da m\u00e1quina de bombardeio de amendoim<\/h2>    <figure class=\"wp-block-table\"><table><tbody><tr><td>Modelo<\/td><td>Capacidade<\/td><td>Poder<\/td><td>Peso<\/td><td>Tamanho<\/td><\/tr><tr><td>TBH-200<\/td><td>200kg\/hora<\/td><td>Motor de 2,2 kW, motor a gasolina 170F, motor diesel de 6 HP<\/td><td>40kg<\/td><td>650*560*1000mm<\/td><\/tr><tr><td>TBH-400<\/td><td>300-400 kg\/hora<\/td><td>Motor de 3 kW, motor a gasolina 170F, motor diesel de 8 HP<\/td><td>\/<\/td><td>\/<\/td><\/tr><tr><td>TBH-800<\/td><td>600-800 kg\/hora<\/td><td>Motor de 3 kW OU motor a gasolina 170F, motor diesel de 8 HP<\/td><td>160kg<\/td><td>1330*750*1570mm<\/td><\/tr><tr><td>6BHD-800B<\/td><td>600-800 kg\/hora<\/td><td>Motor de 2,2-3,0 kW<\/td><td>160kg<\/td><td>1330*750*1570mm<\/td><\/tr><\/tbody><\/table><figcaption class=\"wp-element-caption\">Par\u00e2metros da m\u00e1quina de descascar amendoim<\/figcaption><\/figure>    <h2 class=\"wp-block-heading\" id=\"h-what-is-the-best-way-to-shell-peanuts\">Estrutura da m\u00e1quina de remo\u00e7\u00e3o de casca de amendoim<\/h2>    <figure class=\"wp-block-image size-full\"><img loading=\"lazy\" decoding=\"async\" width=\"720\" height=\"540\" src=\"https:\/\/bestpeanutmachine.com\/wp-content\/uploads\/2022\/08\/peanut-sheller-machine-structure.webp\" alt=\"estrutura da m\u00e1quina descascadora de amendoim\" class=\"wp-image-221\" srcset=\"https:\/\/bestpeanutmachine.com\/wp-content\/uploads\/2022\/08\/peanut-sheller-machine-structure.webp 720w, https:\/\/bestpeanutmachine.com\/wp-content\/uploads\/2022\/08\/peanut-sheller-machine-structure-300x225.webp 300w, https:\/\/bestpeanutmachine.com\/wp-content\/uploads\/2022\/08\/peanut-sheller-machine-structure-16x12.webp 16w\" sizes=\"auto, (max-width: 720px) 100vw, 720px\" \/><figcaption class=\"wp-element-caption\">estrutura da m\u00e1quina descascadora de amendoim<\/figcaption><\/figure>    <h2 class=\"wp-block-heading\">Contate-nos<\/h2>    <p class=\"translation-block\">A nossa <strong>m\u00e1quina de descascar amendoim<\/strong> garante alta efici\u00eancia, uma alta taxa de descascamento e danos m\u00ednimos aos gr\u00e3os, tornando-a uma excelente op\u00e7\u00e3o para empresas de processamento de <a href=\"https:\/\/en.wikipedia.org\/wiki\/Peanut\" data-type=\"link\" data-id=\"https:\/\/en.wikipedia.org\/wiki\/Peanut\" target=\"_blank\" rel=\"noopener\">amendoim<\/a>. Projetada para durabilidade e facilidade de uso, esta m\u00e1quina aumenta a produtividade mantendo a qualidade de amendoins descascados. <\/p>    <p class=\"translation-block\">Al\u00e9m das descascadoras de amendoim, tamb\u00e9m oferecemos uma ampla gama de <strong>m\u00e0quinas de processamento de amendoim<\/strong>, incluindo <a href=\"https:\/\/bestpeanutmachine.com\/pt\/product\/peanut-butter-production-line\/\" data-type=\"link\" data-id=\"https:\/\/bestpeanutmachine.com\/product\/peanut-butter-production-line\/\">m\u00e1quinas de manteiga de amendoim<\/a>, <a href=\"https:\/\/bestpeanutmachine.com\/pt\/product\/peanut-roasting-machine\/\" data-type=\"link\" data-id=\"https:\/\/bestpeanutmachine.com\/product\/peanut-roasting-machine\/\">m\u00e1quinas de torrefa\u00e7\u00e3o de amendoim<\/a>, e <a href=\"https:\/\/bestpeanutmachine.com\/pt\/product\/peanut-oil-extraction-machine\/\" data-type=\"link\" data-id=\"https:\/\/bestpeanutmachine.com\/product\/peanut-oil-extraction-machine\/\">m\u00e1quinas de prensagem de \u00f3leo de amendoim<\/a>. Contacte-nos hoje para mais detalhes e um or\u00e7amento personalizado!<\/p>","protected":false},"excerpt":{"rendered":"<p>Nossa m\u00e1quina de bombeiro de amendoim oferece processamento de alta efici\u00eancia de 200 a 800 kg por hora, garantindo o dessulso de amendoim confi\u00e1vel e automatizado.<\/p>","protected":false},"author":1,"featured_media":67,"parent":0,"template":"","tags":[8],"product-type":[6,69],"class_list":["post-39","product","type-product","status-publish","has-post-thumbnail","hentry","tag-peanut-processing-machine","product-type-product","product-type-peanut-machine"],"_links":{"self":[{"href":"https:\/\/bestpeanutmachine.com\/pt\/wp-json\/wp\/v2\/product\/39","targetHints":{"allow":["GET"]}}],"collection":[{"href":"https:\/\/bestpeanutmachine.com\/pt\/wp-json\/wp\/v2\/product"}],"about":[{"href":"https:\/\/bestpeanutmachine.com\/pt\/wp-json\/wp\/v2\/types\/product"}],"author":[{"embeddable":true,"href":"https:\/\/bestpeanutmachine.com\/pt\/wp-json\/wp\/v2\/users\/1"}],"wp:featuredmedia":[{"embeddable":true,"href":"https:\/\/bestpeanutmachine.com\/pt\/wp-json\/wp\/v2\/media\/67"}],"wp:attachment":[{"href":"https:\/\/bestpeanutmachine.com\/pt\/wp-json\/wp\/v2\/media?parent=39"}],"wp:term":[{"taxonomy":"post_tag","embeddable":true,"href":"https:\/\/bestpeanutmachine.com\/pt\/wp-json\/wp\/v2\/tags?post=39"},{"taxonomy":"product-type","embeddable":true,"href":"https:\/\/bestpeanutmachine.com\/pt\/wp-json\/wp\/v2\/product-type?post=39"}],"curies":[{"name":"wp","href":"https:\/\/api.w.org\/{rel}","templated":true}]}}