{"id":403,"date":"2025-09-12T11:59:57","date_gmt":"2025-09-12T03:59:57","guid":{"rendered":"https:\/\/bestpeanutmachine.com\/?post_type=product&#038;p=403"},"modified":"2026-01-14T16:24:59","modified_gmt":"2026-01-14T08:24:59","slug":"peanut-butter-grinder-machine","status":"publish","type":"product","link":"https:\/\/bestpeanutmachine.com\/pt\/product\/peanut-butter-grinder-machine\/","title":{"rendered":"M\u00e1quina de Moer Manteiga de Amendoim"},"content":{"rendered":"<p class=\"translation-block\">A m\u00e1quina trituradora de manteiga de amendoim Taizy \u00e9 especialmente utilizada para moer amendoins, sementes de s\u00e9samo, am\u00eandoas, cajus e outros frutos secos em molhos finos. Est\u00e1 equipada com um cabe\u00e7ote de moagem de a\u00e7o inoxid\u00e1vel 9Cr18, o que torna o produto final com uma textura suave e delicada, satisfazendo perfeitamente os requisitos de produ\u00e7\u00e3o alimentar de alta qualidade.<\/p>    <p>Oferecemos diferentes modelos com gamas de produ\u00e7\u00e3o de 10 a 5000 kg\/h. Quer pretenda iniciar o seu pr\u00f3prio pequeno neg\u00f3cio ou expandir a produ\u00e7\u00e3o, podemos satisfazer perfeitamente as suas necessidades. A m\u00e1quina trituradora de manteiga de amendoim tem sido vendida em todo o mundo e ajudou no desenvolvimento do processamento de alimentos nas Filipinas, Qu\u00e9nia, Zimbabu\u00e9, \u00cdndia e noutros pa\u00edses.<\/p>    <figure class=\"wp-block-embed is-type-video is-provider-youtube wp-block-embed-youtube wp-embed-aspect-16-9 wp-has-aspect-ratio\"><div class=\"wp-block-embed__wrapper\"> <iframe loading=\"lazy\" title=\"\ud83e\udd5c\ud83c\udf36 Grinder de Amendoim e Pimenta | Equipamento de Alta Efici\u00eancia para Moagem de Nozes e Especiarias\" width=\"500\" height=\"281\" src=\"https:\/\/www.youtube.com\/embed\/ND0DQ5Vnre0?feature=oembed\" frameborder=\"0\" allow=\"accelerometer; autoplay; clipboard-write; encrypted-media; gyroscope; picture-in-picture; web-share\" referrerpolicy=\"strict-origin-when-cross-origin\" allowfullscreen><\/iframe> <\/div><figcaption class=\"wp-element-caption\">v\u00eddeo de funcionamento da m\u00e1quina de moer manteiga de amendoim<\/figcaption><\/figure>    <h2 class=\"wp-block-heading\"><strong>Vantagens da m\u00e1quina trituradora de manteiga de amendoim<\/strong><\/h2>    <ul class=\"wp-block-list\"> <li>Utilizamos cabe\u00e7otes de moagem de a\u00e7o inoxid\u00e1vel 9Cr18 com maior dureza, o que n\u00e3o s\u00f3 mant\u00e9m as l\u00e2minas afiadas, tornando o produto mais delicado e suave, como tamb\u00e9m facilita a utiliza\u00e7\u00e3o prolongada e a limpeza f\u00e1cil.<\/li>    <li>As outras partes da m\u00e1quina tamb\u00e9m s\u00e3o feitas de a\u00e7o inoxid\u00e1vel para evitar eficazmente a ferrugem causada pela humidade durante a moagem dos alimentos, garantindo a seguran\u00e7a alimentar.<\/li>    <li>O design especial e a utiliza\u00e7\u00e3o de materiais da Taizy melhoram a precis\u00e3o de toda a produ\u00e7\u00e3o, tornando a folga de moagem da cabe\u00e7a de tritura\u00e7\u00e3o mais uniforme. A manteiga de amendoim produzida tem part\u00edculas mais finas e um sabor melhor.<\/li>    <li>A nossa m\u00e1quina de moer manteiga de amendoim tem uma vasta gama de aplica\u00e7\u00f5es. Al\u00e9m de moer nozes comuns, tamb\u00e9m pode produzir molho de pimenta, compota, molho de carne e leite de coco, etc.<\/li> <\/ul>   <div class=\"wp-block-image\"> <figure class=\"aligncenter size-full\"><img loading=\"lazy\" decoding=\"async\" width=\"720\" height=\"540\" src=\"https:\/\/bestpeanutmachine.com\/wp-content\/uploads\/2025\/09\/commercial-peanut-butter-machine-1.webp\" alt=\"m\u00e1quina comercial de manteiga de amendoim\" class=\"wp-image-828\" srcset=\"https:\/\/bestpeanutmachine.com\/wp-content\/uploads\/2025\/09\/commercial-peanut-butter-machine-1.webp 720w, https:\/\/bestpeanutmachine.com\/wp-content\/uploads\/2025\/09\/commercial-peanut-butter-machine-1-300x225.webp 300w, https:\/\/bestpeanutmachine.com\/wp-content\/uploads\/2025\/09\/commercial-peanut-butter-machine-1-16x12.webp 16w\" sizes=\"auto, (max-width: 720px) 100vw, 720px\" \/><figcaption class=\"wp-element-caption\">m\u00e1quina comercial de manteiga de amendoim<\/figcaption><\/figure> <\/div>   <h2 class=\"wp-block-heading\"><strong>Estrutura da m\u00e1quina de fazer manteiga de amendoim<\/strong><\/h2>    <p>A nossa m\u00e1quina moedora de manteiga de amendoim \u00e9 um moinho coloidal. Os seus principais princ\u00edpios de funcionamento s\u00e3o o corte, a vibra\u00e7\u00e3o de alta frequ\u00eancia e for\u00e7as de fric\u00e7\u00e3o para transformar o material em pasta. \u00c9 composta principalmente pela tremonha, pelo estator e rotor (cabe\u00e7a de moagem), pelo motor e transmiss\u00e3o, pela sa\u00edda de descarga, pela estrutura da m\u00e1quina e pela carca\u00e7a exterior.<\/p>    <ul class=\"wp-block-list\"> <li>O funil \u00e9 projetado como um cone para facilitar a alimenta\u00e7\u00e3o. Tamb\u00e9m evita eficazmente que grandes quantidades de material se derramem durante a opera\u00e7\u00e3o.<\/li>    <li>O seu componente principal, o cabe\u00e7ote de moagem, \u00e9 feito de a\u00e7o inoxid\u00e1vel de alta dureza, e a folga entre o estator e o rotor \u00e9 ajust\u00e1vel para controlar a finura da manteiga de amendoim.<\/li>    <li>A pot\u00eancia para accionar a cabe\u00e7a de moagem \u00e9 normalmente trif\u00e1sica 380V, 50Hz. Oferecemos diferentes modelos com v\u00e1rias pot\u00eancias de motor, que variam desde um modelo pequeno de 1,5 kW at\u00e9 um modelo industrial de 90 kW.<\/li>    <li>O bico de descarga pode ser concebido para ligar diretamente a um tanque de recolha, recipiente de armazenamento ou sistema de enchimento. Caso tenha outras necessidades personalizadas, tamb\u00e9m as pode indicar.<\/li>    <li>A estrutura da m\u00e1quina \u00e9 normalmente constru\u00edda em a\u00e7o inoxid\u00e1vel 201 ou de grau superior para durabilidade e seguran\u00e7a alimentar.<\/li> <\/ul>    <figure class=\"wp-block-gallery has-nested-images columns-2 is-cropped wp-block-gallery-2 is-layout-flex wp-block-gallery-is-layout-flex\"> <figure class=\"wp-block-image size-full\"><img loading=\"lazy\" decoding=\"async\" width=\"720\" height=\"540\" data-id=\"419\" src=\"https:\/\/bestpeanutmachine.com\/wp-content\/uploads\/2025\/09\/hooper-of-peanut-butter-machine.webp\" alt=\"funil da m\u00e1quina de manteiga de amendoim\" class=\"wp-image-419\" srcset=\"https:\/\/bestpeanutmachine.com\/wp-content\/uploads\/2025\/09\/hooper-of-peanut-butter-machine.webp 720w, https:\/\/bestpeanutmachine.com\/wp-content\/uploads\/2025\/09\/hooper-of-peanut-butter-machine-300x225.webp 300w, https:\/\/bestpeanutmachine.com\/wp-content\/uploads\/2025\/09\/hooper-of-peanut-butter-machine-16x12.webp 16w\" sizes=\"auto, (max-width: 720px) 100vw, 720px\" \/><figcaption class=\"wp-element-caption\">funil da m\u00e1quina de manteiga de amendoim<\/figcaption><\/figure>    <figure class=\"wp-block-image size-full\"><img loading=\"lazy\" decoding=\"async\" width=\"720\" height=\"540\" data-id=\"420\" src=\"https:\/\/bestpeanutmachine.com\/wp-content\/uploads\/2025\/09\/interior-structure-of-peanut-butter-grinding-machine.webp\" alt=\"estrutura interna da m\u00e1quina trituradora de manteiga de amendoim\" class=\"wp-image-420\" srcset=\"https:\/\/bestpeanutmachine.com\/wp-content\/uploads\/2025\/09\/interior-structure-of-peanut-butter-grinding-machine.webp 720w, https:\/\/bestpeanutmachine.com\/wp-content\/uploads\/2025\/09\/interior-structure-of-peanut-butter-grinding-machine-300x225.webp 300w, https:\/\/bestpeanutmachine.com\/wp-content\/uploads\/2025\/09\/interior-structure-of-peanut-butter-grinding-machine-16x12.webp 16w\" sizes=\"auto, (max-width: 720px) 100vw, 720px\" \/><figcaption class=\"wp-element-caption\">estrutura interna da m\u00e1quina trituradora de manteiga de amendoim<\/figcaption><\/figure>    <figure class=\"wp-block-image size-full\"><img loading=\"lazy\" decoding=\"async\" width=\"720\" height=\"540\" data-id=\"421\" src=\"https:\/\/bestpeanutmachine.com\/wp-content\/uploads\/2025\/09\/electric-motor-of-nut-butter-machine.webp\" alt=\"motor el\u00e9trico da m\u00e1quina de manteiga de frutos secos\" class=\"wp-image-421\" srcset=\"https:\/\/bestpeanutmachine.com\/wp-content\/uploads\/2025\/09\/electric-motor-of-nut-butter-machine.webp 720w, https:\/\/bestpeanutmachine.com\/wp-content\/uploads\/2025\/09\/electric-motor-of-nut-butter-machine-300x225.webp 300w, https:\/\/bestpeanutmachine.com\/wp-content\/uploads\/2025\/09\/electric-motor-of-nut-butter-machine-16x12.webp 16w\" sizes=\"auto, (max-width: 720px) 100vw, 720px\" \/><figcaption class=\"wp-element-caption\">motor el\u00e9trico da m\u00e1quina de manteiga de frutos secos<\/figcaption><\/figure>    <figure class=\"wp-block-image size-full\"><img loading=\"lazy\" decoding=\"async\" width=\"720\" height=\"540\" data-id=\"422\" src=\"https:\/\/bestpeanutmachine.com\/wp-content\/uploads\/2025\/09\/peanut-butter-making-machine-1.webp\" alt=\"m\u00e1quina de fazer manteiga de amendoim\" class=\"wp-image-422\" srcset=\"https:\/\/bestpeanutmachine.com\/wp-content\/uploads\/2025\/09\/peanut-butter-making-machine-1.webp 720w, https:\/\/bestpeanutmachine.com\/wp-content\/uploads\/2025\/09\/peanut-butter-making-machine-1-300x225.webp 300w, https:\/\/bestpeanutmachine.com\/wp-content\/uploads\/2025\/09\/peanut-butter-making-machine-1-16x12.webp 16w\" sizes=\"auto, (max-width: 720px) 100vw, 720px\" \/><figcaption class=\"wp-element-caption\">m\u00e1quina de fazer manteiga de amendoim<\/figcaption><\/figure> <\/figure>    <h2 class=\"wp-block-heading\"><strong>Par\u00e2metros detalhados da m\u00e1quina de fazer manteiga de amendoim<\/strong><\/h2>    <p>Oferecemos uma variedade de modelos para escolher e, se tiver requisitos especiais, tamb\u00e9m podemos fornecer servi\u00e7os de personaliza\u00e7\u00e3o.<\/p>    <figure class=\"wp-block-table\"><table><tbody><tr><td>Modelo<\/td><td class=\"has-text-align-center\" data-align=\"center\">Tens\u00e3o<\/td><td class=\"has-text-align-center\" data-align=\"center\">Poder<\/td><td class=\"has-text-align-center\" data-align=\"center\">Capacidade<\/td><td class=\"has-text-align-center\" data-align=\"center\">Peso<\/td><td class=\"has-text-align-center\" data-align=\"center\">Dimens\u00e3o<\/td><\/tr><tr><td>TZ-50<\/td><td class=\"has-text-align-center\" data-align=\"center\">380V\/50Hz<\/td><td class=\"has-text-align-center\" data-align=\"center\">1.5KW<\/td><td class=\"has-text-align-center\" data-align=\"center\">10\u201330Kg\/h<\/td><td class=\"has-text-align-center\" data-align=\"center\">65kg<\/td><td class=\"has-text-align-center\" data-align=\"center\">610*400*700mm<\/td><\/tr><tr><td>TZ-80<\/td><td class=\"has-text-align-center\" data-align=\"center\">380V\/50Hz<\/td><td class=\"has-text-align-center\" data-align=\"center\">4KW<\/td><td class=\"has-text-align-center\" data-align=\"center\">50\u2013100Kg\/h<\/td><td class=\"has-text-align-center\" data-align=\"center\">170kg<\/td><td class=\"has-text-align-center\" data-align=\"center\">850*450*930mm<\/td><\/tr><tr><td>TZ-110<\/td><td class=\"has-text-align-center\" data-align=\"center\">380V\/50Hz<\/td><td class=\"has-text-align-center\" data-align=\"center\">7.5KW<\/td><td class=\"has-text-align-center\" data-align=\"center\">100\u2013200Kg\/h<\/td><td class=\"has-text-align-center\" data-align=\"center\">220kg<\/td><td class=\"has-text-align-center\" data-align=\"center\">850*450*1050mm<\/td><\/tr><tr><td>TZ-130<\/td><td class=\"has-text-align-center\" data-align=\"center\">380V\/50Hz<\/td><td class=\"has-text-align-center\" data-align=\"center\">11KW<\/td><td class=\"has-text-align-center\" data-align=\"center\">200\u2013300Kg\/h<\/td><td class=\"has-text-align-center\" data-align=\"center\">350kg<\/td><td class=\"has-text-align-center\" data-align=\"center\">100*500*1100mm<\/td><\/tr><tr><td>TZ-180<\/td><td class=\"has-text-align-center\" data-align=\"center\">380V\/50Hz<\/td><td class=\"has-text-align-center\" data-align=\"center\">18.5KW<\/td><td class=\"has-text-align-center\" data-align=\"center\">500\u2013800Kg\/h<\/td><td class=\"has-text-align-center\" data-align=\"center\">440kg<\/td><td class=\"has-text-align-center\" data-align=\"center\">610*400*700mm<\/td><\/tr><tr><td>TZ-220<\/td><td class=\"has-text-align-center\" data-align=\"center\">380V\/50Hz<\/td><td class=\"has-text-align-center\" data-align=\"center\">30KW<\/td><td class=\"has-text-align-center\" data-align=\"center\">600\u2013900Kg\/h<\/td><td class=\"has-text-align-center\" data-align=\"center\">580kg<\/td><td class=\"has-text-align-center\" data-align=\"center\">610*400*700mm<\/td><\/tr><tr><td>TZ-240<\/td><td class=\"has-text-align-center\" data-align=\"center\">380V\/50Hz<\/td><td class=\"has-text-align-center\" data-align=\"center\">37\/45KW<\/td><td class=\"has-text-align-center\" data-align=\"center\">1000-1500Kg\/h<\/td><td class=\"has-text-align-center\" data-align=\"center\">800kg<\/td><td class=\"has-text-align-center\" data-align=\"center\">610*400*700mm<\/td><\/tr><tr><td>TZ-300<\/td><td class=\"has-text-align-center\" data-align=\"center\">380V\/50Hz<\/td><td class=\"has-text-align-center\" data-align=\"center\">75\/90KW<\/td><td class=\"has-text-align-center\" data-align=\"center\">3000\u20135000Kg\/h<\/td><td class=\"has-text-align-center\" data-align=\"center\">1200kg<\/td><td class=\"has-text-align-center\" data-align=\"center\">610*400*700mm<\/td><\/tr><\/tbody><\/table><figcaption class=\"wp-element-caption\">par\u00e2metros da m\u00e1quina moedeira de manteiga de amendoim<\/figcaption><\/figure>   <div class=\"wp-block-image\"> <figure class=\"aligncenter size-full\"><img loading=\"lazy\" decoding=\"async\" width=\"720\" height=\"540\" src=\"https:\/\/bestpeanutmachine.com\/wp-content\/uploads\/2025\/09\/industrial-peanut-butter-making-machine.webp\" alt=\"m\u00e1quina de fazer manteiga de amendoim\" class=\"wp-image-423\" srcset=\"https:\/\/bestpeanutmachine.com\/wp-content\/uploads\/2025\/09\/industrial-peanut-butter-making-machine.webp 720w, https:\/\/bestpeanutmachine.com\/wp-content\/uploads\/2025\/09\/industrial-peanut-butter-making-machine-300x225.webp 300w, https:\/\/bestpeanutmachine.com\/wp-content\/uploads\/2025\/09\/industrial-peanut-butter-making-machine-16x12.webp 16w\" sizes=\"auto, (max-width: 720px) 100vw, 720px\" \/><figcaption class=\"wp-element-caption\">m\u00e1quina de fazer manteiga de amendoim<\/figcaption><\/figure> <\/div>   <h2 class=\"wp-block-heading\"><strong>Aplica\u00e7\u00e3o da m\u00e1quina trituradora de manteiga de frutos secos<\/strong><\/h2>    <p>A m\u00e1quina trituradora de manteiga de amendoim Taizy \u00e9 amplamente utilizada em f\u00e1bricas de alimentos. A m\u00e1quina comercial de manteiga de amendoim \u00e9 mais utilizada na produ\u00e7\u00e3o de manteigas de frutos secos: manteiga de amendoim, manteiga de am\u00eandoa, manteiga de caju, manteiga de avel\u00e3 e manteiga de pist\u00e1cio.<\/p>    <p>No entanto, algumas f\u00e1bricas de compotas utilizam-na para moer ketchup e outros doces de fruta. Tamb\u00e9m temos clientes que possuem uma empresa de temperos e usam estas m\u00e1quinas para moer pasta de abacate, pur\u00e9 de cebola, pasta de malagueta, pasta de alho, pasta de gengibre e pasta de mostarda.<\/p>   <div class=\"wp-block-image\"> <figure class=\"aligncenter size-full\"><img loading=\"lazy\" decoding=\"async\" width=\"720\" height=\"540\" src=\"https:\/\/bestpeanutmachine.com\/wp-content\/uploads\/2025\/09\/applications-of-peanut-butter-grinding-machine.webp\" alt=\"aplica\u00e7\u00f5es da m\u00e1quina trituradora de manteiga de amendoim\" class=\"wp-image-424\" srcset=\"https:\/\/bestpeanutmachine.com\/wp-content\/uploads\/2025\/09\/applications-of-peanut-butter-grinding-machine.webp 720w, https:\/\/bestpeanutmachine.com\/wp-content\/uploads\/2025\/09\/applications-of-peanut-butter-grinding-machine-300x225.webp 300w, https:\/\/bestpeanutmachine.com\/wp-content\/uploads\/2025\/09\/applications-of-peanut-butter-grinding-machine-16x12.webp 16w\" sizes=\"auto, (max-width: 720px) 100vw, 720px\" \/><figcaption class=\"wp-element-caption\">aplica\u00e7\u00f5es da m\u00e1quina trituradora de manteiga de amendoim<\/figcaption><\/figure> <\/div>   <h2 class=\"wp-block-heading\"><strong>Pre\u00e7o da m\u00e1quina trituradora de manteiga de amendoim<\/strong><\/h2>    <p>O pre\u00e7o das m\u00e1quinas moedeiras de manteiga de amendoim varia significativamente, com modelos pequenos a custar apenas algumas centenas de d\u00f3lares, enquanto os modelos industriais podem custar milhares de d\u00f3lares. O pre\u00e7o aqui inclui custos de embalagem e transporte. Se necessitar de acess\u00f3rios adicionais, estes devem ser personalizados pela f\u00e1brica e ter\u00e3o um custo extra.<\/p>    <p>Aqui est\u00e3o alguns fatores que ir\u00e3o influenciar o pre\u00e7o:<\/p>    <ol class=\"wp-block-list\"> <li>A capacidade ser\u00e1 o principal fator a determinar o pre\u00e7o da m\u00e1quina. Quanto maior a produ\u00e7\u00e3o hor\u00e1ria, maior ser\u00e1 o pre\u00e7o.<\/li>    <li>A\u00e7o inoxid\u00e1vel, componentes de alta qualidade, rolamentos dur\u00e1veis, vedantes de qualidade, etc. Estes ir\u00e3o determinar a qualidade da m\u00e1quina. Se encontrar duas m\u00e1quinas de moer amendoim com pre\u00e7os semelhantes, mas as suas qualidades variam consideravelmente, a estrutura interna desta m\u00e1quina pode ser diferente.<\/li>    <li>Marcas conhecidas e servi\u00e7o de excel\u00eancia normalmente t\u00eam um custo mais elevado mas oferecem melhor valor a longo prazo. Este \u00e9 um investimento est\u00e1vel para o seu neg\u00f3cio. <\/li> <\/ol>    <p>Alguns dos nossos clientes foram atendidos por f\u00e1bricas de baixo pre\u00e7o que fornecem produtos de qualidade inacredit\u00e1vel. Depois disso, escolheram-nos como parceiro comercial de longo prazo para garantir a qualidade das m\u00e1quinas. Para eles, a qualidade \u00e9 mais importante do que o pre\u00e7o. <\/p>   <div class=\"wp-block-image\"> <figure class=\"aligncenter size-full\"><img loading=\"lazy\" decoding=\"async\" width=\"720\" height=\"540\" src=\"https:\/\/bestpeanutmachine.com\/wp-content\/uploads\/2025\/09\/peanut-butter-machine-1.webp\" alt=\"m\u00e1quina de manteiga de amendoim\" class=\"wp-image-425\" srcset=\"https:\/\/bestpeanutmachine.com\/wp-content\/uploads\/2025\/09\/peanut-butter-machine-1.webp 720w, https:\/\/bestpeanutmachine.com\/wp-content\/uploads\/2025\/09\/peanut-butter-machine-1-300x225.webp 300w, https:\/\/bestpeanutmachine.com\/wp-content\/uploads\/2025\/09\/peanut-butter-machine-1-16x12.webp 16w\" sizes=\"auto, (max-width: 720px) 100vw, 720px\" \/><figcaption class=\"wp-element-caption\">m\u00e1quina de manteiga de amendoim<\/figcaption><\/figure> <\/div>   <h2 class=\"wp-block-heading\"><strong>Porqu\u00ea escolher a Taizy como seu fornecedor de produtos?<\/strong><\/h2>    <ul class=\"wp-block-list\"> <li>Temos a nossa pr\u00f3pria f\u00e1brica e o pre\u00e7o que oferecemos \u00e9 muito competitivo.<\/li>    <li>Focamo-nos na qualidade. Processo de produ\u00e7\u00e3o totalmente transparente e servi\u00e7o p\u00f3s-venda a longo prazo fazem-nos conquistar muitos clientes recorrentes.<\/li>    <li>Somos uma marca de exporta\u00e7\u00e3o reconhecida de um fornecedor chin\u00eas de m\u00e1quinas de processamento de alimentos, com servi\u00e7os completos e maduros de embalagem e transporte.<\/li> <\/ul>    <p class=\"translation-block\">Contacte-nos para conhecer a quota gratuita para a m\u00e1quina trituradora de manteiga de amendoim do seu interesse. Para uma f\u00e1brica alimentar industrial, tamb\u00e9m fornecemos uma linha completa de produ\u00e7\u00e3o de manteiga de amendoim. Se deseja saber mais detalhes, clique no link aqui: <a href=\"https:\/\/bestpeanutmachine.com\/pt\/product\/peanut-butter-production-line\/\">Linha de Produ\u00e7\u00e3o de Manteiga de Amendoim<\/a>.<\/p>    <figure class=\"wp-block-gallery has-nested-images columns-default is-cropped wp-block-gallery-3 is-layout-flex wp-block-gallery-is-layout-flex\"> <figure class=\"wp-block-image size-large\"><img loading=\"lazy\" decoding=\"async\" width=\"720\" height=\"540\" data-id=\"826\" src=\"https:\/\/bestpeanutmachine.com\/wp-content\/uploads\/2025\/09\/best-peanut-butter-machine-factory.webp\" alt=\"melhor f\u00e1brica de m\u00e1quinas de manteiga de amendoim\" class=\"wp-image-826\" srcset=\"https:\/\/bestpeanutmachine.com\/wp-content\/uploads\/2025\/09\/best-peanut-butter-machine-factory.webp 720w, https:\/\/bestpeanutmachine.com\/wp-content\/uploads\/2025\/09\/best-peanut-butter-machine-factory-300x225.webp 300w, https:\/\/bestpeanutmachine.com\/wp-content\/uploads\/2025\/09\/best-peanut-butter-machine-factory-16x12.webp 16w\" sizes=\"auto, (max-width: 720px) 100vw, 720px\" \/><figcaption class=\"wp-element-caption\">melhor f\u00e1brica de m\u00e1quinas de manteiga de amendoim<\/figcaption><\/figure>    <figure class=\"wp-block-image size-large\"><img loading=\"lazy\" decoding=\"async\" width=\"720\" height=\"540\" data-id=\"827\" src=\"https:\/\/bestpeanutmachine.com\/wp-content\/uploads\/2025\/09\/peanut-butter-making-machine-in-stock.webp\" alt=\"m\u00e1quina de fazer manteiga de amendoim em stock\" class=\"wp-image-827\" srcset=\"https:\/\/bestpeanutmachine.com\/wp-content\/uploads\/2025\/09\/peanut-butter-making-machine-in-stock.webp 720w, https:\/\/bestpeanutmachine.com\/wp-content\/uploads\/2025\/09\/peanut-butter-making-machine-in-stock-300x225.webp 300w, https:\/\/bestpeanutmachine.com\/wp-content\/uploads\/2025\/09\/peanut-butter-making-machine-in-stock-16x12.webp 16w\" sizes=\"auto, (max-width: 720px) 100vw, 720px\" \/><figcaption class=\"wp-element-caption\">m\u00e1quina de fazer manteiga de amendoim em stock<\/figcaption><\/figure> <\/figure>","protected":false},"excerpt":{"rendered":"<p>Este moedor de manteiga de amendoim foi concebido para fabricar manteiga de amendoim, molho picante e compota. Tritura as mat\u00e9rias-primas at\u00e9 uma pasta com uma capacidade de produ\u00e7\u00e3o que varia de 10 kg\/h a 5000 kg\/h, satisfazendo as necessidades de f\u00e1bricas alimentares de todas as dimens\u00f5es.<\/p>","protected":false},"author":1,"featured_media":417,"parent":0,"template":"","tags":[11,75],"product-type":[69,6],"class_list":["post-403","product","type-product","status-publish","has-post-thumbnail","hentry","tag-peanut","tag-peanut-butter","product-type-peanut-machine","product-type-product"],"_links":{"self":[{"href":"https:\/\/bestpeanutmachine.com\/pt\/wp-json\/wp\/v2\/product\/403","targetHints":{"allow":["GET"]}}],"collection":[{"href":"https:\/\/bestpeanutmachine.com\/pt\/wp-json\/wp\/v2\/product"}],"about":[{"href":"https:\/\/bestpeanutmachine.com\/pt\/wp-json\/wp\/v2\/types\/product"}],"author":[{"embeddable":true,"href":"https:\/\/bestpeanutmachine.com\/pt\/wp-json\/wp\/v2\/users\/1"}],"wp:featuredmedia":[{"embeddable":true,"href":"https:\/\/bestpeanutmachine.com\/pt\/wp-json\/wp\/v2\/media\/417"}],"wp:attachment":[{"href":"https:\/\/bestpeanutmachine.com\/pt\/wp-json\/wp\/v2\/media?parent=403"}],"wp:term":[{"taxonomy":"post_tag","embeddable":true,"href":"https:\/\/bestpeanutmachine.com\/pt\/wp-json\/wp\/v2\/tags?post=403"},{"taxonomy":"product-type","embeddable":true,"href":"https:\/\/bestpeanutmachine.com\/pt\/wp-json\/wp\/v2\/product-type?post=403"}],"curies":[{"name":"wp","href":"https:\/\/api.w.org\/{rel}","templated":true}]}}