{"id":432,"date":"2025-09-16T15:43:11","date_gmt":"2025-09-16T07:43:11","guid":{"rendered":"https:\/\/bestpeanutmachine.com\/?post_type=product&#038;p=432"},"modified":"2025-09-16T15:44:27","modified_gmt":"2025-09-16T07:44:27","slug":"almond-slicer-machine","status":"publish","type":"product","link":"https:\/\/bestpeanutmachine.com\/pt\/product\/almond-slicer-machine\/","title":{"rendered":"M\u00e1quina Fatiadora de Am\u00eandoas para Frutos Secos e Fatiamento de Amendoins"},"content":{"rendered":"<p class=\"translation-block\">Taizy <strong>m\u00e1quina fatiadora de am\u00eandoas<\/strong> \u00e9 adequada para fatiar amendoins, am\u00eandoas, avel\u00e3s e outros frutos secos. A espessura das fatias de frutos secos pode ser ajustada entre 0,3 mm e 2 mm conforme requisitos espec\u00edficos.<\/p>    <p>Pode alcan\u00e7ar uma produ\u00e7\u00e3o de 50-300kg\/h para satisfazer as necessidades da maioria das empresas em todo o mundo. Tem sido exportada para os Estados Unidos, Canad\u00e1, It\u00e1lia, Alemanha e outros pa\u00edses.<\/p>    <p>As nossas l\u00e2minas para esta m\u00e1quina de fazer fatias de amendoim s\u00e3o feitas de a\u00e7o de alta velocidade de alta qualidade, garantindo um fio afiado e longa vida \u00fatil. A cobertura exterior \u00e9 constru\u00edda em a\u00e7o inoxid\u00e1vel, cumprindo as normas de higiene alimentar.<\/p>    <h2 class=\"wp-block-heading\"><strong>Vantagens da m\u00e1quina autom\u00e1tica de fatiar am\u00eandoas<\/strong><\/h2>    <ul class=\"wp-block-list\"> <li>Com uma capacidade de 50\u2013200 kg por hora, velocidade ajust\u00e1vel (100\u2013700 r\/min) e press\u00e3o pneum\u00e1tica fi\u00e1vel (0,3\u20130,4 MPa), esta m\u00e1quina fatiadora de frutos secos assegura um funcionamento est\u00e1vel para produ\u00e7\u00e3o cont\u00ednua, podendo cumprir as necessidades de produ\u00e7\u00e3o comercial.<\/li>    <li>A m\u00e1quina de corte de fatias de frutos secos Taziy est\u00e1 equipada com um dispositivo de alimenta\u00e7\u00e3o pneum\u00e1tico e uma parte de corte. A parte de alimenta\u00e7\u00e3o pneum\u00e1tica pode pressionar suavemente os frutos secos contra o disco da l\u00e2mina, assegurando uma produ\u00e7\u00e3o eficiente e est\u00e1vel e reduzindo o desperd\u00edcio de material.<\/li>    <li>Todo o corpo da m\u00e1quina fatiadora de am\u00eandoas \u00e9 constru\u00eddo em a\u00e7o inoxid\u00e1vel, cumprindo totalmente as normas de higiene e seguran\u00e7a alimentar, sendo f\u00e1cil de limpar e manter.<\/li>    <li>Esta m\u00e1quina fatiadora de amendoins tem uma variedade de aplica\u00e7\u00f5es para am\u00eandoas, macad\u00e2mias, caju e nozes, sendo amplamente utilizada na ind\u00fastria de transforma\u00e7\u00e3o alimentar.<\/li>    <li>A espessura da fatia pode ser facilmente ajustada entre 0,3 mm e 2 mm, o que garante fatias uniformes para uma variedade de necessidades de produ\u00e7\u00e3o, desde padaria at\u00e9 confe\u00e7\u00e3o de snacks.<\/li> <\/ul>   <div class=\"wp-block-image\"> <figure class=\"aligncenter size-full\"><img loading=\"lazy\" decoding=\"async\" width=\"720\" height=\"540\" src=\"https:\/\/bestpeanutmachine.com\/wp-content\/uploads\/2025\/09\/peanut-slicing-machine.webp\" alt=\"m\u00e1quina de fatiar amendoins\" class=\"wp-image-436\" srcset=\"https:\/\/bestpeanutmachine.com\/wp-content\/uploads\/2025\/09\/peanut-slicing-machine.webp 720w, https:\/\/bestpeanutmachine.com\/wp-content\/uploads\/2025\/09\/peanut-slicing-machine-300x225.webp 300w, https:\/\/bestpeanutmachine.com\/wp-content\/uploads\/2025\/09\/peanut-slicing-machine-16x12.webp 16w\" sizes=\"auto, (max-width: 720px) 100vw, 720px\" \/><figcaption class=\"wp-element-caption\">m\u00e1quina de fatiar amendoins<\/figcaption><\/figure> <\/div>   <h2 class=\"wp-block-heading\"><strong>Par\u00e2metros t\u00e9cnicos da m\u00e1quina comercial de fatiar am\u00eandoas<\/strong><\/h2>    <figure class=\"wp-block-table\"><table class=\"has-fixed-layout\"><tbody><tr><td>Modelo<\/td><td class=\"has-text-align-center\" data-align=\"center\">TZ-2<\/td><td class=\"has-text-align-center\" data-align=\"center\">TZ-3<\/td><\/tr><tr><td>Poder<\/td><td class=\"has-text-align-center\" data-align=\"center\">1,5 kW<\/td><td class=\"has-text-align-center\" data-align=\"center\">2,2 kW<\/td><\/tr><tr><td>Velocidade da l\u00e2mina<\/td><td class=\"has-text-align-center\" data-align=\"center\">100-700r\/min<\/td><td class=\"has-text-align-center\" data-align=\"center\">0-600r\/min<\/td><\/tr><tr><td>Press\u00e3o do ar<\/td><td class=\"has-text-align-center\" data-align=\"center\">0,3-0,4Mpa<\/td><td class=\"has-text-align-center\" data-align=\"center\">\/<\/td><\/tr><tr><td>Capacidade<\/td><td class=\"has-text-align-center\" data-align=\"center\">50-200kg\/h<\/td><td class=\"has-text-align-center\" data-align=\"center\">200-300kg\/h<\/td><\/tr><tr><td>Espessura da fatia<\/td><td class=\"has-text-align-center\" data-align=\"center\">0,3-2mm \u00a0<\/td><td class=\"has-text-align-center\" data-align=\"center\">0,5-1,2mm<\/td><\/tr><tr><td>Dimens\u00e3o<\/td><td class=\"has-text-align-center\" data-align=\"center\">1000*550*1500mm<\/td><td class=\"has-text-align-center\" data-align=\"center\">650*600*1100mm<\/td><\/tr><tr><td>Peso<\/td><td class=\"has-text-align-center\" data-align=\"center\">150kg<\/td><td class=\"has-text-align-center\" data-align=\"center\">170kg \u00a0<\/td><\/tr><\/tbody><\/table><figcaption class=\"wp-element-caption\">par\u00e2metros da m\u00e1quina autom\u00e1tica fatiadora de am\u00eandoas<\/figcaption><\/figure>   <div class=\"wp-block-image\"> <figure class=\"aligncenter size-full\"><img loading=\"lazy\" decoding=\"async\" width=\"720\" height=\"540\" src=\"https:\/\/bestpeanutmachine.com\/wp-content\/uploads\/2025\/09\/nut-slicer-machine.webp\" alt=\"m\u00e1quina fatiadora de frutos secos\" class=\"wp-image-438\" srcset=\"https:\/\/bestpeanutmachine.com\/wp-content\/uploads\/2025\/09\/nut-slicer-machine.webp 720w, https:\/\/bestpeanutmachine.com\/wp-content\/uploads\/2025\/09\/nut-slicer-machine-300x225.webp 300w, https:\/\/bestpeanutmachine.com\/wp-content\/uploads\/2025\/09\/nut-slicer-machine-16x12.webp 16w\" sizes=\"auto, (max-width: 720px) 100vw, 720px\" \/><figcaption class=\"wp-element-caption\">m\u00e1quina fatiadora de frutos secos<\/figcaption><\/figure> <\/div>   <h2 class=\"wp-block-heading\"><strong>Princ\u00edpio de funcionamento e caracter\u00edsticas da estrutura da m\u00e1quina de fatiar badam<\/strong><\/h2>    <p>A fatiadora de caju funciona principalmente atrav\u00e9s de um sistema de alimenta\u00e7\u00e3o pneum\u00e1tico e das l\u00e2minas rotativas de corte. Todo o processo \u00e9 simples e eficiente: <\/p>    <p>Alimenta\u00e7\u00e3o de frutos secos\u2192Press\u00e3o pneum\u00e1tica\u2192Corte com l\u00e2mina\u2192Sa\u00edda do produto<\/p>    <ol class=\"wp-block-list\"> <li>O funil de alimenta\u00e7\u00e3o \u00e9 desenhado em forma c\u00f3nica, com uma abertura larga na parte superior e uma sa\u00edda estreita na parte inferior, permitindo o carregamento f\u00e1cil de grande quantidade de frutos secos enquanto garante que sejam guiados de maneira controlada e est\u00e1vel.<\/li>    <li>O sistema pneum\u00e1tico desta m\u00e1quina fatiadora de am\u00eandoas aplica press\u00e3o de ar uniforme para empurrar os materiais para a l\u00e2mina rotativa. Isto evita alimenta\u00e7\u00e3o desigual e garante um funcionamento suave.<\/li>    <li>A l\u00e2mina de corte \u00e9 feita de a\u00e7o de alta velocidade de qualidade superior, assegurando arestas de corte afiadas e longa vida \u00fatil. Isso permite \u00e0 m\u00e1quina cortar frutos secos duros como macad\u00e2mias e cajus suavemente sem deforma\u00e7\u00e3o.<\/li>    <li>A nossa sa\u00edda \u00e9 desenhada com uma abertura grande e superf\u00edcie lisa, o que assegura que as fatias de frutos secos saiam rapidamente sem entupir ou colar. Entretanto, o seu design de posi\u00e7\u00e3o baixa permite aos operadores colocar facilmente um tabuleiro, recipiente ou transportador sob a sa\u00edda, tornando a recolha r\u00e1pida e eficiente.<\/li> <\/ol>    <figure class=\"wp-block-gallery has-nested-images columns-default is-cropped wp-block-gallery-2 is-layout-flex wp-block-gallery-is-layout-flex\"> <figure class=\"wp-block-image size-large\"><img loading=\"lazy\" decoding=\"async\" width=\"720\" height=\"540\" data-id=\"439\" src=\"https:\/\/bestpeanutmachine.com\/wp-content\/uploads\/2025\/09\/discharge-port.webp\" alt=\"sa\u00edda da m\u00e1quina fatiadora de am\u00eandoas\" class=\"wp-image-439\" srcset=\"https:\/\/bestpeanutmachine.com\/wp-content\/uploads\/2025\/09\/discharge-port.webp 720w, https:\/\/bestpeanutmachine.com\/wp-content\/uploads\/2025\/09\/discharge-port-300x225.webp 300w, https:\/\/bestpeanutmachine.com\/wp-content\/uploads\/2025\/09\/discharge-port-16x12.webp 16w\" sizes=\"auto, (max-width: 720px) 100vw, 720px\" \/><figcaption class=\"wp-element-caption\">sa\u00edda da m\u00e1quina fatiadora de am\u00eandoas <\/figcaption><\/figure>    <figure class=\"wp-block-image size-large\"><img loading=\"lazy\" decoding=\"async\" width=\"720\" height=\"540\" data-id=\"440\" src=\"https:\/\/bestpeanutmachine.com\/wp-content\/uploads\/2025\/09\/processed-peanut-slice.webp\" alt=\"fatia de amendoim processada\" class=\"wp-image-440\" srcset=\"https:\/\/bestpeanutmachine.com\/wp-content\/uploads\/2025\/09\/processed-peanut-slice.webp 720w, https:\/\/bestpeanutmachine.com\/wp-content\/uploads\/2025\/09\/processed-peanut-slice-300x225.webp 300w, https:\/\/bestpeanutmachine.com\/wp-content\/uploads\/2025\/09\/processed-peanut-slice-16x12.webp 16w\" sizes=\"auto, (max-width: 720px) 100vw, 720px\" \/><figcaption class=\"wp-element-caption\">fatia de amendoim processada<\/figcaption><\/figure> <\/figure>    <h2 class=\"wp-block-heading\"><strong>Cashew slice cutting machine&#8217;s application<\/strong><\/h2>    <p class=\"translation-block\">A m\u00e1quina fatiadora de am\u00eandoas pode cortar facilmente macad\u00e2mia, am\u00eandoa, amendoim, frutos secos, pinh\u00f5es, nozes, etc., em fatias finas e uniformes. As fatias de <a href=\"https:\/\/en.wikipedia.org\/wiki\/Nut_(fruit)\" target=\"_blank\" rel=\"noopener\">frutos secos<\/a> processadas ser\u00e3o utilizadas para confe\u00e7\u00e3o de p\u00e3o ou bolachas, o que pode proporcionar aos produtos de padaria um sabor mais rico. Por isso, algumas pastelarias escolhem as m\u00e1quinas de fazer fatias de frutos secos para processar frutos secos frescos para sobremesas e pastelaria, para uma qualidade \u00f3tima.<\/p>    <p>Al\u00e9m disso, muitas f\u00e1bricas de processamento de alimentos de frutos secos tamb\u00e9m compram m\u00e1quinas de grande capacidade para realizar o processamento alimentar. Ap\u00f3s fatiar, secar e temperar, as fatias de frutos secos s\u00e3o embaladas e vendidas em supermercados ou lojas a retalho, tornando-se um popular alimento rico em prote\u00ednas na \u00e1rea de fast food.<\/p>    <figure class=\"wp-block-gallery has-nested-images columns-default is-cropped wp-block-gallery-3 is-layout-flex wp-block-gallery-is-layout-flex\"> <figure class=\"wp-block-image size-large\"><img loading=\"lazy\" decoding=\"async\" width=\"720\" height=\"540\" data-id=\"435\" src=\"https:\/\/bestpeanutmachine.com\/wp-content\/uploads\/2025\/09\/toasted-almond-slices-for-baking.webp\" alt=\"fatias de am\u00eandoa torrada para padaria\" class=\"wp-image-435\" srcset=\"https:\/\/bestpeanutmachine.com\/wp-content\/uploads\/2025\/09\/toasted-almond-slices-for-baking.webp 720w, https:\/\/bestpeanutmachine.com\/wp-content\/uploads\/2025\/09\/toasted-almond-slices-for-baking-300x225.webp 300w, https:\/\/bestpeanutmachine.com\/wp-content\/uploads\/2025\/09\/toasted-almond-slices-for-baking-16x12.webp 16w\" sizes=\"auto, (max-width: 720px) 100vw, 720px\" \/><figcaption class=\"wp-element-caption\">fatias de am\u00eandoa torrada para padaria<\/figcaption><\/figure>    <figure class=\"wp-block-image size-large\"><img loading=\"lazy\" decoding=\"async\" width=\"720\" height=\"540\" data-id=\"434\" src=\"https:\/\/bestpeanutmachine.com\/wp-content\/uploads\/2025\/09\/almond-slice-cake.webp\" alt=\"bolo de fatias de am\u00eandoa\" class=\"wp-image-434\" srcset=\"https:\/\/bestpeanutmachine.com\/wp-content\/uploads\/2025\/09\/almond-slice-cake.webp 720w, https:\/\/bestpeanutmachine.com\/wp-content\/uploads\/2025\/09\/almond-slice-cake-300x225.webp 300w, https:\/\/bestpeanutmachine.com\/wp-content\/uploads\/2025\/09\/almond-slice-cake-16x12.webp 16w\" sizes=\"auto, (max-width: 720px) 100vw, 720px\" \/><figcaption class=\"wp-element-caption\">bolo de fatias de am\u00eandoa<\/figcaption><\/figure> <\/figure>    <h2 class=\"wp-block-heading\"><strong>Precau\u00e7\u00f5es para a m\u00e1quina de corte de fatias de amendoim<\/strong><\/h2>    <ol class=\"wp-block-list\"> <li>Os frutos secos a fatiar devem conter uma certa quantidade de humidade. Se os n\u00facleos estiverem demasiado secos, devem ser embebidos e depois secados ao ar antes de fatiar. Se os n\u00facleos estiverem demasiado secos, as fatias partir-se-\u00e3o facilmente. <\/li>    <li>Os materiais devem ser cuidadosamente selecionados. Se contiverem detritos como areia e pedras, podem lascar a aresta da l\u00e2mina.<\/li>    <li>A press\u00e3o de funcionamento do cilindro da m\u00e1quina fatiadora de am\u00eandoas n\u00e3o deve ser definida muito alta. A press\u00e3o de ar ideal situa-se entre 0,3-0,4 MPa. Se for demasiado baixa, as fatias partir-se-\u00e3o e os produtos ficar\u00e3o incompletos. Se for demasiado alta, a l\u00e2mina vibrar\u00e1, resultando em espessura de fatia irregular.<\/li> <\/ol>    <h2 class=\"wp-block-heading\"><strong>Perguntas frequentes sobre a m\u00e1quina de fatiar frutos secos<\/strong><\/h2>   <div id=\"rank-math-faq\" class=\"rank-math-block\"> <div class=\"rank-math-list\"> <div id=\"faq-question-1758003177036\" class=\"rank-math-list-item\"> <h3 class=\"rank-math-question\">Como ajustar a espessura da fatia?<\/h3> <div class=\"rank-math-answer\">  <p>Instal\u00e1mos uma porca de bloqueio na m\u00e1quina. Pode rodar a alavanca no sentido hor\u00e1rio para aumentar a espessura final e vice-versa. A espessura aumenta ou diminui cerca de 1,5mm por rota\u00e7\u00e3o.<\/p>  <\/div> <\/div> <div id=\"faq-question-1758003429183\" class=\"rank-math-list-item\"> <h3 class=\"rank-math-question\">Posso processar outros materiais al\u00e9m de am\u00eandoas e amendoins?<\/h3> <div class=\"rank-math-answer\">  <p>Claro, quase todos os produtos de frutos secos podem ser processados com esta m\u00e1quina fatiadora de am\u00eandoas.<\/p>  <\/div> <\/div> <div id=\"faq-question-1758003595946\" class=\"rank-math-list-item\"> <h3 class=\"rank-math-question\">Posso usar frutos secos secos para fatiar?<\/h3> <div class=\"rank-math-answer\">  <p>N\u00e3o recomendamos fazer isto. \u00c9 melhor que o material tenha uma certa quantidade de humidade, o que n\u00e3o s\u00f3 tornar\u00e1 o produto acabado melhor, como tamb\u00e9m provocar\u00e1 menos desgaste na l\u00e2mina.<\/p>  <\/div> <\/div> <div id=\"faq-question-1758003733160\" class=\"rank-math-list-item\"> <h3 class=\"rank-math-question\">Qual \u00e9 o processo de compra do produto?<\/h3> <div class=\"rank-math-answer\">  <p>Se estiver interessado nos nossos produtos, pode contactar diretamente o nosso servi\u00e7o de atendimento ao cliente, e ele(a) ajudar\u00e1 a contactar as vendas para recomendar o tipo de m\u00e1quina que melhor atenda aos seus requisitos.<\/p>  <\/div> <\/div> <div id=\"faq-question-1758003862192\" class=\"rank-math-list-item\"> <h3 class=\"rank-math-question\">Qual \u00e9 o pre\u00e7o desta m\u00e1quina fatiadora de am\u00eandoas?<\/h3> <div class=\"rank-math-answer\">  <p>O pre\u00e7o m\u00e9dio desta m\u00e1quina \u00e9 de v\u00e1rios milhares de d\u00f3lares. Devido \u00e0 incerteza sobre os m\u00e9todos de envio e se existem requisitos personalizados, n\u00e3o h\u00e1 um pre\u00e7o espec\u00edfico.<\/p>  <\/div> <\/div> <\/div> <\/div>  <div class=\"wp-block-image\"> <figure class=\"aligncenter size-full\"><img loading=\"lazy\" decoding=\"async\" width=\"720\" height=\"540\" src=\"https:\/\/bestpeanutmachine.com\/wp-content\/uploads\/2025\/09\/almond-slicing-machine.webp\" alt=\"m\u00e1quina fatiadora de am\u00eandoas\" class=\"wp-image-441\" srcset=\"https:\/\/bestpeanutmachine.com\/wp-content\/uploads\/2025\/09\/almond-slicing-machine.webp 720w, https:\/\/bestpeanutmachine.com\/wp-content\/uploads\/2025\/09\/almond-slicing-machine-300x225.webp 300w, https:\/\/bestpeanutmachine.com\/wp-content\/uploads\/2025\/09\/almond-slicing-machine-16x12.webp 16w\" sizes=\"auto, (max-width: 720px) 100vw, 720px\" \/><figcaption class=\"wp-element-caption\">m\u00e1quina fatiadora de am\u00eandoas<\/figcaption><\/figure> <\/div>   <p>Se quiser consultar o pre\u00e7o espec\u00edfico, pode contactar o nosso servi\u00e7o de atendimento ao cliente. Eles fornecer\u00e3o uma lista de pre\u00e7os completa.<\/p>    <p>Outras m\u00e1quinas:<\/p>    <ul class=\"wp-block-list\"> <li><a href=\"https:\/\/bestpeanutmachine.com\/pt\/product\/peanut-powder-machine\/\">M\u00e1quina de P\u00f3 de Amendoim<\/a><\/li>    <li><a href=\"https:\/\/bestpeanutmachine.com\/pt\/product\/peanut-butter-grinder-machine\/\">M\u00e1quina de Moer Manteiga de Amendoim<\/a><\/li>    <li><a href=\"https:\/\/bestpeanutmachine.com\/pt\/product\/peanut-coating-machine\/\">M\u00e1quina de revestimento de amendoim<\/a><\/li> <\/ul>    <p><\/p>","protected":false},"excerpt":{"rendered":"<p>A m\u00e1quina fatiadora de am\u00eandoas \u00e9 um dos equipamentos mais \u00fateis que pode fatiar am\u00eandoas, amendoins, nozes e outros frutos secos em fatias finas, sendo utilizada por muitas f\u00e1bricas de processamento de frutos secos em todo o mundo.<\/p>","protected":false},"author":1,"featured_media":447,"parent":0,"template":"","tags":[77,11,78],"product-type":[76,6],"class_list":["post-432","product","type-product","status-publish","has-post-thumbnail","hentry","tag-almond","tag-peanut","tag-slice","product-type-other-nuts-machine","product-type-product"],"_links":{"self":[{"href":"https:\/\/bestpeanutmachine.com\/pt\/wp-json\/wp\/v2\/product\/432","targetHints":{"allow":["GET"]}}],"collection":[{"href":"https:\/\/bestpeanutmachine.com\/pt\/wp-json\/wp\/v2\/product"}],"about":[{"href":"https:\/\/bestpeanutmachine.com\/pt\/wp-json\/wp\/v2\/types\/product"}],"author":[{"embeddable":true,"href":"https:\/\/bestpeanutmachine.com\/pt\/wp-json\/wp\/v2\/users\/1"}],"wp:featuredmedia":[{"embeddable":true,"href":"https:\/\/bestpeanutmachine.com\/pt\/wp-json\/wp\/v2\/media\/447"}],"wp:attachment":[{"href":"https:\/\/bestpeanutmachine.com\/pt\/wp-json\/wp\/v2\/media?parent=432"}],"wp:term":[{"taxonomy":"post_tag","embeddable":true,"href":"https:\/\/bestpeanutmachine.com\/pt\/wp-json\/wp\/v2\/tags?post=432"},{"taxonomy":"product-type","embeddable":true,"href":"https:\/\/bestpeanutmachine.com\/pt\/wp-json\/wp\/v2\/product-type?post=432"}],"curies":[{"name":"wp","href":"https:\/\/api.w.org\/{rel}","templated":true}]}}