{"id":456,"date":"2025-09-26T16:59:59","date_gmt":"2025-09-26T08:59:59","guid":{"rendered":"https:\/\/bestpeanutmachine.com\/?post_type=product&#038;p=456"},"modified":"2025-10-11T09:10:02","modified_gmt":"2025-10-11T01:10:02","slug":"2t-cocoa-paste-production-line","status":"publish","type":"product","link":"https:\/\/bestpeanutmachine.com\/pt\/product\/2t-cocoa-paste-production-line\/","title":{"rendered":"Linha de Produ\u00e7\u00e3o de Pasta de Cacau de 2t"},"content":{"rendered":"<p class=\"translation-block\">A Taizy est\u00e1 agora dispon\u00edvel para produzir uma linha de produ\u00e7\u00e3o industrial de <strong>pasta de cacau<\/strong> para a f\u00e1brica de processamento de cacau de alta qualidade. Todo o processo inclui torra, descascamento, quebra, moagem e mistura.<\/p>    <p>A nossa linha de produ\u00e7\u00e3o \u00e9 feita de a\u00e7o inoxid\u00e1vel de alta qualidade e tem uma produ\u00e7\u00e3o de at\u00e9 2000 kg\/h. Se tiver requisitos elevados quanto \u00e0 qualidade da massa de cacau, a nossa linha de produ\u00e7\u00e3o pode produzir produtos com uma finura normal de 100-200 malhas.<\/p>    <p>Nossas m\u00e1quinas s\u00e3o exportadas para outras regi\u00f5es, incluindo a Europa do Norte, \u00c1sia e Am\u00e9rica do Norte. Algumas f\u00e1bricas de chocolate artesanal de alta qualidade costumam us\u00e1-la para processamento em larga escala de pasta de cacau. Se voc\u00ea tiver outros requisitos especiais, entre em contato conosco.<\/p>    <h2 class=\"wp-block-heading\"><strong>Destaques da linha de produ\u00e7\u00e3o de pasta de cacau totalmente autom\u00e1tica<\/strong><\/h2>    <ul class=\"wp-block-list\"> <li>A linha de produ\u00e7\u00e3o de pasta de cacau Taizy abrange todo o fluxo de processamento, incluindo alimenta\u00e7\u00e3o, torrefa\u00e7\u00e3o, descascamento, moagem, desgasifica\u00e7\u00e3o a v\u00e1cuo, mistura e armazenamento. Todo o processo \u00e9 totalmente automatizado com um centro de controle dedicado para f\u00e1cil opera\u00e7\u00e3o.<\/li>    <li>As m\u00e1quinas em nossa linha de produ\u00e7\u00e3o s\u00e3o constru\u00eddas em a\u00e7o inoxid\u00e1vel de grau aliment\u00edcio, oferecendo durabilidade e longa vida \u00fatil, permitindo processamento cont\u00ednuo e sa\u00edda est\u00e1vel. Nossas m\u00e1quinas possuem certifica\u00e7\u00f5es CE e SONCAP para garantir sua qualidade.<\/li>    <li>Nossa f\u00e1brica se especializou em tecnologia de moagem de nozes por d\u00e9cadas, e nossas m\u00e1quinas produzem uma pasta de cacau uniforme e fina com uma finura de at\u00e9 200 mesh. Se voc\u00ea tiver um n\u00edvel de qualidade mais alto, tamb\u00e9m pode entrar em contato conosco para obter suas solu\u00e7\u00f5es ideais de produ\u00e7\u00e3o.<\/li> <\/ul>    <h2 class=\"wp-block-heading\"><strong>M\u00e1quinas principais na linha de produ\u00e7\u00e3o de massa de cacau<\/strong><\/h2>    <p class=\"translation-block\">Nossa linha de produ\u00e7\u00e3o de pasta de cacau de 2t<strong> <\/strong>inclui m\u00e1quinas indispens\u00e1veis: silos de alimenta\u00e7\u00e3o de a\u00e7o inoxid\u00e1vel, elevadores, uma m\u00e1quina de torrefa\u00e7\u00e3o e resfriamento, moedores de gr\u00e3os de cacau, um homogeneizador, tanques de mistura, tanques de desgasifica\u00e7\u00e3o a v\u00e1cuo e tanques de armazenamento.<\/p>   <div class=\"wp-block-image\"> <figure class=\"aligncenter size-full\"><img loading=\"lazy\" decoding=\"async\" width=\"720\" height=\"540\" src=\"https:\/\/bestpeanutmachine.com\/wp-content\/uploads\/2025\/09\/cocoa-mass-production-line-diagram.webp\" alt=\"diagrama da linha de produ\u00e7\u00e3o de massa de cacau\" class=\"wp-image-492\" srcset=\"https:\/\/bestpeanutmachine.com\/wp-content\/uploads\/2025\/09\/cocoa-mass-production-line-diagram.webp 720w, https:\/\/bestpeanutmachine.com\/wp-content\/uploads\/2025\/09\/cocoa-mass-production-line-diagram-300x225.webp 300w, https:\/\/bestpeanutmachine.com\/wp-content\/uploads\/2025\/09\/cocoa-mass-production-line-diagram-16x12.webp 16w\" sizes=\"auto, (max-width: 720px) 100vw, 720px\" \/><figcaption class=\"wp-element-caption\">diagrama da linha de produ\u00e7\u00e3o de massa de cacau<\/figcaption><\/figure> <\/div>   <p>Aqui est\u00e3o algumas m\u00e1quinas-chave com uma introdu\u00e7\u00e3o detalhada:<\/p>    <h3 class=\"wp-block-heading\"><strong>1. M\u00e1quina de torrefa\u00e7\u00e3o e resfriamento<\/strong><\/h3>    <p>Este torrador \u00e9 um novo tipo de m\u00e1quina multifuncional de torrefa\u00e7\u00e3o (secagem) para cacau, gr\u00e3os, nozes, etc. A temperatura \u00e9 ajustada automaticamente com v\u00e1rias op\u00e7\u00f5es de fonte de calor, como el\u00e9trica, g\u00e1s e outros m\u00e9todos de aquecimento.<\/p>    <p>Seu princ\u00edpio de funcionamento \u00e9 usar o ventilador de circula\u00e7\u00e3o para trocar calor, realizar a secagem com forte fluxo de ar e melhorar a efici\u00eancia de secagem. Na parte traseira do equipamento, a zona de resfriamento \u00e9 configurada para alcan\u00e7ar um resfriamento r\u00e1pido.<\/p>    <figure class=\"wp-block-table\"><table class=\"has-fixed-layout\"><tbody><tr><td>Pot\u00eancia de transmiss\u00e3o<\/td><td class=\"has-text-align-center\" data-align=\"center\">80KW<\/td><\/tr><tr><td>Pot\u00eancia de aquecimento<\/td><td class=\"has-text-align-center\" data-align=\"center\">1150KW<\/td><\/tr><tr><td>Consumo de g\u00e1s<\/td><td class=\"has-text-align-center\" data-align=\"center\">100-120kg\/h<\/td><\/tr><tr><td>Espessura do material<\/td><td class=\"has-text-align-center\" data-align=\"center\">50-60mm<\/td><\/tr><tr><td>Capacidade do produto<\/td><td class=\"has-text-align-center\" data-align=\"center\">5t\/h<\/td><\/tr><tr><td>Dimens\u00f5es<\/td><td class=\"has-text-align-center\" data-align=\"center\">40000mm*3000mm*2600mm<\/td><\/tr><\/tbody><\/table><figcaption class=\"wp-element-caption\">especifica\u00e7\u00f5es da m\u00e1quina de torrefa\u00e7\u00e3o de cacau<\/figcaption><\/figure>    <figure class=\"wp-block-gallery has-nested-images columns-default is-cropped wp-block-gallery-2 is-layout-flex wp-block-gallery-is-layout-flex\"> <figure class=\"wp-block-image size-large\"><img loading=\"lazy\" decoding=\"async\" width=\"720\" height=\"540\" data-id=\"493\" src=\"https:\/\/bestpeanutmachine.com\/wp-content\/uploads\/2025\/09\/roasting-and-cooling-machine.webp\" alt=\"m\u00e1quina de torrefa\u00e7\u00e3o e resfriamento\" class=\"wp-image-493\" srcset=\"https:\/\/bestpeanutmachine.com\/wp-content\/uploads\/2025\/09\/roasting-and-cooling-machine.webp 720w, https:\/\/bestpeanutmachine.com\/wp-content\/uploads\/2025\/09\/roasting-and-cooling-machine-300x225.webp 300w, https:\/\/bestpeanutmachine.com\/wp-content\/uploads\/2025\/09\/roasting-and-cooling-machine-16x12.webp 16w\" sizes=\"auto, (max-width: 720px) 100vw, 720px\" \/><figcaption class=\"wp-element-caption\">m\u00e1quina de torrefa\u00e7\u00e3o e resfriamento<\/figcaption><\/figure>    <figure class=\"wp-block-image size-large\"><img loading=\"lazy\" decoding=\"async\" width=\"720\" height=\"540\" data-id=\"494\" src=\"https:\/\/bestpeanutmachine.com\/wp-content\/uploads\/2025\/09\/structure-of-roasting-machine.webp\" alt=\"estrutura da m\u00e1quina de torrefa\u00e7\u00e3o\" class=\"wp-image-494\" srcset=\"https:\/\/bestpeanutmachine.com\/wp-content\/uploads\/2025\/09\/structure-of-roasting-machine.webp 720w, https:\/\/bestpeanutmachine.com\/wp-content\/uploads\/2025\/09\/structure-of-roasting-machine-300x225.webp 300w, https:\/\/bestpeanutmachine.com\/wp-content\/uploads\/2025\/09\/structure-of-roasting-machine-16x12.webp 16w\" sizes=\"auto, (max-width: 720px) 100vw, 720px\" \/><figcaption class=\"wp-element-caption\">estrutura da m\u00e1quina de torrefa\u00e7\u00e3o<\/figcaption><\/figure> <\/figure>    <h3 class=\"wp-block-heading\"><strong>2. M\u00e1quina de descascamento de gr\u00e3os de cacau<\/strong><\/h3>    <p>Esta m\u00e1quina descascadora \u00e9 composta por um rolo descascador, um ventilador e uma parte de classifica\u00e7\u00e3o por gravidade. A parte de classifica\u00e7\u00e3o por gravidade \u00e9 equipada com tr\u00eas camadas de telas, que podem efetivamente filtrar e remover a casca, e a taxa de remo\u00e7\u00e3o pode atingir &gt;99%.<\/p>    <p>As peles residuais s\u00e3o depois recolhidas por um separador cicl\u00f3nico, que n\u00e3o s\u00f3 protege o ambiente de trabalho mas tamb\u00e9m garante materiais mais limpos.<\/p>    <figure class=\"wp-block-table\"><table class=\"has-fixed-layout\"><tbody><tr><td>Modelo<\/td><td class=\"has-text-align-center\" data-align=\"center\">HB-2<\/td><\/tr><tr><td>Capacidade<\/td><td class=\"has-text-align-center\" data-align=\"center\">1t\/h<\/td><\/tr><tr><td>Pot\u00eancia do motor<\/td><td class=\"has-text-align-center\" data-align=\"center\">4.4KW<\/td><\/tr><tr><td>Pot\u00eancia do ventilador<\/td><td class=\"has-text-align-center\" data-align=\"center\">2.2KW<\/td><\/tr><tr><td>Tens\u00e3o<\/td><td class=\"has-text-align-center\" data-align=\"center\">380V 50HZ<\/td><\/tr><tr><td>Taxa de remo\u00e7\u00e3o<\/td><td class=\"has-text-align-center\" data-align=\"center\">&gt;99%<\/td><\/tr><tr><td>Tamanho<\/td><td class=\"has-text-align-center\" data-align=\"center\">1900mm*1000mm*1400mm<\/td><\/tr><tr><td>Peso<\/td><td class=\"has-text-align-center\" data-align=\"center\">300kg<\/td><\/tr><\/tbody><\/table><figcaption class=\"wp-element-caption\">par\u00e2metros da m\u00e1quina de descascamento de gr\u00e3os de cacau<\/figcaption><\/figure>    <figure class=\"wp-block-gallery has-nested-images columns-default is-cropped wp-block-gallery-3 is-layout-flex wp-block-gallery-is-layout-flex\"> <figure class=\"wp-block-image size-large\"><img loading=\"lazy\" decoding=\"async\" width=\"720\" height=\"540\" data-id=\"495\" src=\"https:\/\/bestpeanutmachine.com\/wp-content\/uploads\/2025\/09\/cocoa-bean-peeling-machine.webp\" alt=\"m\u00e1quina de descascamento de gr\u00e3os de cacau\" class=\"wp-image-495\" srcset=\"https:\/\/bestpeanutmachine.com\/wp-content\/uploads\/2025\/09\/cocoa-bean-peeling-machine.webp 720w, https:\/\/bestpeanutmachine.com\/wp-content\/uploads\/2025\/09\/cocoa-bean-peeling-machine-300x225.webp 300w, https:\/\/bestpeanutmachine.com\/wp-content\/uploads\/2025\/09\/cocoa-bean-peeling-machine-16x12.webp 16w\" sizes=\"auto, (max-width: 720px) 100vw, 720px\" \/><figcaption class=\"wp-element-caption\">m\u00e1quina de descascamento de gr\u00e3os de cacau<\/figcaption><\/figure>    <figure class=\"wp-block-image size-large\"><img loading=\"lazy\" decoding=\"async\" width=\"720\" height=\"540\" data-id=\"496\" src=\"https:\/\/bestpeanutmachine.com\/wp-content\/uploads\/2025\/09\/interior-of-peeler-machine.webp\" alt=\"interior da m\u00e1quina descascadora\" class=\"wp-image-496\" srcset=\"https:\/\/bestpeanutmachine.com\/wp-content\/uploads\/2025\/09\/interior-of-peeler-machine.webp 720w, https:\/\/bestpeanutmachine.com\/wp-content\/uploads\/2025\/09\/interior-of-peeler-machine-300x225.webp 300w, https:\/\/bestpeanutmachine.com\/wp-content\/uploads\/2025\/09\/interior-of-peeler-machine-16x12.webp 16w\" sizes=\"auto, (max-width: 720px) 100vw, 720px\" \/><figcaption class=\"wp-element-caption\">interior da m\u00e1quina descascadora<\/figcaption><\/figure> <\/figure>    <h3 class=\"wp-block-heading\"><strong>3. Moedor de pasta de cacau<\/strong><\/h3>    <p class=\"translation-block\">A cabe\u00e7a de moagem da nossa <a href=\"https:\/\/bestpeanutmachine.com\/pt\/product\/peanut-butter-grinder-machine\/\">m\u00e1quina de moer<\/a> \u00e9 feita de a\u00e7o inoxid\u00e1vel 9Cr18, e a carca\u00e7a da m\u00e1quina \u00e9 de a\u00e7o inoxid\u00e1vel 201. A m\u00e1quina tem uma efici\u00eancia de trabalho muito alta e, para linhas de produ\u00e7\u00e3o grandes, geralmente pode atingir 3t-5t\/h.<\/p>    <figure class=\"wp-block-table\"><table class=\"has-fixed-layout\"><tbody><tr><td>Modelo<\/td><td class=\"has-text-align-center\" data-align=\"center\">TZ-220<\/td><\/tr><tr><td>Tens\u00e3o<\/td><td class=\"has-text-align-center\" data-align=\"center\">380V\/50HZ<\/td><\/tr><tr><td>Poder<\/td><td class=\"has-text-align-center\" data-align=\"center\">30KW<\/td><\/tr><tr><td>Capacidade<\/td><td class=\"has-text-align-center\" data-align=\"center\">600-900kg\/h<\/td><\/tr><tr><td>Peso<\/td><td class=\"has-text-align-center\" data-align=\"center\">580kg<\/td><\/tr><tr><td>Tamanho<\/td><td class=\"has-text-align-center\" data-align=\"center\">1080mm*600mm*1350mm<\/td><\/tr><\/tbody><\/table><figcaption class=\"wp-element-caption\">especifica\u00e7\u00f5es da m\u00e1quina de moagem de cacau<\/figcaption><\/figure>    <figure class=\"wp-block-gallery has-nested-images columns-default is-cropped wp-block-gallery-4 is-layout-flex wp-block-gallery-is-layout-flex\"> <figure class=\"wp-block-image size-large\"><img loading=\"lazy\" decoding=\"async\" width=\"720\" height=\"540\" data-id=\"497\" src=\"https:\/\/bestpeanutmachine.com\/wp-content\/uploads\/2025\/09\/cocoa-paste-grinder.webp\" alt=\"moedor de pasta de cacau\" class=\"wp-image-497\" srcset=\"https:\/\/bestpeanutmachine.com\/wp-content\/uploads\/2025\/09\/cocoa-paste-grinder.webp 720w, https:\/\/bestpeanutmachine.com\/wp-content\/uploads\/2025\/09\/cocoa-paste-grinder-300x225.webp 300w, https:\/\/bestpeanutmachine.com\/wp-content\/uploads\/2025\/09\/cocoa-paste-grinder-16x12.webp 16w\" sizes=\"auto, (max-width: 720px) 100vw, 720px\" \/><figcaption class=\"wp-element-caption\">moedor de pasta de cacau<\/figcaption><\/figure>    <figure class=\"wp-block-image size-large\"><img loading=\"lazy\" decoding=\"async\" width=\"720\" height=\"540\" data-id=\"498\" src=\"https:\/\/bestpeanutmachine.com\/wp-content\/uploads\/2025\/09\/cocoa-mass-grinder.webp\" alt=\"moedor de massa de cacau\" class=\"wp-image-498\" srcset=\"https:\/\/bestpeanutmachine.com\/wp-content\/uploads\/2025\/09\/cocoa-mass-grinder.webp 720w, https:\/\/bestpeanutmachine.com\/wp-content\/uploads\/2025\/09\/cocoa-mass-grinder-300x225.webp 300w, https:\/\/bestpeanutmachine.com\/wp-content\/uploads\/2025\/09\/cocoa-mass-grinder-16x12.webp 16w\" sizes=\"auto, (max-width: 720px) 100vw, 720px\" \/><figcaption class=\"wp-element-caption\">moedor de massa de cacau<\/figcaption><\/figure> <\/figure>    <h3 class=\"wp-block-heading\"><strong>4. Homogeneizador de massa de cacau<\/strong><\/h3>    <p>O homogeneizador de pasta de cacau pode fragmentar completamente as part\u00edculas na pasta de cacau e dispers\u00e1-las uniformemente, tornando o sabor do produto mais delicado e suave, e at\u00e9 melhorando a cor e o brilho.<\/p>    <p>Al\u00e9m disso, o processo de homogeneiza\u00e7\u00e3o mant\u00e9m a manteiga de cacau e as part\u00edculas bem misturadas, evitando separa\u00e7\u00e3o ou sedimenta\u00e7\u00e3o, o que ajuda os produtos a manterem-se frescos por mais tempo.<\/p>    <figure class=\"wp-block-table\"><table class=\"has-fixed-layout\"><tbody><tr><td>Modelo<\/td><td class=\"has-text-align-center\" data-align=\"center\">JJ-2\/80<\/td><\/tr><tr><td>Poder<\/td><td class=\"has-text-align-center\" data-align=\"center\">37KW 380V<\/td><\/tr><tr><td>Fluxo nominal<\/td><td class=\"has-text-align-center\" data-align=\"center\">2000L\/h<\/td><\/tr><tr><td>Tens\u00e3o nominal<\/td><td class=\"has-text-align-center\" data-align=\"center\">80Mpa<\/td><\/tr><tr><td>Usando tens\u00e3o <\/td><td class=\"has-text-align-center\" data-align=\"center\">65Mpa<\/td><\/tr><tr><td>Tamanho<\/td><td class=\"has-text-align-center\" data-align=\"center\">1350mm*1200mm*1520mm<\/td><\/tr><\/tbody><\/table><figcaption class=\"wp-element-caption\">par\u00e2metros do homogeneizador de massa de cacau<\/figcaption><\/figure>    <figure class=\"wp-block-gallery has-nested-images columns-default is-cropped wp-block-gallery-5 is-layout-flex wp-block-gallery-is-layout-flex\"> <figure class=\"wp-block-image size-large\"><img loading=\"lazy\" decoding=\"async\" width=\"720\" height=\"540\" data-id=\"499\" src=\"https:\/\/bestpeanutmachine.com\/wp-content\/uploads\/2025\/09\/cocoa-mass-homogenizer.webp\" alt=\"homogeneizador de massa de cacau\" class=\"wp-image-499\" srcset=\"https:\/\/bestpeanutmachine.com\/wp-content\/uploads\/2025\/09\/cocoa-mass-homogenizer.webp 720w, https:\/\/bestpeanutmachine.com\/wp-content\/uploads\/2025\/09\/cocoa-mass-homogenizer-300x225.webp 300w, https:\/\/bestpeanutmachine.com\/wp-content\/uploads\/2025\/09\/cocoa-mass-homogenizer-16x12.webp 16w\" sizes=\"auto, (max-width: 720px) 100vw, 720px\" \/><figcaption class=\"wp-element-caption\">homogeneizador de massa de cacau<\/figcaption><\/figure>    <figure class=\"wp-block-image size-large\"><img loading=\"lazy\" decoding=\"async\" width=\"720\" height=\"540\" data-id=\"500\" src=\"https:\/\/bestpeanutmachine.com\/wp-content\/uploads\/2025\/09\/cocoa-paste-homogenizer.webp\" alt=\"homogeneizador de pasta de cacau\" class=\"wp-image-500\" srcset=\"https:\/\/bestpeanutmachine.com\/wp-content\/uploads\/2025\/09\/cocoa-paste-homogenizer.webp 720w, https:\/\/bestpeanutmachine.com\/wp-content\/uploads\/2025\/09\/cocoa-paste-homogenizer-300x225.webp 300w, https:\/\/bestpeanutmachine.com\/wp-content\/uploads\/2025\/09\/cocoa-paste-homogenizer-16x12.webp 16w\" sizes=\"auto, (max-width: 720px) 100vw, 720px\" \/><figcaption class=\"wp-element-caption\">homogeneizador de pasta de cacau<\/figcaption><\/figure> <\/figure>    <h2 class=\"wp-block-heading\"><strong>Todo o processo de produ\u00e7\u00e3o de pasta de cacau<\/strong><\/h2>    <p>O processo completo de produ\u00e7\u00e3o de pasta de cacau \u00e9: torrefa\u00e7\u00e3o\u2192resfriamento\u2192descascamento\u2192moagem\u2192homogeneiza\u00e7\u00e3o\u2192mistura\u2192armazenamento. Se precisar de servi\u00e7os adicionais, como uma linha de enchimento de pasta de cacau ou descascamento de frutos de cacau, fornecemos as m\u00e1quinas relevantes.<\/p>    <p>Nota: Durante a mistura, diferentes mat\u00e9rias-primas podem ser adicionadas e misturadas, que \u00e9 a etapa chave na produ\u00e7\u00e3o de diferentes tipos de pasta de cacau ou pasta de chocolate.<\/p>   <div class=\"wp-block-image\"> <figure class=\"aligncenter size-full\"><img loading=\"lazy\" decoding=\"async\" width=\"720\" height=\"540\" src=\"https:\/\/bestpeanutmachine.com\/wp-content\/uploads\/2025\/09\/cocoa-mass-making-machine.webp\" alt=\"m\u00e1quina de fazer massa de cacau\" class=\"wp-image-503\" srcset=\"https:\/\/bestpeanutmachine.com\/wp-content\/uploads\/2025\/09\/cocoa-mass-making-machine.webp 720w, https:\/\/bestpeanutmachine.com\/wp-content\/uploads\/2025\/09\/cocoa-mass-making-machine-300x225.webp 300w, https:\/\/bestpeanutmachine.com\/wp-content\/uploads\/2025\/09\/cocoa-mass-making-machine-16x12.webp 16w\" sizes=\"auto, (max-width: 720px) 100vw, 720px\" \/><figcaption class=\"wp-element-caption\">m\u00e1quina de fazer massa de cacau<\/figcaption><\/figure> <\/div>   <h2 class=\"wp-block-heading\"><strong>Aplica\u00e7\u00f5es da linha de produ\u00e7\u00e3o de licor de cacau<\/strong><\/h2>    <p>Esta linha de produ\u00e7\u00e3o de pasta de cacau \u00e9 amplamente utilizada na ind\u00fastria de processamento de cacau e chocolate, garantindo um fornecimento est\u00e1vel de grandes quantidades de licor de cacau fino e uniforme para f\u00e1bricas de chocolate.<\/p>    <p>Al\u00e9m disso, o licor de cacau produzido pode tamb\u00e9m ser usado para produzir manteiga de cacau e cacau em p\u00f3. A massa de cacau pode ser prensada numa prensa de \u00f3leo para separar manteiga de cacau e bolo de cacau, que \u00e9 a base para fazer cacau em p\u00f3.<\/p>    <p>Esses produtos acabados t\u00eam um amplo mercado em todo o mundo e fornecem suporte de mat\u00e9rias-primas para uma ampla gama de ind\u00fastrias, como confeitaria, panifica\u00e7\u00e3o, bebidas, latic\u00ednios, cosm\u00e9ticos e farmac\u00eauticos.<\/p>    <figure class=\"wp-block-gallery has-nested-images columns-default is-cropped wp-block-gallery-6 is-layout-flex wp-block-gallery-is-layout-flex\"> <figure class=\"wp-block-image size-full\"><img loading=\"lazy\" decoding=\"async\" width=\"720\" height=\"540\" data-id=\"502\" src=\"https:\/\/bestpeanutmachine.com\/wp-content\/uploads\/2025\/09\/chocolate-food.webp\" alt=\"comida de chocolate\" class=\"wp-image-502\" srcset=\"https:\/\/bestpeanutmachine.com\/wp-content\/uploads\/2025\/09\/chocolate-food.webp 720w, https:\/\/bestpeanutmachine.com\/wp-content\/uploads\/2025\/09\/chocolate-food-300x225.webp 300w, https:\/\/bestpeanutmachine.com\/wp-content\/uploads\/2025\/09\/chocolate-food-16x12.webp 16w\" sizes=\"auto, (max-width: 720px) 100vw, 720px\" \/><figcaption class=\"wp-element-caption\">comida de chocolate<\/figcaption><\/figure>    <figure class=\"wp-block-image size-large\"><img loading=\"lazy\" decoding=\"async\" width=\"720\" height=\"540\" data-id=\"501\" src=\"https:\/\/bestpeanutmachine.com\/wp-content\/uploads\/2025\/09\/cocoa-powder.webp\" alt=\"p\u00f3 de cacau\" class=\"wp-image-501\" srcset=\"https:\/\/bestpeanutmachine.com\/wp-content\/uploads\/2025\/09\/cocoa-powder.webp 720w, https:\/\/bestpeanutmachine.com\/wp-content\/uploads\/2025\/09\/cocoa-powder-300x225.webp 300w, https:\/\/bestpeanutmachine.com\/wp-content\/uploads\/2025\/09\/cocoa-powder-16x12.webp 16w\" sizes=\"auto, (max-width: 720px) 100vw, 720px\" \/><figcaption class=\"wp-element-caption\"><a href=\"https:\/\/en.wikipedia.org\/wiki\/Cocoa_solids\" target=\"_blank\" rel=\"noopener\">p\u00f3 de cacau<\/a><\/figcaption><\/figure> <\/figure>    <h2 class=\"wp-block-heading\"><strong>Caso de sucesso do projeto da linha de produ\u00e7\u00e3o de pasta de cacau<\/strong><\/h2>    <p>Um cliente da Turquia estava procurando uma linha de produ\u00e7\u00e3o de massa de cacau totalmente autom\u00e1tica para atualizar sua f\u00e1brica de chocolate e confeitaria. Devido \u00e0 grande demanda de produ\u00e7\u00e3o e altas exig\u00eancias para a m\u00e1quina, fornecemos esta linha de produ\u00e7\u00e3o de 2t\/h.<\/p>    <p>O plano inicial n\u00e3o foi tranquilo. Nosso cliente questionou se nossa linha de produ\u00e7\u00e3o poderia atender aos seus requisitos de finura, ent\u00e3o ele quis adicionar uma m\u00e1quina de triagem para inspe\u00e7\u00e3o de qualidade. Ap\u00f3s uma rodada de testes, descobrimos que a finura pode atender aos requisitos de produ\u00e7\u00e3o, mas a m\u00e1quina de triagem realmente afetou a efici\u00eancia de produ\u00e7\u00e3o.<\/p>    <p>Ap\u00f3s v\u00e1rias revis\u00f5es ao plano, o nosso cliente finalmente determinou o investimento no equipamento principal.<\/p>    <figure class=\"wp-block-table\"><table class=\"has-fixed-layout\"><tbody><tr><td>M\u00e1quina<\/td><td class=\"has-text-align-center\" data-align=\"center\">Poder<\/td><td class=\"has-text-align-center\" data-align=\"center\">Quantidade<\/td><\/tr><tr><td>Elevador<\/td><td class=\"has-text-align-center\" data-align=\"center\">0,75 kW<\/td><td class=\"has-text-align-center\" data-align=\"center\">3<\/td><\/tr><tr><td>Tostador<\/td><td class=\"has-text-align-center\" data-align=\"center\">\/<\/td><td class=\"has-text-align-center\" data-align=\"center\">1<\/td><\/tr><tr><td>peneira de descarte<\/td><td class=\"has-text-align-center\" data-align=\"center\">1,1 kW<\/td><td class=\"has-text-align-center\" data-align=\"center\">1<\/td><\/tr><tr><td>Descascador de nozes<\/td><td class=\"has-text-align-center\" data-align=\"center\">4.4kw<\/td><td class=\"has-text-align-center\" data-align=\"center\">2<\/td><\/tr><tr><td>Coletor de p\u00f3<\/td><td class=\"has-text-align-center\" data-align=\"center\">\/<\/td><td class=\"has-text-align-center\" data-align=\"center\">1<\/td><\/tr><tr><td>Transportador de correia<\/td><td class=\"has-text-align-center\" data-align=\"center\">0.37kw<\/td><td class=\"has-text-align-center\" data-align=\"center\">1<\/td><\/tr><tr><td>Bin de armazenamento<\/td><td class=\"has-text-align-center\" data-align=\"center\">24kw+100kw<\/td><td class=\"has-text-align-center\" data-align=\"center\">3<\/td><\/tr><tr><td>Moedor de nozes<\/td><td class=\"has-text-align-center\" data-align=\"center\">30kw<\/td><td class=\"has-text-align-center\" data-align=\"center\">6<\/td><\/tr><tr><td>Tanque de armazenamento<\/td><td class=\"has-text-align-center\" data-align=\"center\">\/<\/td><td class=\"has-text-align-center\" data-align=\"center\">1<\/td><\/tr><tr><td>Bomba rotor<\/td><td class=\"has-text-align-center\" data-align=\"center\">4kw + 7.5kw<\/td><td class=\"has-text-align-center\" data-align=\"center\">4<\/td><\/tr><tr><td>Tanque de mistura<\/td><td class=\"has-text-align-center\" data-align=\"center\">7.5 + 24kw<\/td><td class=\"has-text-align-center\" data-align=\"center\">3<\/td><\/tr><tr><td>Tanque a v\u00e1cuo<\/td><td class=\"has-text-align-center\" data-align=\"center\">10 + 24kw<\/td><td class=\"has-text-align-center\" data-align=\"center\">1<\/td><\/tr><\/tbody><\/table><figcaption class=\"wp-element-caption\">lista final de m\u00e1quinas da linha de produ\u00e7\u00e3o de pasta de cacau<\/figcaption><\/figure>    <p>Agora, esta linha de produ\u00e7\u00e3o est\u00e1 em funcionamento h\u00e1 meio ano, e nossos clientes nos deram um bom retorno. Eles est\u00e3o planejando adicionar mais algumas m\u00e1quinas de embalagem para melhorar as capacidades gerais de automa\u00e7\u00e3o da f\u00e1brica.<\/p>    <p>A Taizy \u00e9 uma fabricante profissional de m\u00e1quinas e linhas de produ\u00e7\u00e3o para processamento de nozes. N\u00f3s projetaremos a solu\u00e7\u00e3o mais adequada para sua empresa. Se voc\u00ea tiver algum requisito e quiser fazer outras perguntas, entre em contato conosco. <\/p>    <p><\/p>","protected":false},"excerpt":{"rendered":"<p>A Taizy fornece uma linha de produ\u00e7\u00e3o de pasta de cacau de 2t\/h para f\u00e1brica de processamento de alimentos de cacau. Inclui torrefa\u00e7\u00e3o, descascamento, moagem desde o gr\u00e3o de cacau at\u00e9 \u00e0 massa de cacau. Tamb\u00e9m personalizaremos as solu\u00e7\u00f5es mais adequadas para o seu neg\u00f3cio e requisitos.<\/p>","protected":false},"author":1,"featured_media":491,"parent":0,"template":"","tags":[80,79],"product-type":[60],"class_list":["post-456","product","type-product","status-publish","has-post-thumbnail","hentry","tag-cocoa","tag-cocoa-paste","product-type-production-line"],"_links":{"self":[{"href":"https:\/\/bestpeanutmachine.com\/pt\/wp-json\/wp\/v2\/product\/456","targetHints":{"allow":["GET"]}}],"collection":[{"href":"https:\/\/bestpeanutmachine.com\/pt\/wp-json\/wp\/v2\/product"}],"about":[{"href":"https:\/\/bestpeanutmachine.com\/pt\/wp-json\/wp\/v2\/types\/product"}],"author":[{"embeddable":true,"href":"https:\/\/bestpeanutmachine.com\/pt\/wp-json\/wp\/v2\/users\/1"}],"wp:featuredmedia":[{"embeddable":true,"href":"https:\/\/bestpeanutmachine.com\/pt\/wp-json\/wp\/v2\/media\/491"}],"wp:attachment":[{"href":"https:\/\/bestpeanutmachine.com\/pt\/wp-json\/wp\/v2\/media?parent=456"}],"wp:term":[{"taxonomy":"post_tag","embeddable":true,"href":"https:\/\/bestpeanutmachine.com\/pt\/wp-json\/wp\/v2\/tags?post=456"},{"taxonomy":"product-type","embeddable":true,"href":"https:\/\/bestpeanutmachine.com\/pt\/wp-json\/wp\/v2\/product-type?post=456"}],"curies":[{"name":"wp","href":"https:\/\/api.w.org\/{rel}","templated":true}]}}