{"id":514,"date":"2025-10-09T16:18:03","date_gmt":"2025-10-09T08:18:03","guid":{"rendered":"https:\/\/bestpeanutmachine.com\/?post_type=product&#038;p=514"},"modified":"2025-10-09T16:18:03","modified_gmt":"2025-10-09T08:18:03","slug":"cocoa-bean-peeling-machine","status":"publish","type":"product","link":"https:\/\/bestpeanutmachine.com\/pt\/product\/cocoa-bean-peeling-machine\/","title":{"rendered":"M\u00e1quina de descascamento de gr\u00e3os de cacau"},"content":{"rendered":"<p class=\"translation-block\">A Taizy <strong>m\u00e1quina de descascamento de gr\u00e3os de cacau<\/strong> \u00e9 utilizada para descascar gr\u00e3os de cacau torrados. O seu produto final s\u00e3o nibs de cacau claros sem pele. Esta m\u00e1quina tem uma taxa de descascamento muito elevada, atingindo at\u00e9 99%, com uma faixa de produ\u00e7\u00e3o de 50 a 1000kg\/h.<\/p>    <p>A nossa m\u00e1quina de descascamento de gr\u00e3os de cacau \u00e9 principalmente feita de a\u00e7o inoxid\u00e1vel, tornando-a uma m\u00e1quina indispens\u00e1vel para plantas de processamento de cacau e f\u00e1bricas de chocolate. Ghana, Peru, Indon\u00e9sia e muitas outras f\u00e1bricas de processamento de gr\u00e3os de cacau cooperaram connosco.<\/p>    <h2 class=\"wp-block-heading\"><strong>Destaques da m\u00e1quina de descascamento de gr\u00e3os de cacau<\/strong><\/h2>    <ol class=\"wp-block-list\"> <li>A produ\u00e7\u00e3o da nossa m\u00e1quina descascadora de gr\u00e3os de cacau varia de 50 a 1000kg\/h devido aos seus v\u00e1rios modelos. Assim, pode ser aplicada a todas as situa\u00e7\u00f5es, n\u00e3o apenas em pequenas f\u00e1bricas, mas tamb\u00e9m em linhas de produ\u00e7\u00e3o cont\u00ednuas de pasta de cacau em grande escala.<\/li>    <li>A sua taxa de remo\u00e7\u00e3o \u00e9 t\u00e3o alta quanto 99%. Alguns modelos adicionaram uma fun\u00e7\u00e3o de cribagem, que pode reduzir o teor de nibs na pele para evitar o desperd\u00edcio de produtos finais.<\/li>    <li>As cubas superior e inferior, o Inv\u00f3lucro da m\u00e1quina, rolos e outras pe\u00e7as em contacto com o material s\u00e3o todos feitos de a\u00e7o inox de alta qualidade, assegurando uso a longo prazo.<\/li>    <li> As nossas m\u00e1quinas possuem certifica\u00e7\u00e3o CE e outras certificates internacionais de exporta\u00e7\u00e3o. As m\u00e1quinas de descascamento de gr\u00e3os de cacau fabricadas pela nossa f\u00e1brica s\u00e3o rigorosamente controladas na qualidade e com pre\u00e7os transparentes. <\/li> <\/ol>   <div class=\"wp-block-image\"> <figure class=\"aligncenter size-full\"><img loading=\"lazy\" decoding=\"async\" width=\"720\" height=\"540\" src=\"https:\/\/bestpeanutmachine.com\/wp-content\/uploads\/2025\/10\/automatic-cocoa-bean-peeler-machine.webp\" alt=\"m\u00e1quina autom\u00e1tica de descascamento de gr\u00e3os de cacau\" class=\"wp-image-525\" srcset=\"https:\/\/bestpeanutmachine.com\/wp-content\/uploads\/2025\/10\/automatic-cocoa-bean-peeler-machine.webp 720w, https:\/\/bestpeanutmachine.com\/wp-content\/uploads\/2025\/10\/automatic-cocoa-bean-peeler-machine-300x225.webp 300w, https:\/\/bestpeanutmachine.com\/wp-content\/uploads\/2025\/10\/automatic-cocoa-bean-peeler-machine-16x12.webp 16w\" sizes=\"auto, (max-width: 720px) 100vw, 720px\" \/><figcaption class=\"wp-element-caption\">m\u00e1quina autom\u00e1tica de descascamento de gr\u00e3os de cacau<\/figcaption><\/figure> <\/div>   <h2 class=\"wp-block-heading\"><strong>Estrutura da m\u00e1quina de debulhar gr\u00e3os de cacau<\/strong><\/h2>    <p>A m\u00e1quina descascadora de gr\u00e3os de cacau Taizy consiste principalmente num funil de alimenta\u00e7\u00e3o, num dispositivo de rachamento com rolos, num sistema de separa\u00e7\u00e3o de ar, num coletor cicl\u00f3nico, num sistema de sa\u00edda e num motor e controlo.<\/p>    <p>Ao mesmo tempo, \u00e0 medida que a nossa equipa t\u00e9cnica continua a pesquisar e atualizar a m\u00e1quina de debulhar cacau, o novo tipo inclui um dispositivo de cribagem especial, que pode tornar o produto mais limpo.<\/p>    <figure class=\"wp-block-gallery has-nested-images columns-default is-cropped wp-block-gallery-2 is-layout-flex wp-block-gallery-is-layout-flex\"> <figure class=\"wp-block-image size-large\"><img loading=\"lazy\" decoding=\"async\" width=\"720\" height=\"540\" data-id=\"531\" src=\"https:\/\/bestpeanutmachine.com\/wp-content\/uploads\/2025\/10\/winnowing-cocoa-beans-machine.webp\" alt=\"maquina de debulhar gr\u00e3os de cacau\" class=\"wp-image-531\" srcset=\"https:\/\/bestpeanutmachine.com\/wp-content\/uploads\/2025\/10\/winnowing-cocoa-beans-machine.webp 720w, https:\/\/bestpeanutmachine.com\/wp-content\/uploads\/2025\/10\/winnowing-cocoa-beans-machine-300x225.webp 300w, https:\/\/bestpeanutmachine.com\/wp-content\/uploads\/2025\/10\/winnowing-cocoa-beans-machine-16x12.webp 16w\" sizes=\"auto, (max-width: 720px) 100vw, 720px\" \/><figcaption class=\"wp-element-caption\">maquina de debulhar gr\u00e3os de cacau<\/figcaption><\/figure>    <figure class=\"wp-block-image size-large\"><img loading=\"lazy\" decoding=\"async\" width=\"720\" height=\"540\" data-id=\"527\" src=\"https:\/\/bestpeanutmachine.com\/wp-content\/uploads\/2025\/10\/feeding-hopper.webp\" alt=\"funil de alimenta\u00e7\u00e3o da m\u00e1quina de descascamento de gr\u00e3os de cacau\" class=\"wp-image-527\" srcset=\"https:\/\/bestpeanutmachine.com\/wp-content\/uploads\/2025\/10\/feeding-hopper.webp 720w, https:\/\/bestpeanutmachine.com\/wp-content\/uploads\/2025\/10\/feeding-hopper-300x225.webp 300w, https:\/\/bestpeanutmachine.com\/wp-content\/uploads\/2025\/10\/feeding-hopper-16x12.webp 16w\" sizes=\"auto, (max-width: 720px) 100vw, 720px\" \/><figcaption class=\"wp-element-caption\">funil de alimenta\u00e7\u00e3o<\/figcaption><\/figure>    <figure class=\"wp-block-image size-large\"><img loading=\"lazy\" decoding=\"async\" width=\"720\" height=\"540\" data-id=\"529\" src=\"https:\/\/bestpeanutmachine.com\/wp-content\/uploads\/2025\/10\/roller-device.webp\" alt=\"dispositivo de rolos da m\u00e1quina de descascamento de gr\u00e3os de cacau\" class=\"wp-image-529\" srcset=\"https:\/\/bestpeanutmachine.com\/wp-content\/uploads\/2025\/10\/roller-device.webp 720w, https:\/\/bestpeanutmachine.com\/wp-content\/uploads\/2025\/10\/roller-device-300x225.webp 300w, https:\/\/bestpeanutmachine.com\/wp-content\/uploads\/2025\/10\/roller-device-16x12.webp 16w\" sizes=\"auto, (max-width: 720px) 100vw, 720px\" \/><figcaption class=\"wp-element-caption\">dispositivo de rolos<\/figcaption><\/figure>    <figure class=\"wp-block-image size-large\"><img loading=\"lazy\" decoding=\"async\" width=\"720\" height=\"540\" data-id=\"530\" src=\"https:\/\/bestpeanutmachine.com\/wp-content\/uploads\/2025\/10\/vibrating-screen.webp\" alt=\"tela vibrat\u00f3ria da m\u00e1quina de descascamento de gr\u00e3os de cacau\" class=\"wp-image-530\" srcset=\"https:\/\/bestpeanutmachine.com\/wp-content\/uploads\/2025\/10\/vibrating-screen.webp 720w, https:\/\/bestpeanutmachine.com\/wp-content\/uploads\/2025\/10\/vibrating-screen-300x225.webp 300w, https:\/\/bestpeanutmachine.com\/wp-content\/uploads\/2025\/10\/vibrating-screen-16x12.webp 16w\" sizes=\"auto, (max-width: 720px) 100vw, 720px\" \/><figcaption class=\"wp-element-caption\">tela vibrat\u00f3ria<\/figcaption><\/figure>    <figure class=\"wp-block-image size-large\"><img loading=\"lazy\" decoding=\"async\" width=\"720\" height=\"540\" data-id=\"532\" src=\"https:\/\/bestpeanutmachine.com\/wp-content\/uploads\/2025\/10\/fans-and-pipes.webp\" alt=\"ventiladores e tubos da m\u00e1quina de descascamento de gr\u00e3os de cacau\" class=\"wp-image-532\" srcset=\"https:\/\/bestpeanutmachine.com\/wp-content\/uploads\/2025\/10\/fans-and-pipes.webp 720w, https:\/\/bestpeanutmachine.com\/wp-content\/uploads\/2025\/10\/fans-and-pipes-300x225.webp 300w, https:\/\/bestpeanutmachine.com\/wp-content\/uploads\/2025\/10\/fans-and-pipes-16x12.webp 16w\" sizes=\"auto, (max-width: 720px) 100vw, 720px\" \/><figcaption class=\"wp-element-caption\">ventiladores e tubos<\/figcaption><\/figure>    <figure class=\"wp-block-image size-large\"><img loading=\"lazy\" decoding=\"async\" width=\"720\" height=\"540\" data-id=\"528\" src=\"https:\/\/bestpeanutmachine.com\/wp-content\/uploads\/2025\/10\/outlet.webp\" alt=\"sa\u00edda da m\u00e1quina de descascamento de gr\u00e3os de cacau\" class=\"wp-image-528\" srcset=\"https:\/\/bestpeanutmachine.com\/wp-content\/uploads\/2025\/10\/outlet.webp 720w, https:\/\/bestpeanutmachine.com\/wp-content\/uploads\/2025\/10\/outlet-300x225.webp 300w, https:\/\/bestpeanutmachine.com\/wp-content\/uploads\/2025\/10\/outlet-16x12.webp 16w\" sizes=\"auto, (max-width: 720px) 100vw, 720px\" \/><figcaption class=\"wp-element-caption\">sa\u00edda<\/figcaption><\/figure> <\/figure>    <h2 class=\"wp-block-heading\"><strong>Princ\u00edpio de funcionamento da m\u00e1quina de descascamento de gr\u00e3os de cacau<\/strong><\/h2>    <p>O princ\u00edpio de funcionamento da nossa m\u00e1quina de debulhar cacau \u00e9 simples, mas altamente eficiente.<\/p>    <ul class=\"wp-block-list\"> <li>Primeiro, os gr\u00e3os de cacau s\u00e3o introduzidos de forma uniforme no funil. Se a m\u00e1quina de descascamento de gr\u00e3os de cacau estiver numa linha de produ\u00e7\u00e3o, o funil liga-se ao elevador.<\/li>    <li>Em seguida, os gr\u00e3os s\u00e3o descascados pela a\u00e7\u00e3o de rolos de descascamento que rodam e geram atrito, soltando e separando a pele.<\/li>    <li>Depois disso, a mistura cai sobre uma tela vibrat\u00f3ria, que classifica o material em diferentes partes com base no seu peso.<\/li>    <li>Ao mesmo tempo, os ventiladores utilizam o fluxo de ar para enviar as cascas de cacau separadas para um coletor cicl\u00f3nico para armazenamento.<\/li>    <li>Por fim, os nibs de cacau limpos s\u00e3o descarregados atrav\u00e9s da sa\u00edda. <\/li> <\/ul>    <h2 class=\"wp-block-heading\"><strong>3 Tipos de m\u00e1quina descascadora de gr\u00e3os de cacau Taizy<\/strong><\/h2>    <h3 class=\"wp-block-heading\"><strong>Tipo 1: M\u00e1quina de descascamento e esmagamento de gr\u00e3os de cacau<\/strong><\/h3>    <p>Este tipo tem uma capacidade pequena, variando entre 50-200kg\/h. Pode ser personalizado com coletor de p\u00f3 e equipamento de roda, adequados para pequenas f\u00e1bricas com or\u00e7amentos limitados que apenas desejam processar cacau de forma simples.<\/p>    <figure class=\"wp-block-table\"><table class=\"has-fixed-layout\"><tbody><tr><td>Modelo<\/td><td class=\"has-text-align-center\" data-align=\"center\">TZ-1<\/td><td class=\"has-text-align-center\" data-align=\"center\">TZ-2<\/td><\/tr><tr><td>Capacidade<\/td><td class=\"has-text-align-center\" data-align=\"center\">50-100kg\/h<\/td><td class=\"has-text-align-center\" data-align=\"center\">200kg\/hora<\/td><\/tr><tr><td>Tens\u00e3o<\/td><td class=\"has-text-align-center\" data-align=\"center\">380V50HZ<\/td><td class=\"has-text-align-center\" data-align=\"center\">380V<\/td><\/tr><tr><td>Pot\u00eancia da m\u00e1quina<\/td><td class=\"has-text-align-center\" data-align=\"center\">0,4KW<\/td><td class=\"has-text-align-center\" data-align=\"center\">0,75KW<\/td><\/tr><tr><td>Pot\u00eancia do ciclone<\/td><td class=\"has-text-align-center\" data-align=\"center\">0,37KW<\/td><td class=\"has-text-align-center\" data-align=\"center\">0,55KW<\/td><\/tr><tr><td>Tamanho<\/td><td class=\"has-text-align-center\" data-align=\"center\">1000mm*1000mm*1300mm<\/td><td class=\"has-text-align-center\" data-align=\"center\">1200mm*1100mm*1200mm<\/td><\/tr><tr><td>Taxa de descascamento<\/td><td class=\"has-text-align-center\" data-align=\"center\">&gt;98%<\/td><td class=\"has-text-align-center\" data-align=\"center\">&gt;98%<\/td><\/tr><\/tbody><\/table><figcaption class=\"wp-element-caption\">especifica\u00e7\u00e3o da m\u00e1quina de descascamento e esmagamento de gr\u00e3os de cacau<\/figcaption><\/figure>    <figure class=\"wp-block-gallery has-nested-images columns-default is-cropped wp-block-gallery-3 is-layout-flex wp-block-gallery-is-layout-flex\"> <figure class=\"wp-block-image size-large\"><img loading=\"lazy\" decoding=\"async\" width=\"720\" height=\"540\" data-id=\"516\" src=\"https:\/\/bestpeanutmachine.com\/wp-content\/uploads\/2025\/10\/cocoa-bean-peeler-and-cracker.webp\" alt=\"descascador e esmagador de gr\u00e3os de cacau\" class=\"wp-image-516\" srcset=\"https:\/\/bestpeanutmachine.com\/wp-content\/uploads\/2025\/10\/cocoa-bean-peeler-and-cracker.webp 720w, https:\/\/bestpeanutmachine.com\/wp-content\/uploads\/2025\/10\/cocoa-bean-peeler-and-cracker-300x225.webp 300w, https:\/\/bestpeanutmachine.com\/wp-content\/uploads\/2025\/10\/cocoa-bean-peeler-and-cracker-16x12.webp 16w\" sizes=\"auto, (max-width: 720px) 100vw, 720px\" \/><figcaption class=\"wp-element-caption\">descascador e esmagador de gr\u00e3os de cacau<\/figcaption><\/figure>    <figure class=\"wp-block-image size-large\"><img loading=\"lazy\" decoding=\"async\" width=\"720\" height=\"540\" data-id=\"517\" src=\"https:\/\/bestpeanutmachine.com\/wp-content\/uploads\/2025\/10\/cocoa-bean-peeling-and-cracking-machine.webp\" alt=\"m\u00e1quina de descascamento e esmagamento de gr\u00e3os de cacau\" class=\"wp-image-517\" srcset=\"https:\/\/bestpeanutmachine.com\/wp-content\/uploads\/2025\/10\/cocoa-bean-peeling-and-cracking-machine.webp 720w, https:\/\/bestpeanutmachine.com\/wp-content\/uploads\/2025\/10\/cocoa-bean-peeling-and-cracking-machine-300x225.webp 300w, https:\/\/bestpeanutmachine.com\/wp-content\/uploads\/2025\/10\/cocoa-bean-peeling-and-cracking-machine-16x12.webp 16w\" sizes=\"auto, (max-width: 720px) 100vw, 720px\" \/><figcaption class=\"wp-element-caption\">m\u00e1quina de descascamento e esmagamento de gr\u00e3os de cacau<\/figcaption><\/figure> <\/figure>    <h3 class=\"wp-block-heading\"><strong>Tipo 2: Separador de nibs de gr\u00e3o de cacau<\/strong><\/h3>    <p>Esta m\u00e1quina de descascamento de gr\u00e3os de cacau est\u00e1 equipada com uma tela vibrat\u00f3ria de tr\u00eas camadas, que pode ajustar a velocidade do vento e o tamanho do espa\u00e7o de descascamento para separar completamente a pele e o caro\u00e7o. \u00c9 normalmente utilizada na linha de produ\u00e7\u00e3o.<\/p>    <figure class=\"wp-block-table\"><table class=\"has-fixed-layout\"><tbody><tr><td>Modelo<\/td><td class=\"has-text-align-center\" data-align=\"center\">Kt-1<\/td><td class=\"has-text-align-center\" data-align=\"center\">Kt-2<\/td><td class=\"has-text-align-center\" data-align=\"center\">Kt-3<\/td><\/tr><tr><td>Capacidade<\/td><td class=\"has-text-align-center\" data-align=\"center\">100kg\/h<\/td><td class=\"has-text-align-center\" data-align=\"center\">300 kg\/h<\/td><td class=\"has-text-align-center\" data-align=\"center\">400-500kg\/h<\/td><\/tr><tr><td>Tens\u00e3o<\/td><td class=\"has-text-align-center\" data-align=\"center\">380V<\/td><td class=\"has-text-align-center\" data-align=\"center\">380V<\/td><td class=\"has-text-align-center\" data-align=\"center\">380V<\/td><\/tr><tr><td>Pot\u00eancia da m\u00e1quina<\/td><td class=\"has-text-align-center\" data-align=\"center\">0,75KW<\/td><td class=\"has-text-align-center\" data-align=\"center\">0,75KW<\/td><td class=\"has-text-align-center\" data-align=\"center\">1,1KW<\/td><\/tr><tr><td>Pot\u00eancia do ciclone<\/td><td class=\"has-text-align-center\" data-align=\"center\">1,1KW<\/td><td class=\"has-text-align-center\" data-align=\"center\">1.5KW<\/td><td class=\"has-text-align-center\" data-align=\"center\">2.2KW<\/td><\/tr><tr><td>Pot\u00eancia da tela vibrat\u00f3ria<\/td><td class=\"has-text-align-center\" data-align=\"center\">0,18KW<\/td><td class=\"has-text-align-center\" data-align=\"center\">0,18KW<\/td><td class=\"has-text-align-center\" data-align=\"center\">0,18KW<\/td><\/tr><tr><td>Taxa de descascamento<\/td><td class=\"has-text-align-center\" data-align=\"center\">\uff1e 99%<\/td><td class=\"has-text-align-center\" data-align=\"center\">\uff1e 99%<\/td><td class=\"has-text-align-center\" data-align=\"center\">\uff1e 99%<\/td><\/tr><tr><td>Tamanho<\/td><td class=\"has-text-align-center\" data-align=\"center\">1400mm*600mm*1300mm<\/td><td class=\"has-text-align-center\" data-align=\"center\">1600mm*700mm*1400mm<\/td><td class=\"has-text-align-center\" data-align=\"center\">1600mm*1000mm*1400mm<\/td><\/tr><tr><td>Peso<\/td><td class=\"has-text-align-center\" data-align=\"center\">150kg<\/td><td class=\"has-text-align-center\" data-align=\"center\">200kg<\/td><td class=\"has-text-align-center\" data-align=\"center\">280kg<\/td><\/tr><\/tbody><\/table><figcaption class=\"wp-element-caption\">par\u00e2metros detalhados do separador de nibs de cacau<\/figcaption><\/figure>    <figure class=\"wp-block-gallery has-nested-images columns-default is-cropped wp-block-gallery-4 is-layout-flex wp-block-gallery-is-layout-flex\"> <figure class=\"wp-block-image size-large\"><img loading=\"lazy\" decoding=\"async\" width=\"720\" height=\"540\" data-id=\"518\" src=\"https:\/\/bestpeanutmachine.com\/wp-content\/uploads\/2025\/10\/cocoa-bean-nibs-separating-machine.webp\" alt=\"m\u00e1quina de separa\u00e7\u00e3o de nibs de cacau\" class=\"wp-image-518\" srcset=\"https:\/\/bestpeanutmachine.com\/wp-content\/uploads\/2025\/10\/cocoa-bean-nibs-separating-machine.webp 720w, https:\/\/bestpeanutmachine.com\/wp-content\/uploads\/2025\/10\/cocoa-bean-nibs-separating-machine-300x225.webp 300w, https:\/\/bestpeanutmachine.com\/wp-content\/uploads\/2025\/10\/cocoa-bean-nibs-separating-machine-16x12.webp 16w\" sizes=\"auto, (max-width: 720px) 100vw, 720px\" \/><figcaption class=\"wp-element-caption\">m\u00e1quina de separa\u00e7\u00e3o de nibs de cacau<\/figcaption><\/figure>    <figure class=\"wp-block-image size-large\"><img loading=\"lazy\" decoding=\"async\" width=\"720\" height=\"540\" data-id=\"519\" src=\"https:\/\/bestpeanutmachine.com\/wp-content\/uploads\/2025\/10\/cocoa-bean-nibs-separator.webp\" alt=\"separador de nibs de gr\u00e3o de cacau\" class=\"wp-image-519\" srcset=\"https:\/\/bestpeanutmachine.com\/wp-content\/uploads\/2025\/10\/cocoa-bean-nibs-separator.webp 720w, https:\/\/bestpeanutmachine.com\/wp-content\/uploads\/2025\/10\/cocoa-bean-nibs-separator-300x225.webp 300w, https:\/\/bestpeanutmachine.com\/wp-content\/uploads\/2025\/10\/cocoa-bean-nibs-separator-16x12.webp 16w\" sizes=\"auto, (max-width: 720px) 100vw, 720px\" \/><figcaption class=\"wp-element-caption\">separador de nibs de gr\u00e3o de cacau<\/figcaption><\/figure> <\/figure>    <h3 class=\"wp-block-heading\"><strong>Tipo 3: M\u00e1quina de debulhar gr\u00e3os de cacau<\/strong><\/h3>    <p>Este tipo de m\u00e1quina de descascamento de gr\u00e3os de cacau tem apenas uma camada de malha, mas est\u00e1 equipada com um tubo de v\u00e1cuo e um dispositivo de armazenamento de recolha com ciclone. Tem a maior capacidade de produ\u00e7\u00e3o, que pode alcan\u00e7ar 1000kg\/h.<\/p>    <figure class=\"wp-block-table\"><table class=\"has-fixed-layout\"><tbody><tr><td>Modelo<\/td><td class=\"has-text-align-center\" data-align=\"center\">HB-2<\/td><\/tr><tr><td>Capacidade<\/td><td class=\"has-text-align-center\" data-align=\"center\">1000kg\/h<\/td><\/tr><tr><td>Tens\u00e3o<\/td><td class=\"has-text-align-center\" data-align=\"center\">4.4KW<\/td><\/tr><tr><td>Pot\u00eancia da m\u00e1quina<\/td><td class=\"has-text-align-center\" data-align=\"center\">2.2KW<\/td><\/tr><tr><td>Pot\u00eancia do ciclone<\/td><td class=\"has-text-align-center\" data-align=\"center\">380V50Hz<\/td><\/tr><tr><td>Tamanho<\/td><td class=\"has-text-align-center\" data-align=\"center\">1900mm*1000mm*1400mm<\/td><\/tr><tr><td>Peso<\/td><td class=\"has-text-align-center\" data-align=\"center\">300kg<\/td><\/tr><\/tbody><\/table><figcaption class=\"wp-element-caption\">Par\u00e2metros da m\u00e1quina de debulhar cacau<\/figcaption><\/figure>    <figure class=\"wp-block-gallery has-nested-images columns-default is-cropped wp-block-gallery-5 is-layout-flex wp-block-gallery-is-layout-flex\"> <figure class=\"wp-block-image size-large\"><img loading=\"lazy\" decoding=\"async\" width=\"720\" height=\"540\" data-id=\"520\" src=\"https:\/\/bestpeanutmachine.com\/wp-content\/uploads\/2025\/10\/cocoa-bean-winnower-machine.webp\" alt=\"m\u00e1quina de debulhar cacau\" class=\"wp-image-520\" srcset=\"https:\/\/bestpeanutmachine.com\/wp-content\/uploads\/2025\/10\/cocoa-bean-winnower-machine.webp 720w, https:\/\/bestpeanutmachine.com\/wp-content\/uploads\/2025\/10\/cocoa-bean-winnower-machine-300x225.webp 300w, https:\/\/bestpeanutmachine.com\/wp-content\/uploads\/2025\/10\/cocoa-bean-winnower-machine-16x12.webp 16w\" sizes=\"auto, (max-width: 720px) 100vw, 720px\" \/><figcaption class=\"wp-element-caption\">m\u00e1quina de debulhar cacau<\/figcaption><\/figure>    <figure class=\"wp-block-image size-large\"><img loading=\"lazy\" decoding=\"async\" width=\"720\" height=\"540\" data-id=\"521\" src=\"https:\/\/bestpeanutmachine.com\/wp-content\/uploads\/2025\/10\/cocoa-bean-winnowing-machine.webp\" alt=\"m\u00e1quina de debulhar cacau\" class=\"wp-image-521\" srcset=\"https:\/\/bestpeanutmachine.com\/wp-content\/uploads\/2025\/10\/cocoa-bean-winnowing-machine.webp 720w, https:\/\/bestpeanutmachine.com\/wp-content\/uploads\/2025\/10\/cocoa-bean-winnowing-machine-300x225.webp 300w, https:\/\/bestpeanutmachine.com\/wp-content\/uploads\/2025\/10\/cocoa-bean-winnowing-machine-16x12.webp 16w\" sizes=\"auto, (max-width: 720px) 100vw, 720px\" \/><figcaption class=\"wp-element-caption\">m\u00e1quina de debulhar cacau<\/figcaption><\/figure> <\/figure>    <p>Se n\u00e3o souber qual tipo \u00e9 mais adequado para o seu neg\u00f3cio, ser\u00e1 \u00f3timo consultar-nos. Temos uma equipa profissional, que pode dar-lhe o melhor conselho.<\/p>    <h2 class=\"wp-block-heading\"><strong>Aplica\u00e7\u00e3o da m\u00e1quina de descascamento de gr\u00e3os de cacau<\/strong><\/h2>    <p class=\"translation-block\">A m\u00e1quina de descascamento de gr\u00e3os de cacau \u00e9 amplamente utilizada nas ind\u00fastrias de cacau e chocolatiere. Pode remover de forma eficaz cascas de gr\u00e3os de cacau torrados ou secos, produzindo nibs de cacau limpos para o processamento seguinte. Estes nibs s\u00e3o a mat\u00e9ria-prima para a <a href=\"https:\/\/en.wikipedia.org\/wiki\/Chocolate_liquor\" target=\"_blank\" rel=\"noopener\">massa de cacau<\/a>, cacau em p\u00f3 e produtos de chocolate.<\/p>    <p>Assim, este tipo de m\u00e1quina \u00e9 adequado para f\u00e1bricas de alimentos, linhas de produ\u00e7\u00e3o de chocolate, moinhos de cacau em p\u00f3, e at\u00e9 pequenas e m\u00e9dias f\u00e1bricas de processamento em \u00e1reas de produ\u00e7\u00e3o de gr\u00e3os de cacau para ajudar as ind\u00fastrias a melhorar a qualidade do produto, reduzir o trabalho manual e aumentar a capacidade de produ\u00e7\u00e3o.<\/p>    <figure class=\"wp-block-gallery has-nested-images columns-default is-cropped wp-block-gallery-6 is-layout-flex wp-block-gallery-is-layout-flex\"> <figure class=\"wp-block-image size-large\"><img loading=\"lazy\" decoding=\"async\" width=\"720\" height=\"540\" data-id=\"522\" src=\"https:\/\/bestpeanutmachine.com\/wp-content\/uploads\/2025\/10\/chocolate-food-processing-factory.webp\" alt=\"f\u00e1brica de processamento de chocolate\" class=\"wp-image-522\" srcset=\"https:\/\/bestpeanutmachine.com\/wp-content\/uploads\/2025\/10\/chocolate-food-processing-factory.webp 720w, https:\/\/bestpeanutmachine.com\/wp-content\/uploads\/2025\/10\/chocolate-food-processing-factory-300x225.webp 300w, https:\/\/bestpeanutmachine.com\/wp-content\/uploads\/2025\/10\/chocolate-food-processing-factory-16x12.webp 16w\" sizes=\"auto, (max-width: 720px) 100vw, 720px\" \/><figcaption class=\"wp-element-caption\">f\u00e1brica de processamento de chocolate<\/figcaption><\/figure>    <figure class=\"wp-block-image size-large\"><img loading=\"lazy\" decoding=\"async\" width=\"720\" height=\"540\" data-id=\"523\" src=\"https:\/\/bestpeanutmachine.com\/wp-content\/uploads\/2025\/10\/cocoa-bean-origin-factory.webp\" alt=\"f\u00e1brica de origem do gr\u00e3o de cacau\" class=\"wp-image-523\" srcset=\"https:\/\/bestpeanutmachine.com\/wp-content\/uploads\/2025\/10\/cocoa-bean-origin-factory.webp 720w, https:\/\/bestpeanutmachine.com\/wp-content\/uploads\/2025\/10\/cocoa-bean-origin-factory-300x225.webp 300w, https:\/\/bestpeanutmachine.com\/wp-content\/uploads\/2025\/10\/cocoa-bean-origin-factory-16x12.webp 16w\" sizes=\"auto, (max-width: 720px) 100vw, 720px\" \/><figcaption class=\"wp-element-caption\">f\u00e1brica de origem do gr\u00e3o de cacau<\/figcaption><\/figure> <\/figure>    <p>Se estiver interessado nesta m\u00e1quina de descascamento de gr\u00e3os de cacau, contacte-nos.<\/p>    <p class=\"translation-block\">Tamb\u00e9m fornecemos a linha de produ\u00e7\u00e3o de massa de cacau e outros tipos de m\u00e1quinas de processamento de nozes. Se quiser saber mais, clique aqui para obter: <a href=\"https:\/\/bestpeanutmachine.com\/pt\/product\/2t-cocoa-paste-production-line\/\">Linha de Produ\u00e7\u00e3o de Pasta de Cacau de 2t<\/a>.<\/p>","protected":false},"excerpt":{"rendered":"<p>Como uma m\u00e1quina necess\u00e1ria em todas as f\u00e1bricas de produ\u00e7\u00e3o de cacau, a m\u00e1quina de descascamento de gr\u00e3os de cacau pode efectivamente rachar os gr\u00e3os de cacau assados ou secos e separar as cascas e as nibs com a taxa de &gt;99% e uma capacidade de 50-1000kg\/h.<\/p>","protected":false},"author":1,"featured_media":515,"parent":0,"template":"","tags":[80,81],"product-type":[76,6],"class_list":["post-514","product","type-product","status-publish","has-post-thumbnail","hentry","tag-cocoa","tag-cocoa-bean","product-type-other-nuts-machine","product-type-product"],"_links":{"self":[{"href":"https:\/\/bestpeanutmachine.com\/pt\/wp-json\/wp\/v2\/product\/514","targetHints":{"allow":["GET"]}}],"collection":[{"href":"https:\/\/bestpeanutmachine.com\/pt\/wp-json\/wp\/v2\/product"}],"about":[{"href":"https:\/\/bestpeanutmachine.com\/pt\/wp-json\/wp\/v2\/types\/product"}],"author":[{"embeddable":true,"href":"https:\/\/bestpeanutmachine.com\/pt\/wp-json\/wp\/v2\/users\/1"}],"wp:featuredmedia":[{"embeddable":true,"href":"https:\/\/bestpeanutmachine.com\/pt\/wp-json\/wp\/v2\/media\/515"}],"wp:attachment":[{"href":"https:\/\/bestpeanutmachine.com\/pt\/wp-json\/wp\/v2\/media?parent=514"}],"wp:term":[{"taxonomy":"post_tag","embeddable":true,"href":"https:\/\/bestpeanutmachine.com\/pt\/wp-json\/wp\/v2\/tags?post=514"},{"taxonomy":"product-type","embeddable":true,"href":"https:\/\/bestpeanutmachine.com\/pt\/wp-json\/wp\/v2\/product-type?post=514"}],"curies":[{"name":"wp","href":"https:\/\/api.w.org\/{rel}","templated":true}]}}