{"id":53,"date":"2022-08-26T07:10:37","date_gmt":"2022-08-25T23:10:37","guid":{"rendered":"https:\/\/bestpeanutmachine.com\/?post_type=product&#038;p=53"},"modified":"2026-03-31T10:19:42","modified_gmt":"2026-03-31T02:19:42","slug":"peanut-butter-production-line","status":"publish","type":"product","link":"https:\/\/bestpeanutmachine.com\/pt\/product\/peanut-butter-production-line\/","title":{"rendered":"Linha de Produ\u00e7\u00e3o de Manteiga de Amendoim 300 kg\/h"},"content":{"rendered":"<p class=\"translation-block\">A <strong>linha de produ\u00e7\u00e3o de manteiga de amendoim Taizy<\/strong> \u00e9 uma s\u00e9rie de equipamentos usados para fazer manteiga de amendoim, englobando o processo completo de torra, sele\u00e7\u00e3o, arrefecimento, descascamento, moagem, mistura, desgasifica\u00e7\u00e3o e enchimento. A sua capacidade de produ\u00e7\u00e3o pode atingir 300kg\/h.<\/p>    <p>Todas as nossas m\u00e1quinas s\u00e3o feitas em a\u00e7o inoxid\u00e1vel de grau aliment\u00edcio, o que as torna dur\u00e1veis e com desempenho excelente. Al\u00e9m disso, a linha de processamento de manteiga de amendoim apresenta as caracter\u00edsticas de alta automatiza\u00e7\u00e3o, opera\u00e7\u00e3o f\u00e1cil e excelente efici\u00eancia. <\/p>    <p>Se n\u00e3o tiver a certeza se a linha de produ\u00e7\u00e3o \u00e9 adequada para a sua f\u00e1brica, entre em contacto connosco. A Taizy ficar\u00e1 contente em lhe fornecer a solu\u00e7\u00e3o mais adequada e rent\u00e1vel.<\/p>    <figure class=\"wp-block-embed aligncenter is-type-video is-provider-youtube wp-block-embed-youtube wp-embed-aspect-16-9 wp-has-aspect-ratio\"><div class=\"wp-block-embed__wrapper\"> <iframe loading=\"lazy\" title=\"\ud83e\udd5c300kg\/h Linha de Produ\u00e7\u00e3o de Manteiga de Amendoim - Teste de Funcionamento | Demonstra\u00e7\u00e3o de Todo o Processo e da M\u00e1quina de Enchimento\uff01\" width=\"500\" height=\"281\" src=\"https:\/\/www.youtube.com\/embed\/ZE7tNtGVjuc?feature=oembed\" frameborder=\"0\" allow=\"accelerometer; autoplay; clipboard-write; encrypted-media; gyroscope; picture-in-picture; web-share\" referrerpolicy=\"strict-origin-when-cross-origin\" allowfullscreen><\/iframe> <\/div><figcaption class=\"wp-element-caption\">Video de teste da linha de produ\u00e7\u00e3o de manteiga de amendoim 300kg\/h<\/figcaption><\/figure>    <h2 class=\"wp-block-heading\" id=\"h-features-of-taizy-peanut-butter-production-line\"><strong>Caracter\u00edsticas da linha de produ\u00e7\u00e3o de manteiga de amendoim da Taizy<\/strong><\/h2>    <ul class=\"wp-block-list\"> <li>A linha de produ\u00e7\u00e3o de manteiga de amendoim utiliza tecnologia internacional avan\u00e7ada, e \u00e9 composta por um elevador de alimenta\u00e7\u00e3o, torrador de amendoim, transportador, m\u00e1quina de arrefecimento, m\u00e1quina de descascamento, m\u00e1quina de fazer manteiga de amendoim, bomba de manteiga e m\u00e1quina de enchimento.<\/li>    <li>A linha de produ\u00e7\u00e3o pode produzir at\u00e9 300kg\/h, e a manteiga de amendoim final \u00e9 delicada. Todo o processo de produ\u00e7\u00e3o \u00e9 feito em a\u00e7o inoxid\u00e1vel de grau aliment\u00edcio, o que n\u00e3o s\u00f3 assegura a vida \u00fatil das m\u00e1quinas, mas tamb\u00e9m atende aos padr\u00f5es internacionais de seguran\u00e7a alimentar.<\/li>    <li>Nossas solu\u00e7\u00f5es de problemas da linha de produ\u00e7\u00e3o s\u00e3o muito flex\u00edveis. Temos t\u00e9cnicos profissionais que podem fornecer-lhe o plano de produ\u00e7\u00e3o mais adequado. Se tiver outros requisitos, tamb\u00e9m podemos personalizar as suas exig\u00eancias exclusivas.<\/li> <\/ul>   <div class=\"wp-block-image\"> <figure class=\"aligncenter size-full\"><img loading=\"lazy\" decoding=\"async\" width=\"720\" height=\"540\" src=\"https:\/\/bestpeanutmachine.com\/wp-content\/uploads\/2022\/08\/peanut-butter-making-production-line.webp\" alt=\"linha de produ\u00e7\u00e3o de manteiga de amendoim\" class=\"wp-image-471\" srcset=\"https:\/\/bestpeanutmachine.com\/wp-content\/uploads\/2022\/08\/peanut-butter-making-production-line.webp 720w, https:\/\/bestpeanutmachine.com\/wp-content\/uploads\/2022\/08\/peanut-butter-making-production-line-300x225.webp 300w, https:\/\/bestpeanutmachine.com\/wp-content\/uploads\/2022\/08\/peanut-butter-making-production-line-16x12.webp 16w\" sizes=\"auto, (max-width: 720px) 100vw, 720px\" \/><figcaption class=\"wp-element-caption\">linha de produ\u00e7\u00e3o de manteiga de amendoim<\/figcaption><\/figure> <\/div>   <h2 class=\"wp-block-heading\" id=\"h-what-is-the-production-process-of-peanut-butter\"><strong>Qual \u00e9 o processo de produ\u00e7\u00e3o da manteiga de amendoim?<\/strong><\/h2>    <p>Esta linha de produ\u00e7\u00e3o de manteiga de amendoim consiste em um elevador, uma m\u00e1quina de torrar amendoim, uma m\u00e1quina de resfriamento, uma m\u00e1quina de descascar amendoim, uma m\u00e1quina de moer amendoim, um tanque de mistura, um tanque de v\u00e1cuo, um tanque de armazenamento e uma m\u00e1quina de encher manteiga de amendoim. Cada m\u00e1quina tem suas fun\u00e7\u00f5es importantes.<\/p>    <p>O processo completo de produ\u00e7\u00e3o da linha Taizy para manteiga de amendoim \u00e9 o seguinte:<\/p>    <p class=\"translation-block\"><strong>Torra de amendoim cru \u2192 sele\u00e7\u00e3o \u2192 descascamento \u2192 arrefecimento \u2192 moagem \u2192 mistura \u2192 desgaseifica\u00e7\u00e3o \u2192 enchimento de manteiga de amendoim.<\/strong><\/p>    <figure class=\"wp-block-image size-full\"><img loading=\"lazy\" decoding=\"async\" width=\"720\" height=\"540\" src=\"https:\/\/bestpeanutmachine.com\/wp-content\/uploads\/2022\/08\/complete-peanut-butter-production-line.jpg\" alt=\"linha completa de produ\u00e7\u00e3o de manteiga de amendoim\" class=\"wp-image-58\" srcset=\"https:\/\/bestpeanutmachine.com\/wp-content\/uploads\/2022\/08\/complete-peanut-butter-production-line.jpg 720w, https:\/\/bestpeanutmachine.com\/wp-content\/uploads\/2022\/08\/complete-peanut-butter-production-line-300x225.jpg 300w\" sizes=\"auto, (max-width: 720px) 100vw, 720px\" \/><figcaption class=\"wp-element-caption\">linha completa de produ\u00e7\u00e3o de manteiga de amendoim<\/figcaption><\/figure>    <h2 class=\"wp-block-heading\" id=\"h-technical-data-of-peanut-butter-making-line\"><strong>Technical data and main machines&#8217; functions of this peanut butter making line<\/strong><\/h2>    <p>Aqui est\u00e3o os par\u00e2metros simples das principais m\u00e1quinas da linha de produ\u00e7\u00e3o e as suas fun\u00e7\u00f5es detalhadas durante o processo de manteiga de amendoim.<\/p>    <figure class=\"wp-block-table\"><table><tbody><tr><td>Nome<\/td><td>Capacidade (kg\/h)<\/td><td>Tamanho<\/td><td>Poder<\/td><\/tr><tr><td>Torrador de amendoim<\/td><td>200kg\/hora<\/td><td>1800*2200*1700mm<\/td><td>2,2 kW<\/td><\/tr><tr><td>Cinto de entrega<\/td><td>200kg\/hora<\/td><td>5000*900*850mm<\/td><td>1,1 kW<\/td><\/tr><tr><td>M\u00e1quina de descascar amendoim<\/td><td>200kg\/hora<\/td><td>1900*800*1400mm<\/td><td>1,85 kW<\/td><\/tr><tr><td>M\u00e1quina de manteiga de amendoim<\/td><td>200kg\/hora<\/td><td>1100*750*1300mm<\/td><td>29,5 kW<\/td><\/tr><tr><td>Bomba de pasta<\/td><td>50kg\/h*3<\/td><td>1500*250*250mm<\/td><td>1,5 kW<\/td><\/tr><tr><td>M\u00e1quina de resfriamento de amendoim<\/td><td>200kg\/hora<\/td><td>1000*1000*1700mm<\/td><td>2,2 kW<\/td><\/tr><tr><td>M\u00e1quina de enchimento de amendoim<\/td><td>100-400 latas\/h<\/td><td>400*400*1400mm<\/td><td>1,1 kW<\/td><\/tr><\/tbody><\/table><figcaption class=\"wp-element-caption\">par\u00e2metros das principais m\u00e1quinas da linha de produ\u00e7\u00e3o de manteiga de amendoim<\/figcaption><\/figure>    <h3 class=\"wp-block-heading\"><strong>Torrador de amendoim<\/strong><\/h3>    <div class=\"wp-block-media-text is-stacked-on-mobile\"><figure class=\"wp-block-media-text__media\"><img loading=\"lazy\" decoding=\"async\" width=\"720\" height=\"540\" src=\"https:\/\/bestpeanutmachine.com\/wp-content\/uploads\/2022\/08\/peanut-roaster.webp\" alt=\"torrador de amendoim na linha de produ\u00e7\u00e3o de manteiga de amendoim\" class=\"wp-image-461 size-full\" srcset=\"https:\/\/bestpeanutmachine.com\/wp-content\/uploads\/2022\/08\/peanut-roaster.webp 720w, https:\/\/bestpeanutmachine.com\/wp-content\/uploads\/2022\/08\/peanut-roaster-300x225.webp 300w, https:\/\/bestpeanutmachine.com\/wp-content\/uploads\/2022\/08\/peanut-roaster-16x12.webp 16w\" sizes=\"auto, (max-width: 720px) 100vw, 720px\" \/><\/figure><div class=\"wp-block-media-text__content\"> <p>O torrador de amendoim usa ar quente ou aquecimento el\u00e9trico para aquecer os amendoins de forma uniforme, separando-os, removendo a umidade e real\u00e7ando o seu sabor. Pode escolher aquecimento el\u00e9trico, \u00f3leo, g\u00e1s ou carv\u00e3o como fonte de calor, com uma capacidade de produ\u00e7\u00e3o que varia de 30 a 650 kg\/h.<\/p> <\/div><\/div>    <h3 class=\"wp-block-heading\"><strong>M\u00e1quina de resfriamento de amendoim<\/strong><\/h3>    <div class=\"wp-block-media-text is-stacked-on-mobile\"><figure class=\"wp-block-media-text__media\"><img loading=\"lazy\" decoding=\"async\" width=\"720\" height=\"540\" src=\"https:\/\/bestpeanutmachine.com\/wp-content\/uploads\/2022\/08\/peanut-cooling-machine.webp\" alt=\"m\u00e1quina de arrefecimento de amendoim na linha de produ\u00e7\u00e3o de manteiga de amendoim\" class=\"wp-image-462 size-full\" srcset=\"https:\/\/bestpeanutmachine.com\/wp-content\/uploads\/2022\/08\/peanut-cooling-machine.webp 720w, https:\/\/bestpeanutmachine.com\/wp-content\/uploads\/2022\/08\/peanut-cooling-machine-300x225.webp 300w, https:\/\/bestpeanutmachine.com\/wp-content\/uploads\/2022\/08\/peanut-cooling-machine-16x12.webp 16w\" sizes=\"auto, (max-width: 720px) 100vw, 720px\" \/><\/figure><div class=\"wp-block-media-text__content\"> <p>O arrefecimento r\u00e1pido dos amendoins torrados impede que percam o sabor e aroma originais. As nossas m\u00e1quinas de arrefecimento utilizam ventoinhas para extrair ar quente para arrefecimento r\u00e1pido, tornando-as ideais para linhas de produ\u00e7\u00e3o.<\/p> <\/div><\/div>    <h3 class=\"wp-block-heading\"><strong>M\u00e1quina de descascar amendoim<\/strong><\/h3>    <div class=\"wp-block-media-text is-stacked-on-mobile\"><figure class=\"wp-block-media-text__media\"><img loading=\"lazy\" decoding=\"async\" width=\"720\" height=\"540\" src=\"https:\/\/bestpeanutmachine.com\/wp-content\/uploads\/2022\/08\/peanut-peeling-machine-1.webp\" alt=\"m\u00e1quina de descascamento de amendoim na linha de produ\u00e7\u00e3o de manteiga de amendoim\" class=\"wp-image-463 size-full\" srcset=\"https:\/\/bestpeanutmachine.com\/wp-content\/uploads\/2022\/08\/peanut-peeling-machine-1.webp 720w, https:\/\/bestpeanutmachine.com\/wp-content\/uploads\/2022\/08\/peanut-peeling-machine-1-300x225.webp 300w, https:\/\/bestpeanutmachine.com\/wp-content\/uploads\/2022\/08\/peanut-peeling-machine-1-16x12.webp 16w\" sizes=\"auto, (max-width: 720px) 100vw, 720px\" \/><\/figure><div class=\"wp-block-media-text__content\"> <p>A m\u00e1quina de descascar amendoim Tiazy utiliza o princ\u00edpio de atrito entre rolos de borracha ou atrito de tambor para remover rapidamente e de forma eficiente a casca vermelha do amendoim. A sua taxa de pr\u00e9-rasgo pode chegar a 98% com uma produ\u00e7\u00e3o de 200-1000kg\/h.<\/p> <\/div><\/div>    <h3 class=\"wp-block-heading\"><strong>M\u00e1quina de manteiga de amendoim<\/strong><\/h3>    <div class=\"wp-block-media-text is-stacked-on-mobile\"><figure class=\"wp-block-media-text__media\"><img loading=\"lazy\" decoding=\"async\" width=\"720\" height=\"540\" src=\"https:\/\/bestpeanutmachine.com\/wp-content\/uploads\/2022\/08\/peanut-butter-grinding-machine.webp\" alt=\"moedor de manteiga de amendoim na linha de produ\u00e7\u00e3o de manteiga de amendoim\" class=\"wp-image-464 size-full\" srcset=\"https:\/\/bestpeanutmachine.com\/wp-content\/uploads\/2022\/08\/peanut-butter-grinding-machine.webp 720w, https:\/\/bestpeanutmachine.com\/wp-content\/uploads\/2022\/08\/peanut-butter-grinding-machine-300x225.webp 300w, https:\/\/bestpeanutmachine.com\/wp-content\/uploads\/2022\/08\/peanut-butter-grinding-machine-16x12.webp 16w\" sizes=\"auto, (max-width: 720px) 100vw, 720px\" \/><\/figure><div class=\"wp-block-media-text__content\"> <p>Oferecemos diferentes modelos de m\u00e1quinas de manteiga de amendoim com faixas de produ\u00e7\u00e3o de 200 a 5000 kg\/h. O produto final est\u00e1 livre de part\u00edculas finas e tem um sabor suave e delicado. A m\u00e1quina \u00e9 fabricada em a\u00e7o inoxid\u00e1vel de grau aliment\u00edcio, que pode satisfazer a maioria dos requisitos de produ\u00e7\u00e3o.<\/p> <\/div><\/div>    <p>Al\u00e9m destas m\u00e1quinas, tanques de mistura, m\u00e1quinas de desgasifica\u00e7\u00e3o a v\u00e1cuo e m\u00e1quinas de enchimento de manteiga de amendoim s\u00e3o tamb\u00e9m componentes importantes. Elas completam o processo da linha de produ\u00e7\u00e3o, oferecendo de verdade um conjunto completo desde as mat\u00e9rias-primas aos produtos.<\/p>    <p>Al\u00e9m disso, fornecemos dois tipos de m\u00e1quinas de enchimento: a m\u00e1quina de enchimento totalmente autom\u00e1tica e a m\u00e1quina de enchimento semi-autom\u00e1tica.<\/p>    <ul class=\"wp-block-list\"> <li>A m\u00e1quina de enchimento de manteiga de amendoim totalmente autom\u00e1tica inclui todo o processo de enchimento, tampagem, rotulagem a v\u00e1cuo, etc., o que pode alcan\u00e7ar a automa\u00e7\u00e3o total da linha de produ\u00e7\u00e3o e poupar recursos humanos, mas o seu pre\u00e7o ser\u00e1 alto.<\/li>    <li>A enchimento semi-autom\u00e1tica de manteiga de amendoim normalmente oferece apenas a fun\u00e7\u00e3o de enchimento, pode ser enchido de forma quantitativa, mas requer coloca\u00e7\u00e3o manual dos recipientes. E, sem d\u00favida, o equipamento semi-autom\u00e1tico custa menos.<\/li> <\/ul>    <figure class=\"wp-block-gallery has-nested-images columns-default is-cropped wp-block-gallery-2 is-layout-flex wp-block-gallery-is-layout-flex\"> <figure class=\"wp-block-image size-large\"><img loading=\"lazy\" decoding=\"async\" width=\"720\" height=\"540\" data-id=\"474\" src=\"https:\/\/bestpeanutmachine.com\/wp-content\/uploads\/2022\/08\/peanut-butter-filling-and-sealing-part.webp\" alt=\"parte de enchimento e veda\u00e7\u00e3o da manteiga de amendoim\" class=\"wp-image-474\" srcset=\"https:\/\/bestpeanutmachine.com\/wp-content\/uploads\/2022\/08\/peanut-butter-filling-and-sealing-part.webp 720w, https:\/\/bestpeanutmachine.com\/wp-content\/uploads\/2022\/08\/peanut-butter-filling-and-sealing-part-300x225.webp 300w, https:\/\/bestpeanutmachine.com\/wp-content\/uploads\/2022\/08\/peanut-butter-filling-and-sealing-part-16x12.webp 16w\" sizes=\"auto, (max-width: 720px) 100vw, 720px\" \/><figcaption class=\"wp-element-caption\">parte de enchimento e veda\u00e7\u00e3o da manteiga de amendoim<\/figcaption><\/figure>    <figure class=\"wp-block-image size-large\"><img loading=\"lazy\" decoding=\"async\" width=\"720\" height=\"540\" data-id=\"480\" src=\"https:\/\/bestpeanutmachine.com\/wp-content\/uploads\/2022\/08\/semi-auto-filling-machine.webp\" alt=\"m\u00e1quina de enchimento semi-autom\u00e1tica\" class=\"wp-image-480\" srcset=\"https:\/\/bestpeanutmachine.com\/wp-content\/uploads\/2022\/08\/semi-auto-filling-machine.webp 720w, https:\/\/bestpeanutmachine.com\/wp-content\/uploads\/2022\/08\/semi-auto-filling-machine-300x225.webp 300w, https:\/\/bestpeanutmachine.com\/wp-content\/uploads\/2022\/08\/semi-auto-filling-machine-16x12.webp 16w\" sizes=\"auto, (max-width: 720px) 100vw, 720px\" \/><figcaption class=\"wp-element-caption\">m\u00e1quina de enchimento semi-autom\u00e1tica<\/figcaption><\/figure> <\/figure>    <h2 class=\"wp-block-heading\" id=\"h-main-parts-of-the-peanut-butter-production-line\"><strong>Caso de sucesso da linha de produ\u00e7\u00e3o de manteiga de amendoim<\/strong><\/h2>    <p>Um cliente de Santania personalizou a nossa linha de produ\u00e7\u00e3o semi-autom\u00e1tica de manteiga de amendoim, incluindo um moedor de manteiga de amendoim, um tanque de mistura de manteiga de amendoim, um tanque de armazenamento de manteiga de amendoim e uma m\u00e1quina de enchimento autom\u00e1tica de manteiga de amendoim.<\/p>    <p>Eles s\u00e3o uma cooperativa agr\u00edcola de tamanho m\u00e9dio que se concentra na produ\u00e7\u00e3o de amendoim e no processamento de produtos de amendoim para venda. Devido ao espa\u00e7o limitado, consultaram as nossas opini\u00f5es sobre a compra de m\u00e1quinas e fizeram grandes investimentos em m\u00e1quinas \u00fanicas-chave.<\/p>    <p>Devido aos bons resultados de vendas, decidiram expandir a produ\u00e7\u00e3o e atualizar a linha de produ\u00e7\u00e3o para um sistema de m\u00e1quina de enchimento totalmente autom\u00e1tico. Agora a sua marca \u00e9 muito popular localmente, entrou em supermercados e lojas, e o volume de encomendas tamb\u00e9m aumentou significativamente.<\/p>    <p>\u201cEst\u00e1 muito mais f\u00e1cil agora do que antes. Estamos muito satisfeitos com o nosso investimento na produ\u00e7\u00e3o de m\u00e1quinas, e a efici\u00eancia da produ\u00e7\u00e3o \u00e9 incr\u00edvel.\u201d<\/p>    <figure class=\"wp-block-gallery has-nested-images columns-2 is-cropped wp-block-gallery-3 is-layout-flex wp-block-gallery-is-layout-flex\"> <figure class=\"wp-block-image size-large\"><img loading=\"lazy\" decoding=\"async\" width=\"720\" height=\"540\" data-id=\"472\" src=\"https:\/\/bestpeanutmachine.com\/wp-content\/uploads\/2022\/08\/small-storage-tank.webp\" alt=\"tanque de armazenamento pequeno\" class=\"wp-image-472\" srcset=\"https:\/\/bestpeanutmachine.com\/wp-content\/uploads\/2022\/08\/small-storage-tank.webp 720w, https:\/\/bestpeanutmachine.com\/wp-content\/uploads\/2022\/08\/small-storage-tank-300x225.webp 300w, https:\/\/bestpeanutmachine.com\/wp-content\/uploads\/2022\/08\/small-storage-tank-16x12.webp 16w\" sizes=\"auto, (max-width: 720px) 100vw, 720px\" \/><figcaption class=\"wp-element-caption\">tanque de armazenamento pequeno<\/figcaption><\/figure>    <figure class=\"wp-block-image size-large\"><img loading=\"lazy\" decoding=\"async\" width=\"720\" height=\"540\" data-id=\"473\" src=\"https:\/\/bestpeanutmachine.com\/wp-content\/uploads\/2022\/08\/double-peanut-grinding-part.webp\" alt=\"parte de duplo moagem de amendoim\" class=\"wp-image-473\" srcset=\"https:\/\/bestpeanutmachine.com\/wp-content\/uploads\/2022\/08\/double-peanut-grinding-part.webp 720w, https:\/\/bestpeanutmachine.com\/wp-content\/uploads\/2022\/08\/double-peanut-grinding-part-300x225.webp 300w, https:\/\/bestpeanutmachine.com\/wp-content\/uploads\/2022\/08\/double-peanut-grinding-part-16x12.webp 16w\" sizes=\"auto, (max-width: 720px) 100vw, 720px\" \/><figcaption class=\"wp-element-caption\">parte de duplo moagem de amendoim<\/figcaption><\/figure>    <figure class=\"wp-block-image size-large\"><img loading=\"lazy\" decoding=\"async\" width=\"720\" height=\"540\" data-id=\"475\" src=\"https:\/\/bestpeanutmachine.com\/wp-content\/uploads\/2022\/08\/packaging-and-shipping-of-the-production-line.webp\" alt=\"embalagem e envio da linha de produ\u00e7\u00e3o\" class=\"wp-image-475\" srcset=\"https:\/\/bestpeanutmachine.com\/wp-content\/uploads\/2022\/08\/packaging-and-shipping-of-the-production-line.webp 720w, https:\/\/bestpeanutmachine.com\/wp-content\/uploads\/2022\/08\/packaging-and-shipping-of-the-production-line-300x225.webp 300w, https:\/\/bestpeanutmachine.com\/wp-content\/uploads\/2022\/08\/packaging-and-shipping-of-the-production-line-16x12.webp 16w\" sizes=\"auto, (max-width: 720px) 100vw, 720px\" \/><figcaption class=\"wp-element-caption\">embalagem e envio da linha de produ\u00e7\u00e3o<\/figcaption><\/figure>    <figure class=\"wp-block-image size-large\"><img loading=\"lazy\" decoding=\"async\" width=\"720\" height=\"540\" data-id=\"449\" src=\"https:\/\/bestpeanutmachine.com\/wp-content\/uploads\/2025\/09\/clientss-feedback-of-peanut-butter-machine.webp\" alt=\"feedback dos clientes sobre a m\u00e1quina de manteiga de amendoim\" class=\"wp-image-449\" srcset=\"https:\/\/bestpeanutmachine.com\/wp-content\/uploads\/2025\/09\/clientss-feedback-of-peanut-butter-machine.webp 720w, https:\/\/bestpeanutmachine.com\/wp-content\/uploads\/2025\/09\/clientss-feedback-of-peanut-butter-machine-300x225.webp 300w, https:\/\/bestpeanutmachine.com\/wp-content\/uploads\/2025\/09\/clientss-feedback-of-peanut-butter-machine-16x12.webp 16w\" sizes=\"auto, (max-width: 720px) 100vw, 720px\" \/><figcaption class=\"wp-element-caption\">feedback dos clientes sobre a m\u00e1quina de manteiga de amendoim<\/figcaption><\/figure> <\/figure>    <p>A Taizy \u00e9 fabricante profissional de m\u00e1quinas de processamento de amendoim. Se tiver algum problema ou quiser personalizar a sua linha de produ\u00e7\u00e3o, por favor consulte-nos para obter a cota.<\/p>","protected":false},"excerpt":{"rendered":"<p>Se procura uma linha de produ\u00e7\u00e3o ideal de manteiga de amendoim, a Taizy apresenta esta solu\u00e7\u00e3o, que pode ser personalizada para atender \u00e0s suas necessidades reais para o seu neg\u00f3cio de alimentos com amendoim.<\/p>","protected":false},"author":1,"featured_media":58,"parent":0,"template":"","tags":[11,8],"product-type":[60],"class_list":["post-53","product","type-product","status-publish","has-post-thumbnail","hentry","tag-peanut","tag-peanut-processing-machine","product-type-production-line"],"_links":{"self":[{"href":"https:\/\/bestpeanutmachine.com\/pt\/wp-json\/wp\/v2\/product\/53","targetHints":{"allow":["GET"]}}],"collection":[{"href":"https:\/\/bestpeanutmachine.com\/pt\/wp-json\/wp\/v2\/product"}],"about":[{"href":"https:\/\/bestpeanutmachine.com\/pt\/wp-json\/wp\/v2\/types\/product"}],"author":[{"embeddable":true,"href":"https:\/\/bestpeanutmachine.com\/pt\/wp-json\/wp\/v2\/users\/1"}],"wp:featuredmedia":[{"embeddable":true,"href":"https:\/\/bestpeanutmachine.com\/pt\/wp-json\/wp\/v2\/media\/58"}],"wp:attachment":[{"href":"https:\/\/bestpeanutmachine.com\/pt\/wp-json\/wp\/v2\/media?parent=53"}],"wp:term":[{"taxonomy":"post_tag","embeddable":true,"href":"https:\/\/bestpeanutmachine.com\/pt\/wp-json\/wp\/v2\/tags?post=53"},{"taxonomy":"product-type","embeddable":true,"href":"https:\/\/bestpeanutmachine.com\/pt\/wp-json\/wp\/v2\/product-type?post=53"}],"curies":[{"name":"wp","href":"https:\/\/api.w.org\/{rel}","templated":true}]}}