{"id":543,"date":"2025-10-16T16:53:56","date_gmt":"2025-10-16T08:53:56","guid":{"rendered":"https:\/\/bestpeanutmachine.com\/?post_type=product&#038;p=543"},"modified":"2026-01-20T14:08:32","modified_gmt":"2026-01-20T06:08:32","slug":"coated-peanut-production-line","status":"publish","type":"product","link":"https:\/\/bestpeanutmachine.com\/pt\/product\/coated-peanut-production-line\/","title":{"rendered":"Linha de produ\u00e7\u00e3o de amendoim coberto"},"content":{"rendered":"<p class=\"translation-block\">Uma<strong> linha de produ\u00e7\u00e3o de amendoim coberto<\/strong> \u00e9 principalmente usada para cobrir amendoins torrados, feij\u00f5es-pretos, am\u00eandoas e outras noix com a\u00e7\u00facar, farinha ou temperos, criando uma variedade de snacks crocantes de amendoim.<\/p>    <p>Esta linha de produ\u00e7\u00e3o pode produzir amendoim em v\u00e1rios sabores, incluindo amendoim com mel, amendoim de chocolate, amendoim com mostarda e amendoim em p\u00f3. \u00c9 ideal para processamento de snacks em f\u00e1bricas de pequeno e m\u00e9dio porte ou empresas iniciantes.<\/p>    <h2 class=\"wp-block-heading\"><strong>Principais caracter\u00edsticas da linha de produ\u00e7\u00e3o de amendoins cobertos Taizy<\/strong><\/h2>    <ul class=\"wp-block-list\"> <li>Taizy&#8217;s entire peanut coating line is <strong>feito de a\u00e7o inoxid\u00e1vel<\/strong>, resultando num revestimento suave e uniforme, que facilita a limpeza e cumpre os padr\u00f5es de higiene alimentar, al\u00e9m de ser dur\u00e1vel e proporcionar uma longa vida \u00fatil.<\/li>    <li>A m\u00e1quina principal de toda a linha de produ\u00e7\u00e3o \u00e9 a m\u00e1quina de revestimento de amendoim, que utiliza um <strong>estrutura de disco rotativo inclinado<\/strong>, permitindo que as amendoins rolem e tombem. A sua velocidade de rota\u00e7\u00e3o e o \u00e2ngulo do disco s\u00e3o ajust\u00e1veis para controlar a espessura do revestimento.<\/li>    <li>Toda a nossa linha de produ\u00e7\u00e3o <strong>pode ser personalizado de acordo com diferentes necessidades<\/strong> e condi\u00e7\u00f5es da f\u00e1brica, com pessoal t\u00e9cnico profissional a orientar na cria\u00e7\u00e3o do plano de produ\u00e7\u00e3o mais adequado para o seu neg\u00f3cio.<\/li>    <li>Esta linha de revestimento de amendoim pode processar n\u00e3o s\u00f3 amendoins, mas tamb\u00e9m uma <strong>ampla variedade de outros snacks<\/strong>: am\u00eandoas, castanhas de caju, feij\u00f5es verdes, gr\u00e3o-de-bico, soja e favas. Tamb\u00e9m pode produzir frutos secos revestidos de chocolate ou a\u00e7\u00facar, amendoins em p\u00f3 ao estilo japon\u00eas, frutos secos salgados e picantes, e mais.<\/li> <\/ul>    <h2 class=\"wp-block-heading\"><strong>M\u00e1quinas na vis\u00e3o geral da linha completa de produ\u00e7\u00e3o de amendoins cobertos<\/strong><\/h2>    <p>Uma linha t\u00edpica completa de produ\u00e7\u00e3o de amendoim coberto \u00e9 composta pelas seguintes etapas:<\/p>    <h3 class=\"wp-block-heading\"><strong>1. Torrador de amendoins<\/strong><\/h3>    <p>Este passo \u00e9 uma pr\u00e9-prepara\u00e7\u00e3o de mat\u00e9rias primas, utilizado para secar e torrar amendoins crus at\u00e9 ao grau de croc\u00e2ncia desejado.<\/p>   <div class=\"wp-block-image\"> <figure class=\"aligncenter size-full\"><img loading=\"lazy\" decoding=\"async\" width=\"720\" height=\"540\" src=\"https:\/\/bestpeanutmachine.com\/wp-content\/uploads\/2025\/10\/roasting-machine.webp\" alt=\"m\u00e1quina de torrar amendoim\" class=\"wp-image-545\" srcset=\"https:\/\/bestpeanutmachine.com\/wp-content\/uploads\/2025\/10\/roasting-machine.webp 720w, https:\/\/bestpeanutmachine.com\/wp-content\/uploads\/2025\/10\/roasting-machine-300x225.webp 300w, https:\/\/bestpeanutmachine.com\/wp-content\/uploads\/2025\/10\/roasting-machine-16x12.webp 16w\" sizes=\"auto, (max-width: 720px) 100vw, 720px\" \/><figcaption class=\"wp-element-caption\">m\u00e1quina de torrar amendoim<\/figcaption><\/figure> <\/div>   <figure class=\"wp-block-table is-style-regular\"><table><tbody><tr><td>Modelo<\/td><td>Capacidade<\/td><td>Pot\u00eancia do motor<\/td><td>Aquecimento el\u00e9trico<\/td><td>Consumo de g\u00e1s para aquecimento<\/td><td>Tamanho<\/td><\/tr><tr><td>TZ-1<\/td><td>80-120 kg\/hora<\/td><td>1,1 kW<\/td><td>22kw<\/td><td>2-3kg<\/td><td>3000mm*1200mm*1700mm<\/td><\/tr><tr><td>TZ-2<\/td><td>180-250kg\/h<\/td><td>2,2 kW<\/td><td>35kw<\/td><td>3-6kg<\/td><td>3000mm*2200mm*1700mm<\/td><\/tr><tr><td>TZ-3<\/td><td>280-350kg\/h<\/td><td>3.3kw<\/td><td>45kw<\/td><td>6-9kg<\/td><td>3000mm*3300mm*1700mm<\/td><\/tr><tr><td>TZ-4<\/td><td>380-450kg\/h<\/td><td>4.4kw<\/td><td>60kw<\/td><td>9-12kg<\/td><td>3000mm*4400mm*1700mm<\/td><\/tr><tr><td>TZ-5<\/td><td>500-650kg\/h<\/td><td>5.5kw<\/td><td>75kw<\/td><td>12-15kg<\/td><td>3000mm*5500mm*1700mm<\/td><\/tr><\/tbody><\/table><figcaption class=\"wp-element-caption\">par\u00e2metros do torrador de amendoim<\/figcaption><\/figure>    <h3 class=\"wp-block-heading\"><strong>2. Descascador de amendoins<\/strong><\/h3>    <p>Esta m\u00e1quina utiliza um processo de descascamento seco para separar as cascas dos amendoins, melhorando a qualidade e o sabor do processamento de snacks subsequente.<\/p>   <div class=\"wp-block-image\"> <figure class=\"aligncenter size-full\"><img loading=\"lazy\" decoding=\"async\" width=\"720\" height=\"540\" src=\"https:\/\/bestpeanutmachine.com\/wp-content\/uploads\/2025\/10\/peanut-peeler.webp\" alt=\"peleador de amendoim\" class=\"wp-image-546\" srcset=\"https:\/\/bestpeanutmachine.com\/wp-content\/uploads\/2025\/10\/peanut-peeler.webp 720w, https:\/\/bestpeanutmachine.com\/wp-content\/uploads\/2025\/10\/peanut-peeler-300x225.webp 300w, https:\/\/bestpeanutmachine.com\/wp-content\/uploads\/2025\/10\/peanut-peeler-16x12.webp 16w\" sizes=\"auto, (max-width: 720px) 100vw, 720px\" \/><figcaption class=\"wp-element-caption\">peleador de amendoim<\/figcaption><\/figure> <\/div>   <figure class=\"wp-block-table\"><table><tbody><tr><td>Modelo<\/td><td>Capacidade<\/td><td>Pot\u00eancia do motor<\/td><td>Pot\u00eancia do ventilador<\/td><td>Tamanho<\/td><td>Peso<\/td><\/tr><tr><td>HT-1<\/td><td>200-250kg\/h<\/td><td>\uff10.37kw(0.55kw220v)<\/td><td>0,55 kW<\/td><td>1200mm*500mm*1200mm<\/td><td>110kg<\/td><\/tr><tr><td>HT-2<\/td><td>400-500kg\/h<\/td><td>\uff10.37kw(0.55kw220v)<\/td><td>0,75 kW<\/td><td>1200mm*750mm*1200mm<\/td><td>200kg<\/td><\/tr><tr><td>HT-3<\/td><td>600-750kg\/h<\/td><td>\uff10.37kw(0.55kw220v)<\/td><td>1,1 kW<\/td><td>1200mm*1050mm*1200mm<\/td><td>280kg<\/td><\/tr><tr><td>HT-4<\/td><td>800-1000kg\/h<\/td><td>\uff10.37kw(0.55kw220v)<\/td><td>1,5 kW<\/td><td>1200mm*1400mm*1200mm<\/td><td>360kg<\/td><\/tr><\/tbody><\/table><figcaption class=\"wp-element-caption\">especifica\u00e7\u00e3o do peleador de amendoim<\/figcaption><\/figure>    <h3 class=\"wp-block-heading\"><strong>3. M\u00e1quina de cobrir amendoins<\/strong><\/h3>    <p>\u00c9 um equipamento cr\u00edtico para cobrir uniformemente os amendoins com farinha, pasta de chocolate, xarope ou temperos.<\/p>   <div class=\"wp-block-image\"> <figure class=\"aligncenter size-full\"><img loading=\"lazy\" decoding=\"async\" width=\"720\" height=\"540\" src=\"https:\/\/bestpeanutmachine.com\/wp-content\/uploads\/2025\/10\/peanut-coating-machine.webp\" alt=\"m\u00e1quina de revestimento de amendoim\" class=\"wp-image-547\" srcset=\"https:\/\/bestpeanutmachine.com\/wp-content\/uploads\/2025\/10\/peanut-coating-machine.webp 720w, https:\/\/bestpeanutmachine.com\/wp-content\/uploads\/2025\/10\/peanut-coating-machine-300x225.webp 300w, https:\/\/bestpeanutmachine.com\/wp-content\/uploads\/2025\/10\/peanut-coating-machine-16x12.webp 16w\" sizes=\"auto, (max-width: 720px) 100vw, 720px\" \/><figcaption class=\"wp-element-caption\">m\u00e1quina de revestimento de amendoim<\/figcaption><\/figure> <\/div>   <figure class=\"wp-block-table\"><table><tbody><tr><td>Modelo<\/td><td>Velocidade de rota\u00e7\u00e3o<\/td><td>Pot\u00eancia do motor<\/td><td>Pot\u00eancia do ventilador<\/td><td>Pot\u00eancia de aquecimento<\/td><td>Pot\u00eancia de aquecimento a ar quente<\/td><td>Capacidade<\/td><td>Tamanho<\/td><\/tr><tr><td>TZ-400<\/td><td>28r\/min<\/td><td>0.37kw<\/td><td>180kw<\/td><td>1kw<\/td><td>1kw<\/td><td>2-5kg\/batch<\/td><td>900mm*500mm*1450mm<\/td><\/tr><tr><td>TZ-600<\/td><td>28r\/min<\/td><td>0,75 kW<\/td><td>180kw<\/td><td>1kw<\/td><td>1kw<\/td><td>2-5kg\/batch<\/td><td>900mm*600mm*1450mm<\/td><\/tr><tr><td>TZ-800<\/td><td>28r\/min<\/td><td>0,75 kW<\/td><td>250kw<\/td><td>1kw<\/td><td>2kw<\/td><td>2-5kg\/batch<\/td><td>1000mm*800mm*1500mm<\/td><\/tr><tr><td>TZ-1000<\/td><td>28r\/min<\/td><td>0,75 kW<\/td><td>250kw<\/td><td>2kw<\/td><td>2kw<\/td><td>2-5kg\/batch<\/td><td>1200mm*1000mm*1700mm<\/td><\/tr><tr><td>TZ-1200<\/td><td>22 r\/min (VFD ajust\u00e1vel)<\/td><td>1,1 kW<\/td><td>250kw<\/td><td>2kw<\/td><td>2kw<\/td><td>2-5kg\/batch<\/td><td>1300mm*1200mm*1800mm<\/td><\/tr><tr><td>TZ-1400<\/td><td>22 r\/min (VFD ajust\u00e1vel)<\/td><td>1,5 kW<\/td><td>250kw<\/td><td>3 kW<\/td><td>3 kW<\/td><td>2-5kg\/batch<\/td><td>1550mm*1400mm*1850mm<\/td><\/tr><\/tbody><\/table><figcaption class=\"wp-element-caption\">par\u00e2metros da m\u00e1quina de cobertura de amendoim Taizy<\/figcaption><\/figure>    <h3 class=\"wp-block-heading\"><strong>4. M\u00e1quina de temperar amendoins <\/strong><\/h3>    <p>Mistura v\u00e1rios temperos, a\u00e7\u00facar ou sal para cobrir uniformemente os amendoins e real\u00e7ar o seu sabor.<\/p>   <div class=\"wp-block-image\"> <figure class=\"aligncenter size-full\"><img loading=\"lazy\" decoding=\"async\" width=\"720\" height=\"540\" src=\"https:\/\/bestpeanutmachine.com\/wp-content\/uploads\/2025\/10\/seasoning-mixer.webp\" alt=\"cooker de temperos\" class=\"wp-image-548\" srcset=\"https:\/\/bestpeanutmachine.com\/wp-content\/uploads\/2025\/10\/seasoning-mixer.webp 720w, https:\/\/bestpeanutmachine.com\/wp-content\/uploads\/2025\/10\/seasoning-mixer-300x225.webp 300w, https:\/\/bestpeanutmachine.com\/wp-content\/uploads\/2025\/10\/seasoning-mixer-16x12.webp 16w\" sizes=\"auto, (max-width: 720px) 100vw, 720px\" \/><figcaption class=\"wp-element-caption\">cooker de temperos<\/figcaption><\/figure> <\/div>   <figure class=\"wp-block-table\"><table><tbody><tr><td>Modelo<\/td><td>TZ-80<\/td><td>TZ-100<\/td><\/tr><tr><td>Poder<\/td><td>1.5kw\/2.2kw<\/td><td>1.5kw\/2.2kw<\/td><\/tr><tr><td>Volume<\/td><td>1.1CBM\/100kg<\/td><td>1.5CBM\/120kg<\/td><\/tr><tr><td>Velocidade de rota\u00e7\u00e3o<\/td><td>27r\/min<\/td><td>27r\/min<\/td><\/tr><tr><td>Tens\u00e3o<\/td><td>220V\/380V<\/td><td>220V\/380V<\/td><\/tr><tr><td>Capacidade<\/td><td>0-35kg por batch<\/td><td>0-50kg por batch<\/td><\/tr><tr><td>Tamanho<\/td><td>1400mm*1200mm*1750mm<\/td><td>1400mm*1400mm*1850mm<\/td><\/tr><\/tbody><\/table><figcaption class=\"wp-element-caption\">par\u00e2metros da m\u00e1quina de temperos<\/figcaption><\/figure>    <h3 class=\"wp-block-heading\"><strong>5. Pulverizador de \u00f3leo<\/strong><\/h3>    <p>Esta m\u00e1quina aplica \u00f3leo de cozinha de forma uniforme nos amendoins, real\u00e7ando o seu brilho e tornando-os mais f\u00e1ceis de torrar.<\/p>   <div class=\"wp-block-image\"> <figure class=\"aligncenter size-full\"><img loading=\"lazy\" decoding=\"async\" width=\"720\" height=\"540\" src=\"https:\/\/bestpeanutmachine.com\/wp-content\/uploads\/2025\/10\/oil-sprayer.webp\" alt=\"pulverizador de \u00f3leo\" class=\"wp-image-549\" srcset=\"https:\/\/bestpeanutmachine.com\/wp-content\/uploads\/2025\/10\/oil-sprayer.webp 720w, https:\/\/bestpeanutmachine.com\/wp-content\/uploads\/2025\/10\/oil-sprayer-300x225.webp 300w, https:\/\/bestpeanutmachine.com\/wp-content\/uploads\/2025\/10\/oil-sprayer-16x12.webp 16w\" sizes=\"auto, (max-width: 720px) 100vw, 720px\" \/><figcaption class=\"wp-element-caption\">pulverizador de \u00f3leo<\/figcaption><\/figure> <\/div>   <h3 class=\"wp-block-heading\"><strong>6. Forno de torrefa\u00e7\u00e3o de amendoins<\/strong><\/h3>    <p>Realiza uma torra secund\u00e1ria dos amendoins cobertos, aumentando a croc\u00e2ncia e dando-lhes uma superf\u00edcie mais completa.<\/p>   <div class=\"wp-block-image\"> <figure class=\"aligncenter size-full\"><img loading=\"lazy\" decoding=\"async\" width=\"720\" height=\"540\" src=\"https:\/\/bestpeanutmachine.com\/wp-content\/uploads\/2025\/10\/roaster-oven.webp\" alt=\"forno de torra\" class=\"wp-image-550\" srcset=\"https:\/\/bestpeanutmachine.com\/wp-content\/uploads\/2025\/10\/roaster-oven.webp 720w, https:\/\/bestpeanutmachine.com\/wp-content\/uploads\/2025\/10\/roaster-oven-300x225.webp 300w, https:\/\/bestpeanutmachine.com\/wp-content\/uploads\/2025\/10\/roaster-oven-16x12.webp 16w\" sizes=\"auto, (max-width: 720px) 100vw, 720px\" \/><figcaption class=\"wp-element-caption\">forno de torra<\/figcaption><\/figure> <\/div>   <figure class=\"wp-block-table\"><table><tbody><tr><td>Modelo<\/td><td class=\"has-text-align-center\" data-align=\"center\">TZ-1<\/td><td class=\"has-text-align-center\" data-align=\"center\">TZ-2<\/td><td class=\"has-text-align-center\" data-align=\"center\">TZ-3<\/td><\/tr><tr><td>Dimens\u00f5es da bandeja<\/td><td class=\"has-text-align-center\" data-align=\"center\">960mm*960mm<\/td><td class=\"has-text-align-center\" data-align=\"center\">1200mm*1200mm<\/td><td class=\"has-text-align-center\" data-align=\"center\">1600mm*1600mm<\/td><\/tr><tr><td>Pot\u00eancia do motor<\/td><td class=\"has-text-align-center\" data-align=\"center\">0.75kw\/380V<\/td><td class=\"has-text-align-center\" data-align=\"center\">0,75 kW<\/td><td class=\"has-text-align-center\" data-align=\"center\">1,5 kW<\/td><\/tr><tr><td>Pot\u00eancia de aquecimento<\/td><td class=\"has-text-align-center\" data-align=\"center\">24kw<\/td><td class=\"has-text-align-center\" data-align=\"center\">36kw<\/td><td class=\"has-text-align-center\" data-align=\"center\">48-60kw<\/td><\/tr><tr><td>Capacidade de produ\u00e7\u00e3o<\/td><td class=\"has-text-align-center\" data-align=\"center\">50-80kg\/h<\/td><td class=\"has-text-align-center\" data-align=\"center\">80-100kg\/h<\/td><td class=\"has-text-align-center\" data-align=\"center\">40-80kg\/h<\/td><\/tr><tr><td>Dimens\u00e3o da m\u00e1quina<\/td><td class=\"has-text-align-center\" data-align=\"center\">2100mm*1700mm*1350mm<\/td><td class=\"has-text-align-center\" data-align=\"center\">2400mm*2000mm*1350mm<\/td><td class=\"has-text-align-center\" data-align=\"center\">3100mm*2250mm*1650mm<\/td><\/tr><\/tbody><\/table><figcaption class=\"wp-element-caption\">especifica\u00e7\u00e3o do forno de torrefa\u00e7\u00e3o de amendoim<\/figcaption><\/figure>    <h3 class=\"wp-block-heading\"><strong>7. Resfriador de amendoins<\/strong><\/h3>    <p>Enfria rapidamente os amendoins, mantendo a sua croc\u00e2ncia enquanto reduz o calor e facilita a embalagem subsequente.<\/p>   <div class=\"wp-block-image\"> <figure class=\"aligncenter size-full\"><img loading=\"lazy\" decoding=\"async\" width=\"720\" height=\"540\" src=\"https:\/\/bestpeanutmachine.com\/wp-content\/uploads\/2025\/10\/peanut-cooler.webp\" alt=\"amendoim arrefecedor\" class=\"wp-image-551\" srcset=\"https:\/\/bestpeanutmachine.com\/wp-content\/uploads\/2025\/10\/peanut-cooler.webp 720w, https:\/\/bestpeanutmachine.com\/wp-content\/uploads\/2025\/10\/peanut-cooler-300x225.webp 300w, https:\/\/bestpeanutmachine.com\/wp-content\/uploads\/2025\/10\/peanut-cooler-16x12.webp 16w\" sizes=\"auto, (max-width: 720px) 100vw, 720px\" \/><figcaption class=\"wp-element-caption\">amendoim arrefecedor<\/figcaption><\/figure> <\/div>   <p>Para a produ\u00e7\u00e3o de snacks completa, a Taizy tamb\u00e9m fornece uma m\u00e1quina de embalagem para embalamento em granulado. Se estiveres interessado na linha de produ\u00e7\u00e3o completa e quiseres ter as tuas pr\u00f3prias solu\u00e7\u00f5es, contacta-nos!<\/p>    <h2 class=\"wp-block-heading\"><strong>Aplica\u00e7\u00e3o da linha de produ\u00e7\u00e3o de amendoins cobertos com chocolate<\/strong><\/h2>    <p>A linha de produ\u00e7\u00e3o de amendoim coberto permite produ\u00e7\u00e3o cont\u00ednua de uma variedade de snacks de amendoim, incluindo amendoim com a\u00e7\u00facar, apimentado, crocante, etc. Ap\u00f3s a embalagem, estes produtos s\u00e3o vendidos diretamente aos supermercados, padarias, marcas de snacks online e at\u00e9 exportados para outros pa\u00edses.<\/p>    <p>Para fabricantes de alimentos de pequeno e m\u00e9dio porte, uma linha de cobertura de amendoim oferece alta flexibilidade e opera\u00e7\u00e3o f\u00e1cil. Os produtores podem personalizar receitas de cobertura, ajustar a capacidade de produ\u00e7\u00e3o e desenvolver snacks locais com sabores \u00fanicos.<\/p>    <p>Esta linha de produ\u00e7\u00e3o de amendoim coberto \u00e9 ideal para startups, f\u00e1bricas locais de snacks e outros fabricantes de produtos de amendoim que se concentram em construir marcas e manter qualidade consistente.<\/p>    <figure class=\"wp-block-gallery has-nested-images columns-default is-cropped wp-block-gallery-2 is-layout-flex wp-block-gallery-is-layout-flex\"> <figure class=\"wp-block-image size-large\"><img loading=\"lazy\" decoding=\"async\" width=\"720\" height=\"540\" data-id=\"552\" src=\"https:\/\/bestpeanutmachine.com\/wp-content\/uploads\/2025\/10\/coated-peanuts-snacks.webp\" alt=\"snacks de amendoim coberto\" class=\"wp-image-552\" srcset=\"https:\/\/bestpeanutmachine.com\/wp-content\/uploads\/2025\/10\/coated-peanuts-snacks.webp 720w, https:\/\/bestpeanutmachine.com\/wp-content\/uploads\/2025\/10\/coated-peanuts-snacks-300x225.webp 300w, https:\/\/bestpeanutmachine.com\/wp-content\/uploads\/2025\/10\/coated-peanuts-snacks-16x12.webp 16w\" sizes=\"auto, (max-width: 720px) 100vw, 720px\" \/><figcaption class=\"wp-element-caption\">snacks de amendoim coberto<\/figcaption><\/figure>    <figure class=\"wp-block-image size-large\"><img loading=\"lazy\" decoding=\"async\" width=\"720\" height=\"540\" data-id=\"553\" src=\"https:\/\/bestpeanutmachine.com\/wp-content\/uploads\/2025\/10\/sugar-coated-peanut.webp\" alt=\"amendoim com a\u00e7\u00facar\" class=\"wp-image-553\" srcset=\"https:\/\/bestpeanutmachine.com\/wp-content\/uploads\/2025\/10\/sugar-coated-peanut.webp 720w, https:\/\/bestpeanutmachine.com\/wp-content\/uploads\/2025\/10\/sugar-coated-peanut-300x225.webp 300w, https:\/\/bestpeanutmachine.com\/wp-content\/uploads\/2025\/10\/sugar-coated-peanut-16x12.webp 16w\" sizes=\"auto, (max-width: 720px) 100vw, 720px\" \/><figcaption class=\"wp-element-caption\">amendoim com a\u00e7\u00facar<\/figcaption><\/figure> <\/figure>    <h2 class=\"wp-block-heading\"><strong>Caso de sucesso de exporta\u00e7\u00e3o de m\u00e1quinas autom\u00e1ticas de cobertura de amendoins para o L\u00edbano<\/strong><\/h2>    <p>Como empresa que tem vindo a exportar m\u00e1quinas h\u00e1 mais de dez anos, a Taizy tem recebido numerosos coment\u00e1rios positivos e reconhecimentos pela sua qualidade de servi\u00e7os. A linha de produ\u00e7\u00e3o tem sido exportada para f\u00e1bricas de processamento de alimentos, incluindo It\u00e1lia, M\u00e1laga e Nippon Liya.<\/p>    <p>Aqui est\u00e1 um exemplo onde export\u00e1mos a nossa linha de produ\u00e7\u00e3o de amendoim coberto para o L\u00edbano, um local onde os snacks de noz est\u00e3o bem desenvolvidos. Os nossos clientes s\u00e3o ind\u00fastrias alimentares de m\u00e9dio porte em canais de distribui\u00e7\u00e3o locais que produzem snacks em embalagem e os fornecem \u00e0s marcas pr\u00f3prias dos supermercados.<\/p>    <p>Com base nas necessidades de produ\u00e7\u00e3o do cliente e limita\u00e7\u00f5es de espa\u00e7o da f\u00e1brica, fornecemos as seguintes solu\u00e7\u00f5es: <\/p>    <figure class=\"wp-block-table\"><table class=\"has-fixed-layout\"><tbody><tr><td class=\"has-text-align-center\" data-align=\"center\"><a href=\"https:\/\/bestpeanutmachine.com\/pt\/product\/peanut-roasting-machine\/\">torrador de amendoim<\/a><br><img loading=\"lazy\" decoding=\"async\" width=\"150\" height=\"113\" class=\"wp-image-545\" style=\"width: 150px;\" src=\"https:\/\/bestpeanutmachine.com\/wp-content\/uploads\/2025\/10\/roasting-machine.webp\" alt=\"m\u00e1quina de torrar amendoim\" srcset=\"https:\/\/bestpeanutmachine.com\/wp-content\/uploads\/2025\/10\/roasting-machine.webp 720w, https:\/\/bestpeanutmachine.com\/wp-content\/uploads\/2025\/10\/roasting-machine-300x225.webp 300w, https:\/\/bestpeanutmachine.com\/wp-content\/uploads\/2025\/10\/roasting-machine-16x12.webp 16w\" sizes=\"auto, (max-width: 150px) 100vw, 150px\" \/><\/td><td>Modelo: TZ-50<br>Tamanho: 1.8*1.2*1.6m<br>Pot\u00eancia do motor: 1.1kw<br>Capacidade: 50 kg\/batch<br>Tens\u00e3o: 380v 50hz trif\u00e1sico <br>Material: a\u00e7o inoxid\u00e1vel por dentro<\/td><\/tr><tr><td class=\"has-text-align-center\" data-align=\"center\"><a href=\"https:\/\/bestpeanutmachine.com\/pt\/product\/peanut-peeling-machine\/\">peleador de amendoim<\/a><br><img loading=\"lazy\" decoding=\"async\" width=\"150\" height=\"113\" class=\"wp-image-546\" style=\"width: 150px;\" src=\"https:\/\/bestpeanutmachine.com\/wp-content\/uploads\/2025\/10\/peanut-peeler.webp\" alt=\"peleador de amendoim\" srcset=\"https:\/\/bestpeanutmachine.com\/wp-content\/uploads\/2025\/10\/peanut-peeler.webp 720w, https:\/\/bestpeanutmachine.com\/wp-content\/uploads\/2025\/10\/peanut-peeler-300x225.webp 300w, https:\/\/bestpeanutmachine.com\/wp-content\/uploads\/2025\/10\/peanut-peeler-16x12.webp 16w\" sizes=\"auto, (max-width: 150px) 100vw, 150px\" \/><\/td><td>Taxa de conclus\u00e3o: 96%<br>Taxa de quebra de amendoim: 6%<br>Capacidade: Cerca de 200-250kg\/h<br>Tamanho: 1100*400*1000mm<br>Fun\u00e7\u00f5es: Descascar amendoins a seco<\/td><\/tr><tr><td class=\"has-text-align-center\" data-align=\"center\"><a href=\"https:\/\/bestpeanutmachine.com\/pt\/product\/peanut-coating-machine\/\">m\u00e1quina de amendoim revestido<\/a><br><img loading=\"lazy\" decoding=\"async\" width=\"150\" height=\"113\" class=\"wp-image-547\" style=\"width: 150px;\" src=\"https:\/\/bestpeanutmachine.com\/wp-content\/uploads\/2025\/10\/peanut-coating-machine.webp\" alt=\"m\u00e1quina de revestimento de amendoim\" srcset=\"https:\/\/bestpeanutmachine.com\/wp-content\/uploads\/2025\/10\/peanut-coating-machine.webp 720w, https:\/\/bestpeanutmachine.com\/wp-content\/uploads\/2025\/10\/peanut-coating-machine-300x225.webp 300w, https:\/\/bestpeanutmachine.com\/wp-content\/uploads\/2025\/10\/peanut-coating-machine-16x12.webp 16w\" sizes=\"auto, (max-width: 150px) 100vw, 150px\" \/><\/td><td>Di\u00e2metro: 1000mm<br>Capacidade: 50-70kg\/batch<br>Tempo de cobertura: De acordo com o processo do cliente<br>Pot\u00eancia: 1.1kw<br>Tamanho: 1200*1000*1300mm<\/td><\/tr><tr><td class=\"has-text-align-center\" data-align=\"center\">pulverizador l\u00edquido<br><img loading=\"lazy\" decoding=\"async\" width=\"150\" height=\"113\" class=\"wp-image-549\" style=\"width: 150px;\" src=\"https:\/\/bestpeanutmachine.com\/wp-content\/uploads\/2025\/10\/oil-sprayer.webp\" alt=\"pulverizador de \u00f3leo\" srcset=\"https:\/\/bestpeanutmachine.com\/wp-content\/uploads\/2025\/10\/oil-sprayer.webp 720w, https:\/\/bestpeanutmachine.com\/wp-content\/uploads\/2025\/10\/oil-sprayer-300x225.webp 300w, https:\/\/bestpeanutmachine.com\/wp-content\/uploads\/2025\/10\/oil-sprayer-16x12.webp 16w\" sizes=\"auto, (max-width: 150px) 100vw, 150px\" \/><\/td><td>Di\u00e2metro: 1000mm<br>Capacidade: 50-70kg\/batch<br>Tempo de cobertura: de acordo com o processo do cliente.<br>Pot\u00eancia: 1.1kw<br>Tamanho: 1200*1000*1300mm<\/td><\/tr><\/tbody><\/table><figcaption class=\"wp-element-caption\">informa\u00e7\u00e3o do programa das m\u00e1quinas de fazer amendoim coberto<\/figcaption><\/figure>    <p>Ap\u00f3s a instala\u00e7\u00e3o e teste, o cliente lan\u00e7ou com sucesso amendoins cobertos com mel e apimentados no mercado de snacks liban\u00eas gra\u00e7as \u00e0 produ\u00e7\u00e3o est\u00e1vel e ao sabor \u00fanico que proporcionaram.<\/p>    <p>Se quiserem iniciar a vossa pr\u00f3pria marca de nozes mas n\u00e3o sabem que m\u00e1quinas precisam, escolham a Taizy. Exigimos fornecer as solu\u00e7\u00f5es mais adequadas para empreendedores em todo o mundo!<\/p>","protected":false},"excerpt":{"rendered":"<p>A linha de produ\u00e7\u00e3o de amendoim coberto Taizy oferece uma solu\u00e7\u00e3o autom\u00e1tica e higi\u00eanica para fazer amendoins crocantes com sabores diferentes, que combina torra, descascamento, cobertura, tempero, pulveriza\u00e7\u00e3o de \u00f3leo, assar e arrefecer em um processo cont\u00ednuo.<\/p>","protected":false},"author":1,"featured_media":554,"parent":0,"template":"","tags":[11],"product-type":[60],"class_list":["post-543","product","type-product","status-publish","has-post-thumbnail","hentry","tag-peanut","product-type-production-line"],"_links":{"self":[{"href":"https:\/\/bestpeanutmachine.com\/pt\/wp-json\/wp\/v2\/product\/543","targetHints":{"allow":["GET"]}}],"collection":[{"href":"https:\/\/bestpeanutmachine.com\/pt\/wp-json\/wp\/v2\/product"}],"about":[{"href":"https:\/\/bestpeanutmachine.com\/pt\/wp-json\/wp\/v2\/types\/product"}],"author":[{"embeddable":true,"href":"https:\/\/bestpeanutmachine.com\/pt\/wp-json\/wp\/v2\/users\/1"}],"wp:featuredmedia":[{"embeddable":true,"href":"https:\/\/bestpeanutmachine.com\/pt\/wp-json\/wp\/v2\/media\/554"}],"wp:attachment":[{"href":"https:\/\/bestpeanutmachine.com\/pt\/wp-json\/wp\/v2\/media?parent=543"}],"wp:term":[{"taxonomy":"post_tag","embeddable":true,"href":"https:\/\/bestpeanutmachine.com\/pt\/wp-json\/wp\/v2\/tags?post=543"},{"taxonomy":"product-type","embeddable":true,"href":"https:\/\/bestpeanutmachine.com\/pt\/wp-json\/wp\/v2\/product-type?post=543"}],"curies":[{"name":"wp","href":"https:\/\/api.w.org\/{rel}","templated":true}]}}