{"id":577,"date":"2025-11-10T16:36:09","date_gmt":"2025-11-10T08:36:09","guid":{"rendered":"https:\/\/bestpeanutmachine.com\/?post_type=product&#038;p=577"},"modified":"2025-11-11T10:03:00","modified_gmt":"2025-11-11T02:03:00","slug":"peanut-digger-machine","status":"publish","type":"product","link":"https:\/\/bestpeanutmachine.com\/pt\/product\/peanut-digger-machine\/","title":{"rendered":"M\u00e1quina de Escavar Amendoim"},"content":{"rendered":"<p class=\"translation-block\">Para ajudar a resolver os desafios da colheita de amendoim, a Taizy lan\u00e7ou tr\u00eas tipos de <strong>escardor de amendoim<\/strong> que alcan\u00e7am uma efici\u00eancia de 0,33-0,99 hectare\/h com uma baixa taxa de danos. Al\u00e9m disso, esta m\u00e1quina usa o m\u00e9todo de transmiss\u00e3o de pot\u00eancia PTO, que pode ser equipado com um trator de 15-70 cavalos.<\/p>    <p>Nosso escarificador de amendoim \u00e9 adapt\u00e1vel a v\u00e1rios tipos de solo (arenoso, vermelho, preto e duro) e pode colher amendoins plantados em campos planos ou com sulcos. A m\u00e1quina \u00e9 simples e f\u00e1cil de operar. A Taizy oferece um servi\u00e7o p\u00f3s-venda completo para ajudar a resolver todos os problemas operacionais e de manuten\u00e7\u00e3o.<\/p>    <figure class=\"wp-block-embed aligncenter is-type-video is-provider-youtube wp-block-embed-youtube wp-embed-aspect-16-9 wp-has-aspect-ratio\"><div class=\"wp-block-embed__wrapper\"> <iframe loading=\"lazy\" title=\"3 tipos de escardores de amendoim Taizy para todas as condi\u00e7\u00f5es de solo\" width=\"500\" height=\"281\" src=\"https:\/\/www.youtube.com\/embed\/RQajT3nZvJU?feature=oembed\" frameborder=\"0\" allow=\"accelerometer; autoplay; clipboard-write; encrypted-media; gyroscope; picture-in-picture; web-share\" referrerpolicy=\"strict-origin-when-cross-origin\" allowfullscreen><\/iframe> <\/div><figcaption class=\"wp-element-caption\">v\u00eddeo de trabalho do colheitador de amendoim<\/figcaption><\/figure>    <h2 class=\"wp-block-heading\"><strong>Tr\u00eas tipos de escardores de amendoim<\/strong><\/h2>    <h3 class=\"wp-block-heading\"><strong>Tipo 1<\/strong>: <strong>Termos simples de cadeia<\/strong><\/h3>    <h4 class=\"wp-block-heading\"><strong>Destaques da m\u00e1quina de colheita de amendoim<\/strong><\/h4>    <p>Esta m\u00e1quina de colheita de amendoim \u00e9 leve, requer menos pot\u00eancia do trator. Usa um sistema de transmiss\u00e3o por corrente, f\u00e1cil de manter e adequado para \u00e1reas pequenas com solo solto ou arenoso.<\/p>    <h4 class=\"wp-block-heading\"><strong>Modelos e par\u00e2metros do escarificador de amendoim<\/strong><\/h4>    <figure class=\"wp-block-table\"><table class=\"has-fixed-layout\"><tbody><tr><td>Pot\u00eancia de suporte<\/td><td class=\"has-text-align-center\" data-align=\"center\">Trator de 4 rodas \u226515 CV<\/td><\/tr><tr><td>Modo de planta\u00e7\u00e3o<\/td><td class=\"has-text-align-center\" data-align=\"center\">2 linhas por sulco (espa\u00e7amento de 65\u201375 cm entre sulcos)<\/td><\/tr><tr><td>Efici\u00eancia de trabalho<\/td><td class=\"has-text-align-center\" data-align=\"center\">0,33\u20130,47 hectare\/h<\/td><\/tr><tr><td>Sistema de transmiss\u00e3o<\/td><td class=\"has-text-align-center\" data-align=\"center\">Caixa de mudan\u00e7as integrada<\/td><\/tr><\/tbody><\/table><figcaption class=\"wp-element-caption\">par\u00e2metros do colheitador de amendoim do tipo 1<\/figcaption><\/figure>    <figure class=\"wp-block-gallery has-nested-images columns-default is-cropped wp-block-gallery-2 is-layout-flex wp-block-gallery-is-layout-flex\"> <figure class=\"wp-block-image size-large\"><img loading=\"lazy\" decoding=\"async\" width=\"720\" height=\"540\" data-id=\"579\" src=\"https:\/\/bestpeanutmachine.com\/wp-content\/uploads\/2025\/11\/peanut-digger-for-sale.webp\" alt=\"pequena escardora de amendoim \" class=\"wp-image-579\" srcset=\"https:\/\/bestpeanutmachine.com\/wp-content\/uploads\/2025\/11\/peanut-digger-for-sale.webp 720w, https:\/\/bestpeanutmachine.com\/wp-content\/uploads\/2025\/11\/peanut-digger-for-sale-300x225.webp 300w, https:\/\/bestpeanutmachine.com\/wp-content\/uploads\/2025\/11\/peanut-digger-for-sale-16x12.webp 16w\" sizes=\"auto, (max-width: 720px) 100vw, 720px\" \/><figcaption class=\"wp-element-caption\">pequena escardora de amendoim <\/figcaption><\/figure>    <figure class=\"wp-block-image size-large\"><img loading=\"lazy\" decoding=\"async\" width=\"720\" height=\"540\" data-id=\"580\" src=\"https:\/\/bestpeanutmachine.com\/wp-content\/uploads\/2025\/11\/peanut-harvesting-machine.webp\" alt=\"m\u00e1quina de colheita de amendoim\" class=\"wp-image-580\" srcset=\"https:\/\/bestpeanutmachine.com\/wp-content\/uploads\/2025\/11\/peanut-harvesting-machine.webp 720w, https:\/\/bestpeanutmachine.com\/wp-content\/uploads\/2025\/11\/peanut-harvesting-machine-300x225.webp 300w, https:\/\/bestpeanutmachine.com\/wp-content\/uploads\/2025\/11\/peanut-harvesting-machine-16x12.webp 16w\" sizes=\"auto, (max-width: 720px) 100vw, 720px\" \/><figcaption class=\"wp-element-caption\">m\u00e1quina de colheita de amendoim<\/figcaption><\/figure> <\/figure>    <h3 class=\"wp-block-heading\"><strong>Tipo 2<\/strong>: <strong>Novo modelo 850<\/strong><\/h3>    <h4 class=\"wp-block-heading\"><strong>Destaques da m\u00e1quina colheitadeira de amendoim<\/strong><\/h4>    <p>Este tipo de colheitadeira de amendoim possui suspens\u00e3o de tr\u00eas pontos, resultando em transmiss\u00e3o mais suave e redu\u00e7\u00e3o de escorregamento e vibra\u00e7\u00e3o. \u00c9 especialmente adequado para fazendas m\u00e9dias com argila ou solo seco, duro.<\/p>    <h4 class=\"wp-block-heading\"><strong>Modelos e <strong>par\u00e2metros<\/strong> da m\u00e1quina de colheita de amendoim<\/strong><\/h4>    <figure class=\"wp-block-table\"><table class=\"has-fixed-layout\"><tbody><tr><td>Largura de colheita<\/td><td class=\"has-text-align-center\" data-align=\"center\">85 cm<\/td><\/tr><tr><td>Linhas de trabalho<\/td><td class=\"has-text-align-center\" data-align=\"center\">2 linhas<\/td><\/tr><tr><td>Pot\u00eancia de suporte<\/td><td class=\"has-text-align-center\" data-align=\"center\">Trator de 35\u201380 CV<\/td><\/tr><tr><td>Tipo de liga\u00e7\u00e3o<\/td><td class=\"has-text-align-center\" data-align=\"center\">Suspens\u00e3o de tr\u00eas pontos<\/td><\/tr><tr><td>Profundidade de trabalho<\/td><td class=\"has-text-align-center\" data-align=\"center\">10\u201315 cm<\/td><\/tr><tr><td>Peso<\/td><td class=\"has-text-align-center\" data-align=\"center\">350 kg<\/td><\/tr><tr><td>Dimens\u00f5es<\/td><td class=\"has-text-align-center\" data-align=\"center\">2860*1150*1100 mm<\/td><\/tr><tr><td>Efici\u00eancia de trabalho<\/td><td class=\"has-text-align-center\" data-align=\"center\">0,2\u20130,27 hectare\/hora<\/td><\/tr><\/tbody><\/table><figcaption class=\"wp-element-caption\">par\u00e2metros do tipo 2 de colheitadeira de amendoim<\/figcaption><\/figure>    <figure class=\"wp-block-gallery has-nested-images columns-default is-cropped wp-block-gallery-3 is-layout-flex wp-block-gallery-is-layout-flex\"> <figure class=\"wp-block-image size-large\"><img loading=\"lazy\" decoding=\"async\" width=\"720\" height=\"540\" data-id=\"582\" src=\"https:\/\/bestpeanutmachine.com\/wp-content\/uploads\/2025\/11\/peanut-harvester-machine-for-sale.webp\" alt=\"m\u00e1quina colheitadeira de amendoim \" class=\"wp-image-582\" srcset=\"https:\/\/bestpeanutmachine.com\/wp-content\/uploads\/2025\/11\/peanut-harvester-machine-for-sale.webp 720w, https:\/\/bestpeanutmachine.com\/wp-content\/uploads\/2025\/11\/peanut-harvester-machine-for-sale-300x225.webp 300w, https:\/\/bestpeanutmachine.com\/wp-content\/uploads\/2025\/11\/peanut-harvester-machine-for-sale-16x12.webp 16w\" sizes=\"auto, (max-width: 720px) 100vw, 720px\" \/><figcaption class=\"wp-element-caption\">melhor m\u00e1quina colheitadeira de amendoim <\/figcaption><\/figure> <\/figure>    <h3 class=\"wp-block-heading\"><strong>Tipo 3: Colheitadeira de amendoim mais vendida<\/strong><\/h3>    <h4 class=\"wp-block-heading\"><strong>Destaques da <strong>amendoim<\/strong> m\u00e1quina de escava\u00e7\u00e3o<\/strong><\/h4>    <p>Este tipo de colheitadeira de amendoim \u00e9 equipado com um dispositivo de vibra\u00e7\u00e3o de solo de duas fases que separa efetivamente o solo do amendoim. O escarificador de amendoim Taizy possui uma estrutura de quadro de a\u00e7o refor\u00e7ado com soldagem refor\u00e7ada, garantindo durabilidade e adequa\u00e7\u00e3o a v\u00e1rios terrenos e tipos de solo.<\/p>    <h4 class=\"wp-block-heading\"><strong>Modelos e <strong>par\u00e2metros<\/strong> da m\u00e1quina autom\u00e1tica de colheita de amendoim<\/strong><\/h4>    <figure class=\"wp-block-table\"><table class=\"has-fixed-layout\"><tbody><tr><td>Modelo<\/td><td class=\"has-text-align-center\" data-align=\"center\">TZ-820<\/td><td class=\"has-text-align-center\" data-align=\"center\">TZ-900<\/td><td class=\"has-text-align-center\" data-align=\"center\">TZ-1650<\/td><\/tr><tr><td>Pot\u00eancia de suporte<\/td><td class=\"has-text-align-center\" data-align=\"center\">Trator de 25 CV<\/td><td class=\"has-text-align-center\" data-align=\"center\">Trator de 40 CV<\/td><td class=\"has-text-align-center\" data-align=\"center\">Trator de 70 CV<\/td><\/tr><tr><td>M\u00e9todo de transmiss\u00e3o<\/td><td class=\"has-text-align-center\" data-align=\"center\">Transmiss\u00e3o por eixo de acionamento<\/td><td class=\"has-text-align-center\" data-align=\"center\">Transmiss\u00e3o por eixo de acionamento<\/td><td class=\"has-text-align-center\" data-align=\"center\">Transmiss\u00e3o por eixo de acionamento<\/td><\/tr><tr><td>Efici\u00eancia de trabalho<\/td><td class=\"has-text-align-center\" data-align=\"center\">0,33\u20130,5 hectare\/hora<\/td><td class=\"has-text-align-center\" data-align=\"center\">0,4\u20130,5 hectare\/hora<\/td><td class=\"has-text-align-center\" data-align=\"center\">0,8\u20130,99 ha\/hora<\/td><\/tr><tr><td>Peso<\/td><td class=\"has-text-align-center\" data-align=\"center\">280 kg<\/td><td class=\"has-text-align-center\" data-align=\"center\">450 kg<\/td><td class=\"has-text-align-center\" data-align=\"center\">875 kg<\/td><\/tr><tr><td>Dimens\u00f5es<\/td><td class=\"has-text-align-center\" data-align=\"center\">2100*1050*1100 mm<\/td><td class=\"has-text-align-center\" data-align=\"center\">2800*1100*1200 mm<\/td><td class=\"has-text-align-center\" data-align=\"center\">2600*1650*1400 mm<\/td><\/tr><\/tbody><\/table><figcaption class=\"wp-element-caption\">par\u00e2metros do colheitador de amendoim do tipo 3<\/figcaption><\/figure>    <figure class=\"wp-block-gallery has-nested-images columns-default is-cropped wp-block-gallery-4 is-layout-flex wp-block-gallery-is-layout-flex\"> <figure class=\"wp-block-image size-large\"><img loading=\"lazy\" decoding=\"async\" width=\"720\" height=\"540\" data-id=\"583\" src=\"https:\/\/bestpeanutmachine.com\/wp-content\/uploads\/2025\/11\/groundnut-harvesting-machine.webp\" alt=\"m\u00e1quina de colheita de amendoim\" class=\"wp-image-583\" srcset=\"https:\/\/bestpeanutmachine.com\/wp-content\/uploads\/2025\/11\/groundnut-harvesting-machine.webp 720w, https:\/\/bestpeanutmachine.com\/wp-content\/uploads\/2025\/11\/groundnut-harvesting-machine-300x225.webp 300w, https:\/\/bestpeanutmachine.com\/wp-content\/uploads\/2025\/11\/groundnut-harvesting-machine-16x12.webp 16w\" sizes=\"auto, (max-width: 720px) 100vw, 720px\" \/><figcaption class=\"wp-element-caption\">m\u00e1quina de colheita de amendoim<\/figcaption><\/figure>    <figure class=\"wp-block-image size-large\"><img loading=\"lazy\" decoding=\"async\" width=\"720\" height=\"540\" data-id=\"584\" src=\"https:\/\/bestpeanutmachine.com\/wp-content\/uploads\/2025\/11\/peanut-combine-harvester-machine.webp\" alt=\"M\u00e1quina colheitadeira de amendoim\" class=\"wp-image-584\" srcset=\"https:\/\/bestpeanutmachine.com\/wp-content\/uploads\/2025\/11\/peanut-combine-harvester-machine.webp 720w, https:\/\/bestpeanutmachine.com\/wp-content\/uploads\/2025\/11\/peanut-combine-harvester-machine-300x225.webp 300w, https:\/\/bestpeanutmachine.com\/wp-content\/uploads\/2025\/11\/peanut-combine-harvester-machine-16x12.webp 16w\" sizes=\"auto, (max-width: 720px) 100vw, 720px\" \/><figcaption class=\"wp-element-caption\">M\u00e1quina colheitadeira de amendoim<\/figcaption><\/figure> <\/figure>    <h2 class=\"wp-block-heading\"><strong>Como funciona a m\u00e1quina de escarifica\u00e7\u00e3o de amendoim?<\/strong><\/h2>    <p>Com a ajuda da m\u00e1quina de escarifica\u00e7\u00e3o de amendoim, a colheita de amendoim foi simplificada em tr\u00eas passos f\u00e1ceis, melhorando significativamente a efici\u00eancia do trabalho e reduzindo muito os custos de m\u00e3o-de-obra.<\/p>    <p>Passo 1: A parte frontal da escavadora de amendoim apresenta l\u00e2minas afiadas que cortam o solo, soltando e levantando as plantas de amendoim e suas ra\u00edzes. A profundidade e o \u00e2ngulo das l\u00e2minas podem ser ajustados de acordo com as condi\u00e7\u00f5es do solo e a profundidade de crescimento do amendoim, garantindo que as vagens de amendoim sejam escavadas intactas e sem danos.<\/p>    <p>Passo 2: Ap\u00f3s serem levantados, os amendoins e o solo passar\u00e3o por um sistema de tela vibrat\u00f3ria. Vibra\u00e7\u00f5es fortes ajudam a eliminar o excesso de solo, mantendo os amendoins intactos. Os amendoins limpos entram suavemente na se\u00e7\u00e3o de transporte.<\/p>    <p>Passo 3: Este transportador de correia ir\u00e1 transportar e organizar de forma ordenada os amendoins na superf\u00edcie do campo, facilitando a secagem ou recolha subsequente pelos agricultores. A sua velocidade pode ser ajustada de acordo com as diferentes condi\u00e7\u00f5es do campo e a velocidade do trator.<\/p>    <h2 class=\"wp-block-heading\"><strong>Quanto custa uma m\u00e1quina de colheita de amendoim?<\/strong><\/h2>    <p>A faixa de pre\u00e7o dos colheitadores de amendoim \u00e9 bastante ampla (aproximadamente entre US$1000 e mais de US$5.000). Aqui est\u00e3o os fatores que podem afetar significativamente o custo da m\u00e1quina:<\/p>    <ul class=\"wp-block-list\"> <li>Quanto maior o n\u00famero de acres\/hora que o escarificador de amendoim pode trabalhar de uma s\u00f3 vez, e mais amplo for a sua \u00e1rea de trabalho, geralmente maior ser\u00e1 o pre\u00e7o.<\/li>    <li>O m\u00e9todo de transmiss\u00e3o e a complexidade estrutural tamb\u00e9m afetam bastante o custo da m\u00e1quina. Quanto mais complexa a estrutura e mais dur\u00e1veis as pe\u00e7as, maior ser\u00e1 o custo.<\/li>    <li>Se importar de outros pa\u00edses, os custos de envio e tarifas variar\u00e3o dependendo do pa\u00eds.<\/li>    <li>Recursos adicionais adicionados \u00e0 atualiza\u00e7\u00e3o da m\u00e1quina (como opera\u00e7\u00e3o multi-linha, ajuste autom\u00e1tico de profundidade, tela vibrat\u00f3ria, dispositivo de coloca\u00e7\u00e3o e design anti-desalinhamento de corrente) aumentar\u00e3o o pre\u00e7o.<\/li> <\/ul>   <div class=\"wp-block-image\"> <figure class=\"aligncenter size-full\"><img loading=\"lazy\" decoding=\"async\" width=\"720\" height=\"540\" src=\"https:\/\/bestpeanutmachine.com\/wp-content\/uploads\/2025\/11\/peanut-harvester-machine.webp\" alt=\"m\u00e1quina colheitadeira de amendoim\" class=\"wp-image-585\" srcset=\"https:\/\/bestpeanutmachine.com\/wp-content\/uploads\/2025\/11\/peanut-harvester-machine.webp 720w, https:\/\/bestpeanutmachine.com\/wp-content\/uploads\/2025\/11\/peanut-harvester-machine-300x225.webp 300w, https:\/\/bestpeanutmachine.com\/wp-content\/uploads\/2025\/11\/peanut-harvester-machine-16x12.webp 16w\" sizes=\"auto, (max-width: 720px) 100vw, 720px\" \/><figcaption class=\"wp-element-caption\">m\u00e1quina colheitadeira de amendoim<\/figcaption><\/figure> <\/div>   <h2 class=\"wp-block-heading\"><strong>Aplica\u00e7\u00f5es da m\u00e1quina de escarifica\u00e7\u00e3o de amendoim<\/strong><\/h2>    <p class=\"translation-block\">O colheitador de amendoim \u00e9 principalmente usado para uma colheita eficiente de amendoim. \u00c9 adequado para v\u00e1rias condi\u00e7\u00f5es de solo, incluindo solo arenoso, <a href=\"https:\/\/en.wikipedia.org\/wiki\/Loam\" target=\"_blank\" rel=\"noopener\">solo argiloso<\/a>, argila ou solo ligeiramente \u00famido.<\/p>    <p>A Taizy oferece diferentes modelos adequados para fazendas de tamanhos variados. Os modelos 820 ou 900 s\u00e3o ideais para agricultores individuais ou pequenas parcelas. O modelo 1650 \u00e9 adequado para fazendas maiores. Modelos multi-linha ou de alta resist\u00eancia facilitam a colheita mecanizada em grande escala.<\/p>    <p>As colheitadeiras de amendoim s\u00e3o amplamente utilizadas em grandes fazendas de amendoim e cooperativas rurais na \u00cdndia, Nig\u00e9ria, Sud\u00e3o, Senegal e Estados Unidos. Algumas empresas agr\u00edcolas especializadas na produ\u00e7\u00e3o de amendoim tamb\u00e9m compram colheitadeiras para melhorar a efici\u00eancia do trabalho e reduzir quebras durante a colheita.<\/p>    <figure class=\"wp-block-gallery has-nested-images columns-default is-cropped wp-block-gallery-5 is-layout-flex wp-block-gallery-is-layout-flex\"> <figure class=\"wp-block-image size-large\"><img loading=\"lazy\" decoding=\"async\" width=\"720\" height=\"540\" data-id=\"593\" src=\"https:\/\/bestpeanutmachine.com\/wp-content\/uploads\/2025\/11\/groundnut-harvested-by-the-tractor.webp\" alt=\"amendoim colhido pelo trator\" class=\"wp-image-593\" srcset=\"https:\/\/bestpeanutmachine.com\/wp-content\/uploads\/2025\/11\/groundnut-harvested-by-the-tractor.webp 720w, https:\/\/bestpeanutmachine.com\/wp-content\/uploads\/2025\/11\/groundnut-harvested-by-the-tractor-300x225.webp 300w, https:\/\/bestpeanutmachine.com\/wp-content\/uploads\/2025\/11\/groundnut-harvested-by-the-tractor-16x12.webp 16w\" sizes=\"auto, (max-width: 720px) 100vw, 720px\" \/><figcaption class=\"wp-element-caption\">amendoim colhido pelo trator<\/figcaption><\/figure>    <figure class=\"wp-block-image size-large\"><img loading=\"lazy\" decoding=\"async\" width=\"720\" height=\"540\" data-id=\"594\" src=\"https:\/\/bestpeanutmachine.com\/wp-content\/uploads\/2025\/11\/peanut-harvesting-in-the-farm.webp\" alt=\"colheita de amendoim na fazenda\" class=\"wp-image-594\" srcset=\"https:\/\/bestpeanutmachine.com\/wp-content\/uploads\/2025\/11\/peanut-harvesting-in-the-farm.webp 720w, https:\/\/bestpeanutmachine.com\/wp-content\/uploads\/2025\/11\/peanut-harvesting-in-the-farm-300x225.webp 300w, https:\/\/bestpeanutmachine.com\/wp-content\/uploads\/2025\/11\/peanut-harvesting-in-the-farm-16x12.webp 16w\" sizes=\"auto, (max-width: 720px) 100vw, 720px\" \/><figcaption class=\"wp-element-caption\">colheita de amendoim na fazenda<\/figcaption><\/figure> <\/figure>    <h2 class=\"wp-block-heading\"><strong>Perguntas frequentes sobre o escarificador autom\u00e1tico de amendoim<\/strong><\/h2>   <div id=\"rank-math-faq\" class=\"rank-math-block\"> <div class=\"rank-math-list\"> <div id=\"faq-question-1762757305668\" class=\"rank-math-list-item\"> <h3 class=\"rank-math-question\">A escardora de amendoim pode ser usada em solo duro ou \u00famido?<\/h3> <div class=\"rank-math-answer\">  <p>Sim. A m\u00e1quina pode ser equipada com l\u00e2minas de a\u00e7o mangan\u00eas refor\u00e7ado e um sistema de vibra\u00e7\u00e3o ou agita\u00e7\u00e3o que ajuda a soltar o solo e evitar entupimentos.<\/p>  <\/div> <\/div> <div id=\"faq-question-1762757336720\" class=\"rank-math-list-item\"> <h3 class=\"rank-math-question\">Quantos cavalos de pot\u00eancia tem este escavador de amendoim como trator?<\/h3> <div class=\"rank-math-answer\">  <p>20-70CV, Fornecemos diferentes modelos para diferentes necessidades de pot\u00eancia.<\/p>  <\/div> <\/div> <div id=\"faq-question-1762757820059\" class=\"rank-math-list-item\"> <h3 class=\"rank-math-question\">Quantos acres pode colher por hora?<\/h3> <div class=\"rank-math-answer\">  <p>A faixa \u00e9 de 0,33-0,99 acres\/hora.<\/p>  <\/div> <\/div> <div id=\"faq-question-1762757843878\" class=\"rank-math-list-item\"> <h3 class=\"rank-math-question\">Consegue fazer com a minha marca ou cor?<\/h3> <div class=\"rank-math-answer\">  <p>Oferecemos servi\u00e7os de personaliza\u00e7\u00e3o, mas apenas se for atingido um pedido m\u00ednimo.<\/p>  <\/div> <\/div> <div id=\"faq-question-1762757923936\" class=\"rank-math-list-item\"> <h3 class=\"rank-math-question\">Fornece v\u00eddeos ou manuais de opera\u00e7\u00e3o?<\/h3> <div class=\"rank-math-answer\">  <p>Al\u00e9m do servi\u00e7o p\u00f3s-venda um por um, nossos t\u00e9cnicos tamb\u00e9m fornecer\u00e3o orienta\u00e7\u00e3o remota para quaisquer problemas de opera\u00e7\u00e3o da m\u00e1quina.<\/p>  <\/div> <\/div> <\/div> <\/div>   <p>Se estiver interessado nesta m\u00e1quina, por favor contacte o nosso servi\u00e7o de atendimento ao cliente para a \u00faltima cota\u00e7\u00e3o e descontos.<\/p>    <p>Somos a Taizy, uma f\u00e1brica especializada na produ\u00e7\u00e3o e fabrica\u00e7\u00e3o de maquinaria agr\u00edcola, dedicada a fornecer as melhores m\u00e1quinas aos pre\u00e7os mais favor\u00e1veis.<\/p>    <p>Al\u00e9m deste colheitador, tamb\u00e9m fornecemos equipamentos subsequentes de processamento de amendoim:<\/p>    <ul class=\"wp-block-list\"> <li><a href=\"https:\/\/bestpeanutmachine.com\/pt\/product\/peanut-picker-machine\/\">M\u00e1quina selecionadora de amendoim<\/a><\/li>    <li><a href=\"https:\/\/bestpeanutmachine.com\/pt\/product\/peanut-shelling-machine\/\">M\u00e1quina de descascar amendoim<\/a><\/li>    <li><a href=\"https:\/\/bestpeanutmachine.com\/pt\/product\/peanut-peeling-machine\/\">M\u00e1quina de descascar amendoim<\/a><\/li> <\/ul>    <p>Por favor, entre em contato conosco se tiver alguma d\u00favida. Sinta-se \u00e0 vontade para comunicar-se conosco!<\/p>","protected":false},"excerpt":{"rendered":"<p>A Taizy oferece tr\u00eas tipos de escavadoras de amendoim que aumentam a efici\u00eancia da colheita e reduzem os danos \u00e0s culturas. \u00c9 adequada para diferentes tipos de solo e pot\u00eancias de tratores, com opera\u00e7\u00e3o simples e forte suporte t\u00e9cnico.<\/p>","protected":false},"author":1,"featured_media":578,"parent":0,"template":"","tags":[12,11],"product-type":[69,6],"class_list":["post-577","product","type-product","status-publish","has-post-thumbnail","hentry","tag-groundnut","tag-peanut","product-type-peanut-machine","product-type-product"],"_links":{"self":[{"href":"https:\/\/bestpeanutmachine.com\/pt\/wp-json\/wp\/v2\/product\/577","targetHints":{"allow":["GET"]}}],"collection":[{"href":"https:\/\/bestpeanutmachine.com\/pt\/wp-json\/wp\/v2\/product"}],"about":[{"href":"https:\/\/bestpeanutmachine.com\/pt\/wp-json\/wp\/v2\/types\/product"}],"author":[{"embeddable":true,"href":"https:\/\/bestpeanutmachine.com\/pt\/wp-json\/wp\/v2\/users\/1"}],"wp:featuredmedia":[{"embeddable":true,"href":"https:\/\/bestpeanutmachine.com\/pt\/wp-json\/wp\/v2\/media\/578"}],"wp:attachment":[{"href":"https:\/\/bestpeanutmachine.com\/pt\/wp-json\/wp\/v2\/media?parent=577"}],"wp:term":[{"taxonomy":"post_tag","embeddable":true,"href":"https:\/\/bestpeanutmachine.com\/pt\/wp-json\/wp\/v2\/tags?post=577"},{"taxonomy":"product-type","embeddable":true,"href":"https:\/\/bestpeanutmachine.com\/pt\/wp-json\/wp\/v2\/product-type?post=577"}],"curies":[{"name":"wp","href":"https:\/\/api.w.org\/{rel}","templated":true}]}}