{"id":596,"date":"2025-11-18T15:56:40","date_gmt":"2025-11-18T07:56:40","guid":{"rendered":"https:\/\/bestpeanutmachine.com\/?post_type=product&#038;p=596"},"modified":"2025-11-18T15:57:49","modified_gmt":"2025-11-18T07:57:49","slug":"peanut-planter-machine","status":"publish","type":"product","link":"https:\/\/bestpeanutmachine.com\/pt\/product\/peanut-planter-machine\/","title":{"rendered":"M\u00e1quina de Plantar Amendoim Para uma Cultiva\u00e7\u00e3o de Amendoim Eficiente"},"content":{"rendered":"<p class=\"translation-block\">Taizy <strong>m\u00e1quina de planta\u00e7\u00e3o de amendoim<\/strong> pode ser usada com tratores de quatro rodas de 20 cavalos de pot\u00eancia ou mais. Integra fun\u00e7\u00f5es como escava\u00e7\u00e3o, fertiliza\u00e7\u00e3o, semeadura e cobertura, podendo tamb\u00e9m realizar fertiliza\u00e7\u00e3o e semeadura simultaneamente. <\/p>    <p>This peanut seeder&#8217;s production efficiency can reach over 0.5-3.2acres per hour with a lower seeding\u00a0rate of >98%. Besides, its sowing depth, spacing, and distance can be adjusted according to the agricultural planting needs of different regions.<\/p>    <h2 class=\"wp-block-heading\"><strong>Destaques da m\u00e1quina de planta\u00e7\u00e3o de amendoim Taizy<\/strong><\/h2>    <ul class=\"wp-block-list\"> <li>Nosso semeador de amendoim pode realizar v\u00e1rias fun\u00e7\u00f5es numa \u00fanica opera\u00e7\u00e3o, incluindo escava\u00e7\u00e3o, fertiliza\u00e7\u00e3o, semeadura e cobertura. Esta opera\u00e7\u00e3o integrada melhora bastante a efici\u00eancia do semear e \u00e9 adequada para plantio em grande escala.<\/li>    <li>The peanut seeder&#8217;s design incorporates advanced foreign seeding technology, achieving a seeding accuracy of over 98%. This not only ensures uniform seed spacing but also stabilizes seeding depth, resulting in a high germination rate and higher yield.<\/li>    <li>Este semeador pode ajustar automaticamente o espa\u00e7amento entre linhas (300\u2013350 mm), o espa\u00e7amento entre sementes (80\u2013300 mm) e a profundidade de semeadura de acordo com as condi\u00e7\u00f5es do solo local. Assim, \u00e9 adequado para diferentes \u00e1reas agr\u00edcolas, tipos de solo e h\u00e1bitos de plantio.<\/li> <\/ul>   <div class=\"wp-block-image\"> <figure class=\"aligncenter size-full\"><img loading=\"lazy\" decoding=\"async\" width=\"720\" height=\"540\" src=\"https:\/\/bestpeanutmachine.com\/wp-content\/uploads\/2025\/11\/peanut-sowing-machine.webp\" alt=\"m\u00e1quina de semear de amendoim\" class=\"wp-image-598\" srcset=\"https:\/\/bestpeanutmachine.com\/wp-content\/uploads\/2025\/11\/peanut-sowing-machine.webp 720w, https:\/\/bestpeanutmachine.com\/wp-content\/uploads\/2025\/11\/peanut-sowing-machine-300x225.webp 300w, https:\/\/bestpeanutmachine.com\/wp-content\/uploads\/2025\/11\/peanut-sowing-machine-16x12.webp 16w\" sizes=\"auto, (max-width: 720px) 100vw, 720px\" \/><figcaption class=\"wp-element-caption\">m\u00e1quina de semear de amendoim<\/figcaption><\/figure> <\/div>   <h2 class=\"wp-block-heading\"><strong>O que \u00e9 uma m\u00e1quina de semear de amendoim?<\/strong><\/h2>    <p>The peanut planter is specifically designed for precise and efficient peanut planting. It&#8217;s typically paired with a 20-90 horsepower four-wheel tractor, integrating multiple agricultural steps into a continuous workflow, significantly reducing manual labor and improving field efficiency.<\/p>    <p class=\"translation-block\">Os semeadores de amendoim s\u00e3o adequados para diversos ambientes agr\u00edcolas, como planta\u00e7\u00f5es de amendoim, \u00e1reas de plantio em cume, cultivo de amendoim em plan\u00edcies, etc. Al\u00e9m do amendoim, com pequenos ajustes em bandejas de sementes personalizadas, tamb\u00e9m podem plantar soja, <a href=\"https:\/\/en.wikipedia.org\/wiki\/Vicia_faba\" target=\"_blank\" rel=\"noopener\">feij\u00e3o-branco<\/a>, feij\u00e3o vermelho e outras sementes de tamanho m\u00e9dio a grande.<\/p>    <p>Al\u00e9m de criar sulcos, semear, cobrir com terra e fertilizar, esta m\u00e1quina pode ser personalizada com fun\u00e7\u00f5es como pulveriza\u00e7\u00e3o de pesticidas, irriga\u00e7\u00e3o por gotejamento e cobertura do solo.<\/p>    <h2 class=\"wp-block-heading\"><strong>Tipos de m\u00e1quinas de planta\u00e7\u00e3o de amendoim<\/strong><\/h2>    <p>Os semeadores de amendoim est\u00e3o dispon\u00edveis em modelos de 2, 4 e 6 linhas. Os diferentes modelos s\u00e3o desenhados para atender \u00e0s necessidades de fazendas de tamanhos variados, pot\u00eancia de tratores e requisitos de efici\u00eancia de plantio.<\/p>    <h3 class=\"wp-block-heading\"><strong>M\u00e1quina semeadora de amendoim de 2 linhas<\/strong><\/h3>    <figure class=\"wp-block-table\"><table class=\"has-fixed-layout\"><tbody><tr><td>Modelo<\/td><td>2BHMF-2<\/td><\/tr><tr><td>Pot\u00eancia compat\u00edvel<\/td><td>20-40 hp<\/td><\/tr><tr><td>Tamanho<\/td><td>2940\u00d71200\u00d71300 mm<\/td><\/tr><tr><td>Peso<\/td><td>180\u00a0kg<\/td><\/tr><tr><td>Capacidade da caixa de sementes<\/td><td>10 kg *2<\/td><\/tr><tr><td>N\u00famero de linhas<\/td><td>2<\/td><\/tr><tr><td>Espa\u00e7amento entre linhas<\/td><td>300-350 mm<\/td><\/tr><tr><td>Espa\u00e7amento de sementes<\/td><td>80-300 mm<\/td><\/tr><tr><td>Produtividade<\/td><td>0,5-0,8 acres\/h<\/td><\/tr><tr><td>Taxa de semeadura<\/td><td>&gt;98%<\/td><\/tr><\/tbody><\/table><figcaption class=\"wp-element-caption\">par\u00e2metros da m\u00e1quina de planta\u00e7\u00e3o de amendoim<\/figcaption><\/figure>    <figure class=\"wp-block-gallery has-nested-images columns-default is-cropped wp-block-gallery-2 is-layout-flex wp-block-gallery-is-layout-flex\"> <figure class=\"wp-block-image size-large\"><img loading=\"lazy\" decoding=\"async\" width=\"720\" height=\"540\" data-id=\"599\" src=\"https:\/\/bestpeanutmachine.com\/wp-content\/uploads\/2025\/11\/2-row-groundnut-planter-machine.webp\" alt=\"M\u00e1quina semeadora de amendoim de 2 linhas\" class=\"wp-image-599\" srcset=\"https:\/\/bestpeanutmachine.com\/wp-content\/uploads\/2025\/11\/2-row-groundnut-planter-machine.webp 720w, https:\/\/bestpeanutmachine.com\/wp-content\/uploads\/2025\/11\/2-row-groundnut-planter-machine-300x225.webp 300w, https:\/\/bestpeanutmachine.com\/wp-content\/uploads\/2025\/11\/2-row-groundnut-planter-machine-16x12.webp 16w\" sizes=\"auto, (max-width: 720px) 100vw, 720px\" \/><figcaption class=\"wp-element-caption\">M\u00e1quina semeadora de amendoim de 2 linhas<\/figcaption><\/figure>    <figure class=\"wp-block-image size-large\"><img loading=\"lazy\" decoding=\"async\" width=\"720\" height=\"540\" data-id=\"600\" src=\"https:\/\/bestpeanutmachine.com\/wp-content\/uploads\/2025\/11\/2-row-groundnut-seeder-machine.webp\" alt=\"M\u00e1quina semeadora de amendoim de 2 linhas\" class=\"wp-image-600\" srcset=\"https:\/\/bestpeanutmachine.com\/wp-content\/uploads\/2025\/11\/2-row-groundnut-seeder-machine.webp 720w, https:\/\/bestpeanutmachine.com\/wp-content\/uploads\/2025\/11\/2-row-groundnut-seeder-machine-300x225.webp 300w, https:\/\/bestpeanutmachine.com\/wp-content\/uploads\/2025\/11\/2-row-groundnut-seeder-machine-16x12.webp 16w\" sizes=\"auto, (max-width: 720px) 100vw, 720px\" \/><figcaption class=\"wp-element-caption\">M\u00e1quina semeadora de amendoim de 2 linhas<\/figcaption><\/figure> <\/figure>    <h3 class=\"wp-block-heading\"><strong>M\u00e1quina de planta\u00e7\u00e3o de amendoim de 4 linhas<\/strong><\/h3>    <figure class=\"wp-block-table\"><table class=\"has-fixed-layout\"><tbody><tr><td>Modelo<\/td><td>2BHMF-4<\/td><\/tr><tr><td>Pot\u00eancia compat\u00edvel<\/td><td>40-70 hp<\/td><\/tr><tr><td>Tamanho<\/td><td>2940\u00d71600\u00d71300 mm<\/td><\/tr><tr><td>Peso<\/td><td>350\u00a0kg<\/td><\/tr><tr><td>Capacidade da caixa de sementes<\/td><td>10 kg *4<\/td><\/tr><tr><td>N\u00famero de linhas<\/td><td>4<\/td><\/tr><tr><td>Espa\u00e7amento entre linhas<\/td><td>300-350 mm<\/td><\/tr><tr><td>Espa\u00e7amento de sementes<\/td><td>80-300 mm<\/td><\/tr><tr><td>Produtividade<\/td><td>0,8-1,6 acres\/h<\/td><\/tr><tr><td>Taxa de semeadura<\/td><td>&gt;98%<\/td><\/tr><\/tbody><\/table><figcaption class=\"wp-element-caption\">par\u00e2metros da m\u00e1quina de planta\u00e7\u00e3o de amendoim<\/figcaption><\/figure>    <figure class=\"wp-block-gallery has-nested-images columns-default is-cropped wp-block-gallery-3 is-layout-flex wp-block-gallery-is-layout-flex\"> <figure class=\"wp-block-image size-large\"><img loading=\"lazy\" decoding=\"async\" width=\"720\" height=\"540\" data-id=\"601\" src=\"https:\/\/bestpeanutmachine.com\/wp-content\/uploads\/2025\/11\/4-row-peanut-planter-machine.webp\" alt=\"M\u00e1quina de planta\u00e7\u00e3o de amendoim de 4 linhas\" class=\"wp-image-601\" srcset=\"https:\/\/bestpeanutmachine.com\/wp-content\/uploads\/2025\/11\/4-row-peanut-planter-machine.webp 720w, https:\/\/bestpeanutmachine.com\/wp-content\/uploads\/2025\/11\/4-row-peanut-planter-machine-300x225.webp 300w, https:\/\/bestpeanutmachine.com\/wp-content\/uploads\/2025\/11\/4-row-peanut-planter-machine-16x12.webp 16w\" sizes=\"auto, (max-width: 720px) 100vw, 720px\" \/><figcaption class=\"wp-element-caption\">M\u00e1quina de planta\u00e7\u00e3o de amendoim de 4 linhas<\/figcaption><\/figure>    <figure class=\"wp-block-image size-large\"><img loading=\"lazy\" decoding=\"async\" width=\"720\" height=\"540\" data-id=\"602\" src=\"https:\/\/bestpeanutmachine.com\/wp-content\/uploads\/2025\/11\/4-row-peanut-seed-planting-machine.webp\" alt=\"M\u00e1quina de planta\u00e7\u00e3o de sementes de amendoim de 4 linhas\" class=\"wp-image-602\" srcset=\"https:\/\/bestpeanutmachine.com\/wp-content\/uploads\/2025\/11\/4-row-peanut-seed-planting-machine.webp 720w, https:\/\/bestpeanutmachine.com\/wp-content\/uploads\/2025\/11\/4-row-peanut-seed-planting-machine-300x225.webp 300w, https:\/\/bestpeanutmachine.com\/wp-content\/uploads\/2025\/11\/4-row-peanut-seed-planting-machine-16x12.webp 16w\" sizes=\"auto, (max-width: 720px) 100vw, 720px\" \/><figcaption class=\"wp-element-caption\">M\u00e1quina de planta\u00e7\u00e3o de sementes de amendoim de 4 linhas<\/figcaption><\/figure> <\/figure>    <h3 class=\"wp-block-heading\"><strong>M\u00e1quina de semear de 6 linhas de amendoim<\/strong><\/h3>    <figure class=\"wp-block-table\"><table class=\"has-fixed-layout\"><tbody><tr><td>Modelo<\/td><td>2BHMF-6<\/td><\/tr><tr><td>Pot\u00eancia compat\u00edvel<\/td><td>60-90 hp<\/td><\/tr><tr><td>Tamanho<\/td><td>2940\u00d71900\u00d71300 mm<\/td><\/tr><tr><td>Peso<\/td><td>450\u00a0kg<\/td><\/tr><tr><td>Capacidade da caixa de sementes<\/td><td>10 kg *6<\/td><\/tr><tr><td>N\u00famero de linhas<\/td><td>6<\/td><\/tr><tr><td>Espa\u00e7amento entre linhas<\/td><td>300-350 mm<\/td><\/tr><tr><td>Espa\u00e7amento de sementes<\/td><td>80-300 mm<\/td><\/tr><tr><td>Produtividade<\/td><td>1,6-3,2 acres\/h<\/td><\/tr><tr><td>Taxa de semeadura<\/td><td>&gt;98%<\/td><\/tr><\/tbody><\/table><figcaption class=\"wp-element-caption\">Especifica\u00e7\u00f5es da m\u00e1quina de semear de amendoim<\/figcaption><\/figure>    <figure class=\"wp-block-gallery has-nested-images columns-default is-cropped wp-block-gallery-4 is-layout-flex wp-block-gallery-is-layout-flex\"> <figure class=\"wp-block-image size-large\"><img loading=\"lazy\" decoding=\"async\" width=\"720\" height=\"540\" data-id=\"603\" src=\"https:\/\/bestpeanutmachine.com\/wp-content\/uploads\/2025\/11\/6-row-groundnut-sowing-machine.webp\" alt=\"M\u00e1quina de semear de 6 linhas de amendoim\" class=\"wp-image-603\" srcset=\"https:\/\/bestpeanutmachine.com\/wp-content\/uploads\/2025\/11\/6-row-groundnut-sowing-machine.webp 720w, https:\/\/bestpeanutmachine.com\/wp-content\/uploads\/2025\/11\/6-row-groundnut-sowing-machine-300x225.webp 300w, https:\/\/bestpeanutmachine.com\/wp-content\/uploads\/2025\/11\/6-row-groundnut-sowing-machine-16x12.webp 16w\" sizes=\"auto, (max-width: 720px) 100vw, 720px\" \/><figcaption class=\"wp-element-caption\">M\u00e1quina de semear de 6 linhas de amendoim<\/figcaption><\/figure>    <figure class=\"wp-block-image size-large\"><img loading=\"lazy\" decoding=\"async\" width=\"720\" height=\"540\" data-id=\"604\" src=\"https:\/\/bestpeanutmachine.com\/wp-content\/uploads\/2025\/11\/6-row-peanut-sowing-machine.webp\" alt=\"M\u00e1quina de semear de 6 linhas\" class=\"wp-image-604\" srcset=\"https:\/\/bestpeanutmachine.com\/wp-content\/uploads\/2025\/11\/6-row-peanut-sowing-machine.webp 720w, https:\/\/bestpeanutmachine.com\/wp-content\/uploads\/2025\/11\/6-row-peanut-sowing-machine-300x225.webp 300w, https:\/\/bestpeanutmachine.com\/wp-content\/uploads\/2025\/11\/6-row-peanut-sowing-machine-16x12.webp 16w\" sizes=\"auto, (max-width: 720px) 100vw, 720px\" \/><figcaption class=\"wp-element-caption\">M\u00e1quina de semear de 6 linhas<\/figcaption><\/figure> <\/figure>    <h2 class=\"wp-block-heading\"><strong>Pre\u00e7o da m\u00e1quina de planta\u00e7\u00e3o de amendoim e fatores de custo<\/strong><\/h2>    <p>Embora o pre\u00e7o dos semeadores de amendoim varie entre diferentes fabricantes e configura\u00e7\u00f5es, os seguintes fatores-chave influenciam o custo total:<\/p>    <ol class=\"wp-block-list\"> <li>Necessitam de estruturas maiores para maior contagem de linhas, resultando em maior efici\u00eancia, mas tamb\u00e9m em custos de produ\u00e7\u00e3o mais elevados.<\/li>    <li>Materials determine manufacturing quality, in turn, resulting in a higher price. However, thicker steel and reinforced structures extend the machine&#8217;s lifespan and reduce long-term maintenance costs.<\/li>    <li>A importa\u00e7\u00e3o de maquinaria requer considera\u00e7\u00e3o de tarifas, taxas de embalagem e custos de transporte. Algumas empresas cobram uma taxa extra para tratar de todas essas quest\u00f5es, enquanto outras n\u00e3o incluem esses servi\u00e7os, sendo necess\u00e1rio encontrar um transit\u00e1rio por conta pr\u00f3pria.<\/li> <\/ol>    <h2 class=\"wp-block-heading\"><strong>Caso de sucesso: m\u00e1quina de planta\u00e7\u00e3o de amendoim de 6 linhas exportada para a Dinamarca<\/strong><\/h2>    <p>No in\u00edcio de 2025, uma empresa agr\u00edcola dinamarquesa entrou em contacto conosco sobre uma m\u00e1quina de planta\u00e7\u00e3o de amendoim de 6 linhas. Este cliente opera uma grande fazenda de culturas mistas com 180 hectares e recentemente come\u00e7ou a plantar amendoim para atender \u00e0 crescente procura por produtos de amendoim de f\u00e1bricas de processamento de alimentos locais.<\/p>   <div class=\"wp-block-image\"> <figure class=\"aligncenter size-full\"><img loading=\"lazy\" decoding=\"async\" width=\"720\" height=\"540\" src=\"https:\/\/bestpeanutmachine.com\/wp-content\/uploads\/2025\/11\/peanut-planting.webp\" alt=\"planta\u00e7\u00e3o de amendoim\" class=\"wp-image-605\" srcset=\"https:\/\/bestpeanutmachine.com\/wp-content\/uploads\/2025\/11\/peanut-planting.webp 720w, https:\/\/bestpeanutmachine.com\/wp-content\/uploads\/2025\/11\/peanut-planting-300x225.webp 300w, https:\/\/bestpeanutmachine.com\/wp-content\/uploads\/2025\/11\/peanut-planting-16x12.webp 16w\" sizes=\"auto, (max-width: 720px) 100vw, 720px\" \/><figcaption class=\"wp-element-caption\">planta\u00e7\u00e3o de amendoim<\/figcaption><\/figure> <\/div>   <p>O cliente procurava uma solu\u00e7\u00e3o totalmente mecanizada para o plantio de amendoim, a fim de melhorar a precis\u00e3o do plantio e reduzir os custos operacionais. Por isso, entrou em contacto com a Taizy atrav\u00e9s do nosso website.<\/p>    <p>Ap\u00f3s comunica\u00e7\u00e3o com os nossos profissionais, o cliente finalizou o pedido: um modelo 2BHMF-6 equipado com um escavador de sulcos refor\u00e7ado e fertilizante de a\u00e7o inoxid\u00e1vel para exporta\u00e7\u00e3o.<\/p>    <p>Dentro de vinte dias de produ\u00e7\u00e3o, nossa f\u00e1brica concluiu as etapas finais de aplica\u00e7\u00e3o de \u00f3leo anti- ferrugem e instala\u00e7\u00e3o de estruturas de prote\u00e7\u00e3o. Utilizamos caixas de madeira de grau de exporta\u00e7\u00e3o para embalagem final e enviamos por navio de carga com destino \u00e0 Dinamarca.<\/p>    <figure class=\"wp-block-gallery has-nested-images columns-2 is-cropped wp-block-gallery-5 is-layout-flex wp-block-gallery-is-layout-flex\"> <figure class=\"wp-block-image size-large\"><img loading=\"lazy\" decoding=\"async\" width=\"720\" height=\"540\" data-id=\"606\" src=\"https:\/\/bestpeanutmachine.com\/wp-content\/uploads\/2025\/11\/groundnut-seeder-machine.webp\" alt=\"semeador de amendoim\" class=\"wp-image-606\" srcset=\"https:\/\/bestpeanutmachine.com\/wp-content\/uploads\/2025\/11\/groundnut-seeder-machine.webp 720w, https:\/\/bestpeanutmachine.com\/wp-content\/uploads\/2025\/11\/groundnut-seeder-machine-300x225.webp 300w, https:\/\/bestpeanutmachine.com\/wp-content\/uploads\/2025\/11\/groundnut-seeder-machine-16x12.webp 16w\" sizes=\"auto, (max-width: 720px) 100vw, 720px\" \/><figcaption class=\"wp-element-caption\">semeador de amendoim<\/figcaption><\/figure>    <figure class=\"wp-block-image size-large\"><img loading=\"lazy\" decoding=\"async\" width=\"720\" height=\"540\" data-id=\"608\" src=\"https:\/\/bestpeanutmachine.com\/wp-content\/uploads\/2025\/11\/peanut-planter-in-stock.webp\" alt=\"semeador de amendoim em stock\" class=\"wp-image-608\" srcset=\"https:\/\/bestpeanutmachine.com\/wp-content\/uploads\/2025\/11\/peanut-planter-in-stock.webp 720w, https:\/\/bestpeanutmachine.com\/wp-content\/uploads\/2025\/11\/peanut-planter-in-stock-300x225.webp 300w, https:\/\/bestpeanutmachine.com\/wp-content\/uploads\/2025\/11\/peanut-planter-in-stock-16x12.webp 16w\" sizes=\"auto, (max-width: 720px) 100vw, 720px\" \/><figcaption class=\"wp-element-caption\">semeador de amendoim em stock<\/figcaption><\/figure>    <figure class=\"wp-block-image size-large\"><img loading=\"lazy\" decoding=\"async\" width=\"720\" height=\"540\" data-id=\"607\" src=\"https:\/\/bestpeanutmachine.com\/wp-content\/uploads\/2025\/11\/peanut-planting-machine-to-Denmark.webp\" alt=\"m\u00e1quina de planta\u00e7\u00e3o de amendoim para a Dinamarca\" class=\"wp-image-607\" srcset=\"https:\/\/bestpeanutmachine.com\/wp-content\/uploads\/2025\/11\/peanut-planting-machine-to-Denmark.webp 720w, https:\/\/bestpeanutmachine.com\/wp-content\/uploads\/2025\/11\/peanut-planting-machine-to-Denmark-300x225.webp 300w, https:\/\/bestpeanutmachine.com\/wp-content\/uploads\/2025\/11\/peanut-planting-machine-to-Denmark-16x12.webp 16w\" sizes=\"auto, (max-width: 720px) 100vw, 720px\" \/><figcaption class=\"wp-element-caption\">m\u00e1quina de planta\u00e7\u00e3o de amendoim para a Dinamarca<\/figcaption><\/figure>    <figure class=\"wp-block-image size-large\"><img loading=\"lazy\" decoding=\"async\" width=\"720\" height=\"540\" data-id=\"609\" src=\"https:\/\/bestpeanutmachine.com\/wp-content\/uploads\/2025\/11\/peanut-seeder-with-wooden-packaging.webp\" alt=\"semeador de amendoim com embalagem de madeira\" class=\"wp-image-609\" srcset=\"https:\/\/bestpeanutmachine.com\/wp-content\/uploads\/2025\/11\/peanut-seeder-with-wooden-packaging.webp 720w, https:\/\/bestpeanutmachine.com\/wp-content\/uploads\/2025\/11\/peanut-seeder-with-wooden-packaging-300x225.webp 300w, https:\/\/bestpeanutmachine.com\/wp-content\/uploads\/2025\/11\/peanut-seeder-with-wooden-packaging-16x12.webp 16w\" sizes=\"auto, (max-width: 720px) 100vw, 720px\" \/><figcaption class=\"wp-element-caption\">semeador de amendoim com embalagem de madeira<\/figcaption><\/figure> <\/figure>    <p>Como uma f\u00e1brica exportadora de maquinaria agr\u00edcola h\u00e1 mais de uma d\u00e9cada, a Taizy n\u00e3o s\u00f3 oferece produtos com pre\u00e7os transparentes, mas tamb\u00e9m servi\u00e7os completos e sem preocupa\u00e7\u00f5es, incluindo frete personalizado e desembara\u00e7o aduaneiro.<\/p>    <p>Se tiver alguma solicita\u00e7\u00e3o, consulte-nos.<\/p>    <p>Al\u00e9m desta m\u00e1quina, tamb\u00e9m fornecemos:<\/p>    <ul class=\"wp-block-list\"> <li><a href=\"https:\/\/bestpeanutmachine.com\/pt\/product\/peanut-digger-machine\/\">M\u00e1quina de Escavar Amendoim<\/a><\/li>    <li><a href=\"https:\/\/bestpeanutmachine.com\/pt\/product\/peanut-picker-machine\/\">M\u00e1quina selecionadora de amendoim<\/a><\/li>    <li><a href=\"https:\/\/bestpeanutmachine.com\/pt\/product\/peanut-shelling-machine\/\">M\u00e1quina de descascar amendoim<\/a><\/li> <\/ul>","protected":false},"excerpt":{"rendered":"<p>This high-efficiency peanut planter is suitable for 20-70 horsepower tractors, supporting 2-6 row planting with adjustable planting depth and row spacing, and a planting rate of up to 1.5 acres per hour.<\/p>","protected":false},"author":1,"featured_media":597,"parent":0,"template":"","tags":[12,11],"product-type":[69,6],"class_list":["post-596","product","type-product","status-publish","has-post-thumbnail","hentry","tag-groundnut","tag-peanut","product-type-peanut-machine","product-type-product"],"_links":{"self":[{"href":"https:\/\/bestpeanutmachine.com\/pt\/wp-json\/wp\/v2\/product\/596","targetHints":{"allow":["GET"]}}],"collection":[{"href":"https:\/\/bestpeanutmachine.com\/pt\/wp-json\/wp\/v2\/product"}],"about":[{"href":"https:\/\/bestpeanutmachine.com\/pt\/wp-json\/wp\/v2\/types\/product"}],"author":[{"embeddable":true,"href":"https:\/\/bestpeanutmachine.com\/pt\/wp-json\/wp\/v2\/users\/1"}],"wp:featuredmedia":[{"embeddable":true,"href":"https:\/\/bestpeanutmachine.com\/pt\/wp-json\/wp\/v2\/media\/597"}],"wp:attachment":[{"href":"https:\/\/bestpeanutmachine.com\/pt\/wp-json\/wp\/v2\/media?parent=596"}],"wp:term":[{"taxonomy":"post_tag","embeddable":true,"href":"https:\/\/bestpeanutmachine.com\/pt\/wp-json\/wp\/v2\/tags?post=596"},{"taxonomy":"product-type","embeddable":true,"href":"https:\/\/bestpeanutmachine.com\/pt\/wp-json\/wp\/v2\/product-type?post=596"}],"curies":[{"name":"wp","href":"https:\/\/api.w.org\/{rel}","templated":true}]}}