{"id":611,"date":"2025-11-26T15:13:59","date_gmt":"2025-11-26T07:13:59","guid":{"rendered":"https:\/\/bestpeanutmachine.com\/?post_type=product&#038;p=611"},"modified":"2025-11-26T16:53:49","modified_gmt":"2025-11-26T08:53:49","slug":"fresh-cocoa-pod-breaking-machine","status":"publish","type":"product","link":"https:\/\/bestpeanutmachine.com\/pt\/product\/fresh-cocoa-pod-breaking-machine\/","title":{"rendered":"M\u00e1quina de quebra de vagens de cacau fresca para pr\u00e9-processamento de gr\u00e3os de cacau"},"content":{"rendered":"<p class=\"translation-block\">Este <strong>cocoa pod breaking machine<\/strong> inclui um separador de vagens de cacau fresco e um separador de vagens de cacau, formando uma linha de produ\u00e7\u00e3o completa de processamento de vagens de cacau. Separa automaticamente as vagens de cacau frescas, distinguindo as vagens dos gr\u00e3os, representando o primeiro passo no pr\u00e9-processamento do gr\u00e3o de cacau.<\/p>    <p>O nosso equipamento de abertura de vagens de cacau pode processar 300-1000 kg\/h de vagens de cacau utilizando materiais de contato de grau alimentar (a\u00e7o inoxid\u00e1vel 304), o que \u00e9 ideal para o pr\u00e9-processamento de gr\u00e3os de cacau de regi\u00f5es produtoras de cacau na \u00c1frica, Sudeste Asi\u00e1tico e Am\u00e9rica do Sul.<\/p>    <figure class=\"wp-block-embed aligncenter is-type-video is-provider-youtube wp-block-embed-youtube wp-embed-aspect-16-9 wp-has-aspect-ratio\"><div class=\"wp-block-embed__wrapper\"> <iframe loading=\"lazy\" title=\"\ud83c\udf6bCocoa Pod Breaking Machine Contact 8617703863868 ou Email info@bestpeanutmachine.com\" width=\"500\" height=\"281\" src=\"https:\/\/www.youtube.com\/embed\/uf6JMPvDcXw?feature=oembed\" frameborder=\"0\" allow=\"accelerometer; autoplay; clipboard-write; encrypted-media; gyroscope; picture-in-picture; web-share\" referrerpolicy=\"strict-origin-when-cross-origin\" allowfullscreen><\/iframe> <\/div><figcaption class=\"wp-element-caption\">v\u00eddeo de funcionamento da m\u00e1quina de quebra de vagens de cacau<\/figcaption><\/figure>    <h2 class=\"wp-block-heading\"><strong>Vantagens da m\u00e1quina de quebra de vagens de cacau<\/strong><\/h2>    <ul class=\"wp-block-list\"> <li>A nossa m\u00e1quina de quebra de vagens de cacau assegura que os gr\u00e3os de cacau permanecem intactos durante o processo de separa\u00e7\u00e3o, minimizando a fractura dos gr\u00e3os e preservando a qualidade para uma fermenta\u00e7\u00e3o bem-sucedida. \u00c9 ideal para produzir cacau de alta qualidade.<\/li>    <li>The cocoa pod crusher is constructed from food-grade stainless steel in all critical contact areas, ensuring the highest hygiene standards. This stainless steel is not only easy to clean but also corrosion-resistant, greatly extending the machine&#8217;s lifespan.<\/li>    <li>Esta m\u00e1quina de debulhar vagens de cacau oferece v\u00e1rias op\u00e7\u00f5es de capacidade, desde 300 kg\/h at\u00e9 1000 kg\/h, para satisfazer as necessidades de produ\u00e7\u00e3o de cacau em pequena e grande escala.<\/li>    <li>Equipada com correia transportadora, integra-se de forma harmoniosa com outros equipamentos da linha de produ\u00e7\u00e3o de cacau, garantindo um fluxo de trabalho est\u00e1vel, aumentando a produtividade global das explora\u00e7\u00f5es e centros de processamento de cacau e reduzindo os custos de m\u00e3o-de-obra.<\/li> <\/ul>    <figure class=\"wp-block-gallery has-nested-images columns-2 is-cropped wp-block-gallery-2 is-layout-flex wp-block-gallery-is-layout-flex\"> <figure class=\"wp-block-image size-large\"><img loading=\"lazy\" decoding=\"async\" width=\"720\" height=\"540\" data-id=\"613\" src=\"https:\/\/bestpeanutmachine.com\/wp-content\/uploads\/2025\/11\/cocoa-bean-separator.webp\" alt=\"separador de gr\u00e3os de cacau\" class=\"wp-image-613\" srcset=\"https:\/\/bestpeanutmachine.com\/wp-content\/uploads\/2025\/11\/cocoa-bean-separator.webp 720w, https:\/\/bestpeanutmachine.com\/wp-content\/uploads\/2025\/11\/cocoa-bean-separator-300x225.webp 300w, https:\/\/bestpeanutmachine.com\/wp-content\/uploads\/2025\/11\/cocoa-bean-separator-16x12.webp 16w\" sizes=\"auto, (max-width: 720px) 100vw, 720px\" \/><figcaption class=\"wp-element-caption\">separador de gr\u00e3os de cacau<\/figcaption><\/figure>    <figure class=\"wp-block-image size-large\"><img loading=\"lazy\" decoding=\"async\" width=\"720\" height=\"540\" data-id=\"614\" src=\"https:\/\/bestpeanutmachine.com\/wp-content\/uploads\/2025\/11\/cocoa-pod-breaker.webp\" alt=\"quebrador de vagens de cacau\" class=\"wp-image-614\" srcset=\"https:\/\/bestpeanutmachine.com\/wp-content\/uploads\/2025\/11\/cocoa-pod-breaker.webp 720w, https:\/\/bestpeanutmachine.com\/wp-content\/uploads\/2025\/11\/cocoa-pod-breaker-300x225.webp 300w, https:\/\/bestpeanutmachine.com\/wp-content\/uploads\/2025\/11\/cocoa-pod-breaker-16x12.webp 16w\" sizes=\"auto, (max-width: 720px) 100vw, 720px\" \/><figcaption class=\"wp-element-caption\">quebrador de vagens de cacau<\/figcaption><\/figure>    <figure class=\"wp-block-image size-large\"><img loading=\"lazy\" decoding=\"async\" width=\"720\" height=\"540\" data-id=\"615\" src=\"https:\/\/bestpeanutmachine.com\/wp-content\/uploads\/2025\/11\/cocoa-pod-open-equipment.webp\" alt=\"equipamento de abertura de vagens\" class=\"wp-image-615\" srcset=\"https:\/\/bestpeanutmachine.com\/wp-content\/uploads\/2025\/11\/cocoa-pod-open-equipment.webp 720w, https:\/\/bestpeanutmachine.com\/wp-content\/uploads\/2025\/11\/cocoa-pod-open-equipment-300x225.webp 300w, https:\/\/bestpeanutmachine.com\/wp-content\/uploads\/2025\/11\/cocoa-pod-open-equipment-16x12.webp 16w\" sizes=\"auto, (max-width: 720px) 100vw, 720px\" \/><figcaption class=\"wp-element-caption\">equipamento de abertura de vagens<\/figcaption><\/figure>    <figure class=\"wp-block-image size-large\"><img loading=\"lazy\" decoding=\"async\" width=\"720\" height=\"540\" data-id=\"616\" src=\"https:\/\/bestpeanutmachine.com\/wp-content\/uploads\/2025\/11\/cocoa-pod-opening-machine.webp\" alt=\"m\u00e1quina de abertura de vagens de cacau\" class=\"wp-image-616\" srcset=\"https:\/\/bestpeanutmachine.com\/wp-content\/uploads\/2025\/11\/cocoa-pod-opening-machine.webp 720w, https:\/\/bestpeanutmachine.com\/wp-content\/uploads\/2025\/11\/cocoa-pod-opening-machine-300x225.webp 300w, https:\/\/bestpeanutmachine.com\/wp-content\/uploads\/2025\/11\/cocoa-pod-opening-machine-16x12.webp 16w\" sizes=\"auto, (max-width: 720px) 100vw, 720px\" \/><figcaption class=\"wp-element-caption\">m\u00e1quina de abertura de vagens de cacau<\/figcaption><\/figure> <\/figure>    <h2 class=\"wp-block-heading\"><strong>Composi\u00e7\u00e3o do separador de casca de cacau<\/strong><\/h2>    <p>Esta linha de produ\u00e7\u00e3o de separa\u00e7\u00e3o de vagens de cacau consiste em duas m\u00e1quinas principais: um cortador de vagens de cacau fresco e um separador de casca de vagens de cacau. <\/p>    <h3 class=\"wp-block-heading\"><strong>Cortador de separa\u00e7\u00e3o de vagens de cacau<\/strong><\/h3>    <p>Esta podadora de cacau corta vagens de cacau frescas em dois hemisf\u00e9rios limpos, substituindo o processo lento e trabalhoso de abertura manual. O seu mecanismo de corte controlado assegura dano m\u00ednimo aos gr\u00e3os, cortes consistentes e recupera\u00e7\u00e3o aumentada de gr\u00e3os de cacau inteiros.<\/p>   <div class=\"wp-block-image\"> <figure class=\"aligncenter size-full\"><img loading=\"lazy\" decoding=\"async\" width=\"720\" height=\"540\" src=\"https:\/\/bestpeanutmachine.com\/wp-content\/uploads\/2025\/11\/cocoa-pod-cutting-part.webp\" alt=\"parte de corte da vagem de cacau\" class=\"wp-image-621\" srcset=\"https:\/\/bestpeanutmachine.com\/wp-content\/uploads\/2025\/11\/cocoa-pod-cutting-part.webp 720w, https:\/\/bestpeanutmachine.com\/wp-content\/uploads\/2025\/11\/cocoa-pod-cutting-part-300x225.webp 300w, https:\/\/bestpeanutmachine.com\/wp-content\/uploads\/2025\/11\/cocoa-pod-cutting-part-16x12.webp 16w\" sizes=\"auto, (max-width: 720px) 100vw, 720px\" \/><figcaption class=\"wp-element-caption\">parte de corte da vagem de cacau<\/figcaption><\/figure> <\/div>   <h3 class=\"wp-block-heading\"><strong>Casca de cacau e separador de gr\u00e3os<\/strong><\/h3>    <p>Ap\u00f3s a separa\u00e7\u00e3o, o separador utiliza tambores rotativos e um sistema de vibra\u00e7\u00e3o para separar r\u00e1pidamente os gr\u00e3os das cascas partidas. Superf\u00edcies de contato em a\u00e7o inoxid\u00e1vel especiais asseguram um processo higi\u00e9nico e reduzem a contamina\u00e7\u00e3o, mantendo a integridade dos gr\u00e3os para uso direto na fermenta\u00e7\u00e3o.<\/p>   <div class=\"wp-block-image\"> <figure class=\"aligncenter size-full\"><img loading=\"lazy\" decoding=\"async\" width=\"720\" height=\"540\" src=\"https:\/\/bestpeanutmachine.com\/wp-content\/uploads\/2025\/11\/cocoa-husk-and-bean-separating-part.webp\" alt=\"casca de cacau e parte de separa\u00e7\u00e3o de gr\u00e3os\" class=\"wp-image-622\" srcset=\"https:\/\/bestpeanutmachine.com\/wp-content\/uploads\/2025\/11\/cocoa-husk-and-bean-separating-part.webp 720w, https:\/\/bestpeanutmachine.com\/wp-content\/uploads\/2025\/11\/cocoa-husk-and-bean-separating-part-300x225.webp 300w, https:\/\/bestpeanutmachine.com\/wp-content\/uploads\/2025\/11\/cocoa-husk-and-bean-separating-part-16x12.webp 16w\" sizes=\"auto, (max-width: 720px) 100vw, 720px\" \/><figcaption class=\"wp-element-caption\">casca de cacau e parte de separa\u00e7\u00e3o de gr\u00e3os<\/figcaption><\/figure> <\/div>   <p>Taizy&#8217;s integrated design of these cocoa pod breaking machines significantly improves production efficiency, reduces labor costs, and ensures high-quality cocoa bean production.<\/p>    <h2 class=\"wp-block-heading\"><strong>Dois modelos e as suas especifica\u00e7\u00f5es t\u00e9cnicas<\/strong><\/h2>    <h3 class=\"wp-block-heading\"><strong>M\u00e1quina de processamento de gr\u00e3os de cacau 800\u20131000 kg\/h<\/strong><\/h3>    <figure class=\"wp-block-table\"><table><tbody><tr><td>M\u00e1quina<\/td><td class=\"has-text-align-center\" data-align=\"center\">m\u00e1quina de separa\u00e7\u00e3o de vagens de cacau<\/td><td class=\"has-text-align-center\" data-align=\"center\">Separador de casca de gr\u00e3o de cacau<\/td><\/tr><tr><td>Capacidade<\/td><td class=\"has-text-align-center\" data-align=\"center\">300\u2013400 kg\/h<\/td><td class=\"has-text-align-center\" data-align=\"center\">300\u2013400 kg\/h<\/td><\/tr><tr><td>Poder<\/td><td class=\"has-text-align-center\" data-align=\"center\">0.75 kW<\/td><td class=\"has-text-align-center\" data-align=\"center\">1.1 kW<\/td><\/tr><tr><td>Tens\u00e3o<\/td><td class=\"has-text-align-center\" data-align=\"center\">380 V 50 Hz<\/td><td class=\"has-text-align-center\" data-align=\"center\">380 V 50 Hz<\/td><\/tr><tr><td>Dimens\u00f5es<\/td><td class=\"has-text-align-center\" data-align=\"center\">1.6*0.6*1.6 m<\/td><td class=\"has-text-align-center\" data-align=\"center\">2*1.3*1.7 m<\/td><\/tr><tr><td>Material<\/td><td class=\"has-text-align-center\" data-align=\"center\">Correia em a\u00e7o inoxid\u00e1vel 201 e estrutura em a\u00e7o carbono<\/td><td class=\"has-text-align-center\" data-align=\"center\">Tambor de a\u00e7o inoxid\u00e1vel 201 e funil, estrutura de a\u00e7o carbono<\/td><\/tr><tr><td>Peso<\/td><td class=\"has-text-align-center\" data-align=\"center\">150 kg<\/td><td class=\"has-text-align-center\" data-align=\"center\">180 kg<\/td><\/tr><\/tbody><\/table><figcaption class=\"wp-element-caption\">par\u00e2metros de uma linha de produ\u00e7\u00e3o de cacau de pequena capacidade<\/figcaption><\/figure>   <div class=\"wp-block-image\"> <figure class=\"aligncenter size-full\"><img loading=\"lazy\" decoding=\"async\" width=\"720\" height=\"540\" src=\"https:\/\/bestpeanutmachine.com\/wp-content\/uploads\/2025\/11\/cocoa-pod-and-beans-separating-machine.webp\" alt=\"m\u00e1quina de separa\u00e7\u00e3o de vagens e gr\u00e3os de cacau\" class=\"wp-image-617\" srcset=\"https:\/\/bestpeanutmachine.com\/wp-content\/uploads\/2025\/11\/cocoa-pod-and-beans-separating-machine.webp 720w, https:\/\/bestpeanutmachine.com\/wp-content\/uploads\/2025\/11\/cocoa-pod-and-beans-separating-machine-300x225.webp 300w, https:\/\/bestpeanutmachine.com\/wp-content\/uploads\/2025\/11\/cocoa-pod-and-beans-separating-machine-16x12.webp 16w\" sizes=\"auto, (max-width: 720px) 100vw, 720px\" \/><figcaption class=\"wp-element-caption\">m\u00e1quina de separa\u00e7\u00e3o de vagens e gr\u00e3os de cacau<\/figcaption><\/figure> <\/div>   <h3 class=\"wp-block-heading\"><strong>M\u00e1quina de quebra de vagens de cacau 300\u2013400 kg\/h<\/strong><\/h3>    <figure class=\"wp-block-table\"><table><tbody><tr><td>M\u00e1quina<\/td><td class=\"has-text-align-center\" data-align=\"center\">m\u00e1quina de separa\u00e7\u00e3o de vagens de cacau<\/td><td class=\"has-text-align-center\" data-align=\"center\">Separador de casca de gr\u00e3o de cacau<\/td><\/tr><tr><td>Capacidade<\/td><td class=\"has-text-align-center\" data-align=\"center\">800-1000 kg\/h<\/td><td class=\"has-text-align-center\" data-align=\"center\">800-1000 kg\/h<\/td><\/tr><tr><td>Poder<\/td><td class=\"has-text-align-center\" data-align=\"center\">0.75 kW<\/td><td class=\"has-text-align-center\" data-align=\"center\">1.1 kW<\/td><\/tr><tr><td>Tens\u00e3o<\/td><td class=\"has-text-align-center\" data-align=\"center\">380 V 50 Hz<\/td><td class=\"has-text-align-center\" data-align=\"center\">380 V 50 Hz<\/td><\/tr><tr><td>Dimens\u00f5es<\/td><td class=\"has-text-align-center\" data-align=\"center\">1.6*0.6*2 m<\/td><td class=\"has-text-align-center\" data-align=\"center\">2.8*1.1*2.2 m<\/td><\/tr><tr><td>Material<\/td><td class=\"has-text-align-center\" data-align=\"center\">A\u00e7o carbono<\/td><td class=\"has-text-align-center\" data-align=\"center\">A\u00e7o inoxid\u00e1vel em contacto com alimentos e estrutura em a\u00e7o carbono<\/td><\/tr><tr><td>Peso<\/td><td class=\"has-text-align-center\" data-align=\"center\">160 kg<\/td><td class=\"has-text-align-center\" data-align=\"center\">380 kg<\/td><\/tr><\/tbody><\/table><figcaption class=\"wp-element-caption\">par\u00e2metros da linha de separa\u00e7\u00e3o de vagens de cacau de grande capacidade<\/figcaption><\/figure>   <div class=\"wp-block-image\"> <figure class=\"aligncenter size-full\"><img loading=\"lazy\" decoding=\"async\" width=\"720\" height=\"540\" src=\"https:\/\/bestpeanutmachine.com\/wp-content\/uploads\/2025\/11\/cocoa-pod-splitting-machine.webp\" alt=\"m\u00e1quina de separa\u00e7\u00e3o de vagens de cacau\" class=\"wp-image-618\" srcset=\"https:\/\/bestpeanutmachine.com\/wp-content\/uploads\/2025\/11\/cocoa-pod-splitting-machine.webp 720w, https:\/\/bestpeanutmachine.com\/wp-content\/uploads\/2025\/11\/cocoa-pod-splitting-machine-300x225.webp 300w, https:\/\/bestpeanutmachine.com\/wp-content\/uploads\/2025\/11\/cocoa-pod-splitting-machine-16x12.webp 16w\" sizes=\"auto, (max-width: 720px) 100vw, 720px\" \/><figcaption class=\"wp-element-caption\">m\u00e1quina de separa\u00e7\u00e3o de vagens de cacau<\/figcaption><\/figure> <\/div>   <h2 class=\"wp-block-heading\"><strong>Aplica\u00e7\u00f5es desta m\u00e1quina de quebra de vagem de cacau<\/strong><\/h2>    <p>Esta m\u00e1quina \u00e9 principalmente usada para o pr\u00e9-processamento de gr\u00e3os de cacau. Para cooperativas de planta\u00e7\u00e3o de cacau, esta m\u00e1quina simplifica todo o fluxo de processamento de vagens, permitindo que os membros da cooperativa lidem com lotes maiores de gr\u00e3os de cacau com qualidade consistente.<\/p>    <p>Para produtores de cacau que procuram aumentar a produ\u00e7\u00e3o, a m\u00e1quina de quebra de vagens de cacau \u00e9 uma ferramenta importante para aumentar a capacidade de processamento sem influenciar a qualidade. Com o aumento da procura de cacau, esta m\u00e1quina permite aos produtores escalar a produ\u00e7\u00e3o sem aumentar significativamente a for\u00e7a de trabalho.<\/p>    <p>\u00c0 medida que a procura mundial por gr\u00e3os de cacau de alta qualidade continua a crescer, os produtores precisam de assegurar que os seus produtos cumprem os padr\u00f5es internacionais. Esta m\u00e1quina ajuda os produtores a manterem uma vantagem competitiva ao melhorar a qualidade do gr\u00e3o de cacau, a velocidade de processamento e a efici\u00eancia global.<\/p>    <figure class=\"wp-block-gallery has-nested-images columns-default is-cropped wp-block-gallery-3 is-layout-flex wp-block-gallery-is-layout-flex\"> <figure class=\"wp-block-image size-large\"><img loading=\"lazy\" decoding=\"async\" width=\"720\" height=\"540\" data-id=\"624\" src=\"https:\/\/bestpeanutmachine.com\/wp-content\/uploads\/2025\/11\/cocoa-harvest-in-rural-areas.webp\" alt=\"colheita de cacau em zonas rurais\" class=\"wp-image-624\" srcset=\"https:\/\/bestpeanutmachine.com\/wp-content\/uploads\/2025\/11\/cocoa-harvest-in-rural-areas.webp 720w, https:\/\/bestpeanutmachine.com\/wp-content\/uploads\/2025\/11\/cocoa-harvest-in-rural-areas-300x225.webp 300w, https:\/\/bestpeanutmachine.com\/wp-content\/uploads\/2025\/11\/cocoa-harvest-in-rural-areas-16x12.webp 16w\" sizes=\"auto, (max-width: 720px) 100vw, 720px\" \/><figcaption class=\"wp-element-caption\">colheita de cacau em zonas rurais<\/figcaption><\/figure>    <figure class=\"wp-block-image size-large\"><img loading=\"lazy\" decoding=\"async\" width=\"720\" height=\"540\" data-id=\"623\" src=\"https:\/\/bestpeanutmachine.com\/wp-content\/uploads\/2025\/11\/artificial-opening-of-cocoa-pods.webp\" alt=\"abertura artificial de vagens de cacau\" class=\"wp-image-623\" srcset=\"https:\/\/bestpeanutmachine.com\/wp-content\/uploads\/2025\/11\/artificial-opening-of-cocoa-pods.webp 720w, https:\/\/bestpeanutmachine.com\/wp-content\/uploads\/2025\/11\/artificial-opening-of-cocoa-pods-300x225.webp 300w, https:\/\/bestpeanutmachine.com\/wp-content\/uploads\/2025\/11\/artificial-opening-of-cocoa-pods-16x12.webp 16w\" sizes=\"auto, (max-width: 720px) 100vw, 720px\" \/><figcaption class=\"wp-element-caption\">abertura artificial de vagens de cacau<\/figcaption><\/figure> <\/figure>    <h2 class=\"wp-block-heading\"><strong>Casos de sucesso<\/strong><\/h2>    <p>O nosso cliente \u00e9 uma cooperativa de cacau localizada em Gana. A cooperativa trabalha com mais de 200 agricultores de pequena escala que produzem gr\u00e3os de cacau de alta qualidade, mas t\u00eam enfrentado velocidades de processamento lentas e custos de m\u00e3o-de-obra elevados. <\/p>    <p>M\u00e9todos tradicionais de esmagamento de vagens e separa\u00e7\u00e3o de gr\u00e3os de cacau tornam cada vez mais dif\u00edcil manter a qualidade do produto e satisfazer a crescente procura por exporta\u00e7\u00e3o de cacau. Para melhorar a qualidade do produto e assegurar o melhor pre\u00e7o de venda, decidiram investir numa m\u00e1quina de quebra de vagens de cacau.<\/p>    <p>After transportation, the machines were installed in the cooperative&#8217;s central processing center. With Taizy&#8217;s assistance, the cocoa bean production team received comprehensive equipment operation training and developed a regular maintenance plan to ensure the long-term reliability of the equipment.<\/p>    <figure class=\"wp-block-gallery has-nested-images columns-default is-cropped wp-block-gallery-4 is-layout-flex wp-block-gallery-is-layout-flex\"> <figure class=\"wp-block-image size-large\"><img loading=\"lazy\" decoding=\"async\" width=\"720\" height=\"540\" data-id=\"620\" src=\"https:\/\/bestpeanutmachine.com\/wp-content\/uploads\/2025\/11\/cocoa-husk-splitting-machine-packaging.webp\" alt=\"embalagem de m\u00e1quina de separa\u00e7\u00e3o de casca de cacau\" class=\"wp-image-620\" srcset=\"https:\/\/bestpeanutmachine.com\/wp-content\/uploads\/2025\/11\/cocoa-husk-splitting-machine-packaging.webp 720w, https:\/\/bestpeanutmachine.com\/wp-content\/uploads\/2025\/11\/cocoa-husk-splitting-machine-packaging-300x225.webp 300w, https:\/\/bestpeanutmachine.com\/wp-content\/uploads\/2025\/11\/cocoa-husk-splitting-machine-packaging-16x12.webp 16w\" sizes=\"auto, (max-width: 720px) 100vw, 720px\" \/><figcaption class=\"wp-element-caption\">embalagem de m\u00e1quina de separa\u00e7\u00e3o de casca de cacau<\/figcaption><\/figure>    <figure class=\"wp-block-image size-large\"><img loading=\"lazy\" decoding=\"async\" width=\"720\" height=\"540\" data-id=\"619\" src=\"https:\/\/bestpeanutmachine.com\/wp-content\/uploads\/2025\/11\/cocoa-pod-husker.webp\" alt=\"podadora de cacau\" class=\"wp-image-619\" srcset=\"https:\/\/bestpeanutmachine.com\/wp-content\/uploads\/2025\/11\/cocoa-pod-husker.webp 720w, https:\/\/bestpeanutmachine.com\/wp-content\/uploads\/2025\/11\/cocoa-pod-husker-300x225.webp 300w, https:\/\/bestpeanutmachine.com\/wp-content\/uploads\/2025\/11\/cocoa-pod-husker-16x12.webp 16w\" sizes=\"auto, (max-width: 720px) 100vw, 720px\" \/><figcaption class=\"wp-element-caption\">podadora de cacau<\/figcaption><\/figure> <\/figure>    <p>&#8220;Since we installed the machines, our efficiency and quality have improved significantly. Processing time has been reduced. Our cocoa beans are cleaner and of better quality, and we are now able to sell our products at higher prices, which means a lot to our cooperative.&#8221;<\/p>    <figure class=\"wp-block-embed is-type-video is-provider-youtube wp-block-embed-youtube wp-embed-aspect-9-16 wp-has-aspect-ratio\"><div class=\"wp-block-embed__wrapper\"> <iframe loading=\"lazy\" title=\"Revis\u00e3o da M\u00e1quina de Quebra de Vagens de Cacau \u2013 Abertura de Vagens mais r\u00e1pida, Gr\u00e3os mais limpos! Contacte-me:  8617703863868\" width=\"422\" height=\"750\" src=\"https:\/\/www.youtube.com\/embed\/HzpWgfV9JHU?feature=oembed\" frameborder=\"0\" allow=\"accelerometer; autoplay; clipboard-write; encrypted-media; gyroscope; picture-in-picture; web-share\" referrerpolicy=\"strict-origin-when-cross-origin\" allowfullscreen><\/iframe> <\/div><figcaption class=\"wp-element-caption\">V\u00eddeo de feedback de clientes<\/figcaption><\/figure>    <p>This good feedback has become the power that encourages Taizy to launch more products that facilitate food processing. Helping customers achieve better production results is Taizy&#8217;s eternal pursuit. If you have any questions, please contact us.<\/p>    <p>Al\u00e9m desta m\u00e1quina, a minha m\u00e3e tamb\u00e9m fornece outras m\u00e1quinas de produ\u00e7\u00e3o de gr\u00e3os de cacau e linhas de produ\u00e7\u00e3o: <\/p>    <ul class=\"wp-block-list\"> <li><a href=\"https:\/\/bestpeanutmachine.com\/pt\/product\/cocoa-bean-peeling-machine\/\">M\u00e1quina de descascamento de gr\u00e3os de cacau<\/a><\/li>    <li><a href=\"https:\/\/bestpeanutmachine.com\/pt\/product\/2t-cocoa-paste-production-line\/\">Linha de Produ\u00e7\u00e3o de Pasta de Cacau de 2t<\/a><\/li> <\/ul>","protected":false},"excerpt":{"rendered":"<p>This automated cocoa pod breaking machine improves your cocoa pod processing efficiency. Designed specifically for fresh cocoa pods, it ensures clean and undamaged cocoa beans, reduces labor costs, and supports continuous production in farms and factories.<\/p>","protected":false},"author":1,"featured_media":612,"parent":0,"template":"","tags":[80],"product-type":[76,6],"class_list":["post-611","product","type-product","status-publish","has-post-thumbnail","hentry","tag-cocoa","product-type-other-nuts-machine","product-type-product"],"_links":{"self":[{"href":"https:\/\/bestpeanutmachine.com\/pt\/wp-json\/wp\/v2\/product\/611","targetHints":{"allow":["GET"]}}],"collection":[{"href":"https:\/\/bestpeanutmachine.com\/pt\/wp-json\/wp\/v2\/product"}],"about":[{"href":"https:\/\/bestpeanutmachine.com\/pt\/wp-json\/wp\/v2\/types\/product"}],"author":[{"embeddable":true,"href":"https:\/\/bestpeanutmachine.com\/pt\/wp-json\/wp\/v2\/users\/1"}],"wp:featuredmedia":[{"embeddable":true,"href":"https:\/\/bestpeanutmachine.com\/pt\/wp-json\/wp\/v2\/media\/612"}],"wp:attachment":[{"href":"https:\/\/bestpeanutmachine.com\/pt\/wp-json\/wp\/v2\/media?parent=611"}],"wp:term":[{"taxonomy":"post_tag","embeddable":true,"href":"https:\/\/bestpeanutmachine.com\/pt\/wp-json\/wp\/v2\/tags?post=611"},{"taxonomy":"product-type","embeddable":true,"href":"https:\/\/bestpeanutmachine.com\/pt\/wp-json\/wp\/v2\/product-type?post=611"}],"curies":[{"name":"wp","href":"https:\/\/api.w.org\/{rel}","templated":true}]}}