{"id":654,"date":"2025-12-01T16:39:28","date_gmt":"2025-12-01T08:39:28","guid":{"rendered":"https:\/\/bestpeanutmachine.com\/?post_type=product&#038;p=654"},"modified":"2025-12-01T17:38:44","modified_gmt":"2025-12-01T09:38:44","slug":"peanut-cutting-machine","status":"publish","type":"product","link":"https:\/\/bestpeanutmachine.com\/pt\/product\/peanut-cutting-machine\/","title":{"rendered":"M\u00e1quina de Corte de Amendoim para Picagem de Nozes"},"content":{"rendered":"<p class=\"translation-block\">Esta <strong>m\u00e1quina de corte de amendoim<\/strong> foi projetada para produzir gr\u00e2nulos de tamanhos uniformes de amendoins, castanhas de caju e outras nozes, com uma capacidade de at\u00e9 200-300 kg\/h. Sua produ\u00e7\u00e3o consistente e produtos finais de alta qualidade fazem dela uma escolha ideal para as ind\u00fastrias de panifica\u00e7\u00e3o, confeitaria, snacks e processamento de alimentos.<\/p>    <figure class=\"wp-block-embed aligncenter is-type-video is-provider-youtube wp-block-embed-youtube wp-embed-aspect-16-9 wp-has-aspect-ratio\"><div class=\"wp-block-embed__wrapper\"> <iframe loading=\"lazy\" title=\"200\u2013300 kg\/h M\u00e1quina avan\u00e7ada de corte de amendoim para gr\u00e2nulos uniformes Contato 8617703863868\" width=\"500\" height=\"281\" src=\"https:\/\/www.youtube.com\/embed\/zHH7VbQoO38?feature=oembed\" frameborder=\"0\" allow=\"accelerometer; autoplay; clipboard-write; encrypted-media; gyroscope; picture-in-picture; web-share\" referrerpolicy=\"strict-origin-when-cross-origin\" allowfullscreen><\/iframe> <\/div><figcaption class=\"wp-element-caption\">V\u00eddeo de funcionamento da m\u00e1quina de corte de amendoim<\/figcaption><\/figure>    <h2 class=\"wp-block-heading\"><strong>Principais caracter\u00edsticas de uma m\u00e1quina industrial de corte de amendoim<\/strong><\/h2>    <ul class=\"wp-block-list\"> <li>Our badam cutting machine&#8217;s blade gap can be freely adjusted according to the size of the final product requirements. Only one machine can complete the production of multiple particle sizes, effectively reducing equipment purchase costs.<\/li>    <li>Ap\u00f3s a atualiza\u00e7\u00e3o, a nossa estrutura de tritura\u00e7\u00e3o melhorada, com baixo consumo de material e baixa polui\u00e7\u00e3o de \u00f3leo, pode reduzir a propor\u00e7\u00e3o de p\u00f3 triturado ao processar amendoins e nozes, reduzindo assim a perda de mat\u00e9ria-prima e aumentando os lucros.<\/li>    <li>Este equipamento de corte de amendoim est\u00e1 equipado com uma tela vibrat\u00f3ria de m\u00faltiplas camadas. As suas telas com diferentes tamanhos de orif\u00edcio podem separar automaticamente part\u00edculas que atendem \u00e0s especifica\u00e7\u00f5es, tornando o tamanho das part\u00edculas mais uniforme.<\/li> <\/ul>    <figure class=\"wp-block-gallery has-nested-images columns-default is-cropped wp-block-gallery-2 is-layout-flex wp-block-gallery-is-layout-flex\"> <figure class=\"wp-block-image size-large\"><img loading=\"lazy\" decoding=\"async\" width=\"540\" height=\"720\" data-id=\"683\" src=\"https:\/\/bestpeanutmachine.com\/wp-content\/uploads\/2025\/12\/groundnut-chopper-machine.webp\" alt=\"M\u00e1quina de cortador de amendoim\" class=\"wp-image-683\" srcset=\"https:\/\/bestpeanutmachine.com\/wp-content\/uploads\/2025\/12\/groundnut-chopper-machine.webp 540w, https:\/\/bestpeanutmachine.com\/wp-content\/uploads\/2025\/12\/groundnut-chopper-machine-225x300.webp 225w, https:\/\/bestpeanutmachine.com\/wp-content\/uploads\/2025\/12\/groundnut-chopper-machine-9x12.webp 9w\" sizes=\"auto, (max-width: 540px) 100vw, 540px\" \/><figcaption class=\"wp-element-caption\">M\u00e1quina de cortador de amendoim<\/figcaption><\/figure>    <figure class=\"wp-block-image size-large\"><img loading=\"lazy\" decoding=\"async\" width=\"540\" height=\"720\" data-id=\"682\" src=\"https:\/\/bestpeanutmachine.com\/wp-content\/uploads\/2025\/12\/badam-cutting-machine.webp\" alt=\"M\u00e1quina de corte de am\u00eandoas\" class=\"wp-image-682\" srcset=\"https:\/\/bestpeanutmachine.com\/wp-content\/uploads\/2025\/12\/badam-cutting-machine.webp 540w, https:\/\/bestpeanutmachine.com\/wp-content\/uploads\/2025\/12\/badam-cutting-machine-225x300.webp 225w, https:\/\/bestpeanutmachine.com\/wp-content\/uploads\/2025\/12\/badam-cutting-machine-9x12.webp 9w\" sizes=\"auto, (max-width: 540px) 100vw, 540px\" \/><figcaption class=\"wp-element-caption\">M\u00e1quina de corte de am\u00eandoas<\/figcaption><\/figure>    <figure class=\"wp-block-image size-large\"><img loading=\"lazy\" decoding=\"async\" width=\"540\" height=\"720\" data-id=\"684\" src=\"https:\/\/bestpeanutmachine.com\/wp-content\/uploads\/2025\/12\/groundnuts-cutting-machine.webp\" alt=\"M\u00e1quina de corte de amendoim\" class=\"wp-image-684\" srcset=\"https:\/\/bestpeanutmachine.com\/wp-content\/uploads\/2025\/12\/groundnuts-cutting-machine.webp 540w, https:\/\/bestpeanutmachine.com\/wp-content\/uploads\/2025\/12\/groundnuts-cutting-machine-225x300.webp 225w, https:\/\/bestpeanutmachine.com\/wp-content\/uploads\/2025\/12\/groundnuts-cutting-machine-9x12.webp 9w\" sizes=\"auto, (max-width: 540px) 100vw, 540px\" \/><figcaption class=\"wp-element-caption\">M\u00e1quina de corte de amendoim<\/figcaption><\/figure> <\/figure>    <h2 class=\"wp-block-heading\"><strong>Principais aplica\u00e7\u00f5es da m\u00e1quina de corte de nozes<\/strong><\/h2>    <p>Besides peanuts, it can also cut walnuts, macadamia nuts, etc., which are widely used in the food industry as popular ingredients. Many bakeries use it as a topping for bread, a filling for cakes, and as a pastry filling. It not only enhances the taste and chewiness but also improves the product&#8217;s appearance.<\/p>    <p>Al\u00e9m disso, \u00e9 tamb\u00e9m um ingrediente indispens\u00e1vel na produ\u00e7\u00e3o de doces e snacks, bem como no acompanhamento de alimentos. Tanto os pacotes de ingredientes pr\u00e9-misturados usados na produ\u00e7\u00e3o de snacks quanto os ingredientes de sabor processados para uso na cozinha requerem nozes picadas como mat\u00e9ria-prima.<\/p>    <figure class=\"wp-block-gallery has-nested-images columns-2 is-cropped wp-block-gallery-3 is-layout-flex wp-block-gallery-is-layout-flex\"> <figure class=\"wp-block-image size-large\"><img loading=\"lazy\" decoding=\"async\" width=\"720\" height=\"540\" data-id=\"673\" src=\"https:\/\/bestpeanutmachine.com\/wp-content\/uploads\/2025\/12\/pistachio-crumbles.webp\" alt=\"Pist\u00e1chios em peda\u00e7os\" class=\"wp-image-673\" srcset=\"https:\/\/bestpeanutmachine.com\/wp-content\/uploads\/2025\/12\/pistachio-crumbles.webp 720w, https:\/\/bestpeanutmachine.com\/wp-content\/uploads\/2025\/12\/pistachio-crumbles-300x225.webp 300w, https:\/\/bestpeanutmachine.com\/wp-content\/uploads\/2025\/12\/pistachio-crumbles-16x12.webp 16w\" sizes=\"auto, (max-width: 720px) 100vw, 720px\" \/><figcaption class=\"wp-element-caption\">Pist\u00e1chios em peda\u00e7os<\/figcaption><\/figure>    <figure class=\"wp-block-image size-large\"><img loading=\"lazy\" decoding=\"async\" width=\"720\" height=\"540\" data-id=\"674\" src=\"https:\/\/bestpeanutmachine.com\/wp-content\/uploads\/2025\/12\/nut-crumbs-in-bread.webp\" alt=\"Farelos de nozes em p\u00e3o\" class=\"wp-image-674\" srcset=\"https:\/\/bestpeanutmachine.com\/wp-content\/uploads\/2025\/12\/nut-crumbs-in-bread.webp 720w, https:\/\/bestpeanutmachine.com\/wp-content\/uploads\/2025\/12\/nut-crumbs-in-bread-300x225.webp 300w, https:\/\/bestpeanutmachine.com\/wp-content\/uploads\/2025\/12\/nut-crumbs-in-bread-16x12.webp 16w\" sizes=\"auto, (max-width: 720px) 100vw, 720px\" \/><figcaption class=\"wp-element-caption\">Farelos de nozes em p\u00e3o<\/figcaption><\/figure>    <figure class=\"wp-block-image size-large\"><img loading=\"lazy\" decoding=\"async\" width=\"720\" height=\"540\" data-id=\"671\" src=\"https:\/\/bestpeanutmachine.com\/wp-content\/uploads\/2025\/12\/nut-chocolate-bars.webp\" alt=\"Barrinhas de chocolate com nozes\" class=\"wp-image-671\" srcset=\"https:\/\/bestpeanutmachine.com\/wp-content\/uploads\/2025\/12\/nut-chocolate-bars.webp 720w, https:\/\/bestpeanutmachine.com\/wp-content\/uploads\/2025\/12\/nut-chocolate-bars-300x225.webp 300w, https:\/\/bestpeanutmachine.com\/wp-content\/uploads\/2025\/12\/nut-chocolate-bars-16x12.webp 16w\" sizes=\"auto, (max-width: 720px) 100vw, 720px\" \/><figcaption class=\"wp-element-caption\">Barrinhas de chocolate com nozes<\/figcaption><\/figure>    <figure class=\"wp-block-image size-large\"><img loading=\"lazy\" decoding=\"async\" width=\"720\" height=\"540\" data-id=\"672\" src=\"https:\/\/bestpeanutmachine.com\/wp-content\/uploads\/2025\/12\/crushed-nuts-as-a-salad-topping.webp\" alt=\"Nozes esmagadas como cobertura de salada\" class=\"wp-image-672\" srcset=\"https:\/\/bestpeanutmachine.com\/wp-content\/uploads\/2025\/12\/crushed-nuts-as-a-salad-topping.webp 720w, https:\/\/bestpeanutmachine.com\/wp-content\/uploads\/2025\/12\/crushed-nuts-as-a-salad-topping-300x225.webp 300w, https:\/\/bestpeanutmachine.com\/wp-content\/uploads\/2025\/12\/crushed-nuts-as-a-salad-topping-16x12.webp 16w\" sizes=\"auto, (max-width: 720px) 100vw, 720px\" \/><figcaption class=\"wp-element-caption\">Nozes esmagadas como cobertura de salada<\/figcaption><\/figure> <\/figure>    <h2 class=\"wp-block-heading\"><strong>Como funciona a m\u00e1quina de corte de amendoim?<\/strong><\/h2>    <p>A m\u00e1quina de corte de amendoim funciona atrav\u00e9s de uma combina\u00e7\u00e3o de sistemas de alimenta\u00e7\u00e3o, fatiamento e classifica\u00e7\u00e3o. <\/p>    <p class=\"translation-block\"><strong>Passo 1: <\/strong> Antes de iniciar a opera\u00e7\u00e3o, verifique se todos os componentes do equipamento est\u00e3o a funcionar corretamente e inicie a m\u00e1quina na sequ\u00eancia correta: Ligue a tela vibrat\u00f3ria ou de classifica\u00e7\u00e3o, depois ligue as l\u00e2minas de corte. (Para desligar, inverta a sequ\u00eancia.)<\/p>    <p class=\"translation-block\"><strong>Passo 2:<\/strong> Despeje o material preparado na cuba. Ajuste a abertura da porta da cuba e a velocidade da correia de alimenta\u00e7\u00e3o para garantir que a velocidade de alimenta\u00e7\u00e3o corresponda corretamente \u00e0 velocidade de corte. (O abastecimento uniforme resulta numa melhor consist\u00eancia de corte.)<\/p>    <p class=\"translation-block\"><strong>Passo 3:<\/strong> Ap\u00f3s o corte, as nozes processadas caem diretamente na tela de classifica\u00e7\u00e3o. Telas diferentes separam as part\u00edculas em m\u00faltiplos tamanhos. Se desejar um tamanho de part\u00edcula diferente, a placa de tela pode ser trocada para atender \u00e0s suas necessidades.<\/p>   <div class=\"wp-block-image\"> <figure class=\"aligncenter size-full\"><img loading=\"lazy\" decoding=\"async\" width=\"720\" height=\"540\" src=\"https:\/\/bestpeanutmachine.com\/wp-content\/uploads\/2025\/12\/best-machine-for-chopping-nut.webp\" alt=\"melhor m\u00e1quina para cortar nozes\" class=\"wp-image-681\" srcset=\"https:\/\/bestpeanutmachine.com\/wp-content\/uploads\/2025\/12\/best-machine-for-chopping-nut.webp 720w, https:\/\/bestpeanutmachine.com\/wp-content\/uploads\/2025\/12\/best-machine-for-chopping-nut-300x225.webp 300w, https:\/\/bestpeanutmachine.com\/wp-content\/uploads\/2025\/12\/best-machine-for-chopping-nut-16x12.webp 16w\" sizes=\"auto, (max-width: 720px) 100vw, 720px\" \/><figcaption class=\"wp-element-caption\">melhor m\u00e1quina para cortar nozes<\/figcaption><\/figure> <\/div>   <h2 class=\"wp-block-heading\"><strong>Modelos e par\u00e2metros da m\u00e1quina de corte de amendoim<\/strong><\/h2>    <p>Oferecemos dois modelos diferentes, cada um com uma estrutura interna diferente. Al\u00e9m disso, diferem significativamente nos m\u00e9todos de corte, forma do produto final, \u00e2mbito de aplica\u00e7\u00e3o e custos de manuten\u00e7\u00e3o.<\/p>    <h3 class=\"wp-block-heading\"><strong>M\u00e1quina autom\u00e1tica de corte de caju do tipo l\u00e2mina reta<\/strong><\/h3>    <p>Este granulador de amendoim usa uma l\u00e2mina reta de alta velocidade para cortar amendoins, resultando em cortes limpos e n\u00facleos de forma mais quadrada. O efeito de granula\u00e7\u00e3o \u00e9 controlado pela afia\u00e7\u00e3o das l\u00e2minas e pela sua velocidade.<\/p>    <figure class=\"wp-block-table\"><table class=\"has-fixed-layout\"><tbody><tr><td>Capacidade<\/td><td>200\u2013300 kg\/h<\/td><\/tr><tr><td>Tens\u00e3o<\/td><td>380 V<\/td><\/tr><tr><td>Pot\u00eancia total<\/td><td>2,25 kW<\/td><\/tr><tr><td>Frequ\u00eancia<\/td><td>50 Hz<\/td><\/tr><tr><td>Dimens\u00f5es<\/td><td>2250*1050*1400 mm<\/td><\/tr><tr><td>Peso<\/td><td>400 kg<\/td><\/tr><tr><td>Estrutura de corte<\/td><td>L\u00e2minas de movimento rec\u00edproco retas<\/td><\/tr><\/tbody><\/table><figcaption class=\"wp-element-caption\">Especifica\u00e7\u00e3o da m\u00e1quina autom\u00e1tica de corte de caju do tipo l\u00e2mina reta<\/figcaption><\/figure>    <figure class=\"wp-block-gallery has-nested-images columns-2 is-cropped wp-block-gallery-4 is-layout-flex wp-block-gallery-is-layout-flex\"> <figure class=\"wp-block-image size-large\"><img loading=\"lazy\" decoding=\"async\" width=\"720\" height=\"540\" data-id=\"655\" src=\"https:\/\/bestpeanutmachine.com\/wp-content\/uploads\/2025\/12\/vertical-blade.webp\" alt=\"L\u00e2mina vertical\" class=\"wp-image-655\" srcset=\"https:\/\/bestpeanutmachine.com\/wp-content\/uploads\/2025\/12\/vertical-blade.webp 720w, https:\/\/bestpeanutmachine.com\/wp-content\/uploads\/2025\/12\/vertical-blade-300x225.webp 300w, https:\/\/bestpeanutmachine.com\/wp-content\/uploads\/2025\/12\/vertical-blade-16x12.webp 16w\" sizes=\"auto, (max-width: 720px) 100vw, 720px\" \/><figcaption class=\"wp-element-caption\">L\u00e2mina vertical<\/figcaption><\/figure>    <figure class=\"wp-block-image size-large\"><img loading=\"lazy\" decoding=\"async\" width=\"720\" height=\"540\" data-id=\"656\" src=\"https:\/\/bestpeanutmachine.com\/wp-content\/uploads\/2025\/12\/peanut-chopping-machine.webp\" alt=\"M\u00e1quina de corte de amendoim do tipo l\u00e2mina reta\" class=\"wp-image-656\" srcset=\"https:\/\/bestpeanutmachine.com\/wp-content\/uploads\/2025\/12\/peanut-chopping-machine.webp 720w, https:\/\/bestpeanutmachine.com\/wp-content\/uploads\/2025\/12\/peanut-chopping-machine-300x225.webp 300w, https:\/\/bestpeanutmachine.com\/wp-content\/uploads\/2025\/12\/peanut-chopping-machine-16x12.webp 16w\" sizes=\"auto, (max-width: 720px) 100vw, 720px\" \/><figcaption class=\"wp-element-caption\">M\u00e1quina de corte de amendoim do tipo l\u00e2mina reta<\/figcaption><\/figure>    <figure class=\"wp-block-image size-large\"><img loading=\"lazy\" decoding=\"async\" width=\"720\" height=\"540\" data-id=\"657\" src=\"https:\/\/bestpeanutmachine.com\/wp-content\/uploads\/2025\/12\/almond-cutter-machine.webp\" alt=\"M\u00e1quina de corte de am\u00eandoas do tipo l\u00e2mina reta\" class=\"wp-image-657\" srcset=\"https:\/\/bestpeanutmachine.com\/wp-content\/uploads\/2025\/12\/almond-cutter-machine.webp 720w, https:\/\/bestpeanutmachine.com\/wp-content\/uploads\/2025\/12\/almond-cutter-machine-300x225.webp 300w, https:\/\/bestpeanutmachine.com\/wp-content\/uploads\/2025\/12\/almond-cutter-machine-16x12.webp 16w\" sizes=\"auto, (max-width: 720px) 100vw, 720px\" \/><figcaption class=\"wp-element-caption\">M\u00e1quina de corte de am\u00eandoas do tipo l\u00e2mina reta<\/figcaption><\/figure>    <figure class=\"wp-block-image size-large\"><img loading=\"lazy\" decoding=\"async\" width=\"720\" height=\"540\" data-id=\"658\" src=\"https:\/\/bestpeanutmachine.com\/wp-content\/uploads\/2025\/12\/almond-chopping-machine.webp\" alt=\"M\u00e1quina de corte de am\u00eandoas do tipo l\u00e2mina reta\" class=\"wp-image-658\" srcset=\"https:\/\/bestpeanutmachine.com\/wp-content\/uploads\/2025\/12\/almond-chopping-machine.webp 720w, https:\/\/bestpeanutmachine.com\/wp-content\/uploads\/2025\/12\/almond-chopping-machine-300x225.webp 300w, https:\/\/bestpeanutmachine.com\/wp-content\/uploads\/2025\/12\/almond-chopping-machine-16x12.webp 16w\" sizes=\"auto, (max-width: 720px) 100vw, 720px\" \/><figcaption class=\"wp-element-caption\">M\u00e1quina de corte de am\u00eandoas do tipo l\u00e2mina reta<\/figcaption><\/figure> <\/figure>    <h3 class=\"wp-block-heading\"><strong>M\u00e1quina de corte de amendoim do tipo cortador de rolos<\/strong><\/h3>    <p>As pellets de nozes do tipo rolo s\u00e3o produzidas por extrus\u00e3o e corte de nozes usando m\u00faltiplos conjuntos de rolos. As pellets s\u00e3o principalmente tridimensionais com uma forma mais natural.<\/p>    <figure class=\"wp-block-table\"><table class=\"has-fixed-layout\"><tbody><tr><td>Capacidade<\/td><td>200-300 kg\/h<\/td><\/tr><tr><td>Tens\u00e3o<\/td><td>380 V<\/td><\/tr><tr><td>Pot\u00eancia total<\/td><td>0,93 kW<\/td><\/tr><tr><td>Frequ\u00eancia<\/td><td>50 Hz<\/td><\/tr><tr><td>Dimens\u00f5es<\/td><td>1600*800*1500 mm<\/td><\/tr><tr><td>Peso<\/td><td>300 kg<\/td><\/tr><tr><td>Estrutura de corte<\/td><td>Sistema de corte com m\u00faltiplos rolos<\/td><\/tr><\/tbody><\/table><figcaption class=\"wp-element-caption\">Par\u00e2metros da m\u00e1quina de corte de amendoim do tipo cortador de rolos<\/figcaption><\/figure>    <figure class=\"wp-block-gallery has-nested-images columns-2 is-cropped wp-block-gallery-5 is-layout-flex wp-block-gallery-is-layout-flex\"> <figure class=\"wp-block-image size-large\"><img loading=\"lazy\" decoding=\"async\" width=\"720\" height=\"540\" data-id=\"661\" src=\"https:\/\/bestpeanutmachine.com\/wp-content\/uploads\/2025\/12\/multiple-rollers.webp\" alt=\"m\u00faltiplos rolos\" class=\"wp-image-661\" srcset=\"https:\/\/bestpeanutmachine.com\/wp-content\/uploads\/2025\/12\/multiple-rollers.webp 720w, https:\/\/bestpeanutmachine.com\/wp-content\/uploads\/2025\/12\/multiple-rollers-300x225.webp 300w, https:\/\/bestpeanutmachine.com\/wp-content\/uploads\/2025\/12\/multiple-rollers-16x12.webp 16w\" sizes=\"auto, (max-width: 720px) 100vw, 720px\" \/><figcaption class=\"wp-element-caption\">m\u00faltiplos rolos<\/figcaption><\/figure>    <figure class=\"wp-block-image size-large\"><img loading=\"lazy\" decoding=\"async\" width=\"720\" height=\"540\" data-id=\"659\" src=\"https:\/\/bestpeanutmachine.com\/wp-content\/uploads\/2025\/12\/automatic-cashew-cutting-machine.webp\" alt=\"M\u00e1quina autom\u00e1tica de corte de caju do tipo cortador de rolos\" class=\"wp-image-659\" srcset=\"https:\/\/bestpeanutmachine.com\/wp-content\/uploads\/2025\/12\/automatic-cashew-cutting-machine.webp 720w, https:\/\/bestpeanutmachine.com\/wp-content\/uploads\/2025\/12\/automatic-cashew-cutting-machine-300x225.webp 300w, https:\/\/bestpeanutmachine.com\/wp-content\/uploads\/2025\/12\/automatic-cashew-cutting-machine-16x12.webp 16w\" sizes=\"auto, (max-width: 720px) 100vw, 720px\" \/><figcaption class=\"wp-element-caption\">M\u00e1quina autom\u00e1tica de corte de caju do tipo cortador de rolos<\/figcaption><\/figure>    <figure class=\"wp-block-image size-large\"><img loading=\"lazy\" decoding=\"async\" width=\"720\" height=\"540\" data-id=\"660\" src=\"https:\/\/bestpeanutmachine.com\/wp-content\/uploads\/2025\/12\/groundnuts-cutter-machine.webp\" alt=\"M\u00e1quina de corte de amendoim do tipo cortador de rolos\" class=\"wp-image-660\" srcset=\"https:\/\/bestpeanutmachine.com\/wp-content\/uploads\/2025\/12\/groundnuts-cutter-machine.webp 720w, https:\/\/bestpeanutmachine.com\/wp-content\/uploads\/2025\/12\/groundnuts-cutter-machine-300x225.webp 300w, https:\/\/bestpeanutmachine.com\/wp-content\/uploads\/2025\/12\/groundnuts-cutter-machine-16x12.webp 16w\" sizes=\"auto, (max-width: 720px) 100vw, 720px\" \/><figcaption class=\"wp-element-caption\">M\u00e1quina de corte de amendoim do tipo cortador de rolos<\/figcaption><\/figure>    <figure class=\"wp-block-image size-large\"><img loading=\"lazy\" decoding=\"async\" width=\"720\" height=\"540\" data-id=\"662\" src=\"https:\/\/bestpeanutmachine.com\/wp-content\/uploads\/2025\/12\/macadamia-nut-cutting-machine.webp\" alt=\"M\u00e1quina de corte de macad\u00e2mia do tipo cortador de rolos\" class=\"wp-image-662\" srcset=\"https:\/\/bestpeanutmachine.com\/wp-content\/uploads\/2025\/12\/macadamia-nut-cutting-machine.webp 720w, https:\/\/bestpeanutmachine.com\/wp-content\/uploads\/2025\/12\/macadamia-nut-cutting-machine-300x225.webp 300w, https:\/\/bestpeanutmachine.com\/wp-content\/uploads\/2025\/12\/macadamia-nut-cutting-machine-16x12.webp 16w\" sizes=\"auto, (max-width: 720px) 100vw, 720px\" \/><figcaption class=\"wp-element-caption\">M\u00e1quina de corte de macad\u00e2mia do tipo cortador de rolos<\/figcaption><\/figure> <\/figure>    <p>Se estiver com dificuldades em decidir qual a m\u00e1quina de corte de amendoim mais adequada para si, pode fornecer ao nosso servi\u00e7o de atendimento ao cliente o seu produto final e requisitos, e n\u00f3s forneceremos a mais adequada.<\/p>    <h2 class=\"wp-block-heading\"><strong>Clientes malaios usam cortadoras de nozes para produzir n\u00facleos de macad\u00e2mia de alta qualidade<\/strong><\/h2>    <p class=\"translation-block\">Um cliente malaio atualizou sua linha de produ\u00e7\u00e3o de nozes de macad\u00e2mia adquirindo uma cortadora de nozes de a\u00e7o inoxid\u00e1vel de 200-300 kg\/h para cortar peda\u00e7os de nozes de 5 mm, 6 mm e 8 mm.<\/p>    <p>Porque as nozes de macad\u00e2mia s\u00e3o ricas em \u00f3leo e duras, s\u00e3o mais dif\u00edceis de cortar do que amendoins e am\u00eandoas, exigindo l\u00e2minas mais afiadas e equipamentos mais est\u00e1veis. Al\u00e9m disso, os nossos clientes precisam de tamanhos diferentes de produtos finais para diferentes linhas de produ\u00e7\u00e3o:<\/p>    <ul class=\"wp-block-list\"> <li>5mm \u2192 Misturas de chocolate<\/li>    <li>6mm \u2192 Barras energ\u00e9ticas, recheios para bolos<\/li>    <li>8mm \u2192 Ingredientes premium para snacks de nozes<\/li> <\/ul>    <p>Estes requisitos dificultam a procura de m\u00e1quinas de alta qualidade a pre\u00e7os razo\u00e1veis pelos nossos clientes. Ap\u00f3s v\u00e1rias discuss\u00f5es, recomendamos a seguinte configura\u00e7\u00e3o de granulador de macad\u00e2mia ao nosso cliente:<\/p>    <figure class=\"wp-block-table\"><table class=\"has-fixed-layout\"><tbody><tr><td>Capacidade<\/td><td>200\u2013300 kg\/h<\/td><\/tr><tr><td>Tens\u00e3o<\/td><td>380 V 50 Hz<\/td><\/tr><tr><td>Pot\u00eancia total<\/td><td>2,25 kW<\/td><\/tr><tr><td>Dimens\u00f5es<\/td><td>2860\u00d7800\u00d71400 mm<\/td><\/tr><tr><td>Peso<\/td><td>400 kg<\/td><\/tr><tr><td>Material<\/td><td>Hopper, peneira e todas as pe\u00e7as em contacto com alimentos s\u00e3o de a\u00e7o inoxid\u00e1vel<\/td><\/tr><tr><td>Tamanho final da granula\u00e7\u00e3o<\/td><td>Ajust\u00e1vel em 5 mm \/ 6 mm \/ 8 mm<\/td><\/tr><\/tbody><\/table><figcaption class=\"wp-element-caption\">Par\u00e2metros deste modelo de m\u00e1quina de corte de amendoim<\/figcaption><\/figure>    <p>Finalmente, com a orienta\u00e7\u00e3o remota dos nossos engenheiros, esta m\u00e1quina de corte de nozes foi colocada com sucesso na linha de produ\u00e7\u00e3o, e os nossos clientes ficaram muito satisfeitos com a sua produ\u00e7\u00e3o e produtos finais.<\/p>    <figure class=\"wp-block-gallery has-nested-images columns-default is-cropped wp-block-gallery-6 is-layout-flex wp-block-gallery-is-layout-flex\"> <figure class=\"wp-block-image size-large\"><img loading=\"lazy\" decoding=\"async\" width=\"720\" height=\"540\" data-id=\"685\" src=\"https:\/\/bestpeanutmachine.com\/wp-content\/uploads\/2025\/12\/cashew-cutting-machine-packaging.webp\" alt=\"Embalagem da m\u00e1quina de corte de caju\" class=\"wp-image-685\" srcset=\"https:\/\/bestpeanutmachine.com\/wp-content\/uploads\/2025\/12\/cashew-cutting-machine-packaging.webp 720w, https:\/\/bestpeanutmachine.com\/wp-content\/uploads\/2025\/12\/cashew-cutting-machine-packaging-300x225.webp 300w, https:\/\/bestpeanutmachine.com\/wp-content\/uploads\/2025\/12\/cashew-cutting-machine-packaging-16x12.webp 16w\" sizes=\"auto, (max-width: 720px) 100vw, 720px\" \/><figcaption class=\"wp-element-caption\">Embalagem da m\u00e1quina de corte de caju<\/figcaption><\/figure>    <figure class=\"wp-block-image size-large\"><img loading=\"lazy\" decoding=\"async\" width=\"720\" height=\"540\" data-id=\"686\" src=\"https:\/\/bestpeanutmachine.com\/wp-content\/uploads\/2025\/12\/macadamia-nut-cutting-machine-to-Malaysia.webp\" alt=\"M\u00e1quina de corte de macad\u00e2mia para Mal\u00e1sia\" class=\"wp-image-686\" srcset=\"https:\/\/bestpeanutmachine.com\/wp-content\/uploads\/2025\/12\/macadamia-nut-cutting-machine-to-Malaysia.webp 720w, https:\/\/bestpeanutmachine.com\/wp-content\/uploads\/2025\/12\/macadamia-nut-cutting-machine-to-Malaysia-300x225.webp 300w, https:\/\/bestpeanutmachine.com\/wp-content\/uploads\/2025\/12\/macadamia-nut-cutting-machine-to-Malaysia-16x12.webp 16w\" sizes=\"auto, (max-width: 720px) 100vw, 720px\" \/><figcaption class=\"wp-element-caption\">M\u00e1quina de corte de macad\u00e2mia para Mal\u00e1sia<\/figcaption><\/figure> <\/figure>    <p>Se estiver interessado na nossa cortadora de caju, entre em contacto connosco para o pre\u00e7o mais recente e mais v\u00eddeos de funcionamento!<\/p>    <p class=\"translation-block\">Outras m\u00e1quinas de processamento de amendoim: <a href=\"https:\/\/bestpeanutmachine.com\/pt\/product\/peanut-roasting-machine\/\">M\u00e1quina de torrefa\u00e7\u00e3o de amendoim<\/a>, <a href=\"https:\/\/bestpeanutmachine.com\/pt\/product\/peanut-peeling-machine\/\">M\u00e1quina de descascamento de amendoim<\/a>, etc.<\/p>","protected":false},"excerpt":{"rendered":"<p>Peanut cutting machines are essential equipment for producing uniform peanut kernels and are widely used in the production of nut crumbs, biscuit crumbs, and other baked goods, candies, snack bars, and ice cream ingredients.<\/p>","protected":false},"author":1,"featured_media":663,"parent":0,"template":"","tags":[12,11],"product-type":[69,6],"class_list":["post-654","product","type-product","status-publish","has-post-thumbnail","hentry","tag-groundnut","tag-peanut","product-type-peanut-machine","product-type-product"],"_links":{"self":[{"href":"https:\/\/bestpeanutmachine.com\/pt\/wp-json\/wp\/v2\/product\/654","targetHints":{"allow":["GET"]}}],"collection":[{"href":"https:\/\/bestpeanutmachine.com\/pt\/wp-json\/wp\/v2\/product"}],"about":[{"href":"https:\/\/bestpeanutmachine.com\/pt\/wp-json\/wp\/v2\/types\/product"}],"author":[{"embeddable":true,"href":"https:\/\/bestpeanutmachine.com\/pt\/wp-json\/wp\/v2\/users\/1"}],"wp:featuredmedia":[{"embeddable":true,"href":"https:\/\/bestpeanutmachine.com\/pt\/wp-json\/wp\/v2\/media\/663"}],"wp:attachment":[{"href":"https:\/\/bestpeanutmachine.com\/pt\/wp-json\/wp\/v2\/media?parent=654"}],"wp:term":[{"taxonomy":"post_tag","embeddable":true,"href":"https:\/\/bestpeanutmachine.com\/pt\/wp-json\/wp\/v2\/tags?post=654"},{"taxonomy":"product-type","embeddable":true,"href":"https:\/\/bestpeanutmachine.com\/pt\/wp-json\/wp\/v2\/product-type?post=654"}],"curies":[{"name":"wp","href":"https:\/\/api.w.org\/{rel}","templated":true}]}}