{"id":70,"date":"2022-08-29T10:49:06","date_gmt":"2022-08-29T02:49:06","guid":{"rendered":"https:\/\/bestpeanutmachine.com\/?post_type=product&#038;p=70"},"modified":"2025-08-28T10:28:00","modified_gmt":"2025-08-28T02:28:00","slug":"peanut-roasting-machine","status":"publish","type":"product","link":"https:\/\/bestpeanutmachine.com\/pt\/product\/peanut-roasting-machine\/","title":{"rendered":"M\u00e1quina de torrefa\u00e7\u00e3o de amendoim"},"content":{"rendered":"<p>A m\u00e1quina de torrefa\u00e7\u00e3o de amendoim \u00e9 um sistema de torrefa\u00e7\u00e3o de tambor rotativo de alta efici\u00eancia projetado para elevar o processamento de nozes para aplica\u00e7\u00f5es comerciais e dom\u00e9sticas. Ideal para assar amendoins, am\u00eandoas, castanhas, sementes de mel\u00e3o e muito mais, esse equipamento vers\u00e1til \u00e9 uma pedra angular da produ\u00e7\u00e3o de manteiga de amendoim, garantindo nozes perfeitamente assadas como mat\u00e9ria -prima premium. <\/p>    <p>Com capacidades personaliz\u00e1veis \u200b\u200bque variam de 80 kg a 650 kg por hora, oferecemos solu\u00e7\u00f5es escal\u00e1veis \u200b\u200badaptadas a diversas necessidades, desde opera\u00e7\u00f5es de pequena escala a linhas industriais. <\/p>    <p>Compacto, mas robusto, combina desempenho avan\u00e7ado com design amig\u00e1vel, tornando-o uma escolha de melhor para as empresas que buscam confiabilidade e precis\u00e3o. Entre em contato conosco hoje para explorar pre\u00e7os e desbloquear o potencial da sua linha de processamento de nozes!<\/p>    <figure class=\"wp-block-embed is-type-video is-provider-youtube wp-block-embed-youtube wp-embed-aspect-16-9 wp-has-aspect-ratio\"><div class=\"wp-block-embed__wrapper\"> <iframe loading=\"lazy\" title=\"Nozes de torrefa\u00e7\u00e3o para um estilo de vida saud\u00e1vel: usando a m\u00e1quina de torrefador de amendoim #roastingMachinesFornuts\" width=\"500\" height=\"281\" src=\"https:\/\/www.youtube.com\/embed\/Z0xsNg-D3JI?feature=oembed\" frameborder=\"0\" allow=\"accelerometer; autoplay; clipboard-write; encrypted-media; gyroscope; picture-in-picture; web-share\" referrerpolicy=\"strict-origin-when-cross-origin\" allowfullscreen><\/iframe> <\/div><figcaption class=\"wp-element-caption\">M\u00e1quina de torrefa\u00e7\u00e3o de amendoim v\u00eddeo de trabalho<\/figcaption><\/figure>    <h2 class=\"wp-block-heading\" id=\"h-features-of-peanut-roasting-machine\">Caracter\u00edsticas da m\u00e1quina de torrar amendoim<\/h2>    <div class=\"wp-block-media-text is-stacked-on-mobile\"><figure class=\"wp-block-media-text__media\"><img loading=\"lazy\" decoding=\"async\" width=\"720\" height=\"540\" src=\"https:\/\/bestpeanutmachine.com\/wp-content\/uploads\/2022\/08\/peanut-roaster-machine-for-sale.jpg\" alt=\"Vendo m\u00e1quina torradora de amendoim\" class=\"wp-image-78 size-full\" srcset=\"https:\/\/bestpeanutmachine.com\/wp-content\/uploads\/2022\/08\/peanut-roaster-machine-for-sale.jpg 720w, https:\/\/bestpeanutmachine.com\/wp-content\/uploads\/2022\/08\/peanut-roaster-machine-for-sale-300x225.jpg 300w\" sizes=\"auto, (max-width: 720px) 100vw, 720px\" \/><\/figure><div class=\"wp-block-media-text__content\"> <ul class=\"wp-block-list\"> <li><strong>Assar vers\u00e1til<\/strong> <ul class=\"wp-block-list\"> <li>Adequado para amendoins, sementes, gr\u00e3os de caf\u00e9, am\u00eandoas e muito mais - ideais para diversas necessidades de produ\u00e7\u00e3o.<\/li> <\/ul> <\/li>    <li><strong>Temperatura inteligente e controle de tempo<\/strong> <ul class=\"wp-block-list\"> <li>Configura\u00e7\u00f5es ajust\u00e1veis \u200b\u200bde 0 a 300 \u2103 garantem uma assa\u00e7\u00e3o consistente para obter um sabor, cor e textura perfeitos.<\/li> <\/ul> <\/li> <\/ul> <\/div><\/div>    <div class=\"wp-block-media-text has-media-on-the-right is-stacked-on-mobile\"><div class=\"wp-block-media-text__content\"> <ul class=\"wp-block-list\"> <li><strong>Torrefa\u00e7\u00e3o eficiente e uniforme<\/strong> <ul class=\"wp-block-list\"> <li>Combina a rota\u00e7\u00e3o do rolo, a troca de calor e a radia\u00e7\u00e3o para garantir a torrefa\u00e7\u00e3o uniforme, mantendo o sabor natural.<\/li> <\/ul> <\/li>    <li><strong>Design dur\u00e1vel e de grau de alimento<\/strong> <ul class=\"wp-block-list\"> <li>Feito de a\u00e7o inoxid\u00e1vel de alta qualidade para durabilidade, resist\u00eancia \u00e0 corros\u00e3o e f\u00e1cil limpeza.<\/li> <\/ul> <\/li>    <li><strong>Economia de energia e f\u00e1cil de operar<\/strong> <ul class=\"wp-block-list\"> <li>O baixo consumo de energia com controles f\u00e1ceis de usar, ideal para a produ\u00e7\u00e3o pequena e em larga escala.<\/li> <\/ul> <\/li> <\/ul> <\/div><figure class=\"wp-block-media-text__media\"><img loading=\"lazy\" decoding=\"async\" width=\"720\" height=\"540\" src=\"https:\/\/bestpeanutmachine.com\/wp-content\/uploads\/2022\/08\/groundnut-roaster.webp\" alt=\"torrador de amendoim\" class=\"wp-image-211 size-full\" srcset=\"https:\/\/bestpeanutmachine.com\/wp-content\/uploads\/2022\/08\/groundnut-roaster.webp 720w, https:\/\/bestpeanutmachine.com\/wp-content\/uploads\/2022\/08\/groundnut-roaster-300x225.webp 300w, https:\/\/bestpeanutmachine.com\/wp-content\/uploads\/2022\/08\/groundnut-roaster-16x12.webp 16w\" sizes=\"auto, (max-width: 720px) 100vw, 720px\" \/><\/figure><\/div>    <div class=\"wp-block-media-text is-stacked-on-mobile\"><figure class=\"wp-block-media-text__media\"><img loading=\"lazy\" decoding=\"async\" width=\"720\" height=\"540\" src=\"https:\/\/bestpeanutmachine.com\/wp-content\/uploads\/2022\/08\/groundnut-roasting-machine.webp\" alt=\"m\u00e1quina de torrar amendoim\" class=\"wp-image-212 size-full\" srcset=\"https:\/\/bestpeanutmachine.com\/wp-content\/uploads\/2022\/08\/groundnut-roasting-machine.webp 720w, https:\/\/bestpeanutmachine.com\/wp-content\/uploads\/2022\/08\/groundnut-roasting-machine-300x225.webp 300w, https:\/\/bestpeanutmachine.com\/wp-content\/uploads\/2022\/08\/groundnut-roasting-machine-16x12.webp 16w\" sizes=\"auto, (max-width: 720px) 100vw, 720px\" \/><\/figure><div class=\"wp-block-media-text__content\"> <ul class=\"wp-block-list\"> <li><strong>Capacidade ajust\u00e1vel<\/strong> <ul class=\"wp-block-list\"> <li>Oferece sa\u00edda de 80 a 650 kg\/h para atender \u00e0 produ\u00e7\u00e3o pequena e em larga escala.<\/li> <\/ul> <\/li>    <li><strong>M\u00faltiplas op\u00e7\u00f5es de energia<\/strong> <ul class=\"wp-block-list\"> <li>Compat\u00edvel com eletricidade, g\u00e1s liquefeito e g\u00e1s natural para opera\u00e7\u00e3o flex\u00edvel.<\/li> <\/ul> <\/li> <\/ul> <\/div><\/div>    <h2 class=\"wp-block-heading\" id=\"h-parameters-of-taizy-peanut-roaster-machine\">Par\u00e2metros da m\u00e1quina de torrefador de amendoim<\/h2>    <figure class=\"wp-block-table\"><table><tbody><tr><td>Modelo<\/td><td>Dimens\u00f5es totais\u00a0(mm)<\/td><td>Capacidade (kg\/h)<\/td><td>Pot\u00eancia de aquecimento el\u00e9trico\u00a0(kW)<\/td><td>Pot\u00eancia de aquecimento el\u00e9trico\u00a0(kw)<\/td><\/tr><tr><td>MKK-1<\/td><td>3000*1200*1700<\/td><td>80-120<\/td><td>1.1<\/td><td>18<\/td><\/tr><tr><td>MKK-2<\/td><td>3000*2200*1700<\/td><td>180-250<\/td><td>2.2<\/td><td>35<\/td><\/tr><tr><td>MKK-3<\/td><td>3000*3300*1700<\/td><td>280-350<\/td><td>3.3<\/td><td>45<\/td><\/tr><tr><td>MKK-4<\/td><td>3000*4400*1700<\/td><td>380-450<\/td><td>4.4<\/td><td>60<\/td><\/tr><tr><td>MKK-5<\/td><td>3000*5500*1700<\/td><td>500-650<\/td><td>5.5<\/td><td>75<\/td><\/tr><\/tbody><\/table><figcaption class=\"wp-element-caption\">par\u00e2metros da m\u00e1quina de torrefa\u00e7\u00e3o de amendoim<\/figcaption><\/figure>    <h2 class=\"wp-block-heading\" id=\"h-working-principle-of-groundnut-roasting-equipment\">Como funciona o equipamento de torrefa\u00e7\u00e3o de amendoim?<\/h2>    <p>A m\u00e1quina de torrefa\u00e7\u00e3o de amendoim opera atrav\u00e9s de uma combina\u00e7\u00e3o de mec\u00e2nica de tambor rotativa e princ\u00edpios t\u00e9rmicos avan\u00e7ados para garantir uma torrefa\u00e7\u00e3o uniforme e de alta qualidade. Aqui est\u00e1 um colapso de seu processo de trabalho:<\/p>    <div class=\"wp-block-media-text is-stacked-on-mobile\"><figure class=\"wp-block-media-text__media\"><img loading=\"lazy\" decoding=\"async\" width=\"720\" height=\"540\" src=\"https:\/\/bestpeanutmachine.com\/wp-content\/uploads\/2022\/08\/superior-nut-roasting-machine-1.jpg\" alt=\"m\u00e1quina de torrefa\u00e7\u00e3o de nozes superior\" class=\"wp-image-81 size-full\" srcset=\"https:\/\/bestpeanutmachine.com\/wp-content\/uploads\/2022\/08\/superior-nut-roasting-machine-1.jpg 720w, https:\/\/bestpeanutmachine.com\/wp-content\/uploads\/2022\/08\/superior-nut-roasting-machine-1-300x225.jpg 300w\" sizes=\"auto, (max-width: 720px) 100vw, 720px\" \/><\/figure><div class=\"wp-block-media-text__content\"> <ul class=\"wp-block-list\"> <li><strong>At\u00e9 assar com tambor rotativo<\/strong> <ul class=\"wp-block-list\"> <li>O tambor de a\u00e7o inoxid\u00e1vel garante a distribui\u00e7\u00e3o uniforme de calor por nozes e feij\u00f5es cont\u00ednuos.<\/li> <\/ul> <\/li>    <li><strong>Aquecimento duplo eficiente<\/strong> <ul class=\"wp-block-list\"> <li>Combina a condu\u00e7\u00e3o de calor e a radia\u00e7\u00e3o para assar consistente, evitando contamina\u00e7\u00e3o escaldante ou fuma\u00e7a.<\/li> <\/ul> <\/li> <\/ul> <\/div><\/div>    <div class=\"wp-block-media-text has-media-on-the-right is-stacked-on-mobile\"><div class=\"wp-block-media-text__content\"> <ul class=\"wp-block-list\"> <li><strong>TEMPERATURA E RONTEMENTO DE TIME<\/strong> <ul class=\"wp-block-list\"> <li>Configura\u00e7\u00f5es ajust\u00e1veis \u200b\u200bde 0 a 300 \u2103 garantem a torrefa\u00e7\u00e3o ideal, preservando o sabor, a cor e a textura.<\/li> <\/ul> <\/li>    <li><strong>Descarga automatizada e sa\u00edda escal\u00e1vel<\/strong> <ul class=\"wp-block-list\"> <li>Os produtos acabados s\u00e3o lan\u00e7ados automaticamente, suportando capacidades de 100 a 600 kg\/h para v\u00e1rias escalas de produ\u00e7\u00e3o.<\/li> <\/ul> <\/li> <\/ul> <\/div><figure class=\"wp-block-media-text__media\"><img loading=\"lazy\" decoding=\"async\" width=\"720\" height=\"540\" src=\"https:\/\/bestpeanutmachine.com\/wp-content\/uploads\/2022\/08\/peanut-roaster-machine-for-sale.webp\" alt=\"Vendo m\u00e1quina torradora de amendoim\" class=\"wp-image-213 size-full\" srcset=\"https:\/\/bestpeanutmachine.com\/wp-content\/uploads\/2022\/08\/peanut-roaster-machine-for-sale.webp 720w, https:\/\/bestpeanutmachine.com\/wp-content\/uploads\/2022\/08\/peanut-roaster-machine-for-sale-300x225.webp 300w, https:\/\/bestpeanutmachine.com\/wp-content\/uploads\/2022\/08\/peanut-roaster-machine-for-sale-16x12.webp 16w\" sizes=\"auto, (max-width: 720px) 100vw, 720px\" \/><\/figure><\/div>    <p>Ao integrar controles inteligentes com engenharia robusta, este equipamento oferece nozes perfeitamente assadas todas as vezes - ideais para criar lanches premium ou mat\u00e9rias -primas para processamento a jusante, como fabrica\u00e7\u00e3o de manteiga de amendoim.<\/p>    <h2 class=\"wp-block-heading\" id=\"h-what-should-we-consider-when-operating-a-peanut-roasting-machine\">O que devemos considerar ao operar uma m\u00e1quina de torrar amendoim?<\/h2>    <p>Para garantir o desempenho ideal e a qualidade do produto ao usar uma m\u00e1quina de torrefa\u00e7\u00e3o de amendoim, siga estas diretrizes cr\u00edticas:<\/p>    <div class=\"wp-block-media-text is-stacked-on-mobile\"><figure class=\"wp-block-media-text__media\"><img loading=\"lazy\" decoding=\"async\" width=\"720\" height=\"540\" src=\"https:\/\/bestpeanutmachine.com\/wp-content\/uploads\/2022\/08\/peanut-roasting-machine-factory.webp\" alt=\"f\u00e1brica de m\u00e1quinas para torrar amendoim\" class=\"wp-image-82 size-full\" srcset=\"https:\/\/bestpeanutmachine.com\/wp-content\/uploads\/2022\/08\/peanut-roasting-machine-factory.webp 720w, https:\/\/bestpeanutmachine.com\/wp-content\/uploads\/2022\/08\/peanut-roasting-machine-factory-300x225.webp 300w\" sizes=\"auto, (max-width: 720px) 100vw, 720px\" \/><\/figure><div class=\"wp-block-media-text__content\"> <ul class=\"wp-block-list\"> <li><strong>Capacidade de lote e prepara\u00e7\u00e3o de mat\u00e9ria -prima<\/strong> <ul class=\"wp-block-list\"> <li>Aderir aos pesos recomendados do lote:<strong>75 kg para amendoins com casca<\/strong>\u00a0e<strong>100 kg para sementes de amendoim<\/strong>.<\/li>    <li>Ao alternar as mat\u00e9rias -primas, explique as diferen\u00e7as no teor de umidade, conduzindo<strong>1-2 Trial Roasts<\/strong>\u00a0Para coletar dados antes da produ\u00e7\u00e3o em larga escala.<\/li> <\/ul> <\/li>    <li>\u200b<strong>Controle de tempo de torrefa\u00e7\u00e3o preciso<\/strong> <ul class=\"wp-block-list\"> <li>Ajustar as dura\u00e7\u00f5es de torrefa\u00e7\u00e3o com base em <a href=\"https:\/\/en.wikipedia.org\/wiki\/Peanut\" data-type=\"link\" data-id=\"https:\/\/en.wikipedia.org\/wiki\/Peanut\" target=\"_blank\" rel=\"noopener\">amendoim<\/a> variedade: <ul class=\"wp-block-list\"> <li>\u200b<strong>25 minutos para amendoins de pele branca<\/strong>.<\/li>    <li>\u200b<strong>40 minutos para amendoins a\u00e7aflados<\/strong>\u00a0ou<strong>Amendoim na concha<\/strong>.<\/li> <\/ul> <\/li> <\/ul> <\/li>    <li>Amostra regularmente os amendoins do tambor rotativo para monitorar a cor, a textura e o cozimento.<\/li> <\/ul> <\/div><\/div>    <div class=\"wp-block-media-text has-media-on-the-right is-stacked-on-mobile\"><div class=\"wp-block-media-text__content\"> <ul class=\"wp-block-list\"> <li><strong>Fluxo de trabalho operacional<\/strong> <ul class=\"wp-block-list\"> <li>Uma vez que a assa\u00e7\u00e3o desejada seja alcan\u00e7ada, pressione o<strong>bot\u00e3o reverso<\/strong>\u00a0Para abrir a porta de descarga e solte o lote.<\/li>    <li>Retomar o carregamento pressionando o<strong>bot\u00e3o avan\u00e7ado<\/strong>, mantendo um ciclo de produ\u00e7\u00e3o cont\u00ednuo.<\/li> <\/ul> <\/li>    <li>\u200b<strong>Garantia de qualidade<\/strong> <ul class=\"wp-block-list\"> <li>Evite o excesso de assalto estritamente ap\u00f3s as configura\u00e7\u00f5es de tempo e temperatura.<\/li>    <li>Documentar dados assados \u200b\u200bpor teste (por exemplo, n\u00edveis de umidade, distribui\u00e7\u00e3o de calor) para padronizar lotes futuros.<\/li> <\/ul> <\/li> <\/ul> <\/div><figure class=\"wp-block-media-text__media\"><img loading=\"lazy\" decoding=\"async\" width=\"720\" height=\"540\" src=\"https:\/\/bestpeanutmachine.com\/wp-content\/uploads\/2024\/04\/Peanut-roaster.webp\" alt=\"Torrador de amendoim\" class=\"wp-image-190 size-full\" srcset=\"https:\/\/bestpeanutmachine.com\/wp-content\/uploads\/2024\/04\/Peanut-roaster.webp 720w, https:\/\/bestpeanutmachine.com\/wp-content\/uploads\/2024\/04\/Peanut-roaster-300x225.webp 300w, https:\/\/bestpeanutmachine.com\/wp-content\/uploads\/2024\/04\/Peanut-roaster-16x12.webp 16w\" sizes=\"auto, (max-width: 720px) 100vw, 720px\" \/><\/figure><\/div>    <p>Ao priorizar essas etapas, os operadores podem maximizar a efici\u00eancia, consist\u00eancia e apelo do produto. <\/p>    <h2 class=\"wp-block-heading\" id=\"h-large-capacity-peanut-roaster-machine-for-sale\">M\u00e1quina torradora de amendoim de grande capacidade para venda<\/h2>    <p class=\"translation-block\">A nossa <strong>m\u00e1quina torradora de amendoins comercial de grande porte<\/strong> utiliza <strong>ar quente como meio de secagem<\/strong>, garantindo uma torra eficiente e uniforme ao remover continuamente a humidade dos amendoins. O sistema completo inclui uma <strong>m\u00e1quina de torra, um elevador, uma m\u00e1quina de arrefecimento e um crivo vibrat\u00f3rio<\/strong>, tornando-o ideal para <strong><a href=\"https:\/\/bestpeanutmachine.com\/pt\/product\/peanut-butter-production-line\/\" data-type=\"link\" data-id=\"https:\/\/bestpeanutmachine.com\/product\/peanut-butter-production-line\/\">linhas de produ\u00e7\u00e3o autom\u00e1ticas de manteiga de amendoim e amendoins revestidos<\/a><\/strong>.<\/p>    <p class=\"translation-block\">Concebida para <strong>alta efici\u00eancia e qualidade consistente<\/strong>, este equipamento de torra de amendoins aumenta a velocidade de processamento, mantendo um excelente sabor e textura. Atualize a sua produ\u00e7\u00e3o com a nossa <strong>torradora de amendoins de grande capacidade<\/strong>\u2014<strong>contacte-nos hoje mesmo para pre\u00e7os e detalhes!<\/strong><\/p>    <figure class=\"wp-block-image size-full\"><img loading=\"lazy\" decoding=\"async\" width=\"720\" height=\"540\" src=\"https:\/\/bestpeanutmachine.com\/wp-content\/uploads\/2022\/08\/automatic-peanut-butter-production-line.jpg\" alt=\"linha de produ\u00e7\u00e3o autom\u00e1tica de manteiga de amendoim\" class=\"wp-image-57\" srcset=\"https:\/\/bestpeanutmachine.com\/wp-content\/uploads\/2022\/08\/automatic-peanut-butter-production-line.jpg 720w, https:\/\/bestpeanutmachine.com\/wp-content\/uploads\/2022\/08\/automatic-peanut-butter-production-line-300x225.jpg 300w\" sizes=\"auto, (max-width: 720px) 100vw, 720px\" \/><figcaption class=\"wp-element-caption\">linha de produ\u00e7\u00e3o autom\u00e1tica de manteiga de amendoim<\/figcaption><\/figure>    <h2 class=\"wp-block-heading\">Conclus\u00e3o<\/h2>    <p>A m\u00e1quina de torrefa\u00e7\u00e3o de amendoim \u00e9 um investimento essencial para qualquer empresa que visa melhorar a efici\u00eancia do processamento de amendoim e a qualidade do produto. Seu design avan\u00e7ado garante mesmo aquecimento, secagem completa e prote\u00e7\u00e3o dos sabores naturais das nozes. <\/p>    <p>Com aplica\u00e7\u00f5es vers\u00e1teis, capacidades personaliz\u00e1veis \u200b\u200be v\u00e1rias op\u00e7\u00f5es de fonte de calor, esta m\u00e1quina se adapta perfeitamente a diversas necessidades de produ\u00e7\u00e3o. Atualize suas opera\u00e7\u00f5es hoje, entrando em contato conosco para obter pre\u00e7os e especifica\u00e7\u00f5es detalhadas. Deixe nossa m\u00e1quina de assar amendoim de alto desempenho ajudar a obter resultados superiores e impulsionar seus neg\u00f3cios.<\/p>","protected":false},"excerpt":{"rendered":"<p>A m\u00e1quina de torrefa\u00e7\u00e3o de amendoim \u00e9 um sistema de torrefa\u00e7\u00e3o de tambor rotativo de alta efici\u00eancia projetado para elevar o processamento de nozes para aplica\u00e7\u00f5es comerciais e dom\u00e9sticas.<\/p>","protected":false},"author":1,"featured_media":77,"parent":0,"template":"","tags":[8],"product-type":[6,69],"class_list":["post-70","product","type-product","status-publish","has-post-thumbnail","hentry","tag-peanut-processing-machine","product-type-product","product-type-peanut-machine"],"_links":{"self":[{"href":"https:\/\/bestpeanutmachine.com\/pt\/wp-json\/wp\/v2\/product\/70","targetHints":{"allow":["GET"]}}],"collection":[{"href":"https:\/\/bestpeanutmachine.com\/pt\/wp-json\/wp\/v2\/product"}],"about":[{"href":"https:\/\/bestpeanutmachine.com\/pt\/wp-json\/wp\/v2\/types\/product"}],"author":[{"embeddable":true,"href":"https:\/\/bestpeanutmachine.com\/pt\/wp-json\/wp\/v2\/users\/1"}],"wp:featuredmedia":[{"embeddable":true,"href":"https:\/\/bestpeanutmachine.com\/pt\/wp-json\/wp\/v2\/media\/77"}],"wp:attachment":[{"href":"https:\/\/bestpeanutmachine.com\/pt\/wp-json\/wp\/v2\/media?parent=70"}],"wp:term":[{"taxonomy":"post_tag","embeddable":true,"href":"https:\/\/bestpeanutmachine.com\/pt\/wp-json\/wp\/v2\/tags?post=70"},{"taxonomy":"product-type","embeddable":true,"href":"https:\/\/bestpeanutmachine.com\/pt\/wp-json\/wp\/v2\/product-type?post=70"}],"curies":[{"name":"wp","href":"https:\/\/api.w.org\/{rel}","templated":true}]}}