{"id":75,"date":"2022-08-30T08:14:53","date_gmt":"2022-08-30T00:14:53","guid":{"rendered":"https:\/\/bestpeanutmachine.com\/?post_type=product&#038;p=75"},"modified":"2026-02-06T13:18:57","modified_gmt":"2026-02-06T05:18:57","slug":"peanut-oil-extraction-machine","status":"publish","type":"product","link":"https:\/\/bestpeanutmachine.com\/pt\/product\/peanut-oil-extraction-machine\/","title":{"rendered":"M\u00e1quina de extra\u00e7\u00e3o de \u00f3leo de amendoim"},"content":{"rendered":"<p>A m\u00e1quina de extra\u00e7\u00e3o de \u00f3leo de amendoim \u00e9 um parafuso de efici\u00eancia de efici\u00eancia, pressione o \u00f3leo ideal para prensagem quente e fria. Possui uma estrutura integrada e \u00e9 adequada para uso comercial e dom\u00e9stico, com capacidades que variam de 40 kg a 600 kg por hora. <\/p>    <p class=\"translation-block\">Como fabricante e fornecedor l\u00edder, oferecemos uma gama completa de capacidades para atender \u00e0s suas necessidades espec\u00edficas. Esta m\u00e1quina pode ser usada isoladamente ou como parte de uma linha de produ\u00e7\u00e3o de \u00f3leo de amendoim, que pode completar automaticamente a <a href=\"https:\/\/bestpeanutmachine.com\/pt\/product\/peanut-shelling-machine\/\" data-type=\"link\" data-id=\"https:\/\/bestpeanutmachine.com\/product\/peanut-shelling-machine\/\">descasca de amendoim<\/a>, descama\u00e7\u00e3o, torrefa\u00e7\u00e3o, extra\u00e7\u00e3o e enchimento de \u00f3leo, tornando-a perfeita para f\u00e1bricas de \u00f3leo de amendoim de m\u00e9dio e grande porte.<\/p>    <figure class=\"wp-block-embed is-type-video is-provider-youtube wp-block-embed-youtube wp-embed-aspect-16-9 wp-has-aspect-ratio\"><div class=\"wp-block-embed__wrapper\"> <iframe loading=\"lazy\" title=\"M\u00e1quina de prensagem de \u00f3leo em a\u00e7\u00e3o - alta efici\u00eancia e rendimento m\u00e1ximo! #OL #FARMING #AGRICULTULE\" width=\"500\" height=\"281\" src=\"https:\/\/www.youtube.com\/embed\/d2uw5DpkbpE?feature=oembed\" frameborder=\"0\" allow=\"accelerometer; autoplay; clipboard-write; encrypted-media; gyroscope; picture-in-picture; web-share\" referrerpolicy=\"strict-origin-when-cross-origin\" allowfullscreen><\/iframe> <\/div><figcaption class=\"wp-element-caption\">M\u00e1quina de prensagem de \u00f3leo<\/figcaption><\/figure>    <h2 class=\"wp-block-heading\" id=\"h-features-of-peanut-oil-extraction-machine-for-sale\">Caracter\u00edsticas da m\u00e1quina de extra\u00e7\u00e3o de \u00f3leo de amendoim para venda <\/h2>    <div class=\"wp-block-media-text is-stacked-on-mobile\"><figure class=\"wp-block-media-text__media\"><img loading=\"lazy\" decoding=\"async\" width=\"720\" height=\"540\" src=\"https:\/\/bestpeanutmachine.com\/wp-content\/uploads\/2022\/08\/commercial-Peanut-Oil-Extraction-Machine.webp\" alt=\"m\u00e1quina comercial de extra\u00e7\u00e3o de \u00f3leo de amendoim\" class=\"wp-image-205 size-full\" srcset=\"https:\/\/bestpeanutmachine.com\/wp-content\/uploads\/2022\/08\/commercial-Peanut-Oil-Extraction-Machine.webp 720w, https:\/\/bestpeanutmachine.com\/wp-content\/uploads\/2022\/08\/commercial-Peanut-Oil-Extraction-Machine-300x225.webp 300w, https:\/\/bestpeanutmachine.com\/wp-content\/uploads\/2022\/08\/commercial-Peanut-Oil-Extraction-Machine-16x12.webp 16w\" sizes=\"auto, (max-width: 720px) 100vw, 720px\" \/><\/figure><div class=\"wp-block-media-text__content\"> <p class=\"translation-block\"><strong>Amplas aplica\u00e7\u00f5es<\/strong><\/p>    <ul class=\"wp-block-list\"> <li>Extratos<strong>\u00f3leo de amendoim, \u00f3leo de gergelim, \u00f3leo de colza, \u00f3leo de soja<\/strong>, e mais.<\/li>    <li>Compat\u00edvel com v\u00e1rios tipos de oleaginosas para produ\u00e7\u00e3o vers\u00e1til.<\/li> <\/ul>    <p class=\"translation-block\">\u200b<strong>Alto rendimento de \u00f3leo<\/strong><\/p>    <ul class=\"wp-block-list\"> <li>\u200b<strong>2\u20133% maior rendimento de \u00f3leo<\/strong>&nbsp;comparado \u00e0s m\u00e1quinas tradicionais.<\/li>    <li>Processos<strong>Amendoim de 50 kg<\/strong>&nbsp;para ceder<strong>1\u20133 kg de \u00f3leo extra<\/strong>, maximizando a efici\u00eancia dos recursos.<\/li> <\/ul> <\/div><\/div>    <div class=\"wp-block-media-text has-media-on-the-right is-stacked-on-mobile\"><div class=\"wp-block-media-text__content\"> <p class=\"translation-block\">\u200b<strong>Design compacto e seguro<\/strong><\/p>    <ul class=\"wp-block-list\"> <li>\u200b<strong>Eficiente em termos de espa\u00e7o<\/strong>&nbsp;estrutura se encaixa em oficinas t\u00e3o pequenas quanto<strong>10\u201320\u33a1<\/strong>.<\/li>    <li>Equipado com<strong>Tampas de prote\u00e7\u00e3o completas<\/strong>&nbsp;Para uma opera\u00e7\u00e3o segura e f\u00e1cil de usar.<\/li> <\/ul>    <p class=\"translation-block\">\u200b<strong>Tecnologia energeticamente eficiente<\/strong><\/p>    <ul class=\"wp-block-list\"> <li>Cortes<strong>40% Consumo de energia<\/strong>&nbsp;ao aumentar a produtividade por<strong>30%<\/strong>.<\/li>    <li>O design ecol\u00f3gico alinha-se com as metas de produ\u00e7\u00e3o sustent\u00e1veis.<\/li> <\/ul> <\/div><figure class=\"wp-block-media-text__media\"><img loading=\"lazy\" decoding=\"async\" width=\"720\" height=\"540\" src=\"https:\/\/bestpeanutmachine.com\/wp-content\/uploads\/2022\/08\/peanut-oil-extractor-machine-structure-details.jpg\" alt=\"detalhes da estrutura da m\u00e1quina extratora de \u00f3leo de amendoim\" class=\"wp-image-99 size-full\" srcset=\"https:\/\/bestpeanutmachine.com\/wp-content\/uploads\/2022\/08\/peanut-oil-extractor-machine-structure-details.jpg 720w, https:\/\/bestpeanutmachine.com\/wp-content\/uploads\/2022\/08\/peanut-oil-extractor-machine-structure-details-300x225.jpg 300w\" sizes=\"auto, (max-width: 720px) 100vw, 720px\" \/><\/figure><\/div>    <div class=\"wp-block-media-text is-stacked-on-mobile\"><figure class=\"wp-block-media-text__media\"><img loading=\"lazy\" decoding=\"async\" width=\"720\" height=\"540\" src=\"https:\/\/bestpeanutmachine.com\/wp-content\/uploads\/2022\/08\/Peanut-Oil-Extraction-Machine-price.webp\" alt=\"Pre\u00e7o da m\u00e1quina de extra\u00e7\u00e3o de \u00f3leo de amendoim\" class=\"wp-image-315 size-full\" srcset=\"https:\/\/bestpeanutmachine.com\/wp-content\/uploads\/2022\/08\/Peanut-Oil-Extraction-Machine-price.webp 720w, https:\/\/bestpeanutmachine.com\/wp-content\/uploads\/2022\/08\/Peanut-Oil-Extraction-Machine-price-300x225.webp 300w, https:\/\/bestpeanutmachine.com\/wp-content\/uploads\/2022\/08\/Peanut-Oil-Extraction-Machine-price-16x12.webp 16w\" sizes=\"auto, (max-width: 720px) 100vw, 720px\" \/><\/figure><div class=\"wp-block-media-text__content\"> <p class=\"translation-block\">\u200b<strong>Manuten\u00e7\u00e3o f\u00e1cil<\/strong><\/p>    <ul class=\"wp-block-list\"> <li>Ideal para ambos<strong>workshops em pequena escala<\/strong>&nbsp;e<strong>grandes f\u00e1bricas<\/strong>.<\/li>    <li>Opera\u00e7\u00e3o e manuten\u00e7\u00e3o simplificadas reduzem o tempo de inatividade.<\/li> <\/ul>    <p class=\"translation-block\">\u200b<strong>Desempenho est\u00e1vel e dur\u00e1vel<\/strong><\/p>    <ul class=\"wp-block-list\"> <li>Constru\u00eddo com<strong>A\u00e7o resistente ao desgaste<\/strong>&nbsp;e<strong>pe\u00e7as fundidas resistentes \u00e0 fadiga<\/strong>.<\/li>    <li>Suportes<strong>Opera\u00e7\u00e3o cont\u00ednua 24\/7<\/strong>&nbsp;para demandas de alto volume.<\/li> <\/ul> <\/div><\/div>    <h2 class=\"wp-block-heading\" id=\"h-peanut-oil-production-process\">Como funciona a m\u00e1quina de prensa de pendo -teunte?<\/h2>    <p>O processo de extra\u00e7\u00e3o de \u00f3leo de amendoim \u00e9 simplificado em quatro est\u00e1gios -chave, combinando automa\u00e7\u00e3o com precis\u00e3o para obter a qualidade e efici\u00eancia ideais do \u00f3leo:<\/p>    <div class=\"wp-block-media-text is-stacked-on-mobile\"><figure class=\"wp-block-media-text__media\"><img loading=\"lazy\" decoding=\"async\" width=\"720\" height=\"540\" src=\"https:\/\/bestpeanutmachine.com\/wp-content\/uploads\/2022\/08\/groundnut-oil-extractor-factory.jpg\" alt=\"f\u00e1brica de extrator de \u00f3leo de amendoim\" class=\"wp-image-100 size-full\" srcset=\"https:\/\/bestpeanutmachine.com\/wp-content\/uploads\/2022\/08\/groundnut-oil-extractor-factory.jpg 720w, https:\/\/bestpeanutmachine.com\/wp-content\/uploads\/2022\/08\/groundnut-oil-extractor-factory-300x225.jpg 300w\" sizes=\"auto, (max-width: 720px) 100vw, 720px\" \/><\/figure><div class=\"wp-block-media-text__content\"> <p class=\"translation-block\"><strong>Prepara\u00e7\u00e3o da mat\u00e9ria-prima<\/strong><\/p>    <ul class=\"wp-block-list\"> <li>\u200b<strong>Sele\u00e7\u00e3o e limpeza<\/strong>. Somente amendoins frescos e sem mofo s\u00e3o usados. As impurezas (por exemplo, poeira, pedras) s\u00e3o removidas via peneira\u00e7\u00e3o para garantir a pureza e impedir o entupimento da m\u00e1quina.<\/li> <\/ul>    <p class=\"translation-block\">\u200b<strong>Torrefa\u00e7\u00e3o e controle de humidade<\/strong><\/p>    <ul class=\"wp-block-list\"> <li>\u200b<strong>Desidrata\u00e7\u00e3o<\/strong>. Os amendoins s\u00e3o assados \u200b\u200bem um secador ou torrefador para reduzir o teor de umidade para aproximadamente<strong>8.5%<\/strong>, aprimorando a libera\u00e7\u00e3o de \u00f3leo durante a prensagem.<\/li>    <li>\u200b<strong>Gerenciamento de temperatura<\/strong>. O aquecimento controlado preserva o valor nutricional enquanto otimiza o rendimento do \u00f3leo.<\/li> <\/ul> <\/div><\/div>    <div class=\"wp-block-media-text has-media-on-the-right is-stacked-on-mobile\"><div class=\"wp-block-media-text__content\"> <p class=\"translation-block\"><strong>Extra\u00e7\u00e3o de \u00f3leo por prensa de parafuso<\/strong><\/p>    <ul class=\"wp-block-list\"> <li>\u200b<strong>Pressionamento automatizado<\/strong>. Os amendoins assados \u200b\u200bs\u00e3o alimentados na tremonha da m\u00e1quina. A prensa de parafuso aplica espremer gradual e de alta press\u00e3o para separar o \u00f3leo dos s\u00f3lidos.<\/li>    <li>\u200b<strong>Monitoramento em tempo real<\/strong>. A espessura do resultante<strong>Bolo de \u00f3leo<\/strong>&nbsp;Indica a efici\u00eancia da extra\u00e7\u00e3o - os bolos do Thinner sugerem maior produ\u00e7\u00e3o de \u00f3leo.<\/li>    <li>\u200b<strong>Filtra\u00e7\u00e3o simult\u00e2nea<\/strong>. Um filtro de \u00f3leo integrado limpa o \u00f3leo extra\u00eddo em tempo real, removendo s\u00f3lidos residuais.<\/li> <\/ul> <\/div><figure class=\"wp-block-media-text__media\"><img loading=\"lazy\" decoding=\"async\" width=\"720\" height=\"540\" src=\"https:\/\/bestpeanutmachine.com\/wp-content\/uploads\/2022\/08\/Peanut-Oil-Extraction-Machine-for-business.webp\" alt=\"M\u00e1quina de extra\u00e7\u00e3o de \u00f3leo de amendoim para empresas\" class=\"wp-image-207 size-full\" srcset=\"https:\/\/bestpeanutmachine.com\/wp-content\/uploads\/2022\/08\/Peanut-Oil-Extraction-Machine-for-business.webp 720w, https:\/\/bestpeanutmachine.com\/wp-content\/uploads\/2022\/08\/Peanut-Oil-Extraction-Machine-for-business-300x225.webp 300w, https:\/\/bestpeanutmachine.com\/wp-content\/uploads\/2022\/08\/Peanut-Oil-Extraction-Machine-for-business-16x12.webp 16w\" sizes=\"auto, (max-width: 720px) 100vw, 720px\" \/><\/figure><\/div>    <div class=\"wp-block-media-text is-stacked-on-mobile\"><figure class=\"wp-block-media-text__media\"><img loading=\"lazy\" decoding=\"async\" width=\"720\" height=\"540\" src=\"https:\/\/bestpeanutmachine.com\/wp-content\/uploads\/2022\/08\/Peanut-Oil-Extraction-Machine-1.webp\" alt=\"M\u00e1quina de extra\u00e7\u00e3o de \u00f3leo de amendoim\" class=\"wp-image-316 size-full\" srcset=\"https:\/\/bestpeanutmachine.com\/wp-content\/uploads\/2022\/08\/Peanut-Oil-Extraction-Machine-1.webp 720w, https:\/\/bestpeanutmachine.com\/wp-content\/uploads\/2022\/08\/Peanut-Oil-Extraction-Machine-1-300x225.webp 300w, https:\/\/bestpeanutmachine.com\/wp-content\/uploads\/2022\/08\/Peanut-Oil-Extraction-Machine-1-16x12.webp 16w\" sizes=\"auto, (max-width: 720px) 100vw, 720px\" \/><\/figure><div class=\"wp-block-media-text__content\"> <p class=\"translation-block\">\u200b<strong>Enchimento e embalagem de \u00f3leo<\/strong><\/p>    <ul class=\"wp-block-list\"> <li>\u200b<strong>Purifica\u00e7\u00e3o<\/strong>. O \u00f3leo filtrado flui em um tanque de decanta\u00e7\u00e3o para esclarecimentos finais.<\/li>    <li>\u200b<strong>Engarrafamento automatizado<\/strong>. Uma m\u00e1quina de enchimento distribui com precis\u00e3o o \u00f3leo purificado em recipientes, garantindo higiene e consist\u00eancia.<\/li> <\/ul> <\/div><\/div>    <h2 class=\"wp-block-heading\" id=\"h-parameters-of-taizy-peanut-oil-extractor-machine\">Par\u00e2metros da m\u00e1quina de extra\u00e7\u00e3o de \u00f3leo de amendoim<\/h2>    <figure class=\"wp-block-table\"><table><tbody><tr><td>Tipo<\/td><td>Parafuso <br>di\u00e2metro <\/td><td>Prensagem <br>velocidade<\/td><td>Principal <br>pot\u00eancia do motor <\/td><td>V\u00e1cuo <br>pot\u00eancia da bomba <\/td><td>Aquecedor <br>pot\u00eancia <\/td><td>Sa\u00edda <\/td><td>Peso <\/td><td>Tamanho<\/td><\/tr><tr><td>6il-60<\/td><td>55mm<\/td><td>64 r\/min<\/td><td>2.2kW<\/td><td>0.75kW<\/td><td>0.9kW<\/td><td>40-60 kg\/hora<\/td><td>240kg<\/td><td>1020*780*1100mm<\/td><\/tr><tr><td>6yl-80<\/td><td>80mm<\/td><td>47r\/min<\/td><td>5.5kW<\/td><td>0.55kW<\/td><td>2kW<\/td><td>65-130kg\/h<\/td><td>780kg<\/td><td>1700*1200*1500mm<\/td><\/tr><tr><td>6YL-100<\/td><td>101mm<\/td><td>38 r\/min<\/td><td>7.5kW<\/td><td>0.75kW<\/td><td>2.2kW<\/td><td>140-280kg\/h<\/td><td>1100kg<\/td><td>1800*1300*1680mm<\/td><\/tr><tr><td>6yl-125<\/td><td>125mm<\/td><td>36r\/min<\/td><td>15kW<\/td><td>1.1kW<\/td><td>2.8kW<\/td><td>300-400 kg\/hora<\/td><td>1320kg<\/td><td>2100*1400*1700mm<\/td><\/tr><tr><td>6YL-150<\/td><td>150mm<\/td><td>35r\/min<\/td><td>18.5kW<\/td><td>1.5kW<\/td><td>3kW<\/td><td>500-600kg\/h<\/td><td>1420kg<\/td><td>2200*1400*1700mm<\/td><\/tr><\/tbody><\/table><figcaption class=\"wp-element-caption\">Par\u00e2metros da m\u00e1quina de prensa de \u00f3leo<\/figcaption><\/figure>    <figure class=\"wp-block-image size-full\"><img loading=\"lazy\" decoding=\"async\" width=\"720\" height=\"540\" src=\"https:\/\/bestpeanutmachine.com\/wp-content\/uploads\/2022\/08\/groundnut-oil-pressing-machine.webp\" alt=\"Fornecedor de m\u00e1quinas de extra\u00e7\u00e3o de \u00f3leo de amendoim\" class=\"wp-image-206\" srcset=\"https:\/\/bestpeanutmachine.com\/wp-content\/uploads\/2022\/08\/groundnut-oil-pressing-machine.webp 720w, https:\/\/bestpeanutmachine.com\/wp-content\/uploads\/2022\/08\/groundnut-oil-pressing-machine-300x225.webp 300w, https:\/\/bestpeanutmachine.com\/wp-content\/uploads\/2022\/08\/groundnut-oil-pressing-machine-16x12.webp 16w\" sizes=\"auto, (max-width: 720px) 100vw, 720px\" \/><figcaption class=\"wp-element-caption\">Fornecedor de m\u00e1quinas de extra\u00e7\u00e3o de \u00f3leo de amendoim<\/figcaption><\/figure>    <h2 class=\"wp-block-heading\" id=\"h-why-peanut-oil-is-so-popular\">Por que o \u00f3leo de amendoim \u00e9 t\u00e3o popular?<\/h2>    <p class=\"translation-block\"><a href=\"https:\/\/en.wikipedia.org\/wiki\/Peanut_oil\" data-type=\"link\" data-id=\"https:\/\/en.wikipedia.org\/wiki\/Peanut_oil\" target=\"_blank\" rel=\"noopener\">O \u00f3leo de amendoim<\/a>, tamb\u00e9m chamado \u00f3leo de groundnut, \u00e9 um \u00f3leo vegetal comum extra\u00eddo de amendoins. O \u00f3leo tem um sabor neutro e suave. \u00c9 amplamente utilizado na culin\u00e1ria chinesa, americana, africana, indiana e do Sudeste Asi\u00e1tico, para cozinhar em geral, ou usado como \u00f3leo torrado, para dar um sabor adicional. <\/p>    <p>Geralmente, o \u00f3leo de amendoim vem em duas cores diferentes, uma amarela clara e outra amarela escura. O \u00f3leo de amendoim cont\u00e9m o mais alto n\u00edvel de gordura monoinsaturada e \u00e9 altamente absorv\u00edvel pelo organismo. Como resultado, h\u00e1 um grande n\u00famero de consumidores de \u00f3leo de amendoim no mundo.<\/p>    <figure class=\"wp-block-image size-full\"><img loading=\"lazy\" decoding=\"async\" width=\"720\" height=\"540\" src=\"https:\/\/bestpeanutmachine.com\/wp-content\/uploads\/2022\/08\/peanut-oil.jpg\" alt=\"\u00f3leo de amendoim\" class=\"wp-image-101\" srcset=\"https:\/\/bestpeanutmachine.com\/wp-content\/uploads\/2022\/08\/peanut-oil.jpg 720w, https:\/\/bestpeanutmachine.com\/wp-content\/uploads\/2022\/08\/peanut-oil-300x225.jpg 300w\" sizes=\"auto, (max-width: 720px) 100vw, 720px\" \/><figcaption class=\"wp-element-caption\">\u00f3leo de amendoim<\/figcaption><\/figure>    <h2 class=\"wp-block-heading\" id=\"h-how-much-does-an-oil-machine-cost\">Quanto custa uma m\u00e1quina a \u00f3leo?<\/h2>    <p class=\"translation-block\">O pre\u00e7o de uma m\u00e1quina de extra\u00e7\u00e3o de \u00f3leo de amendoim varia com base na <strong>personaliza\u00e7\u00e3o, capacidade e especifica\u00e7\u00f5es t\u00e9cnicas<\/strong>. Os principais fatores que influenciam o custo incluem:<\/p>    <ul class=\"wp-block-list\"> <li>\u200b<strong>Tipo de m\u00e1quina<\/strong>. Os modelos padr\u00e3o para uso em pequena escala s\u00e3o favor\u00e1veis \u200b\u200bao or\u00e7amento, enquanto sistemas automatizados de alta capacidade (por exemplo, 600kg\/hora) ou linhas de produ\u00e7\u00e3o completas custam mais.<\/li>    <li>\u200b<strong>Materiais e durabilidade<\/strong>. M\u00e1quinas constru\u00eddas com<strong>A\u00e7o resistente ao desgaste<\/strong>&nbsp;ou ligas avan\u00e7adas garantem a longevidade, mas podem aumentar o investimento inicial.<\/li>    <li>\u200b<strong>Funcionalidade<\/strong>. Recursos como<strong>Controle de temperatura autom\u00e1tica<\/strong>, compatibilidade com v\u00e1rios petr\u00f3leo ou filtra\u00e7\u00e3o integrada aumentam os pre\u00e7os.<\/li>    <li>\u200b<strong>Efici\u00eancia energ\u00e9tica<\/strong>. Os projetos de economia de energia podem ter custos mais altos, mas reduzir as despesas operacionais a longo prazo.<\/li> <\/ul>    <figure class=\"wp-block-image size-large\"><img loading=\"lazy\" decoding=\"async\" width=\"720\" height=\"540\" src=\"https:\/\/bestpeanutmachine.com\/wp-content\/uploads\/2022\/08\/Peanut-Oil-Extraction-Machine-in-stock.webp\" alt=\"M\u00e1quina de extra\u00e7\u00e3o de \u00f3leo de amendoim em estoque\" class=\"wp-image-208\" srcset=\"https:\/\/bestpeanutmachine.com\/wp-content\/uploads\/2022\/08\/Peanut-Oil-Extraction-Machine-in-stock.webp 720w, https:\/\/bestpeanutmachine.com\/wp-content\/uploads\/2022\/08\/Peanut-Oil-Extraction-Machine-in-stock-300x225.webp 300w, https:\/\/bestpeanutmachine.com\/wp-content\/uploads\/2022\/08\/Peanut-Oil-Extraction-Machine-in-stock-16x12.webp 16w\" sizes=\"auto, (max-width: 720px) 100vw, 720px\" \/><figcaption class=\"wp-element-caption\">M\u00e1quina de extra\u00e7\u00e3o de \u00f3leo de amendoim em estoque<\/figcaption><\/figure>    <p>Por exemplo, um modelo b\u00e1sico de 40 kg\/hora se encaixa em oficinas dom\u00e9sticas a um pre\u00e7o mais baixo, enquanto uma m\u00e1quina de grau comercial de 600 kg\/hora com automa\u00e7\u00e3o e garantias estendidas comanda um pr\u00eamio.<\/p>    <p class=\"translation-block\">Para obter uma <strong>cota\u00e7\u00e3o precisa<\/strong>, partilhe as suas necessidades espec\u00edficas:<\/p>    <ol class=\"wp-block-list\"> <li>\u200b<strong>Sa\u00edda di\u00e1ria<\/strong>&nbsp;(por exemplo, 100kg vs. 5 toneladas).<\/li>    <li>\u200b<strong>N\u00edvel de automa\u00e7\u00e3o preferida<\/strong>&nbsp;(Semi-AUTO vs. linha de produ\u00e7\u00e3o completa).<\/li>    <li>\u200b<strong>Fun\u00e7\u00f5es adicionais<\/strong>&nbsp;(por exemplo, assando, filtragem ou integra\u00e7\u00e3o de embalagem).<\/li> <\/ol>    <p class=\"translation-block\">Oferecemos <strong>solu\u00e7\u00f5es personalizadas<\/strong> para equilibrar o seu or\u00e7amento e objetivos de produtividade. Contacte-nos hoje para uma <strong>cota\u00e7\u00e3o econ\u00f3mica<\/strong> e orienta\u00e7\u00e3o t\u00e9cnica para maximizar o seu ROI!<\/p>    <figure class=\"wp-block-image size-large\"><img loading=\"lazy\" decoding=\"async\" width=\"720\" height=\"540\" src=\"https:\/\/bestpeanutmachine.com\/wp-content\/uploads\/2022\/08\/peanut-oil-extraction-machine.webp\" alt=\"m\u00e1quina de extra\u00e7\u00e3o de \u00f3leo de amendoim\" class=\"wp-image-209\" srcset=\"https:\/\/bestpeanutmachine.com\/wp-content\/uploads\/2022\/08\/peanut-oil-extraction-machine.webp 720w, https:\/\/bestpeanutmachine.com\/wp-content\/uploads\/2022\/08\/peanut-oil-extraction-machine-300x225.webp 300w, https:\/\/bestpeanutmachine.com\/wp-content\/uploads\/2022\/08\/peanut-oil-extraction-machine-16x12.webp 16w\" sizes=\"auto, (max-width: 720px) 100vw, 720px\" \/><figcaption class=\"wp-element-caption\">m\u00e1quina de extra\u00e7\u00e3o de \u00f3leo de amendoim<\/figcaption><\/figure>    <h2 class=\"wp-block-heading\">Conclus\u00e3o<\/h2>    <p>A m\u00e1quina de extra\u00e7\u00e3o de \u00f3leo de amendoim \u00e9 uma solu\u00e7\u00e3o vers\u00e1til e eficiente para as modernas necessidades de produ\u00e7\u00e3o de petr\u00f3leo. Seu design avan\u00e7ado e constru\u00e7\u00e3o robusta garantem confiabilidade a longo prazo e desempenho ideal. <\/p>    <p>Esteja voc\u00ea produzindo \u00f3leo de amendoim, \u00f3leo de gergelim ou outros tipos de \u00f3leo, esta m\u00e1quina oferece alta efici\u00eancia, excelente rendimento de \u00f3leo e f\u00e1cil opera\u00e7\u00e3o. <\/p>    <p>Atualize hoje seu processo de produ\u00e7\u00e3o de petr\u00f3leo entrando em contato conosco para obter informa\u00e7\u00f5es e pre\u00e7os detalhados. Deixe nossa m\u00e1quina de alto desempenho o ajudar a obter resultados superiores e impulsionar seus neg\u00f3cios.<\/p>    <figure class=\"wp-block-image size-full\"><img loading=\"lazy\" decoding=\"async\" width=\"720\" height=\"540\" src=\"https:\/\/bestpeanutmachine.com\/wp-content\/uploads\/2022\/08\/exported-Peanut-Oil-Extraction-Machine.webp\" alt=\"M\u00e1quina de extra\u00e7\u00e3o de \u00f3leo de amendoim exportada\" class=\"wp-image-317\" srcset=\"https:\/\/bestpeanutmachine.com\/wp-content\/uploads\/2022\/08\/exported-Peanut-Oil-Extraction-Machine.webp 720w, https:\/\/bestpeanutmachine.com\/wp-content\/uploads\/2022\/08\/exported-Peanut-Oil-Extraction-Machine-300x225.webp 300w, https:\/\/bestpeanutmachine.com\/wp-content\/uploads\/2022\/08\/exported-Peanut-Oil-Extraction-Machine-16x12.webp 16w\" sizes=\"auto, (max-width: 720px) 100vw, 720px\" \/><figcaption class=\"wp-element-caption\">M\u00e1quina de extra\u00e7\u00e3o de \u00f3leo de amendoim exportada<\/figcaption><\/figure>","protected":false},"excerpt":{"rendered":"<p>A M\u00e1quina de Extra\u00e7\u00e3o de \u00d3leo de Amendoim \u00e9 uma prensa de \u00f3leo do tipo parafuso de alta efici\u00eancia, ideal para prensagem a quente e a frio. <\/p>","protected":false},"author":1,"featured_media":98,"parent":0,"template":"","tags":[8],"product-type":[6,69],"class_list":["post-75","product","type-product","status-publish","has-post-thumbnail","hentry","tag-peanut-processing-machine","product-type-product","product-type-peanut-machine"],"_links":{"self":[{"href":"https:\/\/bestpeanutmachine.com\/pt\/wp-json\/wp\/v2\/product\/75","targetHints":{"allow":["GET"]}}],"collection":[{"href":"https:\/\/bestpeanutmachine.com\/pt\/wp-json\/wp\/v2\/product"}],"about":[{"href":"https:\/\/bestpeanutmachine.com\/pt\/wp-json\/wp\/v2\/types\/product"}],"author":[{"embeddable":true,"href":"https:\/\/bestpeanutmachine.com\/pt\/wp-json\/wp\/v2\/users\/1"}],"wp:featuredmedia":[{"embeddable":true,"href":"https:\/\/bestpeanutmachine.com\/pt\/wp-json\/wp\/v2\/media\/98"}],"wp:attachment":[{"href":"https:\/\/bestpeanutmachine.com\/pt\/wp-json\/wp\/v2\/media?parent=75"}],"wp:term":[{"taxonomy":"post_tag","embeddable":true,"href":"https:\/\/bestpeanutmachine.com\/pt\/wp-json\/wp\/v2\/tags?post=75"},{"taxonomy":"product-type","embeddable":true,"href":"https:\/\/bestpeanutmachine.com\/pt\/wp-json\/wp\/v2\/product-type?post=75"}],"curies":[{"name":"wp","href":"https:\/\/api.w.org\/{rel}","templated":true}]}}