{"id":838,"date":"2026-01-16T13:48:12","date_gmt":"2026-01-16T05:48:12","guid":{"rendered":"https:\/\/bestpeanutmachine.com\/?post_type=product&#038;p=838"},"modified":"2026-01-16T13:56:30","modified_gmt":"2026-01-16T05:56:30","slug":"nut-chopping-machine","status":"publish","type":"product","link":"https:\/\/bestpeanutmachine.com\/pt\/product\/nut-chopping-machine\/","title":{"rendered":"M\u00e1quina de Corte de Nozes | Solu\u00e7\u00e3o Industrial de Corte e Granula\u00e7\u00e3o de Nozes"},"content":{"rendered":"<p class=\"translation-block\">A m\u00e1quina de corte de frutos secos da Taizy  \u00e9 amplamente utilizada em f\u00e1bricas de processamento de frutos secos e linhas de pr\u00e9-tratamento de mat\u00e9rias-primas que requerem controlo preciso do tamanho das part\u00edculas. Pode cortar de forma eficiente e est\u00e1vel v\u00e1rios frutos secos (como amendoins, am\u00eandoas, etc.) e leguminosas em part\u00edculas uniformes com capacidade de 200\u2013500 kg\/h.<\/p>    <p>A m\u00e1quina de corte de frutos secos integra uma estrutura mec\u00e2nica est\u00e1vel, precis\u00e3o de corte ajust\u00e1vel e fun\u00e7\u00f5es de triagem em m\u00faltiplos est\u00e1gios. Pode ser adquirida separadamente para processamento de frutos secos ou conectada a uma linha de produ\u00e7\u00e3o para melhorar efetivamente a efici\u00eancia da produ\u00e7\u00e3o industrial de alimentos de amendoim.<\/p>    <figure class=\"wp-block-embed is-type-video is-provider-youtube wp-block-embed-youtube wp-embed-aspect-16-9 wp-has-aspect-ratio\"><div class=\"wp-block-embed__wrapper\"> <iframe loading=\"lazy\" title=\"Nut Chopping Machine for Peanut &amp; Almond Processing Contact:+8617703863868\" width=\"500\" height=\"281\" src=\"https:\/\/www.youtube.com\/embed\/OtRhcsLZKgg?feature=oembed\" frameborder=\"0\" allow=\"accelerometer; autoplay; clipboard-write; encrypted-media; gyroscope; picture-in-picture; web-share\" referrerpolicy=\"strict-origin-when-cross-origin\" allowfullscreen><\/iframe> <\/div><figcaption class=\"wp-element-caption\">v\u00eddeo de funcionamento da cortadora de frutos secos<\/figcaption><\/figure>    <h2 class=\"wp-block-heading\"><strong>Principais caracter\u00edsticas da m\u00e1quina de corte de badam<\/strong><\/h2>    <ol class=\"wp-block-list\"> <li>A estrutura desta m\u00e1quina de corte de frutos secos \u00e9 feita de a\u00e7o em canal espesso, resultando num peso total elevado e <strong>vibra\u00e7\u00e3o m\u00ednima durante a opera\u00e7\u00e3o<\/strong>, prevenindo efetivamente a deforma\u00e7\u00e3o causada pelo uso prolongado.<\/li>    <li>As suas principais fundi\u00e7\u00f5es s\u00e3o feitas de <strong>Ferro d\u00factil QT500-7<\/strong>, que confere \u00e0 m\u00e1quina toda uma alta resist\u00eancia \u00e0 tra\u00e7\u00e3o e excelente resist\u00eancia ao desgaste. As propriedades de auto-lubrifica\u00e7\u00e3o do ferro d\u00factil tamb\u00e9m reduzem o atrito e baixam os custos de manuten\u00e7\u00e3o.<\/li>    <li>Apresenta uma <strong>Arm\u00e1rio de controlo el\u00e9trico independente<\/strong>, prevenindo efetivamente danos aos componentes el\u00e9tricos devido \u00e0 vibra\u00e7\u00e3o da m\u00e1quina. Isso tamb\u00e9m melhora a seguran\u00e7a operacional e facilita a opera\u00e7\u00e3o e manuten\u00e7\u00e3o di\u00e1rias.<\/li>    <li>A m\u00e1quina de corte de amendoim possui uma <strong>Sistema de triagem em tr\u00eas etapas<\/strong> com quatro classes de sa\u00edda. A sua estrutura simples facilita a desmontagem e limpeza, sendo particularmente adequada para f\u00e1bricas de alimentos com mudan\u00e7as frequentes de produto.<\/li>    <li>Seu corpo \u00e9 feito de a\u00e7o carbono com uma superf\u00edcie revestida a p\u00f3 para <strong>Boa resist\u00eancia \u00e0 corros\u00e3o<\/strong>. As partes de contacto com o material s\u00e3o feitas de a\u00e7o inoxid\u00e1vel de grau aliment\u00edcio, atendendo aos requisitos b\u00e1sicos de higiene para aplica\u00e7\u00f5es de processamento de alimentos.<\/li> <\/ol>    <figure class=\"wp-block-gallery has-nested-images columns-2 is-cropped wp-block-gallery-2 is-layout-flex wp-block-gallery-is-layout-flex\"> <figure class=\"wp-block-image size-large\"><img loading=\"lazy\" decoding=\"async\" width=\"720\" height=\"540\" data-id=\"848\" src=\"https:\/\/bestpeanutmachine.com\/wp-content\/uploads\/2026\/01\/independent-electrical-control-cabinet.webp\" alt=\"Arm\u00e1rio de controlo el\u00e9trico independente\" class=\"wp-image-848\" srcset=\"https:\/\/bestpeanutmachine.com\/wp-content\/uploads\/2026\/01\/independent-electrical-control-cabinet.webp 720w, https:\/\/bestpeanutmachine.com\/wp-content\/uploads\/2026\/01\/independent-electrical-control-cabinet-300x225.webp 300w, https:\/\/bestpeanutmachine.com\/wp-content\/uploads\/2026\/01\/independent-electrical-control-cabinet-16x12.webp 16w\" sizes=\"auto, (max-width: 720px) 100vw, 720px\" \/><figcaption class=\"wp-element-caption\">Arm\u00e1rio de controlo el\u00e9trico independente<\/figcaption><\/figure>    <figure class=\"wp-block-image size-large\"><img loading=\"lazy\" decoding=\"async\" width=\"720\" height=\"540\" data-id=\"851\" src=\"https:\/\/bestpeanutmachine.com\/wp-content\/uploads\/2026\/01\/completed-nut-cutting-machine.webp\" alt=\"M\u00e1quina de corte de frutos secos conclu\u00edda\" class=\"wp-image-851\" srcset=\"https:\/\/bestpeanutmachine.com\/wp-content\/uploads\/2026\/01\/completed-nut-cutting-machine.webp 720w, https:\/\/bestpeanutmachine.com\/wp-content\/uploads\/2026\/01\/completed-nut-cutting-machine-300x225.webp 300w, https:\/\/bestpeanutmachine.com\/wp-content\/uploads\/2026\/01\/completed-nut-cutting-machine-16x12.webp 16w\" sizes=\"auto, (max-width: 720px) 100vw, 720px\" \/><figcaption class=\"wp-element-caption\">M\u00e1quina de corte de frutos secos conclu\u00edda<\/figcaption><\/figure>    <figure class=\"wp-block-image size-large\"><img loading=\"lazy\" decoding=\"async\" width=\"720\" height=\"540\" data-id=\"849\" src=\"https:\/\/bestpeanutmachine.com\/wp-content\/uploads\/2026\/01\/three-stage-screening-system.webp\" alt=\"Sistema de triagem em tr\u00eas etapas\" class=\"wp-image-849\" srcset=\"https:\/\/bestpeanutmachine.com\/wp-content\/uploads\/2026\/01\/three-stage-screening-system.webp 720w, https:\/\/bestpeanutmachine.com\/wp-content\/uploads\/2026\/01\/three-stage-screening-system-300x225.webp 300w, https:\/\/bestpeanutmachine.com\/wp-content\/uploads\/2026\/01\/three-stage-screening-system-16x12.webp 16w\" sizes=\"auto, (max-width: 720px) 100vw, 720px\" \/><figcaption class=\"wp-element-caption\">Sistema de triagem em tr\u00eas etapas<\/figcaption><\/figure>    <figure class=\"wp-block-image size-large\"><img loading=\"lazy\" decoding=\"async\" width=\"720\" height=\"540\" data-id=\"850\" src=\"https:\/\/bestpeanutmachine.com\/wp-content\/uploads\/2026\/01\/best-machine-for-chopping-nuts.webp\" alt=\"melhor m\u00e1quina para cortar nozes\" class=\"wp-image-850\" srcset=\"https:\/\/bestpeanutmachine.com\/wp-content\/uploads\/2026\/01\/best-machine-for-chopping-nuts.webp 720w, https:\/\/bestpeanutmachine.com\/wp-content\/uploads\/2026\/01\/best-machine-for-chopping-nuts-300x225.webp 300w, https:\/\/bestpeanutmachine.com\/wp-content\/uploads\/2026\/01\/best-machine-for-chopping-nuts-16x12.webp 16w\" sizes=\"auto, (max-width: 720px) 100vw, 720px\" \/><figcaption class=\"wp-element-caption\">melhor m\u00e1quina para cortar nozes<\/figcaption><\/figure> <\/figure>    <h2 class=\"wp-block-heading\"><strong>Como funciona a m\u00e1quina de corte de frutos secos?<\/strong><\/h2>    <p>A m\u00e1quina de corte de frutos secos usa um m\u00e9todo de alimenta\u00e7\u00e3o cont\u00ednua, realizando cortes rec\u00edprocos no material na correia transportadora, e depois separando as pe\u00e7as processadas por tamanho de part\u00edcula usando um sistema de triagem vibrat\u00f3rio.<\/p>    <h3 class=\"wp-block-heading\"><strong>1. Alimenta\u00e7\u00e3o uniforme<\/strong><\/h3>    <p>Mat\u00e9rias-primas como amendoins, am\u00eandoas, nozes ou avel\u00e3s s\u00e3o alimentadas uniformemente a partir do funil para a correia transportadora. A velocidade da correia \u00e9 ajust\u00e1vel. (Para resultados \u00f3timos de corte, a velocidade n\u00e3o deve ser demasiado r\u00e1pida.)<\/p>    <h3 class=\"wp-block-heading\"><strong>2. Sistema de corte rec\u00edproco<\/strong><\/h3>    <p>O material \u00e9 conduzido para a c\u00e2mara de corte, onde 10 l\u00e2minas de corte rec\u00edprocas cortam continuamente os frutos secos. (A velocidade de corte das l\u00e2minas \u00e9 mantida constante para garantir um desempenho de corte est\u00e1vel.)<\/p>    <h3 class=\"wp-block-heading\"><strong>3. Tamanho de part\u00edcula ajust\u00e1vel<\/strong><\/h3>    <p>O tamanho final das part\u00edculas pode ser controlado ajustando a velocidade da correia transportadora.<\/p>    <ul class=\"wp-block-list\"> <li>Velocidade do tapete transportador mais r\u00e1pida \u2192 Menos cortes \u2192 Part\u00edculas maiores<\/li>    <li>Velocidade do tapete transportador mais lenta \u2192 Mais cortes \u2192 Part\u00edculas menores<\/li> <\/ul>    <h3 class=\"wp-block-heading\"><strong>4. Triagem vibrat\u00f3ria<\/strong><\/h3>    <p>Ap\u00f3s o corte, o material entra numa tela vibrat\u00f3ria de tr\u00eas camadas, separando o produto em quatro tamanhos de part\u00edculas diferentes para atender \u00e0s v\u00e1rias especifica\u00e7\u00f5es do produto.<\/p>    <p>Este processo de corte a frio preserva perfeitamente o sabor, textura e valor nutricional originais dos frutos secos. \u00c9 ideal para o pr\u00e9-tratamento de alimentos \u00e0 base de frutos secos.<\/p>    <h2 class=\"wp-block-heading\"><strong>Aplica\u00e7\u00f5es da m\u00e1quina de corte de frutos secos Taizy<\/strong><\/h2>    <p>Cortadores de frutos secos s\u00e3o amplamente utilizados nas ind\u00fastrias de processamento de alimentos e prepara\u00e7\u00e3o de ingredientes, especialmente em linhas de produ\u00e7\u00e3o que requerem cortar frutos secos ou leguminosas em tamanhos de part\u00edculas uniformes e control\u00e1veis.<\/p>    <p>Esta m\u00e1quina \u00e9 ideal para cortar e granulado v\u00e1rios frutos secos, incluindo amendoins, am\u00eandoas, nozes, avel\u00e3s e castanhas. As part\u00edculas de frutos secos cortados s\u00e3o comumente usadas em ingredientes de frutos secos (para sobremesas ou panifica\u00e7\u00e3o) e snacks de frutos secos mistos.<\/p>    <figure class=\"wp-block-gallery has-nested-images columns-2 is-cropped wp-block-gallery-3 is-layout-flex wp-block-gallery-is-layout-flex\"> <figure class=\"wp-block-image size-large\"><img loading=\"lazy\" decoding=\"async\" width=\"750\" height=\"750\" data-id=\"852\" src=\"https:\/\/bestpeanutmachine.com\/wp-content\/uploads\/2026\/01\/chopped-dates.webp\" alt=\"t\u00e2maras cortadas\" class=\"wp-image-852\" srcset=\"https:\/\/bestpeanutmachine.com\/wp-content\/uploads\/2026\/01\/chopped-dates.webp 750w, https:\/\/bestpeanutmachine.com\/wp-content\/uploads\/2026\/01\/chopped-dates-300x300.webp 300w, https:\/\/bestpeanutmachine.com\/wp-content\/uploads\/2026\/01\/chopped-dates-150x150.webp 150w, https:\/\/bestpeanutmachine.com\/wp-content\/uploads\/2026\/01\/chopped-dates-12x12.webp 12w\" sizes=\"auto, (max-width: 750px) 100vw, 750px\" \/><figcaption class=\"wp-element-caption\">t\u00e2maras cortadas<\/figcaption><\/figure>    <figure class=\"wp-block-image size-large\"><img loading=\"lazy\" decoding=\"async\" width=\"800\" height=\"800\" data-id=\"853\" src=\"https:\/\/bestpeanutmachine.com\/wp-content\/uploads\/2026\/01\/crushed-hazelnuts.webp\" alt=\"avel\u00e3s esmagadas\" class=\"wp-image-853\" srcset=\"https:\/\/bestpeanutmachine.com\/wp-content\/uploads\/2026\/01\/crushed-hazelnuts.webp 800w, https:\/\/bestpeanutmachine.com\/wp-content\/uploads\/2026\/01\/crushed-hazelnuts-300x300.webp 300w, https:\/\/bestpeanutmachine.com\/wp-content\/uploads\/2026\/01\/crushed-hazelnuts-150x150.webp 150w, https:\/\/bestpeanutmachine.com\/wp-content\/uploads\/2026\/01\/crushed-hazelnuts-768x768.webp 768w, https:\/\/bestpeanutmachine.com\/wp-content\/uploads\/2026\/01\/crushed-hazelnuts-12x12.webp 12w\" sizes=\"auto, (max-width: 800px) 100vw, 800px\" \/><figcaption class=\"wp-element-caption\">avel\u00e3s esmagadas<\/figcaption><\/figure>    <figure class=\"wp-block-image size-large\"><img loading=\"lazy\" decoding=\"async\" width=\"500\" height=\"500\" data-id=\"854\" src=\"https:\/\/bestpeanutmachine.com\/wp-content\/uploads\/2026\/01\/crushed-pistachios.webp\" alt=\"pist\u00e1chios esmagados\" class=\"wp-image-854\" srcset=\"https:\/\/bestpeanutmachine.com\/wp-content\/uploads\/2026\/01\/crushed-pistachios.webp 500w, https:\/\/bestpeanutmachine.com\/wp-content\/uploads\/2026\/01\/crushed-pistachios-300x300.webp 300w, https:\/\/bestpeanutmachine.com\/wp-content\/uploads\/2026\/01\/crushed-pistachios-150x150.webp 150w, https:\/\/bestpeanutmachine.com\/wp-content\/uploads\/2026\/01\/crushed-pistachios-12x12.webp 12w\" sizes=\"auto, (max-width: 500px) 100vw, 500px\" \/><figcaption class=\"wp-element-caption\">pist\u00e1chios esmagados<\/figcaption><\/figure>    <figure class=\"wp-block-image size-large\"><img loading=\"lazy\" decoding=\"async\" width=\"1024\" height=\"1024\" data-id=\"855\" src=\"https:\/\/bestpeanutmachine.com\/wp-content\/uploads\/2026\/01\/macadamia-nut-pieces-1024x1024.webp\" alt=\"peda\u00e7os de noz de macad\u00e2mia\" class=\"wp-image-855\" srcset=\"https:\/\/bestpeanutmachine.com\/wp-content\/uploads\/2026\/01\/macadamia-nut-pieces-1024x1024.webp 1024w, https:\/\/bestpeanutmachine.com\/wp-content\/uploads\/2026\/01\/macadamia-nut-pieces-300x300.webp 300w, https:\/\/bestpeanutmachine.com\/wp-content\/uploads\/2026\/01\/macadamia-nut-pieces-150x150.webp 150w, https:\/\/bestpeanutmachine.com\/wp-content\/uploads\/2026\/01\/macadamia-nut-pieces-768x768.webp 768w, https:\/\/bestpeanutmachine.com\/wp-content\/uploads\/2026\/01\/macadamia-nut-pieces-12x12.webp 12w, https:\/\/bestpeanutmachine.com\/wp-content\/uploads\/2026\/01\/macadamia-nut-pieces.webp 1440w\" sizes=\"auto, (max-width: 1024px) 100vw, 1024px\" \/><figcaption class=\"wp-element-caption\">peda\u00e7os de noz de macad\u00e2mia<\/figcaption><\/figure> <\/figure>    <p>Em cozinhas centrais e f\u00e1bricas de ingredientes alimentares, os cortadores de frutos secos podem ser usados para pr\u00e9-processamento em lotes e classifica\u00e7\u00e3o de mat\u00e9rias-primas de frutos secos, fornecendo uma oferta cont\u00ednua e est\u00e1vel de part\u00edculas de frutos secos de diferentes tamanhos para linhas de processamento downstream.<\/p>    <p class=\"translation-block\">Furthermore, it can be paired with a <a href=\"https:\/\/bestpeanutmachine.com\/pt\/product\/peanut-roasting-machine\/\">peanut roasting machine<\/a>. Roasting the peanuts before cutting them into pieces results in a better color and flavor. Some customers who purchase Taizy&#8217;s <a href=\"https:\/\/bestpeanutmachine.com\/pt\/product\/peanut-brittle-making-machine\/\">peanut candy production line<\/a> also request a cutting machine to enhance the texture of the peanut candy.<\/p>    <figure class=\"wp-block-gallery has-nested-images columns-default is-cropped wp-block-gallery-4 is-layout-flex wp-block-gallery-is-layout-flex\"> <figure class=\"wp-block-image size-large\"><img loading=\"lazy\" decoding=\"async\" width=\"720\" height=\"540\" data-id=\"81\" src=\"https:\/\/bestpeanutmachine.com\/wp-content\/uploads\/2022\/08\/superior-nut-roasting-machine-1.jpg\" alt=\"m\u00e1quina de torrefa\u00e7\u00e3o de nozes superior\" class=\"wp-image-81\" srcset=\"https:\/\/bestpeanutmachine.com\/wp-content\/uploads\/2022\/08\/superior-nut-roasting-machine-1.jpg 720w, https:\/\/bestpeanutmachine.com\/wp-content\/uploads\/2022\/08\/superior-nut-roasting-machine-1-300x225.jpg 300w\" sizes=\"auto, (max-width: 720px) 100vw, 720px\" \/><figcaption class=\"wp-element-caption\">m\u00e1quina de torrefa\u00e7\u00e3o de nozes superior<\/figcaption><\/figure>    <figure class=\"wp-block-image size-large\"><img loading=\"lazy\" decoding=\"async\" width=\"720\" height=\"540\" data-id=\"769\" src=\"https:\/\/bestpeanutmachine.com\/wp-content\/uploads\/2026\/01\/peanut-brittle-making-machine.webp\" alt=\"produto final do cliente\" class=\"wp-image-769\" srcset=\"https:\/\/bestpeanutmachine.com\/wp-content\/uploads\/2026\/01\/peanut-brittle-making-machine.webp 720w, https:\/\/bestpeanutmachine.com\/wp-content\/uploads\/2026\/01\/peanut-brittle-making-machine-300x225.webp 300w, https:\/\/bestpeanutmachine.com\/wp-content\/uploads\/2026\/01\/peanut-brittle-making-machine-16x12.webp 16w\" sizes=\"auto, (max-width: 720px) 100vw, 720px\" \/><figcaption class=\"wp-element-caption\">produto final do cliente<\/figcaption><\/figure> <\/figure>    <h2 class=\"wp-block-heading\"><strong>Especifica\u00e7\u00f5es t\u00e9cnicas da cortadora de frutos secos<\/strong><\/h2>    <figure class=\"wp-block-table\"><table class=\"has-fixed-layout\"><tbody><tr><td>Poder<\/td><td>2,25 kW<\/td><\/tr><tr><td>Capacidade<\/td><td>200\u2013500 kg\/h<\/td><\/tr><tr><td>N\u00famero de l\u00e2minas<\/td><td>10 pe\u00e7as<\/td><\/tr><tr><td>Sistema de triagem<\/td><td>Tela de tr\u00eas est\u00e1gios, quatro tamanhos de classifica\u00e7\u00e3o<\/td><\/tr><tr><td>Tens\u00e3o<\/td><td>380 V<\/td><\/tr><tr><td>Frequ\u00eancia<\/td><td>50 Hz<\/td><\/tr><tr><td>Tamanho da m\u00e1quina<\/td><td>2820 \u00d7 950 \u00d7 1300 mm<\/td><\/tr><tr><td>Material do quadro<\/td><td>A\u00e7o carbono revestido a p\u00f3<\/td><\/tr><tr><td>Material de contacto<\/td><td>A\u00e7o inoxid\u00e1vel 201<\/td><\/tr><\/tbody><\/table><figcaption class=\"wp-element-caption\">par\u00e2metros da m\u00e1quina de corte de frutos secos<\/figcaption><\/figure>    <p>Some parameters are not fixed and can be adjusted according to specific needs, such as the material composition of the machine and the voltage. We will customize the product according to the customer&#8217;s specific requirements.<\/p>   <div class=\"wp-block-image\"> <figure class=\"aligncenter size-full\"><img loading=\"lazy\" decoding=\"async\" width=\"720\" height=\"540\" src=\"https:\/\/bestpeanutmachine.com\/wp-content\/uploads\/2026\/01\/automatic-cashew-cutting-machine.webp\" alt=\"m\u00e1quina autom\u00e1tica de corte de caju\" class=\"wp-image-858\" srcset=\"https:\/\/bestpeanutmachine.com\/wp-content\/uploads\/2026\/01\/automatic-cashew-cutting-machine.webp 720w, https:\/\/bestpeanutmachine.com\/wp-content\/uploads\/2026\/01\/automatic-cashew-cutting-machine-300x225.webp 300w, https:\/\/bestpeanutmachine.com\/wp-content\/uploads\/2026\/01\/automatic-cashew-cutting-machine-16x12.webp 16w\" sizes=\"auto, (max-width: 720px) 100vw, 720px\" \/><figcaption class=\"wp-element-caption\">m\u00e1quina autom\u00e1tica de corte de caju<\/figcaption><\/figure> <\/div>   <h2 class=\"wp-block-heading\"><strong>O que a Taizy pode oferecer-lhe?<\/strong><\/h2>    <p>Devido \u00e0s necessidades variadas dos clientes, tamb\u00e9m oferecemos uma variedade de servi\u00e7os para satisfaz\u00ea-lo, incluindo:<\/p>    <h3 class=\"wp-block-heading\"><strong>Personaliza\u00e7\u00e3o de material<\/strong><\/h3>    <p>Oferecemos op\u00e7\u00f5es para o material em contacto com o produto, com os pain\u00e9is exteriores dispon\u00edveis em a\u00e7o inoxid\u00e1vel 304 ou 316, e o quadro em material misto 304 201 ou a\u00e7o inoxid\u00e1vel 316.<\/p>    <h3 class=\"wp-block-heading\"><strong>Personaliza\u00e7\u00e3o profissional individualizada<\/strong><\/h3>    <p>A Taizy recomendar\u00e1 o equipamento mais adequado com base nos materiais que precisa processar e nos resultados finais desejados. Se tiver outras necessidades, tamb\u00e9m podemos ajud\u00e1-lo a personalizar uma linha de produ\u00e7\u00e3o para processamento de frutos secos.<\/p>    <h3 class=\"wp-block-heading\"><strong>Lista de pre\u00e7os transparente<\/strong><\/h3>    <p>Somos propriet\u00e1rios da nossa pr\u00f3pria f\u00e1brica, garantindo m\u00e1quinas de alta qualidade a um excelente valor. Cada uma das nossas m\u00e1quinas de processamento de frutos secos cumpre as certifica\u00e7\u00f5es CE e outras de exporta\u00e7\u00e3o, e vem com uma garantia de 12 meses.<\/p>    <figure class=\"wp-block-gallery has-nested-images columns-default is-cropped wp-block-gallery-5 is-layout-flex wp-block-gallery-is-layout-flex\"> <figure class=\"wp-block-image size-large\"><img loading=\"lazy\" decoding=\"async\" width=\"720\" height=\"540\" data-id=\"856\" src=\"https:\/\/bestpeanutmachine.com\/wp-content\/uploads\/2026\/01\/nut-cutting-machine-in-Taizy-factory.webp\" alt=\"m\u00e1quina de corte de frutos secos na f\u00e1brica Taizy\" class=\"wp-image-856\" srcset=\"https:\/\/bestpeanutmachine.com\/wp-content\/uploads\/2026\/01\/nut-cutting-machine-in-Taizy-factory.webp 720w, https:\/\/bestpeanutmachine.com\/wp-content\/uploads\/2026\/01\/nut-cutting-machine-in-Taizy-factory-300x225.webp 300w, https:\/\/bestpeanutmachine.com\/wp-content\/uploads\/2026\/01\/nut-cutting-machine-in-Taizy-factory-16x12.webp 16w\" sizes=\"auto, (max-width: 720px) 100vw, 720px\" \/><figcaption class=\"wp-element-caption\">m\u00e1quina de corte de frutos secos na f\u00e1brica Taizy<\/figcaption><\/figure>    <figure class=\"wp-block-image size-large\"><img loading=\"lazy\" decoding=\"async\" width=\"720\" height=\"540\" data-id=\"857\" src=\"https:\/\/bestpeanutmachine.com\/wp-content\/uploads\/2026\/01\/peanut-chopping-machine-in-stock.webp\" alt=\"m\u00e1quina de corte de amendoim em stock\" class=\"wp-image-857\" srcset=\"https:\/\/bestpeanutmachine.com\/wp-content\/uploads\/2026\/01\/peanut-chopping-machine-in-stock.webp 720w, https:\/\/bestpeanutmachine.com\/wp-content\/uploads\/2026\/01\/peanut-chopping-machine-in-stock-300x225.webp 300w, https:\/\/bestpeanutmachine.com\/wp-content\/uploads\/2026\/01\/peanut-chopping-machine-in-stock-16x12.webp 16w\" sizes=\"auto, (max-width: 720px) 100vw, 720px\" \/><figcaption class=\"wp-element-caption\">m\u00e1quina de corte de amendoim em stock<\/figcaption><\/figure> <\/figure>    <h3 class=\"wp-block-heading\"><strong>Servi\u00e7o p\u00f3s-venda de alta qualidade<\/strong><\/h3>    <p>Ap\u00f3s a conclus\u00e3o do pedido, os nossos clientes usufruem de um servi\u00e7o p\u00f3s-venda vital\u00edcio, incluindo suporte t\u00e9cnico remoto e fornecimento de pe\u00e7as de reposi\u00e7\u00e3o a longo prazo.<\/p>    <p>Se tiver mais perguntas ou desejar consultar outras informa\u00e7\u00f5es sobre esta m\u00e1quina de corte de frutos secos, entre em contacto connosco para as \u00faltimas atualiza\u00e7\u00f5es!<\/p>","protected":false},"excerpt":{"rendered":"<p>This nut chopper is specifically designed to chop peanuts, almonds, walnuts, and other nuts into uniform particles. It allows for adjustment of the finished particle size via a conveyor belt and features a multi-stage screening system for product grading, making it an ideal choice for peanut food processing.<\/p>","protected":false},"author":1,"featured_media":869,"parent":0,"template":"","tags":[11],"product-type":[76,6],"class_list":["post-838","product","type-product","status-publish","has-post-thumbnail","hentry","tag-peanut","product-type-other-nuts-machine","product-type-product"],"_links":{"self":[{"href":"https:\/\/bestpeanutmachine.com\/pt\/wp-json\/wp\/v2\/product\/838","targetHints":{"allow":["GET"]}}],"collection":[{"href":"https:\/\/bestpeanutmachine.com\/pt\/wp-json\/wp\/v2\/product"}],"about":[{"href":"https:\/\/bestpeanutmachine.com\/pt\/wp-json\/wp\/v2\/types\/product"}],"author":[{"embeddable":true,"href":"https:\/\/bestpeanutmachine.com\/pt\/wp-json\/wp\/v2\/users\/1"}],"wp:featuredmedia":[{"embeddable":true,"href":"https:\/\/bestpeanutmachine.com\/pt\/wp-json\/wp\/v2\/media\/869"}],"wp:attachment":[{"href":"https:\/\/bestpeanutmachine.com\/pt\/wp-json\/wp\/v2\/media?parent=838"}],"wp:term":[{"taxonomy":"post_tag","embeddable":true,"href":"https:\/\/bestpeanutmachine.com\/pt\/wp-json\/wp\/v2\/tags?post=838"},{"taxonomy":"product-type","embeddable":true,"href":"https:\/\/bestpeanutmachine.com\/pt\/wp-json\/wp\/v2\/product-type?post=838"}],"curies":[{"name":"wp","href":"https:\/\/api.w.org\/{rel}","templated":true}]}}