{"id":881,"date":"2026-01-19T14:53:40","date_gmt":"2026-01-19T06:53:40","guid":{"rendered":"https:\/\/bestpeanutmachine.com\/?post_type=product&#038;p=881"},"modified":"2026-01-28T09:20:22","modified_gmt":"2026-01-28T01:20:22","slug":"wet-type-almond-skin-peeler-machine","status":"publish","type":"product","link":"https:\/\/bestpeanutmachine.com\/pt\/product\/wet-type-almond-skin-peeler-machine\/","title":{"rendered":"M\u00e1quina de Corte de Nozes | Solu\u00e7\u00e3o Industrial de Corte e Granula\u00e7\u00e3o de Nozes"},"content":{"rendered":"<p class=\"translation-block\">A <strong>m\u00e1quina de descasque de pele de am\u00eandoa<\/strong> \u00e9 um equipamento de descasque h\u00famido profissional, especificamente projetado para remover as peles de am\u00eandoas embebidas, amendoins, soja e feij\u00e3o de feij\u00e3o.<\/p>    <p>Utiliza um princ\u00edpio de descasque por fric\u00e7\u00e3o de rolo de borracha, atingindo uma efici\u00eancia de descasque de 150-220 kg\/h e uma taxa de descasque de 96%. O produto descascado apresenta uma taxa de quebras de 6%, sendo uma m\u00e1quina fundamental no pr\u00e9-processamento de amendoins, am\u00eandoas e outras nozes.<\/p>    <figure class=\"wp-block-embed aligncenter is-type-video is-provider-youtube wp-block-embed-youtube wp-embed-aspect-16-9 wp-has-aspect-ratio\"><div class=\"wp-block-embed__wrapper\"> <iframe loading=\"lazy\" title=\"Taxa de descasque de 96% M\u00e1quina h\u00famida de remo\u00e7\u00e3o de pele de am\u00eandoa Contacto:  8617703863868\" width=\"500\" height=\"281\" src=\"https:\/\/www.youtube.com\/embed\/TgPpSt6FkL4?feature=oembed\" frameborder=\"0\" allow=\"accelerometer; autoplay; clipboard-write; encrypted-media; gyroscope; picture-in-picture; web-share\" referrerpolicy=\"strict-origin-when-cross-origin\" allowfullscreen><\/iframe> <\/div><figcaption class=\"wp-element-caption\">V\u00eddeo de funcionamento da m\u00e1quina de descasque de pele de am\u00eandoa<\/figcaption><\/figure>    <h2 class=\"wp-block-heading\"><strong>Destaque da m\u00e1quina de descasque de am\u00eandoas<\/strong><\/h2>    <p>Em compara\u00e7\u00e3o com o descasque manual tradicional ou equipamento de descasque a seco, a m\u00e1quina de descasque de am\u00eandoas oferece vantagens significativas:<\/p>    <ol class=\"wp-block-list\"> <li>Alta taxa de descasque de at\u00e9 96% atende \u00e0s necessidades da produ\u00e7\u00e3o industrial.<\/li>    <li>Uma baixa taxa de quebras (taxa de metade do caro\u00e7o \u22646%) na m\u00e1quina de descasque de am\u00eandoas garante que os caro\u00e7os permane\u00e7am relativamente intactos.<\/li>    <li>O seu processo de descasque n\u00e3o danifica a estrutura de prote\u00edna, preservando a cor e o sabor naturais dos caro\u00e7os.<\/li>    <li>A m\u00e1quina de descasque de am\u00eandoas apresenta uma estrutura compacta, ocupando pouco espa\u00e7o e facilitando a instala\u00e7\u00e3o.<\/li>    <li>A m\u00e1quina de descasque de pele de am\u00eandoa Taizy \u00e9 feita de a\u00e7o carbono dur\u00e1vel (material de a\u00e7o inoxid\u00e1vel 304 tamb\u00e9m dispon\u00edvel para personaliza\u00e7\u00e3o).<\/li> <\/ol>   <div class=\"wp-block-image\"> <figure class=\"aligncenter size-full\"><img loading=\"lazy\" decoding=\"async\" width=\"925\" height=\"741\" src=\"https:\/\/bestpeanutmachine.com\/wp-content\/uploads\/2026\/01\/almond-peeling-machine.webp\" alt=\"M\u00e1quina de descasque de am\u00eandoas\" class=\"wp-image-891\" srcset=\"https:\/\/bestpeanutmachine.com\/wp-content\/uploads\/2026\/01\/almond-peeling-machine.webp 925w, https:\/\/bestpeanutmachine.com\/wp-content\/uploads\/2026\/01\/almond-peeling-machine-300x240.webp 300w, https:\/\/bestpeanutmachine.com\/wp-content\/uploads\/2026\/01\/almond-peeling-machine-768x615.webp 768w, https:\/\/bestpeanutmachine.com\/wp-content\/uploads\/2026\/01\/almond-peeling-machine-15x12.webp 15w\" sizes=\"auto, (max-width: 925px) 100vw, 925px\" \/><figcaption class=\"wp-element-caption\">M\u00e1quina de descasque de am\u00eandoas<\/figcaption><\/figure> <\/div>   <h2 class=\"wp-block-heading\"><strong>Etapas de funcionamento da m\u00e1quina de descasque de pele de am\u00eandoa<\/strong><\/h2>    <p>A m\u00e1quina de descasque de am\u00eandoas utiliza um princ\u00edpio de descasque por fric\u00e7\u00e3o h\u00famida, que envolve descascar frutos secos ou leguminosas embebidas. Este processo garante uma alta efici\u00eancia de descasque enquanto minimiza os danos ao caro\u00e7o. Abaixo est\u00e3o os passos e o princ\u00edpio de funcionamento:<\/p>    <p class=\"translation-block\"><strong>Passo 1<\/strong>: As am\u00eandoas ou amendoins s\u00e3o embebidos em \u00e1gua morna para amaciar a casca vermelha exterior.<\/p>    <p class=\"translation-block\"><strong>Passo 2<\/strong>: Alimente as mat\u00e9rias-primas embebidas na cuba da m\u00e1quina de descascamento de casca de am\u00eandoa.<\/p>    <p class=\"translation-block\"><strong>Passo 3<\/strong>: As mat\u00e9rias-primas passam por uma tela de alimenta\u00e7\u00e3o para os rolos de descascamento de borracha.<\/p>    <p class=\"translation-block\"><strong>Passo 4<\/strong>: Durante a rota\u00e7\u00e3o dos rolos, o atrito remove efetivamente a casca exterior. E os gr\u00e3os e as cascas exteriores s\u00e3o automaticamente separados na descarga.<\/p>    <p class=\"translation-block\"><strong>Passo 5<\/strong>: Os gr\u00e3os brancos limpos s\u00e3o recolhidos, enquanto as cascas exteriores s\u00e3o descarregadas separadamente.<\/p>    <figure class=\"wp-block-gallery has-nested-images columns-default is-cropped wp-block-gallery-2 is-layout-flex wp-block-gallery-is-layout-flex\"> <figure class=\"wp-block-image size-large\"><img loading=\"lazy\" decoding=\"async\" width=\"540\" height=\"720\" data-id=\"900\" src=\"https:\/\/bestpeanutmachine.com\/wp-content\/uploads\/2026\/01\/inlet-of-almond-peeling-machine.webp\" alt=\"entrada da m\u00e1quina de descasque de am\u00eandoas\" class=\"wp-image-900\" srcset=\"https:\/\/bestpeanutmachine.com\/wp-content\/uploads\/2026\/01\/inlet-of-almond-peeling-machine.webp 540w, https:\/\/bestpeanutmachine.com\/wp-content\/uploads\/2026\/01\/inlet-of-almond-peeling-machine-225x300.webp 225w, https:\/\/bestpeanutmachine.com\/wp-content\/uploads\/2026\/01\/inlet-of-almond-peeling-machine-9x12.webp 9w\" sizes=\"auto, (max-width: 540px) 100vw, 540px\" \/><figcaption class=\"wp-element-caption\">entrada da m\u00e1quina de descasque de am\u00eandoas<\/figcaption><\/figure>    <figure class=\"wp-block-image size-large\"><img loading=\"lazy\" decoding=\"async\" width=\"540\" height=\"720\" data-id=\"893\" src=\"https:\/\/bestpeanutmachine.com\/wp-content\/uploads\/2026\/01\/peeling-system-of-almond-skin-peeler-machine.webp\" alt=\"Sistema de descasque da m\u00e1quina de descasque de pele de am\u00eandoa\" class=\"wp-image-893\" srcset=\"https:\/\/bestpeanutmachine.com\/wp-content\/uploads\/2026\/01\/peeling-system-of-almond-skin-peeler-machine.webp 540w, https:\/\/bestpeanutmachine.com\/wp-content\/uploads\/2026\/01\/peeling-system-of-almond-skin-peeler-machine-225x300.webp 225w, https:\/\/bestpeanutmachine.com\/wp-content\/uploads\/2026\/01\/peeling-system-of-almond-skin-peeler-machine-9x12.webp 9w\" sizes=\"auto, (max-width: 540px) 100vw, 540px\" \/><figcaption class=\"wp-element-caption\">Sistema de descasque da m\u00e1quina de descasque de pele de am\u00eandoa<\/figcaption><\/figure>    <figure class=\"wp-block-image size-large\"><img loading=\"lazy\" decoding=\"async\" width=\"540\" height=\"720\" data-id=\"892\" src=\"https:\/\/bestpeanutmachine.com\/wp-content\/uploads\/2026\/01\/outlet-of-peanut-skin-peeling-machine.webp\" alt=\"sa\u00edda da m\u00e1quina de descasque de pele de amendoim\" class=\"wp-image-892\" srcset=\"https:\/\/bestpeanutmachine.com\/wp-content\/uploads\/2026\/01\/outlet-of-peanut-skin-peeling-machine.webp 540w, https:\/\/bestpeanutmachine.com\/wp-content\/uploads\/2026\/01\/outlet-of-peanut-skin-peeling-machine-225x300.webp 225w, https:\/\/bestpeanutmachine.com\/wp-content\/uploads\/2026\/01\/outlet-of-peanut-skin-peeling-machine-9x12.webp 9w\" sizes=\"auto, (max-width: 540px) 100vw, 540px\" \/><figcaption class=\"wp-element-caption\">sa\u00edda da m\u00e1quina de descasque de pele de amendoim<\/figcaption><\/figure> <\/figure>    <h2 class=\"wp-block-heading\"><strong>Par\u00e2metros da m\u00e1quina de descasque de pele de am\u00eandoa<\/strong><\/h2>    <figure class=\"wp-block-table\"><table class=\"has-fixed-layout\"><tbody><tr><td>Modelo<\/td><td class=\"has-text-align-center\" data-align=\"center\">ST-11<\/td><td class=\"has-text-align-center\" data-align=\"center\">ST-8<\/td><\/tr><tr><td>Poder<\/td><td class=\"has-text-align-center\" data-align=\"center\">1,5 kW<\/td><td class=\"has-text-align-center\" data-align=\"center\">1,5 kW<\/td><\/tr><tr><td>Capacidade<\/td><td class=\"has-text-align-center\" data-align=\"center\">200\u2013220 kg\/h<\/td><td class=\"has-text-align-center\" data-align=\"center\">150\u2013160 kg\/h<\/td><\/tr><tr><td>Taxa de descascamento<\/td><td class=\"has-text-align-center\" data-align=\"center\">96%<\/td><td class=\"has-text-align-center\" data-align=\"center\">96%<\/td><\/tr><tr><td>Taxa de metade do caro\u00e7o<\/td><td class=\"has-text-align-center\" data-align=\"center\">\u2264 6%<\/td><td class=\"has-text-align-center\" data-align=\"center\">\u2264 6%<\/td><\/tr><tr><td>Tamanho da m\u00e1quina<\/td><td class=\"has-text-align-center\" data-align=\"center\">1100 \u00d7 760 \u00d7 1050 mm<\/td><td class=\"has-text-align-center\" data-align=\"center\">1160 \u00d7 760 \u00d7 1100 mm<\/td><\/tr><\/tbody><\/table><figcaption class=\"wp-element-caption\"> Especifica\u00e7\u00f5es da m\u00e1quina de descasque de pele de am\u00eandoa<\/figcaption><\/figure>    <p>Ao selecionar uma m\u00e1quina de descasque de am\u00eandoas, considere a sua capacidade de processamento, o tipo de mat\u00e9rias-primas a processar e o espa\u00e7o dispon\u00edvel na f\u00e1brica e a alimenta\u00e7\u00e3o el\u00e9trica.<\/p>    <p>Al\u00e9m disso, oferecemos servi\u00e7os de m\u00e1quinas personalizadas. Quer seja para alterar os materiais da m\u00e1quina ou ajustar a voltagem, podemos produzir a m\u00e1quina de acordo com as suas necessidades espec\u00edficas.<\/p>    <figure class=\"wp-block-gallery has-nested-images columns-default is-cropped wp-block-gallery-3 is-layout-flex wp-block-gallery-is-layout-flex\"> <figure class=\"wp-block-image size-large\"><img loading=\"lazy\" decoding=\"async\" width=\"540\" height=\"720\" data-id=\"894\" src=\"https:\/\/bestpeanutmachine.com\/wp-content\/uploads\/2026\/01\/almond-skin-peeling-machine.webp\" alt=\"m\u00e1quina de descasque de pele de am\u00eandoa\" class=\"wp-image-894\" srcset=\"https:\/\/bestpeanutmachine.com\/wp-content\/uploads\/2026\/01\/almond-skin-peeling-machine.webp 540w, https:\/\/bestpeanutmachine.com\/wp-content\/uploads\/2026\/01\/almond-skin-peeling-machine-225x300.webp 225w, https:\/\/bestpeanutmachine.com\/wp-content\/uploads\/2026\/01\/almond-skin-peeling-machine-9x12.webp 9w\" sizes=\"auto, (max-width: 540px) 100vw, 540px\" \/><figcaption class=\"wp-element-caption\">m\u00e1quina de descasque de pele de am\u00eandoa<\/figcaption><\/figure>    <figure class=\"wp-block-image size-large\"><img loading=\"lazy\" decoding=\"async\" width=\"540\" height=\"720\" data-id=\"895\" src=\"https:\/\/bestpeanutmachine.com\/wp-content\/uploads\/2026\/01\/almond-skin-removing-machine.webp\" alt=\"m\u00e1quina de remo\u00e7\u00e3o de pele de am\u00eandoa\" class=\"wp-image-895\" srcset=\"https:\/\/bestpeanutmachine.com\/wp-content\/uploads\/2026\/01\/almond-skin-removing-machine.webp 540w, https:\/\/bestpeanutmachine.com\/wp-content\/uploads\/2026\/01\/almond-skin-removing-machine-225x300.webp 225w, https:\/\/bestpeanutmachine.com\/wp-content\/uploads\/2026\/01\/almond-skin-removing-machine-9x12.webp 9w\" sizes=\"auto, (max-width: 540px) 100vw, 540px\" \/><figcaption class=\"wp-element-caption\">m\u00e1quina de remo\u00e7\u00e3o de pele de am\u00eandoa<\/figcaption><\/figure>    <figure class=\"wp-block-image size-large\"><img loading=\"lazy\" decoding=\"async\" width=\"540\" height=\"720\" data-id=\"896\" src=\"https:\/\/bestpeanutmachine.com\/wp-content\/uploads\/2026\/01\/peanut-skin-removingmachine.webp\" alt=\"m\u00e1quina de remo\u00e7\u00e3o de pele de amendoim\" class=\"wp-image-896\" srcset=\"https:\/\/bestpeanutmachine.com\/wp-content\/uploads\/2026\/01\/peanut-skin-removingmachine.webp 540w, https:\/\/bestpeanutmachine.com\/wp-content\/uploads\/2026\/01\/peanut-skin-removingmachine-225x300.webp 225w, https:\/\/bestpeanutmachine.com\/wp-content\/uploads\/2026\/01\/peanut-skin-removingmachine-9x12.webp 9w\" sizes=\"auto, (max-width: 540px) 100vw, 540px\" \/><figcaption class=\"wp-element-caption\">m\u00e1quina de remo\u00e7\u00e3o de pele de amendoim<\/figcaption><\/figure> <\/figure>    <h2 class=\"wp-block-heading\"><strong>Que materiais podem ser descascados pela m\u00e1quina de descasque de pele de am\u00eandoa?<\/strong><\/h2>    <p>A m\u00e1quina de descasque de pele de am\u00eandoa \u00e9 adequada para remover a pele exterior (pele vermelha ou casca do caro\u00e7o) de v\u00e1rias nozes e leguminosas ap\u00f3s embebi\u00e7\u00e3o. Pode remover eficientemente a pele exterior dos seguintes materiais:<\/p>    <ul class=\"wp-block-list\"> <li>Am\u00eandoas \u2013 remo\u00e7\u00e3o da pele exterior castanha para processamento alimentar subsequente<\/li>    <li>Amendoins \u2013 remo\u00e7\u00e3o da pele vermelha exterior (casca da semente de amendoim)<\/li>    <li>Soja \u2013 remo\u00e7\u00e3o da casca da semente de soja<\/li>    <li>Feij\u00e3o de feij\u00e3o \u2013 remo\u00e7\u00e3o da pele exterior<\/li> <\/ul>    <p>Os caro\u00e7os de am\u00eandoa s\u00e3o um ingrediente ideal para v\u00e1rias aplica\u00e7\u00f5es de processamento de alimentos. S\u00e3o amplamente utilizados na produ\u00e7\u00e3o de leite de am\u00eandoa e bebidas de am\u00eandoa, bem como em produtos de panifica\u00e7\u00e3o, como lascas de am\u00eandoa e am\u00eandoas esmagadas.<\/p>    <p>As amendoins descascados podem ser usados para fazer amendoim frito, manteiga de amendoim, bebidas de amendoim e outros produtos de snack \u00e0 base de amendoim, como doces de amendoim.<\/p>    <p>Em compara\u00e7\u00e3o com mat\u00e9rias-primas n\u00e3o descascadas, am\u00eandoas e amendoins embebidos t\u00eam um melhor sabor e textura, melhorando significativamente a efici\u00eancia do processamento downstream e removendo efetivamente b<\/p>    <h2 class=\"wp-block-heading\"><strong>Combina\u00e7\u00f5es comuns de m\u00e1quinas de frutos secos<\/strong><\/h2>    <h3 class=\"wp-block-heading\"><strong>Processo de fatiamento de am\u00eandoas:<\/strong><\/h3>    <p class=\"translation-block\">O processo de fatiamento de am\u00eandoas requer duas m\u00e1quinas: uma m\u00e1quina h\u00famida de descasque de pele de am\u00eandoa e uma <a href=\"https:\/\/bestpeanutmachine.com\/pt\/product\/almond-slicer-machine\/\">m\u00e1quina de fatiar am\u00eandoas<\/a>. O uso combinado destas duas m\u00e1quinas reduz significativamente a quebra de am\u00eandoas durante o fatiamento, melhorando a qualidade do produto e a efici\u00eancia da produ\u00e7\u00e3o.<\/p>    <figure class=\"wp-block-gallery aligncenter has-nested-images columns-default is-cropped wp-block-gallery-4 is-layout-flex wp-block-gallery-is-layout-flex\"> <figure class=\"wp-block-image size-full\"><a href=\"https:\/\/bestpeanutmachine.com\/pt\/product\/almond-slicer-machine\/\"><img loading=\"lazy\" decoding=\"async\" width=\"720\" height=\"540\" data-id=\"441\" src=\"https:\/\/bestpeanutmachine.com\/wp-content\/uploads\/2025\/09\/almond-slicing-machine.webp\" alt=\"m\u00e1quina fatiadora de am\u00eandoas\" class=\"wp-image-441\" srcset=\"https:\/\/bestpeanutmachine.com\/wp-content\/uploads\/2025\/09\/almond-slicing-machine.webp 720w, https:\/\/bestpeanutmachine.com\/wp-content\/uploads\/2025\/09\/almond-slicing-machine-300x225.webp 300w, https:\/\/bestpeanutmachine.com\/wp-content\/uploads\/2025\/09\/almond-slicing-machine-16x12.webp 16w\" sizes=\"auto, (max-width: 720px) 100vw, 720px\" \/><\/a><figcaption class=\"wp-element-caption\">m\u00e1quina fatiadora de am\u00eandoas<\/figcaption><\/figure>    <figure class=\"wp-block-image size-full\"><img loading=\"lazy\" decoding=\"async\" width=\"720\" height=\"540\" data-id=\"899\" src=\"https:\/\/bestpeanutmachine.com\/wp-content\/uploads\/2026\/01\/almond-slices.webp\" alt=\"fatias de am\u00eandoa\" class=\"wp-image-899\" srcset=\"https:\/\/bestpeanutmachine.com\/wp-content\/uploads\/2026\/01\/almond-slices.webp 720w, https:\/\/bestpeanutmachine.com\/wp-content\/uploads\/2026\/01\/almond-slices-300x225.webp 300w, https:\/\/bestpeanutmachine.com\/wp-content\/uploads\/2026\/01\/almond-slices-16x12.webp 16w\" sizes=\"auto, (max-width: 720px) 100vw, 720px\" \/><figcaption class=\"wp-element-caption\">fatias de am\u00eandoa<\/figcaption><\/figure> <\/figure>    <h3 class=\"wp-block-heading\"><strong>Produ\u00e7\u00e3o de pasta de am\u00eandoa:<\/strong><\/h3>    <p class=\"translation-block\">Este processo requer pelo menos uma m\u00e1quina de descasque de am\u00eandoas e uma <a href=\"https:\/\/bestpeanutmachine.com\/pt\/product\/peanut-butter-grinder-machine\/\">m\u00e1quina de moagem de am\u00eandoas<\/a>. Remover as peles de am\u00eandoa reduz efetivamente a amargura, resultando numa pasta de am\u00eandoa mais doce e suave.<\/p>    <p>Portanto, uma m\u00e1quina de descasque de am\u00eandoas n\u00e3o \u00e9 apenas uma m\u00e1quina de pr\u00e9-processamento simples, mas uma que pode afetar diretamente a qualidade do produto final. Se planeia investir numa linha de produ\u00e7\u00e3o de am\u00eandoas ou amendoins, a nossa equipa t\u00e9cnica fornecer-lhe-\u00e1 uma solu\u00e7\u00e3o personalizada gratuita para atender \u00e0s suas necessidades espec\u00edficas.<\/p>    <figure class=\"wp-block-gallery aligncenter has-nested-images columns-default is-cropped wp-block-gallery-5 is-layout-flex wp-block-gallery-is-layout-flex\"> <figure class=\"wp-block-image size-full\"><a href=\"https:\/\/bestpeanutmachine.com\/pt\/product\/peanut-butter-grinder-machine\/\"><img loading=\"lazy\" decoding=\"async\" width=\"720\" height=\"540\" data-id=\"828\" src=\"https:\/\/bestpeanutmachine.com\/wp-content\/uploads\/2025\/09\/commercial-peanut-butter-machine-1.webp\" alt=\"m\u00e1quina comercial de manteiga de am\u00eandoa\" class=\"wp-image-828\" srcset=\"https:\/\/bestpeanutmachine.com\/wp-content\/uploads\/2025\/09\/commercial-peanut-butter-machine-1.webp 720w, https:\/\/bestpeanutmachine.com\/wp-content\/uploads\/2025\/09\/commercial-peanut-butter-machine-1-300x225.webp 300w, https:\/\/bestpeanutmachine.com\/wp-content\/uploads\/2025\/09\/commercial-peanut-butter-machine-1-16x12.webp 16w\" sizes=\"auto, (max-width: 720px) 100vw, 720px\" \/><\/a><figcaption class=\"wp-element-caption\">m\u00e1quina comercial de manteiga de am\u00eandoa<\/figcaption><\/figure>    <figure class=\"wp-block-image size-full\"><img loading=\"lazy\" decoding=\"async\" width=\"720\" height=\"540\" data-id=\"898\" src=\"https:\/\/bestpeanutmachine.com\/wp-content\/uploads\/2026\/01\/almond-butter.webp\" alt=\"Manteiga de am\u00eandoa\" class=\"wp-image-898\" srcset=\"https:\/\/bestpeanutmachine.com\/wp-content\/uploads\/2026\/01\/almond-butter.webp 720w, https:\/\/bestpeanutmachine.com\/wp-content\/uploads\/2026\/01\/almond-butter-300x225.webp 300w, https:\/\/bestpeanutmachine.com\/wp-content\/uploads\/2026\/01\/almond-butter-16x12.webp 16w\" sizes=\"auto, (max-width: 720px) 100vw, 720px\" \/><figcaption class=\"wp-element-caption\">Manteiga de am\u00eandoa<\/figcaption><\/figure> <\/figure>    <h2 class=\"wp-block-heading\"><strong>Problemas comuns e solu\u00e7\u00f5es da m\u00e1quina de descasque de pele de am\u00eandoa<\/strong><\/h2>    <h3 class=\"wp-block-heading\"><strong>Baixa taxa de descasque da m\u00e1quina de descasque de pele de amendoim<\/strong><\/h3>    <p class=\"translation-block\"><strong>Causas poss\u00edveis:<\/strong><\/p>    <ul class=\"wp-block-list\"> <li>Tempo de embebi\u00e7\u00e3o insuficiente ou temperatura da \u00e1gua baixa.<\/li>    <li>Tamanho desigual das mat\u00e9rias-primas.<\/li>    <li>L\u00e2minas gastas ou suporte de l\u00e2mina entupido.<\/li> <\/ul>    <p class=\"translation-block\"><strong>Solu\u00e7\u00f5es:<\/strong><\/p>    <ul class=\"wp-block-list\"> <li>Aumente o tempo de embebi\u00e7\u00e3o e ajuste a temperatura da \u00e1gua.<\/li>    <li>Classifique as mat\u00e9rias-primas por tamanho.<\/li>    <li>Substitua as l\u00e2minas e limpe os rolos de borracha.<\/li> <\/ul>    <h3 class=\"wp-block-heading\"><strong>Caro\u00e7os demais na casca<\/strong><\/h3>    <p class=\"translation-block\"><strong>Causas poss\u00edveis:<\/strong> A posi\u00e7\u00e3o do rolo de descarga est\u00e1 demasiado alta.<\/p>    <p class=\"translation-block\"><strong>Solu\u00e7\u00f5es:<\/strong> Reduza a posi\u00e7\u00e3o do rolo de descarga para garantir contacto pr\u00f3ximo com o eixo de compress\u00e3o da casca<\/p>    <h3 class=\"wp-block-heading\"><strong>Residuo de casca demasiado na am\u00eandoa<\/strong><\/h3>    <p class=\"translation-block\"><strong>Causas poss\u00edveis:<\/strong> A posi\u00e7\u00e3o do rolo de descarga est\u00e1 demasiado baixa.<\/p>    <p class=\"translation-block\"><strong>Solu\u00e7\u00f5es:<\/strong> Ajuste a altura do rolo de descarga para garantir contacto adequado.<\/p>    <h3 class=\"wp-block-heading\"><strong>Alta percentagem de caro\u00e7os partidos ou metade do caro\u00e7o<\/strong><\/h3>    <p class=\"translation-block\"><strong>Causas poss\u00edveis:<\/strong><\/p>    <ul class=\"wp-block-list\"> <li>A folga do rolo de borracha \u00e9 demasiado pequena.<\/li>    <li>Mat\u00e9rias-primas embebidas por demasiado tempo.<\/li> <\/ul>    <p class=\"translation-block\"><strong>Solu\u00e7\u00f5es:<\/strong><\/p>    <ul class=\"wp-block-list\"> <li>Aumente a folga do rolo.<\/li>    <li>Controlar rigorosamente o tempo de embebi\u00e7\u00e3o.<\/li> <\/ul>    <h3 class=\"wp-block-heading\"><strong>Nozes n\u00e3o descascadas saindo da sa\u00edda<\/strong><\/h3>    <p class=\"translation-block\"><strong>Causas poss\u00edveis:<\/strong><\/p>    <ul class=\"wp-block-list\"> <li>Faixas de guia danificadas ou mal instaladas.<\/li>    <li>Tamanho desigual das mat\u00e9rias-primas.<\/li> <\/ul>    <p class=\"translation-block\"><strong>Solu\u00e7\u00f5es:<\/strong><\/p>    <ul class=\"wp-block-list\"> <li>Substituir ou ajustar as faixas de guia<\/li>    <li>Classifique as mat\u00e9rias-primas antes do descasque<\/li> <\/ul>    <p class=\"translation-block\">Para al\u00e9m das m\u00e1quinas h\u00famidas de descasque de pele de am\u00eandoa, tamb\u00e9m temos <a href=\"https:\/\/bestpeanutmachine.com\/pt\/product\/peanut-peeling-machine\/\">m\u00e1quinas de descasque a seco<\/a> adequadas para descascar frutos secos como amendoins ap\u00f3s torrefa\u00e7\u00e3o. <\/p>    <figure class=\"wp-block-gallery has-nested-images columns-default is-cropped wp-block-gallery-6 is-layout-flex wp-block-gallery-is-layout-flex\"> <figure class=\"wp-block-image size-large\"><img loading=\"lazy\" decoding=\"async\" width=\"720\" height=\"540\" data-id=\"897\" src=\"https:\/\/bestpeanutmachine.com\/wp-content\/uploads\/2026\/01\/wet-type-peanut-skin-peeling-machine.webp\" alt=\"m\u00e1quina h\u00famida de descasque de pele de amendoim\" class=\"wp-image-897\" srcset=\"https:\/\/bestpeanutmachine.com\/wp-content\/uploads\/2026\/01\/wet-type-peanut-skin-peeling-machine.webp 720w, https:\/\/bestpeanutmachine.com\/wp-content\/uploads\/2026\/01\/wet-type-peanut-skin-peeling-machine-300x225.webp 300w, https:\/\/bestpeanutmachine.com\/wp-content\/uploads\/2026\/01\/wet-type-peanut-skin-peeling-machine-16x12.webp 16w\" sizes=\"auto, (max-width: 720px) 100vw, 720px\" \/><figcaption class=\"wp-element-caption\">m\u00e1quina h\u00famida de descasque de pele de amendoim<\/figcaption><\/figure>    <figure class=\"wp-block-image size-large\"><img loading=\"lazy\" decoding=\"async\" width=\"720\" height=\"540\" data-id=\"463\" src=\"https:\/\/bestpeanutmachine.com\/wp-content\/uploads\/2022\/08\/peanut-peeling-machine-1.webp\" alt=\"m\u00e1quina de descasque de amendoim seca\" class=\"wp-image-463\" srcset=\"https:\/\/bestpeanutmachine.com\/wp-content\/uploads\/2022\/08\/peanut-peeling-machine-1.webp 720w, https:\/\/bestpeanutmachine.com\/wp-content\/uploads\/2022\/08\/peanut-peeling-machine-1-300x225.webp 300w, https:\/\/bestpeanutmachine.com\/wp-content\/uploads\/2022\/08\/peanut-peeling-machine-1-16x12.webp 16w\" sizes=\"auto, (max-width: 720px) 100vw, 720px\" \/><figcaption class=\"wp-element-caption\">m\u00e1quina de descasque de amendoim seca<\/figcaption><\/figure> <\/figure>    <p>Se n\u00e3o tiver certeza de qual m\u00e1quina \u00e9 mais adequada \u00e0s suas necessidades, n\u00e3o hesite em contactar-nos. Pode fornecer informa\u00e7\u00f5es sobre as mat\u00e9rias-primas que deseja processar e o seu uso pretendido, e n\u00f3s fornecer-lhe-emos uma solu\u00e7\u00e3o personalizada.<\/p>","protected":false},"excerpt":{"rendered":"<p>The almond peeling machine is a wet-type peeling equipment suitable for removing the skin of almonds and peanuts. It features high peeling efficiency, low kernel breakage rate, and automatic separation of the peels, which is widely used in nut beverage, fried nut, and nut butter production lines.<\/p>","protected":false},"author":1,"featured_media":901,"parent":0,"template":"","tags":[11],"product-type":[76,6],"class_list":["post-881","product","type-product","status-publish","has-post-thumbnail","hentry","tag-peanut","product-type-other-nuts-machine","product-type-product"],"_links":{"self":[{"href":"https:\/\/bestpeanutmachine.com\/pt\/wp-json\/wp\/v2\/product\/881","targetHints":{"allow":["GET"]}}],"collection":[{"href":"https:\/\/bestpeanutmachine.com\/pt\/wp-json\/wp\/v2\/product"}],"about":[{"href":"https:\/\/bestpeanutmachine.com\/pt\/wp-json\/wp\/v2\/types\/product"}],"author":[{"embeddable":true,"href":"https:\/\/bestpeanutmachine.com\/pt\/wp-json\/wp\/v2\/users\/1"}],"wp:featuredmedia":[{"embeddable":true,"href":"https:\/\/bestpeanutmachine.com\/pt\/wp-json\/wp\/v2\/media\/901"}],"wp:attachment":[{"href":"https:\/\/bestpeanutmachine.com\/pt\/wp-json\/wp\/v2\/media?parent=881"}],"wp:term":[{"taxonomy":"post_tag","embeddable":true,"href":"https:\/\/bestpeanutmachine.com\/pt\/wp-json\/wp\/v2\/tags?post=881"},{"taxonomy":"product-type","embeddable":true,"href":"https:\/\/bestpeanutmachine.com\/pt\/wp-json\/wp\/v2\/product-type?post=881"}],"curies":[{"name":"wp","href":"https:\/\/api.w.org\/{rel}","templated":true}]}}