{"id":908,"date":"2026-01-21T13:54:12","date_gmt":"2026-01-21T05:54:12","guid":{"rendered":"https:\/\/bestpeanutmachine.com\/?post_type=product&#038;p=908"},"modified":"2026-01-21T14:52:47","modified_gmt":"2026-01-21T06:52:47","slug":"nut-sorting-machine-for-almonds","status":"publish","type":"product","link":"https:\/\/bestpeanutmachine.com\/pt\/product\/nut-sorting-machine-for-almonds\/","title":{"rendered":"M\u00e1quina de classifica\u00e7\u00e3o de nozes para am\u00eandoas, avel\u00e3s e v\u00e1rias nozes"},"content":{"rendered":"<p class=\"translation-block\">A <strong>m\u00e1quina de classifica\u00e7\u00e3o de nozes<\/strong> \u00e9 usada para separar cascas de caro\u00e7os e classific\u00e1-los com precis\u00e3o em diferentes tamanhos para armazenamento, embalagem e venda padronizados. \u00c9 amplamente utilizada para classificar e separar am\u00eandoas, avel\u00e3s, amendoins e v\u00e1rias leguminosas, sendo adequada para o pr\u00e9-processamento de nozes.<\/p>    <figure class=\"wp-block-embed aligncenter is-type-video is-provider-youtube wp-block-embed-youtube wp-embed-aspect-16-9 wp-has-aspect-ratio\"><div class=\"wp-block-embed__wrapper\"> <iframe loading=\"lazy\" title=\"M\u00e1quina de classifica\u00e7\u00e3o de nozes de m\u00faltiplos n\u00edveis para am\u00eandoas, amendoim, noz Contacto:\" width=\"500\" height=\"281\" src=\"https:\/\/www.youtube.com\/embed\/mBr1bzfMWRg?feature=oembed\" frameborder=\"0\" allow=\"accelerometer; autoplay; clipboard-write; encrypted-media; gyroscope; picture-in-picture; web-share\" referrerpolicy=\"strict-origin-when-cross-origin\" allowfullscreen><\/iframe> <\/div><figcaption class=\"wp-element-caption\">v\u00eddeo de funcionamento da m\u00e1quina de classifica\u00e7\u00e3o de nozes<\/figcaption><\/figure>    <h2 class=\"wp-block-heading\"><strong>Destaques da m\u00e1quina de classifica\u00e7\u00e3o de nozes Taizy<\/strong><\/h2>    <ul class=\"wp-block-list\"> <li>A m\u00e1quina de classifica\u00e7\u00e3o de nozes oferece n\u00edveis de vibra\u00e7\u00e3o selecion\u00e1veis de 1, 2, 3, 4 ou 5, permitindo a classifica\u00e7\u00e3o em m\u00faltiplos tamanhos com base nos requisitos espec\u00edficos das nozes.<\/li>    <li>We have optimized the machine&#8217;s vibration frequency and screen structure to ensure minimal cracking and surface damage when processing nuts.<\/li>    <li>A abertura da placa de peneira \u00e9 ajust\u00e1vel de 6-10 mm, e as placas podem ser substitu\u00eddas para obter resultados de triagem ideais, dependendo do tipo de noz e dos requisitos de classifica\u00e7\u00e3o.<\/li>    <li>A estrutura de a\u00e7o carbono garante durabilidade e opera\u00e7\u00e3o est\u00e1vel em ambientes de produ\u00e7\u00e3o cont\u00ednua. Para requisitos mais elevados de material, tamb\u00e9m oferecemos op\u00e7\u00f5es personalizadas de a\u00e7o inoxid\u00e1vel 304.<\/li> <\/ul>    <h2 class=\"wp-block-heading\"><strong>Por que a m\u00e1quina de classifica\u00e7\u00e3o de nozes \u00e9 importante para o pr\u00e9-processamento de nozes?<\/strong><\/h2>    <p>Ap\u00f3s o processamento pela m\u00e1quina de classifica\u00e7\u00e3o de nozes, os materiais s\u00e3o separados em categorias de tamanho uniforme (grande, m\u00e9dio, pequeno ou mais categorias), resultando em maior valor de mercado e facilidade na fixa\u00e7\u00e3o de pre\u00e7os.<\/p>    <p>Nozes de diferentes tamanhos podem ser transportadas para diferentes m\u00e1quinas para processamento, melhorando a utiliza\u00e7\u00e3o da mat\u00e9ria-prima e reduzindo o desperd\u00edcio:<\/p>    <ul class=\"wp-block-list\"> <li>Nozes grandes \u2192 Venda direta ou embalagem premium<\/li>    <li>Nozes de tamanho m\u00e9dio \u2192 Fatiar ou torrar<\/li>    <li>Nozes pequenas \u2192 Picagem, moagem ou prepara\u00e7\u00e3o de molhos<\/li> <\/ul>    <p>As nozes classificadas tamb\u00e9m melhoram efetivamente a efici\u00eancia de embalagem. Durante a embalagem, os materiais podem fluir suavemente para m\u00e1quinas autom\u00e1ticas de pesagem, enchimento e embalagem, reduzindo erros e paragens.<\/p>    <figure class=\"wp-block-gallery has-nested-images columns-default is-cropped wp-block-gallery-2 is-layout-flex wp-block-gallery-is-layout-flex\"> <figure class=\"wp-block-image size-large\"><img loading=\"lazy\" decoding=\"async\" width=\"720\" height=\"540\" data-id=\"914\" src=\"https:\/\/bestpeanutmachine.com\/wp-content\/uploads\/2026\/01\/almonds-before-sieving.webp\" alt=\"am\u00eandoas antes da peneira\u00e7\u00e3o\" class=\"wp-image-914\" srcset=\"https:\/\/bestpeanutmachine.com\/wp-content\/uploads\/2026\/01\/almonds-before-sieving.webp 720w, https:\/\/bestpeanutmachine.com\/wp-content\/uploads\/2026\/01\/almonds-before-sieving-300x225.webp 300w, https:\/\/bestpeanutmachine.com\/wp-content\/uploads\/2026\/01\/almonds-before-sieving-16x12.webp 16w\" sizes=\"auto, (max-width: 720px) 100vw, 720px\" \/><figcaption class=\"wp-element-caption\">am\u00eandoas antes da peneira\u00e7\u00e3o<\/figcaption><\/figure>    <figure class=\"wp-block-image size-large\"><img loading=\"lazy\" decoding=\"async\" width=\"720\" height=\"540\" data-id=\"915\" src=\"https:\/\/bestpeanutmachine.com\/wp-content\/uploads\/2026\/01\/sieved-almonds.webp\" alt=\"am\u00eandoas peneiradas\" class=\"wp-image-915\" srcset=\"https:\/\/bestpeanutmachine.com\/wp-content\/uploads\/2026\/01\/sieved-almonds.webp 720w, https:\/\/bestpeanutmachine.com\/wp-content\/uploads\/2026\/01\/sieved-almonds-300x225.webp 300w, https:\/\/bestpeanutmachine.com\/wp-content\/uploads\/2026\/01\/sieved-almonds-16x12.webp 16w\" sizes=\"auto, (max-width: 720px) 100vw, 720px\" \/><figcaption class=\"wp-element-caption\">am\u00eandoas peneiradas<\/figcaption><\/figure> <\/figure>    <h2 class=\"wp-block-heading\"><strong>Modelos de m\u00e1quinas de classifica\u00e7\u00e3o de nozes e par\u00e2metros t\u00e9cnicos<\/strong><\/h2>    <h3 class=\"wp-block-heading\"><strong>Tela de classifica\u00e7\u00e3o de 1 n\u00edvel<\/strong><\/h3>    <figure class=\"wp-block-table is-style-regular\"><table class=\"has-fixed-layout\"><tbody><tr><td>Capacidade<\/td><td class=\"has-text-align-center\" data-align=\"center\">100-150 kg\/h<\/td><\/tr><tr><td>Poder<\/td><td class=\"has-text-align-center\" data-align=\"center\">0,18 kW<\/td><\/tr><tr><td>Tens\u00e3o<\/td><td class=\"has-text-align-center\" data-align=\"center\">380V \/ 50Hz<\/td><\/tr><tr><td>Material<\/td><td class=\"has-text-align-center\" data-align=\"center\">A\u00e7o carbono<\/td><\/tr><tr><td>Tamanho<\/td><td class=\"has-text-align-center\" data-align=\"center\">1,6 \u00d7 0,8 \u00d7 0,6 m<\/td><\/tr><tr><td>Peso<\/td><td class=\"has-text-align-center\" data-align=\"center\">260 kg<\/td><\/tr><\/tbody><\/table><figcaption class=\"wp-element-caption\">especifica\u00e7\u00e3o da tela de classifica\u00e7\u00e3o de 1 n\u00edvel<\/figcaption><\/figure>   <div class=\"wp-block-image\"> <figure class=\"aligncenter size-full\"><img loading=\"lazy\" decoding=\"async\" width=\"720\" height=\"540\" src=\"https:\/\/bestpeanutmachine.com\/wp-content\/uploads\/2026\/01\/1-Level-sorting-screen-nut-seiving-machine.webp\" alt=\"M\u00e1quina de peneirar nozes de tela de 1 n\u00edvel\" class=\"wp-image-916\" srcset=\"https:\/\/bestpeanutmachine.com\/wp-content\/uploads\/2026\/01\/1-Level-sorting-screen-nut-seiving-machine.webp 720w, https:\/\/bestpeanutmachine.com\/wp-content\/uploads\/2026\/01\/1-Level-sorting-screen-nut-seiving-machine-300x225.webp 300w, https:\/\/bestpeanutmachine.com\/wp-content\/uploads\/2026\/01\/1-Level-sorting-screen-nut-seiving-machine-16x12.webp 16w\" sizes=\"auto, (max-width: 720px) 100vw, 720px\" \/><figcaption class=\"wp-element-caption\">Tela de classifica\u00e7\u00e3o de 1 n\u00edvel m\u00e1quina de peneirar nozes<\/figcaption><\/figure> <\/div>   <h3 class=\"wp-block-heading\"><strong>Tela de classifica\u00e7\u00e3o de 2 n\u00edveis<\/strong><\/h3>    <figure class=\"wp-block-table\"><table class=\"has-fixed-layout\"><tbody><tr><td>Capacidade<\/td><td class=\"has-text-align-center\" data-align=\"center\">150-200 kg\/h<\/td><\/tr><tr><td>Poder<\/td><td class=\"has-text-align-center\" data-align=\"center\">1.1 kW<\/td><\/tr><tr><td>Tens\u00e3o<\/td><td class=\"has-text-align-center\" data-align=\"center\">380V \/ 50Hz<\/td><\/tr><tr><td>Material<\/td><td class=\"has-text-align-center\" data-align=\"center\">A\u00e7o carbono<\/td><\/tr><tr><td>Tamanho<\/td><td class=\"has-text-align-center\" data-align=\"center\">2,4 \u00d7 0,8 \u00d7 1,4 m<\/td><\/tr><tr><td>Peso<\/td><td class=\"has-text-align-center\" data-align=\"center\">260 kg<\/td><\/tr><\/tbody><\/table><figcaption class=\"wp-element-caption\">especifica\u00e7\u00e3o da m\u00e1quina de classifica\u00e7\u00e3o de amendoim de 2 n\u00edveis<\/figcaption><\/figure>   <div class=\"wp-block-image\"> <figure class=\"aligncenter size-full\"><img loading=\"lazy\" decoding=\"async\" width=\"720\" height=\"540\" src=\"https:\/\/bestpeanutmachine.com\/wp-content\/uploads\/2026\/01\/2-Level-sorting-screen-peanut-sorter.webp\" alt=\"Tela de classifica\u00e7\u00e3o de 2 n\u00edveis para amendoim\" class=\"wp-image-917\" srcset=\"https:\/\/bestpeanutmachine.com\/wp-content\/uploads\/2026\/01\/2-Level-sorting-screen-peanut-sorter.webp 720w, https:\/\/bestpeanutmachine.com\/wp-content\/uploads\/2026\/01\/2-Level-sorting-screen-peanut-sorter-300x225.webp 300w, https:\/\/bestpeanutmachine.com\/wp-content\/uploads\/2026\/01\/2-Level-sorting-screen-peanut-sorter-16x12.webp 16w\" sizes=\"auto, (max-width: 720px) 100vw, 720px\" \/><figcaption class=\"wp-element-caption\">Tela de classifica\u00e7\u00e3o de 2 n\u00edveis para amendoim<\/figcaption><\/figure> <\/div>   <h3 class=\"wp-block-heading\"><strong>Tela de classifica\u00e7\u00e3o de 3 n\u00edveis<\/strong><\/h3>    <figure class=\"wp-block-table\"><table class=\"has-fixed-layout\"><tbody><tr><td>Capacidade<\/td><td class=\"has-text-align-center\" data-align=\"center\">600\u2013800 kg\/h<\/td><\/tr><tr><td>Poder<\/td><td class=\"has-text-align-center\" data-align=\"center\">1.1 kW<\/td><\/tr><tr><td>Tens\u00e3o<\/td><td class=\"has-text-align-center\" data-align=\"center\">380V \/ 50Hz<\/td><\/tr><tr><td>Material<\/td><td class=\"has-text-align-center\" data-align=\"center\">A\u00e7o carbono<\/td><\/tr><tr><td>Tamanho<\/td><td class=\"has-text-align-center\" data-align=\"center\">2,4 \u00d7 0,8 \u00d7 1,6 m<\/td><\/tr><tr><td>Peso<\/td><td class=\"has-text-align-center\" data-align=\"center\">260 kg<\/td><\/tr><\/tbody><\/table><figcaption class=\"wp-element-caption\">especifica\u00e7\u00e3o da m\u00e1quina de classifica\u00e7\u00e3o de nozes de 3 n\u00edveis<\/figcaption><\/figure>   <div class=\"wp-block-image\"> <figure class=\"aligncenter size-full\"><img loading=\"lazy\" decoding=\"async\" width=\"720\" height=\"540\" src=\"https:\/\/bestpeanutmachine.com\/wp-content\/uploads\/2026\/01\/3-Level-sorting-screen-almond-grading-machine.webp\" alt=\"M\u00e1quina de classifica\u00e7\u00e3o de am\u00eandoas de 3 n\u00edveis\" class=\"wp-image-918\" srcset=\"https:\/\/bestpeanutmachine.com\/wp-content\/uploads\/2026\/01\/3-Level-sorting-screen-almond-grading-machine.webp 720w, https:\/\/bestpeanutmachine.com\/wp-content\/uploads\/2026\/01\/3-Level-sorting-screen-almond-grading-machine-300x225.webp 300w, https:\/\/bestpeanutmachine.com\/wp-content\/uploads\/2026\/01\/3-Level-sorting-screen-almond-grading-machine-16x12.webp 16w\" sizes=\"auto, (max-width: 720px) 100vw, 720px\" \/><figcaption class=\"wp-element-caption\">M\u00e1quina de classifica\u00e7\u00e3o de am\u00eandoas de 3 n\u00edveis<\/figcaption><\/figure> <\/div>   <h3 class=\"wp-block-heading\"><strong>Tela de classifica\u00e7\u00e3o de 4 n\u00edveis<\/strong><\/h3>    <figure class=\"wp-block-table\"><table class=\"has-fixed-layout\"><tbody><tr><td>Capacidade<\/td><td class=\"has-text-align-center\" data-align=\"center\">600-800 kg\/hora<\/td><\/tr><tr><td>Poder<\/td><td class=\"has-text-align-center\" data-align=\"center\">1,5 kW<\/td><\/tr><tr><td>Tens\u00e3o<\/td><td class=\"has-text-align-center\" data-align=\"center\">380V \/ 50Hz<\/td><\/tr><tr><td>Material<\/td><td class=\"has-text-align-center\" data-align=\"center\">A\u00e7o carbono<\/td><\/tr><tr><td>Tamanho<\/td><td class=\"has-text-align-center\" data-align=\"center\">2,4 \u00d7 0,8 \u00d7 1,9 m<\/td><\/tr><tr><td>Peso<\/td><td class=\"has-text-align-center\" data-align=\"center\">260 kg<\/td><\/tr><\/tbody><\/table><figcaption class=\"wp-element-caption\">especifica\u00e7\u00e3o da tela de classifica\u00e7\u00e3o de 4 n\u00edveis<\/figcaption><\/figure>   <div class=\"wp-block-image\"> <figure class=\"aligncenter size-full\"><img loading=\"lazy\" decoding=\"async\" width=\"720\" height=\"540\" src=\"https:\/\/bestpeanutmachine.com\/wp-content\/uploads\/2026\/01\/4-Level-sorting-screen-bean-grader.webp\" alt=\"Tela de classifica\u00e7\u00e3o de feij\u00e3o de 4 n\u00edveis\" class=\"wp-image-919\" srcset=\"https:\/\/bestpeanutmachine.com\/wp-content\/uploads\/2026\/01\/4-Level-sorting-screen-bean-grader.webp 720w, https:\/\/bestpeanutmachine.com\/wp-content\/uploads\/2026\/01\/4-Level-sorting-screen-bean-grader-300x225.webp 300w, https:\/\/bestpeanutmachine.com\/wp-content\/uploads\/2026\/01\/4-Level-sorting-screen-bean-grader-16x12.webp 16w\" sizes=\"auto, (max-width: 720px) 100vw, 720px\" \/><figcaption class=\"wp-element-caption\">Tela de classifica\u00e7\u00e3o de feij\u00e3o de 4 n\u00edveis<\/figcaption><\/figure> <\/div>   <h3 class=\"wp-block-heading\"><strong>Tela de classifica\u00e7\u00e3o de 5 n\u00edveis<\/strong><\/h3>    <figure class=\"wp-block-table\"><table class=\"has-fixed-layout\"><tbody><tr><td>Capacidade<\/td><td class=\"has-text-align-center\" data-align=\"center\">at\u00e9 800 kg\/h<\/td><\/tr><tr><td>Poder<\/td><td class=\"has-text-align-center\" data-align=\"center\">1,5 kW<\/td><\/tr><tr><td>Tens\u00e3o<\/td><td class=\"has-text-align-center\" data-align=\"center\">380V \/ 50Hz<\/td><\/tr><tr><td>Material<\/td><td class=\"has-text-align-center\" data-align=\"center\">A\u00e7o carbono<\/td><\/tr><tr><td>Tamanho<\/td><td class=\"has-text-align-center\" data-align=\"center\">2,4 \u00d7 0,8 \u00d7 2,2 m<\/td><\/tr><tr><td>Peso<\/td><td class=\"has-text-align-center\" data-align=\"center\">260 kg<\/td><\/tr><\/tbody><\/table><figcaption class=\"wp-element-caption\">especifica\u00e7\u00e3o da m\u00e1quina de peneirar nozes de 5 n\u00edveis<\/figcaption><\/figure>   <div class=\"wp-block-image\"> <figure class=\"aligncenter size-full\"><img loading=\"lazy\" decoding=\"async\" width=\"720\" height=\"540\" src=\"https:\/\/bestpeanutmachine.com\/wp-content\/uploads\/2026\/01\/5-Level-sorting-screen-grading-machine.webp\" alt=\"M\u00e1quina de classifica\u00e7\u00e3o de telas de 5 n\u00edveis\" class=\"wp-image-920\" srcset=\"https:\/\/bestpeanutmachine.com\/wp-content\/uploads\/2026\/01\/5-Level-sorting-screen-grading-machine.webp 720w, https:\/\/bestpeanutmachine.com\/wp-content\/uploads\/2026\/01\/5-Level-sorting-screen-grading-machine-300x225.webp 300w, https:\/\/bestpeanutmachine.com\/wp-content\/uploads\/2026\/01\/5-Level-sorting-screen-grading-machine-16x12.webp 16w\" sizes=\"auto, (max-width: 720px) 100vw, 720px\" \/><figcaption class=\"wp-element-caption\">M\u00e1quina de classifica\u00e7\u00e3o de telas de 5 n\u00edveis<\/figcaption><\/figure> <\/div>   <h2 class=\"wp-block-heading\"><strong>Como escolher a tela de classifica\u00e7\u00e3o certa para as suas nozes?<\/strong><\/h2>    <p>A escolha da configura\u00e7\u00e3o certa da m\u00e1quina de classifica\u00e7\u00e3o de nozes depende de v\u00e1rios fatores-chave, que podem ajudar a determinar inicialmente que tipo de m\u00e1quina sua f\u00e1brica precisa:<\/p>    <h3 class=\"wp-block-heading\"><strong>Tipo de noz e faixa de tamanho<\/strong><\/h3>    <ul class=\"wp-block-list\"> <li>Am\u00eandoas e caro\u00e7os de damasco geralmente requerem telas de 6-8 mm.<\/li>    <li>Nozes de avel\u00e3 e amendoins podem requerer telas de 8-10 mm.<\/li> <\/ul>    <h3 class=\"wp-block-heading\"><strong>Sa\u00edda necess\u00e1ria<\/strong><\/h3>    <ul class=\"wp-block-list\"> <li>Pequenas f\u00e1bricas de processamento s\u00f3 precisam selecionar um modelo de tela de 1-2 camadas para triagem inicial.<\/li>    <li>F\u00e1bricas m\u00e9dias a grandes: 3 ou 5 camadas de telas para aumentar a produ\u00e7\u00e3o e melhorar a qualidade do produto.<\/li> <\/ul>    <h3 class=\"wp-block-heading\"><strong>Sele\u00e7\u00e3o de material<\/strong><\/h3>    <p>O a\u00e7o-carbono \u00e9 adequado para ambientes secos e \u00e9 econ\u00f3mico. Mas, se tiver requisitos elevados de produto, recomendamos partes de contato em a\u00e7o inoxid\u00e1vel, que s\u00e3o adequadas para mercados alimentares e de exporta\u00e7\u00e3o.<\/p>    <h3 class=\"wp-block-heading\"><strong>Considera\u00e7\u00f5es de pre\u00e7o<\/strong><\/h3>    <p>Os pre\u00e7os variam dependendo do n\u00famero de camadas de tela, e componentes de a\u00e7o inoxid\u00e1vel aumentar\u00e3o significativamente os custos. Equipamentos adicionais, como elevadores, tamb\u00e9m afetar\u00e3o o investimento total.<\/p>    <p>Engenheiros da Taizy podem fornecer aconselhamento profissional com base nas suas necessidades de produ\u00e7\u00e3o reais para evitar sobreconfigura\u00e7\u00e3o ou capacidade insuficiente.<\/p>    <h2 class=\"wp-block-heading\"><strong>Por que escolher a m\u00e1quina de classifica\u00e7\u00e3o de nozes Taizy?<\/strong><\/h2>    <ol class=\"wp-block-list\"> <li>Suportamos solu\u00e7\u00f5es personalizadas, incluindo camadas de tela, tamanho da malha, material, voltagem e sistema de alimenta\u00e7\u00e3o.<\/li>    <li>A Taizy possui engenheiros experientes que fornecem orienta\u00e7\u00e3o abrangente desde a sele\u00e7\u00e3o do equipamento at\u00e9 ao layout da linha de produ\u00e7\u00e3o.<\/li>    <li>Para cada cliente, oferecemos servi\u00e7os completos de pedido e entrega, incluindo especifica\u00e7\u00f5es claras do produto, acompanhamento do progresso da produ\u00e7\u00e3o, v\u00eddeos de testes e embalagem para exporta\u00e7\u00e3o.<\/li>    <li>As m\u00e1quinas Taizy s\u00e3o fornecidas diretamente pelo fabricante, sem custos ocultos.<\/li>    <li>Com mais de uma d\u00e9cada de experi\u00eancia, acumul\u00e1mos vasta expertise em exporta\u00e7\u00e3o, e nossos produtos s\u00e3o vendidos mundialmente e amplamente elogiados.<\/li> <\/ol>    <figure class=\"wp-block-gallery has-nested-images columns-default is-cropped wp-block-gallery-3 is-layout-flex wp-block-gallery-is-layout-flex\"> <figure class=\"wp-block-image size-large\"><img loading=\"lazy\" decoding=\"async\" width=\"720\" height=\"540\" data-id=\"921\" src=\"https:\/\/bestpeanutmachine.com\/wp-content\/uploads\/2026\/01\/packaging-of-nut-sorting-machine.webp\" alt=\"embalagem da m\u00e1quina de classifica\u00e7\u00e3o de nozes\" class=\"wp-image-921\" srcset=\"https:\/\/bestpeanutmachine.com\/wp-content\/uploads\/2026\/01\/packaging-of-nut-sorting-machine.webp 720w, https:\/\/bestpeanutmachine.com\/wp-content\/uploads\/2026\/01\/packaging-of-nut-sorting-machine-300x225.webp 300w, https:\/\/bestpeanutmachine.com\/wp-content\/uploads\/2026\/01\/packaging-of-nut-sorting-machine-16x12.webp 16w\" sizes=\"auto, (max-width: 720px) 100vw, 720px\" \/><figcaption class=\"wp-element-caption\">embalagem da m\u00e1quina de classifica\u00e7\u00e3o de nozes<\/figcaption><\/figure>    <figure class=\"wp-block-image size-large\"><img loading=\"lazy\" decoding=\"async\" width=\"720\" height=\"540\" data-id=\"922\" src=\"https:\/\/bestpeanutmachine.com\/wp-content\/uploads\/2026\/01\/transportation-of-nut-sorting-machine.webp\" alt=\"transporte da m\u00e1quina de classifica\u00e7\u00e3o de nozes\" class=\"wp-image-922\" srcset=\"https:\/\/bestpeanutmachine.com\/wp-content\/uploads\/2026\/01\/transportation-of-nut-sorting-machine.webp 720w, https:\/\/bestpeanutmachine.com\/wp-content\/uploads\/2026\/01\/transportation-of-nut-sorting-machine-300x225.webp 300w, https:\/\/bestpeanutmachine.com\/wp-content\/uploads\/2026\/01\/transportation-of-nut-sorting-machine-16x12.webp 16w\" sizes=\"auto, (max-width: 720px) 100vw, 720px\" \/><figcaption class=\"wp-element-caption\">transporte da m\u00e1quina de classifica\u00e7\u00e3o de nozes<\/figcaption><\/figure> <\/figure>    <h2 class=\"wp-block-heading\"><strong>Perguntas frequentes sobre a m\u00e1quina de classifica\u00e7\u00e3o de nozes<\/strong><\/h2>   <div id=\"rank-math-faq\" class=\"rank-math-block\"> <div class=\"rank-math-list\"> <div id=\"faq-question-1768880091518\" class=\"rank-math-list-item\"> <h3 class=\"rank-math-question\">Posso alterar o tamanho da tela na mesma m\u00e1quina de classifica\u00e7\u00e3o de nozes?<\/h3> <div class=\"rank-math-answer\">  <p>Sim. As placas de peneira s\u00e3o substitu\u00edveis e podem ser personalizadas de acordo com diferentes tamanhos de nozes.<\/p>  <\/div> <\/div> <div id=\"faq-question-1768880133665\" class=\"rank-math-list-item\"> <h3 class=\"rank-math-question\">A m\u00e1quina de peneira\u00e7\u00e3o de nozes danificar\u00e1 as nozes?<\/h3> <div class=\"rank-math-answer\">  <p>N\u00e3o. A estrutura de vibra\u00e7\u00e3o \u00e9 otimizada para garantir uma taxa de quebra muito baixa.<\/p>  <\/div> <\/div> <div id=\"faq-question-1768880149562\" class=\"rank-math-list-item\"> <h3 class=\"rank-math-question\">A classificador de am\u00eandoas pode ser integrado numa linha de processamento completa?<\/h3> <div class=\"rank-math-answer\">  <p>Sim. Pode ser usado em conjunto com elevadores, m\u00e1quinas de descascamento de nozes, m\u00e1quinas de fatiar nozes e m\u00e1quinas de embalagem.<\/p>  <\/div> <\/div> <div id=\"faq-question-1768880162865\" class=\"rank-math-list-item\"> <h3 class=\"rank-math-question\">\u00c9 obrigat\u00f3rio o uso de material de a\u00e7o inoxid\u00e1vel nesta m\u00e1quina de classifica\u00e7\u00e3o de nozes?<\/h3> <div class=\"rank-math-answer\">  <p>Se padr\u00f5es rigorosos de higiene ou regulamentos de exporta\u00e7\u00e3o assim o exigirem, recomenda-se o uso de a\u00e7o inoxid\u00e1vel para partes em contacto com alimentos.<\/p>  <\/div> <\/div> <\/div> <\/div>   <p><\/p>    <p>Quer saber mais sobre os pre\u00e7os espec\u00edficos da m\u00e1quina? Por favor, entre em contato conosco e forne\u00e7a detalhes sobre os materiais que ir\u00e1 processar e os resultados desejados.<\/p>    <p>Al\u00e9m disso, a Taizy tamb\u00e9m fornece outras m\u00e1quinas de processamento de nozes:<\/p>    <ul class=\"wp-block-list\"> <li><a href=\"https:\/\/bestpeanutmachine.com\/pt\/product\/wet-type-almond-skin-peeler-machine\/\">M\u00e1quina de descascamento de pele de amendoim e am\u00eandoa<\/a><\/li>    <li><a href=\"https:\/\/bestpeanutmachine.com\/pt\/product\/almond-slicer-machine\/\">M\u00e1quina Fatiadora de Am\u00eandoas para Frutos Secos e Fatiamento de Amendoins<\/a><\/li> <\/ul>","protected":false},"excerpt":{"rendered":"<p>A high-efficiency nut sorting machine for almonds, hazelnuts, apricot kernels, peanuts, and beans. Multi-level vibrating screens ensure accurate size grading, low damage, and smooth integration into nut processing lines.<\/p>","protected":false},"author":1,"featured_media":929,"parent":0,"template":"","tags":[77,11],"product-type":[76,6],"class_list":["post-908","product","type-product","status-publish","has-post-thumbnail","hentry","tag-almond","tag-peanut","product-type-other-nuts-machine","product-type-product"],"_links":{"self":[{"href":"https:\/\/bestpeanutmachine.com\/pt\/wp-json\/wp\/v2\/product\/908","targetHints":{"allow":["GET"]}}],"collection":[{"href":"https:\/\/bestpeanutmachine.com\/pt\/wp-json\/wp\/v2\/product"}],"about":[{"href":"https:\/\/bestpeanutmachine.com\/pt\/wp-json\/wp\/v2\/types\/product"}],"author":[{"embeddable":true,"href":"https:\/\/bestpeanutmachine.com\/pt\/wp-json\/wp\/v2\/users\/1"}],"wp:featuredmedia":[{"embeddable":true,"href":"https:\/\/bestpeanutmachine.com\/pt\/wp-json\/wp\/v2\/media\/929"}],"wp:attachment":[{"href":"https:\/\/bestpeanutmachine.com\/pt\/wp-json\/wp\/v2\/media?parent=908"}],"wp:term":[{"taxonomy":"post_tag","embeddable":true,"href":"https:\/\/bestpeanutmachine.com\/pt\/wp-json\/wp\/v2\/tags?post=908"},{"taxonomy":"product-type","embeddable":true,"href":"https:\/\/bestpeanutmachine.com\/pt\/wp-json\/wp\/v2\/product-type?post=908"}],"curies":[{"name":"wp","href":"https:\/\/api.w.org\/{rel}","templated":true}]}}